{"id":69496,"date":"2023-04-05T16:36:43","date_gmt":"2023-04-05T14:36:43","guid":{"rendered":"https:\/\/fit360.ee\/pood\/uncategorized\/sodium-butyrate-90-vcaps\/"},"modified":"2025-09-02T10:45:17","modified_gmt":"2025-09-02T08:45:17","slug":"sodium-butyrate-90-vcaps","status":"publish","type":"product","link":"https:\/\/fit360.ee\/en\/pood\/product-groups\/%d0%b2%d0%b5%d0%b3%d0%b0%d0%bd\/vegan-capsules-en\/sodium-butyrate-90-vcaps\/","title":{"rendered":"Sodium Butyrate (90 vCaps)"},"content":{"rendered":"<h2><strong>Sodium Butyrate<\/strong><\/h2>\n<p>OstroVit Sodium Butyrate ehk Naatriumbut\u00fcraat on toidulisand tselluloosist <a href=\"https:\/\/fit360.ee\/en\/product-category\/product-groups\/vegan-en\/vegan-capsules-en\/\"><strong>vegan kapslites<\/strong><\/a>, mis sisaldab naatriumbut\u00fcraati enteraalsete mikrokapslite kujul. Naatriumbut\u00fcraat on ideaalne v\u00f5ihappe allikas, millel on sooleepiteeli v\u00f5i kolonots\u00fc\u00fctide energiam\u00f5ju.\u00a0OstroVit naatriumbut\u00fcraat suleti h\u00fcdroks\u00fcprop\u00fc\u00fclmet\u00fc\u00fcltselluloosi kapslitesse (HPMC) ja seej\u00e4rel mikrokapseldati, mis t\u00e4nu modifitseeritud vabanemisomadustele (naatriumbut\u00fcraat) j\u00f5uavad meie soolestikku muutumatul kujul.\u00a0Hoolitsege oma soolte eest koos OstroVit naatriumbut\u00fcraadi lisamisega.<\/p>\n<p><a href=\"https:\/\/fit360.ee\/wp-content\/uploads\/2023\/04\/Naatriumbuturaat-fit360.ee_-800x312.jpg\"><img loading=\"lazy\" decoding=\"async\" class=\"size-medium wp-image-69490\" src=\"https:\/\/fit360.ee\/wp-content\/uploads\/2023\/04\/Naatriumbuturaat-fit360.ee_-800x312.jpg\" alt=\"Naatriumbut\u00fcraat - fit360.ee\" width=\"800\" height=\"312\" srcset=\"https:\/\/fit360.ee\/wp-content\/uploads\/2023\/04\/Naatriumbuturaat-fit360.ee_-800x312.jpg 800w, https:\/\/fit360.ee\/wp-content\/uploads\/2023\/04\/Naatriumbuturaat-fit360.ee_-510x199.jpg 510w, https:\/\/fit360.ee\/wp-content\/uploads\/2023\/04\/Naatriumbuturaat-fit360.ee_-768x300.jpg 768w, https:\/\/fit360.ee\/wp-content\/uploads\/2023\/04\/Naatriumbuturaat-fit360.ee_.jpg 922w\" sizes=\"auto, (max-width: 800px) 100vw, 800px\" \/><\/a><\/p>\n<ul class=\"cm__list\">\n<li>Pakis 90 portsjonit<\/li>\n<li>600 mg naatriumbut\u00fcraati \u00fches kapslis<\/li>\n<li>Suurep\u00e4rane v\u00f5ihappe allikas<\/li>\n<li>Mikrokapseldatud tooraine<\/li>\n<li><strong>Vegan ja taimetoitlase s\u00f5bralik<\/strong><\/li>\n<li>Modifitseeritud enterokateeruv lisand<\/li>\n<\/ul>\n<p class=\"cm__heading\"><strong>Enterokatselt vabastav mikrokapseldatud naatriumbut\u00fcraat<\/strong><\/p>\n<p class=\"cm__text\">V\u00f5ihape (ka butaanhape) on orgaaniline keemiline \u00fchend karboks\u00fc\u00fclhapete r\u00fchmast.\u00a0Seda esineb looduslikult k\u00f5vades juustudes, piimas ja silos.\u00a0Kahjuks ei too meie soolte toiduga varustamine v\u00f5ihappega liiga suurejoonelisi tulemusi, sest enamasti ei j\u00f5ua meie seedes\u00fcsteemi l\u00e4bides peensoolde, kus see on meie sooleepiteeli rakkude peamine energiasubstraat.\u00a0Kahtlemata on sellel kasulik m\u00f5ju meie bakteriaalsele floorale, meie soolte seintele, aga ka meie teistele organitele ja kudedele.\u00a0Meie soolestiku bakteriaalse floora h\u00e4irete probleem on v\u00e4ga levinud d\u00fcsbioosi p\u00f5hjus, mis t\u00e4hendab kehva toitumist v\u00f5i pikka antibiootikumravi.\u00a0Meie soolestikus olevad bakterid ei suuda sel juhul toota \u00f5iget kogust v\u00f5ihapet,\u00a0mis v\u00f5ib kaasa tuua palju seedeprobleeme, mille tagaj\u00e4rjed v\u00f5ivad kaasa tuua palju t\u00f5sisemad tagaj\u00e4rjed.\u00a0OstroVit Sodium Butyrate toidulisand on h\u00e4rjasilm, et tahame hoolitseda meie soolte ja bakteriaalse mikrofloora tervise ja korraliku toimimise eest.<\/p>\n<p class=\"cm__heading\"><strong>OstroVit naatriumbut\u00fcraadis sisalduvate koostisosade omadused<\/strong>:<\/p>\n<ul class=\"cm__list\">\n<li>See on meie kolonots\u00fc\u00fctide (soolerakkude) peamine energiaallikas.<\/li>\n<li>See v\u00f5ib toetada meie bakteriaalse floora n\u00f5uetekohast toimimist<\/li>\n<li>Toidab meie organeid ja kudesid kehas<\/li>\n<li>Toetab soolte n\u00f5uetekohast toimimist<\/li>\n<li>Omab p\u00f5letikuvastast toimet<\/li>\n<li>Toetab soolestiku korralikku talitlust \u00e4rritunud soole s\u00fcndroomi (IBS) all kannatavatel inimestel<\/li>\n<\/ul>\n<p><strong>Koostisosad<\/strong>: Naatriumbut\u00fcraat enterokate mikrokapslite kujul, mikrokapsli kest (rasvhapped \u2013 taimset p\u00e4ritolu), kapsli kest (mahuaine: h\u00fcdroks\u00fcprop\u00fc\u00fclmet\u00fc\u00fcltselluloos).<\/p>\n<p><strong>Kasutamine<\/strong>: V\u00f5tke 1 portsjon (1 kapsel) kaks korda p\u00e4evas, eelistatavalt s\u00f6\u00f6gi ajal.\u00a0Joo vett.<\/p>\n<p><strong>Suurus<\/strong>: 90 vcaps &#8211; Vegan kapslit &#8211; 45 serveeringut.<\/p>\n<section class=\"projector__description--nutritional row\" data-selector=\".--nutritional\">\n<div class=\"col-12 col-md-10 col-lg-8\">\n<div class=\"--nutrit\">\n<div class=\"nutrition_table_wrapper\">\n<div class=\"table_wrapper\">\n<table>\n<tbody>\n<tr>\n<th>Aktiivsed koostisosad<\/th>\n<th>1 portsjon (1 kapsel)<\/th>\n<th>2 portsjonit (2 kapslit)<\/th>\n<\/tr>\n<tr>\n<td>Naatriumbut\u00fcraat<\/td>\n<td>600 mg<\/td>\n<td>1200 mg<\/td>\n<\/tr>\n<tr class=\"sub\">\n<td>&#8211; millest v\u00f5ihape (30%)<\/td>\n<td>180 mg<\/td>\n<td>360 mg<\/td>\n<\/tr>\n<\/tbody>\n<\/table>\n<p>Vaata ka meie teisi Vitamiine\/Mineraale <a href=\"https:\/\/fit360.ee\/en\/product-category\/product-groups\/vitamins-and-minerals-en\/\"><strong>SIIT<\/strong><\/a>!<\/p>\n<p>Soovid kaupa osta suuremas koguses? Vaata antud toodet ka meie HULGI poest\u00a0<a href=\"https:\/\/toidulisandidhulgi.ee\/product\/sodium-butyrate-90-vcaps\/\"><strong>SIIT<\/strong><\/a>!<\/p>\n<\/div>\n<\/div>\n<\/div>\n<\/div>\n<\/section>\n","protected":false},"excerpt":{"rendered":"<ul class=\"cm__list\">\n<li>Pakis 90 portsjonit<\/li>\n<li>600 mg naatriumbut\u00fcraati \u00fches kapslis<\/li>\n<li>Suurep\u00e4rane v\u00f5ihappe allikas<\/li>\n<li>Mikrokapseldatud tooraine<\/li>\n<li><strong>Vegan ja taimetoitlase s\u00f5bralik<\/strong><\/li>\n<li>Modifitseeritud enterokateeruv lisand<\/li>\n<\/ul>\n","protected":false},"featured_media":84584,"comment_status":"closed","ping_status":"closed","template":"","meta":[],"product_brand":[],"product_cat":[1329,2664,536,1201],"product_tag":[4269,1924,4270],"giftcard-category":[],"class_list":{"0":"post-69496","1":"product","2":"type-product","3":"status-publish","4":"has-post-thumbnail","6":"product_cat-ostrovit-en","7":"product_cat-vegan-capsules-en","8":"product_cat-vitamins-and-minerals-en","9":"product_cat-1201","10":"product_tag-naatriumbuturaat-en","11":"product_tag-ostrovit-en","12":"product_tag-sodium-butyrate-en","13":"pa_kogus-90-vcaps-en","14":"pa_toidulisand-branddd-ostrovit","15":"pa_tootegruppp-vcaps-vegan-kapslid-en","16":"pa_tootegruppp-vegan-en","17":"pa_tootegruppp-vitamins-and-minerals","19":"first","20":"instock","21":"sale","22":"taxable","23":"shipping-taxable","24":"purchasable","25":"product-type-simple"},"yoast_head":"<!-- This site is optimized with the Yoast SEO plugin v27.3 - https:\/\/yoast.com\/product\/yoast-seo-wordpress\/ -->\n<title>Sodium Butyrate (90 vCaps) - Naatriumbut\u00fcraat - Fit360<\/title>\n<meta name=\"description\" content=\"Sodium Butyrate ehk Naatriumbut\u00fcraat on toidulisand tselluloosist vegan kapslites, mis sisaldab naatriumbut\u00fcraati enteraalsete mikrokapslite kujul.\" \/>\n<meta name=\"robots\" content=\"index, follow, max-snippet:-1, max-image-preview:large, max-video-preview:-1\" \/>\n<link rel=\"canonical\" href=\"https:\/\/fit360.ee\/en\/pood\/product-groups\/\u0432\u0435\u0433\u0430\u043d\/vegan-capsules-en\/sodium-butyrate-90-vcaps\/\" \/>\n<meta property=\"og:locale\" content=\"en_US\" \/>\n<meta property=\"og:type\" content=\"article\" \/>\n<meta property=\"og:title\" content=\"Sodium Butyrate (90 vCaps) - Naatriumbut\u00fcraat - Fit360\" \/>\n<meta property=\"og:description\" content=\"Sodium Butyrate ehk Naatriumbut\u00fcraat on toidulisand tselluloosist vegan kapslites, mis sisaldab naatriumbut\u00fcraati enteraalsete mikrokapslite kujul.\" \/>\n<meta property=\"og:url\" content=\"https:\/\/fit360.ee\/en\/pood\/product-groups\/\u0432\u0435\u0433\u0430\u043d\/vegan-capsules-en\/sodium-butyrate-90-vcaps\/\" \/>\n<meta property=\"og:site_name\" content=\"Fit360\" \/>\n<meta property=\"article:modified_time\" content=\"2025-09-02T08:45:17+00:00\" \/>\n<meta property=\"og:image\" content=\"https:\/\/fit360.ee\/wp-content\/uploads\/2023\/04\/Sodium-butyrate-naatriumbuturaat-fit360.ee_.png\" \/>\n\t<meta property=\"og:image:width\" content=\"450\" \/>\n\t<meta property=\"og:image:height\" content=\"450\" \/>\n\t<meta property=\"og:image:type\" content=\"image\/png\" \/>\n<meta name=\"twitter:card\" content=\"summary_large_image\" \/>\n<meta name=\"twitter:label1\" content=\"Est. reading time\" \/>\n\t<meta name=\"twitter:data1\" content=\"2 minutes\" \/>\n<script type=\"application\/ld+json\" class=\"yoast-schema-graph\">{\"@context\":\"https:\\\/\\\/schema.org\",\"@graph\":[{\"@type\":\"WebPage\",\"@id\":\"https:\\\/\\\/fit360.ee\\\/en\\\/pood\\\/product-groups\\\/%d0%b2%d0%b5%d0%b3%d0%b0%d0%bd\\\/vegan-capsules-en\\\/sodium-butyrate-90-vcaps\\\/\",\"url\":\"https:\\\/\\\/fit360.ee\\\/en\\\/pood\\\/product-groups\\\/%d0%b2%d0%b5%d0%b3%d0%b0%d0%bd\\\/vegan-capsules-en\\\/sodium-butyrate-90-vcaps\\\/\",\"name\":\"Sodium Butyrate (90 vCaps) - Naatriumbut\u00fcraat - Fit360\",\"isPartOf\":{\"@id\":\"https:\\\/\\\/fit360.ee\\\/en\\\/#website\"},\"primaryImageOfPage\":{\"@id\":\"https:\\\/\\\/fit360.ee\\\/en\\\/pood\\\/product-groups\\\/%d0%b2%d0%b5%d0%b3%d0%b0%d0%bd\\\/vegan-capsules-en\\\/sodium-butyrate-90-vcaps\\\/#primaryimage\"},\"image\":{\"@id\":\"https:\\\/\\\/fit360.ee\\\/en\\\/pood\\\/product-groups\\\/%d0%b2%d0%b5%d0%b3%d0%b0%d0%bd\\\/vegan-capsules-en\\\/sodium-butyrate-90-vcaps\\\/#primaryimage\"},\"thumbnailUrl\":\"https:\\\/\\\/fit360.ee\\\/wp-content\\\/uploads\\\/2023\\\/04\\\/Sodium-butyrate-naatriumbuturaat-fit360.ee_.png\",\"datePublished\":\"2023-04-05T14:36:43+00:00\",\"dateModified\":\"2025-09-02T08:45:17+00:00\",\"description\":\"Sodium Butyrate ehk Naatriumbut\u00fcraat on toidulisand tselluloosist vegan kapslites, mis sisaldab naatriumbut\u00fcraati enteraalsete mikrokapslite kujul.\",\"breadcrumb\":{\"@id\":\"https:\\\/\\\/fit360.ee\\\/en\\\/pood\\\/product-groups\\\/%d0%b2%d0%b5%d0%b3%d0%b0%d0%bd\\\/vegan-capsules-en\\\/sodium-butyrate-90-vcaps\\\/#breadcrumb\"},\"inLanguage\":\"en-US\",\"potentialAction\":[{\"@type\":\"ReadAction\",\"target\":[\"https:\\\/\\\/fit360.ee\\\/en\\\/pood\\\/product-groups\\\/%d0%b2%d0%b5%d0%b3%d0%b0%d0%bd\\\/vegan-capsules-en\\\/sodium-butyrate-90-vcaps\\\/\"]}]},{\"@type\":\"ImageObject\",\"inLanguage\":\"en-US\",\"@id\":\"https:\\\/\\\/fit360.ee\\\/en\\\/pood\\\/product-groups\\\/%d0%b2%d0%b5%d0%b3%d0%b0%d0%bd\\\/vegan-capsules-en\\\/sodium-butyrate-90-vcaps\\\/#primaryimage\",\"url\":\"https:\\\/\\\/fit360.ee\\\/wp-content\\\/uploads\\\/2023\\\/04\\\/Sodium-butyrate-naatriumbuturaat-fit360.ee_.png\",\"contentUrl\":\"https:\\\/\\\/fit360.ee\\\/wp-content\\\/uploads\\\/2023\\\/04\\\/Sodium-butyrate-naatriumbuturaat-fit360.ee_.png\",\"width\":450,\"height\":450,\"caption\":\"Sodium butyrate naatriumbut\u00fcraat - fit360.ee\"},{\"@type\":\"BreadcrumbList\",\"@id\":\"https:\\\/\\\/fit360.ee\\\/en\\\/pood\\\/product-groups\\\/%d0%b2%d0%b5%d0%b3%d0%b0%d0%bd\\\/vegan-capsules-en\\\/sodium-butyrate-90-vcaps\\\/#breadcrumb\",\"itemListElement\":[{\"@type\":\"ListItem\",\"position\":1,\"name\":\"Home\",\"item\":\"https:\\\/\\\/fit360.ee\\\/en\\\/\"},{\"@type\":\"ListItem\",\"position\":2,\"name\":\"Shop\",\"item\":\"https:\\\/\\\/fit360.ee\\\/en\\\/shop\\\/\"},{\"@type\":\"ListItem\",\"position\":3,\"name\":\"Sodium Butyrate (90 vCaps)\"}]},{\"@type\":\"WebSite\",\"@id\":\"https:\\\/\\\/fit360.ee\\\/en\\\/#website\",\"url\":\"https:\\\/\\\/fit360.ee\\\/en\\\/\",\"name\":\"Fit360\",\"description\":\"\",\"publisher\":{\"@id\":\"https:\\\/\\\/fit360.ee\\\/en\\\/#organization\"},\"potentialAction\":[{\"@type\":\"SearchAction\",\"target\":{\"@type\":\"EntryPoint\",\"urlTemplate\":\"https:\\\/\\\/fit360.ee\\\/en\\\/?s={search_term_string}\"},\"query-input\":{\"@type\":\"PropertyValueSpecification\",\"valueRequired\":true,\"valueName\":\"search_term_string\"}}],\"inLanguage\":\"en-US\"},{\"@type\":\"Organization\",\"@id\":\"https:\\\/\\\/fit360.ee\\\/en\\\/#organization\",\"name\":\"Fit360\",\"url\":\"https:\\\/\\\/fit360.ee\\\/en\\\/\",\"logo\":{\"@type\":\"ImageObject\",\"inLanguage\":\"en-US\",\"@id\":\"https:\\\/\\\/fit360.ee\\\/en\\\/#\\\/schema\\\/logo\\\/image\\\/\",\"url\":\"https:\\\/\\\/fit360.ee\\\/wp-content\\\/uploads\\\/2017\\\/01\\\/logo-fit360.png\",\"contentUrl\":\"https:\\\/\\\/fit360.ee\\\/wp-content\\\/uploads\\\/2017\\\/01\\\/logo-fit360.png\",\"width\":180,\"height\":66,\"caption\":\"Fit360\"},\"image\":{\"@id\":\"https:\\\/\\\/fit360.ee\\\/en\\\/#\\\/schema\\\/logo\\\/image\\\/\"}}]}<\/script>\n<!-- \/ Yoast SEO plugin. -->","yoast_head_json":{"title":"Sodium Butyrate (90 vCaps) - Naatriumbut\u00fcraat - Fit360","description":"Sodium Butyrate ehk Naatriumbut\u00fcraat on toidulisand tselluloosist vegan kapslites, mis sisaldab naatriumbut\u00fcraati enteraalsete mikrokapslite kujul.","robots":{"index":"index","follow":"follow","max-snippet":"max-snippet:-1","max-image-preview":"max-image-preview:large","max-video-preview":"max-video-preview:-1"},"canonical":"https:\/\/fit360.ee\/en\/pood\/product-groups\/\u0432\u0435\u0433\u0430\u043d\/vegan-capsules-en\/sodium-butyrate-90-vcaps\/","og_locale":"en_US","og_type":"article","og_title":"Sodium Butyrate (90 vCaps) - Naatriumbut\u00fcraat - Fit360","og_description":"Sodium Butyrate ehk Naatriumbut\u00fcraat on toidulisand tselluloosist vegan kapslites, mis sisaldab naatriumbut\u00fcraati enteraalsete mikrokapslite kujul.","og_url":"https:\/\/fit360.ee\/en\/pood\/product-groups\/\u0432\u0435\u0433\u0430\u043d\/vegan-capsules-en\/sodium-butyrate-90-vcaps\/","og_site_name":"Fit360","article_modified_time":"2025-09-02T08:45:17+00:00","og_image":[{"width":450,"height":450,"url":"https:\/\/fit360.ee\/wp-content\/uploads\/2023\/04\/Sodium-butyrate-naatriumbuturaat-fit360.ee_.png","type":"image\/png"}],"twitter_card":"summary_large_image","twitter_misc":{"Est. reading time":"2 minutes"},"schema":{"@context":"https:\/\/schema.org","@graph":[{"@type":"WebPage","@id":"https:\/\/fit360.ee\/en\/pood\/product-groups\/%d0%b2%d0%b5%d0%b3%d0%b0%d0%bd\/vegan-capsules-en\/sodium-butyrate-90-vcaps\/","url":"https:\/\/fit360.ee\/en\/pood\/product-groups\/%d0%b2%d0%b5%d0%b3%d0%b0%d0%bd\/vegan-capsules-en\/sodium-butyrate-90-vcaps\/","name":"Sodium Butyrate (90 vCaps) - Naatriumbut\u00fcraat - Fit360","isPartOf":{"@id":"https:\/\/fit360.ee\/en\/#website"},"primaryImageOfPage":{"@id":"https:\/\/fit360.ee\/en\/pood\/product-groups\/%d0%b2%d0%b5%d0%b3%d0%b0%d0%bd\/vegan-capsules-en\/sodium-butyrate-90-vcaps\/#primaryimage"},"image":{"@id":"https:\/\/fit360.ee\/en\/pood\/product-groups\/%d0%b2%d0%b5%d0%b3%d0%b0%d0%bd\/vegan-capsules-en\/sodium-butyrate-90-vcaps\/#primaryimage"},"thumbnailUrl":"https:\/\/fit360.ee\/wp-content\/uploads\/2023\/04\/Sodium-butyrate-naatriumbuturaat-fit360.ee_.png","datePublished":"2023-04-05T14:36:43+00:00","dateModified":"2025-09-02T08:45:17+00:00","description":"Sodium Butyrate ehk Naatriumbut\u00fcraat on toidulisand tselluloosist vegan kapslites, mis sisaldab naatriumbut\u00fcraati enteraalsete mikrokapslite kujul.","breadcrumb":{"@id":"https:\/\/fit360.ee\/en\/pood\/product-groups\/%d0%b2%d0%b5%d0%b3%d0%b0%d0%bd\/vegan-capsules-en\/sodium-butyrate-90-vcaps\/#breadcrumb"},"inLanguage":"en-US","potentialAction":[{"@type":"ReadAction","target":["https:\/\/fit360.ee\/en\/pood\/product-groups\/%d0%b2%d0%b5%d0%b3%d0%b0%d0%bd\/vegan-capsules-en\/sodium-butyrate-90-vcaps\/"]}]},{"@type":"ImageObject","inLanguage":"en-US","@id":"https:\/\/fit360.ee\/en\/pood\/product-groups\/%d0%b2%d0%b5%d0%b3%d0%b0%d0%bd\/vegan-capsules-en\/sodium-butyrate-90-vcaps\/#primaryimage","url":"https:\/\/fit360.ee\/wp-content\/uploads\/2023\/04\/Sodium-butyrate-naatriumbuturaat-fit360.ee_.png","contentUrl":"https:\/\/fit360.ee\/wp-content\/uploads\/2023\/04\/Sodium-butyrate-naatriumbuturaat-fit360.ee_.png","width":450,"height":450,"caption":"Sodium butyrate naatriumbut\u00fcraat - fit360.ee"},{"@type":"BreadcrumbList","@id":"https:\/\/fit360.ee\/en\/pood\/product-groups\/%d0%b2%d0%b5%d0%b3%d0%b0%d0%bd\/vegan-capsules-en\/sodium-butyrate-90-vcaps\/#breadcrumb","itemListElement":[{"@type":"ListItem","position":1,"name":"Home","item":"https:\/\/fit360.ee\/en\/"},{"@type":"ListItem","position":2,"name":"Shop","item":"https:\/\/fit360.ee\/en\/shop\/"},{"@type":"ListItem","position":3,"name":"Sodium Butyrate (90 vCaps)"}]},{"@type":"WebSite","@id":"https:\/\/fit360.ee\/en\/#website","url":"https:\/\/fit360.ee\/en\/","name":"Fit360","description":"","publisher":{"@id":"https:\/\/fit360.ee\/en\/#organization"},"potentialAction":[{"@type":"SearchAction","target":{"@type":"EntryPoint","urlTemplate":"https:\/\/fit360.ee\/en\/?s={search_term_string}"},"query-input":{"@type":"PropertyValueSpecification","valueRequired":true,"valueName":"search_term_string"}}],"inLanguage":"en-US"},{"@type":"Organization","@id":"https:\/\/fit360.ee\/en\/#organization","name":"Fit360","url":"https:\/\/fit360.ee\/en\/","logo":{"@type":"ImageObject","inLanguage":"en-US","@id":"https:\/\/fit360.ee\/en\/#\/schema\/logo\/image\/","url":"https:\/\/fit360.ee\/wp-content\/uploads\/2017\/01\/logo-fit360.png","contentUrl":"https:\/\/fit360.ee\/wp-content\/uploads\/2017\/01\/logo-fit360.png","width":180,"height":66,"caption":"Fit360"},"image":{"@id":"https:\/\/fit360.ee\/en\/#\/schema\/logo\/image\/"}}]}},"_links":{"self":[{"href":"https:\/\/fit360.ee\/en\/wp-json\/wp\/v2\/product\/69496","targetHints":{"allow":["GET"]}}],"collection":[{"href":"https:\/\/fit360.ee\/en\/wp-json\/wp\/v2\/product"}],"about":[{"href":"https:\/\/fit360.ee\/en\/wp-json\/wp\/v2\/types\/product"}],"replies":[{"embeddable":true,"href":"https:\/\/fit360.ee\/en\/wp-json\/wp\/v2\/comments?post=69496"}],"wp:featuredmedia":[{"embeddable":true,"href":"https:\/\/fit360.ee\/en\/wp-json\/wp\/v2\/media\/84584"}],"wp:attachment":[{"href":"https:\/\/fit360.ee\/en\/wp-json\/wp\/v2\/media?parent=69496"}],"wp:term":[{"taxonomy":"product_brand","embeddable":true,"href":"https:\/\/fit360.ee\/en\/wp-json\/wp\/v2\/product_brand?post=69496"},{"taxonomy":"product_cat","embeddable":true,"href":"https:\/\/fit360.ee\/en\/wp-json\/wp\/v2\/product_cat?post=69496"},{"taxonomy":"product_tag","embeddable":true,"href":"https:\/\/fit360.ee\/en\/wp-json\/wp\/v2\/product_tag?post=69496"},{"taxonomy":"giftcard-category","embeddable":true,"href":"https:\/\/fit360.ee\/en\/wp-json\/wp\/v2\/giftcard-category?post=69496"}],"curies":[{"name":"wp","href":"https:\/\/api.w.org\/{rel}","templated":true}]}}