{"id":69505,"date":"2023-04-05T17:12:59","date_gmt":"2023-04-05T15:12:59","guid":{"rendered":"https:\/\/fit360.ee\/pood\/uncategorized\/bison-beard-60caps\/"},"modified":"2025-12-19T12:19:22","modified_gmt":"2025-12-19T10:19:22","slug":"bison-beard-60caps","status":"publish","type":"product","link":"https:\/\/fit360.ee\/en\/pood\/product-groups\/superfoods-health-foods-en\/msm-en\/bison-beard-60caps\/","title":{"rendered":"Bison Beard (60caps)"},"content":{"rendered":"<h2><strong>Bison Beard<\/strong><\/h2>\n<p>OstroVit Pharma Bison Beard on k\u00f5rgeima kvaliteediga toidulisand HPMC kapslites, mis sisaldab spetsiaalselt valitud koostisosade kompleksi, sealhulgas vitamiine, mineraale ja taimeekstrakte, mis toetavad n\u00e4okarvade kasvu, suurendavad juuksefolliikulite regeneratiivset efektiivsust ja aitavad s\u00e4ilitada terveid juukseid ja nahka. OstroVit Pharma on sari, mis seab esikohale tooraine kvaliteedi, tootmise farmaatsiahoolsuse ja k\u00f5ik komponendid, t\u00e4nu millele toidulisand luuakse.\u00a0OstroVit Pharma on absoluutselt eliitne toidulisand tarbijatele, kes teavad, mis on nende jaoks k\u00f5ige olulisem.<\/p>\n<p><a href=\"https:\/\/fit360.ee\/wp-content\/uploads\/2023\/04\/bison-beard-fit360.ee-1-800x312.jpg\"><img loading=\"lazy\" decoding=\"async\" class=\"size-medium wp-image-69499\" src=\"https:\/\/fit360.ee\/wp-content\/uploads\/2023\/04\/bison-beard-fit360.ee-1-800x312.jpg\" alt=\"bison beard - fit360.ee\" width=\"800\" height=\"312\" srcset=\"https:\/\/fit360.ee\/wp-content\/uploads\/2023\/04\/bison-beard-fit360.ee-1-800x312.jpg 800w, https:\/\/fit360.ee\/wp-content\/uploads\/2023\/04\/bison-beard-fit360.ee-1-510x199.jpg 510w, https:\/\/fit360.ee\/wp-content\/uploads\/2023\/04\/bison-beard-fit360.ee-1-768x300.jpg 768w, https:\/\/fit360.ee\/wp-content\/uploads\/2023\/04\/bison-beard-fit360.ee-1.jpg 922w\" sizes=\"auto, (max-width: 800px) 100vw, 800px\" \/><\/a><\/p>\n<section class=\"cm__section\">\n<ul class=\"cm__list\">\n<li>11 toimeainet<\/li>\n<li>60 kapslit pakendis<\/li>\n<li>Tooraine ja toodangu k\u00f5rgeim kvaliteet<\/li>\n<li>Tume klaaspudel kapslitega<\/li>\n<li>Tootest piisab kuuks ajaks<\/li>\n<li>Olulised koostisosad teie unistuste juuste ja habeme kasvu jaoks<\/li>\n<\/ul>\n<p class=\"cm__heading\"><strong>OstroVit Pharma Bison Beard \u2013 p\u00fchvlihabe teie k\u00e4eulatuses!<\/strong><\/p>\n<p class=\"cm__text\">OstroVit Pharma Bison Beard on toidulisand, mis on v\u00e4lja t\u00f6\u00f6tatud koost\u00f6\u00f6s juuksurit\u00f6\u00f6stuse ja tehnoloogilise keskkonna spetsialistidega, kes teavad k\u00f5ige paremini, millised koostisosad ja \u00fchendid on vajalikud meie toidulaual, et saavutada terve, paksu ja tugevate juustega rahuldav tulemus. Allpool on toodud koostisosad, mis viivad ellu Sinu unistused ja t\u00f5mbavad v\u00e4limusega t\u00e4helepanu.<\/p>\n<p class=\"cm__text\"><strong>L-ts\u00fcsteiin-HCL<\/strong>\u00a0&#8211; see on valk, endogeenne v\u00e4\u00e4velaminohape (koos homots\u00fcsteiini ja metioniiniga moodustab v\u00e4\u00e4vli aminohapete r\u00fchma), mida leidub keratiinis, mis on juuste, naha ja k\u00fc\u00fcnte p\u00f5hikomponent.<\/p>\n<p class=\"cm__text\"><strong>L-metioniin<\/strong>\u00a0\u2013 on eksogeenne aminohape (inimkeha ei suuda seda ise toota), v\u00e4\u00e4velhape.\u00a0Metioniin on hape, mis k\u00e4ivitab valkude, ts\u00fcsteiini, kreatiniini ja karnitiini bios\u00fcnteesi.\u00a0Toidulisandit soovitatakse kasutada juuste v\u00e4ljalangemise ja v\u00e4ljalangemisega seotud haiguste ravimisel.<\/p>\n<p class=\"cm__text\"><strong>Saw palmetto vilja ekstrakt<\/strong>\u00a0\u2013 v\u00f5ib reguleerida rasueritust (rasu) ja aidata kaasa meie naha paranemisele, v\u00e4hendades aknet, tedret\u00e4hne ja muid nahamuutusi.\u00a0Saw palmetto v\u00f5ib aidata kaasa kuseteede n\u00f5uetekohasele toimimisele ja samuti m\u00f5jutada positiivselt v\u00f5itlust eesn\u00e4\u00e4rme h\u00fcperplaasia vastu.\u00a0Imetaim v\u00f5ib aidata v\u00e4hendada ka juuste v\u00e4ljalangemist, mis on keskealistele meestele tavaline ebameeldivus.<\/p>\n<p class=\"cm__text\"><strong>Korte maapealsetest osadest ekstrakt (sh r\u00e4nidioksiid 7%)<\/strong>\u00a0&#8211; Korte on \u00fcks vanemaid taimi maailmas.\u00a0Tuntud eelk\u00f5ige preparaatide poolest, millel on kasulik m\u00f5ju meie nahale, juustele ja k\u00fc\u00fcntele.\u00a0See sisaldab v\u00e4\u00e4rtuslikke pol\u00fcfenoolseid koostisosi ja orgaanilisi happeid.\u00a0Taime kasutatakse sageli kuseteede probleemide korral, nagu teised taimed, on diureetilise toimega, alandab verer\u00f5hku.\u00a0Selle tugevdavad omadused v\u00f5lgnevad suurele annusele r\u00e4ni.\u00a0Taastab suurep\u00e4raselt nahka, juukseid ja k\u00fc\u00fcsi.<\/p>\n<p class=\"cm__text\"><a href=\"https:\/\/fit360.ee\/en\/product-category\/product-groups\/superfoods-health-foods-en\/msm-en\/\"><strong>Met\u00fc\u00fclsulfon\u00fc\u00fclmetaan MSM<\/strong><\/a>\u00a0\u2013 ehk met\u00fc\u00fclsulfon\u00fc\u00fclmetaan on orgaaniline v\u00e4\u00e4vli\u00fchend.\u00a0Nagu gl\u00fckoosamiini, soovitatakse seda sageli liigeseprobleemide korral.\u00a0Lisaks osaleb v\u00e4\u00e4vel ka kollageeni ja keratiini s\u00fcnteesis.\u00a0Need ained on vajalikud tugevate ja tervete juuste, naha ja k\u00fc\u00fcnte s\u00e4ilitamiseks.<\/p>\n<p class=\"cm__text\"><strong>Pantoteenhape (vitamiin B5)<\/strong>\u00a0\u2013 Pantoteenhape aitab kaasa normaalse energiavahetuse s\u00e4ilitamisele, samuti steroidhormoonide, D-vitamiini ja m\u00f5nede neurotransmitterite \u00f5igele s\u00fcnteesile ja ainevahetusele.\u00a0Lisaks aitab see kaasa v\u00e4simuse ja kurnatuse v\u00e4hendamisele ning aitab hoida vaimset j\u00f5udlust \u00f5igel tasemel.<\/p>\n<p class=\"cm__text\"><a href=\"https:\/\/fit360.ee\/en\/product-category\/product-groups\/vitamins-and-minerals-en\/biotin-en\/\"><strong>Biotiin (vitamiin B7)<\/strong><\/a>\u00a0\u2013 aitab kaasa \u00f5ige energiavahetuse s\u00e4ilitamisele, aitab kaasa n\u00e4rvis\u00fcsteemi \u00f5igele talitlusele.\u00a0Lisaks aitab see kaasa makrotoitainete \u00f5ige metabolismi s\u00e4ilitamisele.\u00a0Biotiin aitab s\u00e4ilitada tervet nahka ja juukseid ning aitab s\u00e4ilitada limaskestade \u00f5iget seisundit.<\/p>\n<p class=\"cm__text\"><a href=\"https:\/\/fit360.ee\/en\/product-category\/product-groups\/vitamins-and-minerals-en\/zinc-en\/\"><strong>Tsink<\/strong><\/a>\u00a0\u2013 orgaanilise ja h\u00e4sti imenduva tsinkpikolinaadi n\u00e4ol on see ilmselt \u00fcks peamisi mineraale, mis aitab parandada meie immuuns\u00fcsteemi talitlust.\u00a0Tsink osaleb immuunantikehade moodustamises ning selle puudus suurendab p\u00f5letikumarkerite taseme t\u00f5usu ohtu, mist\u00f5ttu on selle optimaalne tase meie organismis nii oluline.\u00a0Puudus aitab kaasa immuunh\u00e4iretele ja juuste v\u00e4ljalangemisele.<\/p>\n<p class=\"cm__text\"><a href=\"https:\/\/fit360.ee\/en\/product-category\/product-groups\/vitamins-and-minerals-en\/c-vitamin-en\/\"><strong>C-vitamiin<\/strong><\/a>\u00a0aitab kaasa kollageeni \u00f5igele tootmisele, et tagada veresoonte, luude, k\u00f5hrede, igemete, naha ja hammaste n\u00f5uetekohane toimimine.\u00a0Lisaks aitab see kaasa \u00f5ige energiavahetuse s\u00e4ilitamisele ning lisaks aitab kaasa n\u00e4rvi- ja immuuns\u00fcsteemi korralikule talitlusele.<\/p>\n<p class=\"cm__text\"><a href=\"https:\/\/fit360.ee\/en\/product-category\/product-groups\/vitamins-and-minerals-en\/e-vitamin-en\/\"><strong>E-vitamiin<\/strong><\/a>\u00a0\u2013 on v\u00f5imas antioks\u00fcdant, mis aitab kaitsta rakke oks\u00fcdatiivse stressi ja vabade radikaalide p\u00f5hjustatud rakukahjustuste eest.<\/p>\n<p class=\"cm__text\"><strong>A-vitamiin<\/strong>\u00a0&#8211; on keemiliste \u00fchendite r\u00fchm, mille struktuur on v\u00e4ga sarnane.\u00a0Retinool, retinaldeh\u00fc\u00fcd, retinoehape v\u00f5i provitamiinid nagu beeta-, alfa- v\u00f5i gammakaroteen.\u00a0A-vitamiin parandab meie naha, n\u00e4gemise ja immuuns\u00fcsteemi seisundit.<\/p>\n<p class=\"cm__heading\"><strong>OstroVit Bison Beardis sisalduvate koostisosade omadused<\/strong>:<\/p>\n<ul class=\"cm__list\">\n<li>Nad toetavad tervete juuste, k\u00fc\u00fcnte ja naha s\u00e4ilimist<\/li>\n<li>Need toetavad juuksefolliikulite vajalikku taastumist<\/li>\n<li>Nad hoiavad \u00e4ra juuste enneaegse v\u00e4ljalangemise ja tugevdavad neid, parandades nende struktuuri<\/li>\n<li>Need parandavad oluliselt nahka, juukseid ja k\u00fc\u00fcsi, andes neile erakordselt terve v\u00e4limuse<\/li>\n<li>Need sisaldavad oluliste vitamiinide, mineraalide ja taimeekstraktide kompleksi, mis toetavad n\u00e4okarvade kasvu<\/li>\n<\/ul>\n<p><strong>HOIATUS!\u00a0T\u00e4nu suurele L-metioniini ja L-ts\u00fcsteiini sisaldusele on tootel loomulik, spetsiifiline aroom.\u00a0See on tooraine loomulik omadus.<\/strong><\/p>\n<\/section>\n<section class=\"cm__section\">\n<p class=\"cm__heading\"><strong>Laboratoorselt t\u00f5estatud kvaliteet<\/strong><\/p>\n<p class=\"cm__text --bold\">Klientide tervise huvides testitakse meie toodetud tooteid regulaarselt s\u00f5ltumatus akrediteeritud laboris, et tagada ja s\u00e4ilitada k\u00f5rgeim kvaliteet.<\/p>\n<p><strong>Koostisosad<\/strong>: Met\u00fc\u00fclsulfon\u00fc\u00fclmetaan MSM, L-metioniin, kapsli kest (t\u00e4iteaine: h\u00fcdroks\u00fcprop\u00fc\u00fclmet\u00fc\u00fcltselluloos), L-ts\u00fcsteiin HCL, pantoteenhape (kaltsium-D-pantotenaat), jahvatatud korteekstrakt (7% r\u00e4nidioksiid), C-vitamiin (L-askorbiinhape), saag Palmetto puuviljaekstrakt, tsink (tsinkpikolinaat), vitamiin E (DL-alfa tokofer\u00fc\u00fclatsetaat), vitamiin A (retin\u00fc\u00fclatsetaat), biotiin (D-biotiin).<\/p>\n<p><strong>Kasutamine<\/strong>: Tarbi 1 portsjon (2 kapslit) p\u00e4evas, eelistatavalt koos toiduga.\u00a0Preparaat on m\u00f5eldud t\u00e4iskasvanutele.<\/p>\n<p><strong>Suurus<\/strong>: 60 kapslit &#8211; 30 serveeringut.<\/p>\n<table>\n<tbody>\n<tr>\n<th>Aktiivsed koostisosad<\/th>\n<th>portsjoni kohta<\/th>\n<th>% SPK*<\/th>\n<\/tr>\n<tr>\n<td>Met\u00fc\u00fclsulfon\u00fc\u00fclmetaan MSM<\/td>\n<td>300 mg<\/td>\n<td>&#8211;<\/td>\n<\/tr>\n<tr>\n<td>L-metioniin<\/td>\n<td>250 mg<\/td>\n<td>&#8211;<\/td>\n<\/tr>\n<tr>\n<td>L-ts\u00fcsteiini HCL<\/td>\n<td>200 mg<\/td>\n<td>&#8211;<\/td>\n<\/tr>\n<tr>\n<td>Pantoteenhape (kaltsium-D-pantotenaat)<\/td>\n<td>150 mg<\/td>\n<td>2500<\/td>\n<\/tr>\n<tr>\n<td>Horsetail jahvatatud ekstrakt (7% r\u00e4nidioksiid)<\/td>\n<td>150 mg<\/td>\n<td>&#8211;<\/td>\n<\/tr>\n<tr>\n<td>C-vitamiin (L-askorbiinhape)<\/td>\n<td>80 mg<\/td>\n<td>100<\/td>\n<\/tr>\n<tr>\n<td>Saw palmetto puuvilja ekstrakt<\/td>\n<td>75 mg<\/td>\n<td>\u00a0&#8211;<\/td>\n<\/tr>\n<tr>\n<td>Tsink (tsinkpikolinaat)<\/td>\n<td>15 mg<\/td>\n<td>150<\/td>\n<\/tr>\n<tr>\n<td>E-vitamiin (DL-alfa-tokofer\u00fc\u00fclatsetaat)<\/td>\n<td>12 mg<\/td>\n<td>100<\/td>\n<\/tr>\n<tr>\n<td>A-vitamiin (retin\u00fc\u00fclatsetaat)<\/td>\n<td>800 \u00b5g<\/td>\n<td>100<\/td>\n<\/tr>\n<tr>\n<td>Biotiin (D-biotiin)<\/td>\n<td>2500 \u00b5g<\/td>\n<td>5000<\/td>\n<\/tr>\n<\/tbody>\n<\/table>\n<p>*SPK &#8211; Soovitatud P\u00e4evane Kogus<\/p>\n<p>Vaata ka meie Teisi Vitamiine\/Mineraale <a href=\"https:\/\/fit360.ee\/en\/product-category\/product-groups\/vitamins-and-minerals-en\/\"><strong>SIIT<\/strong><\/a> v\u00f5i Biotiini sisldavaid tooteid <a href=\"https:\/\/fit360.ee\/en\/product-category\/product-groups\/vitamins-and-minerals-en\/biotin-en\/\"><strong>SIIT<\/strong><\/a>!<\/p>\n<\/section>\n","protected":false},"excerpt":{"rendered":"<ul class=\"cm__list\">\n<li>Toetavad tervete juuste, k\u00fc\u00fcnte ja naha s\u00e4ilimist<\/li>\n<li>Toetavad juuksefolliikulite vajalikku taastumist<\/li>\n<li>Hoiavad \u00e4ra juuste enneaegse v\u00e4ljalangemise ja tugevdavad neid, parandades nende struktuuri<\/li>\n<li>Parandavad oluliselt nahka, juukseid ja k\u00fc\u00fcsi, andes neile erakordselt terve v\u00e4limuse<\/li>\n<li>Sisaldavad oluliste vitamiinide, mineraalide ja taimeekstraktide kompleksi, mis toetavad n\u00e4okarvade kasvu<\/li>\n<\/ul>\n","protected":false},"featured_media":69502,"comment_status":"closed","ping_status":"closed","template":"","meta":[],"product_brand":[],"product_cat":[2251,2255,1911,2283,2342,1329,2664,536,2275,1201],"product_tag":[4273,1924,4274],"giftcard-category":[],"class_list":{"0":"post-69505","1":"product","2":"type-product","3":"status-publish","4":"has-post-thumbnail","6":"product_cat-b-vitamin-en","7":"product_cat-biotin-en","8":"product_cat-c-vitamin-en","9":"product_cat-e-vitamin-en","10":"product_cat-msm-en","11":"product_cat-ostrovit-en","12":"product_cat-vegan-capsules-en","13":"product_cat-vitamins-and-minerals-en","14":"product_cat-zinc-en","15":"product_cat-1201","16":"product_tag-bison-beard-en","17":"product_tag-ostrovit-en","18":"product_tag-puhvlihabe-en","19":"pa_kogus-60-vcaps-en","20":"pa_toidulisand-branddd-ostrovit","21":"pa_tootegruppp-b-vitamiin-en","22":"pa_tootegruppp-biotiin-en","23":"pa_tootegruppp-c-vitamiin-en","24":"pa_tootegruppp-e-vitamiin-en","25":"pa_tootegruppp-msm-en","26":"pa_tootegruppp-tsink-en","27":"pa_tootegruppp-vcaps-vegan-kapslid-en","28":"pa_tootegruppp-vegan-en","29":"pa_tootegruppp-vitamins-and-minerals","31":"first","32":"instock","33":"sale","34":"taxable","35":"shipping-taxable","36":"purchasable","37":"product-type-simple"},"yoast_head":"<!-- This site is optimized with the Yoast SEO plugin v27.3 - https:\/\/yoast.com\/product\/yoast-seo-wordpress\/ -->\n<title>Bison Beard (60caps) - Soodustab rohket karvakasvu - Fit360<\/title>\n<meta name=\"description\" content=\"Bison Beard on k\u00f5rgeima kvaliteedigamis sisaldab vitamiine, mineraale ja taimeekstrakte, mis toetavad n\u00e4okarvade kasvu, suurendavad juuksefolliikulite re...\" \/>\n<meta name=\"robots\" content=\"index, follow, max-snippet:-1, max-image-preview:large, max-video-preview:-1\" \/>\n<link rel=\"canonical\" href=\"https:\/\/fit360.ee\/en\/pood\/product-groups\/superfoods-health-foods-en\/msm-en\/bison-beard-60caps\/\" \/>\n<meta property=\"og:locale\" content=\"en_US\" \/>\n<meta property=\"og:type\" content=\"article\" \/>\n<meta property=\"og:title\" content=\"Bison Beard (60caps) - Soodustab rohket karvakasvu - Fit360\" \/>\n<meta property=\"og:description\" content=\"Bison Beard on k\u00f5rgeima kvaliteedigamis sisaldab vitamiine, mineraale ja taimeekstrakte, mis toetavad n\u00e4okarvade kasvu, suurendavad juuksefolliikulite re...\" \/>\n<meta property=\"og:url\" content=\"https:\/\/fit360.ee\/en\/pood\/product-groups\/superfoods-health-foods-en\/msm-en\/bison-beard-60caps\/\" \/>\n<meta property=\"og:site_name\" content=\"Fit360\" \/>\n<meta property=\"article:modified_time\" content=\"2025-12-19T10:19:22+00:00\" \/>\n<meta property=\"og:image\" content=\"https:\/\/fit360.ee\/wp-content\/uploads\/2023\/04\/bison-beard-ostrovit-fit360.ee-1.png\" \/>\n\t<meta property=\"og:image:width\" content=\"450\" \/>\n\t<meta property=\"og:image:height\" content=\"450\" \/>\n\t<meta property=\"og:image:type\" content=\"image\/png\" \/>\n<meta name=\"twitter:card\" content=\"summary_large_image\" \/>\n<meta name=\"twitter:label1\" content=\"Est. reading time\" \/>\n\t<meta name=\"twitter:data1\" content=\"5 minutes\" \/>\n<script type=\"application\/ld+json\" class=\"yoast-schema-graph\">{\"@context\":\"https:\\\/\\\/schema.org\",\"@graph\":[{\"@type\":\"WebPage\",\"@id\":\"https:\\\/\\\/fit360.ee\\\/en\\\/pood\\\/product-groups\\\/superfoods-health-foods-en\\\/msm-en\\\/bison-beard-60caps\\\/\",\"url\":\"https:\\\/\\\/fit360.ee\\\/en\\\/pood\\\/product-groups\\\/superfoods-health-foods-en\\\/msm-en\\\/bison-beard-60caps\\\/\",\"name\":\"Bison Beard (60caps) - Soodustab rohket karvakasvu - Fit360\",\"isPartOf\":{\"@id\":\"https:\\\/\\\/fit360.ee\\\/en\\\/#website\"},\"primaryImageOfPage\":{\"@id\":\"https:\\\/\\\/fit360.ee\\\/en\\\/pood\\\/product-groups\\\/superfoods-health-foods-en\\\/msm-en\\\/bison-beard-60caps\\\/#primaryimage\"},\"image\":{\"@id\":\"https:\\\/\\\/fit360.ee\\\/en\\\/pood\\\/product-groups\\\/superfoods-health-foods-en\\\/msm-en\\\/bison-beard-60caps\\\/#primaryimage\"},\"thumbnailUrl\":\"https:\\\/\\\/fit360.ee\\\/wp-content\\\/uploads\\\/2023\\\/04\\\/bison-beard-ostrovit-fit360.ee-1.png\",\"datePublished\":\"2023-04-05T15:12:59+00:00\",\"dateModified\":\"2025-12-19T10:19:22+00:00\",\"description\":\"Bison Beard on k\u00f5rgeima kvaliteedigamis sisaldab vitamiine, mineraale ja taimeekstrakte, mis toetavad n\u00e4okarvade kasvu, suurendavad juuksefolliikulite re...\",\"breadcrumb\":{\"@id\":\"https:\\\/\\\/fit360.ee\\\/en\\\/pood\\\/product-groups\\\/superfoods-health-foods-en\\\/msm-en\\\/bison-beard-60caps\\\/#breadcrumb\"},\"inLanguage\":\"en-US\",\"potentialAction\":[{\"@type\":\"ReadAction\",\"target\":[\"https:\\\/\\\/fit360.ee\\\/en\\\/pood\\\/product-groups\\\/superfoods-health-foods-en\\\/msm-en\\\/bison-beard-60caps\\\/\"]}]},{\"@type\":\"ImageObject\",\"inLanguage\":\"en-US\",\"@id\":\"https:\\\/\\\/fit360.ee\\\/en\\\/pood\\\/product-groups\\\/superfoods-health-foods-en\\\/msm-en\\\/bison-beard-60caps\\\/#primaryimage\",\"url\":\"https:\\\/\\\/fit360.ee\\\/wp-content\\\/uploads\\\/2023\\\/04\\\/bison-beard-ostrovit-fit360.ee-1.png\",\"contentUrl\":\"https:\\\/\\\/fit360.ee\\\/wp-content\\\/uploads\\\/2023\\\/04\\\/bison-beard-ostrovit-fit360.ee-1.png\",\"width\":450,\"height\":450,\"caption\":\"bison beard ostrovit -fit360.ee\"},{\"@type\":\"BreadcrumbList\",\"@id\":\"https:\\\/\\\/fit360.ee\\\/en\\\/pood\\\/product-groups\\\/superfoods-health-foods-en\\\/msm-en\\\/bison-beard-60caps\\\/#breadcrumb\",\"itemListElement\":[{\"@type\":\"ListItem\",\"position\":1,\"name\":\"Home\",\"item\":\"https:\\\/\\\/fit360.ee\\\/en\\\/\"},{\"@type\":\"ListItem\",\"position\":2,\"name\":\"Shop\",\"item\":\"https:\\\/\\\/fit360.ee\\\/en\\\/shop\\\/\"},{\"@type\":\"ListItem\",\"position\":3,\"name\":\"Bison Beard (60caps)\"}]},{\"@type\":\"WebSite\",\"@id\":\"https:\\\/\\\/fit360.ee\\\/en\\\/#website\",\"url\":\"https:\\\/\\\/fit360.ee\\\/en\\\/\",\"name\":\"Fit360\",\"description\":\"\",\"publisher\":{\"@id\":\"https:\\\/\\\/fit360.ee\\\/en\\\/#organization\"},\"potentialAction\":[{\"@type\":\"SearchAction\",\"target\":{\"@type\":\"EntryPoint\",\"urlTemplate\":\"https:\\\/\\\/fit360.ee\\\/en\\\/?s={search_term_string}\"},\"query-input\":{\"@type\":\"PropertyValueSpecification\",\"valueRequired\":true,\"valueName\":\"search_term_string\"}}],\"inLanguage\":\"en-US\"},{\"@type\":\"Organization\",\"@id\":\"https:\\\/\\\/fit360.ee\\\/en\\\/#organization\",\"name\":\"Fit360\",\"url\":\"https:\\\/\\\/fit360.ee\\\/en\\\/\",\"logo\":{\"@type\":\"ImageObject\",\"inLanguage\":\"en-US\",\"@id\":\"https:\\\/\\\/fit360.ee\\\/en\\\/#\\\/schema\\\/logo\\\/image\\\/\",\"url\":\"https:\\\/\\\/fit360.ee\\\/wp-content\\\/uploads\\\/2017\\\/01\\\/logo-fit360.png\",\"contentUrl\":\"https:\\\/\\\/fit360.ee\\\/wp-content\\\/uploads\\\/2017\\\/01\\\/logo-fit360.png\",\"width\":180,\"height\":66,\"caption\":\"Fit360\"},\"image\":{\"@id\":\"https:\\\/\\\/fit360.ee\\\/en\\\/#\\\/schema\\\/logo\\\/image\\\/\"}}]}<\/script>\n<!-- \/ Yoast SEO plugin. -->","yoast_head_json":{"title":"Bison Beard (60caps) - Soodustab rohket karvakasvu - Fit360","description":"Bison Beard on k\u00f5rgeima kvaliteedigamis sisaldab vitamiine, mineraale ja taimeekstrakte, mis toetavad n\u00e4okarvade kasvu, suurendavad juuksefolliikulite re...","robots":{"index":"index","follow":"follow","max-snippet":"max-snippet:-1","max-image-preview":"max-image-preview:large","max-video-preview":"max-video-preview:-1"},"canonical":"https:\/\/fit360.ee\/en\/pood\/product-groups\/superfoods-health-foods-en\/msm-en\/bison-beard-60caps\/","og_locale":"en_US","og_type":"article","og_title":"Bison Beard (60caps) - Soodustab rohket karvakasvu - Fit360","og_description":"Bison Beard on k\u00f5rgeima kvaliteedigamis sisaldab vitamiine, mineraale ja taimeekstrakte, mis toetavad n\u00e4okarvade kasvu, suurendavad juuksefolliikulite re...","og_url":"https:\/\/fit360.ee\/en\/pood\/product-groups\/superfoods-health-foods-en\/msm-en\/bison-beard-60caps\/","og_site_name":"Fit360","article_modified_time":"2025-12-19T10:19:22+00:00","og_image":[{"width":450,"height":450,"url":"https:\/\/fit360.ee\/wp-content\/uploads\/2023\/04\/bison-beard-ostrovit-fit360.ee-1.png","type":"image\/png"}],"twitter_card":"summary_large_image","twitter_misc":{"Est. reading time":"5 minutes"},"schema":{"@context":"https:\/\/schema.org","@graph":[{"@type":"WebPage","@id":"https:\/\/fit360.ee\/en\/pood\/product-groups\/superfoods-health-foods-en\/msm-en\/bison-beard-60caps\/","url":"https:\/\/fit360.ee\/en\/pood\/product-groups\/superfoods-health-foods-en\/msm-en\/bison-beard-60caps\/","name":"Bison Beard (60caps) - Soodustab rohket karvakasvu - Fit360","isPartOf":{"@id":"https:\/\/fit360.ee\/en\/#website"},"primaryImageOfPage":{"@id":"https:\/\/fit360.ee\/en\/pood\/product-groups\/superfoods-health-foods-en\/msm-en\/bison-beard-60caps\/#primaryimage"},"image":{"@id":"https:\/\/fit360.ee\/en\/pood\/product-groups\/superfoods-health-foods-en\/msm-en\/bison-beard-60caps\/#primaryimage"},"thumbnailUrl":"https:\/\/fit360.ee\/wp-content\/uploads\/2023\/04\/bison-beard-ostrovit-fit360.ee-1.png","datePublished":"2023-04-05T15:12:59+00:00","dateModified":"2025-12-19T10:19:22+00:00","description":"Bison Beard on k\u00f5rgeima kvaliteedigamis sisaldab vitamiine, mineraale ja taimeekstrakte, mis toetavad n\u00e4okarvade kasvu, suurendavad juuksefolliikulite re...","breadcrumb":{"@id":"https:\/\/fit360.ee\/en\/pood\/product-groups\/superfoods-health-foods-en\/msm-en\/bison-beard-60caps\/#breadcrumb"},"inLanguage":"en-US","potentialAction":[{"@type":"ReadAction","target":["https:\/\/fit360.ee\/en\/pood\/product-groups\/superfoods-health-foods-en\/msm-en\/bison-beard-60caps\/"]}]},{"@type":"ImageObject","inLanguage":"en-US","@id":"https:\/\/fit360.ee\/en\/pood\/product-groups\/superfoods-health-foods-en\/msm-en\/bison-beard-60caps\/#primaryimage","url":"https:\/\/fit360.ee\/wp-content\/uploads\/2023\/04\/bison-beard-ostrovit-fit360.ee-1.png","contentUrl":"https:\/\/fit360.ee\/wp-content\/uploads\/2023\/04\/bison-beard-ostrovit-fit360.ee-1.png","width":450,"height":450,"caption":"bison beard ostrovit -fit360.ee"},{"@type":"BreadcrumbList","@id":"https:\/\/fit360.ee\/en\/pood\/product-groups\/superfoods-health-foods-en\/msm-en\/bison-beard-60caps\/#breadcrumb","itemListElement":[{"@type":"ListItem","position":1,"name":"Home","item":"https:\/\/fit360.ee\/en\/"},{"@type":"ListItem","position":2,"name":"Shop","item":"https:\/\/fit360.ee\/en\/shop\/"},{"@type":"ListItem","position":3,"name":"Bison Beard (60caps)"}]},{"@type":"WebSite","@id":"https:\/\/fit360.ee\/en\/#website","url":"https:\/\/fit360.ee\/en\/","name":"Fit360","description":"","publisher":{"@id":"https:\/\/fit360.ee\/en\/#organization"},"potentialAction":[{"@type":"SearchAction","target":{"@type":"EntryPoint","urlTemplate":"https:\/\/fit360.ee\/en\/?s={search_term_string}"},"query-input":{"@type":"PropertyValueSpecification","valueRequired":true,"valueName":"search_term_string"}}],"inLanguage":"en-US"},{"@type":"Organization","@id":"https:\/\/fit360.ee\/en\/#organization","name":"Fit360","url":"https:\/\/fit360.ee\/en\/","logo":{"@type":"ImageObject","inLanguage":"en-US","@id":"https:\/\/fit360.ee\/en\/#\/schema\/logo\/image\/","url":"https:\/\/fit360.ee\/wp-content\/uploads\/2017\/01\/logo-fit360.png","contentUrl":"https:\/\/fit360.ee\/wp-content\/uploads\/2017\/01\/logo-fit360.png","width":180,"height":66,"caption":"Fit360"},"image":{"@id":"https:\/\/fit360.ee\/en\/#\/schema\/logo\/image\/"}}]}},"_links":{"self":[{"href":"https:\/\/fit360.ee\/en\/wp-json\/wp\/v2\/product\/69505","targetHints":{"allow":["GET"]}}],"collection":[{"href":"https:\/\/fit360.ee\/en\/wp-json\/wp\/v2\/product"}],"about":[{"href":"https:\/\/fit360.ee\/en\/wp-json\/wp\/v2\/types\/product"}],"replies":[{"embeddable":true,"href":"https:\/\/fit360.ee\/en\/wp-json\/wp\/v2\/comments?post=69505"}],"wp:featuredmedia":[{"embeddable":true,"href":"https:\/\/fit360.ee\/en\/wp-json\/wp\/v2\/media\/69502"}],"wp:attachment":[{"href":"https:\/\/fit360.ee\/en\/wp-json\/wp\/v2\/media?parent=69505"}],"wp:term":[{"taxonomy":"product_brand","embeddable":true,"href":"https:\/\/fit360.ee\/en\/wp-json\/wp\/v2\/product_brand?post=69505"},{"taxonomy":"product_cat","embeddable":true,"href":"https:\/\/fit360.ee\/en\/wp-json\/wp\/v2\/product_cat?post=69505"},{"taxonomy":"product_tag","embeddable":true,"href":"https:\/\/fit360.ee\/en\/wp-json\/wp\/v2\/product_tag?post=69505"},{"taxonomy":"giftcard-category","embeddable":true,"href":"https:\/\/fit360.ee\/en\/wp-json\/wp\/v2\/giftcard-category?post=69505"}],"curies":[{"name":"wp","href":"https:\/\/api.w.org\/{rel}","templated":true}]}}