{"id":69517,"date":"2023-04-05T19:46:33","date_gmt":"2023-04-05T17:46:33","guid":{"rendered":"https:\/\/fit360.ee\/pood\/uncategorized\/saw-palmetto-extract-100g\/"},"modified":"2025-08-19T09:01:45","modified_gmt":"2025-08-19T07:01:45","slug":"saw-palmetto-extract-100g","status":"publish","type":"product","link":"https:\/\/fit360.ee\/en\/pood\/product-groups\/testosterone-boosters-en\/saw-palmetto-extract-100g\/","title":{"rendered":"Saw Palmetto Extract (100g)"},"content":{"rendered":"<h2><strong>Saw Palmetto Extract<\/strong><\/h2>\n<p>OstroVit Saw Palmetto Extract on looduslik toidulisand, mis on m\u00f5eldud k\u00f5igile neile, kes kannatavad juuste v\u00e4ljalangemise all, ja meestele, kes v\u00f5itlevad eesn\u00e4\u00e4rmeprobleemidega.\u00a0Ekstrakt on saadud palmiviljadest ja sisaldab suures koguses toimeaineid, nagu f\u00fctosteroole, flavonoide ja heteropol\u00fcsahhariide, mis vastutavad toidulisandi tervist toetavate omaduste eest.\u00a0Kui soovite tagada terve eesn\u00e4\u00e4rme v\u00f5i tegeleda ulatusliku juuste v\u00e4ljalangemisega, v\u00f5ib OstroVit Saw Palmetto ekstrakt neid probleeme leevendada.<\/p>\n<p><a href=\"https:\/\/fit360.ee\/wp-content\/uploads\/2023\/04\/saw-palmetto-ekstrakt-fit360.ee_-800x312.jpg\"><img loading=\"lazy\" decoding=\"async\" class=\"size-medium wp-image-69512\" src=\"https:\/\/fit360.ee\/wp-content\/uploads\/2023\/04\/saw-palmetto-ekstrakt-fit360.ee_-800x312.jpg\" alt=\"saw palmetto ekstrakt - fit360.ee\" width=\"800\" height=\"312\" srcset=\"https:\/\/fit360.ee\/wp-content\/uploads\/2023\/04\/saw-palmetto-ekstrakt-fit360.ee_-800x312.jpg 800w, https:\/\/fit360.ee\/wp-content\/uploads\/2023\/04\/saw-palmetto-ekstrakt-fit360.ee_-510x199.jpg 510w, https:\/\/fit360.ee\/wp-content\/uploads\/2023\/04\/saw-palmetto-ekstrakt-fit360.ee_-768x300.jpg 768w, https:\/\/fit360.ee\/wp-content\/uploads\/2023\/04\/saw-palmetto-ekstrakt-fit360.ee_.jpg 922w\" sizes=\"auto, (max-width: 800px) 100vw, 800px\" \/><\/a><\/p>\n<p class=\"cm__heading\"><strong>Kellele Saw Palmettot soovitatakse?<\/strong><\/p>\n<p class=\"cm__text\">Saw Palmetto, mida nimetatakse ka k\u00e4\u00e4buspalmiks, on palmitaim.\u00a0Tema looduslik elupaik on P\u00f5hja- ja L\u00f5una-Ameerika, aga ka L\u00e4\u00e4ne-India, kus Saw Palmettot on kasutanud eesn\u00e4\u00e4rme h\u00fcpertroofia, munandite atroofia ja erektsioonih\u00e4iretega\u00a0 mehed alates XIX sajandist.<\/p>\n<p class=\"cm__text\">Palmi viljades sisalduvad trigl\u00fctseriidid ja f\u00fctosterool reguleerivad eesn\u00e4\u00e4rme funktsioone.\u00a0Lisaks v\u00f5ivad need aidata kaasa vere kolesteroolisisalduse v\u00e4hendamisele.\u00a0Teaduslikud uuringud n\u00e4itavad, et palmetto v\u00f5ib toetada juuste kasvu nii naistel kui meestel, kes kannatavad juuste v\u00e4ljalangemise all.\u00a0OstroVit Saw Palmetto ekstrakt on parim valik, kui:<\/p>\n<ul class=\"cm__list\">\n<li>p\u00f5ete eesn\u00e4\u00e4rmehaigusi<\/li>\n<li>on erektsioonih\u00e4ired<\/li>\n<li>teie kolesteroolitase on liiga k\u00f5rge<\/li>\n<li>Teie juuksed langevad v\u00e4lja<\/li>\n<\/ul>\n<p class=\"cm__heading\"><strong>Omadused<\/strong>:<\/p>\n<p class=\"cm__text\">Palmetto viljadel on androgeenivastane toime, st DTH taseme reguleerimine.\u00a0Selle hormooni liiga k\u00f5rge tase v\u00f5ib p\u00f5hjustada eesn\u00e4\u00e4rme h\u00fcpertroofiat ja juuste v\u00e4ljalangemist.\u00a0<strong>M\u00e4rkus:<\/strong>\u00a0preparaati ei tohi kasutada fertiilses eas naised!<\/p>\n<p class=\"cm__text\"><strong>Saw Palmetto Extract omadused<\/strong>:<\/p>\n<ul class=\"cm__list\">\n<li><strong>EESM\u00c4RME TOETUS<\/strong>\u00a0\u2013 Saw palmettot kasutavad mehed, kes kannatavad eesn\u00e4\u00e4rme h\u00fcpertroofia all.\u00a0T\u00e4nu DTH taseme reguleerimisele v\u00f5ib see olla oluline eesn\u00e4\u00e4rmev\u00e4hi ennetamise element.<\/li>\n<li><strong>JUUSTE V\u00c4LJALANGEMISE M\u00d5JU LEEVENDAMINE<\/strong>\u00a0\u2013 Uuringud kinnitavad, et palmetto viljad v\u00f5ivad soodustada juuste taastamist, v\u00e4hendada taanduvat juuksepiiri ja takistada juuste esijoone v\u00e4ljat\u00f5mbumist, mis on \u00fclimalt oluline inimestele, kes v\u00f5itlevad mustri juuste v\u00e4ljalangemisega.<\/li>\n<li><strong>LOODUSLIK KOOSTIS<\/strong>\u00a0\u2013 OstroVit Saw Palmetto Extract on \u00fchest koostisosast koosnev toode, mis p\u00f5hineb looduslikul saepalmi ekstraktil.\u00a0Toode ei sisalda t\u00e4iteaineid ja s\u00e4ilitusaineid.<\/li>\n<li><strong>KONTSENTREERITUD VALEM<\/strong>\u00a0\u2013 Vaid v\u00e4ikesest kogusest toidulisandist p\u00e4evas piisab, et varustada teid soovitatava igap\u00e4evase portsjoniga palmettot.\u00a0Parimate tulemuste saavutamiseks v\u00f5tke seda s\u00f6\u00f6gi ajal ja jooge vett.<\/li>\n<\/ul>\n<p><strong>Koostisosad<\/strong>: Saw palmetto viljade ekstrakt (<em>Serenoa repens<\/em> (W.Bartram) Small).<\/p>\n<p><strong>Kasutamine<\/strong>: V\u00f5tke 1 portsjon \u2013 240 mg (1 lusikas) p\u00e4evas koos toiduga, jooge vett.\u00a0Palun kasutage pakendis olevat m\u00f5\u00f5tetopsi (0,5 ml).<\/p>\n<p><strong>Suurus<\/strong>: 100g<\/p>\n<section class=\"projector__description--nutritional row\" data-selector=\".--nutritional\">\n<div class=\"col-12 col-md-10 col-lg-8\">\n<div class=\"--nutrit\">\n<div class=\"nutrition_table_wrapper\">\n<div class=\"table_wrapper\">\n<table>\n<tbody>\n<tr>\n<th>Aktiivsed koostisosad<\/th>\n<th>portsjoni kohta<\/th>\n<\/tr>\n<tr>\n<td>Saw palmetto puuvilja ekstrakt<\/td>\n<td>240 mg<\/td>\n<\/tr>\n<\/tbody>\n<\/table>\n<p>Vaata ka meie teisi Supertoite <a href=\"https:\/\/fit360.ee\/en\/product-category\/product-groups\/superfoods-health-foods-en\/\"><strong>SIIT<\/strong><\/a>!<\/p>\n<\/div>\n<\/div>\n<\/div>\n<\/div>\n<\/section>\n<div class=\"--label col-12\">Soovid kaupa osta suuremas koguses? Vaata antud toodet ka meie HULGI poest\u00a0<a href=\"https:\/\/toidulisandidhulgi.ee\/product\/saw-palmetto-extract-100g\/\"><strong>SIIT<\/strong><\/a>!<\/div>\n","protected":false},"excerpt":{"rendered":"<ul>\n<li>Eesn\u00e4\u00e4rme toetus<\/li>\n<li>Juuste v\u00e4ljalangemise leevendus<\/li>\n<li>Looduslik koostis<\/li>\n<li>Konsentreeritud valem<\/li>\n<\/ul>\n","protected":false},"featured_media":84586,"comment_status":"closed","ping_status":"closed","template":"","meta":[],"product_brand":[],"product_cat":[1329,1454,532,536,1201],"product_tag":[1924,2565,4276],"giftcard-category":[],"class_list":{"0":"post-69517","1":"product","2":"type-product","3":"status-publish","4":"has-post-thumbnail","6":"product_cat-ostrovit-en","7":"product_cat-superfoods-health-foods-en","8":"product_cat-testosterone-boosters-en","9":"product_cat-vitamins-and-minerals-en","10":"product_cat-1201","11":"product_tag-ostrovit-en","12":"product_tag-saw-palmetto-en","13":"product_tag-saw-palmetto-extract-en","14":"pa_kogus-100g-en","15":"pa_toidulisand-branddd-ostrovit","16":"pa_tootegruppp-supertoit-tervisetoit-en","17":"pa_tootegruppp-testosterone-enhancers","18":"pa_tootegruppp-vegan-en","19":"pa_tootegruppp-vitamins-and-minerals","21":"first","22":"instock","23":"sale","24":"taxable","25":"shipping-taxable","26":"purchasable","27":"product-type-simple"},"yoast_head":"<!-- This site is optimized with the Yoast SEO plugin v27.3 - https:\/\/yoast.com\/product\/yoast-seo-wordpress\/ -->\n<title>Saw Palmetto Extract (100g) - Kiire Tarne - 100% puhas - Fit360<\/title>\n<meta name=\"description\" content=\"Saw Palmetto Extract on looduslik toidulisand, mis on m\u00f5eldud k\u00f5igile neile, kes kannatavad juuste v\u00e4ljalangemise all, ja meestele, kes v\u00f5itlevad eesn\u00e4\u00e4...\" \/>\n<meta name=\"robots\" content=\"index, follow, max-snippet:-1, max-image-preview:large, max-video-preview:-1\" \/>\n<link rel=\"canonical\" href=\"https:\/\/fit360.ee\/en\/pood\/product-groups\/testosterone-boosters-en\/saw-palmetto-extract-100g\/\" \/>\n<meta property=\"og:locale\" content=\"en_US\" \/>\n<meta property=\"og:type\" content=\"article\" \/>\n<meta property=\"og:title\" content=\"Saw Palmetto Extract (100g) - Kiire Tarne - 100% puhas - Fit360\" \/>\n<meta property=\"og:description\" content=\"Saw Palmetto Extract on looduslik toidulisand, mis on m\u00f5eldud k\u00f5igile neile, kes kannatavad juuste v\u00e4ljalangemise all, ja meestele, kes v\u00f5itlevad eesn\u00e4\u00e4...\" \/>\n<meta property=\"og:url\" content=\"https:\/\/fit360.ee\/en\/pood\/product-groups\/testosterone-boosters-en\/saw-palmetto-extract-100g\/\" \/>\n<meta property=\"og:site_name\" content=\"Fit360\" \/>\n<meta property=\"article:modified_time\" content=\"2025-08-19T07:01:45+00:00\" \/>\n<meta property=\"og:image\" content=\"https:\/\/fit360.ee\/wp-content\/uploads\/2023\/04\/saw-palmetto-extract-ostrovit-fit360.ee-1.png\" \/>\n\t<meta property=\"og:image:width\" content=\"450\" \/>\n\t<meta property=\"og:image:height\" content=\"450\" \/>\n\t<meta property=\"og:image:type\" content=\"image\/png\" \/>\n<meta name=\"twitter:card\" content=\"summary_large_image\" \/>\n<meta name=\"twitter:label1\" content=\"Est. reading time\" \/>\n\t<meta name=\"twitter:data1\" content=\"3 minutes\" \/>\n<script type=\"application\/ld+json\" class=\"yoast-schema-graph\">{\"@context\":\"https:\\\/\\\/schema.org\",\"@graph\":[{\"@type\":\"WebPage\",\"@id\":\"https:\\\/\\\/fit360.ee\\\/en\\\/pood\\\/product-groups\\\/testosterone-boosters-en\\\/saw-palmetto-extract-100g\\\/\",\"url\":\"https:\\\/\\\/fit360.ee\\\/en\\\/pood\\\/product-groups\\\/testosterone-boosters-en\\\/saw-palmetto-extract-100g\\\/\",\"name\":\"Saw Palmetto Extract (100g) - Kiire Tarne - 100% puhas - Fit360\",\"isPartOf\":{\"@id\":\"https:\\\/\\\/fit360.ee\\\/en\\\/#website\"},\"primaryImageOfPage\":{\"@id\":\"https:\\\/\\\/fit360.ee\\\/en\\\/pood\\\/product-groups\\\/testosterone-boosters-en\\\/saw-palmetto-extract-100g\\\/#primaryimage\"},\"image\":{\"@id\":\"https:\\\/\\\/fit360.ee\\\/en\\\/pood\\\/product-groups\\\/testosterone-boosters-en\\\/saw-palmetto-extract-100g\\\/#primaryimage\"},\"thumbnailUrl\":\"https:\\\/\\\/fit360.ee\\\/wp-content\\\/uploads\\\/2023\\\/04\\\/saw-palmetto-extract-ostrovit-fit360.ee-1.png\",\"datePublished\":\"2023-04-05T17:46:33+00:00\",\"dateModified\":\"2025-08-19T07:01:45+00:00\",\"description\":\"Saw Palmetto Extract on looduslik toidulisand, mis on m\u00f5eldud k\u00f5igile neile, kes kannatavad juuste v\u00e4ljalangemise all, ja meestele, kes v\u00f5itlevad eesn\u00e4\u00e4...\",\"breadcrumb\":{\"@id\":\"https:\\\/\\\/fit360.ee\\\/en\\\/pood\\\/product-groups\\\/testosterone-boosters-en\\\/saw-palmetto-extract-100g\\\/#breadcrumb\"},\"inLanguage\":\"en-US\",\"potentialAction\":[{\"@type\":\"ReadAction\",\"target\":[\"https:\\\/\\\/fit360.ee\\\/en\\\/pood\\\/product-groups\\\/testosterone-boosters-en\\\/saw-palmetto-extract-100g\\\/\"]}]},{\"@type\":\"ImageObject\",\"inLanguage\":\"en-US\",\"@id\":\"https:\\\/\\\/fit360.ee\\\/en\\\/pood\\\/product-groups\\\/testosterone-boosters-en\\\/saw-palmetto-extract-100g\\\/#primaryimage\",\"url\":\"https:\\\/\\\/fit360.ee\\\/wp-content\\\/uploads\\\/2023\\\/04\\\/saw-palmetto-extract-ostrovit-fit360.ee-1.png\",\"contentUrl\":\"https:\\\/\\\/fit360.ee\\\/wp-content\\\/uploads\\\/2023\\\/04\\\/saw-palmetto-extract-ostrovit-fit360.ee-1.png\",\"width\":450,\"height\":450,\"caption\":\"saw palmetto extract ostrovit - fit360.ee\"},{\"@type\":\"BreadcrumbList\",\"@id\":\"https:\\\/\\\/fit360.ee\\\/en\\\/pood\\\/product-groups\\\/testosterone-boosters-en\\\/saw-palmetto-extract-100g\\\/#breadcrumb\",\"itemListElement\":[{\"@type\":\"ListItem\",\"position\":1,\"name\":\"Home\",\"item\":\"https:\\\/\\\/fit360.ee\\\/en\\\/\"},{\"@type\":\"ListItem\",\"position\":2,\"name\":\"Shop\",\"item\":\"https:\\\/\\\/fit360.ee\\\/en\\\/shop\\\/\"},{\"@type\":\"ListItem\",\"position\":3,\"name\":\"Saw Palmetto Extract (100g)\"}]},{\"@type\":\"WebSite\",\"@id\":\"https:\\\/\\\/fit360.ee\\\/en\\\/#website\",\"url\":\"https:\\\/\\\/fit360.ee\\\/en\\\/\",\"name\":\"Fit360\",\"description\":\"\",\"publisher\":{\"@id\":\"https:\\\/\\\/fit360.ee\\\/en\\\/#organization\"},\"potentialAction\":[{\"@type\":\"SearchAction\",\"target\":{\"@type\":\"EntryPoint\",\"urlTemplate\":\"https:\\\/\\\/fit360.ee\\\/en\\\/?s={search_term_string}\"},\"query-input\":{\"@type\":\"PropertyValueSpecification\",\"valueRequired\":true,\"valueName\":\"search_term_string\"}}],\"inLanguage\":\"en-US\"},{\"@type\":\"Organization\",\"@id\":\"https:\\\/\\\/fit360.ee\\\/en\\\/#organization\",\"name\":\"Fit360\",\"url\":\"https:\\\/\\\/fit360.ee\\\/en\\\/\",\"logo\":{\"@type\":\"ImageObject\",\"inLanguage\":\"en-US\",\"@id\":\"https:\\\/\\\/fit360.ee\\\/en\\\/#\\\/schema\\\/logo\\\/image\\\/\",\"url\":\"https:\\\/\\\/fit360.ee\\\/wp-content\\\/uploads\\\/2017\\\/01\\\/logo-fit360.png\",\"contentUrl\":\"https:\\\/\\\/fit360.ee\\\/wp-content\\\/uploads\\\/2017\\\/01\\\/logo-fit360.png\",\"width\":180,\"height\":66,\"caption\":\"Fit360\"},\"image\":{\"@id\":\"https:\\\/\\\/fit360.ee\\\/en\\\/#\\\/schema\\\/logo\\\/image\\\/\"}}]}<\/script>\n<!-- \/ Yoast SEO plugin. -->","yoast_head_json":{"title":"Saw Palmetto Extract (100g) - Kiire Tarne - 100% puhas - Fit360","description":"Saw Palmetto Extract on looduslik toidulisand, mis on m\u00f5eldud k\u00f5igile neile, kes kannatavad juuste v\u00e4ljalangemise all, ja meestele, kes v\u00f5itlevad eesn\u00e4\u00e4...","robots":{"index":"index","follow":"follow","max-snippet":"max-snippet:-1","max-image-preview":"max-image-preview:large","max-video-preview":"max-video-preview:-1"},"canonical":"https:\/\/fit360.ee\/en\/pood\/product-groups\/testosterone-boosters-en\/saw-palmetto-extract-100g\/","og_locale":"en_US","og_type":"article","og_title":"Saw Palmetto Extract (100g) - Kiire Tarne - 100% puhas - Fit360","og_description":"Saw Palmetto Extract on looduslik toidulisand, mis on m\u00f5eldud k\u00f5igile neile, kes kannatavad juuste v\u00e4ljalangemise all, ja meestele, kes v\u00f5itlevad eesn\u00e4\u00e4...","og_url":"https:\/\/fit360.ee\/en\/pood\/product-groups\/testosterone-boosters-en\/saw-palmetto-extract-100g\/","og_site_name":"Fit360","article_modified_time":"2025-08-19T07:01:45+00:00","og_image":[{"width":450,"height":450,"url":"https:\/\/fit360.ee\/wp-content\/uploads\/2023\/04\/saw-palmetto-extract-ostrovit-fit360.ee-1.png","type":"image\/png"}],"twitter_card":"summary_large_image","twitter_misc":{"Est. reading time":"3 minutes"},"schema":{"@context":"https:\/\/schema.org","@graph":[{"@type":"WebPage","@id":"https:\/\/fit360.ee\/en\/pood\/product-groups\/testosterone-boosters-en\/saw-palmetto-extract-100g\/","url":"https:\/\/fit360.ee\/en\/pood\/product-groups\/testosterone-boosters-en\/saw-palmetto-extract-100g\/","name":"Saw Palmetto Extract (100g) - Kiire Tarne - 100% puhas - Fit360","isPartOf":{"@id":"https:\/\/fit360.ee\/en\/#website"},"primaryImageOfPage":{"@id":"https:\/\/fit360.ee\/en\/pood\/product-groups\/testosterone-boosters-en\/saw-palmetto-extract-100g\/#primaryimage"},"image":{"@id":"https:\/\/fit360.ee\/en\/pood\/product-groups\/testosterone-boosters-en\/saw-palmetto-extract-100g\/#primaryimage"},"thumbnailUrl":"https:\/\/fit360.ee\/wp-content\/uploads\/2023\/04\/saw-palmetto-extract-ostrovit-fit360.ee-1.png","datePublished":"2023-04-05T17:46:33+00:00","dateModified":"2025-08-19T07:01:45+00:00","description":"Saw Palmetto Extract on looduslik toidulisand, mis on m\u00f5eldud k\u00f5igile neile, kes kannatavad juuste v\u00e4ljalangemise all, ja meestele, kes v\u00f5itlevad eesn\u00e4\u00e4...","breadcrumb":{"@id":"https:\/\/fit360.ee\/en\/pood\/product-groups\/testosterone-boosters-en\/saw-palmetto-extract-100g\/#breadcrumb"},"inLanguage":"en-US","potentialAction":[{"@type":"ReadAction","target":["https:\/\/fit360.ee\/en\/pood\/product-groups\/testosterone-boosters-en\/saw-palmetto-extract-100g\/"]}]},{"@type":"ImageObject","inLanguage":"en-US","@id":"https:\/\/fit360.ee\/en\/pood\/product-groups\/testosterone-boosters-en\/saw-palmetto-extract-100g\/#primaryimage","url":"https:\/\/fit360.ee\/wp-content\/uploads\/2023\/04\/saw-palmetto-extract-ostrovit-fit360.ee-1.png","contentUrl":"https:\/\/fit360.ee\/wp-content\/uploads\/2023\/04\/saw-palmetto-extract-ostrovit-fit360.ee-1.png","width":450,"height":450,"caption":"saw palmetto extract ostrovit - fit360.ee"},{"@type":"BreadcrumbList","@id":"https:\/\/fit360.ee\/en\/pood\/product-groups\/testosterone-boosters-en\/saw-palmetto-extract-100g\/#breadcrumb","itemListElement":[{"@type":"ListItem","position":1,"name":"Home","item":"https:\/\/fit360.ee\/en\/"},{"@type":"ListItem","position":2,"name":"Shop","item":"https:\/\/fit360.ee\/en\/shop\/"},{"@type":"ListItem","position":3,"name":"Saw Palmetto Extract (100g)"}]},{"@type":"WebSite","@id":"https:\/\/fit360.ee\/en\/#website","url":"https:\/\/fit360.ee\/en\/","name":"Fit360","description":"","publisher":{"@id":"https:\/\/fit360.ee\/en\/#organization"},"potentialAction":[{"@type":"SearchAction","target":{"@type":"EntryPoint","urlTemplate":"https:\/\/fit360.ee\/en\/?s={search_term_string}"},"query-input":{"@type":"PropertyValueSpecification","valueRequired":true,"valueName":"search_term_string"}}],"inLanguage":"en-US"},{"@type":"Organization","@id":"https:\/\/fit360.ee\/en\/#organization","name":"Fit360","url":"https:\/\/fit360.ee\/en\/","logo":{"@type":"ImageObject","inLanguage":"en-US","@id":"https:\/\/fit360.ee\/en\/#\/schema\/logo\/image\/","url":"https:\/\/fit360.ee\/wp-content\/uploads\/2017\/01\/logo-fit360.png","contentUrl":"https:\/\/fit360.ee\/wp-content\/uploads\/2017\/01\/logo-fit360.png","width":180,"height":66,"caption":"Fit360"},"image":{"@id":"https:\/\/fit360.ee\/en\/#\/schema\/logo\/image\/"}}]}},"_links":{"self":[{"href":"https:\/\/fit360.ee\/en\/wp-json\/wp\/v2\/product\/69517","targetHints":{"allow":["GET"]}}],"collection":[{"href":"https:\/\/fit360.ee\/en\/wp-json\/wp\/v2\/product"}],"about":[{"href":"https:\/\/fit360.ee\/en\/wp-json\/wp\/v2\/types\/product"}],"replies":[{"embeddable":true,"href":"https:\/\/fit360.ee\/en\/wp-json\/wp\/v2\/comments?post=69517"}],"wp:featuredmedia":[{"embeddable":true,"href":"https:\/\/fit360.ee\/en\/wp-json\/wp\/v2\/media\/84586"}],"wp:attachment":[{"href":"https:\/\/fit360.ee\/en\/wp-json\/wp\/v2\/media?parent=69517"}],"wp:term":[{"taxonomy":"product_brand","embeddable":true,"href":"https:\/\/fit360.ee\/en\/wp-json\/wp\/v2\/product_brand?post=69517"},{"taxonomy":"product_cat","embeddable":true,"href":"https:\/\/fit360.ee\/en\/wp-json\/wp\/v2\/product_cat?post=69517"},{"taxonomy":"product_tag","embeddable":true,"href":"https:\/\/fit360.ee\/en\/wp-json\/wp\/v2\/product_tag?post=69517"},{"taxonomy":"giftcard-category","embeddable":true,"href":"https:\/\/fit360.ee\/en\/wp-json\/wp\/v2\/giftcard-category?post=69517"}],"curies":[{"name":"wp","href":"https:\/\/api.w.org\/{rel}","templated":true}]}}