{"id":69523,"date":"2023-04-05T20:29:14","date_gmt":"2023-04-05T18:29:14","guid":{"rendered":"https:\/\/fit360.ee\/pood\/uncategorized\/berberine-hcl\/"},"modified":"2026-04-10T14:42:24","modified_gmt":"2026-04-10T12:42:24","slug":"berberine-hcl","status":"publish","type":"product","link":"https:\/\/fit360.ee\/en\/pood\/product-groups\/superfoods-health-foods-en\/berberine-en\/berberine-hcl\/","title":{"rendered":"Berberine HCL 97% (90 vCaps)"},"content":{"rendered":"<h2><strong>Berberine HCL<\/strong><\/h2>\n<p>OstroVit Berberine HCL 97% on vegan toidulisand kapslite kujul, mis sisaldavad berberise juure ekstrakti, mis on standardiseeritud 97% berberiinvesinikkloriidi jaoks. Toode on m\u00f5eldud neile, kes soovivad hoolitseda oma seede- ja kardiovaskulaars\u00fcsteemi eest.<\/p>\n<p><a href=\"https:\/\/fit360.ee\/wp-content\/uploads\/2023\/04\/ostrovit-berberine-hcl-fit360.ee_-800x312.jpg\"><img loading=\"lazy\" decoding=\"async\" class=\"size-medium wp-image-69519\" src=\"https:\/\/fit360.ee\/wp-content\/uploads\/2023\/04\/ostrovit-berberine-hcl-fit360.ee_-800x312.jpg\" alt=\"ostrovit berberine hcl - fit360.ee\" width=\"800\" height=\"312\" srcset=\"https:\/\/fit360.ee\/wp-content\/uploads\/2023\/04\/ostrovit-berberine-hcl-fit360.ee_-800x312.jpg 800w, https:\/\/fit360.ee\/wp-content\/uploads\/2023\/04\/ostrovit-berberine-hcl-fit360.ee_-510x199.jpg 510w, https:\/\/fit360.ee\/wp-content\/uploads\/2023\/04\/ostrovit-berberine-hcl-fit360.ee_-768x300.jpg 768w, https:\/\/fit360.ee\/wp-content\/uploads\/2023\/04\/ostrovit-berberine-hcl-fit360.ee_.jpg 922w\" sizes=\"auto, (max-width: 800px) 100vw, 800px\" \/><\/a><\/p>\n<p>Berberise ekstrakt toidulisandina kapslites on ideaalne toode k\u00f5igile neile, kes peavad v\u00e4hendavat dieeti v\u00f5i seisavad silmitsi ebasobiva veresuhkru tasemega.\u00a0\u00dcks kapsel esindab kuni 500 mg puhast berberiinvesinikkloriidi.\u00a0\u00c4rge unustage, et p\u00e4evast annust ei ole soovitatav \u00fcletada.<\/p>\n<h4 class=\"cm__heading\"><strong>Berberiin<\/strong><\/h4>\n<p class=\"cm__text\">Berberiin HCL on looduslik alkaloid, mis p\u00e4rineb berberise taimede r\u00fchmast, millel on tugevad tervist edendavad omadused, mida on pikka aega kasutatud looduslikus meditsiinis h\u00e4irete ja kaebuste vastu v\u00f5itlemiseks. Berberise ekstrakt on rikas pektiinide, tanniinide, vitamiinide, mineraalsoolade ja orgaaniliste hapete poolest, t\u00e4nu millele on sellel terviklik antioks\u00fcdantne, antibakteriaalne ja l\u00f5\u00f5gastav toime.\u00a0Samuti tagab see \u00f5ige kolesteroolitaseme veres, aeglustab lihtsuhkrutest valmistatud s\u00fcsivesikute lagunemist ning soodustab maksa igap\u00e4evast t\u00f6\u00f6d.<\/p>\n<section class=\"cm__section\">\n<h4 class=\"cm__heading\"><strong>OstroVit Berberine HCL 97% koostisainete omadused<\/strong><\/h4>\n<ul class=\"cm__list\">\n<li><strong>ORGANISMI IGAP\u00c4EVANE TOETUS<\/strong>\u00a0\u2013 Regulaarne kasutamine aitab parandada nii teie ainevahetust kui ka aeglustada s\u00fcsivesikute lagunemist lihtsuhkruteks, et gl\u00fckoositaset oleks lihtsam kontrollida.<\/li>\n<li><strong>MUGAV VORM<\/strong>\u00a0\u2013 OstroVit Berberine HCl toidulisand on saadaval kergesti neelatavate kapslitena, mis muutuvad veega kokkupuutel libedaks.\u00a0Toodet tuleb hoida toatemperatuuril, v\u00e4ikelastele k\u00e4ttesaamatus kohas.<\/li>\n<li><strong>VEGAN KOOSTIS<\/strong>\u00a0\u2013 meie toidulisand koosneb berberise ekstraktist ja vegan kapsli kattest.\u00a0Toode ei sisalda kunstlikke lisaaineid.\u00a0See on toodetud ilma kunstlike s\u00e4ilitusaineteta.<\/li>\n<\/ul>\n<\/section>\n<section class=\"cm__section\">\n<h4 class=\"cm__heading\"><strong>Laboratoorselt t\u00f5estatud kvaliteet<\/strong><\/h4>\n<p class=\"cm__text --bold\">Klientide tervise huvides testitakse meie toodetud tooteid regulaarselt s\u00f5ltumatus akrediteeritud laboris, et tagada ja s\u00e4ilitada k\u00f5rgeim kvaliteet.<\/p>\n<\/section>\n<p><strong>Koostisosad<\/strong>: Berberise juure ekstrakt (Berberis\u00a0aristata DC.\u00a0), mis on standardiseeritud 97% berberiinvesinikkloriidiga\u00a0\u00a0,\u00a0katte koostis (t\u00e4iteaine: h\u00fcdroks\u00fcprop\u00fc\u00fclmet\u00fc\u00fcltselluloos)\u00a0.<\/p>\n<p><strong>Kasutamine<\/strong>: V\u00f5tke 1 portsjon (1 kapsel) p\u00e4evas s\u00f6\u00f6gi ajal.<\/p>\n<p><strong>Suurus<\/strong>: 90 vCaps &#8211; 90 serveeringut.<\/p>\n<section class=\"projector__description--nutritional row\" data-selector=\".--nutritional\">\n<div class=\"col-12 col-md-10 col-lg-8\">\n<div class=\"--nutrit\">\n<div class=\"nutrition_table_wrapper\">\n<div class=\"table_wrapper\">\n<table>\n<tbody>\n<tr>\n<th>Aktiivsed koostisosad<\/th>\n<th>portsjoni kohta<\/th>\n<\/tr>\n<tr>\n<td>Berberise juure ekstrakt, millest:<\/td>\n<td>515 mg<\/td>\n<\/tr>\n<tr>\n<td>&#8211; berberiini HCL (97%)<\/td>\n<td>500 mg<\/td>\n<\/tr>\n<\/tbody>\n<\/table>\n<p>Vaata ka meie teisi Aju Tegevust toetavaid lisandeid <a href=\"https:\/\/fit360.ee\/en\/product-category\/product-groups\/brain-support-nootropics-en\/\"><strong>SIIT<\/strong><\/a> v\u00f5i Supertoite <a href=\"https:\/\/fit360.ee\/en\/product-category\/product-groups\/superfoods-health-foods-en\/\"><strong>SIIT<\/strong><\/a>!<\/p>\n<p>Soovid kaupa osta suuremas koguses? Vaata antud toodet ka meie HULGI poest\u00a0<a href=\"https:\/\/toidulisandidhulgi.ee\/product\/berberine-hcl\/\"><strong>SIIT<\/strong><\/a>!<\/p>\n<\/div>\n<\/div>\n<\/div>\n<\/div>\n<\/section>\n","protected":false},"excerpt":{"rendered":"<ul class=\"cm__list\">\n<li><strong>ORGANISMI IGAP\u00c4EVANE TOETUS<\/strong>\u00a0\u2013 Regulaarne kasutamine aitab parandada nii teie ainevahetust kui ka aeglustada s\u00fcsivesikute lagunemist lihtsuhkruteks, et gl\u00fckoositaset oleks lihtsam kontrollida.<\/li>\n<li><strong>MUGAV VORM<\/strong>\u00a0\u2013 OstroVit Berberine HCl toidulisand on saadaval kergesti neelatavate kapslitena, mis muutuvad veega kokkupuutel libedaks.\u00a0Toodet tuleb hoida toatemperatuuril, v\u00e4ikelastele k\u00e4ttesaamatus kohas.<\/li>\n<li><strong>VEGAN KOOSTIS<\/strong>\u00a0\u2013 meie toidulisand koosneb berberise ekstraktist ja vegan kapsli kattest.\u00a0Toode ei sisalda kunstlikke lisaaineid.\u00a0See on toodetud ilma kunstlike s\u00e4ilitusaineteta.<\/li>\n<\/ul>\n","protected":false},"featured_media":69522,"comment_status":"closed","ping_status":"closed","template":"","meta":[],"product_brand":[],"product_cat":[5350,2485,530,1329,2408,1454,2664,536,1201],"product_tag":[2757,2758,1924],"giftcard-category":[],"class_list":{"0":"post-69523","1":"product","2":"type-product","3":"status-publish","4":"has-post-thumbnail","6":"product_cat-berberine-en","7":"product_cat-brain-support-nootropics-en","8":"product_cat-fat-burners-en","9":"product_cat-ostrovit-en","10":"product_cat-stimulant-free-fat-burners-en","11":"product_cat-superfoods-health-foods-en","12":"product_cat-vegan-capsules-en","13":"product_cat-vitamins-and-minerals-en","14":"product_cat-1201","15":"product_tag-berberine-en","16":"product_tag-berberine-hcl-en","17":"product_tag-ostrovit-en","18":"pa_kogus-90-vcaps-en","19":"pa_toidulisand-branddd-ostrovit","20":"pa_tootegruppp-aju-tegevus-nootropics-en","21":"pa_tootegruppp-berberiin-en","22":"pa_tootegruppp-stimulandivaba-en","23":"pa_tootegruppp-supertoit-tervisetoit-en","24":"pa_tootegruppp-vcaps-vegan-kapslid-en","25":"pa_tootegruppp-vegan-en","26":"pa_tootegruppp-vitamins-and-minerals","27":"pa_tootegruppp-weight-loss","29":"first","30":"outofstock","31":"sale","32":"taxable","33":"shipping-taxable","34":"purchasable","35":"product-type-simple"},"yoast_head":"<!-- This site is optimized with the Yoast SEO plugin v27.3 - https:\/\/yoast.com\/product\/yoast-seo-wordpress\/ -->\n<title>Berberine HCL 97% (90 vCaps) - Aju Tegevuse toetamine - Fit360<\/title>\n<meta name=\"description\" content=\"Berberine HCL on m\u00f5eldud neile, kes soovivad hoolitseda oma seede- ja kardiovaskulaars\u00fcsteemi eest. Regulaarne kasutamine aitab parandada ..\" \/>\n<meta name=\"robots\" content=\"index, follow, max-snippet:-1, max-image-preview:large, max-video-preview:-1\" \/>\n<link rel=\"canonical\" href=\"https:\/\/fit360.ee\/en\/pood\/product-groups\/superfoods-health-foods-en\/berberine-en\/berberine-hcl\/\" \/>\n<meta property=\"og:locale\" content=\"en_US\" \/>\n<meta property=\"og:type\" content=\"article\" \/>\n<meta property=\"og:title\" content=\"Berberine HCL 97% (90 vCaps) - Aju Tegevuse toetamine - Fit360\" \/>\n<meta property=\"og:description\" content=\"Berberine HCL on m\u00f5eldud neile, kes soovivad hoolitseda oma seede- ja kardiovaskulaars\u00fcsteemi eest. Regulaarne kasutamine aitab parandada ..\" \/>\n<meta property=\"og:url\" content=\"https:\/\/fit360.ee\/en\/pood\/product-groups\/superfoods-health-foods-en\/berberine-en\/berberine-hcl\/\" \/>\n<meta property=\"og:site_name\" content=\"Fit360\" \/>\n<meta property=\"article:modified_time\" content=\"2026-04-10T12:42:24+00:00\" \/>\n<meta property=\"og:image\" content=\"https:\/\/fit360.ee\/wp-content\/uploads\/2023\/04\/berberine-hcl-fit360.ee_.png\" \/>\n\t<meta property=\"og:image:width\" content=\"450\" \/>\n\t<meta property=\"og:image:height\" content=\"450\" \/>\n\t<meta property=\"og:image:type\" content=\"image\/png\" \/>\n<meta name=\"twitter:card\" content=\"summary_large_image\" \/>\n<meta name=\"twitter:label1\" content=\"Est. reading time\" \/>\n\t<meta name=\"twitter:data1\" content=\"2 minutes\" \/>\n<script type=\"application\/ld+json\" class=\"yoast-schema-graph\">{\"@context\":\"https:\\\/\\\/schema.org\",\"@graph\":[{\"@type\":\"WebPage\",\"@id\":\"https:\\\/\\\/fit360.ee\\\/en\\\/pood\\\/product-groups\\\/superfoods-health-foods-en\\\/berberine-en\\\/berberine-hcl\\\/\",\"url\":\"https:\\\/\\\/fit360.ee\\\/en\\\/pood\\\/product-groups\\\/superfoods-health-foods-en\\\/berberine-en\\\/berberine-hcl\\\/\",\"name\":\"Berberine HCL 97% (90 vCaps) - Aju Tegevuse toetamine - Fit360\",\"isPartOf\":{\"@id\":\"https:\\\/\\\/fit360.ee\\\/en\\\/#website\"},\"primaryImageOfPage\":{\"@id\":\"https:\\\/\\\/fit360.ee\\\/en\\\/pood\\\/product-groups\\\/superfoods-health-foods-en\\\/berberine-en\\\/berberine-hcl\\\/#primaryimage\"},\"image\":{\"@id\":\"https:\\\/\\\/fit360.ee\\\/en\\\/pood\\\/product-groups\\\/superfoods-health-foods-en\\\/berberine-en\\\/berberine-hcl\\\/#primaryimage\"},\"thumbnailUrl\":\"https:\\\/\\\/fit360.ee\\\/wp-content\\\/uploads\\\/2023\\\/04\\\/berberine-hcl-fit360.ee_.png\",\"datePublished\":\"2023-04-05T18:29:14+00:00\",\"dateModified\":\"2026-04-10T12:42:24+00:00\",\"description\":\"Berberine HCL on m\u00f5eldud neile, kes soovivad hoolitseda oma seede- ja kardiovaskulaars\u00fcsteemi eest. Regulaarne kasutamine aitab parandada ..\",\"breadcrumb\":{\"@id\":\"https:\\\/\\\/fit360.ee\\\/en\\\/pood\\\/product-groups\\\/superfoods-health-foods-en\\\/berberine-en\\\/berberine-hcl\\\/#breadcrumb\"},\"inLanguage\":\"en-US\",\"potentialAction\":[{\"@type\":\"ReadAction\",\"target\":[\"https:\\\/\\\/fit360.ee\\\/en\\\/pood\\\/product-groups\\\/superfoods-health-foods-en\\\/berberine-en\\\/berberine-hcl\\\/\"]}]},{\"@type\":\"ImageObject\",\"inLanguage\":\"en-US\",\"@id\":\"https:\\\/\\\/fit360.ee\\\/en\\\/pood\\\/product-groups\\\/superfoods-health-foods-en\\\/berberine-en\\\/berberine-hcl\\\/#primaryimage\",\"url\":\"https:\\\/\\\/fit360.ee\\\/wp-content\\\/uploads\\\/2023\\\/04\\\/berberine-hcl-fit360.ee_.png\",\"contentUrl\":\"https:\\\/\\\/fit360.ee\\\/wp-content\\\/uploads\\\/2023\\\/04\\\/berberine-hcl-fit360.ee_.png\",\"width\":450,\"height\":450,\"caption\":\"berberine hcl - fit360.ee\"},{\"@type\":\"BreadcrumbList\",\"@id\":\"https:\\\/\\\/fit360.ee\\\/en\\\/pood\\\/product-groups\\\/superfoods-health-foods-en\\\/berberine-en\\\/berberine-hcl\\\/#breadcrumb\",\"itemListElement\":[{\"@type\":\"ListItem\",\"position\":1,\"name\":\"Home\",\"item\":\"https:\\\/\\\/fit360.ee\\\/en\\\/\"},{\"@type\":\"ListItem\",\"position\":2,\"name\":\"Shop\",\"item\":\"https:\\\/\\\/fit360.ee\\\/en\\\/shop\\\/\"},{\"@type\":\"ListItem\",\"position\":3,\"name\":\"Berberine HCL 97% (90 vCaps)\"}]},{\"@type\":\"WebSite\",\"@id\":\"https:\\\/\\\/fit360.ee\\\/en\\\/#website\",\"url\":\"https:\\\/\\\/fit360.ee\\\/en\\\/\",\"name\":\"Fit360\",\"description\":\"\",\"publisher\":{\"@id\":\"https:\\\/\\\/fit360.ee\\\/en\\\/#organization\"},\"potentialAction\":[{\"@type\":\"SearchAction\",\"target\":{\"@type\":\"EntryPoint\",\"urlTemplate\":\"https:\\\/\\\/fit360.ee\\\/en\\\/?s={search_term_string}\"},\"query-input\":{\"@type\":\"PropertyValueSpecification\",\"valueRequired\":true,\"valueName\":\"search_term_string\"}}],\"inLanguage\":\"en-US\"},{\"@type\":\"Organization\",\"@id\":\"https:\\\/\\\/fit360.ee\\\/en\\\/#organization\",\"name\":\"Fit360\",\"url\":\"https:\\\/\\\/fit360.ee\\\/en\\\/\",\"logo\":{\"@type\":\"ImageObject\",\"inLanguage\":\"en-US\",\"@id\":\"https:\\\/\\\/fit360.ee\\\/en\\\/#\\\/schema\\\/logo\\\/image\\\/\",\"url\":\"https:\\\/\\\/fit360.ee\\\/wp-content\\\/uploads\\\/2017\\\/01\\\/logo-fit360.png\",\"contentUrl\":\"https:\\\/\\\/fit360.ee\\\/wp-content\\\/uploads\\\/2017\\\/01\\\/logo-fit360.png\",\"width\":180,\"height\":66,\"caption\":\"Fit360\"},\"image\":{\"@id\":\"https:\\\/\\\/fit360.ee\\\/en\\\/#\\\/schema\\\/logo\\\/image\\\/\"}}]}<\/script>\n<!-- \/ Yoast SEO plugin. -->","yoast_head_json":{"title":"Berberine HCL 97% (90 vCaps) - Aju Tegevuse toetamine - Fit360","description":"Berberine HCL on m\u00f5eldud neile, kes soovivad hoolitseda oma seede- ja kardiovaskulaars\u00fcsteemi eest. Regulaarne kasutamine aitab parandada ..","robots":{"index":"index","follow":"follow","max-snippet":"max-snippet:-1","max-image-preview":"max-image-preview:large","max-video-preview":"max-video-preview:-1"},"canonical":"https:\/\/fit360.ee\/en\/pood\/product-groups\/superfoods-health-foods-en\/berberine-en\/berberine-hcl\/","og_locale":"en_US","og_type":"article","og_title":"Berberine HCL 97% (90 vCaps) - Aju Tegevuse toetamine - Fit360","og_description":"Berberine HCL on m\u00f5eldud neile, kes soovivad hoolitseda oma seede- ja kardiovaskulaars\u00fcsteemi eest. Regulaarne kasutamine aitab parandada ..","og_url":"https:\/\/fit360.ee\/en\/pood\/product-groups\/superfoods-health-foods-en\/berberine-en\/berberine-hcl\/","og_site_name":"Fit360","article_modified_time":"2026-04-10T12:42:24+00:00","og_image":[{"width":450,"height":450,"url":"https:\/\/fit360.ee\/wp-content\/uploads\/2023\/04\/berberine-hcl-fit360.ee_.png","type":"image\/png"}],"twitter_card":"summary_large_image","twitter_misc":{"Est. reading time":"2 minutes"},"schema":{"@context":"https:\/\/schema.org","@graph":[{"@type":"WebPage","@id":"https:\/\/fit360.ee\/en\/pood\/product-groups\/superfoods-health-foods-en\/berberine-en\/berberine-hcl\/","url":"https:\/\/fit360.ee\/en\/pood\/product-groups\/superfoods-health-foods-en\/berberine-en\/berberine-hcl\/","name":"Berberine HCL 97% (90 vCaps) - Aju Tegevuse toetamine - Fit360","isPartOf":{"@id":"https:\/\/fit360.ee\/en\/#website"},"primaryImageOfPage":{"@id":"https:\/\/fit360.ee\/en\/pood\/product-groups\/superfoods-health-foods-en\/berberine-en\/berberine-hcl\/#primaryimage"},"image":{"@id":"https:\/\/fit360.ee\/en\/pood\/product-groups\/superfoods-health-foods-en\/berberine-en\/berberine-hcl\/#primaryimage"},"thumbnailUrl":"https:\/\/fit360.ee\/wp-content\/uploads\/2023\/04\/berberine-hcl-fit360.ee_.png","datePublished":"2023-04-05T18:29:14+00:00","dateModified":"2026-04-10T12:42:24+00:00","description":"Berberine HCL on m\u00f5eldud neile, kes soovivad hoolitseda oma seede- ja kardiovaskulaars\u00fcsteemi eest. Regulaarne kasutamine aitab parandada ..","breadcrumb":{"@id":"https:\/\/fit360.ee\/en\/pood\/product-groups\/superfoods-health-foods-en\/berberine-en\/berberine-hcl\/#breadcrumb"},"inLanguage":"en-US","potentialAction":[{"@type":"ReadAction","target":["https:\/\/fit360.ee\/en\/pood\/product-groups\/superfoods-health-foods-en\/berberine-en\/berberine-hcl\/"]}]},{"@type":"ImageObject","inLanguage":"en-US","@id":"https:\/\/fit360.ee\/en\/pood\/product-groups\/superfoods-health-foods-en\/berberine-en\/berberine-hcl\/#primaryimage","url":"https:\/\/fit360.ee\/wp-content\/uploads\/2023\/04\/berberine-hcl-fit360.ee_.png","contentUrl":"https:\/\/fit360.ee\/wp-content\/uploads\/2023\/04\/berberine-hcl-fit360.ee_.png","width":450,"height":450,"caption":"berberine hcl - fit360.ee"},{"@type":"BreadcrumbList","@id":"https:\/\/fit360.ee\/en\/pood\/product-groups\/superfoods-health-foods-en\/berberine-en\/berberine-hcl\/#breadcrumb","itemListElement":[{"@type":"ListItem","position":1,"name":"Home","item":"https:\/\/fit360.ee\/en\/"},{"@type":"ListItem","position":2,"name":"Shop","item":"https:\/\/fit360.ee\/en\/shop\/"},{"@type":"ListItem","position":3,"name":"Berberine HCL 97% (90 vCaps)"}]},{"@type":"WebSite","@id":"https:\/\/fit360.ee\/en\/#website","url":"https:\/\/fit360.ee\/en\/","name":"Fit360","description":"","publisher":{"@id":"https:\/\/fit360.ee\/en\/#organization"},"potentialAction":[{"@type":"SearchAction","target":{"@type":"EntryPoint","urlTemplate":"https:\/\/fit360.ee\/en\/?s={search_term_string}"},"query-input":{"@type":"PropertyValueSpecification","valueRequired":true,"valueName":"search_term_string"}}],"inLanguage":"en-US"},{"@type":"Organization","@id":"https:\/\/fit360.ee\/en\/#organization","name":"Fit360","url":"https:\/\/fit360.ee\/en\/","logo":{"@type":"ImageObject","inLanguage":"en-US","@id":"https:\/\/fit360.ee\/en\/#\/schema\/logo\/image\/","url":"https:\/\/fit360.ee\/wp-content\/uploads\/2017\/01\/logo-fit360.png","contentUrl":"https:\/\/fit360.ee\/wp-content\/uploads\/2017\/01\/logo-fit360.png","width":180,"height":66,"caption":"Fit360"},"image":{"@id":"https:\/\/fit360.ee\/en\/#\/schema\/logo\/image\/"}}]}},"_links":{"self":[{"href":"https:\/\/fit360.ee\/en\/wp-json\/wp\/v2\/product\/69523","targetHints":{"allow":["GET"]}}],"collection":[{"href":"https:\/\/fit360.ee\/en\/wp-json\/wp\/v2\/product"}],"about":[{"href":"https:\/\/fit360.ee\/en\/wp-json\/wp\/v2\/types\/product"}],"replies":[{"embeddable":true,"href":"https:\/\/fit360.ee\/en\/wp-json\/wp\/v2\/comments?post=69523"}],"wp:featuredmedia":[{"embeddable":true,"href":"https:\/\/fit360.ee\/en\/wp-json\/wp\/v2\/media\/69522"}],"wp:attachment":[{"href":"https:\/\/fit360.ee\/en\/wp-json\/wp\/v2\/media?parent=69523"}],"wp:term":[{"taxonomy":"product_brand","embeddable":true,"href":"https:\/\/fit360.ee\/en\/wp-json\/wp\/v2\/product_brand?post=69523"},{"taxonomy":"product_cat","embeddable":true,"href":"https:\/\/fit360.ee\/en\/wp-json\/wp\/v2\/product_cat?post=69523"},{"taxonomy":"product_tag","embeddable":true,"href":"https:\/\/fit360.ee\/en\/wp-json\/wp\/v2\/product_tag?post=69523"},{"taxonomy":"giftcard-category","embeddable":true,"href":"https:\/\/fit360.ee\/en\/wp-json\/wp\/v2\/giftcard-category?post=69523"}],"curies":[{"name":"wp","href":"https:\/\/api.w.org\/{rel}","templated":true}]}}