{"id":69566,"date":"2023-04-07T11:59:51","date_gmt":"2023-04-07T09:59:51","guid":{"rendered":"https:\/\/fit360.ee\/pood\/uncategorized\/l-theanine-90-vcaps\/"},"modified":"2026-04-10T16:11:39","modified_gmt":"2026-04-10T14:11:39","slug":"l-theanine-90-vcaps","status":"publish","type":"product","link":"https:\/\/fit360.ee\/en\/pood\/product-groups\/%d0%b2%d0%b5%d0%b3%d0%b0%d0%bd\/vegan-capsules-en\/l-theanine-90-vcaps\/","title":{"rendered":"L-Theanine (90 vCaps)"},"content":{"rendered":"<h2 class=\"cm__heading\"><strong>L-Theanine<\/strong><\/h2>\n<p>OstroVit L-Theanine on vegan toidulisand, mis sisaldab L-teaniini ja inuliini.\u00a0L-Teaniini soovitatakse inimestele, kes elavad pidevas pinges, kellel on probleeme \u00f5ppimis- ja keskendumisv\u00f5imega.<\/p>\n<p><a href=\"https:\/\/fit360.ee\/wp-content\/uploads\/2023\/04\/l-teaniin-fit360.ee_-800x312.jpg\"><img loading=\"lazy\" decoding=\"async\" class=\"size-medium wp-image-69562\" src=\"https:\/\/fit360.ee\/wp-content\/uploads\/2023\/04\/l-teaniin-fit360.ee_-800x312.jpg\" alt=\"l-teaniin - fit360.ee\" width=\"800\" height=\"312\" srcset=\"https:\/\/fit360.ee\/wp-content\/uploads\/2023\/04\/l-teaniin-fit360.ee_-800x312.jpg 800w, https:\/\/fit360.ee\/wp-content\/uploads\/2023\/04\/l-teaniin-fit360.ee_-510x199.jpg 510w, https:\/\/fit360.ee\/wp-content\/uploads\/2023\/04\/l-teaniin-fit360.ee_-768x300.jpg 768w, https:\/\/fit360.ee\/wp-content\/uploads\/2023\/04\/l-teaniin-fit360.ee_.jpg 922w\" sizes=\"auto, (max-width: 800px) 100vw, 800px\" \/><\/a><\/p>\n<h4 class=\"cm__heading\"><strong>Mis on l-teaniin ja millal tasub seda kasutada?<\/strong><\/h4>\n<p class=\"cm__text\">L-teaniin on bioloogiliselt aktiivne mitteproteinogeenne aminohape, mis esineb looduslikult teelehtedes, moodustab umbes 1-2,5% nende kuivkaalust ja annab teeleotisele iseloomuliku umami maitse.\u00a0T\u00e4nu sellele, et L-teaniini keemiline struktuur on v\u00e4ga sarnane glutamiini struktuuriga, suudab ta \u00fcletada hematoentsefaalbarj\u00e4\u00e4ri.\u00a0Tegelikult v\u00f5ib see avaldada otsest m\u00f5ju teie kognitiivsetele funktsioonidele, nt v\u00f5ib v\u00e4hendada \u00e4revust, toetada \u00f5ppimist, samuti v\u00e4hendada f\u00fc\u00fcsilist v\u00e4simust p\u00e4rast intensiivset treeningut.<\/p>\n<h4 class=\"cm__heading\"><strong>OstroVit L-Theanine VEGE koostisainete omadused<\/strong>:<\/h4>\n<ul class=\"cm__list\">\n<li><strong>Aju Tugi<\/strong>\u00a0\u2013 Toode v\u00f5ib toetada kognitiivseid v\u00f5imeid, mis v\u00e4ljendub kiiremas meeldej\u00e4tmises ja paremas keskendumisv\u00f5imes.<\/li>\n<li><strong>KiiremTaastumine <\/strong>\u2013 L-teaniin v\u00f5ib v\u00e4hendada f\u00fc\u00fcsilist v\u00e4simust, nii et see sobib suurep\u00e4raselt sportlastele, kes soovivad pikendada treeningu kestust ja nautida kiiremat taastumist.<\/li>\n<li><strong>Immuunsuse stimulatsioon<\/strong>\u00a0\u2013 L-teaniini metaboliit aktiveerib gamma-delta T-rakke, mis on immunoloogilise s\u00fcsteemi oluline element.<\/li>\n<li><strong>Vegan koostis<\/strong>\u00a0\u2013 Toidulisand on peidetud vegankapslisse, mis on vaba loomse p\u00e4ritoluga ainetest.\u00a0T\u00e4nu sellele saate seda kasutada isegi siis, kui elate veganliku eluviisiga.<\/li>\n<\/ul>\n<p><strong>Koostisosad<\/strong>: L-teaniin, inuliin, katte koostis (t\u00e4iteaine: h\u00fcdroks\u00fcprop\u00fc\u00fclmet\u00fc\u00fcltselluloos).<\/p>\n<p><strong>Kasutamine<\/strong>: V\u00f5tke 1 portsjon (1 kapsel) p\u00e4evas koos toiduga.<\/p>\n<p><strong>Suurus<\/strong>: 90 <a href=\"https:\/\/fit360.ee\/en\/product-category\/product-groups\/%d0%b2%d0%b5%d0%b3%d0%b0%d0%bd\/vegan-capsules-en\/\"><strong>vCaps &#8211; Vegan kapslit<\/strong><\/a> &#8211; 90 serveeringut.<\/p>\n<section class=\"projector__description--nutritional row\" data-selector=\".--nutritional\">\n<div class=\"col-12 col-md-10 col-lg-8\">\n<div class=\"--nutrit\">\n<div class=\"nutrition_table_wrapper\">\n<div class=\"table_wrapper\">\n<table>\n<tbody>\n<tr>\n<th>Aktiivsed Toimeained<\/th>\n<th>1 kapsel<\/th>\n<\/tr>\n<tr>\n<td>L-Teaniin<\/td>\n<td>200 mg<\/td>\n<\/tr>\n<tr>\n<td>Inuliin<\/td>\n<td>100 mg<\/td>\n<\/tr>\n<\/tbody>\n<\/table>\n<p><span style=\"font-size: 14.4px;\">Vaata ka meie teisi Aminohappeid <\/span><a style=\"font-size: 14.4px;\" href=\"https:\/\/fit360.ee\/en\/product-category\/product-groups\/amino-acids-bcaa\/\"><strong>SIIT<\/strong><\/a><span style=\"font-size: 14.4px;\"> v\u00f5i Aju Tegevust Toetavaid Toidulisandeid <\/span><a style=\"font-size: 14.4px;\" href=\"https:\/\/fit360.ee\/en\/product-category\/product-groups\/brain-support-nootropics-en\/\"><strong>SIIT<\/strong><\/a><span style=\"font-size: 14.4px;\">!<\/span><\/p>\n<\/div>\n<\/div>\n<\/div>\n<\/div>\n<\/section>\n<p>Soovid kaupa osta suuremas koguses? Vaata antud toodet ka meie HULGI poest\u00a0<a href=\"https:\/\/toidulisandidhulgi.ee\/product\/l-theanine-90-vcaps\/\"><strong>SIIT<\/strong><\/a>!<\/p>\n","protected":false},"excerpt":{"rendered":"<ul>\n<li>Aju Tegevuse toetamine<\/li>\n<li>Kiirem taastumine<\/li>\n<li>Vegan kapslis<\/li>\n<li>Toetab immuuns\u00fcsteemi<\/li>\n<\/ul>\n","protected":false},"featured_media":76627,"comment_status":"closed","ping_status":"closed","template":"","meta":[],"product_brand":[],"product_cat":[520,2485,1329,1454,2664,536,1201],"product_tag":[3521,3522,1924],"giftcard-category":[],"class_list":{"0":"post-69566","1":"product","2":"type-product","3":"status-publish","4":"has-post-thumbnail","6":"product_cat-amino-acids-bcaa","7":"product_cat-brain-support-nootropics-en","8":"product_cat-ostrovit-en","9":"product_cat-superfoods-health-foods-en","10":"product_cat-vegan-capsules-en","11":"product_cat-vitamins-and-minerals-en","12":"product_cat-1201","13":"product_tag-l-teaniin-en","14":"product_tag-l-theanine-en","15":"product_tag-ostrovit-en","16":"pa_kogus-90-vcaps-en","17":"pa_toidulisand-branddd-ostrovit","18":"pa_tootegruppp-aju-tegevus-nootropics-en","19":"pa_tootegruppp-amino-acidsbcaa","20":"pa_tootegruppp-supertoit-tervisetoit-en","21":"pa_tootegruppp-vcaps-vegan-kapslid-en","22":"pa_tootegruppp-vegan-en","23":"pa_tootegruppp-vitamins-and-minerals","25":"first","26":"outofstock","27":"sale","28":"taxable","29":"shipping-taxable","30":"purchasable","31":"product-type-simple"},"yoast_head":"<!-- This site is optimized with the Yoast SEO plugin v27.3 - https:\/\/yoast.com\/product\/yoast-seo-wordpress\/ -->\n<title>L-Theanine (90 vCaps) - L-teaniin- Aju tegevuse toetamine - Fit360<\/title>\n<meta name=\"description\" content=\"L-Theanine soovitatakse inimestele, kes elavad pidevas pinges, kellel on probleeme \u00f5ppimis- ja keskendumisv\u00f5imega. Kiire Tarne!\" \/>\n<meta name=\"robots\" content=\"index, follow, max-snippet:-1, max-image-preview:large, max-video-preview:-1\" \/>\n<link rel=\"canonical\" href=\"https:\/\/fit360.ee\/en\/pood\/product-groups\/\u0432\u0435\u0433\u0430\u043d\/vegan-capsules-en\/l-theanine-90-vcaps\/\" \/>\n<meta property=\"og:locale\" content=\"en_US\" \/>\n<meta property=\"og:type\" content=\"article\" \/>\n<meta property=\"og:title\" content=\"L-Theanine (90 vCaps) - L-teaniin- Aju tegevuse toetamine - Fit360\" \/>\n<meta property=\"og:description\" content=\"L-Theanine soovitatakse inimestele, kes elavad pidevas pinges, kellel on probleeme \u00f5ppimis- ja keskendumisv\u00f5imega. Kiire Tarne!\" \/>\n<meta property=\"og:url\" content=\"https:\/\/fit360.ee\/en\/pood\/product-groups\/\u0432\u0435\u0433\u0430\u043d\/vegan-capsules-en\/l-theanine-90-vcaps\/\" \/>\n<meta property=\"og:site_name\" content=\"Fit360\" \/>\n<meta property=\"article:modified_time\" content=\"2026-04-10T14:11:39+00:00\" \/>\n<meta property=\"og:image\" content=\"https:\/\/fit360.ee\/wp-content\/uploads\/2023\/04\/ostrovit-l-theanine-fit360.ee-1.png\" \/>\n\t<meta property=\"og:image:width\" content=\"450\" \/>\n\t<meta property=\"og:image:height\" content=\"450\" \/>\n\t<meta property=\"og:image:type\" content=\"image\/png\" \/>\n<meta name=\"twitter:card\" content=\"summary_large_image\" \/>\n<meta name=\"twitter:label1\" content=\"Est. reading time\" \/>\n\t<meta name=\"twitter:data1\" content=\"2 minutes\" \/>\n<script type=\"application\/ld+json\" class=\"yoast-schema-graph\">{\"@context\":\"https:\\\/\\\/schema.org\",\"@graph\":[{\"@type\":\"WebPage\",\"@id\":\"https:\\\/\\\/fit360.ee\\\/en\\\/pood\\\/product-groups\\\/%d0%b2%d0%b5%d0%b3%d0%b0%d0%bd\\\/vegan-capsules-en\\\/l-theanine-90-vcaps\\\/\",\"url\":\"https:\\\/\\\/fit360.ee\\\/en\\\/pood\\\/product-groups\\\/%d0%b2%d0%b5%d0%b3%d0%b0%d0%bd\\\/vegan-capsules-en\\\/l-theanine-90-vcaps\\\/\",\"name\":\"L-Theanine (90 vCaps) - L-teaniin- Aju tegevuse toetamine - Fit360\",\"isPartOf\":{\"@id\":\"https:\\\/\\\/fit360.ee\\\/en\\\/#website\"},\"primaryImageOfPage\":{\"@id\":\"https:\\\/\\\/fit360.ee\\\/en\\\/pood\\\/product-groups\\\/%d0%b2%d0%b5%d0%b3%d0%b0%d0%bd\\\/vegan-capsules-en\\\/l-theanine-90-vcaps\\\/#primaryimage\"},\"image\":{\"@id\":\"https:\\\/\\\/fit360.ee\\\/en\\\/pood\\\/product-groups\\\/%d0%b2%d0%b5%d0%b3%d0%b0%d0%bd\\\/vegan-capsules-en\\\/l-theanine-90-vcaps\\\/#primaryimage\"},\"thumbnailUrl\":\"https:\\\/\\\/fit360.ee\\\/wp-content\\\/uploads\\\/2023\\\/04\\\/ostrovit-l-theanine-fit360.ee-1.png\",\"datePublished\":\"2023-04-07T09:59:51+00:00\",\"dateModified\":\"2026-04-10T14:11:39+00:00\",\"description\":\"L-Theanine soovitatakse inimestele, kes elavad pidevas pinges, kellel on probleeme \u00f5ppimis- ja keskendumisv\u00f5imega. Kiire Tarne!\",\"breadcrumb\":{\"@id\":\"https:\\\/\\\/fit360.ee\\\/en\\\/pood\\\/product-groups\\\/%d0%b2%d0%b5%d0%b3%d0%b0%d0%bd\\\/vegan-capsules-en\\\/l-theanine-90-vcaps\\\/#breadcrumb\"},\"inLanguage\":\"en-US\",\"potentialAction\":[{\"@type\":\"ReadAction\",\"target\":[\"https:\\\/\\\/fit360.ee\\\/en\\\/pood\\\/product-groups\\\/%d0%b2%d0%b5%d0%b3%d0%b0%d0%bd\\\/vegan-capsules-en\\\/l-theanine-90-vcaps\\\/\"]}]},{\"@type\":\"ImageObject\",\"inLanguage\":\"en-US\",\"@id\":\"https:\\\/\\\/fit360.ee\\\/en\\\/pood\\\/product-groups\\\/%d0%b2%d0%b5%d0%b3%d0%b0%d0%bd\\\/vegan-capsules-en\\\/l-theanine-90-vcaps\\\/#primaryimage\",\"url\":\"https:\\\/\\\/fit360.ee\\\/wp-content\\\/uploads\\\/2023\\\/04\\\/ostrovit-l-theanine-fit360.ee-1.png\",\"contentUrl\":\"https:\\\/\\\/fit360.ee\\\/wp-content\\\/uploads\\\/2023\\\/04\\\/ostrovit-l-theanine-fit360.ee-1.png\",\"width\":450,\"height\":450,\"caption\":\"ostrovit l-theanine - fit360.ee\"},{\"@type\":\"BreadcrumbList\",\"@id\":\"https:\\\/\\\/fit360.ee\\\/en\\\/pood\\\/product-groups\\\/%d0%b2%d0%b5%d0%b3%d0%b0%d0%bd\\\/vegan-capsules-en\\\/l-theanine-90-vcaps\\\/#breadcrumb\",\"itemListElement\":[{\"@type\":\"ListItem\",\"position\":1,\"name\":\"Home\",\"item\":\"https:\\\/\\\/fit360.ee\\\/en\\\/\"},{\"@type\":\"ListItem\",\"position\":2,\"name\":\"Shop\",\"item\":\"https:\\\/\\\/fit360.ee\\\/en\\\/shop\\\/\"},{\"@type\":\"ListItem\",\"position\":3,\"name\":\"L-Theanine (90 vCaps)\"}]},{\"@type\":\"WebSite\",\"@id\":\"https:\\\/\\\/fit360.ee\\\/en\\\/#website\",\"url\":\"https:\\\/\\\/fit360.ee\\\/en\\\/\",\"name\":\"Fit360\",\"description\":\"\",\"publisher\":{\"@id\":\"https:\\\/\\\/fit360.ee\\\/en\\\/#organization\"},\"potentialAction\":[{\"@type\":\"SearchAction\",\"target\":{\"@type\":\"EntryPoint\",\"urlTemplate\":\"https:\\\/\\\/fit360.ee\\\/en\\\/?s={search_term_string}\"},\"query-input\":{\"@type\":\"PropertyValueSpecification\",\"valueRequired\":true,\"valueName\":\"search_term_string\"}}],\"inLanguage\":\"en-US\"},{\"@type\":\"Organization\",\"@id\":\"https:\\\/\\\/fit360.ee\\\/en\\\/#organization\",\"name\":\"Fit360\",\"url\":\"https:\\\/\\\/fit360.ee\\\/en\\\/\",\"logo\":{\"@type\":\"ImageObject\",\"inLanguage\":\"en-US\",\"@id\":\"https:\\\/\\\/fit360.ee\\\/en\\\/#\\\/schema\\\/logo\\\/image\\\/\",\"url\":\"https:\\\/\\\/fit360.ee\\\/wp-content\\\/uploads\\\/2017\\\/01\\\/logo-fit360.png\",\"contentUrl\":\"https:\\\/\\\/fit360.ee\\\/wp-content\\\/uploads\\\/2017\\\/01\\\/logo-fit360.png\",\"width\":180,\"height\":66,\"caption\":\"Fit360\"},\"image\":{\"@id\":\"https:\\\/\\\/fit360.ee\\\/en\\\/#\\\/schema\\\/logo\\\/image\\\/\"}}]}<\/script>\n<!-- \/ Yoast SEO plugin. -->","yoast_head_json":{"title":"L-Theanine (90 vCaps) - L-teaniin- Aju tegevuse toetamine - Fit360","description":"L-Theanine soovitatakse inimestele, kes elavad pidevas pinges, kellel on probleeme \u00f5ppimis- ja keskendumisv\u00f5imega. Kiire Tarne!","robots":{"index":"index","follow":"follow","max-snippet":"max-snippet:-1","max-image-preview":"max-image-preview:large","max-video-preview":"max-video-preview:-1"},"canonical":"https:\/\/fit360.ee\/en\/pood\/product-groups\/\u0432\u0435\u0433\u0430\u043d\/vegan-capsules-en\/l-theanine-90-vcaps\/","og_locale":"en_US","og_type":"article","og_title":"L-Theanine (90 vCaps) - L-teaniin- Aju tegevuse toetamine - Fit360","og_description":"L-Theanine soovitatakse inimestele, kes elavad pidevas pinges, kellel on probleeme \u00f5ppimis- ja keskendumisv\u00f5imega. Kiire Tarne!","og_url":"https:\/\/fit360.ee\/en\/pood\/product-groups\/\u0432\u0435\u0433\u0430\u043d\/vegan-capsules-en\/l-theanine-90-vcaps\/","og_site_name":"Fit360","article_modified_time":"2026-04-10T14:11:39+00:00","og_image":[{"width":450,"height":450,"url":"https:\/\/fit360.ee\/wp-content\/uploads\/2023\/04\/ostrovit-l-theanine-fit360.ee-1.png","type":"image\/png"}],"twitter_card":"summary_large_image","twitter_misc":{"Est. reading time":"2 minutes"},"schema":{"@context":"https:\/\/schema.org","@graph":[{"@type":"WebPage","@id":"https:\/\/fit360.ee\/en\/pood\/product-groups\/%d0%b2%d0%b5%d0%b3%d0%b0%d0%bd\/vegan-capsules-en\/l-theanine-90-vcaps\/","url":"https:\/\/fit360.ee\/en\/pood\/product-groups\/%d0%b2%d0%b5%d0%b3%d0%b0%d0%bd\/vegan-capsules-en\/l-theanine-90-vcaps\/","name":"L-Theanine (90 vCaps) - L-teaniin- Aju tegevuse toetamine - Fit360","isPartOf":{"@id":"https:\/\/fit360.ee\/en\/#website"},"primaryImageOfPage":{"@id":"https:\/\/fit360.ee\/en\/pood\/product-groups\/%d0%b2%d0%b5%d0%b3%d0%b0%d0%bd\/vegan-capsules-en\/l-theanine-90-vcaps\/#primaryimage"},"image":{"@id":"https:\/\/fit360.ee\/en\/pood\/product-groups\/%d0%b2%d0%b5%d0%b3%d0%b0%d0%bd\/vegan-capsules-en\/l-theanine-90-vcaps\/#primaryimage"},"thumbnailUrl":"https:\/\/fit360.ee\/wp-content\/uploads\/2023\/04\/ostrovit-l-theanine-fit360.ee-1.png","datePublished":"2023-04-07T09:59:51+00:00","dateModified":"2026-04-10T14:11:39+00:00","description":"L-Theanine soovitatakse inimestele, kes elavad pidevas pinges, kellel on probleeme \u00f5ppimis- ja keskendumisv\u00f5imega. Kiire Tarne!","breadcrumb":{"@id":"https:\/\/fit360.ee\/en\/pood\/product-groups\/%d0%b2%d0%b5%d0%b3%d0%b0%d0%bd\/vegan-capsules-en\/l-theanine-90-vcaps\/#breadcrumb"},"inLanguage":"en-US","potentialAction":[{"@type":"ReadAction","target":["https:\/\/fit360.ee\/en\/pood\/product-groups\/%d0%b2%d0%b5%d0%b3%d0%b0%d0%bd\/vegan-capsules-en\/l-theanine-90-vcaps\/"]}]},{"@type":"ImageObject","inLanguage":"en-US","@id":"https:\/\/fit360.ee\/en\/pood\/product-groups\/%d0%b2%d0%b5%d0%b3%d0%b0%d0%bd\/vegan-capsules-en\/l-theanine-90-vcaps\/#primaryimage","url":"https:\/\/fit360.ee\/wp-content\/uploads\/2023\/04\/ostrovit-l-theanine-fit360.ee-1.png","contentUrl":"https:\/\/fit360.ee\/wp-content\/uploads\/2023\/04\/ostrovit-l-theanine-fit360.ee-1.png","width":450,"height":450,"caption":"ostrovit l-theanine - fit360.ee"},{"@type":"BreadcrumbList","@id":"https:\/\/fit360.ee\/en\/pood\/product-groups\/%d0%b2%d0%b5%d0%b3%d0%b0%d0%bd\/vegan-capsules-en\/l-theanine-90-vcaps\/#breadcrumb","itemListElement":[{"@type":"ListItem","position":1,"name":"Home","item":"https:\/\/fit360.ee\/en\/"},{"@type":"ListItem","position":2,"name":"Shop","item":"https:\/\/fit360.ee\/en\/shop\/"},{"@type":"ListItem","position":3,"name":"L-Theanine (90 vCaps)"}]},{"@type":"WebSite","@id":"https:\/\/fit360.ee\/en\/#website","url":"https:\/\/fit360.ee\/en\/","name":"Fit360","description":"","publisher":{"@id":"https:\/\/fit360.ee\/en\/#organization"},"potentialAction":[{"@type":"SearchAction","target":{"@type":"EntryPoint","urlTemplate":"https:\/\/fit360.ee\/en\/?s={search_term_string}"},"query-input":{"@type":"PropertyValueSpecification","valueRequired":true,"valueName":"search_term_string"}}],"inLanguage":"en-US"},{"@type":"Organization","@id":"https:\/\/fit360.ee\/en\/#organization","name":"Fit360","url":"https:\/\/fit360.ee\/en\/","logo":{"@type":"ImageObject","inLanguage":"en-US","@id":"https:\/\/fit360.ee\/en\/#\/schema\/logo\/image\/","url":"https:\/\/fit360.ee\/wp-content\/uploads\/2017\/01\/logo-fit360.png","contentUrl":"https:\/\/fit360.ee\/wp-content\/uploads\/2017\/01\/logo-fit360.png","width":180,"height":66,"caption":"Fit360"},"image":{"@id":"https:\/\/fit360.ee\/en\/#\/schema\/logo\/image\/"}}]}},"_links":{"self":[{"href":"https:\/\/fit360.ee\/en\/wp-json\/wp\/v2\/product\/69566","targetHints":{"allow":["GET"]}}],"collection":[{"href":"https:\/\/fit360.ee\/en\/wp-json\/wp\/v2\/product"}],"about":[{"href":"https:\/\/fit360.ee\/en\/wp-json\/wp\/v2\/types\/product"}],"replies":[{"embeddable":true,"href":"https:\/\/fit360.ee\/en\/wp-json\/wp\/v2\/comments?post=69566"}],"wp:featuredmedia":[{"embeddable":true,"href":"https:\/\/fit360.ee\/en\/wp-json\/wp\/v2\/media\/76627"}],"wp:attachment":[{"href":"https:\/\/fit360.ee\/en\/wp-json\/wp\/v2\/media?parent=69566"}],"wp:term":[{"taxonomy":"product_brand","embeddable":true,"href":"https:\/\/fit360.ee\/en\/wp-json\/wp\/v2\/product_brand?post=69566"},{"taxonomy":"product_cat","embeddable":true,"href":"https:\/\/fit360.ee\/en\/wp-json\/wp\/v2\/product_cat?post=69566"},{"taxonomy":"product_tag","embeddable":true,"href":"https:\/\/fit360.ee\/en\/wp-json\/wp\/v2\/product_tag?post=69566"},{"taxonomy":"giftcard-category","embeddable":true,"href":"https:\/\/fit360.ee\/en\/wp-json\/wp\/v2\/giftcard-category?post=69566"}],"curies":[{"name":"wp","href":"https:\/\/api.w.org\/{rel}","templated":true}]}}