{"id":69572,"date":"2023-04-07T12:17:39","date_gmt":"2023-04-07T10:17:39","guid":{"rendered":"https:\/\/fit360.ee\/pood\/uncategorized\/psullium\/"},"modified":"2025-08-19T09:00:16","modified_gmt":"2025-08-19T07:00:16","slug":"psullium","status":"publish","type":"product","link":"https:\/\/fit360.ee\/en\/pood\/product-groups\/superfoods-health-foods-en\/fiber-en\/psullium\/","title":{"rendered":"Ps\u00fcllium Kiudaine (600g)"},"content":{"rendered":"<h2><strong>Ps\u00fcllium<\/strong><\/h2>\n<p>OstroVit Ps\u00fcllium Vege kiudaine \u2013 on toode, mis on ps\u00fclliumi teradest ja jahubanaanikestast saadud looduslike kiudude allikas. P\u00e4rast allaneelamist paisuvad jahubanaani munajas ja ps\u00fclliumi seemned soolestikus, andes k\u00fcllastustunde.\u00a0Toode on looduslik kiudainete allikas.<\/p>\n<p><a href=\"https:\/\/fit360.ee\/wp-content\/uploads\/2023\/04\/psyllium-kiudaine-fit360.ee-1-800x312.jpg\"><img loading=\"lazy\" decoding=\"async\" class=\"size-medium wp-image-69568\" src=\"https:\/\/fit360.ee\/wp-content\/uploads\/2023\/04\/psyllium-kiudaine-fit360.ee-1-800x312.jpg\" alt=\"psyllium kiudaine - fit360.ee\" width=\"800\" height=\"312\" srcset=\"https:\/\/fit360.ee\/wp-content\/uploads\/2023\/04\/psyllium-kiudaine-fit360.ee-1-800x312.jpg 800w, https:\/\/fit360.ee\/wp-content\/uploads\/2023\/04\/psyllium-kiudaine-fit360.ee-1-510x199.jpg 510w, https:\/\/fit360.ee\/wp-content\/uploads\/2023\/04\/psyllium-kiudaine-fit360.ee-1-768x300.jpg 768w, https:\/\/fit360.ee\/wp-content\/uploads\/2023\/04\/psyllium-kiudaine-fit360.ee-1.jpg 922w\" sizes=\"auto, (max-width: 800px) 100vw, 800px\" \/><\/a><\/p>\n<ul class=\"cm__list\">\n<li>Toode on m\u00f5eldud veganitele ja taimetoitlastele<\/li>\n<li>Looduslik kiudaine allikas<\/li>\n<li>\u00dches pakendis koguni 600g<\/li>\n<li>7 g = \u00fcks portsjon<\/li>\n<li>Supertoit<\/li>\n<\/ul>\n<h4 class=\"cm__heading\"><strong>Psyllium koostis<\/strong>:<\/h4>\n<p class=\"cm__text\"><strong>Ps\u00fcllium plantain terad \u2013 <\/strong><em>Plantago psyllim<\/em>\u00a0on taim, mis p\u00e4rineb Vahemerest, Aasiast ja P\u00f5hja-Aafrikast.\u00a0100g \u00e4mblikuv\u00f5rgu seemnetes on koguni 68 g kiudaineid. See toetab t\u00fchjenemist ja reguleerib soolestikku.\u00a0See toetab kaalulangetamise protsessi, kuna v\u00e4hendab n\u00e4ljatunnet.\u00a0See v\u00e4hendab rasvade imendumist ja kiirendab ainevahetusprotsesse.<\/p>\n<p class=\"cm__text\"><strong>Jahubanaanimuna soomused \u2013 Plantago ovata \u2013<\/strong>\u00a0on p\u00e4rit Vahemere l\u00e4\u00e4neosast.\u00a0Need on suurep\u00e4rane looduslike kiudainete allikas. Toetab ainevahetust ja soolestiku t\u00f6\u00f6d.\u00a0Positiivne m\u00f5ju seedimisele.\u00a0Lisaks toetab see inimeste keha, kellel on probleeme k\u00f5hukinnisusega.<\/p>\n<h4 class=\"cm__heading\"><strong>OstroVit Fiber Psyllium Vege koostisainete omadused<\/strong>:<\/h4>\n<ul class=\"cm__list\">\n<li>Puhastage keha tarbetutest toksiinidest<\/li>\n<li>Aitab hoida kaalu kontroll iall<\/li>\n<li>Seedetrakti h\u00e4irete toetavad tegevused<\/li>\n<\/ul>\n<div class=\"cm__heading\"><strong>Laboratoorselt t\u00f5estatud kvaliteet<\/strong><\/div>\n<p class=\"cm__text --bold\">Klientide tervise huvides testitakse meie toodetud tooteid regulaarselt s\u00f5ltumatus akrediteeritud laboris, et tagada ja s\u00e4ilitada k\u00f5rgeim kvaliteet.<\/p>\n<p><strong>Koostisosad<\/strong>: Ps\u00fclliumi seemned (Plantago psyllium) 70%, ona kestad (Plantago ovata) 30%.<\/p>\n<p><strong>Kasutamine<\/strong>: Segage 7 g (1 lusikat\u00e4is) 200 ml vees.\u00a0Oodake 5-10 minutit.\u00a0Tarbi 1-2 korda p\u00e4evas, olenevalt Sinu vajadustest.\u00a0Toote kasutamise ajal on soovitatav juua umbes 2 liitrit vett p\u00e4evas.<\/p>\n<p><strong>Suurus<\/strong>: 600g &#8211; 85 serveeringut.<\/p>\n<table>\n<tbody>\n<tr>\n<th>Toitev\u00e4\u00e4rtused<\/th>\n<th>100 g kohta<\/th>\n<th>1 portsjon<\/th>\n<th>% SPK*<\/th>\n<\/tr>\n<tr>\n<td>Energia<\/td>\n<td>1013 kJ\/247 kcal<\/td>\n<td>71 kJ \/ 17 kcal<\/td>\n<td>1<\/td>\n<\/tr>\n<tr>\n<td>Paks<\/td>\n<td>5,1 g<\/td>\n<td>0,4 g<\/td>\n<td>1<\/td>\n<\/tr>\n<tr>\n<td>&#8211; millest k\u00fcllastunud rasvhapped<\/td>\n<td>0,7 g<\/td>\n<td>0 g<\/td>\n<td>&#8211;<\/td>\n<\/tr>\n<tr>\n<td>S\u00fcsivesikuid<\/td>\n<td>12 g<\/td>\n<td>0,8 g<\/td>\n<td>&#8211;<\/td>\n<\/tr>\n<tr>\n<td>&#8211; millest suhkrud<\/td>\n<td>0,4 g<\/td>\n<td>0 g<\/td>\n<td>&#8211;<\/td>\n<\/tr>\n<tr>\n<td>Fiber<\/td>\n<td>56 g<\/td>\n<td>3,9 g<\/td>\n<td>&#8211;<\/td>\n<\/tr>\n<tr>\n<td>Valk<\/td>\n<td>10 g<\/td>\n<td>0,7 g<\/td>\n<td>1<\/td>\n<\/tr>\n<tr>\n<td>sool**<\/td>\n<td>0,51 g<\/td>\n<td>0,04 g<\/td>\n<td>1<\/td>\n<\/tr>\n<\/tbody>\n<\/table>\n<p>*SPK- Soovitatud p\u00e4evane kogus<\/p>\n<p>**Soolasisaldus tuleneb eranditult looduslikult esineva naatriumi olemasolust<\/p>\n<p>Vaata ka meie teisi Supertoite <a href=\"https:\/\/fit360.ee\/en\/product-category\/product-groups\/superfoods-health-foods-en\/\"><strong>SIIT<\/strong><\/a> v\u00f5i Kiudaineid <a href=\"https:\/\/fit360.ee\/en\/product-category\/product-groups\/superfoods-health-foods-en\/fiber-en\/\"><strong>SIIT<\/strong><\/a>!<\/p>\n<p>Soovid kaupa osta suuremas koguses? Vaata antud toodet ka meie HULGI poest\u00a0<a href=\"https:\/\/toidulisandidhulgi.ee\/product\/psullium\/\"><strong>SIIT<\/strong><\/a>!<\/p>\n","protected":false},"excerpt":{"rendered":"<ul class=\"cm__list\">\n<li>Puhastage keha tarbetutest toksiinidest<\/li>\n<li>Aitab hoida kaalu kontroll iall<\/li>\n<li>Seedetrakti h\u00e4irete toetavad tegevused<\/li>\n<\/ul>\n","protected":false},"featured_media":84588,"comment_status":"closed","ping_status":"closed","template":"","meta":[],"product_brand":[],"product_cat":[2351,1329,1454,1201],"product_tag":[1924,4278,3512],"giftcard-category":[],"class_list":{"0":"post-69572","1":"product","2":"type-product","3":"status-publish","4":"has-post-thumbnail","6":"product_cat-fiber-en","7":"product_cat-ostrovit-en","8":"product_cat-superfoods-health-foods-en","9":"product_cat-1201","10":"product_tag-ostrovit-en","11":"product_tag-psullium-en","12":"product_tag-psyllium-en","13":"pa_kogus-600g-en","14":"pa_toidulisand-branddd-ostrovit","15":"pa_tootegruppp-kiudained-en","16":"pa_tootegruppp-supertoit-tervisetoit-en","17":"pa_tootegruppp-vegan-en","19":"first","20":"outofstock","21":"sale","22":"taxable","23":"shipping-taxable","24":"purchasable","25":"product-type-simple"},"yoast_head":"<!-- This site is optimized with the Yoast SEO plugin v27.3 - https:\/\/yoast.com\/product\/yoast-seo-wordpress\/ -->\n<title>Ps\u00fcllium Kiudaine (600g) - Psyllium - Kiire Tarne - Fit360<\/title>\n<meta name=\"description\" content=\"Ps\u00fcllium Vege kiudaine \u2013 on toode, mis on ps\u00fclliumi teradest ja jahubanaanikestast saadud looduslike kiudude allikas. P\u00e4rast allaneelamist paisuvad ...\" \/>\n<meta name=\"robots\" content=\"index, follow, max-snippet:-1, max-image-preview:large, max-video-preview:-1\" \/>\n<link rel=\"canonical\" href=\"https:\/\/fit360.ee\/en\/pood\/product-groups\/superfoods-health-foods-en\/fiber-en\/psullium\/\" \/>\n<meta property=\"og:locale\" content=\"en_US\" \/>\n<meta property=\"og:type\" content=\"article\" \/>\n<meta property=\"og:title\" content=\"Ps\u00fcllium Kiudaine (600g) - Psyllium - Kiire Tarne - Fit360\" \/>\n<meta property=\"og:description\" content=\"Ps\u00fcllium Vege kiudaine \u2013 on toode, mis on ps\u00fclliumi teradest ja jahubanaanikestast saadud looduslike kiudude allikas. P\u00e4rast allaneelamist paisuvad ...\" \/>\n<meta property=\"og:url\" content=\"https:\/\/fit360.ee\/en\/pood\/product-groups\/superfoods-health-foods-en\/fiber-en\/psullium\/\" \/>\n<meta property=\"og:site_name\" content=\"Fit360\" \/>\n<meta property=\"article:modified_time\" content=\"2025-08-19T07:00:16+00:00\" \/>\n<meta property=\"og:image\" content=\"https:\/\/fit360.ee\/wp-content\/uploads\/2023\/04\/psullium-psyllium-fit360.ee_.png\" \/>\n\t<meta property=\"og:image:width\" content=\"450\" \/>\n\t<meta property=\"og:image:height\" content=\"450\" \/>\n\t<meta property=\"og:image:type\" content=\"image\/png\" \/>\n<meta name=\"twitter:card\" content=\"summary_large_image\" \/>\n<meta name=\"twitter:label1\" content=\"Est. reading time\" \/>\n\t<meta name=\"twitter:data1\" content=\"2 minutes\" \/>\n<script type=\"application\/ld+json\" class=\"yoast-schema-graph\">{\"@context\":\"https:\\\/\\\/schema.org\",\"@graph\":[{\"@type\":\"WebPage\",\"@id\":\"https:\\\/\\\/fit360.ee\\\/en\\\/pood\\\/product-groups\\\/superfoods-health-foods-en\\\/fiber-en\\\/psullium\\\/\",\"url\":\"https:\\\/\\\/fit360.ee\\\/en\\\/pood\\\/product-groups\\\/superfoods-health-foods-en\\\/fiber-en\\\/psullium\\\/\",\"name\":\"Ps\u00fcllium Kiudaine (600g) - Psyllium - Kiire Tarne - Fit360\",\"isPartOf\":{\"@id\":\"https:\\\/\\\/fit360.ee\\\/en\\\/#website\"},\"primaryImageOfPage\":{\"@id\":\"https:\\\/\\\/fit360.ee\\\/en\\\/pood\\\/product-groups\\\/superfoods-health-foods-en\\\/fiber-en\\\/psullium\\\/#primaryimage\"},\"image\":{\"@id\":\"https:\\\/\\\/fit360.ee\\\/en\\\/pood\\\/product-groups\\\/superfoods-health-foods-en\\\/fiber-en\\\/psullium\\\/#primaryimage\"},\"thumbnailUrl\":\"https:\\\/\\\/fit360.ee\\\/wp-content\\\/uploads\\\/2023\\\/04\\\/psullium-psyllium-fit360.ee_.png\",\"datePublished\":\"2023-04-07T10:17:39+00:00\",\"dateModified\":\"2025-08-19T07:00:16+00:00\",\"description\":\"Ps\u00fcllium Vege kiudaine \u2013 on toode, mis on ps\u00fclliumi teradest ja jahubanaanikestast saadud looduslike kiudude allikas. P\u00e4rast allaneelamist paisuvad ...\",\"breadcrumb\":{\"@id\":\"https:\\\/\\\/fit360.ee\\\/en\\\/pood\\\/product-groups\\\/superfoods-health-foods-en\\\/fiber-en\\\/psullium\\\/#breadcrumb\"},\"inLanguage\":\"en-US\",\"potentialAction\":[{\"@type\":\"ReadAction\",\"target\":[\"https:\\\/\\\/fit360.ee\\\/en\\\/pood\\\/product-groups\\\/superfoods-health-foods-en\\\/fiber-en\\\/psullium\\\/\"]}]},{\"@type\":\"ImageObject\",\"inLanguage\":\"en-US\",\"@id\":\"https:\\\/\\\/fit360.ee\\\/en\\\/pood\\\/product-groups\\\/superfoods-health-foods-en\\\/fiber-en\\\/psullium\\\/#primaryimage\",\"url\":\"https:\\\/\\\/fit360.ee\\\/wp-content\\\/uploads\\\/2023\\\/04\\\/psullium-psyllium-fit360.ee_.png\",\"contentUrl\":\"https:\\\/\\\/fit360.ee\\\/wp-content\\\/uploads\\\/2023\\\/04\\\/psullium-psyllium-fit360.ee_.png\",\"width\":450,\"height\":450,\"caption\":\"ps\u00fcllium psyllium - fit360.ee\"},{\"@type\":\"BreadcrumbList\",\"@id\":\"https:\\\/\\\/fit360.ee\\\/en\\\/pood\\\/product-groups\\\/superfoods-health-foods-en\\\/fiber-en\\\/psullium\\\/#breadcrumb\",\"itemListElement\":[{\"@type\":\"ListItem\",\"position\":1,\"name\":\"Home\",\"item\":\"https:\\\/\\\/fit360.ee\\\/en\\\/\"},{\"@type\":\"ListItem\",\"position\":2,\"name\":\"Shop\",\"item\":\"https:\\\/\\\/fit360.ee\\\/en\\\/shop\\\/\"},{\"@type\":\"ListItem\",\"position\":3,\"name\":\"Ps\u00fcllium Kiudaine (600g)\"}]},{\"@type\":\"WebSite\",\"@id\":\"https:\\\/\\\/fit360.ee\\\/en\\\/#website\",\"url\":\"https:\\\/\\\/fit360.ee\\\/en\\\/\",\"name\":\"Fit360\",\"description\":\"\",\"publisher\":{\"@id\":\"https:\\\/\\\/fit360.ee\\\/en\\\/#organization\"},\"potentialAction\":[{\"@type\":\"SearchAction\",\"target\":{\"@type\":\"EntryPoint\",\"urlTemplate\":\"https:\\\/\\\/fit360.ee\\\/en\\\/?s={search_term_string}\"},\"query-input\":{\"@type\":\"PropertyValueSpecification\",\"valueRequired\":true,\"valueName\":\"search_term_string\"}}],\"inLanguage\":\"en-US\"},{\"@type\":\"Organization\",\"@id\":\"https:\\\/\\\/fit360.ee\\\/en\\\/#organization\",\"name\":\"Fit360\",\"url\":\"https:\\\/\\\/fit360.ee\\\/en\\\/\",\"logo\":{\"@type\":\"ImageObject\",\"inLanguage\":\"en-US\",\"@id\":\"https:\\\/\\\/fit360.ee\\\/en\\\/#\\\/schema\\\/logo\\\/image\\\/\",\"url\":\"https:\\\/\\\/fit360.ee\\\/wp-content\\\/uploads\\\/2017\\\/01\\\/logo-fit360.png\",\"contentUrl\":\"https:\\\/\\\/fit360.ee\\\/wp-content\\\/uploads\\\/2017\\\/01\\\/logo-fit360.png\",\"width\":180,\"height\":66,\"caption\":\"Fit360\"},\"image\":{\"@id\":\"https:\\\/\\\/fit360.ee\\\/en\\\/#\\\/schema\\\/logo\\\/image\\\/\"}}]}<\/script>\n<!-- \/ Yoast SEO plugin. -->","yoast_head_json":{"title":"Ps\u00fcllium Kiudaine (600g) - Psyllium - Kiire Tarne - Fit360","description":"Ps\u00fcllium Vege kiudaine \u2013 on toode, mis on ps\u00fclliumi teradest ja jahubanaanikestast saadud looduslike kiudude allikas. P\u00e4rast allaneelamist paisuvad ...","robots":{"index":"index","follow":"follow","max-snippet":"max-snippet:-1","max-image-preview":"max-image-preview:large","max-video-preview":"max-video-preview:-1"},"canonical":"https:\/\/fit360.ee\/en\/pood\/product-groups\/superfoods-health-foods-en\/fiber-en\/psullium\/","og_locale":"en_US","og_type":"article","og_title":"Ps\u00fcllium Kiudaine (600g) - Psyllium - Kiire Tarne - Fit360","og_description":"Ps\u00fcllium Vege kiudaine \u2013 on toode, mis on ps\u00fclliumi teradest ja jahubanaanikestast saadud looduslike kiudude allikas. P\u00e4rast allaneelamist paisuvad ...","og_url":"https:\/\/fit360.ee\/en\/pood\/product-groups\/superfoods-health-foods-en\/fiber-en\/psullium\/","og_site_name":"Fit360","article_modified_time":"2025-08-19T07:00:16+00:00","og_image":[{"width":450,"height":450,"url":"https:\/\/fit360.ee\/wp-content\/uploads\/2023\/04\/psullium-psyllium-fit360.ee_.png","type":"image\/png"}],"twitter_card":"summary_large_image","twitter_misc":{"Est. reading time":"2 minutes"},"schema":{"@context":"https:\/\/schema.org","@graph":[{"@type":"WebPage","@id":"https:\/\/fit360.ee\/en\/pood\/product-groups\/superfoods-health-foods-en\/fiber-en\/psullium\/","url":"https:\/\/fit360.ee\/en\/pood\/product-groups\/superfoods-health-foods-en\/fiber-en\/psullium\/","name":"Ps\u00fcllium Kiudaine (600g) - Psyllium - Kiire Tarne - Fit360","isPartOf":{"@id":"https:\/\/fit360.ee\/en\/#website"},"primaryImageOfPage":{"@id":"https:\/\/fit360.ee\/en\/pood\/product-groups\/superfoods-health-foods-en\/fiber-en\/psullium\/#primaryimage"},"image":{"@id":"https:\/\/fit360.ee\/en\/pood\/product-groups\/superfoods-health-foods-en\/fiber-en\/psullium\/#primaryimage"},"thumbnailUrl":"https:\/\/fit360.ee\/wp-content\/uploads\/2023\/04\/psullium-psyllium-fit360.ee_.png","datePublished":"2023-04-07T10:17:39+00:00","dateModified":"2025-08-19T07:00:16+00:00","description":"Ps\u00fcllium Vege kiudaine \u2013 on toode, mis on ps\u00fclliumi teradest ja jahubanaanikestast saadud looduslike kiudude allikas. P\u00e4rast allaneelamist paisuvad ...","breadcrumb":{"@id":"https:\/\/fit360.ee\/en\/pood\/product-groups\/superfoods-health-foods-en\/fiber-en\/psullium\/#breadcrumb"},"inLanguage":"en-US","potentialAction":[{"@type":"ReadAction","target":["https:\/\/fit360.ee\/en\/pood\/product-groups\/superfoods-health-foods-en\/fiber-en\/psullium\/"]}]},{"@type":"ImageObject","inLanguage":"en-US","@id":"https:\/\/fit360.ee\/en\/pood\/product-groups\/superfoods-health-foods-en\/fiber-en\/psullium\/#primaryimage","url":"https:\/\/fit360.ee\/wp-content\/uploads\/2023\/04\/psullium-psyllium-fit360.ee_.png","contentUrl":"https:\/\/fit360.ee\/wp-content\/uploads\/2023\/04\/psullium-psyllium-fit360.ee_.png","width":450,"height":450,"caption":"ps\u00fcllium psyllium - fit360.ee"},{"@type":"BreadcrumbList","@id":"https:\/\/fit360.ee\/en\/pood\/product-groups\/superfoods-health-foods-en\/fiber-en\/psullium\/#breadcrumb","itemListElement":[{"@type":"ListItem","position":1,"name":"Home","item":"https:\/\/fit360.ee\/en\/"},{"@type":"ListItem","position":2,"name":"Shop","item":"https:\/\/fit360.ee\/en\/shop\/"},{"@type":"ListItem","position":3,"name":"Ps\u00fcllium Kiudaine (600g)"}]},{"@type":"WebSite","@id":"https:\/\/fit360.ee\/en\/#website","url":"https:\/\/fit360.ee\/en\/","name":"Fit360","description":"","publisher":{"@id":"https:\/\/fit360.ee\/en\/#organization"},"potentialAction":[{"@type":"SearchAction","target":{"@type":"EntryPoint","urlTemplate":"https:\/\/fit360.ee\/en\/?s={search_term_string}"},"query-input":{"@type":"PropertyValueSpecification","valueRequired":true,"valueName":"search_term_string"}}],"inLanguage":"en-US"},{"@type":"Organization","@id":"https:\/\/fit360.ee\/en\/#organization","name":"Fit360","url":"https:\/\/fit360.ee\/en\/","logo":{"@type":"ImageObject","inLanguage":"en-US","@id":"https:\/\/fit360.ee\/en\/#\/schema\/logo\/image\/","url":"https:\/\/fit360.ee\/wp-content\/uploads\/2017\/01\/logo-fit360.png","contentUrl":"https:\/\/fit360.ee\/wp-content\/uploads\/2017\/01\/logo-fit360.png","width":180,"height":66,"caption":"Fit360"},"image":{"@id":"https:\/\/fit360.ee\/en\/#\/schema\/logo\/image\/"}}]}},"_links":{"self":[{"href":"https:\/\/fit360.ee\/en\/wp-json\/wp\/v2\/product\/69572","targetHints":{"allow":["GET"]}}],"collection":[{"href":"https:\/\/fit360.ee\/en\/wp-json\/wp\/v2\/product"}],"about":[{"href":"https:\/\/fit360.ee\/en\/wp-json\/wp\/v2\/types\/product"}],"replies":[{"embeddable":true,"href":"https:\/\/fit360.ee\/en\/wp-json\/wp\/v2\/comments?post=69572"}],"wp:featuredmedia":[{"embeddable":true,"href":"https:\/\/fit360.ee\/en\/wp-json\/wp\/v2\/media\/84588"}],"wp:attachment":[{"href":"https:\/\/fit360.ee\/en\/wp-json\/wp\/v2\/media?parent=69572"}],"wp:term":[{"taxonomy":"product_brand","embeddable":true,"href":"https:\/\/fit360.ee\/en\/wp-json\/wp\/v2\/product_brand?post=69572"},{"taxonomy":"product_cat","embeddable":true,"href":"https:\/\/fit360.ee\/en\/wp-json\/wp\/v2\/product_cat?post=69572"},{"taxonomy":"product_tag","embeddable":true,"href":"https:\/\/fit360.ee\/en\/wp-json\/wp\/v2\/product_tag?post=69572"},{"taxonomy":"giftcard-category","embeddable":true,"href":"https:\/\/fit360.ee\/en\/wp-json\/wp\/v2\/giftcard-category?post=69572"}],"curies":[{"name":"wp","href":"https:\/\/api.w.org\/{rel}","templated":true}]}}