{"id":69581,"date":"2023-04-07T12:38:33","date_gmt":"2023-04-07T10:38:33","guid":{"rendered":"https:\/\/fit360.ee\/?post_type=product&#038;p=69581"},"modified":"2026-04-10T15:12:51","modified_gmt":"2026-04-10T13:12:51","slug":"india-pahklivoi-500g","status":"publish","type":"product","link":"https:\/\/fit360.ee\/en\/pood\/product-groups\/peanut-butters-en\/cashew-butter-en\/india-pahklivoi-500g\/","title":{"rendered":"India p\u00e4hkliv\u00f5ie (500g)"},"content":{"rendered":"<h2><strong>India p\u00e4hkliv\u00f5ie<\/strong><\/h2>\n<p>OstroVit 100% India p\u00e4hkliv\u00f5ie on suurep\u00e4rane ja ainulaadne toode, mis on loodud k\u00f5ige n\u00f5udlikumatele gurmaanidele, inimestele, kes hoolivad saledast figuurist, spordist ning neile, kes piiravad oma toidus kahjulikku liigset soola v\u00f5i suhkrut. India p\u00e4hklite s\u00fcgav ja t\u00e4idlane maitse sobib suurep\u00e4raselt magusale ja soolasele. See on t\u00f5eline v\u00e4\u00e4rtuslike rasvhapete, valkude ja mineraalide pomm. Maitse s\u00fcgavus, 100% rahulolu ja k\u00f5rgeima kvaliteedi garantii &#8211; OstroVit 100% India p\u00e4hkliv\u00f5ie.<\/p>\n<p><a href=\"https:\/\/fit360.ee\/wp-content\/uploads\/2023\/04\/cashew-butter-fit360.ee_-800x312.jpg\"><img loading=\"lazy\" decoding=\"async\" class=\"size-medium wp-image-69582\" src=\"https:\/\/fit360.ee\/wp-content\/uploads\/2023\/04\/cashew-butter-fit360.ee_-800x312.jpg\" alt=\"cashew butter - fit360.ee\" width=\"800\" height=\"312\" srcset=\"https:\/\/fit360.ee\/wp-content\/uploads\/2023\/04\/cashew-butter-fit360.ee_-800x312.jpg 800w, https:\/\/fit360.ee\/wp-content\/uploads\/2023\/04\/cashew-butter-fit360.ee_-510x199.jpg 510w, https:\/\/fit360.ee\/wp-content\/uploads\/2023\/04\/cashew-butter-fit360.ee_-768x300.jpg 768w, https:\/\/fit360.ee\/wp-content\/uploads\/2023\/04\/cashew-butter-fit360.ee_.jpg 922w\" sizes=\"auto, (max-width: 800px) 100vw, 800px\" \/><\/a><\/p>\n<ul class=\"cm__list\">\n<li>100% valmistatud india p\u00e4hklitest<\/li>\n<li>Soola pole lisatud<\/li>\n<li>Pole lisatud suhkrut<\/li>\n<li>Ei sisalda lisatud palmi\u00f5li<\/li>\n<li>Saadaval Smooth v\u00f5i Crunchy versioonina<\/li>\n<\/ul>\n<h4 class=\"cm__heading\"><strong>OstroVit 100% Cashew Butter<\/strong><\/h4>\n<p class=\"cm__text\"><strong><a href=\"https:\/\/fit360.ee\/en\/product-category\/product-groups\/peanut-butters-en\/cashew-butter-en\/\">India p\u00e4hkliv\u00f5ie<\/a><\/strong>\u00a0on 100% valmistatud india p\u00e4hklitest.\u00a0See ei sisalda soola, suhkrut ja palmi\u00f5li.\u00a0See on ideaalne suupiste ja tervislik toode, mis on valmistatud L\u00e4\u00e4ne-nanopuu valitud, r\u00f6stitud ja eelnevalt jahvatatud p\u00e4hklitest.\u00a0Nimi tuleneb nende kujust, mis meenutab inimese neeru.\u00a0T\u00e4nu k\u00f5rgele tervislike rasvade sisaldusele sobib see suurep\u00e4raselt meie dieedi n\u00f5udluse rahuldamiseks.<\/p>\n<h4 class=\"cm__heading\"><strong>Omadused<\/strong>:<\/h4>\n<ul class=\"cm__list\">\n<li>Kergesti seeditava valgu allikas<\/li>\n<li>Tervislike mono- ja pol\u00fck\u00fcllastumata rasvade rikkus<\/li>\n<li>Ideaalne f\u00fc\u00fcsiliselt aktiivsetele inimestele, kellel on suurenenud vajadus kalorite j\u00e4rele<\/li>\n<li>Suurep\u00e4rane mikro- ja makrotoitainete allikas veganitele ja taimetoitlastele<\/li>\n<li>Suurep\u00e4rane mineraalide baas min.\u00a0magneesium<\/li>\n<li>K\u00f5rge v\u00e4\u00e4rtusliku kaaliumi sisaldus<\/li>\n<\/ul>\n<p><strong>Koostisosad<\/strong>: <strong>India p\u00e4hklid<\/strong>\u00a0r\u00f6stitud 100%.<\/p>\n<p><strong>Kasutamine<\/strong>: Tarbi vastavalt vajadusele.<\/p>\n<p><strong>Suurus<\/strong>: 500g<\/p>\n<table>\n<tbody>\n<tr>\n<th>Toitev\u00e4\u00e4rtused<\/th>\n<th>100 g kohta<\/th>\n<th>Portsjoni jaoks<\/th>\n<th>% SPK*<\/th>\n<\/tr>\n<tr>\n<td>Energeetiline v\u00e4\u00e4rtus<\/td>\n<td>2551 kJ \/ 616 kcal<\/td>\n<td>638 kJ \/ 154 kcal<\/td>\n<td>8<\/td>\n<\/tr>\n<tr>\n<td>Rasvad<\/td>\n<td>51 g<\/td>\n<td>13 g<\/td>\n<td>19<\/td>\n<\/tr>\n<tr class=\"sub\">\n<td>&#8211; <em>sealhulgas<\/em> k\u00fcllastunud rasvhapped<\/td>\n<td>12 g<\/td>\n<td>3 g<\/td>\n<td>15<\/td>\n<\/tr>\n<tr>\n<td>S\u00fcsivesikud<\/td>\n<td>15 g<\/td>\n<td>3.8<\/td>\n<td>1<\/td>\n<\/tr>\n<tr class=\"sub\">\n<td>&#8211; <em>sealhulgas<\/em> suhkur<\/td>\n<td>7,4 g<\/td>\n<td>1,9 g<\/td>\n<td>2<\/td>\n<\/tr>\n<tr>\n<td>Valgud<\/td>\n<td>21 g<\/td>\n<td>5,3 g<\/td>\n<td>11<\/td>\n<\/tr>\n<tr>\n<td>soola<\/td>\n<td>0,04 g<\/td>\n<td>0,01 g<\/td>\n<td>&#8211;<\/td>\n<\/tr>\n<\/tbody>\n<\/table>\n<p>*SPK \u2013 Soovitatud p\u00e4evane kogus<\/p>\n<p>Vaata ka meie teisi India p\u00e4hkliv\u00f5isid <a href=\"https:\/\/fit360.ee\/en\/product-category\/product-groups\/peanut-butters-en\/cashew-butter-en\/\"><strong>SIIT<\/strong><\/a> v\u00f5i erinevaid P\u00e4hkliv\u00f5isid <a href=\"https:\/\/fit360.ee\/en\/product-category\/product-groups\/peanut-butters-en\/\"><strong>SIIT<\/strong><\/a>!<\/p>\n<p>Soovid kaupa osta suuremas koguses? Vaata antud toodet ka meie HULGI poest\u00a0<a href=\"https:\/\/toidulisandidhulgi.ee\/product\/india-pahklivoi-500g\/\"><strong>SIIT<\/strong><\/a>!<\/p>\n","protected":false},"excerpt":{"rendered":"<ul class=\"cm__list\">\n<li>Kergesti seeditava valgu allikas<\/li>\n<li>Tervislike mono- ja pol\u00fck\u00fcllastumata rasvade rikkus<\/li>\n<li>Ideaalne f\u00fc\u00fcsiliselt aktiivsetele inimestele, kellel on suurenenud vajadus kalorite j\u00e4rele<\/li>\n<li>Suurep\u00e4rane mikro- ja makrotoitainete allikas veganitele ja taimetoitlastele<\/li>\n<li>Suurep\u00e4rane mineraalide baas min.\u00a0magneesium<\/li>\n<li>K\u00f5rge v\u00e4\u00e4rtusliku kaaliumi sisaldus<\/li>\n<\/ul>\n","protected":false},"featured_media":69585,"comment_status":"closed","ping_status":"closed","template":"","meta":[],"product_brand":[],"product_cat":[2468,1329,529],"product_tag":[4280,4281,1924],"giftcard-category":[],"class_list":{"0":"post-69581","1":"product","2":"type-product","3":"status-publish","4":"has-post-thumbnail","6":"product_cat-cashew-butter-en","7":"product_cat-ostrovit-en","8":"product_cat-peanut-butters-en","9":"product_tag-cashew-butter-en","10":"product_tag-india-pahklivoi-en","11":"product_tag-ostrovit-en","12":"pa_kogus-500g-en","13":"pa_toidulisand-branddd-ostrovit","14":"pa_tootegruppp-india-pahklivoi-en","15":"pa_tootegruppp-peanut-butters","17":"first","18":"outofstock","19":"sale","20":"taxable","21":"shipping-taxable","22":"purchasable","23":"product-type-simple"},"yoast_head":"<!-- This site is optimized with the Yoast SEO plugin v27.3 - https:\/\/yoast.com\/product\/yoast-seo-wordpress\/ -->\n<title>India p\u00e4hkliv\u00f5ie (500g) - Cashew Butter - Kiire Tarne Fit360<\/title>\n<meta name=\"description\" content=\"India p\u00e4hkliv\u00f5i on suurep\u00e4rane ja ainulaadne toode, mis on loodud k\u00f5ige n\u00f5udlikumatele gurmaanidele. See ei sisalda soola, suhkrut ja palmi\u00f5li.\u00a0See on ...\" \/>\n<meta name=\"robots\" content=\"index, follow, max-snippet:-1, max-image-preview:large, max-video-preview:-1\" \/>\n<link rel=\"canonical\" href=\"https:\/\/fit360.ee\/en\/pood\/product-groups\/peanut-butters-en\/cashew-butter-en\/india-pahklivoi-500g\/\" \/>\n<meta property=\"og:locale\" content=\"en_US\" \/>\n<meta property=\"og:type\" content=\"article\" \/>\n<meta property=\"og:title\" content=\"India p\u00e4hkliv\u00f5ie (500g) - Cashew Butter - Kiire Tarne Fit360\" \/>\n<meta property=\"og:description\" content=\"India p\u00e4hkliv\u00f5i on suurep\u00e4rane ja ainulaadne toode, mis on loodud k\u00f5ige n\u00f5udlikumatele gurmaanidele. See ei sisalda soola, suhkrut ja palmi\u00f5li.\u00a0See on ...\" \/>\n<meta property=\"og:url\" content=\"https:\/\/fit360.ee\/en\/pood\/product-groups\/peanut-butters-en\/cashew-butter-en\/india-pahklivoi-500g\/\" \/>\n<meta property=\"og:site_name\" content=\"Fit360\" \/>\n<meta property=\"article:modified_time\" content=\"2026-04-10T13:12:51+00:00\" \/>\n<meta property=\"og:image\" content=\"https:\/\/fit360.ee\/wp-content\/uploads\/2023\/04\/india-pahklivoi-500g-fit360.ee-1.png\" \/>\n\t<meta property=\"og:image:width\" content=\"450\" \/>\n\t<meta property=\"og:image:height\" content=\"450\" \/>\n\t<meta property=\"og:image:type\" content=\"image\/png\" \/>\n<meta name=\"twitter:card\" content=\"summary_large_image\" \/>\n<meta name=\"twitter:label1\" content=\"Est. reading time\" \/>\n\t<meta name=\"twitter:data1\" content=\"2 minutes\" \/>\n<script type=\"application\/ld+json\" class=\"yoast-schema-graph\">{\"@context\":\"https:\\\/\\\/schema.org\",\"@graph\":[{\"@type\":\"WebPage\",\"@id\":\"https:\\\/\\\/fit360.ee\\\/en\\\/pood\\\/product-groups\\\/peanut-butters-en\\\/cashew-butter-en\\\/india-pahklivoi-500g\\\/\",\"url\":\"https:\\\/\\\/fit360.ee\\\/en\\\/pood\\\/product-groups\\\/peanut-butters-en\\\/cashew-butter-en\\\/india-pahklivoi-500g\\\/\",\"name\":\"India p\u00e4hkliv\u00f5ie (500g) - Cashew Butter - Kiire Tarne Fit360\",\"isPartOf\":{\"@id\":\"https:\\\/\\\/fit360.ee\\\/en\\\/#website\"},\"primaryImageOfPage\":{\"@id\":\"https:\\\/\\\/fit360.ee\\\/en\\\/pood\\\/product-groups\\\/peanut-butters-en\\\/cashew-butter-en\\\/india-pahklivoi-500g\\\/#primaryimage\"},\"image\":{\"@id\":\"https:\\\/\\\/fit360.ee\\\/en\\\/pood\\\/product-groups\\\/peanut-butters-en\\\/cashew-butter-en\\\/india-pahklivoi-500g\\\/#primaryimage\"},\"thumbnailUrl\":\"https:\\\/\\\/fit360.ee\\\/wp-content\\\/uploads\\\/2023\\\/04\\\/india-pahklivoi-500g-fit360.ee-1.png\",\"datePublished\":\"2023-04-07T10:38:33+00:00\",\"dateModified\":\"2026-04-10T13:12:51+00:00\",\"description\":\"India p\u00e4hkliv\u00f5i on suurep\u00e4rane ja ainulaadne toode, mis on loodud k\u00f5ige n\u00f5udlikumatele gurmaanidele. See ei sisalda soola, suhkrut ja palmi\u00f5li.\u00a0See on ...\",\"breadcrumb\":{\"@id\":\"https:\\\/\\\/fit360.ee\\\/en\\\/pood\\\/product-groups\\\/peanut-butters-en\\\/cashew-butter-en\\\/india-pahklivoi-500g\\\/#breadcrumb\"},\"inLanguage\":\"en-US\",\"potentialAction\":[{\"@type\":\"ReadAction\",\"target\":[\"https:\\\/\\\/fit360.ee\\\/en\\\/pood\\\/product-groups\\\/peanut-butters-en\\\/cashew-butter-en\\\/india-pahklivoi-500g\\\/\"]}]},{\"@type\":\"ImageObject\",\"inLanguage\":\"en-US\",\"@id\":\"https:\\\/\\\/fit360.ee\\\/en\\\/pood\\\/product-groups\\\/peanut-butters-en\\\/cashew-butter-en\\\/india-pahklivoi-500g\\\/#primaryimage\",\"url\":\"https:\\\/\\\/fit360.ee\\\/wp-content\\\/uploads\\\/2023\\\/04\\\/india-pahklivoi-500g-fit360.ee-1.png\",\"contentUrl\":\"https:\\\/\\\/fit360.ee\\\/wp-content\\\/uploads\\\/2023\\\/04\\\/india-pahklivoi-500g-fit360.ee-1.png\",\"width\":450,\"height\":450,\"caption\":\"india p\u00e4hkliv\u00f5i 500g - fit360.ee\"},{\"@type\":\"BreadcrumbList\",\"@id\":\"https:\\\/\\\/fit360.ee\\\/en\\\/pood\\\/product-groups\\\/peanut-butters-en\\\/cashew-butter-en\\\/india-pahklivoi-500g\\\/#breadcrumb\",\"itemListElement\":[{\"@type\":\"ListItem\",\"position\":1,\"name\":\"Home\",\"item\":\"https:\\\/\\\/fit360.ee\\\/en\\\/\"},{\"@type\":\"ListItem\",\"position\":2,\"name\":\"Shop\",\"item\":\"https:\\\/\\\/fit360.ee\\\/en\\\/shop\\\/\"},{\"@type\":\"ListItem\",\"position\":3,\"name\":\"India p\u00e4hkliv\u00f5ie (500g)\"}]},{\"@type\":\"WebSite\",\"@id\":\"https:\\\/\\\/fit360.ee\\\/en\\\/#website\",\"url\":\"https:\\\/\\\/fit360.ee\\\/en\\\/\",\"name\":\"Fit360\",\"description\":\"\",\"publisher\":{\"@id\":\"https:\\\/\\\/fit360.ee\\\/en\\\/#organization\"},\"potentialAction\":[{\"@type\":\"SearchAction\",\"target\":{\"@type\":\"EntryPoint\",\"urlTemplate\":\"https:\\\/\\\/fit360.ee\\\/en\\\/?s={search_term_string}\"},\"query-input\":{\"@type\":\"PropertyValueSpecification\",\"valueRequired\":true,\"valueName\":\"search_term_string\"}}],\"inLanguage\":\"en-US\"},{\"@type\":\"Organization\",\"@id\":\"https:\\\/\\\/fit360.ee\\\/en\\\/#organization\",\"name\":\"Fit360\",\"url\":\"https:\\\/\\\/fit360.ee\\\/en\\\/\",\"logo\":{\"@type\":\"ImageObject\",\"inLanguage\":\"en-US\",\"@id\":\"https:\\\/\\\/fit360.ee\\\/en\\\/#\\\/schema\\\/logo\\\/image\\\/\",\"url\":\"https:\\\/\\\/fit360.ee\\\/wp-content\\\/uploads\\\/2017\\\/01\\\/logo-fit360.png\",\"contentUrl\":\"https:\\\/\\\/fit360.ee\\\/wp-content\\\/uploads\\\/2017\\\/01\\\/logo-fit360.png\",\"width\":180,\"height\":66,\"caption\":\"Fit360\"},\"image\":{\"@id\":\"https:\\\/\\\/fit360.ee\\\/en\\\/#\\\/schema\\\/logo\\\/image\\\/\"}}]}<\/script>\n<!-- \/ Yoast SEO plugin. -->","yoast_head_json":{"title":"India p\u00e4hkliv\u00f5ie (500g) - Cashew Butter - Kiire Tarne Fit360","description":"India p\u00e4hkliv\u00f5i on suurep\u00e4rane ja ainulaadne toode, mis on loodud k\u00f5ige n\u00f5udlikumatele gurmaanidele. See ei sisalda soola, suhkrut ja palmi\u00f5li.\u00a0See on ...","robots":{"index":"index","follow":"follow","max-snippet":"max-snippet:-1","max-image-preview":"max-image-preview:large","max-video-preview":"max-video-preview:-1"},"canonical":"https:\/\/fit360.ee\/en\/pood\/product-groups\/peanut-butters-en\/cashew-butter-en\/india-pahklivoi-500g\/","og_locale":"en_US","og_type":"article","og_title":"India p\u00e4hkliv\u00f5ie (500g) - Cashew Butter - Kiire Tarne Fit360","og_description":"India p\u00e4hkliv\u00f5i on suurep\u00e4rane ja ainulaadne toode, mis on loodud k\u00f5ige n\u00f5udlikumatele gurmaanidele. See ei sisalda soola, suhkrut ja palmi\u00f5li.\u00a0See on ...","og_url":"https:\/\/fit360.ee\/en\/pood\/product-groups\/peanut-butters-en\/cashew-butter-en\/india-pahklivoi-500g\/","og_site_name":"Fit360","article_modified_time":"2026-04-10T13:12:51+00:00","og_image":[{"width":450,"height":450,"url":"https:\/\/fit360.ee\/wp-content\/uploads\/2023\/04\/india-pahklivoi-500g-fit360.ee-1.png","type":"image\/png"}],"twitter_card":"summary_large_image","twitter_misc":{"Est. reading time":"2 minutes"},"schema":{"@context":"https:\/\/schema.org","@graph":[{"@type":"WebPage","@id":"https:\/\/fit360.ee\/en\/pood\/product-groups\/peanut-butters-en\/cashew-butter-en\/india-pahklivoi-500g\/","url":"https:\/\/fit360.ee\/en\/pood\/product-groups\/peanut-butters-en\/cashew-butter-en\/india-pahklivoi-500g\/","name":"India p\u00e4hkliv\u00f5ie (500g) - Cashew Butter - Kiire Tarne Fit360","isPartOf":{"@id":"https:\/\/fit360.ee\/en\/#website"},"primaryImageOfPage":{"@id":"https:\/\/fit360.ee\/en\/pood\/product-groups\/peanut-butters-en\/cashew-butter-en\/india-pahklivoi-500g\/#primaryimage"},"image":{"@id":"https:\/\/fit360.ee\/en\/pood\/product-groups\/peanut-butters-en\/cashew-butter-en\/india-pahklivoi-500g\/#primaryimage"},"thumbnailUrl":"https:\/\/fit360.ee\/wp-content\/uploads\/2023\/04\/india-pahklivoi-500g-fit360.ee-1.png","datePublished":"2023-04-07T10:38:33+00:00","dateModified":"2026-04-10T13:12:51+00:00","description":"India p\u00e4hkliv\u00f5i on suurep\u00e4rane ja ainulaadne toode, mis on loodud k\u00f5ige n\u00f5udlikumatele gurmaanidele. See ei sisalda soola, suhkrut ja palmi\u00f5li.\u00a0See on ...","breadcrumb":{"@id":"https:\/\/fit360.ee\/en\/pood\/product-groups\/peanut-butters-en\/cashew-butter-en\/india-pahklivoi-500g\/#breadcrumb"},"inLanguage":"en-US","potentialAction":[{"@type":"ReadAction","target":["https:\/\/fit360.ee\/en\/pood\/product-groups\/peanut-butters-en\/cashew-butter-en\/india-pahklivoi-500g\/"]}]},{"@type":"ImageObject","inLanguage":"en-US","@id":"https:\/\/fit360.ee\/en\/pood\/product-groups\/peanut-butters-en\/cashew-butter-en\/india-pahklivoi-500g\/#primaryimage","url":"https:\/\/fit360.ee\/wp-content\/uploads\/2023\/04\/india-pahklivoi-500g-fit360.ee-1.png","contentUrl":"https:\/\/fit360.ee\/wp-content\/uploads\/2023\/04\/india-pahklivoi-500g-fit360.ee-1.png","width":450,"height":450,"caption":"india p\u00e4hkliv\u00f5i 500g - fit360.ee"},{"@type":"BreadcrumbList","@id":"https:\/\/fit360.ee\/en\/pood\/product-groups\/peanut-butters-en\/cashew-butter-en\/india-pahklivoi-500g\/#breadcrumb","itemListElement":[{"@type":"ListItem","position":1,"name":"Home","item":"https:\/\/fit360.ee\/en\/"},{"@type":"ListItem","position":2,"name":"Shop","item":"https:\/\/fit360.ee\/en\/shop\/"},{"@type":"ListItem","position":3,"name":"India p\u00e4hkliv\u00f5ie (500g)"}]},{"@type":"WebSite","@id":"https:\/\/fit360.ee\/en\/#website","url":"https:\/\/fit360.ee\/en\/","name":"Fit360","description":"","publisher":{"@id":"https:\/\/fit360.ee\/en\/#organization"},"potentialAction":[{"@type":"SearchAction","target":{"@type":"EntryPoint","urlTemplate":"https:\/\/fit360.ee\/en\/?s={search_term_string}"},"query-input":{"@type":"PropertyValueSpecification","valueRequired":true,"valueName":"search_term_string"}}],"inLanguage":"en-US"},{"@type":"Organization","@id":"https:\/\/fit360.ee\/en\/#organization","name":"Fit360","url":"https:\/\/fit360.ee\/en\/","logo":{"@type":"ImageObject","inLanguage":"en-US","@id":"https:\/\/fit360.ee\/en\/#\/schema\/logo\/image\/","url":"https:\/\/fit360.ee\/wp-content\/uploads\/2017\/01\/logo-fit360.png","contentUrl":"https:\/\/fit360.ee\/wp-content\/uploads\/2017\/01\/logo-fit360.png","width":180,"height":66,"caption":"Fit360"},"image":{"@id":"https:\/\/fit360.ee\/en\/#\/schema\/logo\/image\/"}}]}},"_links":{"self":[{"href":"https:\/\/fit360.ee\/en\/wp-json\/wp\/v2\/product\/69581","targetHints":{"allow":["GET"]}}],"collection":[{"href":"https:\/\/fit360.ee\/en\/wp-json\/wp\/v2\/product"}],"about":[{"href":"https:\/\/fit360.ee\/en\/wp-json\/wp\/v2\/types\/product"}],"replies":[{"embeddable":true,"href":"https:\/\/fit360.ee\/en\/wp-json\/wp\/v2\/comments?post=69581"}],"wp:featuredmedia":[{"embeddable":true,"href":"https:\/\/fit360.ee\/en\/wp-json\/wp\/v2\/media\/69585"}],"wp:attachment":[{"href":"https:\/\/fit360.ee\/en\/wp-json\/wp\/v2\/media?parent=69581"}],"wp:term":[{"taxonomy":"product_brand","embeddable":true,"href":"https:\/\/fit360.ee\/en\/wp-json\/wp\/v2\/product_brand?post=69581"},{"taxonomy":"product_cat","embeddable":true,"href":"https:\/\/fit360.ee\/en\/wp-json\/wp\/v2\/product_cat?post=69581"},{"taxonomy":"product_tag","embeddable":true,"href":"https:\/\/fit360.ee\/en\/wp-json\/wp\/v2\/product_tag?post=69581"},{"taxonomy":"giftcard-category","embeddable":true,"href":"https:\/\/fit360.ee\/en\/wp-json\/wp\/v2\/giftcard-category?post=69581"}],"curies":[{"name":"wp","href":"https:\/\/api.w.org\/{rel}","templated":true}]}}