{"id":69695,"date":"2023-04-12T20:03:24","date_gmt":"2023-04-12T18:03:24","guid":{"rendered":"https:\/\/fit360.ee\/?post_type=product&#038;p=69695"},"modified":"2026-04-09T14:57:10","modified_gmt":"2026-04-09T12:57:10","slug":"a-vitamiin-beeta-karoteen-10000iu-250","status":"publish","type":"product","link":"https:\/\/fit360.ee\/en\/pood\/product-groups\/vitamins-and-minerals-en\/a-vitamiin-beeta-karoteen-10000iu-250\/","title":{"rendered":"A Vitamiin (Beeta Karoteen) 10000IU (250 softgels)"},"content":{"rendered":"<h1><strong>Beeta Karoteen<\/strong><\/h1>\n<ul>\n<li>A Vitamiin ehk beeta karoteen on oluline n\u00e4gemise ja immuunsuse, samuti naha, juuste ja luude tervise seisukohalt<\/li>\n<li>Retinool (A vitamiin) pakub v\u00f5imas antioks\u00fcdantset kaitset kogu kehale<\/li>\n<\/ul>\n<p>Tervete silmade, naha ja immuuns\u00fcsteemi jaoks proovige Swansoni Vitamiin A-d. Kalamaksa\u00f5list ja A-vitamiinist saadud palmitaten pakub kogu kehale tugevat antioks\u00fcdantset kaitset. Kergesti neelatavad geelkapslid.<\/p>\n<p>Beeta Karoteen on t\u00e4htis paljude organismide sigimiseks, luu kasvamiseks, n\u00e4gemisteravuse hoidmiseks, immuunsuseks ja antioks\u00fcdantseks regulatsiooniks. A vitamiin on mikrokogustes iga p\u00e4ev vajalik osa organismide mitmete normaalsete f\u00fcsioloogiliste protsesside toimimiseks. Vitamiin A t\u00e4ielik puudumine (ka bioaktiivsuse minetanuna) toidus v\u00f5i ka ajutine puuduj\u00e4\u00e4k v\u00f5ib olla organismile kahjulik ja koguni ohtlik.<\/p>\n<p><strong>Muud koostisosad:<\/strong> soja\u00f5li, \u017eelatiin, gl\u00fctseriin, puhastatud vesi. Sisaldab kala (tursk) ja soja.<\/p>\n<p><strong>Kasutamine<\/strong>: 1 geelkapsel p\u00e4evas koos veega.<\/p>\n<p><strong>Suurus<\/strong>: 250 kapslit &#8211; 250 serveeringut<\/p>\n<table cellspacing=\"0\" cellpadding=\"0\">\n<thead>\n<tr>\n<th colspan=\"2\" scope=\"col\">Toimeaine<\/th>\n<th scope=\"col\">% P\u00e4evasest v\u00e4\u00e4rtusest<\/th>\n<\/tr>\n<\/thead>\n<tbody>\n<tr>\n<td colspan=\"2\">A-vitamiin\u00a0 \u00a0 \u00a0 \u00a0 \u00a0 \u00a0 \u00a0 \u00a0 \u00a0 \u00a0 \u00a0 \u00a0 \u00a0 \u00a0 3000 mcg RAE<\/p>\n<p>(tursamaksa\u00f5list ja A-vitamiini palmitaadist)<\/td>\n<td>333%<\/td>\n<\/tr>\n<\/tbody>\n<\/table>\n<p>Vaaa ka meie Teisi Vitamiine <a href=\"https:\/\/fit360.ee\/en\/product-category\/product-groups\/vitamins-and-minerals-en\/\"><strong>SIIT<\/strong><\/a>!<\/p>\n<p>Soovid kaupa osta suuremas koguses? Vaata antud toodet ka meie HULGI poest\u00a0<a href=\"https:\/\/toidulisandidhulgi.ee\/product\/a-vitamiin-beeta-karoteen-10000iu-250\/\"><strong>SIIT<\/strong><\/a>!<\/p>\n","protected":false},"excerpt":{"rendered":"<ul>\n<li>A Vitamiin on oluline n\u00e4gemise ja immuunsuse, samuti naha, juuste ja luude tervise seisukohalt<\/li>\n<li>Retinool (A vitamiin) pakub v\u00f5imas antioks\u00fcdantset kaitset kogu kehale<\/li>\n<\/ul>\n<p>Tervete silmade, naha ja immuuns\u00fcsteemi jaoks proovige Swansoni Vitamiin A-d. Kalamaksa\u00f5list ja A-vitamiinist saadud palmitaten pakub kogu kehale tugevat antioks\u00fcdantset kaitset. Kergesti neelatavad geelkapslid.<\/p>\n","protected":false},"featured_media":69697,"comment_status":"closed","ping_status":"closed","template":"","meta":[],"product_brand":[],"product_cat":[1651,536],"product_tag":[2778,4148,1848],"giftcard-category":[],"class_list":{"0":"post-69695","1":"product","2":"type-product","3":"status-publish","4":"has-post-thumbnail","6":"product_cat-swanson-en","7":"product_cat-vitamins-and-minerals-en","8":"product_tag-a-vitamiin-en","9":"product_tag-beeta-karoteen-en","10":"product_tag-swanson-en","11":"pa_toidulisand-branddd-swanson","12":"pa_tootegruppp-vitamins-and-minerals","14":"first","15":"instock","16":"sale","17":"taxable","18":"shipping-taxable","19":"purchasable","20":"product-type-simple"},"yoast_head":"<!-- This site is optimized with the Yoast SEO plugin v27.3 - https:\/\/yoast.com\/product\/yoast-seo-wordpress\/ -->\n<title>A Vitamiin (Beeta Karoteen) 10000IU (250 softgels) - Fit360<\/title>\n<meta name=\"description\" content=\"Beeta Karoteen on oluline n\u00e4gemise ja immuunsuse, samuti naha, juuste ja luude tervise seisukohalt. Retinool (A vitamiin) pakub v\u00f5imas antioks\u00fcdant....\" \/>\n<meta name=\"robots\" content=\"index, follow, max-snippet:-1, max-image-preview:large, max-video-preview:-1\" \/>\n<link rel=\"canonical\" href=\"https:\/\/fit360.ee\/en\/pood\/product-groups\/vitamins-and-minerals-en\/a-vitamiin-beeta-karoteen-10000iu-250\/\" \/>\n<meta property=\"og:locale\" content=\"en_US\" \/>\n<meta property=\"og:type\" content=\"article\" \/>\n<meta property=\"og:title\" content=\"A Vitamiin (Beeta Karoteen) 10000IU (250 softgels) - Fit360\" \/>\n<meta property=\"og:description\" content=\"Beeta Karoteen on oluline n\u00e4gemise ja immuunsuse, samuti naha, juuste ja luude tervise seisukohalt. Retinool (A vitamiin) pakub v\u00f5imas antioks\u00fcdant....\" \/>\n<meta property=\"og:url\" content=\"https:\/\/fit360.ee\/en\/pood\/product-groups\/vitamins-and-minerals-en\/a-vitamiin-beeta-karoteen-10000iu-250\/\" \/>\n<meta property=\"og:site_name\" content=\"Fit360\" \/>\n<meta property=\"article:modified_time\" content=\"2026-04-09T12:57:10+00:00\" \/>\n<meta property=\"og:image\" content=\"https:\/\/fit360.ee\/wp-content\/uploads\/2023\/04\/beeta-karoteen-a-vitamiin-fit360.ee_.jpg\" \/>\n\t<meta property=\"og:image:width\" content=\"800\" \/>\n\t<meta property=\"og:image:height\" content=\"600\" \/>\n\t<meta property=\"og:image:type\" content=\"image\/jpeg\" \/>\n<meta name=\"twitter:card\" content=\"summary_large_image\" \/>\n<meta name=\"twitter:label1\" content=\"Est. reading time\" \/>\n\t<meta name=\"twitter:data1\" content=\"1 minute\" \/>\n<script type=\"application\/ld+json\" class=\"yoast-schema-graph\">{\"@context\":\"https:\\\/\\\/schema.org\",\"@graph\":[{\"@type\":\"WebPage\",\"@id\":\"https:\\\/\\\/fit360.ee\\\/en\\\/pood\\\/product-groups\\\/vitamins-and-minerals-en\\\/a-vitamiin-beeta-karoteen-10000iu-250\\\/\",\"url\":\"https:\\\/\\\/fit360.ee\\\/en\\\/pood\\\/product-groups\\\/vitamins-and-minerals-en\\\/a-vitamiin-beeta-karoteen-10000iu-250\\\/\",\"name\":\"A Vitamiin (Beeta Karoteen) 10000IU (250 softgels) - Fit360\",\"isPartOf\":{\"@id\":\"https:\\\/\\\/fit360.ee\\\/en\\\/#website\"},\"primaryImageOfPage\":{\"@id\":\"https:\\\/\\\/fit360.ee\\\/en\\\/pood\\\/product-groups\\\/vitamins-and-minerals-en\\\/a-vitamiin-beeta-karoteen-10000iu-250\\\/#primaryimage\"},\"image\":{\"@id\":\"https:\\\/\\\/fit360.ee\\\/en\\\/pood\\\/product-groups\\\/vitamins-and-minerals-en\\\/a-vitamiin-beeta-karoteen-10000iu-250\\\/#primaryimage\"},\"thumbnailUrl\":\"https:\\\/\\\/fit360.ee\\\/wp-content\\\/uploads\\\/2023\\\/04\\\/beeta-karoteen-a-vitamiin-fit360.ee_.jpg\",\"datePublished\":\"2023-04-12T18:03:24+00:00\",\"dateModified\":\"2026-04-09T12:57:10+00:00\",\"description\":\"Beeta Karoteen on oluline n\u00e4gemise ja immuunsuse, samuti naha, juuste ja luude tervise seisukohalt. Retinool (A vitamiin) pakub v\u00f5imas antioks\u00fcdant....\",\"breadcrumb\":{\"@id\":\"https:\\\/\\\/fit360.ee\\\/en\\\/pood\\\/product-groups\\\/vitamins-and-minerals-en\\\/a-vitamiin-beeta-karoteen-10000iu-250\\\/#breadcrumb\"},\"inLanguage\":\"en-US\",\"potentialAction\":[{\"@type\":\"ReadAction\",\"target\":[\"https:\\\/\\\/fit360.ee\\\/en\\\/pood\\\/product-groups\\\/vitamins-and-minerals-en\\\/a-vitamiin-beeta-karoteen-10000iu-250\\\/\"]}]},{\"@type\":\"ImageObject\",\"inLanguage\":\"en-US\",\"@id\":\"https:\\\/\\\/fit360.ee\\\/en\\\/pood\\\/product-groups\\\/vitamins-and-minerals-en\\\/a-vitamiin-beeta-karoteen-10000iu-250\\\/#primaryimage\",\"url\":\"https:\\\/\\\/fit360.ee\\\/wp-content\\\/uploads\\\/2023\\\/04\\\/beeta-karoteen-a-vitamiin-fit360.ee_.jpg\",\"contentUrl\":\"https:\\\/\\\/fit360.ee\\\/wp-content\\\/uploads\\\/2023\\\/04\\\/beeta-karoteen-a-vitamiin-fit360.ee_.jpg\",\"width\":800,\"height\":600,\"caption\":\"beeta karoteen a vitamiin - fit360.ee\"},{\"@type\":\"BreadcrumbList\",\"@id\":\"https:\\\/\\\/fit360.ee\\\/en\\\/pood\\\/product-groups\\\/vitamins-and-minerals-en\\\/a-vitamiin-beeta-karoteen-10000iu-250\\\/#breadcrumb\",\"itemListElement\":[{\"@type\":\"ListItem\",\"position\":1,\"name\":\"Home\",\"item\":\"https:\\\/\\\/fit360.ee\\\/en\\\/\"},{\"@type\":\"ListItem\",\"position\":2,\"name\":\"Shop\",\"item\":\"https:\\\/\\\/fit360.ee\\\/en\\\/shop\\\/\"},{\"@type\":\"ListItem\",\"position\":3,\"name\":\"A Vitamiin (Beeta Karoteen) 10000IU (250 softgels)\"}]},{\"@type\":\"WebSite\",\"@id\":\"https:\\\/\\\/fit360.ee\\\/en\\\/#website\",\"url\":\"https:\\\/\\\/fit360.ee\\\/en\\\/\",\"name\":\"Fit360\",\"description\":\"\",\"publisher\":{\"@id\":\"https:\\\/\\\/fit360.ee\\\/en\\\/#organization\"},\"potentialAction\":[{\"@type\":\"SearchAction\",\"target\":{\"@type\":\"EntryPoint\",\"urlTemplate\":\"https:\\\/\\\/fit360.ee\\\/en\\\/?s={search_term_string}\"},\"query-input\":{\"@type\":\"PropertyValueSpecification\",\"valueRequired\":true,\"valueName\":\"search_term_string\"}}],\"inLanguage\":\"en-US\"},{\"@type\":\"Organization\",\"@id\":\"https:\\\/\\\/fit360.ee\\\/en\\\/#organization\",\"name\":\"Fit360\",\"url\":\"https:\\\/\\\/fit360.ee\\\/en\\\/\",\"logo\":{\"@type\":\"ImageObject\",\"inLanguage\":\"en-US\",\"@id\":\"https:\\\/\\\/fit360.ee\\\/en\\\/#\\\/schema\\\/logo\\\/image\\\/\",\"url\":\"https:\\\/\\\/fit360.ee\\\/wp-content\\\/uploads\\\/2017\\\/01\\\/logo-fit360.png\",\"contentUrl\":\"https:\\\/\\\/fit360.ee\\\/wp-content\\\/uploads\\\/2017\\\/01\\\/logo-fit360.png\",\"width\":180,\"height\":66,\"caption\":\"Fit360\"},\"image\":{\"@id\":\"https:\\\/\\\/fit360.ee\\\/en\\\/#\\\/schema\\\/logo\\\/image\\\/\"}}]}<\/script>\n<!-- \/ Yoast SEO plugin. -->","yoast_head_json":{"title":"A Vitamiin (Beeta Karoteen) 10000IU (250 softgels) - Fit360","description":"Beeta Karoteen on oluline n\u00e4gemise ja immuunsuse, samuti naha, juuste ja luude tervise seisukohalt. Retinool (A vitamiin) pakub v\u00f5imas antioks\u00fcdant....","robots":{"index":"index","follow":"follow","max-snippet":"max-snippet:-1","max-image-preview":"max-image-preview:large","max-video-preview":"max-video-preview:-1"},"canonical":"https:\/\/fit360.ee\/en\/pood\/product-groups\/vitamins-and-minerals-en\/a-vitamiin-beeta-karoteen-10000iu-250\/","og_locale":"en_US","og_type":"article","og_title":"A Vitamiin (Beeta Karoteen) 10000IU (250 softgels) - Fit360","og_description":"Beeta Karoteen on oluline n\u00e4gemise ja immuunsuse, samuti naha, juuste ja luude tervise seisukohalt. Retinool (A vitamiin) pakub v\u00f5imas antioks\u00fcdant....","og_url":"https:\/\/fit360.ee\/en\/pood\/product-groups\/vitamins-and-minerals-en\/a-vitamiin-beeta-karoteen-10000iu-250\/","og_site_name":"Fit360","article_modified_time":"2026-04-09T12:57:10+00:00","og_image":[{"width":800,"height":600,"url":"https:\/\/fit360.ee\/wp-content\/uploads\/2023\/04\/beeta-karoteen-a-vitamiin-fit360.ee_.jpg","type":"image\/jpeg"}],"twitter_card":"summary_large_image","twitter_misc":{"Est. reading time":"1 minute"},"schema":{"@context":"https:\/\/schema.org","@graph":[{"@type":"WebPage","@id":"https:\/\/fit360.ee\/en\/pood\/product-groups\/vitamins-and-minerals-en\/a-vitamiin-beeta-karoteen-10000iu-250\/","url":"https:\/\/fit360.ee\/en\/pood\/product-groups\/vitamins-and-minerals-en\/a-vitamiin-beeta-karoteen-10000iu-250\/","name":"A Vitamiin (Beeta Karoteen) 10000IU (250 softgels) - Fit360","isPartOf":{"@id":"https:\/\/fit360.ee\/en\/#website"},"primaryImageOfPage":{"@id":"https:\/\/fit360.ee\/en\/pood\/product-groups\/vitamins-and-minerals-en\/a-vitamiin-beeta-karoteen-10000iu-250\/#primaryimage"},"image":{"@id":"https:\/\/fit360.ee\/en\/pood\/product-groups\/vitamins-and-minerals-en\/a-vitamiin-beeta-karoteen-10000iu-250\/#primaryimage"},"thumbnailUrl":"https:\/\/fit360.ee\/wp-content\/uploads\/2023\/04\/beeta-karoteen-a-vitamiin-fit360.ee_.jpg","datePublished":"2023-04-12T18:03:24+00:00","dateModified":"2026-04-09T12:57:10+00:00","description":"Beeta Karoteen on oluline n\u00e4gemise ja immuunsuse, samuti naha, juuste ja luude tervise seisukohalt. Retinool (A vitamiin) pakub v\u00f5imas antioks\u00fcdant....","breadcrumb":{"@id":"https:\/\/fit360.ee\/en\/pood\/product-groups\/vitamins-and-minerals-en\/a-vitamiin-beeta-karoteen-10000iu-250\/#breadcrumb"},"inLanguage":"en-US","potentialAction":[{"@type":"ReadAction","target":["https:\/\/fit360.ee\/en\/pood\/product-groups\/vitamins-and-minerals-en\/a-vitamiin-beeta-karoteen-10000iu-250\/"]}]},{"@type":"ImageObject","inLanguage":"en-US","@id":"https:\/\/fit360.ee\/en\/pood\/product-groups\/vitamins-and-minerals-en\/a-vitamiin-beeta-karoteen-10000iu-250\/#primaryimage","url":"https:\/\/fit360.ee\/wp-content\/uploads\/2023\/04\/beeta-karoteen-a-vitamiin-fit360.ee_.jpg","contentUrl":"https:\/\/fit360.ee\/wp-content\/uploads\/2023\/04\/beeta-karoteen-a-vitamiin-fit360.ee_.jpg","width":800,"height":600,"caption":"beeta karoteen a vitamiin - fit360.ee"},{"@type":"BreadcrumbList","@id":"https:\/\/fit360.ee\/en\/pood\/product-groups\/vitamins-and-minerals-en\/a-vitamiin-beeta-karoteen-10000iu-250\/#breadcrumb","itemListElement":[{"@type":"ListItem","position":1,"name":"Home","item":"https:\/\/fit360.ee\/en\/"},{"@type":"ListItem","position":2,"name":"Shop","item":"https:\/\/fit360.ee\/en\/shop\/"},{"@type":"ListItem","position":3,"name":"A Vitamiin (Beeta Karoteen) 10000IU (250 softgels)"}]},{"@type":"WebSite","@id":"https:\/\/fit360.ee\/en\/#website","url":"https:\/\/fit360.ee\/en\/","name":"Fit360","description":"","publisher":{"@id":"https:\/\/fit360.ee\/en\/#organization"},"potentialAction":[{"@type":"SearchAction","target":{"@type":"EntryPoint","urlTemplate":"https:\/\/fit360.ee\/en\/?s={search_term_string}"},"query-input":{"@type":"PropertyValueSpecification","valueRequired":true,"valueName":"search_term_string"}}],"inLanguage":"en-US"},{"@type":"Organization","@id":"https:\/\/fit360.ee\/en\/#organization","name":"Fit360","url":"https:\/\/fit360.ee\/en\/","logo":{"@type":"ImageObject","inLanguage":"en-US","@id":"https:\/\/fit360.ee\/en\/#\/schema\/logo\/image\/","url":"https:\/\/fit360.ee\/wp-content\/uploads\/2017\/01\/logo-fit360.png","contentUrl":"https:\/\/fit360.ee\/wp-content\/uploads\/2017\/01\/logo-fit360.png","width":180,"height":66,"caption":"Fit360"},"image":{"@id":"https:\/\/fit360.ee\/en\/#\/schema\/logo\/image\/"}}]}},"_links":{"self":[{"href":"https:\/\/fit360.ee\/en\/wp-json\/wp\/v2\/product\/69695","targetHints":{"allow":["GET"]}}],"collection":[{"href":"https:\/\/fit360.ee\/en\/wp-json\/wp\/v2\/product"}],"about":[{"href":"https:\/\/fit360.ee\/en\/wp-json\/wp\/v2\/types\/product"}],"replies":[{"embeddable":true,"href":"https:\/\/fit360.ee\/en\/wp-json\/wp\/v2\/comments?post=69695"}],"wp:featuredmedia":[{"embeddable":true,"href":"https:\/\/fit360.ee\/en\/wp-json\/wp\/v2\/media\/69697"}],"wp:attachment":[{"href":"https:\/\/fit360.ee\/en\/wp-json\/wp\/v2\/media?parent=69695"}],"wp:term":[{"taxonomy":"product_brand","embeddable":true,"href":"https:\/\/fit360.ee\/en\/wp-json\/wp\/v2\/product_brand?post=69695"},{"taxonomy":"product_cat","embeddable":true,"href":"https:\/\/fit360.ee\/en\/wp-json\/wp\/v2\/product_cat?post=69695"},{"taxonomy":"product_tag","embeddable":true,"href":"https:\/\/fit360.ee\/en\/wp-json\/wp\/v2\/product_tag?post=69695"},{"taxonomy":"giftcard-category","embeddable":true,"href":"https:\/\/fit360.ee\/en\/wp-json\/wp\/v2\/giftcard-category?post=69695"}],"curies":[{"name":"wp","href":"https:\/\/api.w.org\/{rel}","templated":true}]}}