{"id":69822,"date":"2023-04-17T15:03:18","date_gmt":"2023-04-17T13:03:18","guid":{"rendered":"https:\/\/fit360.ee\/pood\/uncategorized\/kuningakepioli-evening-primrose-seed-oil-90caps\/"},"modified":"2026-02-23T17:06:16","modified_gmt":"2026-02-23T15:06:16","slug":"kuningakepioli-evening-primrose-seed-oil-90caps","status":"publish","type":"product","link":"https:\/\/fit360.ee\/en\/pood\/product-groups\/essential-fats-en\/omega-3-6-9-en\/kuningakepioli-evening-primrose-seed-oil-90caps\/","title":{"rendered":"Kuningakepi\u00f5li &#8211; Evening Primrose Seed Oil (90caps)"},"content":{"rendered":"<h2><strong>Kuningakepi\u00f5li\u00a0<\/strong><\/h2>\n<p><strong>ICONFIT Kuningakepi\u00f5li 500mg<\/strong>\u00a0on \u00e4\u00e4rmiselt v\u00e4\u00e4rtuslik toode naiste tervisele, heaolule ja ilule. See\u00a0on kvaliteetne oomega-6 asendamatute rasvhapete &#8211; linoolhappe (LA) ja gammalinoolhappe (GLA) &#8211; allikas. Kuningakepi\u00f5li aitab leevendada menstruatsioonits\u00fckliga seotud vaevusi ja probleeme. Aitab s\u00e4ilitada naha ja sidekoe tervist ning aitab tasakaalustada hormoone. Nii LA kui ka GLA ei saa organism ise toota ja seet\u00f5ttu tuleb neid varustada toidu v\u00f5i toidulisandite kaudu.\u00a0See sisaldab ka E-vitamiini, mis aitab kaitsta rakke oks\u00fcdatiivse stressi eest. Oks\u00fcdatiivne stress on tasakaalu puudumine vabade radikaalide ja antioks\u00fcdantide vahel. Oks\u00fcdatiivsed stressitegurid, mis on kahjulikud tegurid, on \u00fclekaalus. Vabad radikaalid v\u00f5ivad kahjustada kehas olevaid kudesid, aidates kaasa erinevate haiguste ja vananemisprotsesside tekkimisele.<\/p>\n<p><strong>Kellele see on m\u00f5eldud?<\/strong><\/p>\n<ul>\n<li>Naistele, kes l\u00e4bivad menopausi, et leevendada PMS-i puuduj\u00e4\u00e4ke<\/li>\n<li>Naistele, kellel on menstruaalts\u00fckli ajal h\u00e4ired<\/li>\n<li>Inimestele, kellel on kuiv nahk<\/li>\n<li>Kasulik nii meestele kui ka naistele naha noorendamise seisukohast<\/li>\n<li>Inimestele, kellel on krooniline v\u00e4simus<\/li>\n<li>Inimestele, kes soovivad toetada n\u00e4rvis\u00fcsteemi<\/li>\n<li>Inimestele, kes vajavad k\u00f5rgendatud GLA<\/li>\n<\/ul>\n<p>ICONFIT kapslid ei sisalda kunstlikke lisandeid, kemikaale, s\u00e4ilitus- v\u00f5i v\u00e4rvaineid ning on GMO-vabad.<\/p>\n<p><strong>Koostisosad:<\/strong>\u00a0Kuningakepi\u00f5li (Oenothera biennis), kapslikest (veise \u017eelatiin, gl\u00fctserool, vesi).<\/p>\n<p><strong>Kasutamine<\/strong>: 2 kapslit p\u00e4evas koos tasakaalustatud toitumise ja veega v\u00f5i vastavalt arsti soovitusele. Toidulisand ei asenda tervislikku elustiili ning mitmekesist ja tasakaalustatud toitumist. \u00c4rge \u00fcletage soovitatud annust. Hoida lastele k\u00e4ttesaamatus kohas. R\u00e4\u00e4kige oma arstiga, kui teil on epilepsia, te v\u00f5tate ravimeid, olete rase v\u00f5i toidate last rinnaga. Hoida originaalpakendis 5-25 \u00b0C juures, niiskuse ja otsese p\u00e4ikesevalguse eest kaitstult.<\/p>\n<p><strong>Suurus<\/strong>: 90 kapslit<\/p>\n<table width=\"\">\n<thead>\n<tr>\n<th align=\"left\"><strong>P\u00c4EVANE ANNUS:<\/strong><\/th>\n<th align=\"left\">2 kapslit<\/th>\n<\/tr>\n<\/thead>\n<tbody>\n<tr>\n<td align=\"left\">Kuningakepi\u00f5li (Oenothera biennis), sisaldab<\/td>\n<td align=\"left\">1000 mg<\/td>\n<\/tr>\n<tr>\n<td align=\"left\">&#8230;\u03b3-linoleenhapet (GLA)<\/td>\n<td align=\"left\">90 mg<\/td>\n<\/tr>\n<tr>\n<td align=\"left\">&#8230;linoolhape (LA)<\/td>\n<td align=\"left\">650 mg<\/td>\n<\/tr>\n<\/tbody>\n<\/table>\n<div><\/div>\n<div>Vaata ka meie teisi Kasulikke Rasvhappeid <a href=\"https:\/\/fit360.ee\/en\/product-category\/product-groups\/essential-fats-en\/\"><strong>SIIT<\/strong><\/a>!<\/div>\n<div><\/div>\n<div>Soovid teha suuremat tellimust? Vaata antud toodet meie HULGI lehelt\u00a0<a href=\"https:\/\/toidulisandidhulgi.ee\/product\/kuningakepioli-evening-primrose-seed-oil-90caps\/\"><strong>SIIT<\/strong><\/a>!<\/div>\n","protected":false},"excerpt":{"rendered":"<p><strong>ICONFIT Kuningakepi\u00f5li<\/strong>\u00a0pehmed kapslid 500mg on gammalinoleenhappe (GLA) looduslik allikas, mis on kasulik omega-6 rasvhape. Kapslid aitavad tasakaalustada hormoone ja v\u00e4hendada premenstruaalset s\u00fcndroomi.<\/p>\n<ul>\n<li>Aitab hormoonide tasakaalustamisel ja v\u00e4hendab premenstruaalset s\u00fcndroomi.<\/li>\n<li>Toetab naha tervist ja aitab s\u00e4ilitada naha niiskust.<\/li>\n<li>M\u00f5jutab positiivselt naiste enesetunnet menstruatsiooni ajal.<\/li>\n<li><strong>2 kapslit sisaldavad 1000 mg puhast kuningakepi\u00f5li.<\/strong><\/li>\n<\/ul>\n","protected":false},"featured_media":69821,"comment_status":"closed","ping_status":"closed","template":"","meta":[],"product_brand":[],"product_cat":[525,1318,2442,1454,536],"product_tag":[4294,1681,4295],"giftcard-category":[],"class_list":{"0":"post-69822","1":"product","2":"type-product","3":"status-publish","4":"has-post-thumbnail","6":"product_cat-essential-fats-en","7":"product_cat-iconfit-en","8":"product_cat-omega-3-6-9-en","9":"product_cat-superfoods-health-foods-en","10":"product_cat-vitamins-and-minerals-en","11":"product_tag-evening-primrose-oil-en","12":"product_tag-iconfit-en","13":"product_tag-kuningakepioli-en","14":"pa_kogus-90-capsules","15":"pa_toidulisand-branddd-iconfit","16":"pa_tootegruppp-omega-3-6-9-en","17":"pa_tootegruppp-supertoit-tervisetoit-en","18":"pa_tootegruppp-useful-fatty-acids","19":"pa_tootegruppp-vitamins-and-minerals","21":"first","22":"instock","23":"sale","24":"taxable","25":"shipping-taxable","26":"purchasable","27":"product-type-simple"},"yoast_head":"<!-- This site is optimized with the Yoast SEO plugin v27.3 - https:\/\/yoast.com\/product\/yoast-seo-wordpress\/ -->\n<title>Kuningakepi\u00f5li - Evening Primrose Seed Oil (90caps) - Fit360<\/title>\n<meta name=\"description\" content=\"Kuningakepi\u00f5li 500mg\u00a0on \u00e4\u00e4rmiselt v\u00e4\u00e4rtuslik toode naiste tervisele, heaolule ja ilule. See\u00a0on kvaliteetne oomega-6 asendamatute rasvhapete - ....\" \/>\n<meta name=\"robots\" content=\"index, follow, max-snippet:-1, max-image-preview:large, max-video-preview:-1\" \/>\n<link rel=\"canonical\" href=\"https:\/\/fit360.ee\/en\/pood\/product-groups\/essential-fats-en\/omega-3-6-9-en\/kuningakepioli-evening-primrose-seed-oil-90caps\/\" \/>\n<meta property=\"og:locale\" content=\"en_US\" \/>\n<meta property=\"og:type\" content=\"article\" \/>\n<meta property=\"og:title\" content=\"Kuningakepi\u00f5li - Evening Primrose Seed Oil (90caps) - Fit360\" \/>\n<meta property=\"og:description\" content=\"Kuningakepi\u00f5li 500mg\u00a0on \u00e4\u00e4rmiselt v\u00e4\u00e4rtuslik toode naiste tervisele, heaolule ja ilule. See\u00a0on kvaliteetne oomega-6 asendamatute rasvhapete - ....\" \/>\n<meta property=\"og:url\" content=\"https:\/\/fit360.ee\/en\/pood\/product-groups\/essential-fats-en\/omega-3-6-9-en\/kuningakepioli-evening-primrose-seed-oil-90caps\/\" \/>\n<meta property=\"og:site_name\" content=\"Fit360\" \/>\n<meta property=\"article:modified_time\" content=\"2026-02-23T15:06:16+00:00\" \/>\n<meta property=\"og:image\" content=\"https:\/\/fit360.ee\/wp-content\/uploads\/2023\/04\/kuningakepioli-fit360.ee_.jpg\" \/>\n\t<meta property=\"og:image:width\" content=\"800\" \/>\n\t<meta property=\"og:image:height\" content=\"800\" \/>\n\t<meta property=\"og:image:type\" content=\"image\/jpeg\" \/>\n<meta name=\"twitter:card\" content=\"summary_large_image\" \/>\n<meta name=\"twitter:label1\" content=\"Est. reading time\" \/>\n\t<meta name=\"twitter:data1\" content=\"2 minutes\" \/>\n<script type=\"application\/ld+json\" class=\"yoast-schema-graph\">{\"@context\":\"https:\\\/\\\/schema.org\",\"@graph\":[{\"@type\":\"WebPage\",\"@id\":\"https:\\\/\\\/fit360.ee\\\/en\\\/pood\\\/product-groups\\\/essential-fats-en\\\/omega-3-6-9-en\\\/kuningakepioli-evening-primrose-seed-oil-90caps\\\/\",\"url\":\"https:\\\/\\\/fit360.ee\\\/en\\\/pood\\\/product-groups\\\/essential-fats-en\\\/omega-3-6-9-en\\\/kuningakepioli-evening-primrose-seed-oil-90caps\\\/\",\"name\":\"Kuningakepi\u00f5li - Evening Primrose Seed Oil (90caps) - Fit360\",\"isPartOf\":{\"@id\":\"https:\\\/\\\/fit360.ee\\\/en\\\/#website\"},\"primaryImageOfPage\":{\"@id\":\"https:\\\/\\\/fit360.ee\\\/en\\\/pood\\\/product-groups\\\/essential-fats-en\\\/omega-3-6-9-en\\\/kuningakepioli-evening-primrose-seed-oil-90caps\\\/#primaryimage\"},\"image\":{\"@id\":\"https:\\\/\\\/fit360.ee\\\/en\\\/pood\\\/product-groups\\\/essential-fats-en\\\/omega-3-6-9-en\\\/kuningakepioli-evening-primrose-seed-oil-90caps\\\/#primaryimage\"},\"thumbnailUrl\":\"https:\\\/\\\/fit360.ee\\\/wp-content\\\/uploads\\\/2023\\\/04\\\/kuningakepioli-fit360.ee_.jpg\",\"datePublished\":\"2023-04-17T13:03:18+00:00\",\"dateModified\":\"2026-02-23T15:06:16+00:00\",\"description\":\"Kuningakepi\u00f5li 500mg\u00a0on \u00e4\u00e4rmiselt v\u00e4\u00e4rtuslik toode naiste tervisele, heaolule ja ilule. See\u00a0on kvaliteetne oomega-6 asendamatute rasvhapete - ....\",\"breadcrumb\":{\"@id\":\"https:\\\/\\\/fit360.ee\\\/en\\\/pood\\\/product-groups\\\/essential-fats-en\\\/omega-3-6-9-en\\\/kuningakepioli-evening-primrose-seed-oil-90caps\\\/#breadcrumb\"},\"inLanguage\":\"en-US\",\"potentialAction\":[{\"@type\":\"ReadAction\",\"target\":[\"https:\\\/\\\/fit360.ee\\\/en\\\/pood\\\/product-groups\\\/essential-fats-en\\\/omega-3-6-9-en\\\/kuningakepioli-evening-primrose-seed-oil-90caps\\\/\"]}]},{\"@type\":\"ImageObject\",\"inLanguage\":\"en-US\",\"@id\":\"https:\\\/\\\/fit360.ee\\\/en\\\/pood\\\/product-groups\\\/essential-fats-en\\\/omega-3-6-9-en\\\/kuningakepioli-evening-primrose-seed-oil-90caps\\\/#primaryimage\",\"url\":\"https:\\\/\\\/fit360.ee\\\/wp-content\\\/uploads\\\/2023\\\/04\\\/kuningakepioli-fit360.ee_.jpg\",\"contentUrl\":\"https:\\\/\\\/fit360.ee\\\/wp-content\\\/uploads\\\/2023\\\/04\\\/kuningakepioli-fit360.ee_.jpg\",\"width\":800,\"height\":800,\"caption\":\"kuningakepi\u00f5li - fit360.ee\"},{\"@type\":\"BreadcrumbList\",\"@id\":\"https:\\\/\\\/fit360.ee\\\/en\\\/pood\\\/product-groups\\\/essential-fats-en\\\/omega-3-6-9-en\\\/kuningakepioli-evening-primrose-seed-oil-90caps\\\/#breadcrumb\",\"itemListElement\":[{\"@type\":\"ListItem\",\"position\":1,\"name\":\"Home\",\"item\":\"https:\\\/\\\/fit360.ee\\\/en\\\/\"},{\"@type\":\"ListItem\",\"position\":2,\"name\":\"Shop\",\"item\":\"https:\\\/\\\/fit360.ee\\\/en\\\/shop\\\/\"},{\"@type\":\"ListItem\",\"position\":3,\"name\":\"Kuningakepi\u00f5li &#8211; Evening Primrose Seed Oil (90caps)\"}]},{\"@type\":\"WebSite\",\"@id\":\"https:\\\/\\\/fit360.ee\\\/en\\\/#website\",\"url\":\"https:\\\/\\\/fit360.ee\\\/en\\\/\",\"name\":\"Fit360\",\"description\":\"\",\"publisher\":{\"@id\":\"https:\\\/\\\/fit360.ee\\\/en\\\/#organization\"},\"potentialAction\":[{\"@type\":\"SearchAction\",\"target\":{\"@type\":\"EntryPoint\",\"urlTemplate\":\"https:\\\/\\\/fit360.ee\\\/en\\\/?s={search_term_string}\"},\"query-input\":{\"@type\":\"PropertyValueSpecification\",\"valueRequired\":true,\"valueName\":\"search_term_string\"}}],\"inLanguage\":\"en-US\"},{\"@type\":\"Organization\",\"@id\":\"https:\\\/\\\/fit360.ee\\\/en\\\/#organization\",\"name\":\"Fit360\",\"url\":\"https:\\\/\\\/fit360.ee\\\/en\\\/\",\"logo\":{\"@type\":\"ImageObject\",\"inLanguage\":\"en-US\",\"@id\":\"https:\\\/\\\/fit360.ee\\\/en\\\/#\\\/schema\\\/logo\\\/image\\\/\",\"url\":\"https:\\\/\\\/fit360.ee\\\/wp-content\\\/uploads\\\/2017\\\/01\\\/logo-fit360.png\",\"contentUrl\":\"https:\\\/\\\/fit360.ee\\\/wp-content\\\/uploads\\\/2017\\\/01\\\/logo-fit360.png\",\"width\":180,\"height\":66,\"caption\":\"Fit360\"},\"image\":{\"@id\":\"https:\\\/\\\/fit360.ee\\\/en\\\/#\\\/schema\\\/logo\\\/image\\\/\"}}]}<\/script>\n<!-- \/ Yoast SEO plugin. -->","yoast_head_json":{"title":"Kuningakepi\u00f5li - Evening Primrose Seed Oil (90caps) - Fit360","description":"Kuningakepi\u00f5li 500mg\u00a0on \u00e4\u00e4rmiselt v\u00e4\u00e4rtuslik toode naiste tervisele, heaolule ja ilule. See\u00a0on kvaliteetne oomega-6 asendamatute rasvhapete - ....","robots":{"index":"index","follow":"follow","max-snippet":"max-snippet:-1","max-image-preview":"max-image-preview:large","max-video-preview":"max-video-preview:-1"},"canonical":"https:\/\/fit360.ee\/en\/pood\/product-groups\/essential-fats-en\/omega-3-6-9-en\/kuningakepioli-evening-primrose-seed-oil-90caps\/","og_locale":"en_US","og_type":"article","og_title":"Kuningakepi\u00f5li - Evening Primrose Seed Oil (90caps) - Fit360","og_description":"Kuningakepi\u00f5li 500mg\u00a0on \u00e4\u00e4rmiselt v\u00e4\u00e4rtuslik toode naiste tervisele, heaolule ja ilule. See\u00a0on kvaliteetne oomega-6 asendamatute rasvhapete - ....","og_url":"https:\/\/fit360.ee\/en\/pood\/product-groups\/essential-fats-en\/omega-3-6-9-en\/kuningakepioli-evening-primrose-seed-oil-90caps\/","og_site_name":"Fit360","article_modified_time":"2026-02-23T15:06:16+00:00","og_image":[{"width":800,"height":800,"url":"https:\/\/fit360.ee\/wp-content\/uploads\/2023\/04\/kuningakepioli-fit360.ee_.jpg","type":"image\/jpeg"}],"twitter_card":"summary_large_image","twitter_misc":{"Est. reading time":"2 minutes"},"schema":{"@context":"https:\/\/schema.org","@graph":[{"@type":"WebPage","@id":"https:\/\/fit360.ee\/en\/pood\/product-groups\/essential-fats-en\/omega-3-6-9-en\/kuningakepioli-evening-primrose-seed-oil-90caps\/","url":"https:\/\/fit360.ee\/en\/pood\/product-groups\/essential-fats-en\/omega-3-6-9-en\/kuningakepioli-evening-primrose-seed-oil-90caps\/","name":"Kuningakepi\u00f5li - Evening Primrose Seed Oil (90caps) - Fit360","isPartOf":{"@id":"https:\/\/fit360.ee\/en\/#website"},"primaryImageOfPage":{"@id":"https:\/\/fit360.ee\/en\/pood\/product-groups\/essential-fats-en\/omega-3-6-9-en\/kuningakepioli-evening-primrose-seed-oil-90caps\/#primaryimage"},"image":{"@id":"https:\/\/fit360.ee\/en\/pood\/product-groups\/essential-fats-en\/omega-3-6-9-en\/kuningakepioli-evening-primrose-seed-oil-90caps\/#primaryimage"},"thumbnailUrl":"https:\/\/fit360.ee\/wp-content\/uploads\/2023\/04\/kuningakepioli-fit360.ee_.jpg","datePublished":"2023-04-17T13:03:18+00:00","dateModified":"2026-02-23T15:06:16+00:00","description":"Kuningakepi\u00f5li 500mg\u00a0on \u00e4\u00e4rmiselt v\u00e4\u00e4rtuslik toode naiste tervisele, heaolule ja ilule. See\u00a0on kvaliteetne oomega-6 asendamatute rasvhapete - ....","breadcrumb":{"@id":"https:\/\/fit360.ee\/en\/pood\/product-groups\/essential-fats-en\/omega-3-6-9-en\/kuningakepioli-evening-primrose-seed-oil-90caps\/#breadcrumb"},"inLanguage":"en-US","potentialAction":[{"@type":"ReadAction","target":["https:\/\/fit360.ee\/en\/pood\/product-groups\/essential-fats-en\/omega-3-6-9-en\/kuningakepioli-evening-primrose-seed-oil-90caps\/"]}]},{"@type":"ImageObject","inLanguage":"en-US","@id":"https:\/\/fit360.ee\/en\/pood\/product-groups\/essential-fats-en\/omega-3-6-9-en\/kuningakepioli-evening-primrose-seed-oil-90caps\/#primaryimage","url":"https:\/\/fit360.ee\/wp-content\/uploads\/2023\/04\/kuningakepioli-fit360.ee_.jpg","contentUrl":"https:\/\/fit360.ee\/wp-content\/uploads\/2023\/04\/kuningakepioli-fit360.ee_.jpg","width":800,"height":800,"caption":"kuningakepi\u00f5li - fit360.ee"},{"@type":"BreadcrumbList","@id":"https:\/\/fit360.ee\/en\/pood\/product-groups\/essential-fats-en\/omega-3-6-9-en\/kuningakepioli-evening-primrose-seed-oil-90caps\/#breadcrumb","itemListElement":[{"@type":"ListItem","position":1,"name":"Home","item":"https:\/\/fit360.ee\/en\/"},{"@type":"ListItem","position":2,"name":"Shop","item":"https:\/\/fit360.ee\/en\/shop\/"},{"@type":"ListItem","position":3,"name":"Kuningakepi\u00f5li &#8211; Evening Primrose Seed Oil (90caps)"}]},{"@type":"WebSite","@id":"https:\/\/fit360.ee\/en\/#website","url":"https:\/\/fit360.ee\/en\/","name":"Fit360","description":"","publisher":{"@id":"https:\/\/fit360.ee\/en\/#organization"},"potentialAction":[{"@type":"SearchAction","target":{"@type":"EntryPoint","urlTemplate":"https:\/\/fit360.ee\/en\/?s={search_term_string}"},"query-input":{"@type":"PropertyValueSpecification","valueRequired":true,"valueName":"search_term_string"}}],"inLanguage":"en-US"},{"@type":"Organization","@id":"https:\/\/fit360.ee\/en\/#organization","name":"Fit360","url":"https:\/\/fit360.ee\/en\/","logo":{"@type":"ImageObject","inLanguage":"en-US","@id":"https:\/\/fit360.ee\/en\/#\/schema\/logo\/image\/","url":"https:\/\/fit360.ee\/wp-content\/uploads\/2017\/01\/logo-fit360.png","contentUrl":"https:\/\/fit360.ee\/wp-content\/uploads\/2017\/01\/logo-fit360.png","width":180,"height":66,"caption":"Fit360"},"image":{"@id":"https:\/\/fit360.ee\/en\/#\/schema\/logo\/image\/"}}]}},"_links":{"self":[{"href":"https:\/\/fit360.ee\/en\/wp-json\/wp\/v2\/product\/69822","targetHints":{"allow":["GET"]}}],"collection":[{"href":"https:\/\/fit360.ee\/en\/wp-json\/wp\/v2\/product"}],"about":[{"href":"https:\/\/fit360.ee\/en\/wp-json\/wp\/v2\/types\/product"}],"replies":[{"embeddable":true,"href":"https:\/\/fit360.ee\/en\/wp-json\/wp\/v2\/comments?post=69822"}],"wp:featuredmedia":[{"embeddable":true,"href":"https:\/\/fit360.ee\/en\/wp-json\/wp\/v2\/media\/69821"}],"wp:attachment":[{"href":"https:\/\/fit360.ee\/en\/wp-json\/wp\/v2\/media?parent=69822"}],"wp:term":[{"taxonomy":"product_brand","embeddable":true,"href":"https:\/\/fit360.ee\/en\/wp-json\/wp\/v2\/product_brand?post=69822"},{"taxonomy":"product_cat","embeddable":true,"href":"https:\/\/fit360.ee\/en\/wp-json\/wp\/v2\/product_cat?post=69822"},{"taxonomy":"product_tag","embeddable":true,"href":"https:\/\/fit360.ee\/en\/wp-json\/wp\/v2\/product_tag?post=69822"},{"taxonomy":"giftcard-category","embeddable":true,"href":"https:\/\/fit360.ee\/en\/wp-json\/wp\/v2\/giftcard-category?post=69822"}],"curies":[{"name":"wp","href":"https:\/\/api.w.org\/{rel}","templated":true}]}}