{"id":69870,"date":"2023-04-19T21:14:35","date_gmt":"2023-04-19T19:14:35","guid":{"rendered":"https:\/\/fit360.ee\/pood\/uncategorized\/blood-and-guts\/"},"modified":"2026-03-26T22:11:17","modified_gmt":"2026-03-26T20:11:17","slug":"blood-and-guts","status":"publish","type":"product","link":"https:\/\/fit360.ee\/en\/pood\/product-groups\/amino-acids-bcaa\/beta-alanine-en\/blood-and-guts\/","title":{"rendered":"Blood &amp; Guts (380g)"},"content":{"rendered":"<h2><strong>Blood and Guts<\/strong><\/h2>\n<p>Blood and Guts on treeningeelne <a href=\"https:\/\/fit360.ee\/en\/product-category\/product-groups\/pre-workout-en\/\"><strong>pre-workout<\/strong><\/a>, mis on m\u00f5eldud keskendumise, energia ja j\u00f5u suurendamiseks f\u00fc\u00fcsilise treeningu ajal, v\u00f5imaldades teil \u00fcletada oma vaimseid ja f\u00fc\u00fcsilisi piire.<\/p>\n<p>Meie eesm\u00e4rk koos Blood and Gutsiga oli luua toode, mis kehastab Doriani kuulsat treeningfilosoofiat ja erakordset t\u00f6\u00f6eetikat. Sellep\u00e4rast sisaldab revolutsiooniline Blood and Guts treeningeelne treening tugevaid annuseid p\u00f5hitoitaineid, mis on Doriani eluaegse kogemuse kaudu kokku sulatatud, et luua t\u00e4nap\u00e4eval turul k\u00f5ige intensiivsem treeningeelne toidulisand.<\/p>\n<p>V\u00f5ime tekitada v\u00f5imsaid lihaskontraktsioone, s\u00e4ilitada fookust ja keskendumisv\u00f5imet ning optimeerida keha f\u00fcsioloogilisi reaktsioone on intensiivsuse lahutamatu osa. Kuid enamik inimesi ei treeni \u00f5ige intensiivsusega, mist\u00f5ttu lihaste kasv on p\u00e4rast treeningut halvasti optimeeritud ja kehal pole p\u00f5hjust kohaneda.<\/p>\n<p>Dorian Yatesi Blood and Guts valem seab intensiivsuse teie treeningute esiplaanile. Alates esimesest portsjonist saabub kiire vaimsete stimulantide infusioon ja teie neurotransmitterid hakkavad t\u00f6\u00f6le. Teie keskendumisv\u00f5ime ja keskendumisv\u00f5ime paranevad m\u00e4rgatavalt, kuna guaraana seemneekstrakt, kofeiin, L-t\u00fcrosiin ja rohelise tee ekstrakt v\u00f5imendavad teie vaimset seisundit. Soojendades enneolematu tunnelin\u00e4gemisega, tunnete, kuidas j\u00e4rgmine koostisosade laine haarab endasse k\u00f5ik teie keha lihaskiud: tsitrulliinmalaat, beetaalaniin ja arginiin AAKG koos suurendavad verevoolu t\u00f6\u00f6tavatesse lihastesse, pikendavad vastupidavust ja vastupidavust. l\u00f6\u00f6klaine \u00fcldine tugevusaste l\u00e4bi katuse.<\/p>\n<p>Hankige t\u00e4iustatud koostis, mis sisaldab rohkem beeta-alaniini vastupidavuse suurendamiseks ja B3-vitamiini, et saada rohkem energiat. Tegime selle toote \u2013 n\u00fc\u00fcd peate Teie t\u00f6\u00f6d tegema.<\/p>\n<p>Astuge tsooni kohe meele ja keha eeltreeninguga!<\/p>\n<h4><strong>PEAMISED EELISED<\/strong><\/h4>\n<ul>\n<li>6000 mg tsitrulliinmalaat plahvatusohtlike lihaspumpade ja j\u00f5udluse parandamiseks<\/li>\n<li>5500 mg beeta-alaniini pikendab lihaste vastupidavust<\/li>\n<li>4000 mg arginiini AKG tugevdab tugevust<\/li>\n<li>500 mg L-t\u00fcrosiini meele-lihase \u00fchenduse tugevdamiseks ja tugevdamiseks<\/li>\n<li>350 mg kofeiini fookuse suurendamiseks<\/li>\n<li>Vitamiin B3 ja 3 looduslikku ekstrakti halastamatu energia ja v\u00e4simuse v\u00e4hendamiseks<\/li>\n<\/ul>\n<p><a href=\"https:\/\/fit360.ee\/en\/product-category\/product-groups\/amino-acids-bcaa\/citrulline-en\/\"><strong>Tsitrulliinmalaat<\/strong><\/a> on asendamatu aminohape. Seda on inimeste igap\u00e4evases toidus tavaliselt v\u00e4he, kuigi see m\u00e4ngib paljudes bioloogilistes protsessides v\u00e4ga olulist rolli. Tsitrulliin Malate aitab optimaalselt kaasa verevoolu optimeerimisele, mis m\u00f5jutab enamiku kehafunktsioonide toimimist. Allaneelamisel muudab teie keha selle L-arginiiniks ja seej\u00e4rel l\u00e4mmastikoksiidiks. L\u00e4mmastikoksiid on \u00fcks neist \u00fchenditest, mis muudab veresooned treeningu ajal laiemaks, parandades seel\u00e4bi teie verevarustust. Parem verevool t\u00e4hendab, et lihastesse j\u00f5uab rohkem hapnikku ja vajalikke toitaineid.<\/p>\n<p><a href=\"https:\/\/fit360.ee\/en\/product-category\/product-groups\/amino-acids-bcaa\/beta-alanine-en\/\"><strong>Beeta-alaniin<\/strong><\/a> on beeta-aminohape, mida leidub vitamiinis B5. On n\u00e4idatud, et beeta-alaniinil on m\u00e4rkimisv\u00e4\u00e4rselt suurenenud lihaste karnosiini sisaldus. K\u00f5rgema karnosiini taseme arendamisega on lihaskude kaitstud oks\u00fcdatsiooni eest. Seega suurendab beeta-alaniin j\u00f5udlust, suurendades lihaste vastupidavust.<\/p>\n<p><a href=\"https:\/\/fit360.ee\/en\/product-category\/product-groups\/amino-acids-bcaa\/l-arginine-en\/\"><strong>Arginiin AAKG<\/strong><\/a> on \u00fchendaminohape, mida kasutatakse peamiselt vasodilateerimiseks ja verevoolu suurendamiseks vastupidavustreeningu ajal. See suurendab l\u00e4mmastikoksiidi tootmist kehas, t\u00e4iendades seega Citrulline Malte&#8217;t rakkude toitumise ja veresoonte laienemise osas. Arginiin AAKG parandab lihaste kasvu ja tugevust.<\/p>\n<p><a href=\"https:\/\/fit360.ee\/en\/product-category\/product-groups\/amino-acids-bcaa\/tyrosine-en\/\"><strong>L-t\u00fcrosiin<\/strong><\/a> on aminohape, mida inimkeha toodab looduslikult valkude s\u00fcnteesimiseks. L-t\u00fcrosiin on aju neurotransmitterite ning keha lihaste ja aju vahelise \u00fchenduse ehitusplokk. See suurendab erksust, t\u00e4helepanu ja keskendumist. L-t\u00fcrosiin on aminohape, mis alandab teie stressitaset, nii et saate keskenduda oma igap\u00e4evasele rutiinile. L-t\u00fcrosiin t\u00f5stab teie adrenaliinitaset, nii et olete kindlameelsem oma dieedist kinnipidamisel ja keskendute treenimise ajal rohkem.<\/p>\n<p>Kofeiin on keskn\u00e4rvis\u00fcsteemi stimulant ja maailmas enimkasutatav energiav\u00f5imendaja. Kofeiin toimib stiimulina kognitiivsetele tegevustele ja protsessidele, mida inimkeha v\u00f5ib l\u00e4bida. See parandab keskendumisv\u00f5imet, keskendumist, motoorset koordinatsiooni ja \u00fcldist reaktsiooniaega. Samuti on n\u00e4idatud, et kofeiin parandab vastupidavusalade sportlikku j\u00f5udlust.<\/p>\n<p>Niatsiin ehk vitamiin B3 on vitamiin, mis aitab toitu, toitaineid ja muid aminohappeid muuta ja omastada keha energiaks. See energiat\u00f5us v\u00f5ib aidata teil \u00fcletada oma piire ja anda teile treeningu ajal k\u00f5ik, mis teil on. B3-vitamiin aitab alandada ka kolesterooli, t\u00f5stab aju- ja nahafunktsiooni ning parandab liigeste liikuvust.<\/p>\n<p><a href=\"https:\/\/fit360.ee\/en\/product-category\/product-groups\/superfoods-health-foods-en\/green-tea-extract-en\/\"><strong>Rohelise tee lehe ekstrakt<\/strong><\/a> saadakse looduslikult. Kuna see sisaldab antioks\u00fcdante ja toitaineid, millel on kehale v\u00f5imas m\u00f5ju, kasutatakse seda erksuse suurendamiseks ja kolesterooli alandamiseks. 55% epigallokatehhiingallaadi kontsentratsiooni kaudu aitab rohelise tee lehe ekstrakt v\u00e4hendada vabade radikaalide teket kehas, kaitstes rakke ja molekule kahjustuste eest. On n\u00e4idatud, et roheline tee suurendab rasvade oks\u00fcdatsiooni kaudu rasvap\u00f5letust ja kiirendab ainevahetust. Mitmed uuringud on n\u00e4idanud, et roheline tee viib keharasva v\u00e4henemiseni, eriti k\u00f5hupiirkonnas \u2013 v\u00f6\u00f6\u00fcmberm\u00f5\u00f5dus ja k\u00f5hurasvas.<\/p>\n<p>Magusa apelsinikoore ekstrakti kasutatakse loomulikult inimkeha k\u00f5rge verer\u00f5hu regulaatorina, kuna see sisaldab suures koguses kaaliumi. Samuti on teaduslikult t\u00f5estatud, et see v\u00f5ib alandada k\u00f5rget kolesteroolitaset. Lisaks nendele eelistele sisaldab magusa apelsinikoore ekstrakt m\u00e4rkimisv\u00e4\u00e4rses koguses C-vitamiini. See vitamiin on v\u00f5imas antioks\u00fcdant, mis tugevdab immuuns\u00fcsteemi. Samuti aitab see valgetel verelibledel t\u00f5husamalt toimida.<\/p>\n<p>Guaraana seemne ekstrakt paistab silma v\u00e4simust v\u00e4hendava stimulantina. Kuna see sisaldab kofeiini, annab see ka energiat ja parandab keskendumist. On n\u00e4idatud, et guaraana seemneekstrakt p\u00e4rsib geene, mis aitavad rasvarakkude tootmist ja soodustavad geene, mis seda aeglustavad. See aitab ka tegevuste puhul, mis n\u00f5uavad oma antioks\u00fcdantsete omaduste t\u00f5ttu suurt vastupidavust.<\/p>\n<p>Musta pipra puuviljaekstrakt ekstraheeritakse looduslikult mustast piprast. On n\u00e4idatud, et see suurendab seedetrakti verevarustust ja suurendab aktiivset toitainete kohaletoimetamist kogu kehas.<\/p>\n<p>&nbsp;<\/p>\n<table class=\"table table-responsive text-center\">\n<tbody>\n<tr>\n<td colspan=\"3\">Portsjoni suurus: 2 kuhjaga kulbikest (19g)<\/td>\n<\/tr>\n<tr>\n<td colspan=\"3\">Portsjon konteineri kohta: 20<\/td>\n<\/tr>\n<tr>\n<td>Sisu<\/td>\n<td>100g toote kohta<\/td>\n<td>PORTSENDI KOHTA (19)<\/td>\n<\/tr>\n<tr>\n<td>Vitamiin B3<\/td>\n<td>250 mg<\/td>\n<td>47,6 mg (297%SPK**)<\/td>\n<\/tr>\n<tr>\n<td>L-tsitruliin DL-malaat (2:1)<\/td>\n<td>31,5 g<\/td>\n<td>5985 mg<\/td>\n<\/tr>\n<tr>\n<td>millest L-tsitruliin<\/td>\n<td>21,5 g<\/td>\n<td>4085 mg<\/td>\n<\/tr>\n<tr>\n<td>A-AKG kompleks<\/td>\n<td>21,1 g<\/td>\n<td>4009 mg<\/td>\n<\/tr>\n<tr>\n<td>L-arginiin<\/td>\n<td>14,1 g<\/td>\n<td>2679 mg<\/td>\n<\/tr>\n<tr>\n<td>Kaltsium-alfa-ketoglutaraat<\/td>\n<td>7 g<\/td>\n<td>1130 mg<\/td>\n<\/tr>\n<tr>\n<td>Beeta-alaniin<\/td>\n<td>28,95 g<\/td>\n<td>5500 mg<\/td>\n<\/tr>\n<tr>\n<td>L-t\u00fcrosiin<\/td>\n<td>2630 mg<\/td>\n<td>500 mg<\/td>\n<\/tr>\n<tr>\n<td>Rohelise tee (Camellia sinesis) lehtede ekstrakt 30:1<\/td>\n<td>1320 mg<\/td>\n<td>250 mg<\/td>\n<\/tr>\n<tr>\n<td>Pol\u00fcfenoolid kokku<\/td>\n<td>1254 mg<\/td>\n<td>237 mg<\/td>\n<\/tr>\n<tr>\n<td>Kofeiin<\/td>\n<td>66 mg<\/td>\n<td>13 mg<\/td>\n<\/tr>\n<tr>\n<td>Magus apelsin (Citrus sinesis) \u2013 100% kooreekstrakt<\/td>\n<td>980 mg<\/td>\n<td>186 mg<\/td>\n<\/tr>\n<tr>\n<td>Veevaba kofeiin<\/td>\n<td>1840 mg<\/td>\n<td>350 mg<\/td>\n<\/tr>\n<tr>\n<td>Guaraana ( Paullinia cupana) ekstrakt<\/td>\n<td>210 mg<\/td>\n<td>41 mg<\/td>\n<\/tr>\n<tr>\n<td>Kofeiin<\/td>\n<td>46 mg<\/td>\n<td>9 mg<\/td>\n<\/tr>\n<tr>\n<td>Musta pipra (Piper Nigrum) (25-35:1) ekstrakt<\/td>\n<td>10 mg<\/td>\n<td>1,9 mg<\/td>\n<\/tr>\n<tr>\n<td>Piperine<\/td>\n<td>9 mg<\/td>\n<td>1,7 mg<\/td>\n<\/tr>\n<tr>\n<td colspan=\"3\">***SPK \u2013 keskmise t\u00e4iskasvanu toitainete referentsv\u00e4\u00e4rtus<\/td>\n<\/tr>\n<\/tbody>\n<\/table>\n<p>Vaata ka meie teisi Pre-Workoute <a href=\"https:\/\/fit360.ee\/en\/product-category\/product-groups\/pre-workout-en\/\"><strong>SIIT<\/strong><\/a>!<\/p>\n<p>Soovid teha suuremat tellimust? Vaata antud toodet meie HULGI lehelt\u00a0<a href=\"https:\/\/toidulisandidhulgi.ee\/product\/blood-and-guts\/\"><strong>SIIT<\/strong><\/a>!<\/p>\n","protected":false},"excerpt":{"rendered":"<ul>\n<li>6000 mg tsitrulliinmalaati<\/li>\n<li>5500 mg beeta-alaniini<\/li>\n<li>4000 mg arginiini<\/li>\n<li>500 mg L-t\u00fcrosiini<\/li>\n<li>350 mg kofeiini<\/li>\n<li>Vitamiin B3 ja 3 looduslikku ekstrakti halastamatu energia ja v\u00e4simuse v\u00e4hendamiseks<\/li>\n<\/ul>\n","protected":false},"featured_media":69865,"comment_status":"closed","ping_status":"closed","template":"","meta":[],"product_brand":[],"product_cat":[2303,5324,2314,4306,2311,533,2327],"product_tag":[4307,4308,4309],"giftcard-category":[],"class_list":{"0":"post-69870","1":"product","2":"type-product","3":"status-publish","4":"has-post-thumbnail","6":"product_cat-beta-alanine-en","7":"product_cat-caffeine-en","8":"product_cat-citrulline-en","9":"product_cat-dy-nutrition-en","10":"product_cat-l-arginine-en","11":"product_cat-pre-workout-en","12":"product_cat-tyrosine-en","13":"product_tag-blood-guts-en","14":"product_tag-blood-and-guts-en","15":"product_tag-dy-nutrition-en","16":"pa_kogus-380g-en","17":"pa_maitse-arbuus-en","18":"pa_maitse-blueberry","19":"pa_maitse-mojito-en","20":"pa_maitse-natsukommi-en","21":"pa_maitse-pirni-kiivi","22":"pa_maitse-puuviljapuns-en","23":"pa_toidulisand-branddd-dy-nutrition","24":"pa_tootegruppp-beeta-alaniin-en","25":"pa_tootegruppp-kofeiin-en","26":"pa_tootegruppp-l-arginiin-en","27":"pa_tootegruppp-pre-workout","28":"pa_tootegruppp-tsitrulliin-en","29":"pa_tootegruppp-turosiin-en","31":"first","32":"instock","33":"sale","34":"taxable","35":"shipping-taxable","36":"purchasable","37":"product-type-variable"},"yoast_head":"<!-- This site is optimized with the Yoast SEO plugin v27.3 - https:\/\/yoast.com\/product\/yoast-seo-wordpress\/ -->\n<title>Blood &amp; Guts (380g) - \u00dclikange Pre-Workout - Kiire Tarne - Fit360<\/title>\n<meta name=\"description\" content=\"Blood and Guts on treeningeelne pre-workout, mis on m\u00f5eldud keskendumise, energia ja j\u00f5u suurendamiseks f\u00fc\u00fcsilise treeningu ajal, v\u00f5imaldades teil...\" \/>\n<meta name=\"robots\" content=\"index, follow, max-snippet:-1, max-image-preview:large, max-video-preview:-1\" \/>\n<link rel=\"canonical\" href=\"https:\/\/fit360.ee\/en\/pood\/product-groups\/amino-acids-bcaa\/beta-alanine-en\/blood-and-guts\/\" \/>\n<meta property=\"og:locale\" content=\"en_US\" \/>\n<meta property=\"og:type\" content=\"article\" \/>\n<meta property=\"og:title\" content=\"Blood &amp; Guts (380g) - \u00dclikange Pre-Workout - Kiire Tarne - Fit360\" \/>\n<meta property=\"og:description\" content=\"Blood and Guts on treeningeelne pre-workout, mis on m\u00f5eldud keskendumise, energia ja j\u00f5u suurendamiseks f\u00fc\u00fcsilise treeningu ajal, v\u00f5imaldades teil...\" \/>\n<meta property=\"og:url\" content=\"https:\/\/fit360.ee\/en\/pood\/product-groups\/amino-acids-bcaa\/beta-alanine-en\/blood-and-guts\/\" \/>\n<meta property=\"og:site_name\" content=\"Fit360\" \/>\n<meta property=\"article:modified_time\" content=\"2026-03-26T20:11:17+00:00\" \/>\n<meta property=\"og:image\" content=\"https:\/\/fit360.ee\/wp-content\/uploads\/2023\/04\/blood-and-guts-fit360.ee_.jpg\" \/>\n\t<meta property=\"og:image:width\" content=\"800\" \/>\n\t<meta property=\"og:image:height\" content=\"800\" \/>\n\t<meta property=\"og:image:type\" content=\"image\/jpeg\" \/>\n<meta name=\"twitter:card\" content=\"summary_large_image\" \/>\n<meta name=\"twitter:label1\" content=\"Est. reading time\" \/>\n\t<meta name=\"twitter:data1\" content=\"5 minutes\" \/>\n<script type=\"application\/ld+json\" class=\"yoast-schema-graph\">{\"@context\":\"https:\\\/\\\/schema.org\",\"@graph\":[{\"@type\":\"WebPage\",\"@id\":\"https:\\\/\\\/fit360.ee\\\/en\\\/pood\\\/product-groups\\\/amino-acids-bcaa\\\/beta-alanine-en\\\/blood-and-guts\\\/\",\"url\":\"https:\\\/\\\/fit360.ee\\\/en\\\/pood\\\/product-groups\\\/amino-acids-bcaa\\\/beta-alanine-en\\\/blood-and-guts\\\/\",\"name\":\"Blood &amp; Guts (380g) - \u00dclikange Pre-Workout - Kiire Tarne - Fit360\",\"isPartOf\":{\"@id\":\"https:\\\/\\\/fit360.ee\\\/en\\\/#website\"},\"primaryImageOfPage\":{\"@id\":\"https:\\\/\\\/fit360.ee\\\/en\\\/pood\\\/product-groups\\\/amino-acids-bcaa\\\/beta-alanine-en\\\/blood-and-guts\\\/#primaryimage\"},\"image\":{\"@id\":\"https:\\\/\\\/fit360.ee\\\/en\\\/pood\\\/product-groups\\\/amino-acids-bcaa\\\/beta-alanine-en\\\/blood-and-guts\\\/#primaryimage\"},\"thumbnailUrl\":\"https:\\\/\\\/fit360.ee\\\/wp-content\\\/uploads\\\/2023\\\/04\\\/blood-and-guts-fit360.ee_.jpg\",\"datePublished\":\"2023-04-19T19:14:35+00:00\",\"dateModified\":\"2026-03-26T20:11:17+00:00\",\"description\":\"Blood and Guts on treeningeelne pre-workout, mis on m\u00f5eldud keskendumise, energia ja j\u00f5u suurendamiseks f\u00fc\u00fcsilise treeningu ajal, v\u00f5imaldades teil...\",\"breadcrumb\":{\"@id\":\"https:\\\/\\\/fit360.ee\\\/en\\\/pood\\\/product-groups\\\/amino-acids-bcaa\\\/beta-alanine-en\\\/blood-and-guts\\\/#breadcrumb\"},\"inLanguage\":\"en-US\",\"potentialAction\":[{\"@type\":\"ReadAction\",\"target\":[\"https:\\\/\\\/fit360.ee\\\/en\\\/pood\\\/product-groups\\\/amino-acids-bcaa\\\/beta-alanine-en\\\/blood-and-guts\\\/\"]}]},{\"@type\":\"ImageObject\",\"inLanguage\":\"en-US\",\"@id\":\"https:\\\/\\\/fit360.ee\\\/en\\\/pood\\\/product-groups\\\/amino-acids-bcaa\\\/beta-alanine-en\\\/blood-and-guts\\\/#primaryimage\",\"url\":\"https:\\\/\\\/fit360.ee\\\/wp-content\\\/uploads\\\/2023\\\/04\\\/blood-and-guts-fit360.ee_.jpg\",\"contentUrl\":\"https:\\\/\\\/fit360.ee\\\/wp-content\\\/uploads\\\/2023\\\/04\\\/blood-and-guts-fit360.ee_.jpg\",\"width\":800,\"height\":800,\"caption\":\"blood and guts - fit360.ee\"},{\"@type\":\"BreadcrumbList\",\"@id\":\"https:\\\/\\\/fit360.ee\\\/en\\\/pood\\\/product-groups\\\/amino-acids-bcaa\\\/beta-alanine-en\\\/blood-and-guts\\\/#breadcrumb\",\"itemListElement\":[{\"@type\":\"ListItem\",\"position\":1,\"name\":\"Home\",\"item\":\"https:\\\/\\\/fit360.ee\\\/en\\\/\"},{\"@type\":\"ListItem\",\"position\":2,\"name\":\"Shop\",\"item\":\"https:\\\/\\\/fit360.ee\\\/en\\\/shop\\\/\"},{\"@type\":\"ListItem\",\"position\":3,\"name\":\"Blood &amp; Guts (380g)\"}]},{\"@type\":\"WebSite\",\"@id\":\"https:\\\/\\\/fit360.ee\\\/en\\\/#website\",\"url\":\"https:\\\/\\\/fit360.ee\\\/en\\\/\",\"name\":\"Fit360\",\"description\":\"\",\"publisher\":{\"@id\":\"https:\\\/\\\/fit360.ee\\\/en\\\/#organization\"},\"potentialAction\":[{\"@type\":\"SearchAction\",\"target\":{\"@type\":\"EntryPoint\",\"urlTemplate\":\"https:\\\/\\\/fit360.ee\\\/en\\\/?s={search_term_string}\"},\"query-input\":{\"@type\":\"PropertyValueSpecification\",\"valueRequired\":true,\"valueName\":\"search_term_string\"}}],\"inLanguage\":\"en-US\"},{\"@type\":\"Organization\",\"@id\":\"https:\\\/\\\/fit360.ee\\\/en\\\/#organization\",\"name\":\"Fit360\",\"url\":\"https:\\\/\\\/fit360.ee\\\/en\\\/\",\"logo\":{\"@type\":\"ImageObject\",\"inLanguage\":\"en-US\",\"@id\":\"https:\\\/\\\/fit360.ee\\\/en\\\/#\\\/schema\\\/logo\\\/image\\\/\",\"url\":\"https:\\\/\\\/fit360.ee\\\/wp-content\\\/uploads\\\/2017\\\/01\\\/logo-fit360.png\",\"contentUrl\":\"https:\\\/\\\/fit360.ee\\\/wp-content\\\/uploads\\\/2017\\\/01\\\/logo-fit360.png\",\"width\":180,\"height\":66,\"caption\":\"Fit360\"},\"image\":{\"@id\":\"https:\\\/\\\/fit360.ee\\\/en\\\/#\\\/schema\\\/logo\\\/image\\\/\"}}]}<\/script>\n<!-- \/ Yoast SEO plugin. -->","yoast_head_json":{"title":"Blood &amp; Guts (380g) - \u00dclikange Pre-Workout - Kiire Tarne - Fit360","description":"Blood and Guts on treeningeelne pre-workout, mis on m\u00f5eldud keskendumise, energia ja j\u00f5u suurendamiseks f\u00fc\u00fcsilise treeningu ajal, v\u00f5imaldades teil...","robots":{"index":"index","follow":"follow","max-snippet":"max-snippet:-1","max-image-preview":"max-image-preview:large","max-video-preview":"max-video-preview:-1"},"canonical":"https:\/\/fit360.ee\/en\/pood\/product-groups\/amino-acids-bcaa\/beta-alanine-en\/blood-and-guts\/","og_locale":"en_US","og_type":"article","og_title":"Blood &amp; Guts (380g) - \u00dclikange Pre-Workout - Kiire Tarne - Fit360","og_description":"Blood and Guts on treeningeelne pre-workout, mis on m\u00f5eldud keskendumise, energia ja j\u00f5u suurendamiseks f\u00fc\u00fcsilise treeningu ajal, v\u00f5imaldades teil...","og_url":"https:\/\/fit360.ee\/en\/pood\/product-groups\/amino-acids-bcaa\/beta-alanine-en\/blood-and-guts\/","og_site_name":"Fit360","article_modified_time":"2026-03-26T20:11:17+00:00","og_image":[{"width":800,"height":800,"url":"https:\/\/fit360.ee\/wp-content\/uploads\/2023\/04\/blood-and-guts-fit360.ee_.jpg","type":"image\/jpeg"}],"twitter_card":"summary_large_image","twitter_misc":{"Est. reading time":"5 minutes"},"schema":{"@context":"https:\/\/schema.org","@graph":[{"@type":"WebPage","@id":"https:\/\/fit360.ee\/en\/pood\/product-groups\/amino-acids-bcaa\/beta-alanine-en\/blood-and-guts\/","url":"https:\/\/fit360.ee\/en\/pood\/product-groups\/amino-acids-bcaa\/beta-alanine-en\/blood-and-guts\/","name":"Blood &amp; Guts (380g) - \u00dclikange Pre-Workout - Kiire Tarne - Fit360","isPartOf":{"@id":"https:\/\/fit360.ee\/en\/#website"},"primaryImageOfPage":{"@id":"https:\/\/fit360.ee\/en\/pood\/product-groups\/amino-acids-bcaa\/beta-alanine-en\/blood-and-guts\/#primaryimage"},"image":{"@id":"https:\/\/fit360.ee\/en\/pood\/product-groups\/amino-acids-bcaa\/beta-alanine-en\/blood-and-guts\/#primaryimage"},"thumbnailUrl":"https:\/\/fit360.ee\/wp-content\/uploads\/2023\/04\/blood-and-guts-fit360.ee_.jpg","datePublished":"2023-04-19T19:14:35+00:00","dateModified":"2026-03-26T20:11:17+00:00","description":"Blood and Guts on treeningeelne pre-workout, mis on m\u00f5eldud keskendumise, energia ja j\u00f5u suurendamiseks f\u00fc\u00fcsilise treeningu ajal, v\u00f5imaldades teil...","breadcrumb":{"@id":"https:\/\/fit360.ee\/en\/pood\/product-groups\/amino-acids-bcaa\/beta-alanine-en\/blood-and-guts\/#breadcrumb"},"inLanguage":"en-US","potentialAction":[{"@type":"ReadAction","target":["https:\/\/fit360.ee\/en\/pood\/product-groups\/amino-acids-bcaa\/beta-alanine-en\/blood-and-guts\/"]}]},{"@type":"ImageObject","inLanguage":"en-US","@id":"https:\/\/fit360.ee\/en\/pood\/product-groups\/amino-acids-bcaa\/beta-alanine-en\/blood-and-guts\/#primaryimage","url":"https:\/\/fit360.ee\/wp-content\/uploads\/2023\/04\/blood-and-guts-fit360.ee_.jpg","contentUrl":"https:\/\/fit360.ee\/wp-content\/uploads\/2023\/04\/blood-and-guts-fit360.ee_.jpg","width":800,"height":800,"caption":"blood and guts - fit360.ee"},{"@type":"BreadcrumbList","@id":"https:\/\/fit360.ee\/en\/pood\/product-groups\/amino-acids-bcaa\/beta-alanine-en\/blood-and-guts\/#breadcrumb","itemListElement":[{"@type":"ListItem","position":1,"name":"Home","item":"https:\/\/fit360.ee\/en\/"},{"@type":"ListItem","position":2,"name":"Shop","item":"https:\/\/fit360.ee\/en\/shop\/"},{"@type":"ListItem","position":3,"name":"Blood &amp; Guts (380g)"}]},{"@type":"WebSite","@id":"https:\/\/fit360.ee\/en\/#website","url":"https:\/\/fit360.ee\/en\/","name":"Fit360","description":"","publisher":{"@id":"https:\/\/fit360.ee\/en\/#organization"},"potentialAction":[{"@type":"SearchAction","target":{"@type":"EntryPoint","urlTemplate":"https:\/\/fit360.ee\/en\/?s={search_term_string}"},"query-input":{"@type":"PropertyValueSpecification","valueRequired":true,"valueName":"search_term_string"}}],"inLanguage":"en-US"},{"@type":"Organization","@id":"https:\/\/fit360.ee\/en\/#organization","name":"Fit360","url":"https:\/\/fit360.ee\/en\/","logo":{"@type":"ImageObject","inLanguage":"en-US","@id":"https:\/\/fit360.ee\/en\/#\/schema\/logo\/image\/","url":"https:\/\/fit360.ee\/wp-content\/uploads\/2017\/01\/logo-fit360.png","contentUrl":"https:\/\/fit360.ee\/wp-content\/uploads\/2017\/01\/logo-fit360.png","width":180,"height":66,"caption":"Fit360"},"image":{"@id":"https:\/\/fit360.ee\/en\/#\/schema\/logo\/image\/"}}]}},"_links":{"self":[{"href":"https:\/\/fit360.ee\/en\/wp-json\/wp\/v2\/product\/69870","targetHints":{"allow":["GET"]}}],"collection":[{"href":"https:\/\/fit360.ee\/en\/wp-json\/wp\/v2\/product"}],"about":[{"href":"https:\/\/fit360.ee\/en\/wp-json\/wp\/v2\/types\/product"}],"replies":[{"embeddable":true,"href":"https:\/\/fit360.ee\/en\/wp-json\/wp\/v2\/comments?post=69870"}],"wp:featuredmedia":[{"embeddable":true,"href":"https:\/\/fit360.ee\/en\/wp-json\/wp\/v2\/media\/69865"}],"wp:attachment":[{"href":"https:\/\/fit360.ee\/en\/wp-json\/wp\/v2\/media?parent=69870"}],"wp:term":[{"taxonomy":"product_brand","embeddable":true,"href":"https:\/\/fit360.ee\/en\/wp-json\/wp\/v2\/product_brand?post=69870"},{"taxonomy":"product_cat","embeddable":true,"href":"https:\/\/fit360.ee\/en\/wp-json\/wp\/v2\/product_cat?post=69870"},{"taxonomy":"product_tag","embeddable":true,"href":"https:\/\/fit360.ee\/en\/wp-json\/wp\/v2\/product_tag?post=69870"},{"taxonomy":"giftcard-category","embeddable":true,"href":"https:\/\/fit360.ee\/en\/wp-json\/wp\/v2\/giftcard-category?post=69870"}],"curies":[{"name":"wp","href":"https:\/\/api.w.org\/{rel}","templated":true}]}}