{"id":69879,"date":"2023-04-19T21:38:52","date_gmt":"2023-04-19T19:38:52","guid":{"rendered":"https:\/\/fit360.ee\/pood\/uncategorized\/whey-protein-shadowhey-hydrolyzed-2270g\/"},"modified":"2025-08-13T07:38:34","modified_gmt":"2025-08-13T05:38:34","slug":"whey-protein-shadowhey-hydrolyzed-2270g","status":"publish","type":"product","link":"https:\/\/fit360.ee\/en\/pood\/product-groups\/protein-poweders-en\/whey-protein-en\/whey-protein-shadowhey-hydrolyzed-2270g\/","title":{"rendered":"Whey Protein Shadowhey Hydrolyzed (2270g)"},"content":{"rendered":"<h2><strong>Whey Protein Shadowhey Hydrolyzed<\/strong><\/h2>\n<p>Whey Protein Shadowhey Hydrolyzed \u2013 h\u00fcdrol\u00fc\u00fcsitud valk sisaldab 90% kiiretoimelist kvaliteetset valku ja olulisi toitaineid. \u00dcks portsjon sisaldab 22 g puhast valku. Aitab kaasa lihasmassi kasvule ja s\u00e4ilitamisele. Ideaalne p\u00e4rast treeningut v\u00f5i suure biosaadavusega valgu kiireks suurendamiseks.<\/p>\n<p>Whey Protein Shadowhey Hydrolyzed on pakitud tugevat t\u00fc\u00fcpi h\u00fcdrol\u00fc\u00fcsitud vadakuvalguga, millel on k\u00f5rgeim imendumiskiirus inimkehas, mist\u00f5ttu on see ideaalne valik inimestele, kes soovivad kiiremini arendada lihasmassi. Shadowhey Hydrolyzate on looduslikult rikas aminohapete poolest, mis aitavad kehal tugevdada lihasmassi ja ennetada katabolismi.<\/p>\n<p>K\u00f5ige puutumatuma vadakuvalgu saamiseks kasutatakse tootmisprotsessis spetsiaalseid ens\u00fc\u00fcme, mis l\u00f5hustavad valguahelad peptiidideks. Need peptiidid seeditakse ja imenduvad inimkehas kiiresti, muutes Shadowhey Hydrolyzate&#8217;i parimaks valikuks inimestele, kes soovivad l\u00fchikese aja jooksul suurendada tailihaskudet.<\/p>\n<p><strong>Whey Protein Shadowhey Hydrolyzed eelised<\/strong>:<\/p>\n<ul>\n<li>0 grammi RASVA portsjoni kohta<\/li>\n<li>0 SUHKRU portsjoni kohta<\/li>\n<li>Kiire toimega valk<\/li>\n<li>90% valku<\/li>\n<\/ul>\n<p><strong>Kasutamine: <\/strong><\/p>\n<p><strong>Esmakordsed j\u00f5usaalik\u00fclastajad:<\/strong>\u00a0\u00a0alustage 1 lusikat\u00e4ie pulbri segamisest 250 ml vee v\u00f5i l\u00f5ssi.<\/p>\n<p><strong>T\u00f5sised j\u00f5usaalik\u00fclastajad:<\/strong>\u00a0\u00a0segage 2 kulbit\u00e4it pulbrit 250\u2013350 ml vee v\u00f5i l\u00f5ssi.<\/p>\n<p><strong>Esmakordsed j\u00f5usaalik\u00fclastajad:<\/strong>\u00a0\u00a0jooge 1 portsjon p\u00e4rast iga treeningut v\u00f5i f\u00fc\u00fcsilist treeningut<\/p>\n<p><strong>T\u00f5sised j\u00f5usaalik\u00fclastajad:<\/strong>\u00a0\u00a0jooge 1 portsjon p\u00e4rast treeningut v\u00f5i toidukordade vahel, et saavutada oma treeningueesm\u00e4rgid, saate oma p\u00e4evast valgutarbimist t\u00e4iendada nii, et see j\u00f5uaks 2,2 g valku kehakilo kohta.<\/p>\n<ul>\n<li><strong>Netokaal<\/strong>\u00a0\u00a0\u2013 2270 g<\/li>\n<li><strong>Portsjoni suurus<\/strong>\u00a0\u00a0&#8211; 1 lusikas (25 g)<\/li>\n<li><strong>Portsjon konteineri kohta<\/strong>\u00a0\u00a0\u2013 ~90<\/li>\n<li><strong>Maitsed:<\/strong>\u00a0 vanill, kreemi &amp; k\u00fcpsise, maasika banaan, \u0161okolaad<\/li>\n<\/ul>\n<p><strong>Hoiatused:<\/strong>\u00a0\u00a0\u00c4rge kasutage, kui olete rase v\u00f5i toidate last rinnaga.\u00a0\u00c4rge kasutage, kui olete m\u00f5ne lisaaine suhtes allergiline.\u00a0Toidulisandeid ei tohiks kasutada mitmek\u00fclgse ja tasakaalustatud toitumise asendajana.\u00a0Hoida v\u00e4ikelastele k\u00e4ttesaamatus kohas.<\/p>\n<div class=\"TableWrapper\">\n<table class=\"table\">\n<thead>\n<tr>\n<th>Toitev\u00e4\u00e4rtuste anal\u00fc\u00fcs<\/th>\n<th>100G<\/th>\n<th>30G (Serveeringu kohta)<\/th>\n<th>SPK% (PORTSJONI KOHTA)<\/th>\n<\/tr>\n<\/thead>\n<tbody>\n<tr>\n<td>Energia<\/td>\n<td>1621 kj \/ 382 kcal<\/td>\n<td>405 kj \/ 96 kcal<\/td>\n<td>5%<\/td>\n<\/tr>\n<tr>\n<td>Rasvad<\/td>\n<td>2,1 g<\/td>\n<td>0,5 g<\/td>\n<td>1%<\/td>\n<\/tr>\n<tr>\n<td><em>millest<\/em> k\u00fcllastunud rasvhapped<\/td>\n<td>0 g<\/td>\n<td>0 g<\/td>\n<td>0%<\/td>\n<\/tr>\n<tr>\n<td>S\u00fcsivesikud<\/td>\n<td>0,8 g<\/td>\n<td>0,2 g<\/td>\n<td>0%<\/td>\n<\/tr>\n<tr>\n<td><em>millest<\/em> suhkrud<\/td>\n<td>0 g<\/td>\n<td>0 g<\/td>\n<td>0%<\/td>\n<\/tr>\n<tr>\n<td><strong>Valgud<\/strong><\/td>\n<td>90 g<\/td>\n<td>23 g<\/td>\n<td>46%<\/td>\n<\/tr>\n<tr>\n<td>soola<\/td>\n<td>0,3 g<\/td>\n<td>0,08 g<\/td>\n<td>1%<\/td>\n<\/tr>\n<tr>\n<td>HMB<\/td>\n<td>833 mg<\/td>\n<td>208 mg<\/td>\n<td>*<\/td>\n<\/tr>\n<tr>\n<td>D-asparagiinhape<\/td>\n<td>833 mg<\/td>\n<td>208 mg<\/td>\n<td>*<\/td>\n<\/tr>\n<tr>\n<td>Raud<\/td>\n<td>46,6 mg<\/td>\n<td>11,7 mg<\/td>\n<td>*<\/td>\n<\/tr>\n<tr>\n<td>Tsink<\/td>\n<td>33,3 mg<\/td>\n<td>8,3 mg<\/td>\n<td>*<\/td>\n<\/tr>\n<tr>\n<td>Laktaasi ens\u00fc\u00fcm<\/td>\n<td>20 mg<\/td>\n<td>5 mg<\/td>\n<td>*<\/td>\n<\/tr>\n<\/tbody>\n<\/table>\n<\/div>\n<p>*SPK: v\u00f5rdluskogus keskmise t\u00e4iskasvanu jaoks (8400 KJ \/ 2000 kcal).<\/p>\n<p>*N\/A: SPK ei ole kindlaks tehtud.<\/p>\n<p>Vaata ka meie teisi Valgupulbreid <a href=\"https:\/\/fit360.ee\/en\/product-category\/product-groups\/protein-poweders-en\/\"><strong>SIIT<\/strong><\/a> v\u00f5i Vadakuvalke <a href=\"https:\/\/fit360.ee\/en\/product-category\/product-groups\/protein-poweders-en\/whey-protein-en\/\"><strong>SIIT<\/strong><\/a>!<\/p>\n<p>Soovid teha suuremat tellimust? Vaata antud toodet meie HULGI lehelt\u00a0<a href=\"https:\/\/toidulisandidhulgi.ee\/product\/whey-protein-shadowhey-hydrolyzed-2270g\/\"><strong>SIIT<\/strong><\/a>!<\/p>\n","protected":false},"excerpt":{"rendered":"<ul>\n<li>0g RASVA portsjoni kohta<\/li>\n<li>0g SUHKRUT portsjoni kohta<\/li>\n<li>Kiire toimega valk<\/li>\n<li>90% valku<\/li>\n<\/ul>\n","protected":false},"featured_media":69876,"comment_status":"closed","ping_status":"closed","template":"","meta":[],"product_brand":[],"product_cat":[4306,535,2420,2424],"product_tag":[4309,4313],"giftcard-category":[],"class_list":{"0":"post-69879","1":"product","2":"type-product","3":"status-publish","4":"has-post-thumbnail","6":"product_cat-dy-nutrition-en","7":"product_cat-protein-poweders-en","8":"product_cat-whey-protein-en","9":"product_cat-whey-isolate-protein-en","10":"product_tag-dy-nutrition-en","11":"product_tag-whey-protein-shadowhey-hydrolyzed-en","12":"pa_maitse-chocolate","13":"pa_maitse-strawberry-2","14":"pa_maitse-strawberry-banana","16":"first","17":"outofstock","18":"sale","19":"taxable","20":"shipping-taxable","21":"purchasable","22":"product-type-variable"},"yoast_head":"<!-- This site is optimized with the Yoast SEO plugin v27.3 - https:\/\/yoast.com\/product\/yoast-seo-wordpress\/ -->\n<title>Whey Protein Shadowhey Hydrolyzed (2270g) - 90% Valku - Fit360<\/title>\n<meta name=\"description\" content=\"Whey Protein Shadowhey Hydrolyzed \u2013 h\u00fcdrol\u00fc\u00fcsitud valk sisaldab 90% kiiretoimelist kvaliteetset valku ja olulisi toitaineid. \u00dcks portsjon sisaldab 22 g ...\" \/>\n<meta name=\"robots\" content=\"index, follow, max-snippet:-1, max-image-preview:large, max-video-preview:-1\" \/>\n<link rel=\"canonical\" href=\"https:\/\/fit360.ee\/en\/pood\/product-groups\/protein-poweders-en\/whey-protein-en\/whey-protein-shadowhey-hydrolyzed-2270g\/\" \/>\n<meta property=\"og:locale\" content=\"en_US\" \/>\n<meta property=\"og:type\" content=\"article\" \/>\n<meta property=\"og:title\" content=\"Whey Protein Shadowhey Hydrolyzed (2270g) - 90% Valku - Fit360\" \/>\n<meta property=\"og:description\" content=\"Whey Protein Shadowhey Hydrolyzed \u2013 h\u00fcdrol\u00fc\u00fcsitud valk sisaldab 90% kiiretoimelist kvaliteetset valku ja olulisi toitaineid. \u00dcks portsjon sisaldab 22 g ...\" \/>\n<meta property=\"og:url\" content=\"https:\/\/fit360.ee\/en\/pood\/product-groups\/protein-poweders-en\/whey-protein-en\/whey-protein-shadowhey-hydrolyzed-2270g\/\" \/>\n<meta property=\"og:site_name\" content=\"Fit360\" \/>\n<meta property=\"article:modified_time\" content=\"2025-08-13T05:38:34+00:00\" \/>\n<meta property=\"og:image\" content=\"https:\/\/fit360.ee\/wp-content\/uploads\/2023\/04\/Whey-Protein-Shadowhey-Hydrolyzed-fit360.ee_.jpg\" \/>\n\t<meta property=\"og:image:width\" content=\"800\" \/>\n\t<meta property=\"og:image:height\" content=\"800\" \/>\n\t<meta property=\"og:image:type\" content=\"image\/jpeg\" \/>\n<meta name=\"twitter:card\" content=\"summary_large_image\" \/>\n<meta name=\"twitter:label1\" content=\"Est. reading time\" \/>\n\t<meta name=\"twitter:data1\" content=\"2 minutes\" \/>\n<script type=\"application\/ld+json\" class=\"yoast-schema-graph\">{\"@context\":\"https:\\\/\\\/schema.org\",\"@graph\":[{\"@type\":\"WebPage\",\"@id\":\"https:\\\/\\\/fit360.ee\\\/en\\\/pood\\\/product-groups\\\/protein-poweders-en\\\/whey-protein-en\\\/whey-protein-shadowhey-hydrolyzed-2270g\\\/\",\"url\":\"https:\\\/\\\/fit360.ee\\\/en\\\/pood\\\/product-groups\\\/protein-poweders-en\\\/whey-protein-en\\\/whey-protein-shadowhey-hydrolyzed-2270g\\\/\",\"name\":\"Whey Protein Shadowhey Hydrolyzed (2270g) - 90% Valku - Fit360\",\"isPartOf\":{\"@id\":\"https:\\\/\\\/fit360.ee\\\/en\\\/#website\"},\"primaryImageOfPage\":{\"@id\":\"https:\\\/\\\/fit360.ee\\\/en\\\/pood\\\/product-groups\\\/protein-poweders-en\\\/whey-protein-en\\\/whey-protein-shadowhey-hydrolyzed-2270g\\\/#primaryimage\"},\"image\":{\"@id\":\"https:\\\/\\\/fit360.ee\\\/en\\\/pood\\\/product-groups\\\/protein-poweders-en\\\/whey-protein-en\\\/whey-protein-shadowhey-hydrolyzed-2270g\\\/#primaryimage\"},\"thumbnailUrl\":\"https:\\\/\\\/fit360.ee\\\/wp-content\\\/uploads\\\/2023\\\/04\\\/Whey-Protein-Shadowhey-Hydrolyzed-fit360.ee_.jpg\",\"datePublished\":\"2023-04-19T19:38:52+00:00\",\"dateModified\":\"2025-08-13T05:38:34+00:00\",\"description\":\"Whey Protein Shadowhey Hydrolyzed \u2013 h\u00fcdrol\u00fc\u00fcsitud valk sisaldab 90% kiiretoimelist kvaliteetset valku ja olulisi toitaineid. \u00dcks portsjon sisaldab 22 g ...\",\"breadcrumb\":{\"@id\":\"https:\\\/\\\/fit360.ee\\\/en\\\/pood\\\/product-groups\\\/protein-poweders-en\\\/whey-protein-en\\\/whey-protein-shadowhey-hydrolyzed-2270g\\\/#breadcrumb\"},\"inLanguage\":\"en-US\",\"potentialAction\":[{\"@type\":\"ReadAction\",\"target\":[\"https:\\\/\\\/fit360.ee\\\/en\\\/pood\\\/product-groups\\\/protein-poweders-en\\\/whey-protein-en\\\/whey-protein-shadowhey-hydrolyzed-2270g\\\/\"]}]},{\"@type\":\"ImageObject\",\"inLanguage\":\"en-US\",\"@id\":\"https:\\\/\\\/fit360.ee\\\/en\\\/pood\\\/product-groups\\\/protein-poweders-en\\\/whey-protein-en\\\/whey-protein-shadowhey-hydrolyzed-2270g\\\/#primaryimage\",\"url\":\"https:\\\/\\\/fit360.ee\\\/wp-content\\\/uploads\\\/2023\\\/04\\\/Whey-Protein-Shadowhey-Hydrolyzed-fit360.ee_.jpg\",\"contentUrl\":\"https:\\\/\\\/fit360.ee\\\/wp-content\\\/uploads\\\/2023\\\/04\\\/Whey-Protein-Shadowhey-Hydrolyzed-fit360.ee_.jpg\",\"width\":800,\"height\":800,\"caption\":\"Whey Protein Shadowhey Hydrolyzed - fit360.ee\"},{\"@type\":\"BreadcrumbList\",\"@id\":\"https:\\\/\\\/fit360.ee\\\/en\\\/pood\\\/product-groups\\\/protein-poweders-en\\\/whey-protein-en\\\/whey-protein-shadowhey-hydrolyzed-2270g\\\/#breadcrumb\",\"itemListElement\":[{\"@type\":\"ListItem\",\"position\":1,\"name\":\"Home\",\"item\":\"https:\\\/\\\/fit360.ee\\\/en\\\/\"},{\"@type\":\"ListItem\",\"position\":2,\"name\":\"Shop\",\"item\":\"https:\\\/\\\/fit360.ee\\\/en\\\/shop\\\/\"},{\"@type\":\"ListItem\",\"position\":3,\"name\":\"Whey Protein Shadowhey Hydrolyzed (2270g)\"}]},{\"@type\":\"WebSite\",\"@id\":\"https:\\\/\\\/fit360.ee\\\/en\\\/#website\",\"url\":\"https:\\\/\\\/fit360.ee\\\/en\\\/\",\"name\":\"Fit360\",\"description\":\"\",\"publisher\":{\"@id\":\"https:\\\/\\\/fit360.ee\\\/en\\\/#organization\"},\"potentialAction\":[{\"@type\":\"SearchAction\",\"target\":{\"@type\":\"EntryPoint\",\"urlTemplate\":\"https:\\\/\\\/fit360.ee\\\/en\\\/?s={search_term_string}\"},\"query-input\":{\"@type\":\"PropertyValueSpecification\",\"valueRequired\":true,\"valueName\":\"search_term_string\"}}],\"inLanguage\":\"en-US\"},{\"@type\":\"Organization\",\"@id\":\"https:\\\/\\\/fit360.ee\\\/en\\\/#organization\",\"name\":\"Fit360\",\"url\":\"https:\\\/\\\/fit360.ee\\\/en\\\/\",\"logo\":{\"@type\":\"ImageObject\",\"inLanguage\":\"en-US\",\"@id\":\"https:\\\/\\\/fit360.ee\\\/en\\\/#\\\/schema\\\/logo\\\/image\\\/\",\"url\":\"https:\\\/\\\/fit360.ee\\\/wp-content\\\/uploads\\\/2017\\\/01\\\/logo-fit360.png\",\"contentUrl\":\"https:\\\/\\\/fit360.ee\\\/wp-content\\\/uploads\\\/2017\\\/01\\\/logo-fit360.png\",\"width\":180,\"height\":66,\"caption\":\"Fit360\"},\"image\":{\"@id\":\"https:\\\/\\\/fit360.ee\\\/en\\\/#\\\/schema\\\/logo\\\/image\\\/\"}}]}<\/script>\n<!-- \/ Yoast SEO plugin. -->","yoast_head_json":{"title":"Whey Protein Shadowhey Hydrolyzed (2270g) - 90% Valku - Fit360","description":"Whey Protein Shadowhey Hydrolyzed \u2013 h\u00fcdrol\u00fc\u00fcsitud valk sisaldab 90% kiiretoimelist kvaliteetset valku ja olulisi toitaineid. \u00dcks portsjon sisaldab 22 g ...","robots":{"index":"index","follow":"follow","max-snippet":"max-snippet:-1","max-image-preview":"max-image-preview:large","max-video-preview":"max-video-preview:-1"},"canonical":"https:\/\/fit360.ee\/en\/pood\/product-groups\/protein-poweders-en\/whey-protein-en\/whey-protein-shadowhey-hydrolyzed-2270g\/","og_locale":"en_US","og_type":"article","og_title":"Whey Protein Shadowhey Hydrolyzed (2270g) - 90% Valku - Fit360","og_description":"Whey Protein Shadowhey Hydrolyzed \u2013 h\u00fcdrol\u00fc\u00fcsitud valk sisaldab 90% kiiretoimelist kvaliteetset valku ja olulisi toitaineid. \u00dcks portsjon sisaldab 22 g ...","og_url":"https:\/\/fit360.ee\/en\/pood\/product-groups\/protein-poweders-en\/whey-protein-en\/whey-protein-shadowhey-hydrolyzed-2270g\/","og_site_name":"Fit360","article_modified_time":"2025-08-13T05:38:34+00:00","og_image":[{"width":800,"height":800,"url":"https:\/\/fit360.ee\/wp-content\/uploads\/2023\/04\/Whey-Protein-Shadowhey-Hydrolyzed-fit360.ee_.jpg","type":"image\/jpeg"}],"twitter_card":"summary_large_image","twitter_misc":{"Est. reading time":"2 minutes"},"schema":{"@context":"https:\/\/schema.org","@graph":[{"@type":"WebPage","@id":"https:\/\/fit360.ee\/en\/pood\/product-groups\/protein-poweders-en\/whey-protein-en\/whey-protein-shadowhey-hydrolyzed-2270g\/","url":"https:\/\/fit360.ee\/en\/pood\/product-groups\/protein-poweders-en\/whey-protein-en\/whey-protein-shadowhey-hydrolyzed-2270g\/","name":"Whey Protein Shadowhey Hydrolyzed (2270g) - 90% Valku - Fit360","isPartOf":{"@id":"https:\/\/fit360.ee\/en\/#website"},"primaryImageOfPage":{"@id":"https:\/\/fit360.ee\/en\/pood\/product-groups\/protein-poweders-en\/whey-protein-en\/whey-protein-shadowhey-hydrolyzed-2270g\/#primaryimage"},"image":{"@id":"https:\/\/fit360.ee\/en\/pood\/product-groups\/protein-poweders-en\/whey-protein-en\/whey-protein-shadowhey-hydrolyzed-2270g\/#primaryimage"},"thumbnailUrl":"https:\/\/fit360.ee\/wp-content\/uploads\/2023\/04\/Whey-Protein-Shadowhey-Hydrolyzed-fit360.ee_.jpg","datePublished":"2023-04-19T19:38:52+00:00","dateModified":"2025-08-13T05:38:34+00:00","description":"Whey Protein Shadowhey Hydrolyzed \u2013 h\u00fcdrol\u00fc\u00fcsitud valk sisaldab 90% kiiretoimelist kvaliteetset valku ja olulisi toitaineid. \u00dcks portsjon sisaldab 22 g ...","breadcrumb":{"@id":"https:\/\/fit360.ee\/en\/pood\/product-groups\/protein-poweders-en\/whey-protein-en\/whey-protein-shadowhey-hydrolyzed-2270g\/#breadcrumb"},"inLanguage":"en-US","potentialAction":[{"@type":"ReadAction","target":["https:\/\/fit360.ee\/en\/pood\/product-groups\/protein-poweders-en\/whey-protein-en\/whey-protein-shadowhey-hydrolyzed-2270g\/"]}]},{"@type":"ImageObject","inLanguage":"en-US","@id":"https:\/\/fit360.ee\/en\/pood\/product-groups\/protein-poweders-en\/whey-protein-en\/whey-protein-shadowhey-hydrolyzed-2270g\/#primaryimage","url":"https:\/\/fit360.ee\/wp-content\/uploads\/2023\/04\/Whey-Protein-Shadowhey-Hydrolyzed-fit360.ee_.jpg","contentUrl":"https:\/\/fit360.ee\/wp-content\/uploads\/2023\/04\/Whey-Protein-Shadowhey-Hydrolyzed-fit360.ee_.jpg","width":800,"height":800,"caption":"Whey Protein Shadowhey Hydrolyzed - fit360.ee"},{"@type":"BreadcrumbList","@id":"https:\/\/fit360.ee\/en\/pood\/product-groups\/protein-poweders-en\/whey-protein-en\/whey-protein-shadowhey-hydrolyzed-2270g\/#breadcrumb","itemListElement":[{"@type":"ListItem","position":1,"name":"Home","item":"https:\/\/fit360.ee\/en\/"},{"@type":"ListItem","position":2,"name":"Shop","item":"https:\/\/fit360.ee\/en\/shop\/"},{"@type":"ListItem","position":3,"name":"Whey Protein Shadowhey Hydrolyzed (2270g)"}]},{"@type":"WebSite","@id":"https:\/\/fit360.ee\/en\/#website","url":"https:\/\/fit360.ee\/en\/","name":"Fit360","description":"","publisher":{"@id":"https:\/\/fit360.ee\/en\/#organization"},"potentialAction":[{"@type":"SearchAction","target":{"@type":"EntryPoint","urlTemplate":"https:\/\/fit360.ee\/en\/?s={search_term_string}"},"query-input":{"@type":"PropertyValueSpecification","valueRequired":true,"valueName":"search_term_string"}}],"inLanguage":"en-US"},{"@type":"Organization","@id":"https:\/\/fit360.ee\/en\/#organization","name":"Fit360","url":"https:\/\/fit360.ee\/en\/","logo":{"@type":"ImageObject","inLanguage":"en-US","@id":"https:\/\/fit360.ee\/en\/#\/schema\/logo\/image\/","url":"https:\/\/fit360.ee\/wp-content\/uploads\/2017\/01\/logo-fit360.png","contentUrl":"https:\/\/fit360.ee\/wp-content\/uploads\/2017\/01\/logo-fit360.png","width":180,"height":66,"caption":"Fit360"},"image":{"@id":"https:\/\/fit360.ee\/en\/#\/schema\/logo\/image\/"}}]}},"_links":{"self":[{"href":"https:\/\/fit360.ee\/en\/wp-json\/wp\/v2\/product\/69879","targetHints":{"allow":["GET"]}}],"collection":[{"href":"https:\/\/fit360.ee\/en\/wp-json\/wp\/v2\/product"}],"about":[{"href":"https:\/\/fit360.ee\/en\/wp-json\/wp\/v2\/types\/product"}],"replies":[{"embeddable":true,"href":"https:\/\/fit360.ee\/en\/wp-json\/wp\/v2\/comments?post=69879"}],"wp:featuredmedia":[{"embeddable":true,"href":"https:\/\/fit360.ee\/en\/wp-json\/wp\/v2\/media\/69876"}],"wp:attachment":[{"href":"https:\/\/fit360.ee\/en\/wp-json\/wp\/v2\/media?parent=69879"}],"wp:term":[{"taxonomy":"product_brand","embeddable":true,"href":"https:\/\/fit360.ee\/en\/wp-json\/wp\/v2\/product_brand?post=69879"},{"taxonomy":"product_cat","embeddable":true,"href":"https:\/\/fit360.ee\/en\/wp-json\/wp\/v2\/product_cat?post=69879"},{"taxonomy":"product_tag","embeddable":true,"href":"https:\/\/fit360.ee\/en\/wp-json\/wp\/v2\/product_tag?post=69879"},{"taxonomy":"giftcard-category","embeddable":true,"href":"https:\/\/fit360.ee\/en\/wp-json\/wp\/v2\/giftcard-category?post=69879"}],"curies":[{"name":"wp","href":"https:\/\/api.w.org\/{rel}","templated":true}]}}