{"id":69906,"date":"2023-04-20T13:23:52","date_gmt":"2023-04-20T11:23:52","guid":{"rendered":"https:\/\/fit360.ee\/pood\/uncategorized\/mgzb-90tabs\/"},"modified":"2025-09-08T13:57:02","modified_gmt":"2025-09-08T11:57:02","slug":"mgzb-90tabs","status":"publish","type":"product","link":"https:\/\/fit360.ee\/en\/pood\/product-groups\/vitamins-and-minerals-en\/magnesium-en\/mgzb-90tabs\/","title":{"rendered":"MgZB (90tabs)"},"content":{"rendered":"<h2><strong>MgZB<\/strong><\/h2>\n<p>OstroVit MgZB on kvaliteetne toidulisand, mis koosneb kolmest inimorganismile vajalikust \u00fchendist ehk magneesiumist, tsingist ja vitamiinist B6 (p\u00fcridoksiin).\u00a0Lisand on m\u00f5eldud t\u00e4iskasvanutele, eriti p\u00fchendatud f\u00fc\u00fcsiliselt aktiivsetele inimestele.<\/p>\n<p><a href=\"http:\/\/fit360.ee\/wp-content\/uploads\/2023\/04\/mgzb-kopleks-fit360.ee-1-800x312.jpg\"><img loading=\"lazy\" decoding=\"async\" class=\"size-medium wp-image-69902\" src=\"http:\/\/fit360.ee\/wp-content\/uploads\/2023\/04\/mgzb-kopleks-fit360.ee-1-800x312.jpg\" alt=\"mgzb kopleks - fit360.ee\" width=\"800\" height=\"312\" srcset=\"https:\/\/fit360.ee\/wp-content\/uploads\/2023\/04\/mgzb-kopleks-fit360.ee-1-800x312.jpg 800w, https:\/\/fit360.ee\/wp-content\/uploads\/2023\/04\/mgzb-kopleks-fit360.ee-1-510x199.jpg 510w, https:\/\/fit360.ee\/wp-content\/uploads\/2023\/04\/mgzb-kopleks-fit360.ee-1-768x300.jpg 768w, https:\/\/fit360.ee\/wp-content\/uploads\/2023\/04\/mgzb-kopleks-fit360.ee-1.jpg 922w\" sizes=\"auto, (max-width: 800px) 100vw, 800px\" \/><\/a><\/p>\n<section class=\"cm__section\">\n<ul class=\"cm__list\">\n<li>90 tabletti \u00fches pakendis<\/li>\n<li>Hea biosaadavusega vormid<\/li>\n<li>Tuntud ka ZMA nime all<\/li>\n<li>3 tabletti p\u00e4evas<\/li>\n<\/ul>\n<h2 class=\"cm__heading\">Magneesium, tsink ja vitamiin B6 (MgZB)<\/h2>\n<p class=\"cm__text\"><a href=\"https:\/\/fit360.ee\/en\/product-category\/product-groups\/vitamins-and-minerals-en\/magnesium-en\/\"><strong>Magneesium<\/strong><\/a>\u00a0aitab kaasa lihaste n\u00f5uetekohasele toimimisele ja elektrol\u00fc\u00fctide tasakaalu s\u00e4ilitamisele ning aitab s\u00e4ilitada terveid luid ja hambaid.\u00a0Magneesium\u00a0ja vitamiin B6 aitavad s\u00e4ilitada normaalset energiavahetust ja aitavad kaasa n\u00e4rvis\u00fcsteemi \u00f5igele talitlusele.\u00a0Lisaks aitavad need koostisosad v\u00e4hendada v\u00e4simust ja kurnatust.<\/p>\n<p class=\"cm__text\"><a href=\"https:\/\/fit360.ee\/en\/product-category\/product-groups\/vitamins-and-minerals-en\/zinc-en\/\"><strong>Tsink<\/strong><\/a>\u00a0aitab s\u00e4ilitada \u00f5iget happe-aluse tasakaalu ning aitab s\u00e4ilitada terveid juukseid, nahka ja k\u00fc\u00fcsi.\u00a0Lisaks aitab tsink kaasa rasvhapete ja A-vitamiini \u00f5ige metabolismi s\u00e4ilitamisele. Tsink ja vitamiin B6 aitavad kaasa immuuns\u00fcsteemi n\u00f5uetekohasele toimimisele.<\/p>\n<p class=\"cm__text\"><strong>Vitamiin B6<\/strong>\u00a0aitab kaasa ts\u00fcsteiini \u00f5igele s\u00fcnteesile ja homots\u00fcsteiini \u00f5ige metabolismi s\u00e4ilitamisele.\u00a0Vitamiin B6 aitab kaasa normaalse valkude ja gl\u00fckogeeni metabolismi s\u00e4ilitamisele ning aitab kaasa hormonaalse aktiivsuse reguleerimisele.<\/p>\n<p class=\"cm__text\">Lisand on m\u00f5eldud f\u00fc\u00fcsiliselt aktiivsetele t\u00e4iskasvanutele, eriti sportlastele.\u00a0Toodet soovitatakse kasutada suurema pingutuse perioodidel.<\/p>\n<h4 class=\"cm__heading\"><strong>OstroVit MgZB koostisainete omadused<\/strong>:<\/h4>\n<ul class=\"cm__list\">\n<li>Toote koostisained aitavad s\u00e4ilitada terveid luid<\/li>\n<li>Nad toetavad anabolismi protsessi<\/li>\n<li>Parandab keha treeningj\u00e4rgset taastumist<\/li>\n<li>See v\u00f5ib aidata v\u00e4hendada v\u00e4simust ja kognitiivsete funktsioonide n\u00f5uetekohast toimimist<\/li>\n<li>Sellel on positiivne m\u00f5ju n\u00e4rvis\u00fcsteemile<\/li>\n<li>Tagab s\u00fcgava, taastava une<\/li>\n<\/ul>\n<\/section>\n<section class=\"cm__section\">\n<h4 class=\"cm__heading\"><strong>Laboratoorselt t\u00f5estatud kvaliteet<\/strong><\/h4>\n<p class=\"cm__text --bold\">Klientide tervise p\u00e4rast muretsedes testitakse meie tooteid regulaarselt s\u00f5ltumatus akrediteeritud laboris, et tagada ja s\u00e4ilitada k\u00f5rgeim kvaliteet.<\/p>\n<p><strong>Koostisosad<\/strong>: Mahuaine: mikrokristalne tselluloos;\u00a0magneesiumtsitraat (magneesium), mahuaine: t\u00e4rklis;\u00a0paakumisvastased ained: rasvhapete magneesiumisoolad, r\u00e4nidioksiid;\u00a0tsinkpikolinaat (tsink), p\u00fcridoksiinvesinikkloriid (vitamiin B6).<\/p>\n<p><strong>Kasutamine<\/strong>: Tarbi 1 portsjon (3 tabletti) p\u00e4evas enne magamaminekut.<\/p>\n<p><strong>Suurus<\/strong>: 90 tabletti.<\/p>\n<table>\n<tbody>\n<tr>\n<th>Aktiivsed koostisosad<\/th>\n<th>Portsjoni kohta<\/th>\n<th>% SPK*<\/th>\n<\/tr>\n<tr>\n<td>Magneesium<\/td>\n<td>375 mg<\/td>\n<td>100<\/td>\n<\/tr>\n<tr>\n<td>Tsink<\/td>\n<td>15 mg<\/td>\n<td>150<\/td>\n<\/tr>\n<tr>\n<td>Vitamiin B6<\/td>\n<td>2 mg<\/td>\n<td>143<\/td>\n<\/tr>\n<\/tbody>\n<\/table>\n<p>* SPK \u2013 Soovitatud P\u00e4evane kogus.<\/p>\n<p>Vaata ka meie teisi ZMA tooteid <a href=\"https:\/\/fit360.ee\/en\/product-category\/product-groups\/vitamins-and-minerals-en\/zma-en\/\"><strong>SIIT<\/strong><\/a>!<\/p>\n<p>Soovid teha suuremat tellimust? Vaata antud toodet meie HULGI lehelt\u00a0<a href=\"https:\/\/toidulisandidhulgi.ee\/product\/mgzb-90tabs\/\"><strong>SIIT<\/strong><\/a>!<\/p>\n<\/section>\n","protected":false},"excerpt":{"rendered":"<ul class=\"cm__list\">\n<li>Toote koostisained aitavad s\u00e4ilitada terveid luid<\/li>\n<li>Nad toetavad anabolismi protsessi<\/li>\n<li>Parandab keha treeningj\u00e4rgset taastumist<\/li>\n<li>See v\u00f5ib aidata v\u00e4hendada v\u00e4simust ja kognitiivsete funktsioonide n\u00f5uetekohast toimimist<\/li>\n<li>Sellel on positiivne m\u00f5ju n\u00e4rvis\u00fcsteemile<\/li>\n<li>Tagab s\u00fcgava, taastava une<\/li>\n<\/ul>\n","protected":false},"featured_media":84592,"comment_status":"closed","ping_status":"closed","template":"","meta":[],"product_brand":[],"product_cat":[2251,5320,1915,1329,536,2275,2295],"product_tag":[4321,1924,2008],"giftcard-category":[],"class_list":{"0":"post-69906","1":"product","2":"type-product","3":"status-publish","4":"has-post-thumbnail","6":"product_cat-b-vitamin-en","7":"product_cat-for-immunity-en","8":"product_cat-magnesium-en","9":"product_cat-ostrovit-en","10":"product_cat-vitamins-and-minerals-en","11":"product_cat-zinc-en","12":"product_cat-zma-en","13":"product_tag-mgzb-en","14":"product_tag-ostrovit-en","15":"product_tag-zma-en","16":"pa_kogus-90-tablets","17":"pa_toidulisand-branddd-ostrovit","18":"pa_tootegruppp-b-vitamiin-en","19":"pa_tootegruppp-immuunsusteem-en","20":"pa_tootegruppp-magneesium-en","21":"pa_tootegruppp-tsink-en","22":"pa_tootegruppp-vitamins-and-minerals","23":"pa_tootegruppp-zma-en","25":"first","26":"instock","27":"sale","28":"taxable","29":"shipping-taxable","30":"purchasable","31":"product-type-simple"},"yoast_head":"<!-- This site is optimized with the Yoast SEO plugin v27.3 - https:\/\/yoast.com\/product\/yoast-seo-wordpress\/ -->\n<title>MgZB (90tabs) - ZMA kompleks - Parim Hind - Kiire Tarne - Fit360<\/title>\n<meta name=\"description\" content=\"OstroVit MgZB on kvaliteetne toidulisand, mis koosneb kolmest inimorganismile vajalikust \u00fchendist ehk magneesiumist, tsingist ja vitamiinist B6.\" \/>\n<meta name=\"robots\" content=\"index, follow, max-snippet:-1, max-image-preview:large, max-video-preview:-1\" \/>\n<link rel=\"canonical\" href=\"https:\/\/fit360.ee\/en\/pood\/product-groups\/vitamins-and-minerals-en\/magnesium-en\/mgzb-90tabs\/\" \/>\n<meta property=\"og:locale\" content=\"en_US\" \/>\n<meta property=\"og:type\" content=\"article\" \/>\n<meta property=\"og:title\" content=\"MgZB (90tabs) - ZMA kompleks - Parim Hind - Kiire Tarne - Fit360\" \/>\n<meta property=\"og:description\" content=\"OstroVit MgZB on kvaliteetne toidulisand, mis koosneb kolmest inimorganismile vajalikust \u00fchendist ehk magneesiumist, tsingist ja vitamiinist B6.\" \/>\n<meta property=\"og:url\" content=\"https:\/\/fit360.ee\/en\/pood\/product-groups\/vitamins-and-minerals-en\/magnesium-en\/mgzb-90tabs\/\" \/>\n<meta property=\"og:site_name\" content=\"Fit360\" \/>\n<meta property=\"article:modified_time\" content=\"2025-09-08T11:57:02+00:00\" \/>\n<meta property=\"og:image\" content=\"https:\/\/fit360.ee\/wp-content\/uploads\/2023\/04\/mgzb-zma-fit360.ee_.png\" \/>\n\t<meta property=\"og:image:width\" content=\"450\" \/>\n\t<meta property=\"og:image:height\" content=\"450\" \/>\n\t<meta property=\"og:image:type\" content=\"image\/png\" \/>\n<meta name=\"twitter:card\" content=\"summary_large_image\" \/>\n<meta name=\"twitter:label1\" content=\"Est. reading time\" \/>\n\t<meta name=\"twitter:data1\" content=\"2 minutes\" \/>\n<script type=\"application\/ld+json\" class=\"yoast-schema-graph\">{\"@context\":\"https:\\\/\\\/schema.org\",\"@graph\":[{\"@type\":\"WebPage\",\"@id\":\"https:\\\/\\\/fit360.ee\\\/en\\\/pood\\\/product-groups\\\/vitamins-and-minerals-en\\\/magnesium-en\\\/mgzb-90tabs\\\/\",\"url\":\"https:\\\/\\\/fit360.ee\\\/en\\\/pood\\\/product-groups\\\/vitamins-and-minerals-en\\\/magnesium-en\\\/mgzb-90tabs\\\/\",\"name\":\"MgZB (90tabs) - ZMA kompleks - Parim Hind - Kiire Tarne - Fit360\",\"isPartOf\":{\"@id\":\"https:\\\/\\\/fit360.ee\\\/en\\\/#website\"},\"primaryImageOfPage\":{\"@id\":\"https:\\\/\\\/fit360.ee\\\/en\\\/pood\\\/product-groups\\\/vitamins-and-minerals-en\\\/magnesium-en\\\/mgzb-90tabs\\\/#primaryimage\"},\"image\":{\"@id\":\"https:\\\/\\\/fit360.ee\\\/en\\\/pood\\\/product-groups\\\/vitamins-and-minerals-en\\\/magnesium-en\\\/mgzb-90tabs\\\/#primaryimage\"},\"thumbnailUrl\":\"https:\\\/\\\/fit360.ee\\\/wp-content\\\/uploads\\\/2023\\\/04\\\/mgzb-zma-fit360.ee_.png\",\"datePublished\":\"2023-04-20T11:23:52+00:00\",\"dateModified\":\"2025-09-08T11:57:02+00:00\",\"description\":\"OstroVit MgZB on kvaliteetne toidulisand, mis koosneb kolmest inimorganismile vajalikust \u00fchendist ehk magneesiumist, tsingist ja vitamiinist B6.\",\"breadcrumb\":{\"@id\":\"https:\\\/\\\/fit360.ee\\\/en\\\/pood\\\/product-groups\\\/vitamins-and-minerals-en\\\/magnesium-en\\\/mgzb-90tabs\\\/#breadcrumb\"},\"inLanguage\":\"en-US\",\"potentialAction\":[{\"@type\":\"ReadAction\",\"target\":[\"https:\\\/\\\/fit360.ee\\\/en\\\/pood\\\/product-groups\\\/vitamins-and-minerals-en\\\/magnesium-en\\\/mgzb-90tabs\\\/\"]}]},{\"@type\":\"ImageObject\",\"inLanguage\":\"en-US\",\"@id\":\"https:\\\/\\\/fit360.ee\\\/en\\\/pood\\\/product-groups\\\/vitamins-and-minerals-en\\\/magnesium-en\\\/mgzb-90tabs\\\/#primaryimage\",\"url\":\"https:\\\/\\\/fit360.ee\\\/wp-content\\\/uploads\\\/2023\\\/04\\\/mgzb-zma-fit360.ee_.png\",\"contentUrl\":\"https:\\\/\\\/fit360.ee\\\/wp-content\\\/uploads\\\/2023\\\/04\\\/mgzb-zma-fit360.ee_.png\",\"width\":450,\"height\":450,\"caption\":\"mgzb zma - fit360.ee\"},{\"@type\":\"BreadcrumbList\",\"@id\":\"https:\\\/\\\/fit360.ee\\\/en\\\/pood\\\/product-groups\\\/vitamins-and-minerals-en\\\/magnesium-en\\\/mgzb-90tabs\\\/#breadcrumb\",\"itemListElement\":[{\"@type\":\"ListItem\",\"position\":1,\"name\":\"Home\",\"item\":\"https:\\\/\\\/fit360.ee\\\/en\\\/\"},{\"@type\":\"ListItem\",\"position\":2,\"name\":\"Shop\",\"item\":\"https:\\\/\\\/fit360.ee\\\/en\\\/shop\\\/\"},{\"@type\":\"ListItem\",\"position\":3,\"name\":\"MgZB (90tabs)\"}]},{\"@type\":\"WebSite\",\"@id\":\"https:\\\/\\\/fit360.ee\\\/en\\\/#website\",\"url\":\"https:\\\/\\\/fit360.ee\\\/en\\\/\",\"name\":\"Fit360\",\"description\":\"\",\"publisher\":{\"@id\":\"https:\\\/\\\/fit360.ee\\\/en\\\/#organization\"},\"potentialAction\":[{\"@type\":\"SearchAction\",\"target\":{\"@type\":\"EntryPoint\",\"urlTemplate\":\"https:\\\/\\\/fit360.ee\\\/en\\\/?s={search_term_string}\"},\"query-input\":{\"@type\":\"PropertyValueSpecification\",\"valueRequired\":true,\"valueName\":\"search_term_string\"}}],\"inLanguage\":\"en-US\"},{\"@type\":\"Organization\",\"@id\":\"https:\\\/\\\/fit360.ee\\\/en\\\/#organization\",\"name\":\"Fit360\",\"url\":\"https:\\\/\\\/fit360.ee\\\/en\\\/\",\"logo\":{\"@type\":\"ImageObject\",\"inLanguage\":\"en-US\",\"@id\":\"https:\\\/\\\/fit360.ee\\\/en\\\/#\\\/schema\\\/logo\\\/image\\\/\",\"url\":\"https:\\\/\\\/fit360.ee\\\/wp-content\\\/uploads\\\/2017\\\/01\\\/logo-fit360.png\",\"contentUrl\":\"https:\\\/\\\/fit360.ee\\\/wp-content\\\/uploads\\\/2017\\\/01\\\/logo-fit360.png\",\"width\":180,\"height\":66,\"caption\":\"Fit360\"},\"image\":{\"@id\":\"https:\\\/\\\/fit360.ee\\\/en\\\/#\\\/schema\\\/logo\\\/image\\\/\"}}]}<\/script>\n<!-- \/ Yoast SEO plugin. -->","yoast_head_json":{"title":"MgZB (90tabs) - ZMA kompleks - Parim Hind - Kiire Tarne - Fit360","description":"OstroVit MgZB on kvaliteetne toidulisand, mis koosneb kolmest inimorganismile vajalikust \u00fchendist ehk magneesiumist, tsingist ja vitamiinist B6.","robots":{"index":"index","follow":"follow","max-snippet":"max-snippet:-1","max-image-preview":"max-image-preview:large","max-video-preview":"max-video-preview:-1"},"canonical":"https:\/\/fit360.ee\/en\/pood\/product-groups\/vitamins-and-minerals-en\/magnesium-en\/mgzb-90tabs\/","og_locale":"en_US","og_type":"article","og_title":"MgZB (90tabs) - ZMA kompleks - Parim Hind - Kiire Tarne - Fit360","og_description":"OstroVit MgZB on kvaliteetne toidulisand, mis koosneb kolmest inimorganismile vajalikust \u00fchendist ehk magneesiumist, tsingist ja vitamiinist B6.","og_url":"https:\/\/fit360.ee\/en\/pood\/product-groups\/vitamins-and-minerals-en\/magnesium-en\/mgzb-90tabs\/","og_site_name":"Fit360","article_modified_time":"2025-09-08T11:57:02+00:00","og_image":[{"width":450,"height":450,"url":"https:\/\/fit360.ee\/wp-content\/uploads\/2023\/04\/mgzb-zma-fit360.ee_.png","type":"image\/png"}],"twitter_card":"summary_large_image","twitter_misc":{"Est. reading time":"2 minutes"},"schema":{"@context":"https:\/\/schema.org","@graph":[{"@type":"WebPage","@id":"https:\/\/fit360.ee\/en\/pood\/product-groups\/vitamins-and-minerals-en\/magnesium-en\/mgzb-90tabs\/","url":"https:\/\/fit360.ee\/en\/pood\/product-groups\/vitamins-and-minerals-en\/magnesium-en\/mgzb-90tabs\/","name":"MgZB (90tabs) - ZMA kompleks - Parim Hind - Kiire Tarne - Fit360","isPartOf":{"@id":"https:\/\/fit360.ee\/en\/#website"},"primaryImageOfPage":{"@id":"https:\/\/fit360.ee\/en\/pood\/product-groups\/vitamins-and-minerals-en\/magnesium-en\/mgzb-90tabs\/#primaryimage"},"image":{"@id":"https:\/\/fit360.ee\/en\/pood\/product-groups\/vitamins-and-minerals-en\/magnesium-en\/mgzb-90tabs\/#primaryimage"},"thumbnailUrl":"https:\/\/fit360.ee\/wp-content\/uploads\/2023\/04\/mgzb-zma-fit360.ee_.png","datePublished":"2023-04-20T11:23:52+00:00","dateModified":"2025-09-08T11:57:02+00:00","description":"OstroVit MgZB on kvaliteetne toidulisand, mis koosneb kolmest inimorganismile vajalikust \u00fchendist ehk magneesiumist, tsingist ja vitamiinist B6.","breadcrumb":{"@id":"https:\/\/fit360.ee\/en\/pood\/product-groups\/vitamins-and-minerals-en\/magnesium-en\/mgzb-90tabs\/#breadcrumb"},"inLanguage":"en-US","potentialAction":[{"@type":"ReadAction","target":["https:\/\/fit360.ee\/en\/pood\/product-groups\/vitamins-and-minerals-en\/magnesium-en\/mgzb-90tabs\/"]}]},{"@type":"ImageObject","inLanguage":"en-US","@id":"https:\/\/fit360.ee\/en\/pood\/product-groups\/vitamins-and-minerals-en\/magnesium-en\/mgzb-90tabs\/#primaryimage","url":"https:\/\/fit360.ee\/wp-content\/uploads\/2023\/04\/mgzb-zma-fit360.ee_.png","contentUrl":"https:\/\/fit360.ee\/wp-content\/uploads\/2023\/04\/mgzb-zma-fit360.ee_.png","width":450,"height":450,"caption":"mgzb zma - fit360.ee"},{"@type":"BreadcrumbList","@id":"https:\/\/fit360.ee\/en\/pood\/product-groups\/vitamins-and-minerals-en\/magnesium-en\/mgzb-90tabs\/#breadcrumb","itemListElement":[{"@type":"ListItem","position":1,"name":"Home","item":"https:\/\/fit360.ee\/en\/"},{"@type":"ListItem","position":2,"name":"Shop","item":"https:\/\/fit360.ee\/en\/shop\/"},{"@type":"ListItem","position":3,"name":"MgZB (90tabs)"}]},{"@type":"WebSite","@id":"https:\/\/fit360.ee\/en\/#website","url":"https:\/\/fit360.ee\/en\/","name":"Fit360","description":"","publisher":{"@id":"https:\/\/fit360.ee\/en\/#organization"},"potentialAction":[{"@type":"SearchAction","target":{"@type":"EntryPoint","urlTemplate":"https:\/\/fit360.ee\/en\/?s={search_term_string}"},"query-input":{"@type":"PropertyValueSpecification","valueRequired":true,"valueName":"search_term_string"}}],"inLanguage":"en-US"},{"@type":"Organization","@id":"https:\/\/fit360.ee\/en\/#organization","name":"Fit360","url":"https:\/\/fit360.ee\/en\/","logo":{"@type":"ImageObject","inLanguage":"en-US","@id":"https:\/\/fit360.ee\/en\/#\/schema\/logo\/image\/","url":"https:\/\/fit360.ee\/wp-content\/uploads\/2017\/01\/logo-fit360.png","contentUrl":"https:\/\/fit360.ee\/wp-content\/uploads\/2017\/01\/logo-fit360.png","width":180,"height":66,"caption":"Fit360"},"image":{"@id":"https:\/\/fit360.ee\/en\/#\/schema\/logo\/image\/"}}]}},"_links":{"self":[{"href":"https:\/\/fit360.ee\/en\/wp-json\/wp\/v2\/product\/69906","targetHints":{"allow":["GET"]}}],"collection":[{"href":"https:\/\/fit360.ee\/en\/wp-json\/wp\/v2\/product"}],"about":[{"href":"https:\/\/fit360.ee\/en\/wp-json\/wp\/v2\/types\/product"}],"replies":[{"embeddable":true,"href":"https:\/\/fit360.ee\/en\/wp-json\/wp\/v2\/comments?post=69906"}],"wp:featuredmedia":[{"embeddable":true,"href":"https:\/\/fit360.ee\/en\/wp-json\/wp\/v2\/media\/84592"}],"wp:attachment":[{"href":"https:\/\/fit360.ee\/en\/wp-json\/wp\/v2\/media?parent=69906"}],"wp:term":[{"taxonomy":"product_brand","embeddable":true,"href":"https:\/\/fit360.ee\/en\/wp-json\/wp\/v2\/product_brand?post=69906"},{"taxonomy":"product_cat","embeddable":true,"href":"https:\/\/fit360.ee\/en\/wp-json\/wp\/v2\/product_cat?post=69906"},{"taxonomy":"product_tag","embeddable":true,"href":"https:\/\/fit360.ee\/en\/wp-json\/wp\/v2\/product_tag?post=69906"},{"taxonomy":"giftcard-category","embeddable":true,"href":"https:\/\/fit360.ee\/en\/wp-json\/wp\/v2\/giftcard-category?post=69906"}],"curies":[{"name":"wp","href":"https:\/\/api.w.org\/{rel}","templated":true}]}}