{"id":69921,"date":"2023-04-20T14:05:42","date_gmt":"2023-04-20T12:05:42","guid":{"rendered":"https:\/\/fit360.ee\/pood\/uncategorized\/cordyceps-60vcaps\/"},"modified":"2025-08-19T08:37:10","modified_gmt":"2025-08-19T06:37:10","slug":"cordyceps-60vcaps","status":"publish","type":"product","link":"https:\/\/fit360.ee\/en\/pood\/product-groups\/%d0%b2%d0%b5%d0%b3%d0%b0%d0%bd\/vegan-capsules-en\/cordyceps-60vcaps\/","title":{"rendered":"Cordyceps (60 vCaps)"},"content":{"rendered":"<h2><strong>Cordyceps<\/strong><\/h2>\n<p>OstroVit Cordyceps on k\u00f5rge pol\u00fcsahhariidide sisaldusega hiina lampjala seente ekstraktil p\u00f5hinev vegan toidulisand. Toidulisandi koostisainetel on adaptogeenne toime, st toetavad \u00f5igeid kohanemismehhanisme ning organismi vastupanuv\u00f5imet ja efektiivsust.<\/p>\n<p><a href=\"https:\/\/fit360.ee\/wp-content\/uploads\/2023\/04\/ostrovit-cordyceps-fit360.ee_-800x312.jpg\"><img loading=\"lazy\" decoding=\"async\" class=\"size-medium wp-image-69917\" src=\"https:\/\/fit360.ee\/wp-content\/uploads\/2023\/04\/ostrovit-cordyceps-fit360.ee_-800x312.jpg\" alt=\"ostrovit cordyceps - fit360.ee\" width=\"800\" height=\"312\" srcset=\"https:\/\/fit360.ee\/wp-content\/uploads\/2023\/04\/ostrovit-cordyceps-fit360.ee_-800x312.jpg 800w, https:\/\/fit360.ee\/wp-content\/uploads\/2023\/04\/ostrovit-cordyceps-fit360.ee_-510x199.jpg 510w, https:\/\/fit360.ee\/wp-content\/uploads\/2023\/04\/ostrovit-cordyceps-fit360.ee_-768x300.jpg 768w, https:\/\/fit360.ee\/wp-content\/uploads\/2023\/04\/ostrovit-cordyceps-fit360.ee_.jpg 922w\" sizes=\"auto, (max-width: 800px) 100vw, 800px\" \/><\/a><\/p>\n<section class=\"cm__section\">\n<p class=\"cm__text\">OstroVit Cordyceps VEGE toidulisandi \u00fcks pakend on 60 kapslist koosnev komplekt, millest piisab kahekuuliseks kasutamiseks.\u00a0Iga\u00fcks neist sisaldab koguni 500 mg korditsepsi ekstrakti.<\/p>\n<h4 class=\"cm__heading\"><strong>Mis on korditseps ja kelle jaoks see toimib?<\/strong><\/h4>\n<p class=\"cm__text\">Cordyceps sinensis ehk hiina lampjalgsus on seeneliik, mida leidub Tiibeti platoo l\u00e4heduses.\u00a0Korditseps kasvab ainult m\u00e4gede k\u00f5rgeimates kohtades teatud aastaaegadel, mis teeb selle hankimise suureks v\u00e4ljakutseks.\u00a0Seeni on tiibeti rahvad kasutanud tuhandeid aastaid.<\/p>\n<p class=\"cm__text\">Korditseps v\u00f5lgneb oma populaarsuse ainulaadsetele tervist edendavatele ja stimuleerivatele omadustele.\u00a0Maczu\u017cniki regulaarne kasutamine h\u00f5lbustab keha kohanemist eksistentsi raskustega.\u00a0Veelgi enam, seenel on p\u00f5letikuvastane ja antioks\u00fcdantne toime.\u00a0See v\u00f5ib n\u00e4iteks leevendada k\u00fclmetushaiguste, hingamisteede v\u00f5i isegi p\u00f5iep\u00f5letike s\u00fcmptomeid.\u00a0Korditsepsi peetakse looduslikuks energiajoogiks.<\/p>\n<h4 class=\"cm__heading\"><strong>OstroVit Cordyceps VEGE koostisainete omadused<\/strong>:<\/h4>\n<ul class=\"cm__list\">\n<li><strong>Looduslik Energia<\/strong>\u00a0\u2013 korditsepsil on stimuleerivad omadused.\u00a0Saate seda kasutada koos n\u00e4iteks kohviga, t\u00e4nu millele saate veelgi rohkem energiat juurde.\u00a0Korditseps asendab t\u00f5husalt magustatud energiajooke.<\/li>\n<li><strong>Immuunsuse toetamine<\/strong>\u00a0\u2013 korditsepsi ekstrakt on ka loomulik viis immuunsuse toetamiseks.<\/li>\n<li><strong>Suur kogus pol\u00fcsahhariide <\/strong>\u2013 \u00dcks toidulisandi kapsel sisaldab koguni 200 mg pol\u00fcsahhariide \u2013 komplekssuhkruid, mis t\u00e4idavad palju erinevaid funktsioone, sh.\u00a0on inimkeha peamised ehituskivid.<\/li>\n<li><strong>Vegan lisand<\/strong>\u00a0\u2013 Meie toidulisand on universaalne toode, mida saavad kasutada veganid ja taimetoitlased.\u00a0Selle koostises ei leia loomset p\u00e4ritolu aineid.<\/li>\n<\/ul>\n<\/section>\n<section class=\"cm__section\">\n<div class=\"cm__heading\"><strong>Laboratoorselt t\u00f5estatud kvaliteet<\/strong><\/div>\n<p class=\"cm__text --bold\">Klientide tervise p\u00e4rast muretsedes testitakse meie tooteid regulaarselt s\u00f5ltumatus akrediteeritud laboris, et tagada ja s\u00e4ilitada k\u00f5rgeim kvaliteet.<\/p>\n<p><strong>Koostisosad<\/strong>: Hiina lampjala seente ekstrakt (\u00a0<em>Cordyceps sinensis<\/em> (Berk) Sacc.\u00a0) standardiseeritud 40% DER 30:1 pol\u00fcsahhariididega, kapsli kest (t\u00e4iteaine: h\u00fcdroks\u00fcprop\u00fc\u00fclmet\u00fc\u00fcltselluloos).<\/p>\n<p><strong>Kasutamine<\/strong>: Tarbi 1 portsjon (1 kapsel) p\u00e4evas, enne s\u00f6\u00f6ki v\u00f5i koos toiduga.<\/p>\n<p><strong>Suurus<\/strong>: 60 <a href=\"https:\/\/fit360.ee\/en\/product-category\/product-groups\/vegan-en\/vegan-capsules-en\/\"><strong>Vegan kapslit &#8211; vCaps<\/strong><\/a><\/p>\n<section class=\"projector__description--nutritional row\" data-selector=\".--nutritional\">\n<div class=\"col-12 col-md-10 col-lg-8\">\n<div class=\"--nutrit\">\n<div class=\"nutrition_table_wrapper\">\n<div class=\"table_wrapper\">\n<table>\n<tbody>\n<tr>\n<th>Aktiivsed koostisosad<\/th>\n<th>Portsjoni kohta<\/th>\n<\/tr>\n<tr>\n<td>Hiina lampjala seente ekstrakt, sealhulgas:<\/td>\n<td>500 mg<\/td>\n<\/tr>\n<tr class=\"sub\">\n<td>&#8211; pol\u00fcsahhariidid (40%)<\/td>\n<td>200 mg<\/td>\n<\/tr>\n<\/tbody>\n<\/table>\n<p>Vaata meie teisi Vitamiine\/Mineraale <a href=\"https:\/\/fit360.ee\/en\/product-category\/product-groups\/vitamins-and-minerals-en\/\"><strong>SIIT<\/strong><\/a>!<\/p>\n<\/div>\n<\/div>\n<\/div>\n<\/div>\n<\/section>\n<section class=\"projector__comments comments row\" data-selector=\".--comments\">\n<div class=\"--label col-12\">Soovid teha suuremat tellimust? Vaata antud toodet meie HULGI lehelt\u00a0<a href=\"https:\/\/toidulisandidhulgi.ee\/product\/cordyceps-60vcaps\/\"><strong>SIIT<\/strong><\/a>!<\/div>\n<\/section>\n<\/section>\n","protected":false},"excerpt":{"rendered":"<ul>\n<li>Looduslik Energia<\/li>\n<li>Immuuns\u00fcsteemi toetamine<\/li>\n<li>100% Vegan koostis<\/li>\n<li>Suur kogus Pol\u00fcsahhariide<\/li>\n<\/ul>\n","protected":false},"featured_media":84597,"comment_status":"closed","ping_status":"closed","template":"","meta":[],"product_brand":[],"product_cat":[5311,522,5320,1329,1454,2664,536,1201],"product_tag":[4326,4327,1924],"giftcard-category":[],"class_list":{"0":"post-69921","1":"product","2":"type-product","3":"status-publish","4":"has-post-thumbnail","6":"product_cat-antioxidants-en","7":"product_cat-energy-carbohydrates","8":"product_cat-for-immunity-en","9":"product_cat-ostrovit-en","10":"product_cat-superfoods-health-foods-en","11":"product_cat-vegan-capsules-en","12":"product_cat-vitamins-and-minerals-en","13":"product_cat-1201","14":"product_tag-cordyceps-en","15":"product_tag-korditseps-en","16":"product_tag-ostrovit-en","17":"pa_kogus-60-vcaps-en","18":"pa_toidulisand-branddd-ostrovit","19":"pa_tootegruppp-antioksudandid-en","20":"pa_tootegruppp-energycarbs","21":"pa_tootegruppp-immuunsusteem-en","22":"pa_tootegruppp-supertoit-tervisetoit-en","23":"pa_tootegruppp-vcaps-vegan-kapslid-en","24":"pa_tootegruppp-vegan-en","25":"pa_tootegruppp-vitamins-and-minerals","27":"first","28":"outofstock","29":"sale","30":"taxable","31":"shipping-taxable","32":"purchasable","33":"product-type-simple"},"yoast_head":"<!-- This site is optimized with the Yoast SEO plugin v27.3 - https:\/\/yoast.com\/product\/yoast-seo-wordpress\/ -->\n<title>Cordyceps (60 vCaps) - Korditseps - Kiire Tarne - Fit360<\/title>\n<meta name=\"description\" content=\"Cordyceps sinensis ehk hiina lampjalgsus on seeneliik, mida leidub Tiibeti platoo l\u00e4heduses.\u00a0Korditseps kasvab ainult m\u00e4gede k\u00f5rgeimates kohtades .....\" \/>\n<meta name=\"robots\" content=\"index, follow, max-snippet:-1, max-image-preview:large, max-video-preview:-1\" \/>\n<link rel=\"canonical\" href=\"https:\/\/fit360.ee\/en\/pood\/product-groups\/\u0432\u0435\u0433\u0430\u043d\/vegan-capsules-en\/cordyceps-60vcaps\/\" \/>\n<meta property=\"og:locale\" content=\"en_US\" \/>\n<meta property=\"og:type\" content=\"article\" \/>\n<meta property=\"og:title\" content=\"Cordyceps (60 vCaps) - Korditseps - Kiire Tarne - Fit360\" \/>\n<meta property=\"og:description\" content=\"Cordyceps sinensis ehk hiina lampjalgsus on seeneliik, mida leidub Tiibeti platoo l\u00e4heduses.\u00a0Korditseps kasvab ainult m\u00e4gede k\u00f5rgeimates kohtades .....\" \/>\n<meta property=\"og:url\" content=\"https:\/\/fit360.ee\/en\/pood\/product-groups\/\u0432\u0435\u0433\u0430\u043d\/vegan-capsules-en\/cordyceps-60vcaps\/\" \/>\n<meta property=\"og:site_name\" content=\"Fit360\" \/>\n<meta property=\"article:modified_time\" content=\"2025-08-19T06:37:10+00:00\" \/>\n<meta property=\"og:image\" content=\"https:\/\/fit360.ee\/wp-content\/uploads\/2023\/04\/cordyceps-korditseps-fit360.ee_.png\" \/>\n\t<meta property=\"og:image:width\" content=\"450\" \/>\n\t<meta property=\"og:image:height\" content=\"450\" \/>\n\t<meta property=\"og:image:type\" content=\"image\/png\" \/>\n<meta name=\"twitter:card\" content=\"summary_large_image\" \/>\n<meta name=\"twitter:label1\" content=\"Est. reading time\" \/>\n\t<meta name=\"twitter:data1\" content=\"2 minutes\" \/>\n<script type=\"application\/ld+json\" class=\"yoast-schema-graph\">{\"@context\":\"https:\\\/\\\/schema.org\",\"@graph\":[{\"@type\":\"WebPage\",\"@id\":\"https:\\\/\\\/fit360.ee\\\/en\\\/pood\\\/product-groups\\\/%d0%b2%d0%b5%d0%b3%d0%b0%d0%bd\\\/vegan-capsules-en\\\/cordyceps-60vcaps\\\/\",\"url\":\"https:\\\/\\\/fit360.ee\\\/en\\\/pood\\\/product-groups\\\/%d0%b2%d0%b5%d0%b3%d0%b0%d0%bd\\\/vegan-capsules-en\\\/cordyceps-60vcaps\\\/\",\"name\":\"Cordyceps (60 vCaps) - Korditseps - Kiire Tarne - Fit360\",\"isPartOf\":{\"@id\":\"https:\\\/\\\/fit360.ee\\\/en\\\/#website\"},\"primaryImageOfPage\":{\"@id\":\"https:\\\/\\\/fit360.ee\\\/en\\\/pood\\\/product-groups\\\/%d0%b2%d0%b5%d0%b3%d0%b0%d0%bd\\\/vegan-capsules-en\\\/cordyceps-60vcaps\\\/#primaryimage\"},\"image\":{\"@id\":\"https:\\\/\\\/fit360.ee\\\/en\\\/pood\\\/product-groups\\\/%d0%b2%d0%b5%d0%b3%d0%b0%d0%bd\\\/vegan-capsules-en\\\/cordyceps-60vcaps\\\/#primaryimage\"},\"thumbnailUrl\":\"https:\\\/\\\/fit360.ee\\\/wp-content\\\/uploads\\\/2023\\\/04\\\/cordyceps-korditseps-fit360.ee_.png\",\"datePublished\":\"2023-04-20T12:05:42+00:00\",\"dateModified\":\"2025-08-19T06:37:10+00:00\",\"description\":\"Cordyceps sinensis ehk hiina lampjalgsus on seeneliik, mida leidub Tiibeti platoo l\u00e4heduses.\u00a0Korditseps kasvab ainult m\u00e4gede k\u00f5rgeimates kohtades .....\",\"breadcrumb\":{\"@id\":\"https:\\\/\\\/fit360.ee\\\/en\\\/pood\\\/product-groups\\\/%d0%b2%d0%b5%d0%b3%d0%b0%d0%bd\\\/vegan-capsules-en\\\/cordyceps-60vcaps\\\/#breadcrumb\"},\"inLanguage\":\"en-US\",\"potentialAction\":[{\"@type\":\"ReadAction\",\"target\":[\"https:\\\/\\\/fit360.ee\\\/en\\\/pood\\\/product-groups\\\/%d0%b2%d0%b5%d0%b3%d0%b0%d0%bd\\\/vegan-capsules-en\\\/cordyceps-60vcaps\\\/\"]}]},{\"@type\":\"ImageObject\",\"inLanguage\":\"en-US\",\"@id\":\"https:\\\/\\\/fit360.ee\\\/en\\\/pood\\\/product-groups\\\/%d0%b2%d0%b5%d0%b3%d0%b0%d0%bd\\\/vegan-capsules-en\\\/cordyceps-60vcaps\\\/#primaryimage\",\"url\":\"https:\\\/\\\/fit360.ee\\\/wp-content\\\/uploads\\\/2023\\\/04\\\/cordyceps-korditseps-fit360.ee_.png\",\"contentUrl\":\"https:\\\/\\\/fit360.ee\\\/wp-content\\\/uploads\\\/2023\\\/04\\\/cordyceps-korditseps-fit360.ee_.png\",\"width\":450,\"height\":450,\"caption\":\"cordyceps korditseps - fit360.ee\"},{\"@type\":\"BreadcrumbList\",\"@id\":\"https:\\\/\\\/fit360.ee\\\/en\\\/pood\\\/product-groups\\\/%d0%b2%d0%b5%d0%b3%d0%b0%d0%bd\\\/vegan-capsules-en\\\/cordyceps-60vcaps\\\/#breadcrumb\",\"itemListElement\":[{\"@type\":\"ListItem\",\"position\":1,\"name\":\"Home\",\"item\":\"https:\\\/\\\/fit360.ee\\\/en\\\/\"},{\"@type\":\"ListItem\",\"position\":2,\"name\":\"Shop\",\"item\":\"https:\\\/\\\/fit360.ee\\\/en\\\/shop\\\/\"},{\"@type\":\"ListItem\",\"position\":3,\"name\":\"Cordyceps (60 vCaps)\"}]},{\"@type\":\"WebSite\",\"@id\":\"https:\\\/\\\/fit360.ee\\\/en\\\/#website\",\"url\":\"https:\\\/\\\/fit360.ee\\\/en\\\/\",\"name\":\"Fit360\",\"description\":\"\",\"publisher\":{\"@id\":\"https:\\\/\\\/fit360.ee\\\/en\\\/#organization\"},\"potentialAction\":[{\"@type\":\"SearchAction\",\"target\":{\"@type\":\"EntryPoint\",\"urlTemplate\":\"https:\\\/\\\/fit360.ee\\\/en\\\/?s={search_term_string}\"},\"query-input\":{\"@type\":\"PropertyValueSpecification\",\"valueRequired\":true,\"valueName\":\"search_term_string\"}}],\"inLanguage\":\"en-US\"},{\"@type\":\"Organization\",\"@id\":\"https:\\\/\\\/fit360.ee\\\/en\\\/#organization\",\"name\":\"Fit360\",\"url\":\"https:\\\/\\\/fit360.ee\\\/en\\\/\",\"logo\":{\"@type\":\"ImageObject\",\"inLanguage\":\"en-US\",\"@id\":\"https:\\\/\\\/fit360.ee\\\/en\\\/#\\\/schema\\\/logo\\\/image\\\/\",\"url\":\"https:\\\/\\\/fit360.ee\\\/wp-content\\\/uploads\\\/2017\\\/01\\\/logo-fit360.png\",\"contentUrl\":\"https:\\\/\\\/fit360.ee\\\/wp-content\\\/uploads\\\/2017\\\/01\\\/logo-fit360.png\",\"width\":180,\"height\":66,\"caption\":\"Fit360\"},\"image\":{\"@id\":\"https:\\\/\\\/fit360.ee\\\/en\\\/#\\\/schema\\\/logo\\\/image\\\/\"}}]}<\/script>\n<!-- \/ Yoast SEO plugin. -->","yoast_head_json":{"title":"Cordyceps (60 vCaps) - Korditseps - Kiire Tarne - Fit360","description":"Cordyceps sinensis ehk hiina lampjalgsus on seeneliik, mida leidub Tiibeti platoo l\u00e4heduses.\u00a0Korditseps kasvab ainult m\u00e4gede k\u00f5rgeimates kohtades .....","robots":{"index":"index","follow":"follow","max-snippet":"max-snippet:-1","max-image-preview":"max-image-preview:large","max-video-preview":"max-video-preview:-1"},"canonical":"https:\/\/fit360.ee\/en\/pood\/product-groups\/\u0432\u0435\u0433\u0430\u043d\/vegan-capsules-en\/cordyceps-60vcaps\/","og_locale":"en_US","og_type":"article","og_title":"Cordyceps (60 vCaps) - Korditseps - Kiire Tarne - Fit360","og_description":"Cordyceps sinensis ehk hiina lampjalgsus on seeneliik, mida leidub Tiibeti platoo l\u00e4heduses.\u00a0Korditseps kasvab ainult m\u00e4gede k\u00f5rgeimates kohtades .....","og_url":"https:\/\/fit360.ee\/en\/pood\/product-groups\/\u0432\u0435\u0433\u0430\u043d\/vegan-capsules-en\/cordyceps-60vcaps\/","og_site_name":"Fit360","article_modified_time":"2025-08-19T06:37:10+00:00","og_image":[{"width":450,"height":450,"url":"https:\/\/fit360.ee\/wp-content\/uploads\/2023\/04\/cordyceps-korditseps-fit360.ee_.png","type":"image\/png"}],"twitter_card":"summary_large_image","twitter_misc":{"Est. reading time":"2 minutes"},"schema":{"@context":"https:\/\/schema.org","@graph":[{"@type":"WebPage","@id":"https:\/\/fit360.ee\/en\/pood\/product-groups\/%d0%b2%d0%b5%d0%b3%d0%b0%d0%bd\/vegan-capsules-en\/cordyceps-60vcaps\/","url":"https:\/\/fit360.ee\/en\/pood\/product-groups\/%d0%b2%d0%b5%d0%b3%d0%b0%d0%bd\/vegan-capsules-en\/cordyceps-60vcaps\/","name":"Cordyceps (60 vCaps) - Korditseps - Kiire Tarne - Fit360","isPartOf":{"@id":"https:\/\/fit360.ee\/en\/#website"},"primaryImageOfPage":{"@id":"https:\/\/fit360.ee\/en\/pood\/product-groups\/%d0%b2%d0%b5%d0%b3%d0%b0%d0%bd\/vegan-capsules-en\/cordyceps-60vcaps\/#primaryimage"},"image":{"@id":"https:\/\/fit360.ee\/en\/pood\/product-groups\/%d0%b2%d0%b5%d0%b3%d0%b0%d0%bd\/vegan-capsules-en\/cordyceps-60vcaps\/#primaryimage"},"thumbnailUrl":"https:\/\/fit360.ee\/wp-content\/uploads\/2023\/04\/cordyceps-korditseps-fit360.ee_.png","datePublished":"2023-04-20T12:05:42+00:00","dateModified":"2025-08-19T06:37:10+00:00","description":"Cordyceps sinensis ehk hiina lampjalgsus on seeneliik, mida leidub Tiibeti platoo l\u00e4heduses.\u00a0Korditseps kasvab ainult m\u00e4gede k\u00f5rgeimates kohtades .....","breadcrumb":{"@id":"https:\/\/fit360.ee\/en\/pood\/product-groups\/%d0%b2%d0%b5%d0%b3%d0%b0%d0%bd\/vegan-capsules-en\/cordyceps-60vcaps\/#breadcrumb"},"inLanguage":"en-US","potentialAction":[{"@type":"ReadAction","target":["https:\/\/fit360.ee\/en\/pood\/product-groups\/%d0%b2%d0%b5%d0%b3%d0%b0%d0%bd\/vegan-capsules-en\/cordyceps-60vcaps\/"]}]},{"@type":"ImageObject","inLanguage":"en-US","@id":"https:\/\/fit360.ee\/en\/pood\/product-groups\/%d0%b2%d0%b5%d0%b3%d0%b0%d0%bd\/vegan-capsules-en\/cordyceps-60vcaps\/#primaryimage","url":"https:\/\/fit360.ee\/wp-content\/uploads\/2023\/04\/cordyceps-korditseps-fit360.ee_.png","contentUrl":"https:\/\/fit360.ee\/wp-content\/uploads\/2023\/04\/cordyceps-korditseps-fit360.ee_.png","width":450,"height":450,"caption":"cordyceps korditseps - fit360.ee"},{"@type":"BreadcrumbList","@id":"https:\/\/fit360.ee\/en\/pood\/product-groups\/%d0%b2%d0%b5%d0%b3%d0%b0%d0%bd\/vegan-capsules-en\/cordyceps-60vcaps\/#breadcrumb","itemListElement":[{"@type":"ListItem","position":1,"name":"Home","item":"https:\/\/fit360.ee\/en\/"},{"@type":"ListItem","position":2,"name":"Shop","item":"https:\/\/fit360.ee\/en\/shop\/"},{"@type":"ListItem","position":3,"name":"Cordyceps (60 vCaps)"}]},{"@type":"WebSite","@id":"https:\/\/fit360.ee\/en\/#website","url":"https:\/\/fit360.ee\/en\/","name":"Fit360","description":"","publisher":{"@id":"https:\/\/fit360.ee\/en\/#organization"},"potentialAction":[{"@type":"SearchAction","target":{"@type":"EntryPoint","urlTemplate":"https:\/\/fit360.ee\/en\/?s={search_term_string}"},"query-input":{"@type":"PropertyValueSpecification","valueRequired":true,"valueName":"search_term_string"}}],"inLanguage":"en-US"},{"@type":"Organization","@id":"https:\/\/fit360.ee\/en\/#organization","name":"Fit360","url":"https:\/\/fit360.ee\/en\/","logo":{"@type":"ImageObject","inLanguage":"en-US","@id":"https:\/\/fit360.ee\/en\/#\/schema\/logo\/image\/","url":"https:\/\/fit360.ee\/wp-content\/uploads\/2017\/01\/logo-fit360.png","contentUrl":"https:\/\/fit360.ee\/wp-content\/uploads\/2017\/01\/logo-fit360.png","width":180,"height":66,"caption":"Fit360"},"image":{"@id":"https:\/\/fit360.ee\/en\/#\/schema\/logo\/image\/"}}]}},"_links":{"self":[{"href":"https:\/\/fit360.ee\/en\/wp-json\/wp\/v2\/product\/69921","targetHints":{"allow":["GET"]}}],"collection":[{"href":"https:\/\/fit360.ee\/en\/wp-json\/wp\/v2\/product"}],"about":[{"href":"https:\/\/fit360.ee\/en\/wp-json\/wp\/v2\/types\/product"}],"replies":[{"embeddable":true,"href":"https:\/\/fit360.ee\/en\/wp-json\/wp\/v2\/comments?post=69921"}],"wp:featuredmedia":[{"embeddable":true,"href":"https:\/\/fit360.ee\/en\/wp-json\/wp\/v2\/media\/84597"}],"wp:attachment":[{"href":"https:\/\/fit360.ee\/en\/wp-json\/wp\/v2\/media?parent=69921"}],"wp:term":[{"taxonomy":"product_brand","embeddable":true,"href":"https:\/\/fit360.ee\/en\/wp-json\/wp\/v2\/product_brand?post=69921"},{"taxonomy":"product_cat","embeddable":true,"href":"https:\/\/fit360.ee\/en\/wp-json\/wp\/v2\/product_cat?post=69921"},{"taxonomy":"product_tag","embeddable":true,"href":"https:\/\/fit360.ee\/en\/wp-json\/wp\/v2\/product_tag?post=69921"},{"taxonomy":"giftcard-category","embeddable":true,"href":"https:\/\/fit360.ee\/en\/wp-json\/wp\/v2\/giftcard-category?post=69921"}],"curies":[{"name":"wp","href":"https:\/\/api.w.org\/{rel}","templated":true}]}}