{"id":69927,"date":"2023-04-20T14:24:26","date_gmt":"2023-04-20T12:24:26","guid":{"rendered":"https:\/\/fit360.ee\/pood\/uncategorized\/astaxanthin-forte-90caps\/"},"modified":"2026-04-09T17:13:15","modified_gmt":"2026-04-09T15:13:15","slug":"astaxanthin-forte-90caps","status":"publish","type":"product","link":"https:\/\/fit360.ee\/en\/pood\/product-groups\/vitamins-and-minerals-en\/astaxanthin-forte-90caps\/","title":{"rendered":"Astaxanthin FORTE (90caps)"},"content":{"rendered":"<h2><strong>Astaxanthin<\/strong><\/h2>\n<p>OstroVit Astaxanthin FORTE on k\u00f5rgeima kvaliteediga toidulisand, mis sisaldab looduslikku astaksantiini ekstrakti.\u00a0See on loodud inimestele, kelle jaoks tervis, nooruslik v\u00e4limus ja heaolu on esmat\u00e4htis.<\/p>\n<p><a href=\"https:\/\/fit360.ee\/wp-content\/uploads\/2023\/04\/astaxanthin-forte-fit360.ee-1-800x312.jpg\"><img loading=\"lazy\" decoding=\"async\" class=\"size-medium wp-image-69923\" src=\"https:\/\/fit360.ee\/wp-content\/uploads\/2023\/04\/astaxanthin-forte-fit360.ee-1-800x312.jpg\" alt=\"astaxanthin forte - fit360.ee\" width=\"800\" height=\"312\" srcset=\"https:\/\/fit360.ee\/wp-content\/uploads\/2023\/04\/astaxanthin-forte-fit360.ee-1-800x312.jpg 800w, https:\/\/fit360.ee\/wp-content\/uploads\/2023\/04\/astaxanthin-forte-fit360.ee-1-510x199.jpg 510w, https:\/\/fit360.ee\/wp-content\/uploads\/2023\/04\/astaxanthin-forte-fit360.ee-1-768x300.jpg 768w, https:\/\/fit360.ee\/wp-content\/uploads\/2023\/04\/astaxanthin-forte-fit360.ee-1.jpg 922w\" sizes=\"auto, (max-width: 800px) 100vw, 800px\" \/><\/a><\/p>\n<section class=\"cm__section\">\n<ul class=\"cm__list\">\n<li>Pakendis on 90 portsjonit<\/li>\n<li>Kergesti neelatavate kapslite kujul<\/li>\n<li>1 portsjon = 1 kapsel<\/li>\n<li>Looduslik pigment<\/li>\n<\/ul>\n<h4 class=\"cm__heading\"><strong>OstroVit Astaxanthin FORTE<\/strong><\/h4>\n<p class=\"cm__text\">Astaksantiin on looduslik \u00fchend ksantof\u00fcllide klassi karotenoidide perekonnast, mida saadakse peamiselt merevetikatest (<em>Haematococcus Pluvialis<\/em>).\u00a0Pigmendina on selle erip\u00e4raks see, et see esineb enamikes veeorganismides, andes neile loomuliku punase v\u00e4rvuse (l\u00f5he, hiilgerill, mereannid jne).\u00a0Astaksantiini, nagu ka teisi karotenoide, ei saa inimene s\u00fcnteesida, seega tuleb seda varustada toiduga v\u00f5i toidulisandina.<\/p>\n<p class=\"cm__text\">Astaksantiin\u00a0on kahtlemata t\u00f5hus p\u00f5letikuvastane aine.\u00a0Praegu peetakse seda tugevaimaks antioks\u00fcdandiks.\u00a0Allikad \u00fctlevad, et selle toime on palju t\u00f5husam kui C- v\u00f5i E-vitamiin.<\/p>\n<ul class=\"cm__list\">\n<li>\u00dche tugevaima antioks\u00fcdandina eemaldab see inimkehast liigsed ohtlikud vabad radikaalid.<\/li>\n<li>See stimuleerib immuuns\u00fcsteemi, toetades looduslikke protsesse v\u00f5itluses erinevate infektsioonidega.<\/li>\n<li>Karotenoidina on see meie kehale &#8220;looduslik kilp&#8221; kahjuliku UV-kiirguse eest.<\/li>\n<\/ul>\n<h4 class=\"cm__heading\"><strong>OstroVit Astaxanthin FORTE koostisainete omadused<\/strong>:<\/h4>\n<ul class=\"cm__list\">\n<li>See toetab lihaste taastamist ja taastumist p\u00e4rast raskeid treeninguid<\/li>\n<li>Sellel on positiivne m\u00f5ju nahale \u2013 see toimib loodusliku p\u00e4ikesekaitsekreemina UV-kiirte kahjulike m\u00f5jude vastu<\/li>\n<li>See tugevdab meie immuuns\u00fcsteemi ja aeglustab vananemisprotsessi<\/li>\n<li>V\u00f5rreldes luteiiniga kaitseb see meie silmi, hoiab \u00e4ra nende v\u00e4simuse ja isegi toetab nende taastumist ja taastumist<\/li>\n<li>See toetab rakuhingamise protsesse, toetades punaste vereliblede t\u00f6\u00f6d<\/li>\n<\/ul>\n<\/section>\n<section class=\"cm__section\">\n<div class=\"cm__heading\"><strong>Laboratoorselt t\u00f5estatud kvaliteet<\/strong><\/div>\n<p class=\"cm__text --bold\">Klientide tervise p\u00e4rast muretsedes testitakse meie tooteid regulaarselt s\u00f5ltumatus akrediteeritud laboris, et tagada ja s\u00e4ilitada k\u00f5rgeim kvaliteet.<\/p>\n<p><strong>Astaxanthin Koostisosad<\/strong>: P\u00e4evalille\u00f5li, \u017eelatiin, looduslik \u00f5li astaksantiiniga 5%, saadud <em>Haematococcus Pluvialis<\/em> vetikatest, niiskuses\u00e4ilitaja: gl\u00fctserool;\u00a0puhastatud vesi, v\u00e4rvaine: karamell.<\/p>\n<p><strong>Kasutamine<\/strong>: Tarbi 1 portsjon (1 kapsel) p\u00e4evas, eelistatavalt koos toiduga.<\/p>\n<p><strong>Suurus<\/strong>: 90 kapslit &#8211; 90 serveeringut.<\/p>\n<table>\n<tbody>\n<tr>\n<th>Aktiivsed koostisosad<\/th>\n<th>Portsjoni kohta<\/th>\n<\/tr>\n<tr>\n<td>Looduslik \u00f5li astaksantiiniga 5%<\/td>\n<td>\u00a080 mg<\/td>\n<\/tr>\n<tr>\n<td>&#8211; sealhulgas astaksantiin<\/td>\n<td>\u00a04 mg<\/td>\n<\/tr>\n<\/tbody>\n<\/table>\n<p>Vaata ka meie teisi Vitamiine\/Mineraale <a href=\"https:\/\/fit360.ee\/en\/product-category\/product-groups\/vitamins-and-minerals-en\/\"><strong>SIIT<\/strong><\/a>!<\/p>\n<p>Soovid teha suuremat tellimust? Vaata antud toodet meie HULGI lehelt\u00a0<a href=\"https:\/\/toidulisandidhulgi.ee\/product\/astaxanthin-forte-90caps\/\"><strong>SIIT<\/strong><\/a>!<\/p>\n<\/section>\n","protected":false},"excerpt":{"rendered":"<ul class=\"cm__list\">\n<li>See toetab lihaste taastamist ja taastumist p\u00e4rast raskeid treeninguid<\/li>\n<li>Sellel on positiivne m\u00f5ju nahale \u2013 see toimib loodusliku p\u00e4ikesekaitsekreemina UV-kiirte kahjulike m\u00f5jude vastu<\/li>\n<li>See tugevdab meie immuuns\u00fcsteemi ja aeglustab vananemisprotsessi<\/li>\n<li>V\u00f5rreldes luteiiniga kaitseb see meie silmi, hoiab \u00e4ra nende v\u00e4simuse ja isegi toetab nende taastumist ja taastumist<\/li>\n<li>See toetab rakuhingamise protsesse, toetades punaste vereliblede t\u00f6\u00f6d<\/li>\n<\/ul>\n","protected":false},"featured_media":84599,"comment_status":"closed","ping_status":"closed","template":"","meta":[],"product_brand":[],"product_cat":[1329,1454,536],"product_tag":[4330,4331,1924],"giftcard-category":[],"class_list":{"0":"post-69927","1":"product","2":"type-product","3":"status-publish","4":"has-post-thumbnail","6":"product_cat-ostrovit-en","7":"product_cat-superfoods-health-foods-en","8":"product_cat-vitamins-and-minerals-en","9":"product_tag-astaksantiin-en","10":"product_tag-astaxanthin-en","11":"product_tag-ostrovit-en","12":"pa_kogus-90-capsules","13":"pa_toidulisand-branddd-ostrovit","14":"pa_tootegruppp-supertoit-tervisetoit-en","15":"pa_tootegruppp-vitamins-and-minerals","17":"first","18":"instock","19":"sale","20":"taxable","21":"shipping-taxable","22":"purchasable","23":"product-type-simple"},"yoast_head":"<!-- This site is optimized with the Yoast SEO plugin v27.3 - https:\/\/yoast.com\/product\/yoast-seo-wordpress\/ -->\n<title>Astaxanthin FORTE (90caps) - Heaolu &amp; Tervis - Kiire Tarne -<\/title>\n<meta name=\"description\" content=\"Astaxanthin FORTE on k\u00f5rgeima kvaliteediga toidulisand, mis sisaldab looduslikku astaksantiini ekstrakti.\u00a0See on loodud inimestele, kelle jaoks tervis...\" \/>\n<meta name=\"robots\" content=\"index, follow, max-snippet:-1, max-image-preview:large, max-video-preview:-1\" \/>\n<link rel=\"canonical\" href=\"https:\/\/fit360.ee\/en\/pood\/product-groups\/vitamins-and-minerals-en\/astaxanthin-forte-90caps\/\" \/>\n<meta property=\"og:locale\" content=\"en_US\" \/>\n<meta property=\"og:type\" content=\"article\" \/>\n<meta property=\"og:title\" content=\"Astaxanthin FORTE (90caps) - Heaolu &amp; Tervis - Kiire Tarne -\" \/>\n<meta property=\"og:description\" content=\"Astaxanthin FORTE on k\u00f5rgeima kvaliteediga toidulisand, mis sisaldab looduslikku astaksantiini ekstrakti.\u00a0See on loodud inimestele, kelle jaoks tervis...\" \/>\n<meta property=\"og:url\" content=\"https:\/\/fit360.ee\/en\/pood\/product-groups\/vitamins-and-minerals-en\/astaxanthin-forte-90caps\/\" \/>\n<meta property=\"og:site_name\" content=\"Fit360\" \/>\n<meta property=\"article:modified_time\" content=\"2026-04-09T15:13:15+00:00\" \/>\n<meta property=\"og:image\" content=\"https:\/\/fit360.ee\/wp-content\/uploads\/2023\/04\/astaxanthin-forte-astaksantiin-ostrovit-fit360.ee_.png\" \/>\n\t<meta property=\"og:image:width\" content=\"450\" \/>\n\t<meta property=\"og:image:height\" content=\"450\" \/>\n\t<meta property=\"og:image:type\" content=\"image\/png\" \/>\n<meta name=\"twitter:card\" content=\"summary_large_image\" \/>\n<meta name=\"twitter:label1\" content=\"Est. reading time\" \/>\n\t<meta name=\"twitter:data1\" content=\"2 minutes\" \/>\n<script type=\"application\/ld+json\" class=\"yoast-schema-graph\">{\"@context\":\"https:\\\/\\\/schema.org\",\"@graph\":[{\"@type\":\"WebPage\",\"@id\":\"https:\\\/\\\/fit360.ee\\\/en\\\/pood\\\/product-groups\\\/vitamins-and-minerals-en\\\/astaxanthin-forte-90caps\\\/\",\"url\":\"https:\\\/\\\/fit360.ee\\\/en\\\/pood\\\/product-groups\\\/vitamins-and-minerals-en\\\/astaxanthin-forte-90caps\\\/\",\"name\":\"Astaxanthin FORTE (90caps) - Heaolu & Tervis - Kiire Tarne -\",\"isPartOf\":{\"@id\":\"https:\\\/\\\/fit360.ee\\\/en\\\/#website\"},\"primaryImageOfPage\":{\"@id\":\"https:\\\/\\\/fit360.ee\\\/en\\\/pood\\\/product-groups\\\/vitamins-and-minerals-en\\\/astaxanthin-forte-90caps\\\/#primaryimage\"},\"image\":{\"@id\":\"https:\\\/\\\/fit360.ee\\\/en\\\/pood\\\/product-groups\\\/vitamins-and-minerals-en\\\/astaxanthin-forte-90caps\\\/#primaryimage\"},\"thumbnailUrl\":\"https:\\\/\\\/fit360.ee\\\/wp-content\\\/uploads\\\/2023\\\/04\\\/astaxanthin-forte-astaksantiin-ostrovit-fit360.ee_.png\",\"datePublished\":\"2023-04-20T12:24:26+00:00\",\"dateModified\":\"2026-04-09T15:13:15+00:00\",\"description\":\"Astaxanthin FORTE on k\u00f5rgeima kvaliteediga toidulisand, mis sisaldab looduslikku astaksantiini ekstrakti.\u00a0See on loodud inimestele, kelle jaoks tervis...\",\"breadcrumb\":{\"@id\":\"https:\\\/\\\/fit360.ee\\\/en\\\/pood\\\/product-groups\\\/vitamins-and-minerals-en\\\/astaxanthin-forte-90caps\\\/#breadcrumb\"},\"inLanguage\":\"en-US\",\"potentialAction\":[{\"@type\":\"ReadAction\",\"target\":[\"https:\\\/\\\/fit360.ee\\\/en\\\/pood\\\/product-groups\\\/vitamins-and-minerals-en\\\/astaxanthin-forte-90caps\\\/\"]}]},{\"@type\":\"ImageObject\",\"inLanguage\":\"en-US\",\"@id\":\"https:\\\/\\\/fit360.ee\\\/en\\\/pood\\\/product-groups\\\/vitamins-and-minerals-en\\\/astaxanthin-forte-90caps\\\/#primaryimage\",\"url\":\"https:\\\/\\\/fit360.ee\\\/wp-content\\\/uploads\\\/2023\\\/04\\\/astaxanthin-forte-astaksantiin-ostrovit-fit360.ee_.png\",\"contentUrl\":\"https:\\\/\\\/fit360.ee\\\/wp-content\\\/uploads\\\/2023\\\/04\\\/astaxanthin-forte-astaksantiin-ostrovit-fit360.ee_.png\",\"width\":450,\"height\":450,\"caption\":\"astaxanthin forte astaksantiin ostrovit - fit360.ee\"},{\"@type\":\"BreadcrumbList\",\"@id\":\"https:\\\/\\\/fit360.ee\\\/en\\\/pood\\\/product-groups\\\/vitamins-and-minerals-en\\\/astaxanthin-forte-90caps\\\/#breadcrumb\",\"itemListElement\":[{\"@type\":\"ListItem\",\"position\":1,\"name\":\"Home\",\"item\":\"https:\\\/\\\/fit360.ee\\\/en\\\/\"},{\"@type\":\"ListItem\",\"position\":2,\"name\":\"Shop\",\"item\":\"https:\\\/\\\/fit360.ee\\\/en\\\/shop\\\/\"},{\"@type\":\"ListItem\",\"position\":3,\"name\":\"Astaxanthin FORTE (90caps)\"}]},{\"@type\":\"WebSite\",\"@id\":\"https:\\\/\\\/fit360.ee\\\/en\\\/#website\",\"url\":\"https:\\\/\\\/fit360.ee\\\/en\\\/\",\"name\":\"Fit360\",\"description\":\"\",\"publisher\":{\"@id\":\"https:\\\/\\\/fit360.ee\\\/en\\\/#organization\"},\"potentialAction\":[{\"@type\":\"SearchAction\",\"target\":{\"@type\":\"EntryPoint\",\"urlTemplate\":\"https:\\\/\\\/fit360.ee\\\/en\\\/?s={search_term_string}\"},\"query-input\":{\"@type\":\"PropertyValueSpecification\",\"valueRequired\":true,\"valueName\":\"search_term_string\"}}],\"inLanguage\":\"en-US\"},{\"@type\":\"Organization\",\"@id\":\"https:\\\/\\\/fit360.ee\\\/en\\\/#organization\",\"name\":\"Fit360\",\"url\":\"https:\\\/\\\/fit360.ee\\\/en\\\/\",\"logo\":{\"@type\":\"ImageObject\",\"inLanguage\":\"en-US\",\"@id\":\"https:\\\/\\\/fit360.ee\\\/en\\\/#\\\/schema\\\/logo\\\/image\\\/\",\"url\":\"https:\\\/\\\/fit360.ee\\\/wp-content\\\/uploads\\\/2017\\\/01\\\/logo-fit360.png\",\"contentUrl\":\"https:\\\/\\\/fit360.ee\\\/wp-content\\\/uploads\\\/2017\\\/01\\\/logo-fit360.png\",\"width\":180,\"height\":66,\"caption\":\"Fit360\"},\"image\":{\"@id\":\"https:\\\/\\\/fit360.ee\\\/en\\\/#\\\/schema\\\/logo\\\/image\\\/\"}}]}<\/script>\n<!-- \/ Yoast SEO plugin. -->","yoast_head_json":{"title":"Astaxanthin FORTE (90caps) - Heaolu & Tervis - Kiire Tarne -","description":"Astaxanthin FORTE on k\u00f5rgeima kvaliteediga toidulisand, mis sisaldab looduslikku astaksantiini ekstrakti.\u00a0See on loodud inimestele, kelle jaoks tervis...","robots":{"index":"index","follow":"follow","max-snippet":"max-snippet:-1","max-image-preview":"max-image-preview:large","max-video-preview":"max-video-preview:-1"},"canonical":"https:\/\/fit360.ee\/en\/pood\/product-groups\/vitamins-and-minerals-en\/astaxanthin-forte-90caps\/","og_locale":"en_US","og_type":"article","og_title":"Astaxanthin FORTE (90caps) - Heaolu & Tervis - Kiire Tarne -","og_description":"Astaxanthin FORTE on k\u00f5rgeima kvaliteediga toidulisand, mis sisaldab looduslikku astaksantiini ekstrakti.\u00a0See on loodud inimestele, kelle jaoks tervis...","og_url":"https:\/\/fit360.ee\/en\/pood\/product-groups\/vitamins-and-minerals-en\/astaxanthin-forte-90caps\/","og_site_name":"Fit360","article_modified_time":"2026-04-09T15:13:15+00:00","og_image":[{"width":450,"height":450,"url":"https:\/\/fit360.ee\/wp-content\/uploads\/2023\/04\/astaxanthin-forte-astaksantiin-ostrovit-fit360.ee_.png","type":"image\/png"}],"twitter_card":"summary_large_image","twitter_misc":{"Est. reading time":"2 minutes"},"schema":{"@context":"https:\/\/schema.org","@graph":[{"@type":"WebPage","@id":"https:\/\/fit360.ee\/en\/pood\/product-groups\/vitamins-and-minerals-en\/astaxanthin-forte-90caps\/","url":"https:\/\/fit360.ee\/en\/pood\/product-groups\/vitamins-and-minerals-en\/astaxanthin-forte-90caps\/","name":"Astaxanthin FORTE (90caps) - Heaolu & Tervis - Kiire Tarne -","isPartOf":{"@id":"https:\/\/fit360.ee\/en\/#website"},"primaryImageOfPage":{"@id":"https:\/\/fit360.ee\/en\/pood\/product-groups\/vitamins-and-minerals-en\/astaxanthin-forte-90caps\/#primaryimage"},"image":{"@id":"https:\/\/fit360.ee\/en\/pood\/product-groups\/vitamins-and-minerals-en\/astaxanthin-forte-90caps\/#primaryimage"},"thumbnailUrl":"https:\/\/fit360.ee\/wp-content\/uploads\/2023\/04\/astaxanthin-forte-astaksantiin-ostrovit-fit360.ee_.png","datePublished":"2023-04-20T12:24:26+00:00","dateModified":"2026-04-09T15:13:15+00:00","description":"Astaxanthin FORTE on k\u00f5rgeima kvaliteediga toidulisand, mis sisaldab looduslikku astaksantiini ekstrakti.\u00a0See on loodud inimestele, kelle jaoks tervis...","breadcrumb":{"@id":"https:\/\/fit360.ee\/en\/pood\/product-groups\/vitamins-and-minerals-en\/astaxanthin-forte-90caps\/#breadcrumb"},"inLanguage":"en-US","potentialAction":[{"@type":"ReadAction","target":["https:\/\/fit360.ee\/en\/pood\/product-groups\/vitamins-and-minerals-en\/astaxanthin-forte-90caps\/"]}]},{"@type":"ImageObject","inLanguage":"en-US","@id":"https:\/\/fit360.ee\/en\/pood\/product-groups\/vitamins-and-minerals-en\/astaxanthin-forte-90caps\/#primaryimage","url":"https:\/\/fit360.ee\/wp-content\/uploads\/2023\/04\/astaxanthin-forte-astaksantiin-ostrovit-fit360.ee_.png","contentUrl":"https:\/\/fit360.ee\/wp-content\/uploads\/2023\/04\/astaxanthin-forte-astaksantiin-ostrovit-fit360.ee_.png","width":450,"height":450,"caption":"astaxanthin forte astaksantiin ostrovit - fit360.ee"},{"@type":"BreadcrumbList","@id":"https:\/\/fit360.ee\/en\/pood\/product-groups\/vitamins-and-minerals-en\/astaxanthin-forte-90caps\/#breadcrumb","itemListElement":[{"@type":"ListItem","position":1,"name":"Home","item":"https:\/\/fit360.ee\/en\/"},{"@type":"ListItem","position":2,"name":"Shop","item":"https:\/\/fit360.ee\/en\/shop\/"},{"@type":"ListItem","position":3,"name":"Astaxanthin FORTE (90caps)"}]},{"@type":"WebSite","@id":"https:\/\/fit360.ee\/en\/#website","url":"https:\/\/fit360.ee\/en\/","name":"Fit360","description":"","publisher":{"@id":"https:\/\/fit360.ee\/en\/#organization"},"potentialAction":[{"@type":"SearchAction","target":{"@type":"EntryPoint","urlTemplate":"https:\/\/fit360.ee\/en\/?s={search_term_string}"},"query-input":{"@type":"PropertyValueSpecification","valueRequired":true,"valueName":"search_term_string"}}],"inLanguage":"en-US"},{"@type":"Organization","@id":"https:\/\/fit360.ee\/en\/#organization","name":"Fit360","url":"https:\/\/fit360.ee\/en\/","logo":{"@type":"ImageObject","inLanguage":"en-US","@id":"https:\/\/fit360.ee\/en\/#\/schema\/logo\/image\/","url":"https:\/\/fit360.ee\/wp-content\/uploads\/2017\/01\/logo-fit360.png","contentUrl":"https:\/\/fit360.ee\/wp-content\/uploads\/2017\/01\/logo-fit360.png","width":180,"height":66,"caption":"Fit360"},"image":{"@id":"https:\/\/fit360.ee\/en\/#\/schema\/logo\/image\/"}}]}},"_links":{"self":[{"href":"https:\/\/fit360.ee\/en\/wp-json\/wp\/v2\/product\/69927","targetHints":{"allow":["GET"]}}],"collection":[{"href":"https:\/\/fit360.ee\/en\/wp-json\/wp\/v2\/product"}],"about":[{"href":"https:\/\/fit360.ee\/en\/wp-json\/wp\/v2\/types\/product"}],"replies":[{"embeddable":true,"href":"https:\/\/fit360.ee\/en\/wp-json\/wp\/v2\/comments?post=69927"}],"wp:featuredmedia":[{"embeddable":true,"href":"https:\/\/fit360.ee\/en\/wp-json\/wp\/v2\/media\/84599"}],"wp:attachment":[{"href":"https:\/\/fit360.ee\/en\/wp-json\/wp\/v2\/media?parent=69927"}],"wp:term":[{"taxonomy":"product_brand","embeddable":true,"href":"https:\/\/fit360.ee\/en\/wp-json\/wp\/v2\/product_brand?post=69927"},{"taxonomy":"product_cat","embeddable":true,"href":"https:\/\/fit360.ee\/en\/wp-json\/wp\/v2\/product_cat?post=69927"},{"taxonomy":"product_tag","embeddable":true,"href":"https:\/\/fit360.ee\/en\/wp-json\/wp\/v2\/product_tag?post=69927"},{"taxonomy":"giftcard-category","embeddable":true,"href":"https:\/\/fit360.ee\/en\/wp-json\/wp\/v2\/giftcard-category?post=69927"}],"curies":[{"name":"wp","href":"https:\/\/api.w.org\/{rel}","templated":true}]}}