{"id":69933,"date":"2023-04-20T15:14:09","date_gmt":"2023-04-20T13:14:09","guid":{"rendered":"https:\/\/fit360.ee\/pood\/uncategorized\/ala-90tabs\/"},"modified":"2026-04-09T16:57:12","modified_gmt":"2026-04-09T14:57:12","slug":"ala-90tabs","status":"publish","type":"product","link":"https:\/\/fit360.ee\/en\/pood\/product-groups\/fat-burners-en\/stimulant-free-fat-burners-en\/ala-90tabs\/","title":{"rendered":"ALA (90tabs)"},"content":{"rendered":"<h2><strong>ALA<\/strong><\/h2>\n<p>OstroVit ALA on looduslik toidulisand tablettidena.\u00a0See on loodud laboratoorselt, p\u00f6\u00f6rates t\u00e4helepanu detailidele ja sisaldab kvaliteetset toorainet, milleks on alfa-lipoehape.\u00a0See on \u00fcks t\u00f5husamaid antioks\u00fcdante, mida soovitatakse mitte ainult suurenenud f\u00fc\u00fcsilise ja vaimse pingutuse perioodidel.\u00a0OstroVit ALA on \u00f5ige preparaat k\u00f5igile.<\/p>\n<p><a href=\"https:\/\/fit360.ee\/wp-content\/uploads\/2023\/04\/Ostrovit-ALA-alfa-lipoehape-fit360.ee_-800x312.jpg\"><img loading=\"lazy\" decoding=\"async\" class=\"size-medium wp-image-69929\" src=\"https:\/\/fit360.ee\/wp-content\/uploads\/2023\/04\/Ostrovit-ALA-alfa-lipoehape-fit360.ee_-800x312.jpg\" alt=\"Ostrovit ALA alfa lipoehape - fit360.ee\" width=\"800\" height=\"312\" srcset=\"https:\/\/fit360.ee\/wp-content\/uploads\/2023\/04\/Ostrovit-ALA-alfa-lipoehape-fit360.ee_-800x312.jpg 800w, https:\/\/fit360.ee\/wp-content\/uploads\/2023\/04\/Ostrovit-ALA-alfa-lipoehape-fit360.ee_-510x199.jpg 510w, https:\/\/fit360.ee\/wp-content\/uploads\/2023\/04\/Ostrovit-ALA-alfa-lipoehape-fit360.ee_-768x300.jpg 768w, https:\/\/fit360.ee\/wp-content\/uploads\/2023\/04\/Ostrovit-ALA-alfa-lipoehape-fit360.ee_.jpg 922w\" sizes=\"auto, (max-width: 800px) 100vw, 800px\" \/><\/a><\/p>\n<section class=\"cm__section\">\n<ul class=\"cm__list\">\n<li>90 portsjonit pakendis<\/li>\n<li>Piisab \u00fchest tabletist p\u00e4evas<\/li>\n<li>V\u00e4ga kontsentreeritud ALA sisaldus \u2013 590 mg portsjoni kohta<\/li>\n<li>Tugevad antioks\u00fcdantsed omadused<\/li>\n<\/ul>\n<h4 class=\"cm__heading\"><strong>OstroVit ALA &#8211; alfa-lipoehape<\/strong><\/h4>\n<p class=\"cm__text\">Alfa-lipoehape ehk l\u00fchidalt ALA on mitokondriaalne keemiline \u00fchend karboks\u00fc\u00fclhapete r\u00fchmast, mis osaleb ja soodustab energia metabolismi inimkehas.\u00a0Kuni viimase ajani peeti seda vitamiiniks, kuna arvati, et seda on v\u00f5imalik saada ainult eksogeenselt.\u00a0T\u00e4nap\u00e4eval on teada, et keha suudab seda ise s\u00fcnteesida, kuid v\u00e4ga v\u00e4ikestes annustes.\u00a0Seda leidub peamiselt lihas, kuid v\u00e4ikestes kogustes ka puu- ja k\u00f6\u00f6giviljades.\u00a0Alfa-lipoehappe lisamise peamine ja suurim eelis on selle k\u00f5rge antioks\u00fcdantide potentsiaal, t\u00e4nu millele aitab see kaasa vabade radikaalide &#8220;p\u00fchkimisele&#8221; kehast, mis kiirendavad keha vananemisprotsessi, h\u00e4vitavad DNA struktuure v\u00f5i p\u00f5hjustavad rakumembraanide peroks\u00fcdatsioon.\u00a0OstroVit ALA v\u00f5ib toetada meie ainevahetuse kiirust (ainevahetust),\u00a0mis n\u00e4itab selgelt, et ALA on ka suurep\u00e4rane salendav aine.\u00a0Toidulisandil on ka kelaativad omadused (seob raskemetalle), st see aitab organismil vabaneda soovimatutest toksiinidest ja muudest ohtlikest ainetest.<\/p>\n<h4 class=\"cm__heading\"><strong>OstroVit ALA koostisainete omadused<\/strong>:<\/h4>\n<ul class=\"cm__list\">\n<li>\u00dcks v\u00f5imsamaid antioks\u00fcdante (antioks\u00fcdante)<\/li>\n<li>See on ideaalne keharasva v\u00e4hendamiseks<\/li>\n<li>Suurendab m\u00f5nede toitainete omastamist<\/li>\n<li>Toetab mitokondrite t\u00f6\u00f6d<\/li>\n<li>See aitab kaasa keha vananemisprotsessi edasil\u00fckkamisele<\/li>\n<li>See toetab keha v\u00f5\u00f5rutusprotsesside ajal<\/li>\n<li>See toetab meie loomulikku ainevahetust<\/li>\n<li>Sellel on kelaativ toime<\/li>\n<\/ul>\n<\/section>\n<section class=\"cm__section\">\n<p class=\"cm__heading\"><strong>Laboratoorselt t\u00f5estatud kvaliteet<\/strong><\/p>\n<p class=\"cm__text --bold\">Klientide tervise p\u00e4rast muretsedes testitakse meie tooteid regulaarselt s\u00f5ltumatus akrediteeritud laboris, et tagada ja s\u00e4ilitada k\u00f5rgeim kvaliteet.<\/p>\n<p><strong>Koostisosad<\/strong>: Alfa-lipoehape (ALA), mahuaine: mikrokristalne tselluloos;\u00a0t\u00e4rklis, paakumisvastased ained: rasvhapete magneesiumisoolad, r\u00e4nidioksiid.<\/p>\n<p><strong>Kasutamine<\/strong>: Tarbi 1 portsjon (1 tablett) p\u00e4evas, eelistatavalt koos toiduga.<\/p>\n<p><strong>Suurus<\/strong>: 90 tabletti &#8211; 90 serveeringut.<\/p>\n<table>\n<tbody>\n<tr>\n<th>Aktiivsed koostisosad<\/th>\n<th>Portsjoni kohta<\/th>\n<\/tr>\n<tr>\n<td>Alfa-lipoehape (ALA)<\/td>\n<td>\u00a0590 mg<\/td>\n<\/tr>\n<\/tbody>\n<\/table>\n<p>Vaata ka meie teisi Vitamiine\/Mineraale <a href=\"https:\/\/fit360.ee\/en\/product-category\/product-groups\/vitamins-and-minerals-en\/\"><strong>SIIT<\/strong><\/a> v\u00f5i Rasvap\u00f5letajaid <a href=\"https:\/\/fit360.ee\/en\/product-category\/product-groups\/fat-burners-en\/\"><strong>SIIT<\/strong><\/a>!<\/p>\n<p>Soovid teha suuremat tellimust? Vaata antud toodet meie HULGI lehelt\u00a0<a href=\"https:\/\/toidulisandidhulgi.ee\/product\/ala-90tabs\/\"><strong>SIIT<\/strong><\/a>!<\/p>\n<\/section>\n","protected":false},"excerpt":{"rendered":"<ul class=\"cm__list\">\n<li>\u00dcks v\u00f5imsamaid antioks\u00fcdante<\/li>\n<li>See on ideaalne keharasva v\u00e4hendamiseks<\/li>\n<li>Suurendab m\u00f5nede toitainete omastamist<\/li>\n<li>Toetab mitokondrite t\u00f6\u00f6d<\/li>\n<li>See aitab kaasa keha vananemisprotsessi edasil\u00fckkamisele<\/li>\n<li>See toetab keha v\u00f5\u00f5rutusprotsesside ajal<\/li>\n<li>See toetab meie loomulikku ainevahetust<\/li>\n<li>Sellel on kelaativ toime<\/li>\n<\/ul>\n","protected":false},"featured_media":69932,"comment_status":"closed","ping_status":"closed","template":"","meta":[],"product_brand":[],"product_cat":[530,1329,2408,1454,536,1201],"product_tag":[4334,4335,1924],"giftcard-category":[],"class_list":{"0":"post-69933","1":"product","2":"type-product","3":"status-publish","4":"has-post-thumbnail","6":"product_cat-fat-burners-en","7":"product_cat-ostrovit-en","8":"product_cat-stimulant-free-fat-burners-en","9":"product_cat-superfoods-health-foods-en","10":"product_cat-vitamins-and-minerals-en","11":"product_cat-1201","12":"product_tag-ala-en","13":"product_tag-alfa-lipoehape-en","14":"product_tag-ostrovit-en","15":"pa_kogus-90-tablets","16":"pa_toidulisand-branddd-ostrovit","17":"pa_tootegruppp-stimulandivaba-en","18":"pa_tootegruppp-supertoit-tervisetoit-en","19":"pa_tootegruppp-vegan-en","20":"pa_tootegruppp-vitamins-and-minerals","21":"pa_tootegruppp-weight-loss","23":"first","24":"outofstock","25":"sale","26":"taxable","27":"shipping-taxable","28":"purchasable","29":"product-type-simple"},"yoast_head":"<!-- This site is optimized with the Yoast SEO plugin v27.3 - https:\/\/yoast.com\/product\/yoast-seo-wordpress\/ -->\n<title>ALA (90tabs) - Alfa-Lipoehape - T\u00f5estatud toime - Kiire Tarne<\/title>\n<meta name=\"description\" content=\"Alfa-lipoehape ehk l\u00fchidalt ALA on mitokondriaalne keemiline \u00fchend karboks\u00fc\u00fclhapete r\u00fchmast, mis osaleb ja soodustab energia metabolismi inimkehas.\" \/>\n<meta name=\"robots\" content=\"index, follow, max-snippet:-1, max-image-preview:large, max-video-preview:-1\" \/>\n<link rel=\"canonical\" href=\"https:\/\/fit360.ee\/en\/pood\/product-groups\/fat-burners-en\/stimulant-free-fat-burners-en\/ala-90tabs\/\" \/>\n<meta property=\"og:locale\" content=\"en_US\" \/>\n<meta property=\"og:type\" content=\"article\" \/>\n<meta property=\"og:title\" content=\"ALA (90tabs) - Alfa-Lipoehape - T\u00f5estatud toime - Kiire Tarne\" \/>\n<meta property=\"og:description\" content=\"Alfa-lipoehape ehk l\u00fchidalt ALA on mitokondriaalne keemiline \u00fchend karboks\u00fc\u00fclhapete r\u00fchmast, mis osaleb ja soodustab energia metabolismi inimkehas.\" \/>\n<meta property=\"og:url\" content=\"https:\/\/fit360.ee\/en\/pood\/product-groups\/fat-burners-en\/stimulant-free-fat-burners-en\/ala-90tabs\/\" \/>\n<meta property=\"og:site_name\" content=\"Fit360\" \/>\n<meta property=\"article:modified_time\" content=\"2026-04-09T14:57:12+00:00\" \/>\n<meta property=\"og:image\" content=\"https:\/\/fit360.ee\/wp-content\/uploads\/2023\/04\/ala-alfa-lipoehape-fit360.ee-1.png\" \/>\n\t<meta property=\"og:image:width\" content=\"450\" \/>\n\t<meta property=\"og:image:height\" content=\"450\" \/>\n\t<meta property=\"og:image:type\" content=\"image\/png\" \/>\n<meta name=\"twitter:card\" content=\"summary_large_image\" \/>\n<meta name=\"twitter:label1\" content=\"Est. reading time\" \/>\n\t<meta name=\"twitter:data1\" content=\"2 minutes\" \/>\n<script type=\"application\/ld+json\" class=\"yoast-schema-graph\">{\"@context\":\"https:\\\/\\\/schema.org\",\"@graph\":[{\"@type\":\"WebPage\",\"@id\":\"https:\\\/\\\/fit360.ee\\\/en\\\/pood\\\/product-groups\\\/fat-burners-en\\\/stimulant-free-fat-burners-en\\\/ala-90tabs\\\/\",\"url\":\"https:\\\/\\\/fit360.ee\\\/en\\\/pood\\\/product-groups\\\/fat-burners-en\\\/stimulant-free-fat-burners-en\\\/ala-90tabs\\\/\",\"name\":\"ALA (90tabs) - Alfa-Lipoehape - T\u00f5estatud toime - Kiire Tarne\",\"isPartOf\":{\"@id\":\"https:\\\/\\\/fit360.ee\\\/en\\\/#website\"},\"primaryImageOfPage\":{\"@id\":\"https:\\\/\\\/fit360.ee\\\/en\\\/pood\\\/product-groups\\\/fat-burners-en\\\/stimulant-free-fat-burners-en\\\/ala-90tabs\\\/#primaryimage\"},\"image\":{\"@id\":\"https:\\\/\\\/fit360.ee\\\/en\\\/pood\\\/product-groups\\\/fat-burners-en\\\/stimulant-free-fat-burners-en\\\/ala-90tabs\\\/#primaryimage\"},\"thumbnailUrl\":\"https:\\\/\\\/fit360.ee\\\/wp-content\\\/uploads\\\/2023\\\/04\\\/ala-alfa-lipoehape-fit360.ee-1.png\",\"datePublished\":\"2023-04-20T13:14:09+00:00\",\"dateModified\":\"2026-04-09T14:57:12+00:00\",\"description\":\"Alfa-lipoehape ehk l\u00fchidalt ALA on mitokondriaalne keemiline \u00fchend karboks\u00fc\u00fclhapete r\u00fchmast, mis osaleb ja soodustab energia metabolismi inimkehas.\",\"breadcrumb\":{\"@id\":\"https:\\\/\\\/fit360.ee\\\/en\\\/pood\\\/product-groups\\\/fat-burners-en\\\/stimulant-free-fat-burners-en\\\/ala-90tabs\\\/#breadcrumb\"},\"inLanguage\":\"en-US\",\"potentialAction\":[{\"@type\":\"ReadAction\",\"target\":[\"https:\\\/\\\/fit360.ee\\\/en\\\/pood\\\/product-groups\\\/fat-burners-en\\\/stimulant-free-fat-burners-en\\\/ala-90tabs\\\/\"]}]},{\"@type\":\"ImageObject\",\"inLanguage\":\"en-US\",\"@id\":\"https:\\\/\\\/fit360.ee\\\/en\\\/pood\\\/product-groups\\\/fat-burners-en\\\/stimulant-free-fat-burners-en\\\/ala-90tabs\\\/#primaryimage\",\"url\":\"https:\\\/\\\/fit360.ee\\\/wp-content\\\/uploads\\\/2023\\\/04\\\/ala-alfa-lipoehape-fit360.ee-1.png\",\"contentUrl\":\"https:\\\/\\\/fit360.ee\\\/wp-content\\\/uploads\\\/2023\\\/04\\\/ala-alfa-lipoehape-fit360.ee-1.png\",\"width\":450,\"height\":450,\"caption\":\"ala alfa-lipoehape - fit360.ee\"},{\"@type\":\"BreadcrumbList\",\"@id\":\"https:\\\/\\\/fit360.ee\\\/en\\\/pood\\\/product-groups\\\/fat-burners-en\\\/stimulant-free-fat-burners-en\\\/ala-90tabs\\\/#breadcrumb\",\"itemListElement\":[{\"@type\":\"ListItem\",\"position\":1,\"name\":\"Home\",\"item\":\"https:\\\/\\\/fit360.ee\\\/en\\\/\"},{\"@type\":\"ListItem\",\"position\":2,\"name\":\"Shop\",\"item\":\"https:\\\/\\\/fit360.ee\\\/en\\\/shop\\\/\"},{\"@type\":\"ListItem\",\"position\":3,\"name\":\"ALA (90tabs)\"}]},{\"@type\":\"WebSite\",\"@id\":\"https:\\\/\\\/fit360.ee\\\/en\\\/#website\",\"url\":\"https:\\\/\\\/fit360.ee\\\/en\\\/\",\"name\":\"Fit360\",\"description\":\"\",\"publisher\":{\"@id\":\"https:\\\/\\\/fit360.ee\\\/en\\\/#organization\"},\"potentialAction\":[{\"@type\":\"SearchAction\",\"target\":{\"@type\":\"EntryPoint\",\"urlTemplate\":\"https:\\\/\\\/fit360.ee\\\/en\\\/?s={search_term_string}\"},\"query-input\":{\"@type\":\"PropertyValueSpecification\",\"valueRequired\":true,\"valueName\":\"search_term_string\"}}],\"inLanguage\":\"en-US\"},{\"@type\":\"Organization\",\"@id\":\"https:\\\/\\\/fit360.ee\\\/en\\\/#organization\",\"name\":\"Fit360\",\"url\":\"https:\\\/\\\/fit360.ee\\\/en\\\/\",\"logo\":{\"@type\":\"ImageObject\",\"inLanguage\":\"en-US\",\"@id\":\"https:\\\/\\\/fit360.ee\\\/en\\\/#\\\/schema\\\/logo\\\/image\\\/\",\"url\":\"https:\\\/\\\/fit360.ee\\\/wp-content\\\/uploads\\\/2017\\\/01\\\/logo-fit360.png\",\"contentUrl\":\"https:\\\/\\\/fit360.ee\\\/wp-content\\\/uploads\\\/2017\\\/01\\\/logo-fit360.png\",\"width\":180,\"height\":66,\"caption\":\"Fit360\"},\"image\":{\"@id\":\"https:\\\/\\\/fit360.ee\\\/en\\\/#\\\/schema\\\/logo\\\/image\\\/\"}}]}<\/script>\n<!-- \/ Yoast SEO plugin. -->","yoast_head_json":{"title":"ALA (90tabs) - Alfa-Lipoehape - T\u00f5estatud toime - Kiire Tarne","description":"Alfa-lipoehape ehk l\u00fchidalt ALA on mitokondriaalne keemiline \u00fchend karboks\u00fc\u00fclhapete r\u00fchmast, mis osaleb ja soodustab energia metabolismi inimkehas.","robots":{"index":"index","follow":"follow","max-snippet":"max-snippet:-1","max-image-preview":"max-image-preview:large","max-video-preview":"max-video-preview:-1"},"canonical":"https:\/\/fit360.ee\/en\/pood\/product-groups\/fat-burners-en\/stimulant-free-fat-burners-en\/ala-90tabs\/","og_locale":"en_US","og_type":"article","og_title":"ALA (90tabs) - Alfa-Lipoehape - T\u00f5estatud toime - Kiire Tarne","og_description":"Alfa-lipoehape ehk l\u00fchidalt ALA on mitokondriaalne keemiline \u00fchend karboks\u00fc\u00fclhapete r\u00fchmast, mis osaleb ja soodustab energia metabolismi inimkehas.","og_url":"https:\/\/fit360.ee\/en\/pood\/product-groups\/fat-burners-en\/stimulant-free-fat-burners-en\/ala-90tabs\/","og_site_name":"Fit360","article_modified_time":"2026-04-09T14:57:12+00:00","og_image":[{"width":450,"height":450,"url":"https:\/\/fit360.ee\/wp-content\/uploads\/2023\/04\/ala-alfa-lipoehape-fit360.ee-1.png","type":"image\/png"}],"twitter_card":"summary_large_image","twitter_misc":{"Est. reading time":"2 minutes"},"schema":{"@context":"https:\/\/schema.org","@graph":[{"@type":"WebPage","@id":"https:\/\/fit360.ee\/en\/pood\/product-groups\/fat-burners-en\/stimulant-free-fat-burners-en\/ala-90tabs\/","url":"https:\/\/fit360.ee\/en\/pood\/product-groups\/fat-burners-en\/stimulant-free-fat-burners-en\/ala-90tabs\/","name":"ALA (90tabs) - Alfa-Lipoehape - T\u00f5estatud toime - Kiire Tarne","isPartOf":{"@id":"https:\/\/fit360.ee\/en\/#website"},"primaryImageOfPage":{"@id":"https:\/\/fit360.ee\/en\/pood\/product-groups\/fat-burners-en\/stimulant-free-fat-burners-en\/ala-90tabs\/#primaryimage"},"image":{"@id":"https:\/\/fit360.ee\/en\/pood\/product-groups\/fat-burners-en\/stimulant-free-fat-burners-en\/ala-90tabs\/#primaryimage"},"thumbnailUrl":"https:\/\/fit360.ee\/wp-content\/uploads\/2023\/04\/ala-alfa-lipoehape-fit360.ee-1.png","datePublished":"2023-04-20T13:14:09+00:00","dateModified":"2026-04-09T14:57:12+00:00","description":"Alfa-lipoehape ehk l\u00fchidalt ALA on mitokondriaalne keemiline \u00fchend karboks\u00fc\u00fclhapete r\u00fchmast, mis osaleb ja soodustab energia metabolismi inimkehas.","breadcrumb":{"@id":"https:\/\/fit360.ee\/en\/pood\/product-groups\/fat-burners-en\/stimulant-free-fat-burners-en\/ala-90tabs\/#breadcrumb"},"inLanguage":"en-US","potentialAction":[{"@type":"ReadAction","target":["https:\/\/fit360.ee\/en\/pood\/product-groups\/fat-burners-en\/stimulant-free-fat-burners-en\/ala-90tabs\/"]}]},{"@type":"ImageObject","inLanguage":"en-US","@id":"https:\/\/fit360.ee\/en\/pood\/product-groups\/fat-burners-en\/stimulant-free-fat-burners-en\/ala-90tabs\/#primaryimage","url":"https:\/\/fit360.ee\/wp-content\/uploads\/2023\/04\/ala-alfa-lipoehape-fit360.ee-1.png","contentUrl":"https:\/\/fit360.ee\/wp-content\/uploads\/2023\/04\/ala-alfa-lipoehape-fit360.ee-1.png","width":450,"height":450,"caption":"ala alfa-lipoehape - fit360.ee"},{"@type":"BreadcrumbList","@id":"https:\/\/fit360.ee\/en\/pood\/product-groups\/fat-burners-en\/stimulant-free-fat-burners-en\/ala-90tabs\/#breadcrumb","itemListElement":[{"@type":"ListItem","position":1,"name":"Home","item":"https:\/\/fit360.ee\/en\/"},{"@type":"ListItem","position":2,"name":"Shop","item":"https:\/\/fit360.ee\/en\/shop\/"},{"@type":"ListItem","position":3,"name":"ALA (90tabs)"}]},{"@type":"WebSite","@id":"https:\/\/fit360.ee\/en\/#website","url":"https:\/\/fit360.ee\/en\/","name":"Fit360","description":"","publisher":{"@id":"https:\/\/fit360.ee\/en\/#organization"},"potentialAction":[{"@type":"SearchAction","target":{"@type":"EntryPoint","urlTemplate":"https:\/\/fit360.ee\/en\/?s={search_term_string}"},"query-input":{"@type":"PropertyValueSpecification","valueRequired":true,"valueName":"search_term_string"}}],"inLanguage":"en-US"},{"@type":"Organization","@id":"https:\/\/fit360.ee\/en\/#organization","name":"Fit360","url":"https:\/\/fit360.ee\/en\/","logo":{"@type":"ImageObject","inLanguage":"en-US","@id":"https:\/\/fit360.ee\/en\/#\/schema\/logo\/image\/","url":"https:\/\/fit360.ee\/wp-content\/uploads\/2017\/01\/logo-fit360.png","contentUrl":"https:\/\/fit360.ee\/wp-content\/uploads\/2017\/01\/logo-fit360.png","width":180,"height":66,"caption":"Fit360"},"image":{"@id":"https:\/\/fit360.ee\/en\/#\/schema\/logo\/image\/"}}]}},"_links":{"self":[{"href":"https:\/\/fit360.ee\/en\/wp-json\/wp\/v2\/product\/69933","targetHints":{"allow":["GET"]}}],"collection":[{"href":"https:\/\/fit360.ee\/en\/wp-json\/wp\/v2\/product"}],"about":[{"href":"https:\/\/fit360.ee\/en\/wp-json\/wp\/v2\/types\/product"}],"replies":[{"embeddable":true,"href":"https:\/\/fit360.ee\/en\/wp-json\/wp\/v2\/comments?post=69933"}],"wp:featuredmedia":[{"embeddable":true,"href":"https:\/\/fit360.ee\/en\/wp-json\/wp\/v2\/media\/69932"}],"wp:attachment":[{"href":"https:\/\/fit360.ee\/en\/wp-json\/wp\/v2\/media?parent=69933"}],"wp:term":[{"taxonomy":"product_brand","embeddable":true,"href":"https:\/\/fit360.ee\/en\/wp-json\/wp\/v2\/product_brand?post=69933"},{"taxonomy":"product_cat","embeddable":true,"href":"https:\/\/fit360.ee\/en\/wp-json\/wp\/v2\/product_cat?post=69933"},{"taxonomy":"product_tag","embeddable":true,"href":"https:\/\/fit360.ee\/en\/wp-json\/wp\/v2\/product_tag?post=69933"},{"taxonomy":"giftcard-category","embeddable":true,"href":"https:\/\/fit360.ee\/en\/wp-json\/wp\/v2\/giftcard-category?post=69933"}],"curies":[{"name":"wp","href":"https:\/\/api.w.org\/{rel}","templated":true}]}}