{"id":69945,"date":"2023-04-20T16:21:26","date_gmt":"2023-04-20T14:21:26","guid":{"rendered":"https:\/\/fit360.ee\/pood\/uncategorized\/kaalium-90tabs\/"},"modified":"2025-08-13T07:38:02","modified_gmt":"2025-08-13T05:38:02","slug":"kaalium-90tabs","status":"publish","type":"product","link":"https:\/\/fit360.ee\/en\/pood\/product-groups\/vitamins-and-minerals-en\/potassium-en\/kaalium-90tabs\/","title":{"rendered":"Kaalium (90tabs)"},"content":{"rendered":"<h2><strong>Kaalium<\/strong><\/h2>\n<p>OstroVit Kaalium on toidulisand, mis sisaldab kaaliumi, mis on v\u00e4\u00e4rtuslik mikroelement ja elektrol\u00fc\u00fct, mis reguleerib organismi t\u00f6\u00f6d. Puuduse negatiivsete tagaj\u00e4rgede v\u00e4ltimiseks tasub kasutada toidulisandit Kaalium.\u00a0See sisaldab kvaliteetset kaaliumi tsitraadi kujul, mida iseloomustab hea biosaadavus.<\/p>\n<p><a href=\"https:\/\/fit360.ee\/wp-content\/uploads\/2023\/04\/kaalium-toidulisand-fit360.ee-1-800x312.jpg\"><img loading=\"lazy\" decoding=\"async\" class=\"size-medium wp-image-69941\" src=\"https:\/\/fit360.ee\/wp-content\/uploads\/2023\/04\/kaalium-toidulisand-fit360.ee-1-800x312.jpg\" alt=\"kaalium toidulisand - fit360.ee\" width=\"800\" height=\"312\" srcset=\"https:\/\/fit360.ee\/wp-content\/uploads\/2023\/04\/kaalium-toidulisand-fit360.ee-1-800x312.jpg 800w, https:\/\/fit360.ee\/wp-content\/uploads\/2023\/04\/kaalium-toidulisand-fit360.ee-1-510x199.jpg 510w, https:\/\/fit360.ee\/wp-content\/uploads\/2023\/04\/kaalium-toidulisand-fit360.ee-1-768x300.jpg 768w, https:\/\/fit360.ee\/wp-content\/uploads\/2023\/04\/kaalium-toidulisand-fit360.ee-1.jpg 922w\" sizes=\"auto, (max-width: 800px) 100vw, 800px\" \/><\/a><\/p>\n<section class=\"cm__section\">\n<ul class=\"cm__list\">\n<li>1 portsjon = 3 tabletti<\/li>\n<li>Portsjonite arv pakendis: 30<\/li>\n<li>Pakendi sisu: 90 tabletti<\/li>\n<li>Toote pakendist piisab \u00fcheks kuuks toidulisandiks<\/li>\n<li>1050 mg kaaliumi portsjoni kohta<\/li>\n<\/ul>\n<h4 class=\"cm__heading\"><strong>OstroVit Kaalium<\/strong><\/h4>\n<p class=\"cm__text\">Kaalium on\u00a0elut\u00e4htis\u00a0mineraal\u00a0 Vajalik s\u00fcdame ja neerude n\u00f5uetekohaseks toimimiseks.\u00a0Seda v\u00f5ib leida peaaegu k\u00f5igist toitudest.\u00a0Selle suurt annust leidub rohelistes, lehtk\u00f6\u00f6giviljades, puuviljades, kaunviljades ja kalas.\u00a0Kaaliumirikas dieet reguleerib mehhanisme, mis m\u00f5jutavad keha n\u00f5uetekohast toimimist.\u00a0Sellel on kasulik m\u00f5ju vereringes\u00fcsteemile, veresoontele, samuti aitab see stabiliseerida verer\u00f5hku.\u00a0Kaalium on ka elektrol\u00fc\u00fct, mis tasakaalustab t\u00f5husalt naatriumirikast dieeti.\u00a0See m\u00f5jutab lihaste t\u00f6\u00f6d, energiataset ja vaimset seisundit.<\/p>\n<h4 class=\"cm__heading\"><strong>Kaaliumi puudus organismis<\/strong><\/h4>\n<p class=\"cm__text\">Keha kaaliumi puuduse p\u00f5hjuseid on palju. Seda v\u00f5ivad m\u00f5jutada intensiivne ps\u00fchhof\u00fc\u00fcsiline pingutus, pikaajaline stress, eba\u00f5igesti tasakaalustatud toitumine, range v\u00e4hendamisdieetide kasutamine, aga ka liigne soola, maiustuste s\u00f6\u00f6mine ning suures koguses kohvi v\u00f5i alkoholi joomine.\u00a0Kaaliumipuudusega\u00a0vaevlevad inimesed\u00a0kaebavad k\u00f5ige sagedamini kroonilise v\u00e4simuse, kontrollimatute lihaskontraktsioonide v\u00f5i, vastupidi, stiimulile reageerimise n\u00f5rgenemise \u00fcle.\u00a0Puuduse s\u00fcmptomiks on ka verer\u00f5hu t\u00f5us, samuti ala- ja \u00fclemiste j\u00e4semete tursed.\u00a0Kaaliumi sisalduse langus organismis toimub k\u00f5ige sagedamini kuuma ilmaga, mil organism kaotab kaaliumi koos higieritusega.<\/p>\n<h4 class=\"cm__heading\"><strong>OstroVit Potassiumis sisalduvate koostisosade omadused<\/strong>:<\/h4>\n<ul class=\"cm__list\">\n<li>Ideaalne tugi n\u00e4rvis\u00fcsteemile<\/li>\n<li>See v\u00f5ib aidata reguleerida keha veemajandust<\/li>\n<li>See v\u00f5ib aidata reguleerida f\u00fcsioloogilist survet<\/li>\n<li>V\u00f5ib aidata reguleerida teie pulssi<\/li>\n<li>Vajalik elektrol\u00fc\u00fct kehale<\/li>\n<\/ul>\n<\/section>\n<section class=\"cm__section\">\n<div class=\"cm__heading\"><strong>Laboratoorselt t\u00f5estatud kvaliteet<\/strong><\/div>\n<p class=\"cm__text --bold\">Klientide tervise p\u00e4rast muretsedes testitakse meie tooteid regulaarselt s\u00f5ltumatus akrediteeritud laboris, et tagada ja s\u00e4ilitada k\u00f5rgeim kvaliteet.<\/p>\n<p><strong>Koostisosad<\/strong>: Kaaliumtsitraat (kaalium), mahuaine: mikrokristalne tselluloos;\u00a0t\u00e4rklis, paakumisvastased ained: rasvhapete magneesiumisoolad, r\u00e4nidioksiid.<\/p>\n<p><strong>Kasutamine<\/strong>: V\u00f5tke 1 portsjon (3 tabletti) p\u00e4evas enne esimest s\u00f6\u00f6gikorda.<\/p>\n<p><strong>Suurus<\/strong>: 90 tabletti.<\/p>\n<table>\n<tbody>\n<tr>\n<th>Aktiivsed koostisosad<\/th>\n<th>Portsjoni kohta (3 tabletti)<\/th>\n<th>% SPK*<\/th>\n<\/tr>\n<tr>\n<td>Kaalium<\/td>\n<td>\u00a01050 mg<\/td>\n<td>53<\/td>\n<\/tr>\n<\/tbody>\n<\/table>\n<p>*SPK- Soovitatud p\u00e4evane kogus<\/p>\n<p>Vaata ka meie teisi Kaaliume <a href=\"https:\/\/fit360.ee\/en\/product-category\/product-groups\/vitamins-and-minerals-en\/potassium-en\/\"><strong>SIIT<\/strong><\/a> v\u00f5i Mineraale <a href=\"https:\/\/fit360.ee\/en\/product-category\/product-groups\/vitamins-and-minerals-en\/\"><strong>SIIT<\/strong><\/a>!<\/p>\n<p>Soovid teha suuremat tellimust? Vaata antud toodet meie HULGI lehelt\u00a0<a href=\"https:\/\/toidulisandidhulgi.ee\/product\/kaalium-90tabs\/\"><strong>SIIT<\/strong><\/a>!<\/p>\n<\/section>\n","protected":false},"excerpt":{"rendered":"<ul class=\"cm__list\">\n<li>Ideaalne tugi n\u00e4rvis\u00fcsteemile<\/li>\n<li>See v\u00f5ib aidata reguleerida keha veemajandust<\/li>\n<li>See v\u00f5ib aidata reguleerida f\u00fcsioloogilist survet<\/li>\n<li>V\u00f5ib aidata reguleerida teie pulssi<\/li>\n<li>Vajalik elektrol\u00fc\u00fct kehale<\/li>\n<\/ul>\n","protected":false},"featured_media":84601,"comment_status":"closed","ping_status":"closed","template":"","meta":[],"product_brand":[],"product_cat":[1329,2271,536],"product_tag":[2185,1924,2186],"giftcard-category":[],"class_list":{"0":"post-69945","1":"product","2":"type-product","3":"status-publish","4":"has-post-thumbnail","6":"product_cat-ostrovit-en","7":"product_cat-potassium-en","8":"product_cat-vitamins-and-minerals-en","9":"product_tag-kaalium-en","10":"product_tag-ostrovit-en","11":"product_tag-potassium-en","12":"pa_kogus-90-tablets","13":"pa_toidulisand-branddd-ostrovit","14":"pa_tootegruppp-kaalium-en","15":"pa_tootegruppp-vitamins-and-minerals","17":"first","18":"outofstock","19":"sale","20":"taxable","21":"shipping-taxable","22":"purchasable","23":"product-type-simple"},"yoast_head":"<!-- This site is optimized with the Yoast SEO plugin v27.3 - https:\/\/yoast.com\/product\/yoast-seo-wordpress\/ -->\n<title>Kaalium (90tabs) - Potassium - Vajalik organismile - Kiire Tarne<\/title>\n<meta name=\"description\" content=\"Kaalium on\u00a0elut\u00e4htis\u00a0mineraal\u00a0 Vajalik s\u00fcdame ja neerude n\u00f5uetekohaseks toimimiseks.\u00a0Seda v\u00f5ib leida peaaegu k\u00f5igist toitudest, kuid mitte...\" \/>\n<meta name=\"robots\" content=\"index, follow, max-snippet:-1, max-image-preview:large, max-video-preview:-1\" \/>\n<link rel=\"canonical\" href=\"https:\/\/fit360.ee\/en\/pood\/product-groups\/vitamins-and-minerals-en\/potassium-en\/kaalium-90tabs\/\" \/>\n<meta property=\"og:locale\" content=\"en_US\" \/>\n<meta property=\"og:type\" content=\"article\" \/>\n<meta property=\"og:title\" content=\"Kaalium (90tabs) - Potassium - Vajalik organismile - Kiire Tarne\" \/>\n<meta property=\"og:description\" content=\"Kaalium on\u00a0elut\u00e4htis\u00a0mineraal\u00a0 Vajalik s\u00fcdame ja neerude n\u00f5uetekohaseks toimimiseks.\u00a0Seda v\u00f5ib leida peaaegu k\u00f5igist toitudest, kuid mitte...\" \/>\n<meta property=\"og:url\" content=\"https:\/\/fit360.ee\/en\/pood\/product-groups\/vitamins-and-minerals-en\/potassium-en\/kaalium-90tabs\/\" \/>\n<meta property=\"og:site_name\" content=\"Fit360\" \/>\n<meta property=\"article:modified_time\" content=\"2025-08-13T05:38:02+00:00\" \/>\n<meta property=\"og:image\" content=\"https:\/\/fit360.ee\/wp-content\/uploads\/2023\/04\/kaalium-potassium-kaaliumi-tabletid-fit360.ee_.png\" \/>\n\t<meta property=\"og:image:width\" content=\"450\" \/>\n\t<meta property=\"og:image:height\" content=\"450\" \/>\n\t<meta property=\"og:image:type\" content=\"image\/png\" \/>\n<meta name=\"twitter:card\" content=\"summary_large_image\" \/>\n<meta name=\"twitter:label1\" content=\"Est. reading time\" \/>\n\t<meta name=\"twitter:data1\" content=\"2 minutes\" \/>\n<script type=\"application\/ld+json\" class=\"yoast-schema-graph\">{\"@context\":\"https:\\\/\\\/schema.org\",\"@graph\":[{\"@type\":\"WebPage\",\"@id\":\"https:\\\/\\\/fit360.ee\\\/en\\\/pood\\\/product-groups\\\/vitamins-and-minerals-en\\\/potassium-en\\\/kaalium-90tabs\\\/\",\"url\":\"https:\\\/\\\/fit360.ee\\\/en\\\/pood\\\/product-groups\\\/vitamins-and-minerals-en\\\/potassium-en\\\/kaalium-90tabs\\\/\",\"name\":\"Kaalium (90tabs) - Potassium - Vajalik organismile - Kiire Tarne\",\"isPartOf\":{\"@id\":\"https:\\\/\\\/fit360.ee\\\/en\\\/#website\"},\"primaryImageOfPage\":{\"@id\":\"https:\\\/\\\/fit360.ee\\\/en\\\/pood\\\/product-groups\\\/vitamins-and-minerals-en\\\/potassium-en\\\/kaalium-90tabs\\\/#primaryimage\"},\"image\":{\"@id\":\"https:\\\/\\\/fit360.ee\\\/en\\\/pood\\\/product-groups\\\/vitamins-and-minerals-en\\\/potassium-en\\\/kaalium-90tabs\\\/#primaryimage\"},\"thumbnailUrl\":\"https:\\\/\\\/fit360.ee\\\/wp-content\\\/uploads\\\/2023\\\/04\\\/kaalium-potassium-kaaliumi-tabletid-fit360.ee_.png\",\"datePublished\":\"2023-04-20T14:21:26+00:00\",\"dateModified\":\"2025-08-13T05:38:02+00:00\",\"description\":\"Kaalium on\u00a0elut\u00e4htis\u00a0mineraal\u00a0 Vajalik s\u00fcdame ja neerude n\u00f5uetekohaseks toimimiseks.\u00a0Seda v\u00f5ib leida peaaegu k\u00f5igist toitudest, kuid mitte...\",\"breadcrumb\":{\"@id\":\"https:\\\/\\\/fit360.ee\\\/en\\\/pood\\\/product-groups\\\/vitamins-and-minerals-en\\\/potassium-en\\\/kaalium-90tabs\\\/#breadcrumb\"},\"inLanguage\":\"en-US\",\"potentialAction\":[{\"@type\":\"ReadAction\",\"target\":[\"https:\\\/\\\/fit360.ee\\\/en\\\/pood\\\/product-groups\\\/vitamins-and-minerals-en\\\/potassium-en\\\/kaalium-90tabs\\\/\"]}]},{\"@type\":\"ImageObject\",\"inLanguage\":\"en-US\",\"@id\":\"https:\\\/\\\/fit360.ee\\\/en\\\/pood\\\/product-groups\\\/vitamins-and-minerals-en\\\/potassium-en\\\/kaalium-90tabs\\\/#primaryimage\",\"url\":\"https:\\\/\\\/fit360.ee\\\/wp-content\\\/uploads\\\/2023\\\/04\\\/kaalium-potassium-kaaliumi-tabletid-fit360.ee_.png\",\"contentUrl\":\"https:\\\/\\\/fit360.ee\\\/wp-content\\\/uploads\\\/2023\\\/04\\\/kaalium-potassium-kaaliumi-tabletid-fit360.ee_.png\",\"width\":450,\"height\":450,\"caption\":\"kaalium potassium kaaliumi tabletid - fit360.ee\"},{\"@type\":\"BreadcrumbList\",\"@id\":\"https:\\\/\\\/fit360.ee\\\/en\\\/pood\\\/product-groups\\\/vitamins-and-minerals-en\\\/potassium-en\\\/kaalium-90tabs\\\/#breadcrumb\",\"itemListElement\":[{\"@type\":\"ListItem\",\"position\":1,\"name\":\"Home\",\"item\":\"https:\\\/\\\/fit360.ee\\\/en\\\/\"},{\"@type\":\"ListItem\",\"position\":2,\"name\":\"Shop\",\"item\":\"https:\\\/\\\/fit360.ee\\\/en\\\/shop\\\/\"},{\"@type\":\"ListItem\",\"position\":3,\"name\":\"Kaalium (90tabs)\"}]},{\"@type\":\"WebSite\",\"@id\":\"https:\\\/\\\/fit360.ee\\\/en\\\/#website\",\"url\":\"https:\\\/\\\/fit360.ee\\\/en\\\/\",\"name\":\"Fit360\",\"description\":\"\",\"publisher\":{\"@id\":\"https:\\\/\\\/fit360.ee\\\/en\\\/#organization\"},\"potentialAction\":[{\"@type\":\"SearchAction\",\"target\":{\"@type\":\"EntryPoint\",\"urlTemplate\":\"https:\\\/\\\/fit360.ee\\\/en\\\/?s={search_term_string}\"},\"query-input\":{\"@type\":\"PropertyValueSpecification\",\"valueRequired\":true,\"valueName\":\"search_term_string\"}}],\"inLanguage\":\"en-US\"},{\"@type\":\"Organization\",\"@id\":\"https:\\\/\\\/fit360.ee\\\/en\\\/#organization\",\"name\":\"Fit360\",\"url\":\"https:\\\/\\\/fit360.ee\\\/en\\\/\",\"logo\":{\"@type\":\"ImageObject\",\"inLanguage\":\"en-US\",\"@id\":\"https:\\\/\\\/fit360.ee\\\/en\\\/#\\\/schema\\\/logo\\\/image\\\/\",\"url\":\"https:\\\/\\\/fit360.ee\\\/wp-content\\\/uploads\\\/2017\\\/01\\\/logo-fit360.png\",\"contentUrl\":\"https:\\\/\\\/fit360.ee\\\/wp-content\\\/uploads\\\/2017\\\/01\\\/logo-fit360.png\",\"width\":180,\"height\":66,\"caption\":\"Fit360\"},\"image\":{\"@id\":\"https:\\\/\\\/fit360.ee\\\/en\\\/#\\\/schema\\\/logo\\\/image\\\/\"}}]}<\/script>\n<!-- \/ Yoast SEO plugin. -->","yoast_head_json":{"title":"Kaalium (90tabs) - Potassium - Vajalik organismile - Kiire Tarne","description":"Kaalium on\u00a0elut\u00e4htis\u00a0mineraal\u00a0 Vajalik s\u00fcdame ja neerude n\u00f5uetekohaseks toimimiseks.\u00a0Seda v\u00f5ib leida peaaegu k\u00f5igist toitudest, kuid mitte...","robots":{"index":"index","follow":"follow","max-snippet":"max-snippet:-1","max-image-preview":"max-image-preview:large","max-video-preview":"max-video-preview:-1"},"canonical":"https:\/\/fit360.ee\/en\/pood\/product-groups\/vitamins-and-minerals-en\/potassium-en\/kaalium-90tabs\/","og_locale":"en_US","og_type":"article","og_title":"Kaalium (90tabs) - Potassium - Vajalik organismile - Kiire Tarne","og_description":"Kaalium on\u00a0elut\u00e4htis\u00a0mineraal\u00a0 Vajalik s\u00fcdame ja neerude n\u00f5uetekohaseks toimimiseks.\u00a0Seda v\u00f5ib leida peaaegu k\u00f5igist toitudest, kuid mitte...","og_url":"https:\/\/fit360.ee\/en\/pood\/product-groups\/vitamins-and-minerals-en\/potassium-en\/kaalium-90tabs\/","og_site_name":"Fit360","article_modified_time":"2025-08-13T05:38:02+00:00","og_image":[{"width":450,"height":450,"url":"https:\/\/fit360.ee\/wp-content\/uploads\/2023\/04\/kaalium-potassium-kaaliumi-tabletid-fit360.ee_.png","type":"image\/png"}],"twitter_card":"summary_large_image","twitter_misc":{"Est. reading time":"2 minutes"},"schema":{"@context":"https:\/\/schema.org","@graph":[{"@type":"WebPage","@id":"https:\/\/fit360.ee\/en\/pood\/product-groups\/vitamins-and-minerals-en\/potassium-en\/kaalium-90tabs\/","url":"https:\/\/fit360.ee\/en\/pood\/product-groups\/vitamins-and-minerals-en\/potassium-en\/kaalium-90tabs\/","name":"Kaalium (90tabs) - Potassium - Vajalik organismile - Kiire Tarne","isPartOf":{"@id":"https:\/\/fit360.ee\/en\/#website"},"primaryImageOfPage":{"@id":"https:\/\/fit360.ee\/en\/pood\/product-groups\/vitamins-and-minerals-en\/potassium-en\/kaalium-90tabs\/#primaryimage"},"image":{"@id":"https:\/\/fit360.ee\/en\/pood\/product-groups\/vitamins-and-minerals-en\/potassium-en\/kaalium-90tabs\/#primaryimage"},"thumbnailUrl":"https:\/\/fit360.ee\/wp-content\/uploads\/2023\/04\/kaalium-potassium-kaaliumi-tabletid-fit360.ee_.png","datePublished":"2023-04-20T14:21:26+00:00","dateModified":"2025-08-13T05:38:02+00:00","description":"Kaalium on\u00a0elut\u00e4htis\u00a0mineraal\u00a0 Vajalik s\u00fcdame ja neerude n\u00f5uetekohaseks toimimiseks.\u00a0Seda v\u00f5ib leida peaaegu k\u00f5igist toitudest, kuid mitte...","breadcrumb":{"@id":"https:\/\/fit360.ee\/en\/pood\/product-groups\/vitamins-and-minerals-en\/potassium-en\/kaalium-90tabs\/#breadcrumb"},"inLanguage":"en-US","potentialAction":[{"@type":"ReadAction","target":["https:\/\/fit360.ee\/en\/pood\/product-groups\/vitamins-and-minerals-en\/potassium-en\/kaalium-90tabs\/"]}]},{"@type":"ImageObject","inLanguage":"en-US","@id":"https:\/\/fit360.ee\/en\/pood\/product-groups\/vitamins-and-minerals-en\/potassium-en\/kaalium-90tabs\/#primaryimage","url":"https:\/\/fit360.ee\/wp-content\/uploads\/2023\/04\/kaalium-potassium-kaaliumi-tabletid-fit360.ee_.png","contentUrl":"https:\/\/fit360.ee\/wp-content\/uploads\/2023\/04\/kaalium-potassium-kaaliumi-tabletid-fit360.ee_.png","width":450,"height":450,"caption":"kaalium potassium kaaliumi tabletid - fit360.ee"},{"@type":"BreadcrumbList","@id":"https:\/\/fit360.ee\/en\/pood\/product-groups\/vitamins-and-minerals-en\/potassium-en\/kaalium-90tabs\/#breadcrumb","itemListElement":[{"@type":"ListItem","position":1,"name":"Home","item":"https:\/\/fit360.ee\/en\/"},{"@type":"ListItem","position":2,"name":"Shop","item":"https:\/\/fit360.ee\/en\/shop\/"},{"@type":"ListItem","position":3,"name":"Kaalium (90tabs)"}]},{"@type":"WebSite","@id":"https:\/\/fit360.ee\/en\/#website","url":"https:\/\/fit360.ee\/en\/","name":"Fit360","description":"","publisher":{"@id":"https:\/\/fit360.ee\/en\/#organization"},"potentialAction":[{"@type":"SearchAction","target":{"@type":"EntryPoint","urlTemplate":"https:\/\/fit360.ee\/en\/?s={search_term_string}"},"query-input":{"@type":"PropertyValueSpecification","valueRequired":true,"valueName":"search_term_string"}}],"inLanguage":"en-US"},{"@type":"Organization","@id":"https:\/\/fit360.ee\/en\/#organization","name":"Fit360","url":"https:\/\/fit360.ee\/en\/","logo":{"@type":"ImageObject","inLanguage":"en-US","@id":"https:\/\/fit360.ee\/en\/#\/schema\/logo\/image\/","url":"https:\/\/fit360.ee\/wp-content\/uploads\/2017\/01\/logo-fit360.png","contentUrl":"https:\/\/fit360.ee\/wp-content\/uploads\/2017\/01\/logo-fit360.png","width":180,"height":66,"caption":"Fit360"},"image":{"@id":"https:\/\/fit360.ee\/en\/#\/schema\/logo\/image\/"}}]}},"_links":{"self":[{"href":"https:\/\/fit360.ee\/en\/wp-json\/wp\/v2\/product\/69945","targetHints":{"allow":["GET"]}}],"collection":[{"href":"https:\/\/fit360.ee\/en\/wp-json\/wp\/v2\/product"}],"about":[{"href":"https:\/\/fit360.ee\/en\/wp-json\/wp\/v2\/types\/product"}],"replies":[{"embeddable":true,"href":"https:\/\/fit360.ee\/en\/wp-json\/wp\/v2\/comments?post=69945"}],"wp:featuredmedia":[{"embeddable":true,"href":"https:\/\/fit360.ee\/en\/wp-json\/wp\/v2\/media\/84601"}],"wp:attachment":[{"href":"https:\/\/fit360.ee\/en\/wp-json\/wp\/v2\/media?parent=69945"}],"wp:term":[{"taxonomy":"product_brand","embeddable":true,"href":"https:\/\/fit360.ee\/en\/wp-json\/wp\/v2\/product_brand?post=69945"},{"taxonomy":"product_cat","embeddable":true,"href":"https:\/\/fit360.ee\/en\/wp-json\/wp\/v2\/product_cat?post=69945"},{"taxonomy":"product_tag","embeddable":true,"href":"https:\/\/fit360.ee\/en\/wp-json\/wp\/v2\/product_tag?post=69945"},{"taxonomy":"giftcard-category","embeddable":true,"href":"https:\/\/fit360.ee\/en\/wp-json\/wp\/v2\/giftcard-category?post=69945"}],"curies":[{"name":"wp","href":"https:\/\/api.w.org\/{rel}","templated":true}]}}