{"id":70548,"date":"2023-05-23T20:23:55","date_gmt":"2023-05-23T18:23:55","guid":{"rendered":"https:\/\/fit360.ee\/?post_type=product&#038;p=70548"},"modified":"2025-08-19T08:56:14","modified_gmt":"2025-08-19T06:56:14","slug":"ostrovit-creatine-supreme-400caps","status":"publish","type":"product","link":"https:\/\/fit360.ee\/en\/pood\/product-groups\/creatine-en\/creatine-monohydrate-en\/ostrovit-creatine-supreme-400caps\/","title":{"rendered":"Ostrovit Creatine Supreme 1100mg kapslid (400caps)"},"content":{"rendered":"<h1><strong>Ostrovit Creatine<\/strong><\/h1>\n<p>OstroVit Creatine 3300mg Supreme Capsules\u00a0 on tippklassi \u00fchekomponentne kreatiinmonoh\u00fcdraadi lisand, millel on suurep\u00e4rane farmatseutiline mikroniseerituse tase. Kreatiin on laialt tuntud ja kasutatav toidulisand. Selle t\u00f5husust on kinnitanud arvukad teaduslikud uuringud. See tagab parema lihaskoe kasvu, t\u00f5husa regenereerimise ja energia pikemaks, t\u00f5husamaks ja raskemaks treenimiseks.<\/p>\n<ul>\n<li>Pakendis 400 kapslit<\/li>\n<li>133 serveeringut<\/li>\n<li>1 portsjon = 3 kapslit<\/li>\n<\/ul>\n<p><a href=\"https:\/\/fit360.ee\/wp-content\/uploads\/2023\/05\/kreatiini-kapslid-fit360.ee_-800x312.jpg\"><img loading=\"lazy\" decoding=\"async\" class=\"size-medium wp-image-70549\" src=\"https:\/\/fit360.ee\/wp-content\/uploads\/2023\/05\/kreatiini-kapslid-fit360.ee_-800x312.jpg\" alt=\"kreatiini kapslid - fit360.ee\" width=\"800\" height=\"312\" srcset=\"https:\/\/fit360.ee\/wp-content\/uploads\/2023\/05\/kreatiini-kapslid-fit360.ee_-800x312.jpg 800w, https:\/\/fit360.ee\/wp-content\/uploads\/2023\/05\/kreatiini-kapslid-fit360.ee_-510x199.jpg 510w, https:\/\/fit360.ee\/wp-content\/uploads\/2023\/05\/kreatiini-kapslid-fit360.ee_-768x300.jpg 768w, https:\/\/fit360.ee\/wp-content\/uploads\/2023\/05\/kreatiini-kapslid-fit360.ee_.jpg 922w\" sizes=\"auto, (max-width: 800px) 100vw, 800px\" \/><\/a><\/p>\n<h4><strong>Kreatiini kapslid<\/strong><\/h4>\n<p>Kreatiin on orgaaniline keemiline \u00fchend, mis esineb inimkehas looduslikult. Tavaliselt tarnitakse seda koos loomsete saadustega, st liha, muna v\u00f5i kalaga. Selle kasulik toime p\u00f5hineb lihtsal mehhanismil, mis fosfokreatiini lihastes lagundades vabastab energia suure energiaga ATP (adenosiintrifosfaat) molekulide kujul. Hoolimata asjaolust, et kreatiini leidub ka toidus, on seda seal siiski imepisikestes kogustes, mist\u00f5ttu 100% kreatiiniga k\u00fcllastuse tekkimiseks on oluline seda juurde v\u00f5tta pulbri\/kapsli kujul.<\/p>\n<p><strong style=\"font-size: 14.4px;\">Koostisosad<\/strong><span style=\"font-size: 14.4px;\">: Kreatiinmonoh\u00fcdraat, kapsli kest (\u017eelatiin, puhastatud vesi).<\/span><\/p>\n<p><strong>Kasutamine<\/strong>: 1 serveering &#8211; 4 kapslit. Treeningp\u00e4evadel v\u00f5tke p\u00e4rast treeningut \u00fcks portsjon p\u00e4evas. Trennivabadel p\u00e4evadel \u00fcks portsjon p\u00e4rast \u00e4rkamist.<\/p>\n<p><strong style=\"font-size: 14.4px;\">Suurus<\/strong><span style=\"font-size: 14.4px;\">: 400 kapslit \u2013 133 serveeringut. Hoiustada kuivas ja jahedas kohas.<\/span><\/p>\n<section class=\"projector__description--nutritional row\" data-selector=\".--nutritional\">\n<div class=\"col-12 col-md-10 col-lg-8\">\n<div class=\"--nutrit\">\n<div class=\"nutrition_table_wrapper\">\n<div class=\"table_wrapper\">\n<table>\n<tbody>\n<tr>\n<td><strong>Aktiivsed toimeained<\/strong><\/td>\n<td><strong>1 serveering &#8211; 3 kapslit<\/strong><\/td>\n<\/tr>\n<tr>\n<td>Kreatiin Monph\u00fcdraat<\/td>\n<td>3300 mg<\/td>\n<\/tr>\n<tr>\n<td>&#8211; millest kreatiin<\/td>\n<td>2904 mg<\/td>\n<\/tr>\n<\/tbody>\n<\/table>\n<\/div>\n<\/div>\n<\/div>\n<\/div>\n<\/section>\n<section class=\"projector__comments comments row\" data-selector=\".--comments\">\n<div class=\"--label col-12\"><\/div>\n<\/section>\n<p>Vaata ka meie teisi Kreatiine <a href=\"https:\/\/fit360.ee\/en\/product-category\/product-groups\/creatine-en\/\"><strong>SIIT<\/strong><\/a> v\u00f5i Kreatiin Monoh\u00fcdraate <a href=\"https:\/\/fit360.ee\/en\/product-category\/product-groups\/creatine-en\/creatine-monohydrate-en\/\"><strong>SIIT<\/strong><\/a>!<\/p>\n<p>Soovid teha suuremat tellimust? Vaata antud toodet meie HULGI lehelt\u00a0<a href=\"https:\/\/toidulisandidhulgi.ee\/product\/ostrovit-creatine-supreme-400caps\/\"><strong>SIIT<\/strong><\/a>!<\/p>\n","protected":false},"excerpt":{"rendered":"<h2><strong>Ostrovit kreatiini kapslid:<\/strong><\/h2>\n<p><strong>1\u00a0 Mega Caps = 1,1g puhast kreatiini<\/strong><\/p>\n<ul>\n<li>Kasvatab puhast lihasmassi.<\/li>\n<li>Kiirendab taastumist treeningutest.<\/li>\n<li>Lisab plahvatuslikku j\u00f5udu.<\/li>\n<li>Suurendab valgus\u00fcnteesi.<\/li>\n<\/ul>\n<p><strong>Kreatiinmonoh\u00fcdraat<\/strong> on maailma \u00fcks populaarseimaid toidulisandeid, mis aitab lisada j\u00f5udu, v\u00f5imsust (plahvatuslikku j\u00f5udu) ja lihasmassi. Mitmed teadust\u00f6\u00f6d on n\u00e4idanud, et kreatiin v\u00e4hendab treeningul vajaminevat taastusaega. Kreatiinmonoh\u00fcdraat imendub k\u00f5ige paremini, kui seda tarbida koos s\u00fcsivesikurikka joogiga.<\/p>\n","protected":false},"featured_media":84604,"comment_status":"open","ping_status":"closed","template":"","meta":[],"product_brand":[],"product_cat":[526,2412,1329],"product_tag":[1779,1780,1781],"giftcard-category":[],"class_list":{"0":"post-70548","1":"product","2":"type-product","3":"status-publish","4":"has-post-thumbnail","6":"product_cat-creatine-en","7":"product_cat-creatine-monohydrate-en","8":"product_cat-ostrovit-en","9":"product_tag-kreatiin-en","10":"product_tag-kreatiin-monohudraat-en","11":"product_tag-kreatiini-kapslid-en","12":"pa_toidulisand-branddd-ostrovit","13":"pa_tootegruppp-creatine","14":"pa_tootegruppp-kreatiin-monohudraat-en","16":"first","17":"instock","18":"sale","19":"taxable","20":"shipping-taxable","21":"purchasable","22":"product-type-simple"},"yoast_head":"<!-- This site is optimized with the Yoast SEO plugin v27.3 - https:\/\/yoast.com\/product\/yoast-seo-wordpress\/ -->\n<title>Ostrovit Creatine 3300mg (400caps) - Kreatiin Mono - Kiire Tarne<\/title>\n<meta name=\"description\" content=\"Ostrovit Creatine 3300mg kapslid aitavad lisada j\u00f5udu ja v\u00f5imsust (plahvatuslik j\u00f5ud). 1 mega kapsel sisaldab koguni 1100mg kreatiin monoh\u00fcdraati.\" \/>\n<meta name=\"robots\" content=\"index, follow, max-snippet:-1, max-image-preview:large, max-video-preview:-1\" \/>\n<link rel=\"canonical\" href=\"https:\/\/fit360.ee\/en\/pood\/product-groups\/creatine-en\/creatine-monohydrate-en\/ostrovit-creatine-supreme-400caps\/\" \/>\n<meta property=\"og:locale\" content=\"en_US\" \/>\n<meta property=\"og:type\" content=\"article\" \/>\n<meta property=\"og:title\" content=\"Ostrovit Creatine 3300mg (400caps) - Kreatiin Mono - Kiire Tarne\" \/>\n<meta property=\"og:description\" content=\"Ostrovit Creatine 3300mg kapslid aitavad lisada j\u00f5udu ja v\u00f5imsust (plahvatuslik j\u00f5ud). 1 mega kapsel sisaldab koguni 1100mg kreatiin monoh\u00fcdraati.\" \/>\n<meta property=\"og:url\" content=\"https:\/\/fit360.ee\/en\/pood\/product-groups\/creatine-en\/creatine-monohydrate-en\/ostrovit-creatine-supreme-400caps\/\" \/>\n<meta property=\"og:site_name\" content=\"Fit360\" \/>\n<meta property=\"article:modified_time\" content=\"2025-08-19T06:56:14+00:00\" \/>\n<meta property=\"og:image\" content=\"https:\/\/fit360.ee\/wp-content\/uploads\/2023\/05\/Ostrovit-creatine-3300mg-kreatiini-kapslid-fit360.ee_.png\" \/>\n\t<meta property=\"og:image:width\" content=\"450\" \/>\n\t<meta property=\"og:image:height\" content=\"450\" \/>\n\t<meta property=\"og:image:type\" content=\"image\/png\" \/>\n<meta name=\"twitter:card\" content=\"summary_large_image\" \/>\n<meta name=\"twitter:label1\" content=\"Est. reading time\" \/>\n\t<meta name=\"twitter:data1\" content=\"2 minutes\" \/>\n<script type=\"application\/ld+json\" class=\"yoast-schema-graph\">{\"@context\":\"https:\\\/\\\/schema.org\",\"@graph\":[{\"@type\":\"WebPage\",\"@id\":\"https:\\\/\\\/fit360.ee\\\/en\\\/pood\\\/product-groups\\\/creatine-en\\\/creatine-monohydrate-en\\\/ostrovit-creatine-supreme-400caps\\\/\",\"url\":\"https:\\\/\\\/fit360.ee\\\/en\\\/pood\\\/product-groups\\\/creatine-en\\\/creatine-monohydrate-en\\\/ostrovit-creatine-supreme-400caps\\\/\",\"name\":\"Ostrovit Creatine 3300mg (400caps) - Kreatiin Mono - Kiire Tarne\",\"isPartOf\":{\"@id\":\"https:\\\/\\\/fit360.ee\\\/en\\\/#website\"},\"primaryImageOfPage\":{\"@id\":\"https:\\\/\\\/fit360.ee\\\/en\\\/pood\\\/product-groups\\\/creatine-en\\\/creatine-monohydrate-en\\\/ostrovit-creatine-supreme-400caps\\\/#primaryimage\"},\"image\":{\"@id\":\"https:\\\/\\\/fit360.ee\\\/en\\\/pood\\\/product-groups\\\/creatine-en\\\/creatine-monohydrate-en\\\/ostrovit-creatine-supreme-400caps\\\/#primaryimage\"},\"thumbnailUrl\":\"https:\\\/\\\/fit360.ee\\\/wp-content\\\/uploads\\\/2023\\\/05\\\/Ostrovit-creatine-3300mg-kreatiini-kapslid-fit360.ee_.png\",\"datePublished\":\"2023-05-23T18:23:55+00:00\",\"dateModified\":\"2025-08-19T06:56:14+00:00\",\"description\":\"Ostrovit Creatine 3300mg kapslid aitavad lisada j\u00f5udu ja v\u00f5imsust (plahvatuslik j\u00f5ud). 1 mega kapsel sisaldab koguni 1100mg kreatiin monoh\u00fcdraati.\",\"breadcrumb\":{\"@id\":\"https:\\\/\\\/fit360.ee\\\/en\\\/pood\\\/product-groups\\\/creatine-en\\\/creatine-monohydrate-en\\\/ostrovit-creatine-supreme-400caps\\\/#breadcrumb\"},\"inLanguage\":\"en-US\",\"potentialAction\":[{\"@type\":\"ReadAction\",\"target\":[\"https:\\\/\\\/fit360.ee\\\/en\\\/pood\\\/product-groups\\\/creatine-en\\\/creatine-monohydrate-en\\\/ostrovit-creatine-supreme-400caps\\\/\"]}]},{\"@type\":\"ImageObject\",\"inLanguage\":\"en-US\",\"@id\":\"https:\\\/\\\/fit360.ee\\\/en\\\/pood\\\/product-groups\\\/creatine-en\\\/creatine-monohydrate-en\\\/ostrovit-creatine-supreme-400caps\\\/#primaryimage\",\"url\":\"https:\\\/\\\/fit360.ee\\\/wp-content\\\/uploads\\\/2023\\\/05\\\/Ostrovit-creatine-3300mg-kreatiini-kapslid-fit360.ee_.png\",\"contentUrl\":\"https:\\\/\\\/fit360.ee\\\/wp-content\\\/uploads\\\/2023\\\/05\\\/Ostrovit-creatine-3300mg-kreatiini-kapslid-fit360.ee_.png\",\"width\":450,\"height\":450,\"caption\":\"Ostrovit creatine 3300mg kreatiini kapslid - fit360.ee\"},{\"@type\":\"BreadcrumbList\",\"@id\":\"https:\\\/\\\/fit360.ee\\\/en\\\/pood\\\/product-groups\\\/creatine-en\\\/creatine-monohydrate-en\\\/ostrovit-creatine-supreme-400caps\\\/#breadcrumb\",\"itemListElement\":[{\"@type\":\"ListItem\",\"position\":1,\"name\":\"Home\",\"item\":\"https:\\\/\\\/fit360.ee\\\/en\\\/\"},{\"@type\":\"ListItem\",\"position\":2,\"name\":\"Shop\",\"item\":\"https:\\\/\\\/fit360.ee\\\/en\\\/shop\\\/\"},{\"@type\":\"ListItem\",\"position\":3,\"name\":\"Ostrovit Creatine Supreme 1100mg kapslid (400caps)\"}]},{\"@type\":\"WebSite\",\"@id\":\"https:\\\/\\\/fit360.ee\\\/en\\\/#website\",\"url\":\"https:\\\/\\\/fit360.ee\\\/en\\\/\",\"name\":\"Fit360\",\"description\":\"\",\"publisher\":{\"@id\":\"https:\\\/\\\/fit360.ee\\\/en\\\/#organization\"},\"potentialAction\":[{\"@type\":\"SearchAction\",\"target\":{\"@type\":\"EntryPoint\",\"urlTemplate\":\"https:\\\/\\\/fit360.ee\\\/en\\\/?s={search_term_string}\"},\"query-input\":{\"@type\":\"PropertyValueSpecification\",\"valueRequired\":true,\"valueName\":\"search_term_string\"}}],\"inLanguage\":\"en-US\"},{\"@type\":\"Organization\",\"@id\":\"https:\\\/\\\/fit360.ee\\\/en\\\/#organization\",\"name\":\"Fit360\",\"url\":\"https:\\\/\\\/fit360.ee\\\/en\\\/\",\"logo\":{\"@type\":\"ImageObject\",\"inLanguage\":\"en-US\",\"@id\":\"https:\\\/\\\/fit360.ee\\\/en\\\/#\\\/schema\\\/logo\\\/image\\\/\",\"url\":\"https:\\\/\\\/fit360.ee\\\/wp-content\\\/uploads\\\/2017\\\/01\\\/logo-fit360.png\",\"contentUrl\":\"https:\\\/\\\/fit360.ee\\\/wp-content\\\/uploads\\\/2017\\\/01\\\/logo-fit360.png\",\"width\":180,\"height\":66,\"caption\":\"Fit360\"},\"image\":{\"@id\":\"https:\\\/\\\/fit360.ee\\\/en\\\/#\\\/schema\\\/logo\\\/image\\\/\"}}]}<\/script>\n<!-- \/ Yoast SEO plugin. -->","yoast_head_json":{"title":"Ostrovit Creatine 3300mg (400caps) - Kreatiin Mono - Kiire Tarne","description":"Ostrovit Creatine 3300mg kapslid aitavad lisada j\u00f5udu ja v\u00f5imsust (plahvatuslik j\u00f5ud). 1 mega kapsel sisaldab koguni 1100mg kreatiin monoh\u00fcdraati.","robots":{"index":"index","follow":"follow","max-snippet":"max-snippet:-1","max-image-preview":"max-image-preview:large","max-video-preview":"max-video-preview:-1"},"canonical":"https:\/\/fit360.ee\/en\/pood\/product-groups\/creatine-en\/creatine-monohydrate-en\/ostrovit-creatine-supreme-400caps\/","og_locale":"en_US","og_type":"article","og_title":"Ostrovit Creatine 3300mg (400caps) - Kreatiin Mono - Kiire Tarne","og_description":"Ostrovit Creatine 3300mg kapslid aitavad lisada j\u00f5udu ja v\u00f5imsust (plahvatuslik j\u00f5ud). 1 mega kapsel sisaldab koguni 1100mg kreatiin monoh\u00fcdraati.","og_url":"https:\/\/fit360.ee\/en\/pood\/product-groups\/creatine-en\/creatine-monohydrate-en\/ostrovit-creatine-supreme-400caps\/","og_site_name":"Fit360","article_modified_time":"2025-08-19T06:56:14+00:00","og_image":[{"width":450,"height":450,"url":"https:\/\/fit360.ee\/wp-content\/uploads\/2023\/05\/Ostrovit-creatine-3300mg-kreatiini-kapslid-fit360.ee_.png","type":"image\/png"}],"twitter_card":"summary_large_image","twitter_misc":{"Est. reading time":"2 minutes"},"schema":{"@context":"https:\/\/schema.org","@graph":[{"@type":"WebPage","@id":"https:\/\/fit360.ee\/en\/pood\/product-groups\/creatine-en\/creatine-monohydrate-en\/ostrovit-creatine-supreme-400caps\/","url":"https:\/\/fit360.ee\/en\/pood\/product-groups\/creatine-en\/creatine-monohydrate-en\/ostrovit-creatine-supreme-400caps\/","name":"Ostrovit Creatine 3300mg (400caps) - Kreatiin Mono - Kiire Tarne","isPartOf":{"@id":"https:\/\/fit360.ee\/en\/#website"},"primaryImageOfPage":{"@id":"https:\/\/fit360.ee\/en\/pood\/product-groups\/creatine-en\/creatine-monohydrate-en\/ostrovit-creatine-supreme-400caps\/#primaryimage"},"image":{"@id":"https:\/\/fit360.ee\/en\/pood\/product-groups\/creatine-en\/creatine-monohydrate-en\/ostrovit-creatine-supreme-400caps\/#primaryimage"},"thumbnailUrl":"https:\/\/fit360.ee\/wp-content\/uploads\/2023\/05\/Ostrovit-creatine-3300mg-kreatiini-kapslid-fit360.ee_.png","datePublished":"2023-05-23T18:23:55+00:00","dateModified":"2025-08-19T06:56:14+00:00","description":"Ostrovit Creatine 3300mg kapslid aitavad lisada j\u00f5udu ja v\u00f5imsust (plahvatuslik j\u00f5ud). 1 mega kapsel sisaldab koguni 1100mg kreatiin monoh\u00fcdraati.","breadcrumb":{"@id":"https:\/\/fit360.ee\/en\/pood\/product-groups\/creatine-en\/creatine-monohydrate-en\/ostrovit-creatine-supreme-400caps\/#breadcrumb"},"inLanguage":"en-US","potentialAction":[{"@type":"ReadAction","target":["https:\/\/fit360.ee\/en\/pood\/product-groups\/creatine-en\/creatine-monohydrate-en\/ostrovit-creatine-supreme-400caps\/"]}]},{"@type":"ImageObject","inLanguage":"en-US","@id":"https:\/\/fit360.ee\/en\/pood\/product-groups\/creatine-en\/creatine-monohydrate-en\/ostrovit-creatine-supreme-400caps\/#primaryimage","url":"https:\/\/fit360.ee\/wp-content\/uploads\/2023\/05\/Ostrovit-creatine-3300mg-kreatiini-kapslid-fit360.ee_.png","contentUrl":"https:\/\/fit360.ee\/wp-content\/uploads\/2023\/05\/Ostrovit-creatine-3300mg-kreatiini-kapslid-fit360.ee_.png","width":450,"height":450,"caption":"Ostrovit creatine 3300mg kreatiini kapslid - fit360.ee"},{"@type":"BreadcrumbList","@id":"https:\/\/fit360.ee\/en\/pood\/product-groups\/creatine-en\/creatine-monohydrate-en\/ostrovit-creatine-supreme-400caps\/#breadcrumb","itemListElement":[{"@type":"ListItem","position":1,"name":"Home","item":"https:\/\/fit360.ee\/en\/"},{"@type":"ListItem","position":2,"name":"Shop","item":"https:\/\/fit360.ee\/en\/shop\/"},{"@type":"ListItem","position":3,"name":"Ostrovit Creatine Supreme 1100mg kapslid (400caps)"}]},{"@type":"WebSite","@id":"https:\/\/fit360.ee\/en\/#website","url":"https:\/\/fit360.ee\/en\/","name":"Fit360","description":"","publisher":{"@id":"https:\/\/fit360.ee\/en\/#organization"},"potentialAction":[{"@type":"SearchAction","target":{"@type":"EntryPoint","urlTemplate":"https:\/\/fit360.ee\/en\/?s={search_term_string}"},"query-input":{"@type":"PropertyValueSpecification","valueRequired":true,"valueName":"search_term_string"}}],"inLanguage":"en-US"},{"@type":"Organization","@id":"https:\/\/fit360.ee\/en\/#organization","name":"Fit360","url":"https:\/\/fit360.ee\/en\/","logo":{"@type":"ImageObject","inLanguage":"en-US","@id":"https:\/\/fit360.ee\/en\/#\/schema\/logo\/image\/","url":"https:\/\/fit360.ee\/wp-content\/uploads\/2017\/01\/logo-fit360.png","contentUrl":"https:\/\/fit360.ee\/wp-content\/uploads\/2017\/01\/logo-fit360.png","width":180,"height":66,"caption":"Fit360"},"image":{"@id":"https:\/\/fit360.ee\/en\/#\/schema\/logo\/image\/"}}]}},"_links":{"self":[{"href":"https:\/\/fit360.ee\/en\/wp-json\/wp\/v2\/product\/70548","targetHints":{"allow":["GET"]}}],"collection":[{"href":"https:\/\/fit360.ee\/en\/wp-json\/wp\/v2\/product"}],"about":[{"href":"https:\/\/fit360.ee\/en\/wp-json\/wp\/v2\/types\/product"}],"replies":[{"embeddable":true,"href":"https:\/\/fit360.ee\/en\/wp-json\/wp\/v2\/comments?post=70548"}],"wp:featuredmedia":[{"embeddable":true,"href":"https:\/\/fit360.ee\/en\/wp-json\/wp\/v2\/media\/84604"}],"wp:attachment":[{"href":"https:\/\/fit360.ee\/en\/wp-json\/wp\/v2\/media?parent=70548"}],"wp:term":[{"taxonomy":"product_brand","embeddable":true,"href":"https:\/\/fit360.ee\/en\/wp-json\/wp\/v2\/product_brand?post=70548"},{"taxonomy":"product_cat","embeddable":true,"href":"https:\/\/fit360.ee\/en\/wp-json\/wp\/v2\/product_cat?post=70548"},{"taxonomy":"product_tag","embeddable":true,"href":"https:\/\/fit360.ee\/en\/wp-json\/wp\/v2\/product_tag?post=70548"},{"taxonomy":"giftcard-category","embeddable":true,"href":"https:\/\/fit360.ee\/en\/wp-json\/wp\/v2\/giftcard-category?post=70548"}],"curies":[{"name":"wp","href":"https:\/\/api.w.org\/{rel}","templated":true}]}}