{"id":70558,"date":"2023-05-23T20:31:15","date_gmt":"2023-05-23T18:31:15","guid":{"rendered":"https:\/\/fit360.ee\/pood\/uncategorized\/glycine-200g\/"},"modified":"2026-04-10T14:42:39","modified_gmt":"2026-04-10T12:42:39","slug":"glycine-200g","status":"publish","type":"product","link":"https:\/\/fit360.ee\/en\/pood\/product-groups\/amino-acids-bcaa\/glycine-200g\/","title":{"rendered":"Glycine (200g)"},"content":{"rendered":"<h2><strong>Glycine<\/strong><\/h2>\n<p>OstroVit Glycine (Supreme Pure) on tipptasemel toidulisand, mis koosneb ainult \u00fchest \u00fchendist, milleks on L-gl\u00fctsiin.\u00a0P\u00fchendatud neile, kes usuvad, et t\u00e4iendavad t\u00e4iteained, s\u00e4ilitusained ja v\u00e4rvained pole vajalikud.\u00a0Keskendusime kvaliteedile, v\u00f5ttes arvesse toote mikroniseeritust ja suurep\u00e4rast imendumist!<\/p>\n<p><a href=\"https:\/\/fit360.ee\/wp-content\/uploads\/2023\/05\/glutsiin-fit360.ee-1-800x312.jpg\"><img loading=\"lazy\" decoding=\"async\" class=\"size-medium wp-image-70554\" src=\"https:\/\/fit360.ee\/wp-content\/uploads\/2023\/05\/glutsiin-fit360.ee-1-800x312.jpg\" alt=\"gl\u00fctsiin - fit360.ee\" width=\"800\" height=\"312\" srcset=\"https:\/\/fit360.ee\/wp-content\/uploads\/2023\/05\/glutsiin-fit360.ee-1-800x312.jpg 800w, https:\/\/fit360.ee\/wp-content\/uploads\/2023\/05\/glutsiin-fit360.ee-1-510x199.jpg 510w, https:\/\/fit360.ee\/wp-content\/uploads\/2023\/05\/glutsiin-fit360.ee-1-768x300.jpg 768w, https:\/\/fit360.ee\/wp-content\/uploads\/2023\/05\/glutsiin-fit360.ee-1.jpg 922w\" sizes=\"auto, (max-width: 800px) 100vw, 800px\" \/><\/a><\/p>\n<ul class=\"cm__list\">\n<li>200 g L-gl\u00fctsiini pakendi kohta<\/li>\n<li>Pakend sisaldab 200 portsjonit<\/li>\n<li>1 portsjon on 1 g puhast L-gl\u00fctsiini<\/li>\n<li>Ainult \u00fcks koostisosa, ilma tarbetute t\u00e4iteaineteta<\/li>\n<\/ul>\n<h4 class=\"cm__heading\"><strong>Toidulisandid \u2013 miks kasutada L-gl\u00fctsiini?<\/strong><\/h4>\n<p class=\"cm__text\">L-gl\u00fctsiin on orgaaniline keemiline \u00fchend endogeensete aminohapete r\u00fchmast.\u00a0Vaatamata sellele, et see on struktuurilt v\u00e4ikseim aminohape (selle k\u00f5rvalahelas on ainult \u00fcks vesinikuaatom), on sellel meie keha toimimises v\u00e4ga oluline roll.\u00a0See on valgu\u00a0<a href=\"https:\/\/fit360.ee\/en\/product-category\/product-groups\/amino-acids-bcaa\/\"><strong>aminohape<\/strong><\/a>\u00a0, mis moodustab valgu struktuure (nt kollageen), kuid toimib ka keskn\u00e4rvis\u00fcsteemis neurotransmitterina.\u00a0Gl\u00fctsiin osaleb DNA, fosfolipiidide ja kollageeni tootmises ning avaldab olulist m\u00f5ju ka <a href=\"https:\/\/fit360.ee\/en\/?post_type=product&#038;p=69939\"><strong>ATP (adenosiintrifosfaatide)<\/strong><\/a> vabanemisele, mis sisaldavad k\u00f5ikideks eluprotsessideks vajalikke k\u00f5rge energiaga sidemeid.<\/p>\n<h4 class=\"cm__heading\"><strong>OstroVit Glycine&#8217;is sisalduvate koostisosade omadused<\/strong>:<\/h4>\n<ul class=\"cm__list\">\n<li>See parandab keskendumisv\u00f5imet, m\u00e4lu, parandab meeleolu ja toimib n\u00e4rvis\u00fcsteemi toena<\/li>\n<li>See aitab parandada naha seisundit \u2013 elastne, terve ja pingul<\/li>\n<li>Gl\u00fctsiin osaleb peamistes energiat tootvates biokeemilistes protsessides kehas<\/li>\n<li>Omab antioks\u00fcdantseid (antioks\u00fcdantseid) omadusi<\/li>\n<li>See on suurep\u00e4rane toidulisand, mis toetab j\u00f5u ja lihasmassi kasvatamist<\/li>\n<li>V\u00e4simuse taset v\u00e4hendades v\u00f5imaldab see kauem ja t\u00f5husamalt treenida<\/li>\n<li>On t\u00f5estatud, et see v\u00f5ib parandada insuliinitundlikkust<\/li>\n<\/ul>\n<p><strong>Koostisosad<\/strong>: 100% Gl\u00fctsiin<\/p>\n<p><strong>Kasutamine<\/strong>: Sega 1 g portsjon (1 lusikas) 100\u2013150 ml vees v\u00f5i mahlas.\u00a0Palun kasutage pakendis olevat m\u00f5\u00f5tetopsi (1 ml).\u00a0Parim on s\u00fc\u00fca 30 minutit enne s\u00f6\u00f6ki.<\/p>\n<p><strong>Suurus<\/strong>: 200g &#8211; 200 serveeringut.<\/p>\n<section class=\"projector__description--nutritional row\" data-selector=\".--nutritional\">\n<div class=\"col-12 col-md-10 col-lg-8\">\n<div class=\"--nutrit\">\n<div class=\"nutrition_table_wrapper\">\n<div class=\"table_wrapper\">\n<table>\n<tbody>\n<tr>\n<th>Aktiivsed koostisosad<\/th>\n<th>Portsjoni kohta<\/th>\n<\/tr>\n<tr>\n<td>Gl\u00fctsiin<\/td>\n<td>1000mg<\/td>\n<\/tr>\n<\/tbody>\n<\/table>\n<\/div>\n<p><span style=\"color: #333333; font-size: 14.4px;\">Vaata ka meie Teisi Aminohappeid <a href=\"https:\/\/fit360.ee\/en\/product-category\/product-groups\/amino-acids-bcaa\/\"><strong>SIIT<\/strong><\/a>!<\/span><\/p>\n<p>Soovid teha suuremat tellimust? Vaata antud toodet meie HULGI lehelt\u00a0<a href=\"https:\/\/toidulisandidhulgi.ee\/product\/glycine-200g\/\"><strong>SIIT<\/strong><\/a>!<\/p>\n<\/div>\n<\/div>\n<\/div>\n<\/section>\n","protected":false},"excerpt":{"rendered":"<ul class=\"cm__list\">\n<li>See parandab keskendumisv\u00f5imet, m\u00e4lu, parandab meeleolu ja toimib n\u00e4rvis\u00fcsteemi toena<\/li>\n<li>See aitab parandada naha seisundit \u2013 elastne, terve ja pingul<\/li>\n<li>Gl\u00fctsiin osaleb peamistes energiat tootvates biokeemilistes protsessides kehas<\/li>\n<li>Omab antioks\u00fcdantseid (antioks\u00fcdantseid) omadusi<\/li>\n<li>See on suurep\u00e4rane toidulisand, mis toetab j\u00f5u ja lihasmassi kasvatamist<\/li>\n<li>V\u00e4simuse taset v\u00e4hendades v\u00f5imaldab see kauem ja t\u00f5husamalt treenida<\/li>\n<li>On t\u00f5estatud, et see v\u00f5ib parandada insuliinitundlikkust<\/li>\n<\/ul>\n","protected":false},"featured_media":91128,"comment_status":"closed","ping_status":"closed","template":"","meta":[],"product_brand":[],"product_cat":[520,2485,1329,531],"product_tag":[4348,4349,1924],"giftcard-category":[],"class_list":{"0":"post-70558","1":"product","2":"type-product","3":"status-publish","4":"has-post-thumbnail","6":"product_cat-amino-acids-bcaa","7":"product_cat-brain-support-nootropics-en","8":"product_cat-ostrovit-en","9":"product_cat-recovery-post-workout-en","10":"product_tag-glutsiin-en","11":"product_tag-glycine-en","12":"product_tag-ostrovit-en","13":"pa_kogus-200g-en","14":"pa_toidulisand-branddd-ostrovit","15":"pa_tootegruppp-aju-tegevus-nootropics-en","16":"pa_tootegruppp-amino-acidsbcaa","17":"pa_tootegruppp-recoveryafter-workout","19":"first","20":"outofstock","21":"sale","22":"taxable","23":"shipping-taxable","24":"purchasable","25":"product-type-simple"},"yoast_head":"<!-- This site is optimized with the Yoast SEO plugin v27.3 - https:\/\/yoast.com\/product\/yoast-seo-wordpress\/ -->\n<title>Glycine (200g) - Gl\u00fctsiin - Aminohapped - Kiire Tarne - Fit360<\/title>\n<meta name=\"description\" content=\"OstroVit Glycine (Supreme Pure) on tipptasemel toidulisand, mis koosneb ainult \u00fchest \u00fchendist, milleks on L-Gl\u00fctsiin. See parandab keskendumisv\u00f5imet, m\u00e4l...\" \/>\n<meta name=\"robots\" content=\"index, follow, max-snippet:-1, max-image-preview:large, max-video-preview:-1\" \/>\n<link rel=\"canonical\" href=\"https:\/\/fit360.ee\/en\/pood\/product-groups\/amino-acids-bcaa\/glycine-200g\/\" \/>\n<meta property=\"og:locale\" content=\"en_US\" \/>\n<meta property=\"og:type\" content=\"article\" \/>\n<meta property=\"og:title\" content=\"Glycine (200g) - Gl\u00fctsiin - Aminohapped - Kiire Tarne - Fit360\" \/>\n<meta property=\"og:description\" content=\"OstroVit Glycine (Supreme Pure) on tipptasemel toidulisand, mis koosneb ainult \u00fchest \u00fchendist, milleks on L-Gl\u00fctsiin. See parandab keskendumisv\u00f5imet, m\u00e4l...\" \/>\n<meta property=\"og:url\" content=\"https:\/\/fit360.ee\/en\/pood\/product-groups\/amino-acids-bcaa\/glycine-200g\/\" \/>\n<meta property=\"og:site_name\" content=\"Fit360\" \/>\n<meta property=\"article:modified_time\" content=\"2026-04-10T12:42:39+00:00\" \/>\n<meta property=\"og:image\" content=\"https:\/\/fit360.ee\/wp-content\/uploads\/2023\/05\/glycine-glutsiini-pulber-fit360.ee-1.png\" \/>\n\t<meta property=\"og:image:width\" content=\"450\" \/>\n\t<meta property=\"og:image:height\" content=\"450\" \/>\n\t<meta property=\"og:image:type\" content=\"image\/png\" \/>\n<meta name=\"twitter:card\" content=\"summary_large_image\" \/>\n<meta name=\"twitter:label1\" content=\"Est. reading time\" \/>\n\t<meta name=\"twitter:data1\" content=\"2 minutes\" \/>\n<script type=\"application\/ld+json\" class=\"yoast-schema-graph\">{\"@context\":\"https:\\\/\\\/schema.org\",\"@graph\":[{\"@type\":\"WebPage\",\"@id\":\"https:\\\/\\\/fit360.ee\\\/en\\\/pood\\\/product-groups\\\/amino-acids-bcaa\\\/glycine-200g\\\/\",\"url\":\"https:\\\/\\\/fit360.ee\\\/en\\\/pood\\\/product-groups\\\/amino-acids-bcaa\\\/glycine-200g\\\/\",\"name\":\"Glycine (200g) - Gl\u00fctsiin - Aminohapped - Kiire Tarne - Fit360\",\"isPartOf\":{\"@id\":\"https:\\\/\\\/fit360.ee\\\/en\\\/#website\"},\"primaryImageOfPage\":{\"@id\":\"https:\\\/\\\/fit360.ee\\\/en\\\/pood\\\/product-groups\\\/amino-acids-bcaa\\\/glycine-200g\\\/#primaryimage\"},\"image\":{\"@id\":\"https:\\\/\\\/fit360.ee\\\/en\\\/pood\\\/product-groups\\\/amino-acids-bcaa\\\/glycine-200g\\\/#primaryimage\"},\"thumbnailUrl\":\"https:\\\/\\\/fit360.ee\\\/wp-content\\\/uploads\\\/2023\\\/05\\\/glycine-glutsiini-pulber-fit360.ee-1.png\",\"datePublished\":\"2023-05-23T18:31:15+00:00\",\"dateModified\":\"2026-04-10T12:42:39+00:00\",\"description\":\"OstroVit Glycine (Supreme Pure) on tipptasemel toidulisand, mis koosneb ainult \u00fchest \u00fchendist, milleks on L-Gl\u00fctsiin. See parandab keskendumisv\u00f5imet, m\u00e4l...\",\"breadcrumb\":{\"@id\":\"https:\\\/\\\/fit360.ee\\\/en\\\/pood\\\/product-groups\\\/amino-acids-bcaa\\\/glycine-200g\\\/#breadcrumb\"},\"inLanguage\":\"en-US\",\"potentialAction\":[{\"@type\":\"ReadAction\",\"target\":[\"https:\\\/\\\/fit360.ee\\\/en\\\/pood\\\/product-groups\\\/amino-acids-bcaa\\\/glycine-200g\\\/\"]}]},{\"@type\":\"ImageObject\",\"inLanguage\":\"en-US\",\"@id\":\"https:\\\/\\\/fit360.ee\\\/en\\\/pood\\\/product-groups\\\/amino-acids-bcaa\\\/glycine-200g\\\/#primaryimage\",\"url\":\"https:\\\/\\\/fit360.ee\\\/wp-content\\\/uploads\\\/2023\\\/05\\\/glycine-glutsiini-pulber-fit360.ee-1.png\",\"contentUrl\":\"https:\\\/\\\/fit360.ee\\\/wp-content\\\/uploads\\\/2023\\\/05\\\/glycine-glutsiini-pulber-fit360.ee-1.png\",\"width\":450,\"height\":450,\"caption\":\"glycine gl\u00fctsiini pulber - fit360.ee\"},{\"@type\":\"BreadcrumbList\",\"@id\":\"https:\\\/\\\/fit360.ee\\\/en\\\/pood\\\/product-groups\\\/amino-acids-bcaa\\\/glycine-200g\\\/#breadcrumb\",\"itemListElement\":[{\"@type\":\"ListItem\",\"position\":1,\"name\":\"Home\",\"item\":\"https:\\\/\\\/fit360.ee\\\/en\\\/\"},{\"@type\":\"ListItem\",\"position\":2,\"name\":\"Shop\",\"item\":\"https:\\\/\\\/fit360.ee\\\/en\\\/shop\\\/\"},{\"@type\":\"ListItem\",\"position\":3,\"name\":\"Glycine (200g)\"}]},{\"@type\":\"WebSite\",\"@id\":\"https:\\\/\\\/fit360.ee\\\/en\\\/#website\",\"url\":\"https:\\\/\\\/fit360.ee\\\/en\\\/\",\"name\":\"Fit360\",\"description\":\"\",\"publisher\":{\"@id\":\"https:\\\/\\\/fit360.ee\\\/en\\\/#organization\"},\"potentialAction\":[{\"@type\":\"SearchAction\",\"target\":{\"@type\":\"EntryPoint\",\"urlTemplate\":\"https:\\\/\\\/fit360.ee\\\/en\\\/?s={search_term_string}\"},\"query-input\":{\"@type\":\"PropertyValueSpecification\",\"valueRequired\":true,\"valueName\":\"search_term_string\"}}],\"inLanguage\":\"en-US\"},{\"@type\":\"Organization\",\"@id\":\"https:\\\/\\\/fit360.ee\\\/en\\\/#organization\",\"name\":\"Fit360\",\"url\":\"https:\\\/\\\/fit360.ee\\\/en\\\/\",\"logo\":{\"@type\":\"ImageObject\",\"inLanguage\":\"en-US\",\"@id\":\"https:\\\/\\\/fit360.ee\\\/en\\\/#\\\/schema\\\/logo\\\/image\\\/\",\"url\":\"https:\\\/\\\/fit360.ee\\\/wp-content\\\/uploads\\\/2017\\\/01\\\/logo-fit360.png\",\"contentUrl\":\"https:\\\/\\\/fit360.ee\\\/wp-content\\\/uploads\\\/2017\\\/01\\\/logo-fit360.png\",\"width\":180,\"height\":66,\"caption\":\"Fit360\"},\"image\":{\"@id\":\"https:\\\/\\\/fit360.ee\\\/en\\\/#\\\/schema\\\/logo\\\/image\\\/\"}}]}<\/script>\n<!-- \/ Yoast SEO plugin. -->","yoast_head_json":{"title":"Glycine (200g) - Gl\u00fctsiin - Aminohapped - Kiire Tarne - Fit360","description":"OstroVit Glycine (Supreme Pure) on tipptasemel toidulisand, mis koosneb ainult \u00fchest \u00fchendist, milleks on L-Gl\u00fctsiin. See parandab keskendumisv\u00f5imet, m\u00e4l...","robots":{"index":"index","follow":"follow","max-snippet":"max-snippet:-1","max-image-preview":"max-image-preview:large","max-video-preview":"max-video-preview:-1"},"canonical":"https:\/\/fit360.ee\/en\/pood\/product-groups\/amino-acids-bcaa\/glycine-200g\/","og_locale":"en_US","og_type":"article","og_title":"Glycine (200g) - Gl\u00fctsiin - Aminohapped - Kiire Tarne - Fit360","og_description":"OstroVit Glycine (Supreme Pure) on tipptasemel toidulisand, mis koosneb ainult \u00fchest \u00fchendist, milleks on L-Gl\u00fctsiin. See parandab keskendumisv\u00f5imet, m\u00e4l...","og_url":"https:\/\/fit360.ee\/en\/pood\/product-groups\/amino-acids-bcaa\/glycine-200g\/","og_site_name":"Fit360","article_modified_time":"2026-04-10T12:42:39+00:00","og_image":[{"width":450,"height":450,"url":"https:\/\/fit360.ee\/wp-content\/uploads\/2023\/05\/glycine-glutsiini-pulber-fit360.ee-1.png","type":"image\/png"}],"twitter_card":"summary_large_image","twitter_misc":{"Est. reading time":"2 minutes"},"schema":{"@context":"https:\/\/schema.org","@graph":[{"@type":"WebPage","@id":"https:\/\/fit360.ee\/en\/pood\/product-groups\/amino-acids-bcaa\/glycine-200g\/","url":"https:\/\/fit360.ee\/en\/pood\/product-groups\/amino-acids-bcaa\/glycine-200g\/","name":"Glycine (200g) - Gl\u00fctsiin - Aminohapped - Kiire Tarne - Fit360","isPartOf":{"@id":"https:\/\/fit360.ee\/en\/#website"},"primaryImageOfPage":{"@id":"https:\/\/fit360.ee\/en\/pood\/product-groups\/amino-acids-bcaa\/glycine-200g\/#primaryimage"},"image":{"@id":"https:\/\/fit360.ee\/en\/pood\/product-groups\/amino-acids-bcaa\/glycine-200g\/#primaryimage"},"thumbnailUrl":"https:\/\/fit360.ee\/wp-content\/uploads\/2023\/05\/glycine-glutsiini-pulber-fit360.ee-1.png","datePublished":"2023-05-23T18:31:15+00:00","dateModified":"2026-04-10T12:42:39+00:00","description":"OstroVit Glycine (Supreme Pure) on tipptasemel toidulisand, mis koosneb ainult \u00fchest \u00fchendist, milleks on L-Gl\u00fctsiin. See parandab keskendumisv\u00f5imet, m\u00e4l...","breadcrumb":{"@id":"https:\/\/fit360.ee\/en\/pood\/product-groups\/amino-acids-bcaa\/glycine-200g\/#breadcrumb"},"inLanguage":"en-US","potentialAction":[{"@type":"ReadAction","target":["https:\/\/fit360.ee\/en\/pood\/product-groups\/amino-acids-bcaa\/glycine-200g\/"]}]},{"@type":"ImageObject","inLanguage":"en-US","@id":"https:\/\/fit360.ee\/en\/pood\/product-groups\/amino-acids-bcaa\/glycine-200g\/#primaryimage","url":"https:\/\/fit360.ee\/wp-content\/uploads\/2023\/05\/glycine-glutsiini-pulber-fit360.ee-1.png","contentUrl":"https:\/\/fit360.ee\/wp-content\/uploads\/2023\/05\/glycine-glutsiini-pulber-fit360.ee-1.png","width":450,"height":450,"caption":"glycine gl\u00fctsiini pulber - fit360.ee"},{"@type":"BreadcrumbList","@id":"https:\/\/fit360.ee\/en\/pood\/product-groups\/amino-acids-bcaa\/glycine-200g\/#breadcrumb","itemListElement":[{"@type":"ListItem","position":1,"name":"Home","item":"https:\/\/fit360.ee\/en\/"},{"@type":"ListItem","position":2,"name":"Shop","item":"https:\/\/fit360.ee\/en\/shop\/"},{"@type":"ListItem","position":3,"name":"Glycine (200g)"}]},{"@type":"WebSite","@id":"https:\/\/fit360.ee\/en\/#website","url":"https:\/\/fit360.ee\/en\/","name":"Fit360","description":"","publisher":{"@id":"https:\/\/fit360.ee\/en\/#organization"},"potentialAction":[{"@type":"SearchAction","target":{"@type":"EntryPoint","urlTemplate":"https:\/\/fit360.ee\/en\/?s={search_term_string}"},"query-input":{"@type":"PropertyValueSpecification","valueRequired":true,"valueName":"search_term_string"}}],"inLanguage":"en-US"},{"@type":"Organization","@id":"https:\/\/fit360.ee\/en\/#organization","name":"Fit360","url":"https:\/\/fit360.ee\/en\/","logo":{"@type":"ImageObject","inLanguage":"en-US","@id":"https:\/\/fit360.ee\/en\/#\/schema\/logo\/image\/","url":"https:\/\/fit360.ee\/wp-content\/uploads\/2017\/01\/logo-fit360.png","contentUrl":"https:\/\/fit360.ee\/wp-content\/uploads\/2017\/01\/logo-fit360.png","width":180,"height":66,"caption":"Fit360"},"image":{"@id":"https:\/\/fit360.ee\/en\/#\/schema\/logo\/image\/"}}]}},"_links":{"self":[{"href":"https:\/\/fit360.ee\/en\/wp-json\/wp\/v2\/product\/70558","targetHints":{"allow":["GET"]}}],"collection":[{"href":"https:\/\/fit360.ee\/en\/wp-json\/wp\/v2\/product"}],"about":[{"href":"https:\/\/fit360.ee\/en\/wp-json\/wp\/v2\/types\/product"}],"replies":[{"embeddable":true,"href":"https:\/\/fit360.ee\/en\/wp-json\/wp\/v2\/comments?post=70558"}],"wp:featuredmedia":[{"embeddable":true,"href":"https:\/\/fit360.ee\/en\/wp-json\/wp\/v2\/media\/91128"}],"wp:attachment":[{"href":"https:\/\/fit360.ee\/en\/wp-json\/wp\/v2\/media?parent=70558"}],"wp:term":[{"taxonomy":"product_brand","embeddable":true,"href":"https:\/\/fit360.ee\/en\/wp-json\/wp\/v2\/product_brand?post=70558"},{"taxonomy":"product_cat","embeddable":true,"href":"https:\/\/fit360.ee\/en\/wp-json\/wp\/v2\/product_cat?post=70558"},{"taxonomy":"product_tag","embeddable":true,"href":"https:\/\/fit360.ee\/en\/wp-json\/wp\/v2\/product_tag?post=70558"},{"taxonomy":"giftcard-category","embeddable":true,"href":"https:\/\/fit360.ee\/en\/wp-json\/wp\/v2\/giftcard-category?post=70558"}],"curies":[{"name":"wp","href":"https:\/\/api.w.org\/{rel}","templated":true}]}}