{"id":70562,"date":"2023-05-23T20:53:18","date_gmt":"2023-05-23T18:53:18","guid":{"rendered":"https:\/\/fit360.ee\/pood\/uncategorized\/berberine-500mg-90tabs\/"},"modified":"2025-10-26T18:27:57","modified_gmt":"2025-10-26T16:27:57","slug":"berberine-500mg-90tabs","status":"publish","type":"product","link":"https:\/\/fit360.ee\/en\/pood\/product-groups\/superfoods-health-foods-en\/berberine-en\/berberine-500mg-90tabs\/","title":{"rendered":"MuscleCare Berberine 500mg (90tabs)"},"content":{"rendered":"<h2><strong>Berberine 500mg<\/strong><\/h2>\n<p>Berberine 500mg on toidulisand tableti kujul. Berberiin on aine, mis p\u00e4rineb Berberise perekonna taimedest. See kuulub alkaloidide r\u00fchma. Sellel on positiivne m\u00f5ju soolestiku talitlusele ja soole limaskesta regulatsioonile. Berberiini saab kasutada suhkru ja insuliini ainevahetuse h\u00e4irete korral kehas, kuna see m\u00f5jutab insuliini retseptorite koguse ja tundlikkuse suurenemist. Veelgi enam, see l\u00fckkab edasi keeruliste s\u00fcsivesikute lagunemist lihtsateks suhkruteks, sealhulgas makrobiootikumide reguleerimise kaudu, stimuleerides SFA tarbimist. Berberiin j\u00e4ljendab insuliini toimet, suurendades gl\u00fckoosi omastamist, mist\u00f5ttu seda nimetatakse insulomimeetikumiks.<\/p>\n<p>Berberiinil on kasulik m\u00f5ju kehakaalu langetamisel. See aitab suurendada adiponektiini (rasvkoe eritatava hormooni, mis m\u00e4ngib rolli insuliinitundlikkuse parandamisel) aktiivsust, mis p\u00f5hjustab seda, et berberiin on toidulisand, mis toetab rasvkoe v\u00e4hendamist \u2013 nii gl\u00fckeemilise indeksi reguleerimise kui ka hormoonid, mida eritub rasvkoes. Pealegi m\u00f5jutab berberiin ka m\u00e4lu. Seda saab kasutada kognitiivsete funktsioonide ja m\u00e4lu parandamise vahendina, peamiselt kolinergiliste radade m\u00f5jutamise kaudu.<\/p>\n<h4><strong>Berberine 500mg positiivsed omadused<\/strong>:<\/h4>\n<ul>\n<li>Aitab alandada veresuhkru taset<\/li>\n<li>M\u00f5jub positiivselt soolte t\u00f6\u00f6le<\/li>\n<li>Toetab kaalulangetust<\/li>\n<li>Toetab aju t\u00f6\u00f6d (m\u00e4lu, kontsentratsioon)<\/li>\n<li>On p\u00f5letikuvastase toimega<\/li>\n<li>V\u00f5ib olla toeks v\u00f5itluses depressiooni vastu<\/li>\n<\/ul>\n<p><strong>Kasutamine<\/strong>: 2 tabletti p\u00e4evas koos veega.<\/p>\n<p><strong>Suurus<\/strong>: 90 tabletti &#8211; 45 serveeringut.<\/p>\n<table style=\"height: 142px;\" width=\"421\">\n<tbody>\n<tr>\n<td><strong>Aktiivsed koostisosad<\/strong><\/td>\n<td><strong>1 portsjon (2 tabletti)<\/strong><\/td>\n<\/tr>\n<tr>\n<td>Berberis aristata ekstrakt, sealhulgas:<\/td>\n<td>1000mg<\/td>\n<\/tr>\n<tr>\n<td>berberiin<\/td>\n<td>20 mg<\/td>\n<\/tr>\n<\/tbody>\n<\/table>\n<p>Vaata ka meie teisi Aju Tegevust toetavaid toidulisandeid <a href=\"https:\/\/fit360.ee\/en\/product-category\/product-groups\/brain-support-nootropics-en\/\"><strong>SIIT<\/strong><\/a>\u00a0v\u00f5i Berberiini Ekstrakte <a href=\"https:\/\/fit360.ee\/tootekategooria\/tootegrupid\/supertoit-tervisetoit\/berberiin\/\"><strong>SIIT<\/strong><\/a>!<\/p>\n<p>Soovid teha suuremat tellimust? Vaata antud toodet meie HULGI lehelt\u00a0<a href=\"https:\/\/toidulisandidhulgi.ee\/product\/berberine-500mg-90tabs\/\"><strong>SIIT<\/strong><\/a>!<\/p>\n","protected":false},"excerpt":{"rendered":"<ul>\n<li>Aitab alandada veresuhkru taset<\/li>\n<li>M\u00f5jub positiivselt soolte t\u00f6\u00f6le<\/li>\n<li>Toetab kaalulangetust<\/li>\n<li>Toetab aju t\u00f6\u00f6d (m\u00e4lu, kontsentratsioon)<\/li>\n<li>On p\u00f5letikuvastase toimega<\/li>\n<li>V\u00f5ib olla toeks v\u00f5itluses depressiooni vastu<\/li>\n<\/ul>\n","protected":false},"featured_media":85289,"comment_status":"closed","ping_status":"closed","template":"","meta":[],"product_brand":[],"product_cat":[5350,2485,530,1328,2408,1454,536],"product_tag":[2756,2757,1812],"giftcard-category":[],"class_list":{"0":"post-70562","1":"product","2":"type-product","3":"status-publish","4":"has-post-thumbnail","6":"product_cat-berberine-en","7":"product_cat-brain-support-nootropics-en","8":"product_cat-fat-burners-en","9":"product_cat-musclecare-en","10":"product_cat-stimulant-free-fat-burners-en","11":"product_cat-superfoods-health-foods-en","12":"product_cat-vitamins-and-minerals-en","13":"product_tag-berberiin-en","14":"product_tag-berberine-en","15":"product_tag-musclecare-en","16":"pa_kogus-90-tablets","17":"pa_toidulisand-branddd-musclecare","18":"pa_tootegruppp-aju-tegevus-nootropics-en","19":"pa_tootegruppp-berberiin-en","20":"pa_tootegruppp-stimulandivaba-en","21":"pa_tootegruppp-supertoit-tervisetoit-en","22":"pa_tootegruppp-vitamins-and-minerals","23":"pa_tootegruppp-weight-loss","25":"first","26":"instock","27":"sale","28":"taxable","29":"shipping-taxable","30":"purchasable","31":"product-type-simple"},"yoast_head":"<!-- This site is optimized with the Yoast SEO plugin v27.3 - https:\/\/yoast.com\/product\/yoast-seo-wordpress\/ -->\n<title>MuscleCare Berberine 500mg (90tabs) - Berberiin - Kiire Tarne - Fit360<\/title>\n<meta name=\"description\" content=\"Berberiin on aine, mis p\u00e4rineb Berberise perekonna taimedest. See kuulub alkaloidide r\u00fchma. Sellel on positiivne m\u00f5ju soolestiku talitlusele ja soole ...\" \/>\n<meta name=\"robots\" content=\"index, follow, max-snippet:-1, max-image-preview:large, max-video-preview:-1\" \/>\n<link rel=\"canonical\" href=\"https:\/\/fit360.ee\/en\/pood\/product-groups\/superfoods-health-foods-en\/berberine-en\/berberine-500mg-90tabs\/\" \/>\n<meta property=\"og:locale\" content=\"en_US\" \/>\n<meta property=\"og:type\" content=\"article\" \/>\n<meta property=\"og:title\" content=\"MuscleCare Berberine 500mg (90tabs) - Berberiin - Kiire Tarne - Fit360\" \/>\n<meta property=\"og:description\" content=\"Berberiin on aine, mis p\u00e4rineb Berberise perekonna taimedest. See kuulub alkaloidide r\u00fchma. Sellel on positiivne m\u00f5ju soolestiku talitlusele ja soole ...\" \/>\n<meta property=\"og:url\" content=\"https:\/\/fit360.ee\/en\/pood\/product-groups\/superfoods-health-foods-en\/berberine-en\/berberine-500mg-90tabs\/\" \/>\n<meta property=\"og:site_name\" content=\"Fit360\" \/>\n<meta property=\"article:modified_time\" content=\"2025-10-26T16:27:57+00:00\" \/>\n<meta property=\"og:image\" content=\"https:\/\/fit360.ee\/wp-content\/uploads\/2023\/05\/berberiin-berberine-500mg-fit360.ee-1.png\" \/>\n\t<meta property=\"og:image:width\" content=\"600\" \/>\n\t<meta property=\"og:image:height\" content=\"600\" \/>\n\t<meta property=\"og:image:type\" content=\"image\/png\" \/>\n<meta name=\"twitter:card\" content=\"summary_large_image\" \/>\n<meta name=\"twitter:label1\" content=\"Est. reading time\" \/>\n\t<meta name=\"twitter:data1\" content=\"2 minutes\" \/>\n<script type=\"application\/ld+json\" class=\"yoast-schema-graph\">{\"@context\":\"https:\\\/\\\/schema.org\",\"@graph\":[{\"@type\":\"WebPage\",\"@id\":\"https:\\\/\\\/fit360.ee\\\/en\\\/pood\\\/product-groups\\\/superfoods-health-foods-en\\\/berberine-en\\\/berberine-500mg-90tabs\\\/\",\"url\":\"https:\\\/\\\/fit360.ee\\\/en\\\/pood\\\/product-groups\\\/superfoods-health-foods-en\\\/berberine-en\\\/berberine-500mg-90tabs\\\/\",\"name\":\"MuscleCare Berberine 500mg (90tabs) - Berberiin - Kiire Tarne - Fit360\",\"isPartOf\":{\"@id\":\"https:\\\/\\\/fit360.ee\\\/en\\\/#website\"},\"primaryImageOfPage\":{\"@id\":\"https:\\\/\\\/fit360.ee\\\/en\\\/pood\\\/product-groups\\\/superfoods-health-foods-en\\\/berberine-en\\\/berberine-500mg-90tabs\\\/#primaryimage\"},\"image\":{\"@id\":\"https:\\\/\\\/fit360.ee\\\/en\\\/pood\\\/product-groups\\\/superfoods-health-foods-en\\\/berberine-en\\\/berberine-500mg-90tabs\\\/#primaryimage\"},\"thumbnailUrl\":\"https:\\\/\\\/fit360.ee\\\/wp-content\\\/uploads\\\/2023\\\/05\\\/berberiin-berberine-500mg-fit360.ee-1.png\",\"datePublished\":\"2023-05-23T18:53:18+00:00\",\"dateModified\":\"2025-10-26T16:27:57+00:00\",\"description\":\"Berberiin on aine, mis p\u00e4rineb Berberise perekonna taimedest. See kuulub alkaloidide r\u00fchma. Sellel on positiivne m\u00f5ju soolestiku talitlusele ja soole ...\",\"breadcrumb\":{\"@id\":\"https:\\\/\\\/fit360.ee\\\/en\\\/pood\\\/product-groups\\\/superfoods-health-foods-en\\\/berberine-en\\\/berberine-500mg-90tabs\\\/#breadcrumb\"},\"inLanguage\":\"en-US\",\"potentialAction\":[{\"@type\":\"ReadAction\",\"target\":[\"https:\\\/\\\/fit360.ee\\\/en\\\/pood\\\/product-groups\\\/superfoods-health-foods-en\\\/berberine-en\\\/berberine-500mg-90tabs\\\/\"]}]},{\"@type\":\"ImageObject\",\"inLanguage\":\"en-US\",\"@id\":\"https:\\\/\\\/fit360.ee\\\/en\\\/pood\\\/product-groups\\\/superfoods-health-foods-en\\\/berberine-en\\\/berberine-500mg-90tabs\\\/#primaryimage\",\"url\":\"https:\\\/\\\/fit360.ee\\\/wp-content\\\/uploads\\\/2023\\\/05\\\/berberiin-berberine-500mg-fit360.ee-1.png\",\"contentUrl\":\"https:\\\/\\\/fit360.ee\\\/wp-content\\\/uploads\\\/2023\\\/05\\\/berberiin-berberine-500mg-fit360.ee-1.png\",\"width\":600,\"height\":600,\"caption\":\"berberiin berberine 500mg - fit360.ee\"},{\"@type\":\"BreadcrumbList\",\"@id\":\"https:\\\/\\\/fit360.ee\\\/en\\\/pood\\\/product-groups\\\/superfoods-health-foods-en\\\/berberine-en\\\/berberine-500mg-90tabs\\\/#breadcrumb\",\"itemListElement\":[{\"@type\":\"ListItem\",\"position\":1,\"name\":\"Home\",\"item\":\"https:\\\/\\\/fit360.ee\\\/en\\\/\"},{\"@type\":\"ListItem\",\"position\":2,\"name\":\"Shop\",\"item\":\"https:\\\/\\\/fit360.ee\\\/en\\\/shop\\\/\"},{\"@type\":\"ListItem\",\"position\":3,\"name\":\"MuscleCare Berberine 500mg (90tabs)\"}]},{\"@type\":\"WebSite\",\"@id\":\"https:\\\/\\\/fit360.ee\\\/en\\\/#website\",\"url\":\"https:\\\/\\\/fit360.ee\\\/en\\\/\",\"name\":\"Fit360\",\"description\":\"\",\"publisher\":{\"@id\":\"https:\\\/\\\/fit360.ee\\\/en\\\/#organization\"},\"potentialAction\":[{\"@type\":\"SearchAction\",\"target\":{\"@type\":\"EntryPoint\",\"urlTemplate\":\"https:\\\/\\\/fit360.ee\\\/en\\\/?s={search_term_string}\"},\"query-input\":{\"@type\":\"PropertyValueSpecification\",\"valueRequired\":true,\"valueName\":\"search_term_string\"}}],\"inLanguage\":\"en-US\"},{\"@type\":\"Organization\",\"@id\":\"https:\\\/\\\/fit360.ee\\\/en\\\/#organization\",\"name\":\"Fit360\",\"url\":\"https:\\\/\\\/fit360.ee\\\/en\\\/\",\"logo\":{\"@type\":\"ImageObject\",\"inLanguage\":\"en-US\",\"@id\":\"https:\\\/\\\/fit360.ee\\\/en\\\/#\\\/schema\\\/logo\\\/image\\\/\",\"url\":\"https:\\\/\\\/fit360.ee\\\/wp-content\\\/uploads\\\/2017\\\/01\\\/logo-fit360.png\",\"contentUrl\":\"https:\\\/\\\/fit360.ee\\\/wp-content\\\/uploads\\\/2017\\\/01\\\/logo-fit360.png\",\"width\":180,\"height\":66,\"caption\":\"Fit360\"},\"image\":{\"@id\":\"https:\\\/\\\/fit360.ee\\\/en\\\/#\\\/schema\\\/logo\\\/image\\\/\"}}]}<\/script>\n<!-- \/ Yoast SEO plugin. -->","yoast_head_json":{"title":"MuscleCare Berberine 500mg (90tabs) - Berberiin - Kiire Tarne - Fit360","description":"Berberiin on aine, mis p\u00e4rineb Berberise perekonna taimedest. See kuulub alkaloidide r\u00fchma. Sellel on positiivne m\u00f5ju soolestiku talitlusele ja soole ...","robots":{"index":"index","follow":"follow","max-snippet":"max-snippet:-1","max-image-preview":"max-image-preview:large","max-video-preview":"max-video-preview:-1"},"canonical":"https:\/\/fit360.ee\/en\/pood\/product-groups\/superfoods-health-foods-en\/berberine-en\/berberine-500mg-90tabs\/","og_locale":"en_US","og_type":"article","og_title":"MuscleCare Berberine 500mg (90tabs) - Berberiin - Kiire Tarne - Fit360","og_description":"Berberiin on aine, mis p\u00e4rineb Berberise perekonna taimedest. See kuulub alkaloidide r\u00fchma. Sellel on positiivne m\u00f5ju soolestiku talitlusele ja soole ...","og_url":"https:\/\/fit360.ee\/en\/pood\/product-groups\/superfoods-health-foods-en\/berberine-en\/berberine-500mg-90tabs\/","og_site_name":"Fit360","article_modified_time":"2025-10-26T16:27:57+00:00","og_image":[{"width":600,"height":600,"url":"https:\/\/fit360.ee\/wp-content\/uploads\/2023\/05\/berberiin-berberine-500mg-fit360.ee-1.png","type":"image\/png"}],"twitter_card":"summary_large_image","twitter_misc":{"Est. reading time":"2 minutes"},"schema":{"@context":"https:\/\/schema.org","@graph":[{"@type":"WebPage","@id":"https:\/\/fit360.ee\/en\/pood\/product-groups\/superfoods-health-foods-en\/berberine-en\/berberine-500mg-90tabs\/","url":"https:\/\/fit360.ee\/en\/pood\/product-groups\/superfoods-health-foods-en\/berberine-en\/berberine-500mg-90tabs\/","name":"MuscleCare Berberine 500mg (90tabs) - Berberiin - Kiire Tarne - Fit360","isPartOf":{"@id":"https:\/\/fit360.ee\/en\/#website"},"primaryImageOfPage":{"@id":"https:\/\/fit360.ee\/en\/pood\/product-groups\/superfoods-health-foods-en\/berberine-en\/berberine-500mg-90tabs\/#primaryimage"},"image":{"@id":"https:\/\/fit360.ee\/en\/pood\/product-groups\/superfoods-health-foods-en\/berberine-en\/berberine-500mg-90tabs\/#primaryimage"},"thumbnailUrl":"https:\/\/fit360.ee\/wp-content\/uploads\/2023\/05\/berberiin-berberine-500mg-fit360.ee-1.png","datePublished":"2023-05-23T18:53:18+00:00","dateModified":"2025-10-26T16:27:57+00:00","description":"Berberiin on aine, mis p\u00e4rineb Berberise perekonna taimedest. See kuulub alkaloidide r\u00fchma. Sellel on positiivne m\u00f5ju soolestiku talitlusele ja soole ...","breadcrumb":{"@id":"https:\/\/fit360.ee\/en\/pood\/product-groups\/superfoods-health-foods-en\/berberine-en\/berberine-500mg-90tabs\/#breadcrumb"},"inLanguage":"en-US","potentialAction":[{"@type":"ReadAction","target":["https:\/\/fit360.ee\/en\/pood\/product-groups\/superfoods-health-foods-en\/berberine-en\/berberine-500mg-90tabs\/"]}]},{"@type":"ImageObject","inLanguage":"en-US","@id":"https:\/\/fit360.ee\/en\/pood\/product-groups\/superfoods-health-foods-en\/berberine-en\/berberine-500mg-90tabs\/#primaryimage","url":"https:\/\/fit360.ee\/wp-content\/uploads\/2023\/05\/berberiin-berberine-500mg-fit360.ee-1.png","contentUrl":"https:\/\/fit360.ee\/wp-content\/uploads\/2023\/05\/berberiin-berberine-500mg-fit360.ee-1.png","width":600,"height":600,"caption":"berberiin berberine 500mg - fit360.ee"},{"@type":"BreadcrumbList","@id":"https:\/\/fit360.ee\/en\/pood\/product-groups\/superfoods-health-foods-en\/berberine-en\/berberine-500mg-90tabs\/#breadcrumb","itemListElement":[{"@type":"ListItem","position":1,"name":"Home","item":"https:\/\/fit360.ee\/en\/"},{"@type":"ListItem","position":2,"name":"Shop","item":"https:\/\/fit360.ee\/en\/shop\/"},{"@type":"ListItem","position":3,"name":"MuscleCare Berberine 500mg (90tabs)"}]},{"@type":"WebSite","@id":"https:\/\/fit360.ee\/en\/#website","url":"https:\/\/fit360.ee\/en\/","name":"Fit360","description":"","publisher":{"@id":"https:\/\/fit360.ee\/en\/#organization"},"potentialAction":[{"@type":"SearchAction","target":{"@type":"EntryPoint","urlTemplate":"https:\/\/fit360.ee\/en\/?s={search_term_string}"},"query-input":{"@type":"PropertyValueSpecification","valueRequired":true,"valueName":"search_term_string"}}],"inLanguage":"en-US"},{"@type":"Organization","@id":"https:\/\/fit360.ee\/en\/#organization","name":"Fit360","url":"https:\/\/fit360.ee\/en\/","logo":{"@type":"ImageObject","inLanguage":"en-US","@id":"https:\/\/fit360.ee\/en\/#\/schema\/logo\/image\/","url":"https:\/\/fit360.ee\/wp-content\/uploads\/2017\/01\/logo-fit360.png","contentUrl":"https:\/\/fit360.ee\/wp-content\/uploads\/2017\/01\/logo-fit360.png","width":180,"height":66,"caption":"Fit360"},"image":{"@id":"https:\/\/fit360.ee\/en\/#\/schema\/logo\/image\/"}}]}},"_links":{"self":[{"href":"https:\/\/fit360.ee\/en\/wp-json\/wp\/v2\/product\/70562","targetHints":{"allow":["GET"]}}],"collection":[{"href":"https:\/\/fit360.ee\/en\/wp-json\/wp\/v2\/product"}],"about":[{"href":"https:\/\/fit360.ee\/en\/wp-json\/wp\/v2\/types\/product"}],"replies":[{"embeddable":true,"href":"https:\/\/fit360.ee\/en\/wp-json\/wp\/v2\/comments?post=70562"}],"wp:featuredmedia":[{"embeddable":true,"href":"https:\/\/fit360.ee\/en\/wp-json\/wp\/v2\/media\/85289"}],"wp:attachment":[{"href":"https:\/\/fit360.ee\/en\/wp-json\/wp\/v2\/media?parent=70562"}],"wp:term":[{"taxonomy":"product_brand","embeddable":true,"href":"https:\/\/fit360.ee\/en\/wp-json\/wp\/v2\/product_brand?post=70562"},{"taxonomy":"product_cat","embeddable":true,"href":"https:\/\/fit360.ee\/en\/wp-json\/wp\/v2\/product_cat?post=70562"},{"taxonomy":"product_tag","embeddable":true,"href":"https:\/\/fit360.ee\/en\/wp-json\/wp\/v2\/product_tag?post=70562"},{"taxonomy":"giftcard-category","embeddable":true,"href":"https:\/\/fit360.ee\/en\/wp-json\/wp\/v2\/giftcard-category?post=70562"}],"curies":[{"name":"wp","href":"https:\/\/api.w.org\/{rel}","templated":true}]}}