{"id":70585,"date":"2023-05-23T21:26:28","date_gmt":"2023-05-23T19:26:28","guid":{"rendered":"https:\/\/fit360.ee\/pood\/uncategorized\/iconfit-ashwagandha-90-kapslit\/"},"modified":"2026-04-11T13:12:29","modified_gmt":"2026-04-11T11:12:29","slug":"iconfit-ashwagandha-90-kapslit","status":"publish","type":"product","link":"https:\/\/fit360.ee\/en\/pood\/product-groups\/superfoods-health-foods-en\/ashwagandha-en\/iconfit-ashwagandha-90-kapslit\/","title":{"rendered":"ICONFIT Ashwagandha (90 kapslit)"},"content":{"rendered":"<h2><strong>ICONFIT Ashwagandha<\/strong><\/h2>\n<p><span style=\"font-weight: 400;\"><b>Iconfit Ashwagandha p\u00f5hineb KSM-66 Ashwagandha (Withania somnifera L. Dunal) juure ekstraktil<\/b>, mis on Ashwagandha k\u00f5rge kontsentratsiooniga ja tugevatoimeline vorm. Ekstrakt on saadud Ashwagandha taime juurtest, kasutades patenteeritud ekstraheerimisprotsessi, mis tagab taime looduslike bioaktiivsete \u00fchendite s\u00e4ilimise. KSM-66 Ashwagandha on leidnud tunnustust kui \u00fcks k\u00f5ige p\u00f5hjalikumalt uuritud ja kliiniliselt uuritud Ashwagandha ekstrakti vorme. Seda on uuritud selle arvukate tervisele kasulike omaduste t\u00f5ttu, sealhulgas selle potentsiaali toetada stressi v\u00e4hendamist, edendada l\u00f5\u00f5gastumist, parandada kognitiivseid funktsioone, suurendada energiataset ja toetada \u00fcldist heaolu.<\/span><\/p>\n<p><strong><span class=\"title\">Arvukad\u00a0kliinilised uuringud Iconfit Ashwagandha\u00a0kohta\u00a0:<\/span><\/strong><\/p>\n<p>1) Ravigrupp, kellele anti k\u00f5rge kontsentratsiooniga t\u00e4isspektrilist\u00a0<strong>Ashwagandha<\/strong>\u00a0juure ekstrakti, n\u00e4itas 60. p\u00e4eval k\u00f5ikide stressi hindamisskaalade punktide olulist v\u00e4henemist. Uuringu tulemused n\u00e4itavad, et k\u00f5rge kontsentratsiooniga t\u00e4isspektriline Ashwagandha juure ekstrakt parandab ohutult ja t\u00f5husalt inimese vastupanu\u00a0<strong>stressile ja parandab seel\u00e4bi enesehinnangulist elukvaliteeti<\/strong>.<\/p>\n<p>2)\u00a0<strong>Ashwagandha&#8217;t\u00a0<b>regulaarselt manustanud<\/b><\/strong>\u00a0treeningr\u00fchmal oli oluliselt suurem\u00a0<strong>lihasj\u00f5u<\/strong>\u00a0kasv\u00a0ning oluliselt suurem\u00a0<strong>lihaste suuruse kasv<\/strong><strong>\u00a0k\u00e4te ja<\/strong>\u00a0<strong>rindkere<\/strong>\u00a0juures. V\u00f5rreldes platseebot saanud isikutega oli\u00a0<strong>Ashwagandha&#8217;t<\/strong>\u00a0saanud isikutel ka oluliselt v\u00e4iksem protsent saada\u00a0<strong>treeningust p\u00f5hjustatud lihaskahjustusi<\/strong>.\u00a0<strong>Ashwagandhaga\u00a0<\/strong>oli oluliselt suurem\u00a0<strong>testosterooni taseme t\u00f5us\u00a0<\/strong>ja oluliselt k\u00f5rgem\u00a0<strong>keha rasvaprotsendi v\u00e4henemine<\/strong>. Uuringus n\u00e4itas, et\u00a0<strong>Ashwagandha tarbimine<\/strong>\u00a0on seotud<strong>\u00a0lihasmassi ja -j\u00f5u\u00a0<\/strong>m\u00e4rkimisv\u00e4\u00e4rse suurenemisega<b>.<\/b><\/p>\n<p><strong>Koostisosad:<\/strong>\u00a0<span style=\"font-weight: 400;\">Ashwagandha (Withania somnifera L. Dunal) juure pulber, KSM-66 Ashwagandha (Withania somnifera L. Dunal) juure ekstrakt, taimne kapsel (glaseeraine pullulaan).<\/span><\/p>\n<p><strong>Kasutamine<\/strong>: V\u00f5tke 2 kapslit p\u00e4evas koos veega! \u00dcks purk kestab 45 p\u00e4eva.<\/p>\n<p><strong>Suurus<\/strong>: 90 <a href=\"https:\/\/fit360.ee\/en\/product-category\/product-groups\/%d0%b2%d0%b5%d0%b3%d0%b0%d0%bd\/vegan-capsules-en\/\"><strong>vCaps &#8211; Vegan kapslit<\/strong><\/a> &#8211; 45 serveeringut.<\/p>\n<table width=\"503\">\n<thead>\n<tr style=\"height: 38px;\">\n<th style=\"height: 38px; width: 424.688px;\" align=\"left\"><strong>P\u00c4EVANE ANNUS:<\/strong><\/th>\n<th style=\"height: 38px; width: 64.3125px;\" align=\"left\">2 kapslit<\/th>\n<\/tr>\n<\/thead>\n<tbody>\n<tr style=\"height: 19px;\">\n<td style=\"height: 19px; width: 424.688px;\" align=\"left\">Ashwagandha (Withania somnifera L. Dunal) juure pulber<\/td>\n<td style=\"height: 19px; width: 64.3125px;\" align=\"left\">750 mg<\/td>\n<\/tr>\n<tr style=\"height: 38px;\">\n<td style=\"height: 38px; width: 424.688px;\" align=\"left\">KSM-66 Ashwagandha (Withania somnifera L. Dunal) juure ekstrakt 12:1<\/td>\n<td style=\"height: 38px; width: 64.3125px;\" align=\"left\">250 mg<\/td>\n<\/tr>\n<\/tbody>\n<\/table>\n<p>Vaata ka meie teisi Ashwagandhasid <a href=\"https:\/\/fit360.ee\/en\/product-category\/product-groups\/superfoods-health-foods-en\/ashwagandha-en\/\"><strong>SIIT<\/strong><\/a>!<\/p>\n<p>Soovid teha suuremat tellimust? Vaata antud toodet meie HULGI lehelt\u00a0<a href=\"https:\/\/toidulisandidhulgi.ee\/product\/iconfit-ashwagandha-90-kapslit\/\"><strong>SIIT<\/strong><\/a>!<\/p>\n","protected":false},"excerpt":{"rendered":"<ul>\n<li style=\"font-weight: 400;\"><span style=\"font-weight: 400;\"><strong>Stressi ja \u00e4revuse juhtimine<\/strong>: Ashwagandha kapslite regulaarne tarbimine v\u00f5ib toetada stressi v\u00e4hendamist ja \u00e4revuse juhtimist.<\/span><\/li>\n<li style=\"font-weight: 400;\"><span style=\"font-weight: 400;\"><strong>Energia ja eluj\u00f5ud<\/strong>: Kui tunnete end v\u00e4sinuna v\u00f5i energiapuudust, v\u00f5ib ashwagandha anda loomuliku energia t\u00f5uke.<\/span><\/li>\n<li style=\"font-weight: 400;\"><span style=\"font-weight: 400;\"><strong>Kognitiivne funktsioon<\/strong>: Ashwagandha&#8217;t on traditsiooniliselt kasutatud kognitiivsete funktsioonide &#8211; m\u00e4lu ja keskendumise toetamiseks.<\/span><\/li>\n<li style=\"font-weight: 400;\"><span style=\"font-weight: 400;\"><strong>Immuuns\u00fcsteemi toetus<\/strong>: Ashwagandha\u00a0on tuntud oma immuuns\u00fcsteemi moduleerivate omaduste poolest.<\/span><\/li>\n<li style=\"font-weight: 400;\"><span style=\"font-weight: 400;\"><strong>F\u00fc\u00fcsiline j\u00f5udlus ja taastumine<\/strong>: Ashwagandha&#8217;t on uuritud selle potentsiaali t\u00f5ttu parandada f\u00fc\u00fcsilist vastupidavust, suurendada lihasj\u00f5udu ja toetada treeningust taastumist.<\/span><\/li>\n<li style=\"font-weight: 400;\"><span style=\"font-weight: 400;\"><strong>Hormonaalne tasakaal<\/strong>: Ashwagandha v\u00f5ib aidata edendada hormonaalset tasakaalu. Seda on traditsiooniliselt kasutatud menstruatsioonih\u00e4irete ja menopausi s\u00fcmptomite toetamiseks.<\/span><\/li>\n<\/ul>\n","protected":false},"featured_media":70584,"comment_status":"closed","ping_status":"closed","template":"","meta":[],"product_brand":[],"product_cat":[2347,1318,1454,532,2664,1201],"product_tag":[2182,2847,1681],"giftcard-category":[],"class_list":{"0":"post-70585","1":"product","2":"type-product","3":"status-publish","4":"has-post-thumbnail","6":"product_cat-ashwagandha-en","7":"product_cat-iconfit-en","8":"product_cat-superfoods-health-foods-en","9":"product_cat-testosterone-boosters-en","10":"product_cat-vegan-capsules-en","11":"product_cat-1201","12":"product_tag-ashwagandha-en","13":"product_tag-ashwagandha-ksm66-en","14":"product_tag-iconfit-en","15":"pa_kogus-90-vcaps-en","16":"pa_toidulisand-branddd-iconfit","17":"pa_tootegruppp-ashwagandha-en","18":"pa_tootegruppp-supertoit-tervisetoit-en","19":"pa_tootegruppp-testosterone-enhancers","21":"first","22":"instock","23":"sale","24":"taxable","25":"shipping-taxable","26":"purchasable","27":"product-type-simple"},"yoast_head":"<!-- This site is optimized with the Yoast SEO plugin v27.3 - https:\/\/yoast.com\/product\/yoast-seo-wordpress\/ -->\n<title>ICONFIT Ashwagandha (90 kapslit) - Kiire Tarne - Fit360<\/title>\n<meta name=\"description\" content=\"Iconfit Ashwagandha KSM-66 (Withania somnifera L. Dunal) on Ashwagandha k\u00f5rge kontsentratsiooniga ja tugevatoimeline vorm. Ekstrakt on saadud ...\" \/>\n<meta name=\"robots\" content=\"index, follow, max-snippet:-1, max-image-preview:large, max-video-preview:-1\" \/>\n<link rel=\"canonical\" href=\"https:\/\/fit360.ee\/en\/pood\/product-groups\/superfoods-health-foods-en\/ashwagandha-en\/iconfit-ashwagandha-90-kapslit\/\" \/>\n<meta property=\"og:locale\" content=\"en_US\" \/>\n<meta property=\"og:type\" content=\"article\" \/>\n<meta property=\"og:title\" content=\"ICONFIT Ashwagandha (90 kapslit) - Kiire Tarne - Fit360\" \/>\n<meta property=\"og:description\" content=\"Iconfit Ashwagandha KSM-66 (Withania somnifera L. Dunal) on Ashwagandha k\u00f5rge kontsentratsiooniga ja tugevatoimeline vorm. Ekstrakt on saadud ...\" \/>\n<meta property=\"og:url\" content=\"https:\/\/fit360.ee\/en\/pood\/product-groups\/superfoods-health-foods-en\/ashwagandha-en\/iconfit-ashwagandha-90-kapslit\/\" \/>\n<meta property=\"og:site_name\" content=\"Fit360\" \/>\n<meta property=\"article:modified_time\" content=\"2026-04-11T11:12:29+00:00\" \/>\n<meta property=\"og:image\" content=\"https:\/\/fit360.ee\/wp-content\/uploads\/2023\/05\/iconfit-ashwagandha-fit360.ee_.jpg\" \/>\n\t<meta property=\"og:image:width\" content=\"695\" \/>\n\t<meta property=\"og:image:height\" content=\"695\" \/>\n\t<meta property=\"og:image:type\" content=\"image\/jpeg\" \/>\n<meta name=\"twitter:card\" content=\"summary_large_image\" \/>\n<meta name=\"twitter:label1\" content=\"Est. reading time\" \/>\n\t<meta name=\"twitter:data1\" content=\"2 minutes\" \/>\n<script type=\"application\/ld+json\" class=\"yoast-schema-graph\">{\"@context\":\"https:\\\/\\\/schema.org\",\"@graph\":[{\"@type\":\"WebPage\",\"@id\":\"https:\\\/\\\/fit360.ee\\\/en\\\/pood\\\/product-groups\\\/superfoods-health-foods-en\\\/ashwagandha-en\\\/iconfit-ashwagandha-90-kapslit\\\/\",\"url\":\"https:\\\/\\\/fit360.ee\\\/en\\\/pood\\\/product-groups\\\/superfoods-health-foods-en\\\/ashwagandha-en\\\/iconfit-ashwagandha-90-kapslit\\\/\",\"name\":\"ICONFIT Ashwagandha (90 kapslit) - Kiire Tarne - Fit360\",\"isPartOf\":{\"@id\":\"https:\\\/\\\/fit360.ee\\\/en\\\/#website\"},\"primaryImageOfPage\":{\"@id\":\"https:\\\/\\\/fit360.ee\\\/en\\\/pood\\\/product-groups\\\/superfoods-health-foods-en\\\/ashwagandha-en\\\/iconfit-ashwagandha-90-kapslit\\\/#primaryimage\"},\"image\":{\"@id\":\"https:\\\/\\\/fit360.ee\\\/en\\\/pood\\\/product-groups\\\/superfoods-health-foods-en\\\/ashwagandha-en\\\/iconfit-ashwagandha-90-kapslit\\\/#primaryimage\"},\"thumbnailUrl\":\"https:\\\/\\\/fit360.ee\\\/wp-content\\\/uploads\\\/2023\\\/05\\\/iconfit-ashwagandha-fit360.ee_.jpg\",\"datePublished\":\"2023-05-23T19:26:28+00:00\",\"dateModified\":\"2026-04-11T11:12:29+00:00\",\"description\":\"Iconfit Ashwagandha KSM-66 (Withania somnifera L. Dunal) on Ashwagandha k\u00f5rge kontsentratsiooniga ja tugevatoimeline vorm. Ekstrakt on saadud ...\",\"breadcrumb\":{\"@id\":\"https:\\\/\\\/fit360.ee\\\/en\\\/pood\\\/product-groups\\\/superfoods-health-foods-en\\\/ashwagandha-en\\\/iconfit-ashwagandha-90-kapslit\\\/#breadcrumb\"},\"inLanguage\":\"en-US\",\"potentialAction\":[{\"@type\":\"ReadAction\",\"target\":[\"https:\\\/\\\/fit360.ee\\\/en\\\/pood\\\/product-groups\\\/superfoods-health-foods-en\\\/ashwagandha-en\\\/iconfit-ashwagandha-90-kapslit\\\/\"]}]},{\"@type\":\"ImageObject\",\"inLanguage\":\"en-US\",\"@id\":\"https:\\\/\\\/fit360.ee\\\/en\\\/pood\\\/product-groups\\\/superfoods-health-foods-en\\\/ashwagandha-en\\\/iconfit-ashwagandha-90-kapslit\\\/#primaryimage\",\"url\":\"https:\\\/\\\/fit360.ee\\\/wp-content\\\/uploads\\\/2023\\\/05\\\/iconfit-ashwagandha-fit360.ee_.jpg\",\"contentUrl\":\"https:\\\/\\\/fit360.ee\\\/wp-content\\\/uploads\\\/2023\\\/05\\\/iconfit-ashwagandha-fit360.ee_.jpg\",\"width\":695,\"height\":695,\"caption\":\"iconfit ashwagandha - fit360.ee\"},{\"@type\":\"BreadcrumbList\",\"@id\":\"https:\\\/\\\/fit360.ee\\\/en\\\/pood\\\/product-groups\\\/superfoods-health-foods-en\\\/ashwagandha-en\\\/iconfit-ashwagandha-90-kapslit\\\/#breadcrumb\",\"itemListElement\":[{\"@type\":\"ListItem\",\"position\":1,\"name\":\"Home\",\"item\":\"https:\\\/\\\/fit360.ee\\\/en\\\/\"},{\"@type\":\"ListItem\",\"position\":2,\"name\":\"Shop\",\"item\":\"https:\\\/\\\/fit360.ee\\\/en\\\/shop\\\/\"},{\"@type\":\"ListItem\",\"position\":3,\"name\":\"ICONFIT Ashwagandha (90 kapslit)\"}]},{\"@type\":\"WebSite\",\"@id\":\"https:\\\/\\\/fit360.ee\\\/en\\\/#website\",\"url\":\"https:\\\/\\\/fit360.ee\\\/en\\\/\",\"name\":\"Fit360\",\"description\":\"\",\"publisher\":{\"@id\":\"https:\\\/\\\/fit360.ee\\\/en\\\/#organization\"},\"potentialAction\":[{\"@type\":\"SearchAction\",\"target\":{\"@type\":\"EntryPoint\",\"urlTemplate\":\"https:\\\/\\\/fit360.ee\\\/en\\\/?s={search_term_string}\"},\"query-input\":{\"@type\":\"PropertyValueSpecification\",\"valueRequired\":true,\"valueName\":\"search_term_string\"}}],\"inLanguage\":\"en-US\"},{\"@type\":\"Organization\",\"@id\":\"https:\\\/\\\/fit360.ee\\\/en\\\/#organization\",\"name\":\"Fit360\",\"url\":\"https:\\\/\\\/fit360.ee\\\/en\\\/\",\"logo\":{\"@type\":\"ImageObject\",\"inLanguage\":\"en-US\",\"@id\":\"https:\\\/\\\/fit360.ee\\\/en\\\/#\\\/schema\\\/logo\\\/image\\\/\",\"url\":\"https:\\\/\\\/fit360.ee\\\/wp-content\\\/uploads\\\/2017\\\/01\\\/logo-fit360.png\",\"contentUrl\":\"https:\\\/\\\/fit360.ee\\\/wp-content\\\/uploads\\\/2017\\\/01\\\/logo-fit360.png\",\"width\":180,\"height\":66,\"caption\":\"Fit360\"},\"image\":{\"@id\":\"https:\\\/\\\/fit360.ee\\\/en\\\/#\\\/schema\\\/logo\\\/image\\\/\"}}]}<\/script>\n<!-- \/ Yoast SEO plugin. -->","yoast_head_json":{"title":"ICONFIT Ashwagandha (90 kapslit) - Kiire Tarne - Fit360","description":"Iconfit Ashwagandha KSM-66 (Withania somnifera L. Dunal) on Ashwagandha k\u00f5rge kontsentratsiooniga ja tugevatoimeline vorm. Ekstrakt on saadud ...","robots":{"index":"index","follow":"follow","max-snippet":"max-snippet:-1","max-image-preview":"max-image-preview:large","max-video-preview":"max-video-preview:-1"},"canonical":"https:\/\/fit360.ee\/en\/pood\/product-groups\/superfoods-health-foods-en\/ashwagandha-en\/iconfit-ashwagandha-90-kapslit\/","og_locale":"en_US","og_type":"article","og_title":"ICONFIT Ashwagandha (90 kapslit) - Kiire Tarne - Fit360","og_description":"Iconfit Ashwagandha KSM-66 (Withania somnifera L. Dunal) on Ashwagandha k\u00f5rge kontsentratsiooniga ja tugevatoimeline vorm. Ekstrakt on saadud ...","og_url":"https:\/\/fit360.ee\/en\/pood\/product-groups\/superfoods-health-foods-en\/ashwagandha-en\/iconfit-ashwagandha-90-kapslit\/","og_site_name":"Fit360","article_modified_time":"2026-04-11T11:12:29+00:00","og_image":[{"width":695,"height":695,"url":"https:\/\/fit360.ee\/wp-content\/uploads\/2023\/05\/iconfit-ashwagandha-fit360.ee_.jpg","type":"image\/jpeg"}],"twitter_card":"summary_large_image","twitter_misc":{"Est. reading time":"2 minutes"},"schema":{"@context":"https:\/\/schema.org","@graph":[{"@type":"WebPage","@id":"https:\/\/fit360.ee\/en\/pood\/product-groups\/superfoods-health-foods-en\/ashwagandha-en\/iconfit-ashwagandha-90-kapslit\/","url":"https:\/\/fit360.ee\/en\/pood\/product-groups\/superfoods-health-foods-en\/ashwagandha-en\/iconfit-ashwagandha-90-kapslit\/","name":"ICONFIT Ashwagandha (90 kapslit) - Kiire Tarne - Fit360","isPartOf":{"@id":"https:\/\/fit360.ee\/en\/#website"},"primaryImageOfPage":{"@id":"https:\/\/fit360.ee\/en\/pood\/product-groups\/superfoods-health-foods-en\/ashwagandha-en\/iconfit-ashwagandha-90-kapslit\/#primaryimage"},"image":{"@id":"https:\/\/fit360.ee\/en\/pood\/product-groups\/superfoods-health-foods-en\/ashwagandha-en\/iconfit-ashwagandha-90-kapslit\/#primaryimage"},"thumbnailUrl":"https:\/\/fit360.ee\/wp-content\/uploads\/2023\/05\/iconfit-ashwagandha-fit360.ee_.jpg","datePublished":"2023-05-23T19:26:28+00:00","dateModified":"2026-04-11T11:12:29+00:00","description":"Iconfit Ashwagandha KSM-66 (Withania somnifera L. Dunal) on Ashwagandha k\u00f5rge kontsentratsiooniga ja tugevatoimeline vorm. Ekstrakt on saadud ...","breadcrumb":{"@id":"https:\/\/fit360.ee\/en\/pood\/product-groups\/superfoods-health-foods-en\/ashwagandha-en\/iconfit-ashwagandha-90-kapslit\/#breadcrumb"},"inLanguage":"en-US","potentialAction":[{"@type":"ReadAction","target":["https:\/\/fit360.ee\/en\/pood\/product-groups\/superfoods-health-foods-en\/ashwagandha-en\/iconfit-ashwagandha-90-kapslit\/"]}]},{"@type":"ImageObject","inLanguage":"en-US","@id":"https:\/\/fit360.ee\/en\/pood\/product-groups\/superfoods-health-foods-en\/ashwagandha-en\/iconfit-ashwagandha-90-kapslit\/#primaryimage","url":"https:\/\/fit360.ee\/wp-content\/uploads\/2023\/05\/iconfit-ashwagandha-fit360.ee_.jpg","contentUrl":"https:\/\/fit360.ee\/wp-content\/uploads\/2023\/05\/iconfit-ashwagandha-fit360.ee_.jpg","width":695,"height":695,"caption":"iconfit ashwagandha - fit360.ee"},{"@type":"BreadcrumbList","@id":"https:\/\/fit360.ee\/en\/pood\/product-groups\/superfoods-health-foods-en\/ashwagandha-en\/iconfit-ashwagandha-90-kapslit\/#breadcrumb","itemListElement":[{"@type":"ListItem","position":1,"name":"Home","item":"https:\/\/fit360.ee\/en\/"},{"@type":"ListItem","position":2,"name":"Shop","item":"https:\/\/fit360.ee\/en\/shop\/"},{"@type":"ListItem","position":3,"name":"ICONFIT Ashwagandha (90 kapslit)"}]},{"@type":"WebSite","@id":"https:\/\/fit360.ee\/en\/#website","url":"https:\/\/fit360.ee\/en\/","name":"Fit360","description":"","publisher":{"@id":"https:\/\/fit360.ee\/en\/#organization"},"potentialAction":[{"@type":"SearchAction","target":{"@type":"EntryPoint","urlTemplate":"https:\/\/fit360.ee\/en\/?s={search_term_string}"},"query-input":{"@type":"PropertyValueSpecification","valueRequired":true,"valueName":"search_term_string"}}],"inLanguage":"en-US"},{"@type":"Organization","@id":"https:\/\/fit360.ee\/en\/#organization","name":"Fit360","url":"https:\/\/fit360.ee\/en\/","logo":{"@type":"ImageObject","inLanguage":"en-US","@id":"https:\/\/fit360.ee\/en\/#\/schema\/logo\/image\/","url":"https:\/\/fit360.ee\/wp-content\/uploads\/2017\/01\/logo-fit360.png","contentUrl":"https:\/\/fit360.ee\/wp-content\/uploads\/2017\/01\/logo-fit360.png","width":180,"height":66,"caption":"Fit360"},"image":{"@id":"https:\/\/fit360.ee\/en\/#\/schema\/logo\/image\/"}}]}},"_links":{"self":[{"href":"https:\/\/fit360.ee\/en\/wp-json\/wp\/v2\/product\/70585","targetHints":{"allow":["GET"]}}],"collection":[{"href":"https:\/\/fit360.ee\/en\/wp-json\/wp\/v2\/product"}],"about":[{"href":"https:\/\/fit360.ee\/en\/wp-json\/wp\/v2\/types\/product"}],"replies":[{"embeddable":true,"href":"https:\/\/fit360.ee\/en\/wp-json\/wp\/v2\/comments?post=70585"}],"wp:featuredmedia":[{"embeddable":true,"href":"https:\/\/fit360.ee\/en\/wp-json\/wp\/v2\/media\/70584"}],"wp:attachment":[{"href":"https:\/\/fit360.ee\/en\/wp-json\/wp\/v2\/media?parent=70585"}],"wp:term":[{"taxonomy":"product_brand","embeddable":true,"href":"https:\/\/fit360.ee\/en\/wp-json\/wp\/v2\/product_brand?post=70585"},{"taxonomy":"product_cat","embeddable":true,"href":"https:\/\/fit360.ee\/en\/wp-json\/wp\/v2\/product_cat?post=70585"},{"taxonomy":"product_tag","embeddable":true,"href":"https:\/\/fit360.ee\/en\/wp-json\/wp\/v2\/product_tag?post=70585"},{"taxonomy":"giftcard-category","embeddable":true,"href":"https:\/\/fit360.ee\/en\/wp-json\/wp\/v2\/giftcard-category?post=70585"}],"curies":[{"name":"wp","href":"https:\/\/api.w.org\/{rel}","templated":true}]}}