{"id":70615,"date":"2023-05-26T14:26:17","date_gmt":"2023-05-26T12:26:17","guid":{"rendered":"https:\/\/fit360.ee\/pood\/uncategorized\/digestive-enzymes-60caps\/"},"modified":"2026-03-26T16:26:17","modified_gmt":"2026-03-26T14:26:17","slug":"digestive-enzymes-60caps","status":"publish","type":"product","link":"https:\/\/fit360.ee\/en\/pood\/product-groups\/%d0%b2%d0%b5%d0%b3%d0%b0%d0%bd\/vegan-capsules-en\/digestive-enzymes-60caps\/","title":{"rendered":"Digestive Enzymes (60caps)"},"content":{"rendered":"<h2>Digestive Enzymes<\/h2>\n<p><b>ICONFIT Digestive Enzymes<\/b>\u00a0on kvaliteetne toidulisand, mis on loodud toetama\u00a0<b>seedimist<\/b>\u00a0ja\u00a0<b>toitainete imendumist<\/b>. See sisaldab unikaalset\u00a0<b>DigeZyme\u00ae<\/b>\u00a0patenteeritud segu viiest spetsiifilisest ens\u00fc\u00fcmist:\u00a0<b>\u03b1-am\u00fclaas, proteaas, lipaas, tsellulaas ja laktaas<\/b>. Lisaks on see rikastatud\u00a0<b>bromelaiiniga<\/b>, ananassist saadud loodusliku seedeens\u00fc\u00fcmiga.<br \/>\nSee v\u00f5imas kombinatsioon aitab lagundada mitmesuguseid toidukomponente, sealhulgas\u00a0<b>s\u00fcsivesikuid<\/b>,<b> valke<\/b>,\u00a0<b>rasvu<\/b>, <b>tselluloosi ja laktoosi<\/b>, edendades tervislikku seedimist ja leevendades seedeprobleemidega seotud ebamugavustunnet.<\/p>\n<ul>\n<li><b>\u03b1-am\u00fclaas, proteaas, lipaas, tsellulaas ja laktaas:<\/b>\u00a0Need ens\u00fc\u00fcmid t\u00f6\u00f6tavad koos, et t\u00f5husalt lagundada erinevat t\u00fc\u00fcpi makrotoitaineid, tagades optimaalse seedimise.<\/li>\n<li><b>Parandatud toitainete imendumine:<\/b>\u00a0Aitab parandada toitev\u00e4\u00e4rtust toidust, toetades \u00fcldist tervist ja eluj\u00f5udu.<\/li>\n<li><b>Seedimise parandamine:<\/b>\u00a0Kui teil esineb aeg-ajalt seedimisega seotud ebamugavusi: puhitus, gaasid, v\u00f5ivad ICONFIT seedeens\u00fc\u00fcmid pakkuda leevendust. Hoolikalt valitud ens\u00fc\u00fcmid ja bromelaiin aitavad leevendada levinud seedeprobleeme, v\u00f5imaldades teil oma lemmiktoite nautida ilma ebamugavustundeta.<\/li>\n<li><b>Lai toidu \u00fchilduvus:<\/b>\u00a0Olgu teie dieet s\u00fcsivesikute-, valkude-, rasvade- v\u00f5i kiudainerikas, saavad ICONFIT seedeens\u00fc\u00fcmid aidata paljude erinevate toitude seedimisel. T\u00e4rkliserikastest toitudest valgurohkete s\u00f6\u00f6kideni.<\/li>\n<\/ul>\n<p><b>DigeZyme\u00ae<\/b>\u00a0on unikaalne, omavahel segatud viie spetsiifilise ens\u00fc\u00fcmi kombinatsioon, \u03b1-am\u00fclaas (t\u00e4rklise seedeens\u00fc\u00fcm), proteaas (valkude seedeens\u00fc\u00fcm), lipaas (rasvade seedeens\u00fc\u00fcm), tsellulaas (tselluloosi h\u00fcdrol\u00fc\u00fcsiv ens\u00fc\u00fcm) ja laktaas (laktoosi h\u00fcdrol\u00fc\u00fcsiv ens\u00fc\u00fcm).<\/p>\n<p><strong>\u03b1-Am\u00fclaas <\/strong>\u00a0<strong>\u03b1-Am\u00fclaas <\/strong>\u00a0 on ens\u00fc\u00fcm, mis m\u00e4ngib olulist rolli s\u00fcsivesikute seedimisel. See lagundab keerulised t\u00e4rklisemolekulid v\u00e4iksemateks osadeks &#8211; maltoos ja gl\u00fckoos.<\/p>\n<h4>Proteaas<\/h4>\n<p><strong>Proteaas<\/strong>\u00a0on v\u00f5tmeens\u00fc\u00fcm, mis vastutab valkude seedimise eest. See lagundab valgud v\u00e4iksemateks peptiidideks ja aminohapeteks, mida keha saab kergemini omastada ja kasutada. Proteaasi lisandina kasutades saate toetada valgurikaste toitude seedimist, tagades optimaalse toitainete imendumise ning aidates kaasa lihaste taastumisele ja kasvule.<\/p>\n<h4>Lipaas<\/h4>\n<p><strong>Lipaas<\/strong> on oluline ens\u00fc\u00fcm, mis osaleb toidurasvade seedimises. See lagundab rasvad rasvhapeteks ja gl\u00fctseriiniks, v\u00f5imaldades nende imendumist soolestikus. Lipaasi lisamisega saate toetada toidurasvade seedimist ja kasutamist, edendades tervislikku lipiidiprofiili ja \u00fcldist seedimise heaolu.<\/p>\n<h4>Tsellulaas<\/h4>\n<p><b>Tsellulaas<\/b> on ens\u00fc\u00fcm, mis on suunatud tselluloosile, komplekssele s\u00fcsivesikule, mida leidub taimede rakuseintes. Inimesel puudub v\u00f5ime toota tsellulaasi looduslikult, mis raskendab kiudainerikaste toiduainete t\u00e4ielikku seedimist. Tsellulaasi lisamisega saate suurendada tselluloosi lagundamist, parandada seedimist ja v\u00e4hendada kiudainerikka toidu tarbimisega seotud tavalisi ebamugavusi.<\/p>\n<h4>Laktaas<\/h4>\n<p><b>Laktaas<\/b> on ens\u00fc\u00fcm, mis spetsiaalselt lagundab laktoosi, piimatoodetes leiduvat suhkrut. Paljud inimesed kogevad laktoositalumatust, seisundit, mida iseloomustab laktoosi ebapiisav seedimine. Laktaasi lisandina saate toetada laktoosi seedimist.<br \/>\n<strong>Koostisosad:<\/strong>\u00a0DigeZyme\u00ae ens\u00fc\u00fcmikompleks (am\u00fclaas, proteaas, laktaas, lipaas, tsellulaas), bromelaiin ananassi (Ananas Comosus) viljadest, riisijahu, taimne kapsel (glaseeraine pullulaan).<\/p>\n<p><strong>Kasutamine<\/strong>: V\u00f5tke 3 kapslit p\u00e4evas enne s\u00f6\u00f6ki koos klaasi veega.<\/p>\n<p><b>HOIATUS:<\/b> Mitte kasutada toidulisandit mitmekesise toitumise asendajana. Oluline on toituda mitmek\u00fclgselt ja tasakaalustatult ning harrastada tervislikku elustiili. \u00c4rge \u00fcletage soovitatavat \u00f6\u00f6p\u00e4evast annust. Hoida lastele k\u00e4ttesaamatus kohas.<\/p>\n<table width=\"503\">\n<thead>\n<tr style=\"height: 38px;\">\n<th style=\"height: 38px; width: 424.688px;\" align=\"left\">P\u00c4EVANE ANNUS SISALDAB:<\/th>\n<th style=\"height: 38px; width: 64.3125px;\" align=\"left\">3 kapslit (ens\u00fc\u00fcmide aktiivsus*)<\/th>\n<\/tr>\n<\/thead>\n<tbody>\n<tr style=\"height: 19px;\">\n<td style=\"height: 19px; width: 424.688px;\" align=\"left\">Am\u00fclaas<\/td>\n<td style=\"height: 19px; width: 64.3125px;\" align=\"left\">18 000 DU<\/td>\n<\/tr>\n<tr style=\"height: 38px;\">\n<td style=\"height: 38px; width: 424.688px;\" align=\"left\">Proteaas<\/td>\n<td style=\"height: 38px; width: 64.3125px;\" align=\"left\">4500 PC<\/td>\n<\/tr>\n<tr style=\"height: 7.375px;\">\n<td style=\"height: 7.375px; width: 424.688px;\" align=\"left\">Laktaas<\/td>\n<td style=\"height: 7.375px; width: 64.3125px;\" align=\"left\">3000 ALU<\/td>\n<\/tr>\n<tr style=\"height: 7.375px;\">\n<td style=\"height: 7.375px; width: 424.688px;\" align=\"left\">Lipaas<\/td>\n<td style=\"height: 7.375px; width: 64.3125px;\" align=\"left\">150 FIP<\/td>\n<\/tr>\n<tr style=\"height: 7.375px;\">\n<td style=\"height: 7.375px; width: 424.688px;\" align=\"left\">Tsellulaas<\/td>\n<td style=\"height: 7.375px; width: 64.3125px;\" align=\"left\">825 CU<\/td>\n<\/tr>\n<tr style=\"height: 7.375px;\">\n<td style=\"height: 7.375px; width: 424.688px;\" align=\"left\">Bromelaiin<\/td>\n<td style=\"height: 7.375px; width: 64.3125px;\" align=\"left\">1250 GDU<\/td>\n<\/tr>\n<\/tbody>\n<\/table>\n<p>*Ents\u00fc\u00fcmide aktiivsus on m\u00f5\u00f5detud ja v\u00e4ljendatud \u00fchikutes vastavalt riiklikele standarditele (FCC) taimeens\u00fc\u00fcmide jaoks.<\/p>\n<p>Vaata ka meie Teisi Vitamiine\/Mineraale <a href=\"https:\/\/fit360.ee\/en\/product-category\/product-groups\/vitamins-and-minerals-en\/\" target=\"_blank\" rel=\"noopener\"><strong>SIIT<\/strong><\/a>!<\/p>\n","protected":false},"excerpt":{"rendered":"<ul>\n<li><b>\u03b1-am\u00fclaas, proteaas, lipaas, tsellulaas ja laktaas:<\/b>\u00a0Need ens\u00fc\u00fcmid t\u00f6\u00f6tavad koos, et t\u00f5husalt lagundada erinevat t\u00fc\u00fcpi makrotoitaineid, tagades optimaalse seedimise.<\/li>\n<li><b>Parandatud toitainete imendumine:<\/b>\u00a0Aitab parandada toitev\u00e4\u00e4rtust toidust, toetades \u00fcldist tervist ja eluj\u00f5udu.<\/li>\n<li><b>Seedimise parandamine:<\/b>\u00a0Kui teil esineb aeg-ajalt seedimisega seotud ebamugavusi: puhitus, gaasid, v\u00f5ivad ICONFIT seedeens\u00fc\u00fcmid pakkuda leevendust. Hoolikalt valitud ens\u00fc\u00fcmid ja bromelaiin aitavad leevendada levinud seedeprobleeme, v\u00f5imaldades teil oma lemmiktoite nautida ilma ebamugavustundeta.<\/li>\n<li><b>Lai toidu \u00fchilduvus:<\/b>\u00a0Olgu teie dieet s\u00fcsivesikute-, valkude-, rasvade- v\u00f5i kiudainerikas, saavad ICONFIT seedeens\u00fc\u00fcmid aidata paljude erinevate toitude seedimisel. T\u00e4rkliserikastest toitudest valgurohkete s\u00f6\u00f6kideni.<\/li>\n<\/ul>\n","protected":false},"featured_media":70613,"comment_status":"closed","ping_status":"closed","template":"","meta":[],"product_brand":[],"product_cat":[1318,1454,2664,536,1201],"product_tag":[4356,4357,1681],"giftcard-category":[],"class_list":{"0":"post-70615","1":"product","2":"type-product","3":"status-publish","4":"has-post-thumbnail","6":"product_cat-iconfit-en","7":"product_cat-superfoods-health-foods-en","8":"product_cat-vegan-capsules-en","9":"product_cat-vitamins-and-minerals-en","10":"product_cat-1201","11":"product_tag-digestive-enzymes-en","12":"product_tag-digezyme-en","13":"product_tag-iconfit-en","14":"pa_kogus-60-capsules","15":"pa_toidulisand-branddd-iconfit","16":"pa_tootegruppp-supertoit-tervisetoit-en","17":"pa_tootegruppp-vcaps-vegan-kapslid-en","18":"pa_tootegruppp-vegan-en","19":"pa_tootegruppp-vitamins-and-minerals","21":"first","22":"instock","23":"sale","24":"taxable","25":"shipping-taxable","26":"purchasable","27":"product-type-simple"},"yoast_head":"<!-- This site is optimized with the Yoast SEO plugin v27.3 - https:\/\/yoast.com\/product\/yoast-seo-wordpress\/ -->\n<title>Digestive Enzymes (60caps) - Seedeens\u00fc\u00fcmid- Kiire Tarne- Fit360<\/title>\n<meta name=\"description\" content=\"Digestive Enzymes\u00a0on kvaliteetne toidulisand, mis on loodud toetama\u00a0seedimist\u00a0ja\u00a0toitainete imendumist. See sisaldab unikaalset DigeZyme\u00ae\u00a0patenteeritud ...\" \/>\n<meta name=\"robots\" content=\"index, follow, max-snippet:-1, max-image-preview:large, max-video-preview:-1\" \/>\n<link rel=\"canonical\" href=\"https:\/\/fit360.ee\/en\/pood\/product-groups\/\u0432\u0435\u0433\u0430\u043d\/vegan-capsules-en\/digestive-enzymes-60caps\/\" \/>\n<meta property=\"og:locale\" content=\"en_US\" \/>\n<meta property=\"og:type\" content=\"article\" \/>\n<meta property=\"og:title\" content=\"Digestive Enzymes (60caps) - Seedeens\u00fc\u00fcmid- Kiire Tarne- Fit360\" \/>\n<meta property=\"og:description\" content=\"Digestive Enzymes\u00a0on kvaliteetne toidulisand, mis on loodud toetama\u00a0seedimist\u00a0ja\u00a0toitainete imendumist. See sisaldab unikaalset DigeZyme\u00ae\u00a0patenteeritud ...\" \/>\n<meta property=\"og:url\" content=\"https:\/\/fit360.ee\/en\/pood\/product-groups\/\u0432\u0435\u0433\u0430\u043d\/vegan-capsules-en\/digestive-enzymes-60caps\/\" \/>\n<meta property=\"og:site_name\" content=\"Fit360\" \/>\n<meta property=\"article:modified_time\" content=\"2026-03-26T14:26:17+00:00\" \/>\n<meta property=\"og:image\" content=\"https:\/\/fit360.ee\/wp-content\/uploads\/2023\/05\/digestive-enzymes-fit360.ee_.jpg\" \/>\n\t<meta property=\"og:image:width\" content=\"695\" \/>\n\t<meta property=\"og:image:height\" content=\"695\" \/>\n\t<meta property=\"og:image:type\" content=\"image\/jpeg\" \/>\n<meta name=\"twitter:card\" content=\"summary_large_image\" \/>\n<meta name=\"twitter:label1\" content=\"Est. reading time\" \/>\n\t<meta name=\"twitter:data1\" content=\"3 minutes\" \/>\n<script type=\"application\/ld+json\" class=\"yoast-schema-graph\">{\"@context\":\"https:\\\/\\\/schema.org\",\"@graph\":[{\"@type\":\"WebPage\",\"@id\":\"https:\\\/\\\/fit360.ee\\\/en\\\/pood\\\/product-groups\\\/%d0%b2%d0%b5%d0%b3%d0%b0%d0%bd\\\/vegan-capsules-en\\\/digestive-enzymes-60caps\\\/\",\"url\":\"https:\\\/\\\/fit360.ee\\\/en\\\/pood\\\/product-groups\\\/%d0%b2%d0%b5%d0%b3%d0%b0%d0%bd\\\/vegan-capsules-en\\\/digestive-enzymes-60caps\\\/\",\"name\":\"Digestive Enzymes (60caps) - Seedeens\u00fc\u00fcmid- Kiire Tarne- Fit360\",\"isPartOf\":{\"@id\":\"https:\\\/\\\/fit360.ee\\\/en\\\/#website\"},\"primaryImageOfPage\":{\"@id\":\"https:\\\/\\\/fit360.ee\\\/en\\\/pood\\\/product-groups\\\/%d0%b2%d0%b5%d0%b3%d0%b0%d0%bd\\\/vegan-capsules-en\\\/digestive-enzymes-60caps\\\/#primaryimage\"},\"image\":{\"@id\":\"https:\\\/\\\/fit360.ee\\\/en\\\/pood\\\/product-groups\\\/%d0%b2%d0%b5%d0%b3%d0%b0%d0%bd\\\/vegan-capsules-en\\\/digestive-enzymes-60caps\\\/#primaryimage\"},\"thumbnailUrl\":\"https:\\\/\\\/fit360.ee\\\/wp-content\\\/uploads\\\/2023\\\/05\\\/digestive-enzymes-fit360.ee_.jpg\",\"datePublished\":\"2023-05-26T12:26:17+00:00\",\"dateModified\":\"2026-03-26T14:26:17+00:00\",\"description\":\"Digestive Enzymes\u00a0on kvaliteetne toidulisand, mis on loodud toetama\u00a0seedimist\u00a0ja\u00a0toitainete imendumist. See sisaldab unikaalset DigeZyme\u00ae\u00a0patenteeritud ...\",\"breadcrumb\":{\"@id\":\"https:\\\/\\\/fit360.ee\\\/en\\\/pood\\\/product-groups\\\/%d0%b2%d0%b5%d0%b3%d0%b0%d0%bd\\\/vegan-capsules-en\\\/digestive-enzymes-60caps\\\/#breadcrumb\"},\"inLanguage\":\"en-US\",\"potentialAction\":[{\"@type\":\"ReadAction\",\"target\":[\"https:\\\/\\\/fit360.ee\\\/en\\\/pood\\\/product-groups\\\/%d0%b2%d0%b5%d0%b3%d0%b0%d0%bd\\\/vegan-capsules-en\\\/digestive-enzymes-60caps\\\/\"]}]},{\"@type\":\"ImageObject\",\"inLanguage\":\"en-US\",\"@id\":\"https:\\\/\\\/fit360.ee\\\/en\\\/pood\\\/product-groups\\\/%d0%b2%d0%b5%d0%b3%d0%b0%d0%bd\\\/vegan-capsules-en\\\/digestive-enzymes-60caps\\\/#primaryimage\",\"url\":\"https:\\\/\\\/fit360.ee\\\/wp-content\\\/uploads\\\/2023\\\/05\\\/digestive-enzymes-fit360.ee_.jpg\",\"contentUrl\":\"https:\\\/\\\/fit360.ee\\\/wp-content\\\/uploads\\\/2023\\\/05\\\/digestive-enzymes-fit360.ee_.jpg\",\"width\":695,\"height\":695,\"caption\":\"digestive enzymes - fit360.ee\"},{\"@type\":\"BreadcrumbList\",\"@id\":\"https:\\\/\\\/fit360.ee\\\/en\\\/pood\\\/product-groups\\\/%d0%b2%d0%b5%d0%b3%d0%b0%d0%bd\\\/vegan-capsules-en\\\/digestive-enzymes-60caps\\\/#breadcrumb\",\"itemListElement\":[{\"@type\":\"ListItem\",\"position\":1,\"name\":\"Home\",\"item\":\"https:\\\/\\\/fit360.ee\\\/en\\\/\"},{\"@type\":\"ListItem\",\"position\":2,\"name\":\"Shop\",\"item\":\"https:\\\/\\\/fit360.ee\\\/en\\\/shop\\\/\"},{\"@type\":\"ListItem\",\"position\":3,\"name\":\"Digestive Enzymes (60caps)\"}]},{\"@type\":\"WebSite\",\"@id\":\"https:\\\/\\\/fit360.ee\\\/en\\\/#website\",\"url\":\"https:\\\/\\\/fit360.ee\\\/en\\\/\",\"name\":\"Fit360\",\"description\":\"\",\"publisher\":{\"@id\":\"https:\\\/\\\/fit360.ee\\\/en\\\/#organization\"},\"potentialAction\":[{\"@type\":\"SearchAction\",\"target\":{\"@type\":\"EntryPoint\",\"urlTemplate\":\"https:\\\/\\\/fit360.ee\\\/en\\\/?s={search_term_string}\"},\"query-input\":{\"@type\":\"PropertyValueSpecification\",\"valueRequired\":true,\"valueName\":\"search_term_string\"}}],\"inLanguage\":\"en-US\"},{\"@type\":\"Organization\",\"@id\":\"https:\\\/\\\/fit360.ee\\\/en\\\/#organization\",\"name\":\"Fit360\",\"url\":\"https:\\\/\\\/fit360.ee\\\/en\\\/\",\"logo\":{\"@type\":\"ImageObject\",\"inLanguage\":\"en-US\",\"@id\":\"https:\\\/\\\/fit360.ee\\\/en\\\/#\\\/schema\\\/logo\\\/image\\\/\",\"url\":\"https:\\\/\\\/fit360.ee\\\/wp-content\\\/uploads\\\/2017\\\/01\\\/logo-fit360.png\",\"contentUrl\":\"https:\\\/\\\/fit360.ee\\\/wp-content\\\/uploads\\\/2017\\\/01\\\/logo-fit360.png\",\"width\":180,\"height\":66,\"caption\":\"Fit360\"},\"image\":{\"@id\":\"https:\\\/\\\/fit360.ee\\\/en\\\/#\\\/schema\\\/logo\\\/image\\\/\"}}]}<\/script>\n<!-- \/ Yoast SEO plugin. -->","yoast_head_json":{"title":"Digestive Enzymes (60caps) - Seedeens\u00fc\u00fcmid- Kiire Tarne- Fit360","description":"Digestive Enzymes\u00a0on kvaliteetne toidulisand, mis on loodud toetama\u00a0seedimist\u00a0ja\u00a0toitainete imendumist. See sisaldab unikaalset DigeZyme\u00ae\u00a0patenteeritud ...","robots":{"index":"index","follow":"follow","max-snippet":"max-snippet:-1","max-image-preview":"max-image-preview:large","max-video-preview":"max-video-preview:-1"},"canonical":"https:\/\/fit360.ee\/en\/pood\/product-groups\/\u0432\u0435\u0433\u0430\u043d\/vegan-capsules-en\/digestive-enzymes-60caps\/","og_locale":"en_US","og_type":"article","og_title":"Digestive Enzymes (60caps) - Seedeens\u00fc\u00fcmid- Kiire Tarne- Fit360","og_description":"Digestive Enzymes\u00a0on kvaliteetne toidulisand, mis on loodud toetama\u00a0seedimist\u00a0ja\u00a0toitainete imendumist. See sisaldab unikaalset DigeZyme\u00ae\u00a0patenteeritud ...","og_url":"https:\/\/fit360.ee\/en\/pood\/product-groups\/\u0432\u0435\u0433\u0430\u043d\/vegan-capsules-en\/digestive-enzymes-60caps\/","og_site_name":"Fit360","article_modified_time":"2026-03-26T14:26:17+00:00","og_image":[{"width":695,"height":695,"url":"https:\/\/fit360.ee\/wp-content\/uploads\/2023\/05\/digestive-enzymes-fit360.ee_.jpg","type":"image\/jpeg"}],"twitter_card":"summary_large_image","twitter_misc":{"Est. reading time":"3 minutes"},"schema":{"@context":"https:\/\/schema.org","@graph":[{"@type":"WebPage","@id":"https:\/\/fit360.ee\/en\/pood\/product-groups\/%d0%b2%d0%b5%d0%b3%d0%b0%d0%bd\/vegan-capsules-en\/digestive-enzymes-60caps\/","url":"https:\/\/fit360.ee\/en\/pood\/product-groups\/%d0%b2%d0%b5%d0%b3%d0%b0%d0%bd\/vegan-capsules-en\/digestive-enzymes-60caps\/","name":"Digestive Enzymes (60caps) - Seedeens\u00fc\u00fcmid- Kiire Tarne- Fit360","isPartOf":{"@id":"https:\/\/fit360.ee\/en\/#website"},"primaryImageOfPage":{"@id":"https:\/\/fit360.ee\/en\/pood\/product-groups\/%d0%b2%d0%b5%d0%b3%d0%b0%d0%bd\/vegan-capsules-en\/digestive-enzymes-60caps\/#primaryimage"},"image":{"@id":"https:\/\/fit360.ee\/en\/pood\/product-groups\/%d0%b2%d0%b5%d0%b3%d0%b0%d0%bd\/vegan-capsules-en\/digestive-enzymes-60caps\/#primaryimage"},"thumbnailUrl":"https:\/\/fit360.ee\/wp-content\/uploads\/2023\/05\/digestive-enzymes-fit360.ee_.jpg","datePublished":"2023-05-26T12:26:17+00:00","dateModified":"2026-03-26T14:26:17+00:00","description":"Digestive Enzymes\u00a0on kvaliteetne toidulisand, mis on loodud toetama\u00a0seedimist\u00a0ja\u00a0toitainete imendumist. See sisaldab unikaalset DigeZyme\u00ae\u00a0patenteeritud ...","breadcrumb":{"@id":"https:\/\/fit360.ee\/en\/pood\/product-groups\/%d0%b2%d0%b5%d0%b3%d0%b0%d0%bd\/vegan-capsules-en\/digestive-enzymes-60caps\/#breadcrumb"},"inLanguage":"en-US","potentialAction":[{"@type":"ReadAction","target":["https:\/\/fit360.ee\/en\/pood\/product-groups\/%d0%b2%d0%b5%d0%b3%d0%b0%d0%bd\/vegan-capsules-en\/digestive-enzymes-60caps\/"]}]},{"@type":"ImageObject","inLanguage":"en-US","@id":"https:\/\/fit360.ee\/en\/pood\/product-groups\/%d0%b2%d0%b5%d0%b3%d0%b0%d0%bd\/vegan-capsules-en\/digestive-enzymes-60caps\/#primaryimage","url":"https:\/\/fit360.ee\/wp-content\/uploads\/2023\/05\/digestive-enzymes-fit360.ee_.jpg","contentUrl":"https:\/\/fit360.ee\/wp-content\/uploads\/2023\/05\/digestive-enzymes-fit360.ee_.jpg","width":695,"height":695,"caption":"digestive enzymes - fit360.ee"},{"@type":"BreadcrumbList","@id":"https:\/\/fit360.ee\/en\/pood\/product-groups\/%d0%b2%d0%b5%d0%b3%d0%b0%d0%bd\/vegan-capsules-en\/digestive-enzymes-60caps\/#breadcrumb","itemListElement":[{"@type":"ListItem","position":1,"name":"Home","item":"https:\/\/fit360.ee\/en\/"},{"@type":"ListItem","position":2,"name":"Shop","item":"https:\/\/fit360.ee\/en\/shop\/"},{"@type":"ListItem","position":3,"name":"Digestive Enzymes (60caps)"}]},{"@type":"WebSite","@id":"https:\/\/fit360.ee\/en\/#website","url":"https:\/\/fit360.ee\/en\/","name":"Fit360","description":"","publisher":{"@id":"https:\/\/fit360.ee\/en\/#organization"},"potentialAction":[{"@type":"SearchAction","target":{"@type":"EntryPoint","urlTemplate":"https:\/\/fit360.ee\/en\/?s={search_term_string}"},"query-input":{"@type":"PropertyValueSpecification","valueRequired":true,"valueName":"search_term_string"}}],"inLanguage":"en-US"},{"@type":"Organization","@id":"https:\/\/fit360.ee\/en\/#organization","name":"Fit360","url":"https:\/\/fit360.ee\/en\/","logo":{"@type":"ImageObject","inLanguage":"en-US","@id":"https:\/\/fit360.ee\/en\/#\/schema\/logo\/image\/","url":"https:\/\/fit360.ee\/wp-content\/uploads\/2017\/01\/logo-fit360.png","contentUrl":"https:\/\/fit360.ee\/wp-content\/uploads\/2017\/01\/logo-fit360.png","width":180,"height":66,"caption":"Fit360"},"image":{"@id":"https:\/\/fit360.ee\/en\/#\/schema\/logo\/image\/"}}]}},"_links":{"self":[{"href":"https:\/\/fit360.ee\/en\/wp-json\/wp\/v2\/product\/70615","targetHints":{"allow":["GET"]}}],"collection":[{"href":"https:\/\/fit360.ee\/en\/wp-json\/wp\/v2\/product"}],"about":[{"href":"https:\/\/fit360.ee\/en\/wp-json\/wp\/v2\/types\/product"}],"replies":[{"embeddable":true,"href":"https:\/\/fit360.ee\/en\/wp-json\/wp\/v2\/comments?post=70615"}],"wp:featuredmedia":[{"embeddable":true,"href":"https:\/\/fit360.ee\/en\/wp-json\/wp\/v2\/media\/70613"}],"wp:attachment":[{"href":"https:\/\/fit360.ee\/en\/wp-json\/wp\/v2\/media?parent=70615"}],"wp:term":[{"taxonomy":"product_brand","embeddable":true,"href":"https:\/\/fit360.ee\/en\/wp-json\/wp\/v2\/product_brand?post=70615"},{"taxonomy":"product_cat","embeddable":true,"href":"https:\/\/fit360.ee\/en\/wp-json\/wp\/v2\/product_cat?post=70615"},{"taxonomy":"product_tag","embeddable":true,"href":"https:\/\/fit360.ee\/en\/wp-json\/wp\/v2\/product_tag?post=70615"},{"taxonomy":"giftcard-category","embeddable":true,"href":"https:\/\/fit360.ee\/en\/wp-json\/wp\/v2\/giftcard-category?post=70615"}],"curies":[{"name":"wp","href":"https:\/\/api.w.org\/{rel}","templated":true}]}}