{"id":70629,"date":"2023-05-26T14:58:25","date_gmt":"2023-05-26T12:58:25","guid":{"rendered":"https:\/\/fit360.ee\/pood\/uncategorized\/iconfit-lite-shaker-800ml\/"},"modified":"2026-04-10T14:56:45","modified_gmt":"2026-04-10T12:56:45","slug":"iconfit-lite-shaker-800ml","status":"publish","type":"product","link":"https:\/\/fit360.ee\/en\/pood\/training-equipment-en\/drinking-bottles-en\/iconfit-lite-shaker-800ml\/","title":{"rendered":"ICONFIT Lite Shaker (800ml)"},"content":{"rendered":"<h2><strong>ICONFIT Lite Shaker<\/strong><\/h2>\n<p><strong>ICONFIT Lite Shaker<\/strong>\u00a0on suurep\u00e4rane abivahend spordijookide segamiseks ja kaasa v\u00f5tmiseks. Varustatud s\u00f5elaga, mille abil lahustub pulber oluliselt paremini kui tavalises veepudelis segades.<\/p>\n<p>See 700 ml \u0161eiker v\u00f5imaldab teil kaasa v\u00f5tta mitu proteiini portsjonit ja on piisavalt suur, et mahutada muid spordijooke v\u00f5i vett, mida tarbite treeningu ajal. Keermestatud kaas v\u00f5imaldab \u0161eikerit h\u00f5lpsasti t\u00e4ita pulbri ja veega &#8211; midagi, mida tavaline veepudel ei v\u00f5imalda. Shakeri k\u00fcljel on m\u00e4rgitud ml-\u00fchikud, mille abil on lihtne sisse valatud vee kogust n\u00e4ha.<\/p>\n<p>Kaasas on ka s\u00f5el, et tagada pulbrite parim lahustuvus. S\u00f5el aitab pulbrit eriti kiiresti ja \u00fchtlaselt lahustada, raputades \u0161eikerit.<\/p>\n<p><strong>Kvaliteetne klassikaline shaker, millel on kergesti avatav kork.<\/strong>\u00a0Sobib suurep\u00e4raselt mis tahes pulbriliste koostisosade segamiseks vee, piima v\u00f5i muude vedelikega. ICONFIT Lite Shaker plastik ei sisalda BPA v\u00f5i DEHP aineid!<\/p>\n<p>Piisavalt suur (800ml) mahutamaks proteiinijooke, dieetkokteile v\u00f5i taastumisjooke. Sobib suurep\u00e4raselt j\u00f5usaali v\u00f5i liikvel olles. V\u00e4rvivalik &#8211; l\u00e4ikiv valge ja must.<\/p>\n<p><strong>Maht<\/strong>: 800 ml<\/p>\n<p><strong>Kasutamine:<\/strong>\u00a0Kasutage \u0161eikerit toidulisandite segamiseks, transportimiseks ja l\u00fchiajaliseks s\u00e4ilitamiseks. Doseerige vastavalt eritoidu v\u00f5i toidulisandi pakendil toodud kogustele.<\/p>\n<p><strong>V\u00e4rvus<\/strong>: Must; Valge<\/p>\n<p>BPA-vaba plastikust shaker.<\/p>\n<p>Vaata ka meie Teisi Shakereid <a href=\"https:\/\/fit360.ee\/en\/product-category\/training-equipment-en\/shakers-en\/\"><strong>SIIT<\/strong><\/a>!<\/p>\n<p>Soovid teha suuremat tellimust? Vaata antud toodet meie HULGI lehelt\u00a0<a href=\"https:\/\/toidulisandidhulgi.ee\/product\/iconfit-lite-shaker-800ml\/\"><strong>SIIT<\/strong><\/a>!<\/p>\n","protected":false},"excerpt":{"rendered":"<p><strong>Kvaliteetne klassikaline shaker, millel on kergesti avatav kork.<\/strong>\u00a0Sobib suurep\u00e4raselt mis tahes pulbriliste koostisosade segamiseks vee, piima v\u00f5i muude vedelikega. ICONFIT Lite Shaker plastik ei sisalda BPA v\u00f5i DEHP aineid!<\/p>\n<p>Piisavalt suur (800ml) mahutamaks proteiinijooke, dieetkokteile v\u00f5i taastumisjooke. Sobib suurep\u00e4raselt j\u00f5usaali v\u00f5i liikvel olles. V\u00e4rvivalik &#8211; l\u00e4ikiv valge ja must.<\/p>\n","protected":false},"featured_media":70619,"comment_status":"closed","ping_status":"closed","template":"","meta":[],"product_brand":[],"product_cat":[540,551,538],"product_tag":[1681,4359,1865],"giftcard-category":[],"class_list":{"0":"post-70629","1":"product","2":"type-product","3":"status-publish","4":"has-post-thumbnail","6":"product_cat-drinking-bottles-en","7":"product_cat-shakers-en","8":"product_cat-training-equipment-en","9":"product_tag-iconfit-en","10":"product_tag-iconfit-lite-shaker-en","11":"product_tag-shaker-en","12":"pa_varvus-black","13":"pa_varvus-white","15":"first","16":"instock","17":"sale","18":"taxable","19":"shipping-taxable","20":"purchasable","21":"product-type-variable"},"yoast_head":"<!-- This site is optimized with the Yoast SEO plugin v27.3 - https:\/\/yoast.com\/product\/yoast-seo-wordpress\/ -->\n<title>ICONFIT Lite Shaker (800ml) - Kvaliteet- Kiire Tarne - Fit360<\/title>\n<meta name=\"description\" content=\"ICONFIT Lite Shaker\u00a0on suurep\u00e4rane abivahend spordijookide segamiseks ja kaasa v\u00f5tmiseks. Varustatud s\u00f5elaga, mille abil lahustub pulber ol....\" \/>\n<meta name=\"robots\" content=\"index, follow, max-snippet:-1, max-image-preview:large, max-video-preview:-1\" \/>\n<link rel=\"canonical\" href=\"https:\/\/fit360.ee\/en\/pood\/training-equipment-en\/drinking-bottles-en\/iconfit-lite-shaker-800ml\/\" \/>\n<meta property=\"og:locale\" content=\"en_US\" \/>\n<meta property=\"og:type\" content=\"article\" \/>\n<meta property=\"og:title\" content=\"ICONFIT Lite Shaker (800ml) - Kvaliteet- Kiire Tarne - Fit360\" \/>\n<meta property=\"og:description\" content=\"ICONFIT Lite Shaker\u00a0on suurep\u00e4rane abivahend spordijookide segamiseks ja kaasa v\u00f5tmiseks. Varustatud s\u00f5elaga, mille abil lahustub pulber ol....\" \/>\n<meta property=\"og:url\" content=\"https:\/\/fit360.ee\/en\/pood\/training-equipment-en\/drinking-bottles-en\/iconfit-lite-shaker-800ml\/\" \/>\n<meta property=\"og:site_name\" content=\"Fit360\" \/>\n<meta property=\"article:modified_time\" content=\"2026-04-10T12:56:45+00:00\" \/>\n<meta property=\"og:image\" content=\"https:\/\/fit360.ee\/wp-content\/uploads\/2023\/05\/iconfit-lite-shaker-fit360.ee_.jpg\" \/>\n\t<meta property=\"og:image:width\" content=\"695\" \/>\n\t<meta property=\"og:image:height\" content=\"695\" \/>\n\t<meta property=\"og:image:type\" content=\"image\/jpeg\" \/>\n<meta name=\"twitter:card\" content=\"summary_large_image\" \/>\n<meta name=\"twitter:label1\" content=\"Est. reading time\" \/>\n\t<meta name=\"twitter:data1\" content=\"1 minute\" \/>\n<script type=\"application\/ld+json\" class=\"yoast-schema-graph\">{\"@context\":\"https:\\\/\\\/schema.org\",\"@graph\":[{\"@type\":\"WebPage\",\"@id\":\"https:\\\/\\\/fit360.ee\\\/en\\\/pood\\\/training-equipment-en\\\/drinking-bottles-en\\\/iconfit-lite-shaker-800ml\\\/\",\"url\":\"https:\\\/\\\/fit360.ee\\\/en\\\/pood\\\/training-equipment-en\\\/drinking-bottles-en\\\/iconfit-lite-shaker-800ml\\\/\",\"name\":\"ICONFIT Lite Shaker (800ml) - Kvaliteet- Kiire Tarne - Fit360\",\"isPartOf\":{\"@id\":\"https:\\\/\\\/fit360.ee\\\/en\\\/#website\"},\"primaryImageOfPage\":{\"@id\":\"https:\\\/\\\/fit360.ee\\\/en\\\/pood\\\/training-equipment-en\\\/drinking-bottles-en\\\/iconfit-lite-shaker-800ml\\\/#primaryimage\"},\"image\":{\"@id\":\"https:\\\/\\\/fit360.ee\\\/en\\\/pood\\\/training-equipment-en\\\/drinking-bottles-en\\\/iconfit-lite-shaker-800ml\\\/#primaryimage\"},\"thumbnailUrl\":\"https:\\\/\\\/fit360.ee\\\/wp-content\\\/uploads\\\/2023\\\/05\\\/iconfit-lite-shaker-fit360.ee_.jpg\",\"datePublished\":\"2023-05-26T12:58:25+00:00\",\"dateModified\":\"2026-04-10T12:56:45+00:00\",\"description\":\"ICONFIT Lite Shaker\u00a0on suurep\u00e4rane abivahend spordijookide segamiseks ja kaasa v\u00f5tmiseks. Varustatud s\u00f5elaga, mille abil lahustub pulber ol....\",\"breadcrumb\":{\"@id\":\"https:\\\/\\\/fit360.ee\\\/en\\\/pood\\\/training-equipment-en\\\/drinking-bottles-en\\\/iconfit-lite-shaker-800ml\\\/#breadcrumb\"},\"inLanguage\":\"en-US\",\"potentialAction\":[{\"@type\":\"ReadAction\",\"target\":[\"https:\\\/\\\/fit360.ee\\\/en\\\/pood\\\/training-equipment-en\\\/drinking-bottles-en\\\/iconfit-lite-shaker-800ml\\\/\"]}]},{\"@type\":\"ImageObject\",\"inLanguage\":\"en-US\",\"@id\":\"https:\\\/\\\/fit360.ee\\\/en\\\/pood\\\/training-equipment-en\\\/drinking-bottles-en\\\/iconfit-lite-shaker-800ml\\\/#primaryimage\",\"url\":\"https:\\\/\\\/fit360.ee\\\/wp-content\\\/uploads\\\/2023\\\/05\\\/iconfit-lite-shaker-fit360.ee_.jpg\",\"contentUrl\":\"https:\\\/\\\/fit360.ee\\\/wp-content\\\/uploads\\\/2023\\\/05\\\/iconfit-lite-shaker-fit360.ee_.jpg\",\"width\":695,\"height\":695,\"caption\":\"iconfit lite shaker - fit360.ee\"},{\"@type\":\"BreadcrumbList\",\"@id\":\"https:\\\/\\\/fit360.ee\\\/en\\\/pood\\\/training-equipment-en\\\/drinking-bottles-en\\\/iconfit-lite-shaker-800ml\\\/#breadcrumb\",\"itemListElement\":[{\"@type\":\"ListItem\",\"position\":1,\"name\":\"Home\",\"item\":\"https:\\\/\\\/fit360.ee\\\/en\\\/\"},{\"@type\":\"ListItem\",\"position\":2,\"name\":\"Shop\",\"item\":\"https:\\\/\\\/fit360.ee\\\/en\\\/shop\\\/\"},{\"@type\":\"ListItem\",\"position\":3,\"name\":\"ICONFIT Lite Shaker (800ml)\"}]},{\"@type\":\"WebSite\",\"@id\":\"https:\\\/\\\/fit360.ee\\\/en\\\/#website\",\"url\":\"https:\\\/\\\/fit360.ee\\\/en\\\/\",\"name\":\"Fit360\",\"description\":\"\",\"publisher\":{\"@id\":\"https:\\\/\\\/fit360.ee\\\/en\\\/#organization\"},\"potentialAction\":[{\"@type\":\"SearchAction\",\"target\":{\"@type\":\"EntryPoint\",\"urlTemplate\":\"https:\\\/\\\/fit360.ee\\\/en\\\/?s={search_term_string}\"},\"query-input\":{\"@type\":\"PropertyValueSpecification\",\"valueRequired\":true,\"valueName\":\"search_term_string\"}}],\"inLanguage\":\"en-US\"},{\"@type\":\"Organization\",\"@id\":\"https:\\\/\\\/fit360.ee\\\/en\\\/#organization\",\"name\":\"Fit360\",\"url\":\"https:\\\/\\\/fit360.ee\\\/en\\\/\",\"logo\":{\"@type\":\"ImageObject\",\"inLanguage\":\"en-US\",\"@id\":\"https:\\\/\\\/fit360.ee\\\/en\\\/#\\\/schema\\\/logo\\\/image\\\/\",\"url\":\"https:\\\/\\\/fit360.ee\\\/wp-content\\\/uploads\\\/2017\\\/01\\\/logo-fit360.png\",\"contentUrl\":\"https:\\\/\\\/fit360.ee\\\/wp-content\\\/uploads\\\/2017\\\/01\\\/logo-fit360.png\",\"width\":180,\"height\":66,\"caption\":\"Fit360\"},\"image\":{\"@id\":\"https:\\\/\\\/fit360.ee\\\/en\\\/#\\\/schema\\\/logo\\\/image\\\/\"}}]}<\/script>\n<!-- \/ Yoast SEO plugin. -->","yoast_head_json":{"title":"ICONFIT Lite Shaker (800ml) - Kvaliteet- Kiire Tarne - Fit360","description":"ICONFIT Lite Shaker\u00a0on suurep\u00e4rane abivahend spordijookide segamiseks ja kaasa v\u00f5tmiseks. Varustatud s\u00f5elaga, mille abil lahustub pulber ol....","robots":{"index":"index","follow":"follow","max-snippet":"max-snippet:-1","max-image-preview":"max-image-preview:large","max-video-preview":"max-video-preview:-1"},"canonical":"https:\/\/fit360.ee\/en\/pood\/training-equipment-en\/drinking-bottles-en\/iconfit-lite-shaker-800ml\/","og_locale":"en_US","og_type":"article","og_title":"ICONFIT Lite Shaker (800ml) - Kvaliteet- Kiire Tarne - Fit360","og_description":"ICONFIT Lite Shaker\u00a0on suurep\u00e4rane abivahend spordijookide segamiseks ja kaasa v\u00f5tmiseks. Varustatud s\u00f5elaga, mille abil lahustub pulber ol....","og_url":"https:\/\/fit360.ee\/en\/pood\/training-equipment-en\/drinking-bottles-en\/iconfit-lite-shaker-800ml\/","og_site_name":"Fit360","article_modified_time":"2026-04-10T12:56:45+00:00","og_image":[{"width":695,"height":695,"url":"https:\/\/fit360.ee\/wp-content\/uploads\/2023\/05\/iconfit-lite-shaker-fit360.ee_.jpg","type":"image\/jpeg"}],"twitter_card":"summary_large_image","twitter_misc":{"Est. reading time":"1 minute"},"schema":{"@context":"https:\/\/schema.org","@graph":[{"@type":"WebPage","@id":"https:\/\/fit360.ee\/en\/pood\/training-equipment-en\/drinking-bottles-en\/iconfit-lite-shaker-800ml\/","url":"https:\/\/fit360.ee\/en\/pood\/training-equipment-en\/drinking-bottles-en\/iconfit-lite-shaker-800ml\/","name":"ICONFIT Lite Shaker (800ml) - Kvaliteet- Kiire Tarne - Fit360","isPartOf":{"@id":"https:\/\/fit360.ee\/en\/#website"},"primaryImageOfPage":{"@id":"https:\/\/fit360.ee\/en\/pood\/training-equipment-en\/drinking-bottles-en\/iconfit-lite-shaker-800ml\/#primaryimage"},"image":{"@id":"https:\/\/fit360.ee\/en\/pood\/training-equipment-en\/drinking-bottles-en\/iconfit-lite-shaker-800ml\/#primaryimage"},"thumbnailUrl":"https:\/\/fit360.ee\/wp-content\/uploads\/2023\/05\/iconfit-lite-shaker-fit360.ee_.jpg","datePublished":"2023-05-26T12:58:25+00:00","dateModified":"2026-04-10T12:56:45+00:00","description":"ICONFIT Lite Shaker\u00a0on suurep\u00e4rane abivahend spordijookide segamiseks ja kaasa v\u00f5tmiseks. Varustatud s\u00f5elaga, mille abil lahustub pulber ol....","breadcrumb":{"@id":"https:\/\/fit360.ee\/en\/pood\/training-equipment-en\/drinking-bottles-en\/iconfit-lite-shaker-800ml\/#breadcrumb"},"inLanguage":"en-US","potentialAction":[{"@type":"ReadAction","target":["https:\/\/fit360.ee\/en\/pood\/training-equipment-en\/drinking-bottles-en\/iconfit-lite-shaker-800ml\/"]}]},{"@type":"ImageObject","inLanguage":"en-US","@id":"https:\/\/fit360.ee\/en\/pood\/training-equipment-en\/drinking-bottles-en\/iconfit-lite-shaker-800ml\/#primaryimage","url":"https:\/\/fit360.ee\/wp-content\/uploads\/2023\/05\/iconfit-lite-shaker-fit360.ee_.jpg","contentUrl":"https:\/\/fit360.ee\/wp-content\/uploads\/2023\/05\/iconfit-lite-shaker-fit360.ee_.jpg","width":695,"height":695,"caption":"iconfit lite shaker - fit360.ee"},{"@type":"BreadcrumbList","@id":"https:\/\/fit360.ee\/en\/pood\/training-equipment-en\/drinking-bottles-en\/iconfit-lite-shaker-800ml\/#breadcrumb","itemListElement":[{"@type":"ListItem","position":1,"name":"Home","item":"https:\/\/fit360.ee\/en\/"},{"@type":"ListItem","position":2,"name":"Shop","item":"https:\/\/fit360.ee\/en\/shop\/"},{"@type":"ListItem","position":3,"name":"ICONFIT Lite Shaker (800ml)"}]},{"@type":"WebSite","@id":"https:\/\/fit360.ee\/en\/#website","url":"https:\/\/fit360.ee\/en\/","name":"Fit360","description":"","publisher":{"@id":"https:\/\/fit360.ee\/en\/#organization"},"potentialAction":[{"@type":"SearchAction","target":{"@type":"EntryPoint","urlTemplate":"https:\/\/fit360.ee\/en\/?s={search_term_string}"},"query-input":{"@type":"PropertyValueSpecification","valueRequired":true,"valueName":"search_term_string"}}],"inLanguage":"en-US"},{"@type":"Organization","@id":"https:\/\/fit360.ee\/en\/#organization","name":"Fit360","url":"https:\/\/fit360.ee\/en\/","logo":{"@type":"ImageObject","inLanguage":"en-US","@id":"https:\/\/fit360.ee\/en\/#\/schema\/logo\/image\/","url":"https:\/\/fit360.ee\/wp-content\/uploads\/2017\/01\/logo-fit360.png","contentUrl":"https:\/\/fit360.ee\/wp-content\/uploads\/2017\/01\/logo-fit360.png","width":180,"height":66,"caption":"Fit360"},"image":{"@id":"https:\/\/fit360.ee\/en\/#\/schema\/logo\/image\/"}}]}},"_links":{"self":[{"href":"https:\/\/fit360.ee\/en\/wp-json\/wp\/v2\/product\/70629","targetHints":{"allow":["GET"]}}],"collection":[{"href":"https:\/\/fit360.ee\/en\/wp-json\/wp\/v2\/product"}],"about":[{"href":"https:\/\/fit360.ee\/en\/wp-json\/wp\/v2\/types\/product"}],"replies":[{"embeddable":true,"href":"https:\/\/fit360.ee\/en\/wp-json\/wp\/v2\/comments?post=70629"}],"wp:featuredmedia":[{"embeddable":true,"href":"https:\/\/fit360.ee\/en\/wp-json\/wp\/v2\/media\/70619"}],"wp:attachment":[{"href":"https:\/\/fit360.ee\/en\/wp-json\/wp\/v2\/media?parent=70629"}],"wp:term":[{"taxonomy":"product_brand","embeddable":true,"href":"https:\/\/fit360.ee\/en\/wp-json\/wp\/v2\/product_brand?post=70629"},{"taxonomy":"product_cat","embeddable":true,"href":"https:\/\/fit360.ee\/en\/wp-json\/wp\/v2\/product_cat?post=70629"},{"taxonomy":"product_tag","embeddable":true,"href":"https:\/\/fit360.ee\/en\/wp-json\/wp\/v2\/product_tag?post=70629"},{"taxonomy":"giftcard-category","embeddable":true,"href":"https:\/\/fit360.ee\/en\/wp-json\/wp\/v2\/giftcard-category?post=70629"}],"curies":[{"name":"wp","href":"https:\/\/api.w.org\/{rel}","templated":true}]}}