{"id":70649,"date":"2023-05-26T16:21:23","date_gmt":"2023-05-26T14:21:23","guid":{"rendered":"https:\/\/fit360.ee\/pood\/uncategorized\/training-band-resistance-16-39kg\/"},"modified":"2025-08-13T07:36:05","modified_gmt":"2025-08-13T05:36:05","slug":"training-band-resistance-16-39kg","status":"publish","type":"product","link":"https:\/\/fit360.ee\/en\/pood\/training-equipment-en\/expander-rubbers-en\/training-band-resistance-16-39kg\/","title":{"rendered":"Training Band Resistance (16-39kg)"},"content":{"rendered":"<h2 class=\"cm__heading\"><strong>Training Band Resistance 16-39 kg<\/strong><\/h2>\n<p class=\"cm__text --bold\">Tegemist on v\u00e4ga universaalse spordivahendiga, mis sobib suurep\u00e4raselt nii j\u00f5usaalis, spordisaalides, \u00f5ues kui ka kodus treenimiseks.\u00a0Treeningpaelad sobivad nii soojenduseks kui ka keha pinguldavateks ja alakeha tugevdavateks j\u00f5uharjutusteks.\u00a0Nendega saab vabalt m\u00e4hkida oma k\u00e4ed, jalad ja torso.\u00a0Nende v\u00e4ike suurus ja kaal v\u00f5imaldavad mugavalt treenida k\u00f5ikjal.\u00a0T\u00e4nu nende poolt pakutavale vastupanule on lihased sunnitud rohkem pingutama, mis t\u00e4hendab, et kummiklasside treenimine ei ole raske ja pakub pidevat lihaspinget.<\/p>\n<div class=\"cm__image --image --loaded\">\n<p><a href=\"https:\/\/fit360.ee\/wp-content\/uploads\/2023\/05\/training-band-lilla-fit360.ee_-800x312.jpg\"><img loading=\"lazy\" decoding=\"async\" class=\"size-medium wp-image-70645\" src=\"https:\/\/fit360.ee\/wp-content\/uploads\/2023\/05\/training-band-lilla-fit360.ee_-800x312.jpg\" alt=\"training band lilla - fit360.ee\" width=\"800\" height=\"312\" srcset=\"https:\/\/fit360.ee\/wp-content\/uploads\/2023\/05\/training-band-lilla-fit360.ee_-800x312.jpg 800w, https:\/\/fit360.ee\/wp-content\/uploads\/2023\/05\/training-band-lilla-fit360.ee_-510x199.jpg 510w, https:\/\/fit360.ee\/wp-content\/uploads\/2023\/05\/training-band-lilla-fit360.ee_-768x300.jpg 768w, https:\/\/fit360.ee\/wp-content\/uploads\/2023\/05\/training-band-lilla-fit360.ee_.jpg 922w\" sizes=\"auto, (max-width: 800px) 100vw, 800px\" \/><\/a><\/p>\n<ul class=\"cm__list\">\n<li>Vastupidavus: 16-39 kg<\/li>\n<li>Pikkus: 2080 mm<\/li>\n<li>Laius: 32 mm<\/li>\n<li>Paksus: 4,5 mm<\/li>\n<li>Materjal: 100% looduslik lateks<\/li>\n<li>V\u00e4rvus: violetne<\/li>\n<\/ul>\n<h2 class=\"cm__heading\">Treeningrihmade kasutamise eelised<\/h2>\n<p class=\"cm__text\">Treeningrihmad on \u00e4\u00e4rmiselt laialdaselt kasutusel.\u00a0H\u00e4sti valitud vastupidavuskummid aitavad:<\/p>\n<ul class=\"cm__list\">\n<li>tarbetute kilode kaotamine<\/li>\n<li>vormi tagasi saamine<\/li>\n<li>lihasmassi kasvatamine<\/li>\n<li>keha pinguldav<\/li>\n<li>enesekindluse saavutamine t\u00e4nu uuele figuurile<\/li>\n<\/ul>\n<p>Vaata ka meie teisi Ekspanderkumme\u00a0<a href=\"https:\/\/fit360.ee\/en\/product-category\/training-equipment-en\/expander-rubbers-en\/\"><strong>SIIT<\/strong><\/a>!<\/p>\n<p>Soovid teha suuremat tellimust? Vaata antud toodet meie HULGI lehelt\u00a0<a href=\"https:\/\/toidulisandidhulgi.ee\/product\/training-band-resistance-16-39kg\/\"><strong>SIIT<\/strong><\/a>!<\/p>\n<\/div>\n","protected":false},"excerpt":{"rendered":"<ul class=\"cm__list\">\n<li>Vastupidavus: 16-39 kg<\/li>\n<li>Pikkus: 2080 mm<\/li>\n<li>Laius: 32 mm<\/li>\n<li>Paksus: 4,5 mm<\/li>\n<li>Materjal: 100% looduslik lateks<\/li>\n<li>V\u00e4rvus: lilla<\/li>\n<\/ul>\n","protected":false},"featured_media":70648,"comment_status":"closed","ping_status":"closed","template":"","meta":[],"product_brand":[],"product_cat":[539,538],"product_tag":[1924,4365,4363],"giftcard-category":[],"class_list":{"0":"post-70649","1":"product","2":"type-product","3":"status-publish","4":"has-post-thumbnail","6":"product_cat-expander-rubbers-en","7":"product_cat-training-equipment-en","8":"product_tag-ostrovit-en","9":"product_tag-resistance-band-en","10":"product_tag-treeningkumm-en","11":"pa_brand-ostrovit-en","12":"pa_varustus-expanders","13":"pa_varvus-purple","15":"first","16":"outofstock","17":"sale","18":"taxable","19":"shipping-taxable","20":"purchasable","21":"product-type-simple"},"yoast_head":"<!-- This site is optimized with the Yoast SEO plugin v27.3 - https:\/\/yoast.com\/product\/yoast-seo-wordpress\/ -->\n<title>Training Band Resistance (16-39kg) - Treeningkumm - Fit360<\/title>\n<meta name=\"description\" content=\"Tegemist on v\u00e4ga universaalse spordivahendiga, mis sobib suurep\u00e4raselt nii j\u00f5usaalis, spordisaalides, \u00f5ues kui ka kodus treenimiseks.\u00a0Treeningpaelad sobivad ...\" \/>\n<meta name=\"robots\" content=\"index, follow, max-snippet:-1, max-image-preview:large, max-video-preview:-1\" \/>\n<link rel=\"canonical\" href=\"https:\/\/fit360.ee\/en\/pood\/training-equipment-en\/expander-rubbers-en\/training-band-resistance-16-39kg\/\" \/>\n<meta property=\"og:locale\" content=\"en_US\" \/>\n<meta property=\"og:type\" content=\"article\" \/>\n<meta property=\"og:title\" content=\"Training Band Resistance (16-39kg) - Treeningkumm - Fit360\" \/>\n<meta property=\"og:description\" content=\"Tegemist on v\u00e4ga universaalse spordivahendiga, mis sobib suurep\u00e4raselt nii j\u00f5usaalis, spordisaalides, \u00f5ues kui ka kodus treenimiseks.\u00a0Treeningpaelad sobivad ...\" \/>\n<meta property=\"og:url\" content=\"https:\/\/fit360.ee\/en\/pood\/training-equipment-en\/expander-rubbers-en\/training-band-resistance-16-39kg\/\" \/>\n<meta property=\"og:site_name\" content=\"Fit360\" \/>\n<meta property=\"article:modified_time\" content=\"2025-08-13T05:36:05+00:00\" \/>\n<meta property=\"og:image\" content=\"https:\/\/fit360.ee\/wp-content\/uploads\/2023\/05\/training-band-treeningkumm-fit360.ee_.png\" \/>\n\t<meta property=\"og:image:width\" content=\"450\" \/>\n\t<meta property=\"og:image:height\" content=\"450\" \/>\n\t<meta property=\"og:image:type\" content=\"image\/png\" \/>\n<meta name=\"twitter:card\" content=\"summary_large_image\" \/>\n<meta name=\"twitter:label1\" content=\"Est. reading time\" \/>\n\t<meta name=\"twitter:data1\" content=\"1 minute\" \/>\n<script type=\"application\/ld+json\" class=\"yoast-schema-graph\">{\"@context\":\"https:\\\/\\\/schema.org\",\"@graph\":[{\"@type\":\"WebPage\",\"@id\":\"https:\\\/\\\/fit360.ee\\\/en\\\/pood\\\/training-equipment-en\\\/expander-rubbers-en\\\/training-band-resistance-16-39kg\\\/\",\"url\":\"https:\\\/\\\/fit360.ee\\\/en\\\/pood\\\/training-equipment-en\\\/expander-rubbers-en\\\/training-band-resistance-16-39kg\\\/\",\"name\":\"Training Band Resistance (16-39kg) - Treeningkumm - Fit360\",\"isPartOf\":{\"@id\":\"https:\\\/\\\/fit360.ee\\\/en\\\/#website\"},\"primaryImageOfPage\":{\"@id\":\"https:\\\/\\\/fit360.ee\\\/en\\\/pood\\\/training-equipment-en\\\/expander-rubbers-en\\\/training-band-resistance-16-39kg\\\/#primaryimage\"},\"image\":{\"@id\":\"https:\\\/\\\/fit360.ee\\\/en\\\/pood\\\/training-equipment-en\\\/expander-rubbers-en\\\/training-band-resistance-16-39kg\\\/#primaryimage\"},\"thumbnailUrl\":\"https:\\\/\\\/fit360.ee\\\/wp-content\\\/uploads\\\/2023\\\/05\\\/training-band-treeningkumm-fit360.ee_.png\",\"datePublished\":\"2023-05-26T14:21:23+00:00\",\"dateModified\":\"2025-08-13T05:36:05+00:00\",\"description\":\"Tegemist on v\u00e4ga universaalse spordivahendiga, mis sobib suurep\u00e4raselt nii j\u00f5usaalis, spordisaalides, \u00f5ues kui ka kodus treenimiseks.\u00a0Treeningpaelad sobivad ...\",\"breadcrumb\":{\"@id\":\"https:\\\/\\\/fit360.ee\\\/en\\\/pood\\\/training-equipment-en\\\/expander-rubbers-en\\\/training-band-resistance-16-39kg\\\/#breadcrumb\"},\"inLanguage\":\"en-US\",\"potentialAction\":[{\"@type\":\"ReadAction\",\"target\":[\"https:\\\/\\\/fit360.ee\\\/en\\\/pood\\\/training-equipment-en\\\/expander-rubbers-en\\\/training-band-resistance-16-39kg\\\/\"]}]},{\"@type\":\"ImageObject\",\"inLanguage\":\"en-US\",\"@id\":\"https:\\\/\\\/fit360.ee\\\/en\\\/pood\\\/training-equipment-en\\\/expander-rubbers-en\\\/training-band-resistance-16-39kg\\\/#primaryimage\",\"url\":\"https:\\\/\\\/fit360.ee\\\/wp-content\\\/uploads\\\/2023\\\/05\\\/training-band-treeningkumm-fit360.ee_.png\",\"contentUrl\":\"https:\\\/\\\/fit360.ee\\\/wp-content\\\/uploads\\\/2023\\\/05\\\/training-band-treeningkumm-fit360.ee_.png\",\"width\":450,\"height\":450,\"caption\":\"training band treeningkumm - fit360.ee\"},{\"@type\":\"BreadcrumbList\",\"@id\":\"https:\\\/\\\/fit360.ee\\\/en\\\/pood\\\/training-equipment-en\\\/expander-rubbers-en\\\/training-band-resistance-16-39kg\\\/#breadcrumb\",\"itemListElement\":[{\"@type\":\"ListItem\",\"position\":1,\"name\":\"Home\",\"item\":\"https:\\\/\\\/fit360.ee\\\/en\\\/\"},{\"@type\":\"ListItem\",\"position\":2,\"name\":\"Shop\",\"item\":\"https:\\\/\\\/fit360.ee\\\/en\\\/shop\\\/\"},{\"@type\":\"ListItem\",\"position\":3,\"name\":\"Training Band Resistance (16-39kg)\"}]},{\"@type\":\"WebSite\",\"@id\":\"https:\\\/\\\/fit360.ee\\\/en\\\/#website\",\"url\":\"https:\\\/\\\/fit360.ee\\\/en\\\/\",\"name\":\"Fit360\",\"description\":\"\",\"publisher\":{\"@id\":\"https:\\\/\\\/fit360.ee\\\/en\\\/#organization\"},\"potentialAction\":[{\"@type\":\"SearchAction\",\"target\":{\"@type\":\"EntryPoint\",\"urlTemplate\":\"https:\\\/\\\/fit360.ee\\\/en\\\/?s={search_term_string}\"},\"query-input\":{\"@type\":\"PropertyValueSpecification\",\"valueRequired\":true,\"valueName\":\"search_term_string\"}}],\"inLanguage\":\"en-US\"},{\"@type\":\"Organization\",\"@id\":\"https:\\\/\\\/fit360.ee\\\/en\\\/#organization\",\"name\":\"Fit360\",\"url\":\"https:\\\/\\\/fit360.ee\\\/en\\\/\",\"logo\":{\"@type\":\"ImageObject\",\"inLanguage\":\"en-US\",\"@id\":\"https:\\\/\\\/fit360.ee\\\/en\\\/#\\\/schema\\\/logo\\\/image\\\/\",\"url\":\"https:\\\/\\\/fit360.ee\\\/wp-content\\\/uploads\\\/2017\\\/01\\\/logo-fit360.png\",\"contentUrl\":\"https:\\\/\\\/fit360.ee\\\/wp-content\\\/uploads\\\/2017\\\/01\\\/logo-fit360.png\",\"width\":180,\"height\":66,\"caption\":\"Fit360\"},\"image\":{\"@id\":\"https:\\\/\\\/fit360.ee\\\/en\\\/#\\\/schema\\\/logo\\\/image\\\/\"}}]}<\/script>\n<!-- \/ Yoast SEO plugin. -->","yoast_head_json":{"title":"Training Band Resistance (16-39kg) - Treeningkumm - Fit360","description":"Tegemist on v\u00e4ga universaalse spordivahendiga, mis sobib suurep\u00e4raselt nii j\u00f5usaalis, spordisaalides, \u00f5ues kui ka kodus treenimiseks.\u00a0Treeningpaelad sobivad ...","robots":{"index":"index","follow":"follow","max-snippet":"max-snippet:-1","max-image-preview":"max-image-preview:large","max-video-preview":"max-video-preview:-1"},"canonical":"https:\/\/fit360.ee\/en\/pood\/training-equipment-en\/expander-rubbers-en\/training-band-resistance-16-39kg\/","og_locale":"en_US","og_type":"article","og_title":"Training Band Resistance (16-39kg) - Treeningkumm - Fit360","og_description":"Tegemist on v\u00e4ga universaalse spordivahendiga, mis sobib suurep\u00e4raselt nii j\u00f5usaalis, spordisaalides, \u00f5ues kui ka kodus treenimiseks.\u00a0Treeningpaelad sobivad ...","og_url":"https:\/\/fit360.ee\/en\/pood\/training-equipment-en\/expander-rubbers-en\/training-band-resistance-16-39kg\/","og_site_name":"Fit360","article_modified_time":"2025-08-13T05:36:05+00:00","og_image":[{"width":450,"height":450,"url":"https:\/\/fit360.ee\/wp-content\/uploads\/2023\/05\/training-band-treeningkumm-fit360.ee_.png","type":"image\/png"}],"twitter_card":"summary_large_image","twitter_misc":{"Est. reading time":"1 minute"},"schema":{"@context":"https:\/\/schema.org","@graph":[{"@type":"WebPage","@id":"https:\/\/fit360.ee\/en\/pood\/training-equipment-en\/expander-rubbers-en\/training-band-resistance-16-39kg\/","url":"https:\/\/fit360.ee\/en\/pood\/training-equipment-en\/expander-rubbers-en\/training-band-resistance-16-39kg\/","name":"Training Band Resistance (16-39kg) - Treeningkumm - Fit360","isPartOf":{"@id":"https:\/\/fit360.ee\/en\/#website"},"primaryImageOfPage":{"@id":"https:\/\/fit360.ee\/en\/pood\/training-equipment-en\/expander-rubbers-en\/training-band-resistance-16-39kg\/#primaryimage"},"image":{"@id":"https:\/\/fit360.ee\/en\/pood\/training-equipment-en\/expander-rubbers-en\/training-band-resistance-16-39kg\/#primaryimage"},"thumbnailUrl":"https:\/\/fit360.ee\/wp-content\/uploads\/2023\/05\/training-band-treeningkumm-fit360.ee_.png","datePublished":"2023-05-26T14:21:23+00:00","dateModified":"2025-08-13T05:36:05+00:00","description":"Tegemist on v\u00e4ga universaalse spordivahendiga, mis sobib suurep\u00e4raselt nii j\u00f5usaalis, spordisaalides, \u00f5ues kui ka kodus treenimiseks.\u00a0Treeningpaelad sobivad ...","breadcrumb":{"@id":"https:\/\/fit360.ee\/en\/pood\/training-equipment-en\/expander-rubbers-en\/training-band-resistance-16-39kg\/#breadcrumb"},"inLanguage":"en-US","potentialAction":[{"@type":"ReadAction","target":["https:\/\/fit360.ee\/en\/pood\/training-equipment-en\/expander-rubbers-en\/training-band-resistance-16-39kg\/"]}]},{"@type":"ImageObject","inLanguage":"en-US","@id":"https:\/\/fit360.ee\/en\/pood\/training-equipment-en\/expander-rubbers-en\/training-band-resistance-16-39kg\/#primaryimage","url":"https:\/\/fit360.ee\/wp-content\/uploads\/2023\/05\/training-band-treeningkumm-fit360.ee_.png","contentUrl":"https:\/\/fit360.ee\/wp-content\/uploads\/2023\/05\/training-band-treeningkumm-fit360.ee_.png","width":450,"height":450,"caption":"training band treeningkumm - fit360.ee"},{"@type":"BreadcrumbList","@id":"https:\/\/fit360.ee\/en\/pood\/training-equipment-en\/expander-rubbers-en\/training-band-resistance-16-39kg\/#breadcrumb","itemListElement":[{"@type":"ListItem","position":1,"name":"Home","item":"https:\/\/fit360.ee\/en\/"},{"@type":"ListItem","position":2,"name":"Shop","item":"https:\/\/fit360.ee\/en\/shop\/"},{"@type":"ListItem","position":3,"name":"Training Band Resistance (16-39kg)"}]},{"@type":"WebSite","@id":"https:\/\/fit360.ee\/en\/#website","url":"https:\/\/fit360.ee\/en\/","name":"Fit360","description":"","publisher":{"@id":"https:\/\/fit360.ee\/en\/#organization"},"potentialAction":[{"@type":"SearchAction","target":{"@type":"EntryPoint","urlTemplate":"https:\/\/fit360.ee\/en\/?s={search_term_string}"},"query-input":{"@type":"PropertyValueSpecification","valueRequired":true,"valueName":"search_term_string"}}],"inLanguage":"en-US"},{"@type":"Organization","@id":"https:\/\/fit360.ee\/en\/#organization","name":"Fit360","url":"https:\/\/fit360.ee\/en\/","logo":{"@type":"ImageObject","inLanguage":"en-US","@id":"https:\/\/fit360.ee\/en\/#\/schema\/logo\/image\/","url":"https:\/\/fit360.ee\/wp-content\/uploads\/2017\/01\/logo-fit360.png","contentUrl":"https:\/\/fit360.ee\/wp-content\/uploads\/2017\/01\/logo-fit360.png","width":180,"height":66,"caption":"Fit360"},"image":{"@id":"https:\/\/fit360.ee\/en\/#\/schema\/logo\/image\/"}}]}},"_links":{"self":[{"href":"https:\/\/fit360.ee\/en\/wp-json\/wp\/v2\/product\/70649","targetHints":{"allow":["GET"]}}],"collection":[{"href":"https:\/\/fit360.ee\/en\/wp-json\/wp\/v2\/product"}],"about":[{"href":"https:\/\/fit360.ee\/en\/wp-json\/wp\/v2\/types\/product"}],"replies":[{"embeddable":true,"href":"https:\/\/fit360.ee\/en\/wp-json\/wp\/v2\/comments?post=70649"}],"wp:featuredmedia":[{"embeddable":true,"href":"https:\/\/fit360.ee\/en\/wp-json\/wp\/v2\/media\/70648"}],"wp:attachment":[{"href":"https:\/\/fit360.ee\/en\/wp-json\/wp\/v2\/media?parent=70649"}],"wp:term":[{"taxonomy":"product_brand","embeddable":true,"href":"https:\/\/fit360.ee\/en\/wp-json\/wp\/v2\/product_brand?post=70649"},{"taxonomy":"product_cat","embeddable":true,"href":"https:\/\/fit360.ee\/en\/wp-json\/wp\/v2\/product_cat?post=70649"},{"taxonomy":"product_tag","embeddable":true,"href":"https:\/\/fit360.ee\/en\/wp-json\/wp\/v2\/product_tag?post=70649"},{"taxonomy":"giftcard-category","embeddable":true,"href":"https:\/\/fit360.ee\/en\/wp-json\/wp\/v2\/giftcard-category?post=70649"}],"curies":[{"name":"wp","href":"https:\/\/api.w.org\/{rel}","templated":true}]}}