{"id":70678,"date":"2023-05-27T14:25:44","date_gmt":"2023-05-27T12:25:44","guid":{"rendered":"https:\/\/fit360.ee\/pood\/uncategorized\/gasp-cadet-tee\/"},"modified":"2026-04-11T11:57:37","modified_gmt":"2026-04-11T09:57:37","slug":"gasp-cadet-tee","status":"publish","type":"product","link":"https:\/\/fit360.ee\/en\/pood\/training-equipment-en\/fitness-clothing-en\/gasp-cadet-tee\/","title":{"rendered":"GASP Cadet Tee"},"content":{"rendered":"<h2><strong>Cadet Tee<\/strong><\/h2>\n<p><strong>Sobivus:<\/strong>\u00a0Tavaline<br \/>\n<strong>Pikkus:<\/strong> T\u00e4ismaterjal <strong>:<\/strong>\u00a060% puuvill 40% pol\u00fcester<br \/>\n<strong>Omadused:<\/strong>\u00a0Pehme k\u00e4etunne, tr\u00fckk rinnal<\/p>\n<p>Cadet Tee on standardne T-s\u00e4rk, mis on valmistatud puuvillasest pol\u00fcestri segust, mis hoiab oma kuju ja v\u00e4rvi h\u00e4sti l\u00e4bi arvukate treeningute ja pesu.<\/p>\n<p>P\u00f5hiline sobivus muudab selle h\u00f5lpsaks igap\u00e4evaseks kandmiseks, kuna see kallistab \u00f5lgu, olles samal ajal \u00fcmber keha l\u00f5dvestunud.<\/p>\n<p><a href=\"https:\/\/fit360.ee\/wp-content\/uploads\/2023\/05\/cadet-tee-valge-fit360.ee_-800x800.jpg\"><img loading=\"lazy\" decoding=\"async\" class=\"size-medium wp-image-70662\" src=\"https:\/\/fit360.ee\/wp-content\/uploads\/2023\/05\/cadet-tee-valge-fit360.ee_-800x800.jpg\" alt=\"cadet tee valge - fit360.ee\" width=\"800\" height=\"800\" srcset=\"https:\/\/fit360.ee\/wp-content\/uploads\/2023\/05\/cadet-tee-valge-fit360.ee_-800x800.jpg 800w, https:\/\/fit360.ee\/wp-content\/uploads\/2023\/05\/cadet-tee-valge-fit360.ee_-247x247.jpg 247w, https:\/\/fit360.ee\/wp-content\/uploads\/2023\/05\/cadet-tee-valge-fit360.ee_-100x100.jpg 100w, https:\/\/fit360.ee\/wp-content\/uploads\/2023\/05\/cadet-tee-valge-fit360.ee_-510x510.jpg 510w, https:\/\/fit360.ee\/wp-content\/uploads\/2023\/05\/cadet-tee-valge-fit360.ee_-340x340.jpg 340w, https:\/\/fit360.ee\/wp-content\/uploads\/2023\/05\/cadet-tee-valge-fit360.ee_-768x768.jpg 768w, https:\/\/fit360.ee\/wp-content\/uploads\/2023\/05\/cadet-tee-valge-fit360.ee_.jpg 1080w\" sizes=\"auto, (max-width: 800px) 100vw, 800px\" \/><\/a><\/p>\n<p><a href=\"https:\/\/fit360.ee\/wp-content\/uploads\/2023\/05\/cadet-tee-punane-fit360.ee_-800x800.jpg\"><img loading=\"lazy\" decoding=\"async\" class=\"size-medium wp-image-70664\" src=\"https:\/\/fit360.ee\/wp-content\/uploads\/2023\/05\/cadet-tee-punane-fit360.ee_-800x800.jpg\" alt=\"cadet tee punane - fit360.ee\" width=\"800\" height=\"800\" srcset=\"https:\/\/fit360.ee\/wp-content\/uploads\/2023\/05\/cadet-tee-punane-fit360.ee_-800x800.jpg 800w, https:\/\/fit360.ee\/wp-content\/uploads\/2023\/05\/cadet-tee-punane-fit360.ee_-247x247.jpg 247w, https:\/\/fit360.ee\/wp-content\/uploads\/2023\/05\/cadet-tee-punane-fit360.ee_-100x100.jpg 100w, https:\/\/fit360.ee\/wp-content\/uploads\/2023\/05\/cadet-tee-punane-fit360.ee_-510x510.jpg 510w, https:\/\/fit360.ee\/wp-content\/uploads\/2023\/05\/cadet-tee-punane-fit360.ee_-340x340.jpg 340w, https:\/\/fit360.ee\/wp-content\/uploads\/2023\/05\/cadet-tee-punane-fit360.ee_-768x768.jpg 768w, https:\/\/fit360.ee\/wp-content\/uploads\/2023\/05\/cadet-tee-punane-fit360.ee_.jpg 1080w\" sizes=\"auto, (max-width: 800px) 100vw, 800px\" \/><\/a><\/p>\n<p><a href=\"https:\/\/fit360.ee\/wp-content\/uploads\/2023\/05\/cadet-tee-greymelange-fit360.ee_-800x800.jpg\"><img loading=\"lazy\" decoding=\"async\" class=\"size-medium wp-image-70666\" src=\"https:\/\/fit360.ee\/wp-content\/uploads\/2023\/05\/cadet-tee-greymelange-fit360.ee_-800x800.jpg\" alt=\"cadet tee greymelange - fit360.ee\" width=\"800\" height=\"800\" srcset=\"https:\/\/fit360.ee\/wp-content\/uploads\/2023\/05\/cadet-tee-greymelange-fit360.ee_-800x800.jpg 800w, https:\/\/fit360.ee\/wp-content\/uploads\/2023\/05\/cadet-tee-greymelange-fit360.ee_-247x247.jpg 247w, https:\/\/fit360.ee\/wp-content\/uploads\/2023\/05\/cadet-tee-greymelange-fit360.ee_-100x100.jpg 100w, https:\/\/fit360.ee\/wp-content\/uploads\/2023\/05\/cadet-tee-greymelange-fit360.ee_-510x510.jpg 510w, https:\/\/fit360.ee\/wp-content\/uploads\/2023\/05\/cadet-tee-greymelange-fit360.ee_-340x340.jpg 340w, https:\/\/fit360.ee\/wp-content\/uploads\/2023\/05\/cadet-tee-greymelange-fit360.ee_-768x768.jpg 768w, https:\/\/fit360.ee\/wp-content\/uploads\/2023\/05\/cadet-tee-greymelange-fit360.ee_.jpg 1000w\" sizes=\"auto, (max-width: 800px) 100vw, 800px\" \/><\/a><\/p>\n<p><a href=\"https:\/\/fit360.ee\/wp-content\/uploads\/2023\/05\/cadet-tee-gasp-fit360.ee_-800x800.jpg\"><img loading=\"lazy\" decoding=\"async\" class=\"size-medium wp-image-70668\" src=\"https:\/\/fit360.ee\/wp-content\/uploads\/2023\/05\/cadet-tee-gasp-fit360.ee_-800x800.jpg\" alt=\"cadet tee gasp - fit360.ee\" width=\"800\" height=\"800\" srcset=\"https:\/\/fit360.ee\/wp-content\/uploads\/2023\/05\/cadet-tee-gasp-fit360.ee_-800x800.jpg 800w, https:\/\/fit360.ee\/wp-content\/uploads\/2023\/05\/cadet-tee-gasp-fit360.ee_-247x247.jpg 247w, https:\/\/fit360.ee\/wp-content\/uploads\/2023\/05\/cadet-tee-gasp-fit360.ee_-100x100.jpg 100w, https:\/\/fit360.ee\/wp-content\/uploads\/2023\/05\/cadet-tee-gasp-fit360.ee_-510x510.jpg 510w, https:\/\/fit360.ee\/wp-content\/uploads\/2023\/05\/cadet-tee-gasp-fit360.ee_-340x340.jpg 340w, https:\/\/fit360.ee\/wp-content\/uploads\/2023\/05\/cadet-tee-gasp-fit360.ee_-768x768.jpg 768w, https:\/\/fit360.ee\/wp-content\/uploads\/2023\/05\/cadet-tee-gasp-fit360.ee_.jpg 1000w\" sizes=\"auto, (max-width: 800px) 100vw, 800px\" \/><\/a><\/p>\n","protected":false},"excerpt":{"rendered":"<p><strong>Sobivus:<\/strong>\u00a0Tavaline<br \/>\n<strong>Pikkus:<\/strong> T\u00e4ismaterjal <strong>:<\/strong>\u00a060% puuvill 40% pol\u00fcester<br \/>\n<strong>Omadused:<\/strong>\u00a0Pehme k\u00e4etunne, tr\u00fckk rinnal<\/p>\n","protected":false},"featured_media":70669,"comment_status":"closed","ping_status":"closed","template":"","meta":[],"product_brand":[],"product_cat":[547],"product_tag":[4367,2515],"giftcard-category":[],"class_list":{"0":"post-70678","1":"product","2":"type-product","3":"status-publish","4":"has-post-thumbnail","6":"product_cat-fitness-clothing-en","7":"product_tag-cadet-tee-en","8":"product_tag-gasp-en","9":"pa_suurus-l","10":"pa_suurus-m","11":"pa_suurus-s","12":"pa_suurus-xl","13":"pa_varvus-army-green-melange-en","14":"pa_varvus-black-orange","15":"pa_varvus-dark-gray","16":"pa_varvus-red","17":"pa_varvus-white","19":"first","20":"instock","21":"sale","22":"taxable","23":"shipping-taxable","24":"purchasable","25":"product-type-variable"},"yoast_head":"<!-- This site is optimized with the Yoast SEO plugin v27.3 - https:\/\/yoast.com\/product\/yoast-seo-wordpress\/ -->\n<title>GASP Cadet Tee - treenings\u00e4rk - Fit360<\/title>\n<meta name=\"description\" content=\"Cadet Tee on standardne T-s\u00e4rk, mis on valmistatud puuvillasest pol\u00fcestri segust, mis hoiab oma kuju ja v\u00e4rvi h\u00e4sti l\u00e4bi arvukate treeningute ja pesu.\" \/>\n<meta name=\"robots\" content=\"index, follow, max-snippet:-1, max-image-preview:large, max-video-preview:-1\" \/>\n<link rel=\"canonical\" href=\"https:\/\/fit360.ee\/en\/pood\/training-equipment-en\/fitness-clothing-en\/gasp-cadet-tee\/\" \/>\n<meta property=\"og:locale\" content=\"en_US\" \/>\n<meta property=\"og:type\" content=\"article\" \/>\n<meta property=\"og:title\" content=\"GASP Cadet Tee - treenings\u00e4rk - Fit360\" \/>\n<meta property=\"og:description\" content=\"Cadet Tee on standardne T-s\u00e4rk, mis on valmistatud puuvillasest pol\u00fcestri segust, mis hoiab oma kuju ja v\u00e4rvi h\u00e4sti l\u00e4bi arvukate treeningute ja pesu.\" \/>\n<meta property=\"og:url\" content=\"https:\/\/fit360.ee\/en\/pood\/training-equipment-en\/fitness-clothing-en\/gasp-cadet-tee\/\" \/>\n<meta property=\"og:site_name\" content=\"Fit360\" \/>\n<meta property=\"article:modified_time\" content=\"2026-04-11T09:57:37+00:00\" \/>\n<meta property=\"og:image\" content=\"https:\/\/fit360.ee\/wp-content\/uploads\/2023\/05\/cadet-tee-gasp-fit360.ee_.jpg\" \/>\n\t<meta property=\"og:image:width\" content=\"1000\" \/>\n\t<meta property=\"og:image:height\" content=\"1000\" \/>\n\t<meta property=\"og:image:type\" content=\"image\/jpeg\" \/>\n<meta name=\"twitter:card\" content=\"summary_large_image\" \/>\n<meta name=\"twitter:label1\" content=\"Est. reading time\" \/>\n\t<meta name=\"twitter:data1\" content=\"2 minutes\" \/>\n<script type=\"application\/ld+json\" class=\"yoast-schema-graph\">{\"@context\":\"https:\\\/\\\/schema.org\",\"@graph\":[{\"@type\":\"WebPage\",\"@id\":\"https:\\\/\\\/fit360.ee\\\/en\\\/pood\\\/training-equipment-en\\\/fitness-clothing-en\\\/gasp-cadet-tee\\\/\",\"url\":\"https:\\\/\\\/fit360.ee\\\/en\\\/pood\\\/training-equipment-en\\\/fitness-clothing-en\\\/gasp-cadet-tee\\\/\",\"name\":\"GASP Cadet Tee - treenings\u00e4rk - Fit360\",\"isPartOf\":{\"@id\":\"https:\\\/\\\/fit360.ee\\\/en\\\/#website\"},\"primaryImageOfPage\":{\"@id\":\"https:\\\/\\\/fit360.ee\\\/en\\\/pood\\\/training-equipment-en\\\/fitness-clothing-en\\\/gasp-cadet-tee\\\/#primaryimage\"},\"image\":{\"@id\":\"https:\\\/\\\/fit360.ee\\\/en\\\/pood\\\/training-equipment-en\\\/fitness-clothing-en\\\/gasp-cadet-tee\\\/#primaryimage\"},\"thumbnailUrl\":\"https:\\\/\\\/fit360.ee\\\/wp-content\\\/uploads\\\/2023\\\/05\\\/cadet-tee-gasp-fit360.ee_.jpg\",\"datePublished\":\"2023-05-27T12:25:44+00:00\",\"dateModified\":\"2026-04-11T09:57:37+00:00\",\"description\":\"Cadet Tee on standardne T-s\u00e4rk, mis on valmistatud puuvillasest pol\u00fcestri segust, mis hoiab oma kuju ja v\u00e4rvi h\u00e4sti l\u00e4bi arvukate treeningute ja pesu.\",\"breadcrumb\":{\"@id\":\"https:\\\/\\\/fit360.ee\\\/en\\\/pood\\\/training-equipment-en\\\/fitness-clothing-en\\\/gasp-cadet-tee\\\/#breadcrumb\"},\"inLanguage\":\"en-US\",\"potentialAction\":[{\"@type\":\"ReadAction\",\"target\":[\"https:\\\/\\\/fit360.ee\\\/en\\\/pood\\\/training-equipment-en\\\/fitness-clothing-en\\\/gasp-cadet-tee\\\/\"]}]},{\"@type\":\"ImageObject\",\"inLanguage\":\"en-US\",\"@id\":\"https:\\\/\\\/fit360.ee\\\/en\\\/pood\\\/training-equipment-en\\\/fitness-clothing-en\\\/gasp-cadet-tee\\\/#primaryimage\",\"url\":\"https:\\\/\\\/fit360.ee\\\/wp-content\\\/uploads\\\/2023\\\/05\\\/cadet-tee-gasp-fit360.ee_.jpg\",\"contentUrl\":\"https:\\\/\\\/fit360.ee\\\/wp-content\\\/uploads\\\/2023\\\/05\\\/cadet-tee-gasp-fit360.ee_.jpg\",\"width\":1000,\"height\":1000,\"caption\":\"cadet tee gasp - fit360.ee\"},{\"@type\":\"BreadcrumbList\",\"@id\":\"https:\\\/\\\/fit360.ee\\\/en\\\/pood\\\/training-equipment-en\\\/fitness-clothing-en\\\/gasp-cadet-tee\\\/#breadcrumb\",\"itemListElement\":[{\"@type\":\"ListItem\",\"position\":1,\"name\":\"Home\",\"item\":\"https:\\\/\\\/fit360.ee\\\/en\\\/\"},{\"@type\":\"ListItem\",\"position\":2,\"name\":\"Shop\",\"item\":\"https:\\\/\\\/fit360.ee\\\/en\\\/shop\\\/\"},{\"@type\":\"ListItem\",\"position\":3,\"name\":\"GASP Cadet Tee\"}]},{\"@type\":\"WebSite\",\"@id\":\"https:\\\/\\\/fit360.ee\\\/en\\\/#website\",\"url\":\"https:\\\/\\\/fit360.ee\\\/en\\\/\",\"name\":\"Fit360\",\"description\":\"\",\"publisher\":{\"@id\":\"https:\\\/\\\/fit360.ee\\\/en\\\/#organization\"},\"potentialAction\":[{\"@type\":\"SearchAction\",\"target\":{\"@type\":\"EntryPoint\",\"urlTemplate\":\"https:\\\/\\\/fit360.ee\\\/en\\\/?s={search_term_string}\"},\"query-input\":{\"@type\":\"PropertyValueSpecification\",\"valueRequired\":true,\"valueName\":\"search_term_string\"}}],\"inLanguage\":\"en-US\"},{\"@type\":\"Organization\",\"@id\":\"https:\\\/\\\/fit360.ee\\\/en\\\/#organization\",\"name\":\"Fit360\",\"url\":\"https:\\\/\\\/fit360.ee\\\/en\\\/\",\"logo\":{\"@type\":\"ImageObject\",\"inLanguage\":\"en-US\",\"@id\":\"https:\\\/\\\/fit360.ee\\\/en\\\/#\\\/schema\\\/logo\\\/image\\\/\",\"url\":\"https:\\\/\\\/fit360.ee\\\/wp-content\\\/uploads\\\/2017\\\/01\\\/logo-fit360.png\",\"contentUrl\":\"https:\\\/\\\/fit360.ee\\\/wp-content\\\/uploads\\\/2017\\\/01\\\/logo-fit360.png\",\"width\":180,\"height\":66,\"caption\":\"Fit360\"},\"image\":{\"@id\":\"https:\\\/\\\/fit360.ee\\\/en\\\/#\\\/schema\\\/logo\\\/image\\\/\"}}]}<\/script>\n<!-- \/ Yoast SEO plugin. -->","yoast_head_json":{"title":"GASP Cadet Tee - treenings\u00e4rk - Fit360","description":"Cadet Tee on standardne T-s\u00e4rk, mis on valmistatud puuvillasest pol\u00fcestri segust, mis hoiab oma kuju ja v\u00e4rvi h\u00e4sti l\u00e4bi arvukate treeningute ja pesu.","robots":{"index":"index","follow":"follow","max-snippet":"max-snippet:-1","max-image-preview":"max-image-preview:large","max-video-preview":"max-video-preview:-1"},"canonical":"https:\/\/fit360.ee\/en\/pood\/training-equipment-en\/fitness-clothing-en\/gasp-cadet-tee\/","og_locale":"en_US","og_type":"article","og_title":"GASP Cadet Tee - treenings\u00e4rk - Fit360","og_description":"Cadet Tee on standardne T-s\u00e4rk, mis on valmistatud puuvillasest pol\u00fcestri segust, mis hoiab oma kuju ja v\u00e4rvi h\u00e4sti l\u00e4bi arvukate treeningute ja pesu.","og_url":"https:\/\/fit360.ee\/en\/pood\/training-equipment-en\/fitness-clothing-en\/gasp-cadet-tee\/","og_site_name":"Fit360","article_modified_time":"2026-04-11T09:57:37+00:00","og_image":[{"width":1000,"height":1000,"url":"https:\/\/fit360.ee\/wp-content\/uploads\/2023\/05\/cadet-tee-gasp-fit360.ee_.jpg","type":"image\/jpeg"}],"twitter_card":"summary_large_image","twitter_misc":{"Est. reading time":"2 minutes"},"schema":{"@context":"https:\/\/schema.org","@graph":[{"@type":"WebPage","@id":"https:\/\/fit360.ee\/en\/pood\/training-equipment-en\/fitness-clothing-en\/gasp-cadet-tee\/","url":"https:\/\/fit360.ee\/en\/pood\/training-equipment-en\/fitness-clothing-en\/gasp-cadet-tee\/","name":"GASP Cadet Tee - treenings\u00e4rk - Fit360","isPartOf":{"@id":"https:\/\/fit360.ee\/en\/#website"},"primaryImageOfPage":{"@id":"https:\/\/fit360.ee\/en\/pood\/training-equipment-en\/fitness-clothing-en\/gasp-cadet-tee\/#primaryimage"},"image":{"@id":"https:\/\/fit360.ee\/en\/pood\/training-equipment-en\/fitness-clothing-en\/gasp-cadet-tee\/#primaryimage"},"thumbnailUrl":"https:\/\/fit360.ee\/wp-content\/uploads\/2023\/05\/cadet-tee-gasp-fit360.ee_.jpg","datePublished":"2023-05-27T12:25:44+00:00","dateModified":"2026-04-11T09:57:37+00:00","description":"Cadet Tee on standardne T-s\u00e4rk, mis on valmistatud puuvillasest pol\u00fcestri segust, mis hoiab oma kuju ja v\u00e4rvi h\u00e4sti l\u00e4bi arvukate treeningute ja pesu.","breadcrumb":{"@id":"https:\/\/fit360.ee\/en\/pood\/training-equipment-en\/fitness-clothing-en\/gasp-cadet-tee\/#breadcrumb"},"inLanguage":"en-US","potentialAction":[{"@type":"ReadAction","target":["https:\/\/fit360.ee\/en\/pood\/training-equipment-en\/fitness-clothing-en\/gasp-cadet-tee\/"]}]},{"@type":"ImageObject","inLanguage":"en-US","@id":"https:\/\/fit360.ee\/en\/pood\/training-equipment-en\/fitness-clothing-en\/gasp-cadet-tee\/#primaryimage","url":"https:\/\/fit360.ee\/wp-content\/uploads\/2023\/05\/cadet-tee-gasp-fit360.ee_.jpg","contentUrl":"https:\/\/fit360.ee\/wp-content\/uploads\/2023\/05\/cadet-tee-gasp-fit360.ee_.jpg","width":1000,"height":1000,"caption":"cadet tee gasp - fit360.ee"},{"@type":"BreadcrumbList","@id":"https:\/\/fit360.ee\/en\/pood\/training-equipment-en\/fitness-clothing-en\/gasp-cadet-tee\/#breadcrumb","itemListElement":[{"@type":"ListItem","position":1,"name":"Home","item":"https:\/\/fit360.ee\/en\/"},{"@type":"ListItem","position":2,"name":"Shop","item":"https:\/\/fit360.ee\/en\/shop\/"},{"@type":"ListItem","position":3,"name":"GASP Cadet Tee"}]},{"@type":"WebSite","@id":"https:\/\/fit360.ee\/en\/#website","url":"https:\/\/fit360.ee\/en\/","name":"Fit360","description":"","publisher":{"@id":"https:\/\/fit360.ee\/en\/#organization"},"potentialAction":[{"@type":"SearchAction","target":{"@type":"EntryPoint","urlTemplate":"https:\/\/fit360.ee\/en\/?s={search_term_string}"},"query-input":{"@type":"PropertyValueSpecification","valueRequired":true,"valueName":"search_term_string"}}],"inLanguage":"en-US"},{"@type":"Organization","@id":"https:\/\/fit360.ee\/en\/#organization","name":"Fit360","url":"https:\/\/fit360.ee\/en\/","logo":{"@type":"ImageObject","inLanguage":"en-US","@id":"https:\/\/fit360.ee\/en\/#\/schema\/logo\/image\/","url":"https:\/\/fit360.ee\/wp-content\/uploads\/2017\/01\/logo-fit360.png","contentUrl":"https:\/\/fit360.ee\/wp-content\/uploads\/2017\/01\/logo-fit360.png","width":180,"height":66,"caption":"Fit360"},"image":{"@id":"https:\/\/fit360.ee\/en\/#\/schema\/logo\/image\/"}}]}},"_links":{"self":[{"href":"https:\/\/fit360.ee\/en\/wp-json\/wp\/v2\/product\/70678","targetHints":{"allow":["GET"]}}],"collection":[{"href":"https:\/\/fit360.ee\/en\/wp-json\/wp\/v2\/product"}],"about":[{"href":"https:\/\/fit360.ee\/en\/wp-json\/wp\/v2\/types\/product"}],"replies":[{"embeddable":true,"href":"https:\/\/fit360.ee\/en\/wp-json\/wp\/v2\/comments?post=70678"}],"wp:featuredmedia":[{"embeddable":true,"href":"https:\/\/fit360.ee\/en\/wp-json\/wp\/v2\/media\/70669"}],"wp:attachment":[{"href":"https:\/\/fit360.ee\/en\/wp-json\/wp\/v2\/media?parent=70678"}],"wp:term":[{"taxonomy":"product_brand","embeddable":true,"href":"https:\/\/fit360.ee\/en\/wp-json\/wp\/v2\/product_brand?post=70678"},{"taxonomy":"product_cat","embeddable":true,"href":"https:\/\/fit360.ee\/en\/wp-json\/wp\/v2\/product_cat?post=70678"},{"taxonomy":"product_tag","embeddable":true,"href":"https:\/\/fit360.ee\/en\/wp-json\/wp\/v2\/product_tag?post=70678"},{"taxonomy":"giftcard-category","embeddable":true,"href":"https:\/\/fit360.ee\/en\/wp-json\/wp\/v2\/giftcard-category?post=70678"}],"curies":[{"name":"wp","href":"https:\/\/api.w.org\/{rel}","templated":true}]}}