{"id":70706,"date":"2023-05-27T14:51:06","date_gmt":"2023-05-27T12:51:06","guid":{"rendered":"https:\/\/fit360.ee\/pood\/uncategorized\/bb-union-iron-tee\/"},"modified":"2026-03-16T18:32:08","modified_gmt":"2026-03-16T16:32:08","slug":"bb-union-iron-tee","status":"publish","type":"product","link":"https:\/\/fit360.ee\/en\/pood\/training-equipment-en\/fitness-clothing-en\/bb-union-iron-tee\/","title":{"rendered":"BB Union Iron Tee"},"content":{"rendered":"<h2><strong>Union Iron Tee<\/strong><\/h2>\n<p><strong>Sobivus:<\/strong><em> Loose<\/em><br \/>\n<strong>Pikkus:<\/strong> T\u00e4ismaterjal<strong>:<\/strong>\u00a060% puuvill 40% pol\u00fcester<br \/>\n<strong>Omadused:<\/strong>\u00a0Pehme k\u00e4etunne, v\u00e4ike rindkere tr\u00fckk, suur seljatr\u00fckk<\/p>\n<p>Kasutades meie populaarse \u00fclisuure GASP Iron Tee platvormi, on Union Iron Tee sama istuvusega kui originaal, kuid on valmistatud hingavast puuvillase pol\u00fcestri segust.\u00a0See kangas hoiab h\u00e4sti oma kuju ja v\u00e4rvi paljude treeningute ja pesukordade ajal ning hoiab teid treeningu ajal mugavalt.<\/p>\n<p><a href=\"https:\/\/fit360.ee\/wp-content\/uploads\/2023\/05\/union-iron-tee-fit360.ee_-800x800.jpg\"><img loading=\"lazy\" decoding=\"async\" class=\"size-medium wp-image-70688\" src=\"https:\/\/fit360.ee\/wp-content\/uploads\/2023\/05\/union-iron-tee-fit360.ee_-800x800.jpg\" alt=\"union iron tee - fit360.ee\" width=\"800\" height=\"800\" srcset=\"https:\/\/fit360.ee\/wp-content\/uploads\/2023\/05\/union-iron-tee-fit360.ee_-800x800.jpg 800w, https:\/\/fit360.ee\/wp-content\/uploads\/2023\/05\/union-iron-tee-fit360.ee_-247x247.jpg 247w, https:\/\/fit360.ee\/wp-content\/uploads\/2023\/05\/union-iron-tee-fit360.ee_-100x100.jpg 100w, https:\/\/fit360.ee\/wp-content\/uploads\/2023\/05\/union-iron-tee-fit360.ee_-510x510.jpg 510w, https:\/\/fit360.ee\/wp-content\/uploads\/2023\/05\/union-iron-tee-fit360.ee_-340x340.jpg 340w, https:\/\/fit360.ee\/wp-content\/uploads\/2023\/05\/union-iron-tee-fit360.ee_-768x768.jpg 768w, https:\/\/fit360.ee\/wp-content\/uploads\/2023\/05\/union-iron-tee-fit360.ee_.jpg 1000w\" sizes=\"auto, (max-width: 800px) 100vw, 800px\" \/><\/a><\/p>\n<p><a href=\"https:\/\/fit360.ee\/wp-content\/uploads\/2023\/05\/union-iron-tee-hall-fit360.ee_-800x800.jpg\"><img loading=\"lazy\" decoding=\"async\" class=\"size-medium wp-image-70690\" src=\"https:\/\/fit360.ee\/wp-content\/uploads\/2023\/05\/union-iron-tee-hall-fit360.ee_-800x800.jpg\" alt=\"union iron tee hall - fit360.ee\" width=\"800\" height=\"800\" srcset=\"https:\/\/fit360.ee\/wp-content\/uploads\/2023\/05\/union-iron-tee-hall-fit360.ee_-800x800.jpg 800w, https:\/\/fit360.ee\/wp-content\/uploads\/2023\/05\/union-iron-tee-hall-fit360.ee_-247x247.jpg 247w, https:\/\/fit360.ee\/wp-content\/uploads\/2023\/05\/union-iron-tee-hall-fit360.ee_-100x100.jpg 100w, https:\/\/fit360.ee\/wp-content\/uploads\/2023\/05\/union-iron-tee-hall-fit360.ee_-510x510.jpg 510w, https:\/\/fit360.ee\/wp-content\/uploads\/2023\/05\/union-iron-tee-hall-fit360.ee_-340x340.jpg 340w, https:\/\/fit360.ee\/wp-content\/uploads\/2023\/05\/union-iron-tee-hall-fit360.ee_-768x768.jpg 768w, https:\/\/fit360.ee\/wp-content\/uploads\/2023\/05\/union-iron-tee-hall-fit360.ee_.jpg 1000w\" sizes=\"auto, (max-width: 800px) 100vw, 800px\" \/><\/a><\/p>\n<p><a href=\"https:\/\/fit360.ee\/wp-content\/uploads\/2023\/05\/bb-union-iron-tee-grey-fit360.ee_-800x800.jpg\"><img loading=\"lazy\" decoding=\"async\" class=\"size-medium wp-image-70692\" src=\"https:\/\/fit360.ee\/wp-content\/uploads\/2023\/05\/bb-union-iron-tee-grey-fit360.ee_-800x800.jpg\" alt=\"bb union iron tee grey - fit360.ee\" width=\"800\" height=\"800\" srcset=\"https:\/\/fit360.ee\/wp-content\/uploads\/2023\/05\/bb-union-iron-tee-grey-fit360.ee_-800x800.jpg 800w, https:\/\/fit360.ee\/wp-content\/uploads\/2023\/05\/bb-union-iron-tee-grey-fit360.ee_-247x247.jpg 247w, https:\/\/fit360.ee\/wp-content\/uploads\/2023\/05\/bb-union-iron-tee-grey-fit360.ee_-100x100.jpg 100w, https:\/\/fit360.ee\/wp-content\/uploads\/2023\/05\/bb-union-iron-tee-grey-fit360.ee_-510x510.jpg 510w, https:\/\/fit360.ee\/wp-content\/uploads\/2023\/05\/bb-union-iron-tee-grey-fit360.ee_-340x340.jpg 340w, https:\/\/fit360.ee\/wp-content\/uploads\/2023\/05\/bb-union-iron-tee-grey-fit360.ee_-768x768.jpg 768w, https:\/\/fit360.ee\/wp-content\/uploads\/2023\/05\/bb-union-iron-tee-grey-fit360.ee_.jpg 1000w\" sizes=\"auto, (max-width: 800px) 100vw, 800px\" \/><\/a><\/p>\n<p><a href=\"https:\/\/fit360.ee\/wp-content\/uploads\/2023\/05\/better-bodies-iron-tee-fit360.ee_-800x800.jpg\"><img loading=\"lazy\" decoding=\"async\" class=\"size-medium wp-image-70694\" src=\"https:\/\/fit360.ee\/wp-content\/uploads\/2023\/05\/better-bodies-iron-tee-fit360.ee_-800x800.jpg\" alt=\"better bodies iron tee - fit360.ee\" width=\"800\" height=\"800\" srcset=\"https:\/\/fit360.ee\/wp-content\/uploads\/2023\/05\/better-bodies-iron-tee-fit360.ee_-800x800.jpg 800w, https:\/\/fit360.ee\/wp-content\/uploads\/2023\/05\/better-bodies-iron-tee-fit360.ee_-247x247.jpg 247w, https:\/\/fit360.ee\/wp-content\/uploads\/2023\/05\/better-bodies-iron-tee-fit360.ee_-100x100.jpg 100w, https:\/\/fit360.ee\/wp-content\/uploads\/2023\/05\/better-bodies-iron-tee-fit360.ee_-510x510.jpg 510w, https:\/\/fit360.ee\/wp-content\/uploads\/2023\/05\/better-bodies-iron-tee-fit360.ee_-340x340.jpg 340w, https:\/\/fit360.ee\/wp-content\/uploads\/2023\/05\/better-bodies-iron-tee-fit360.ee_-768x768.jpg 768w, https:\/\/fit360.ee\/wp-content\/uploads\/2023\/05\/better-bodies-iron-tee-fit360.ee_.jpg 1000w\" sizes=\"auto, (max-width: 800px) 100vw, 800px\" \/><\/a><\/p>\n<p><a href=\"https:\/\/fit360.ee\/wp-content\/uploads\/2023\/05\/iron-tee-fit360.ee_-800x800.jpg\"><img loading=\"lazy\" decoding=\"async\" class=\"size-medium wp-image-70696\" src=\"https:\/\/fit360.ee\/wp-content\/uploads\/2023\/05\/iron-tee-fit360.ee_-800x800.jpg\" alt=\"iron tee - fit360.ee\" width=\"800\" height=\"800\" srcset=\"https:\/\/fit360.ee\/wp-content\/uploads\/2023\/05\/iron-tee-fit360.ee_-800x800.jpg 800w, https:\/\/fit360.ee\/wp-content\/uploads\/2023\/05\/iron-tee-fit360.ee_-247x247.jpg 247w, https:\/\/fit360.ee\/wp-content\/uploads\/2023\/05\/iron-tee-fit360.ee_-100x100.jpg 100w, https:\/\/fit360.ee\/wp-content\/uploads\/2023\/05\/iron-tee-fit360.ee_-510x510.jpg 510w, https:\/\/fit360.ee\/wp-content\/uploads\/2023\/05\/iron-tee-fit360.ee_-340x340.jpg 340w, https:\/\/fit360.ee\/wp-content\/uploads\/2023\/05\/iron-tee-fit360.ee_-768x768.jpg 768w, https:\/\/fit360.ee\/wp-content\/uploads\/2023\/05\/iron-tee-fit360.ee_.jpg 1000w\" sizes=\"auto, (max-width: 800px) 100vw, 800px\" \/><\/a><\/p>\n<p><a href=\"https:\/\/fit360.ee\/wp-content\/uploads\/2023\/05\/bb-union-iron-tee-fit360.ee_-800x800.jpg\"><img loading=\"lazy\" decoding=\"async\" class=\"size-medium wp-image-70698\" src=\"https:\/\/fit360.ee\/wp-content\/uploads\/2023\/05\/bb-union-iron-tee-fit360.ee_-800x800.jpg\" alt=\"bb union iron tee - fit360.ee\" width=\"800\" height=\"800\" srcset=\"https:\/\/fit360.ee\/wp-content\/uploads\/2023\/05\/bb-union-iron-tee-fit360.ee_-800x800.jpg 800w, https:\/\/fit360.ee\/wp-content\/uploads\/2023\/05\/bb-union-iron-tee-fit360.ee_-247x247.jpg 247w, https:\/\/fit360.ee\/wp-content\/uploads\/2023\/05\/bb-union-iron-tee-fit360.ee_-100x100.jpg 100w, https:\/\/fit360.ee\/wp-content\/uploads\/2023\/05\/bb-union-iron-tee-fit360.ee_-510x510.jpg 510w, https:\/\/fit360.ee\/wp-content\/uploads\/2023\/05\/bb-union-iron-tee-fit360.ee_-340x340.jpg 340w, https:\/\/fit360.ee\/wp-content\/uploads\/2023\/05\/bb-union-iron-tee-fit360.ee_-768x768.jpg 768w, https:\/\/fit360.ee\/wp-content\/uploads\/2023\/05\/bb-union-iron-tee-fit360.ee_.jpg 1000w\" sizes=\"auto, (max-width: 800px) 100vw, 800px\" \/><\/a><\/p>\n","protected":false},"excerpt":{"rendered":"<p><strong>Sobivus:<\/strong><em> Loose<\/em><br \/>\n<strong>Pikkus:<\/strong> T\u00e4ismaterjal<strong>:<\/strong>\u00a060% puuvill 40% pol\u00fcester<br \/>\n<strong>Omadused:<\/strong>\u00a0Pehme k\u00e4etunne, v\u00e4ike rindkere tr\u00fckk, suur seljatr\u00fckk<\/p>\n","protected":false},"featured_media":70689,"comment_status":"closed","ping_status":"closed","template":"","meta":[],"product_brand":[],"product_cat":[547],"product_tag":[4370,2522,4371],"giftcard-category":[],"class_list":{"0":"post-70706","1":"product","2":"type-product","3":"status-publish","4":"has-post-thumbnail","6":"product_cat-fitness-clothing-en","7":"product_tag-bb-union-iron-tee-en","8":"product_tag-better-bodies-en","9":"product_tag-union-iron-tee-en","10":"pa_suurus-l","11":"pa_varvus-army-green-melange-en","12":"pa_varvus-black","14":"first","15":"instock","16":"sale","17":"taxable","18":"shipping-taxable","19":"purchasable","20":"product-type-variable"},"yoast_head":"<!-- This site is optimized with the Yoast SEO plugin v27.3 - https:\/\/yoast.com\/product\/yoast-seo-wordpress\/ -->\n<title>BB Union Iron Tee - Treening T-s\u00e4rk - Kiire Tarne - Fit360<\/title>\n<meta name=\"description\" content=\"Uinon Iron Tee on valmistatud hingavast puuvillase pol\u00fcestri segust.\u00a0See kangas hoiab h\u00e4sti oma kuju ja v\u00e4rvi paljude treeningute ja pesukordade ajal ning..\" \/>\n<meta name=\"robots\" content=\"index, follow, max-snippet:-1, max-image-preview:large, max-video-preview:-1\" \/>\n<link rel=\"canonical\" href=\"https:\/\/fit360.ee\/en\/pood\/training-equipment-en\/fitness-clothing-en\/bb-union-iron-tee\/\" \/>\n<meta property=\"og:locale\" content=\"en_US\" \/>\n<meta property=\"og:type\" content=\"article\" \/>\n<meta property=\"og:title\" content=\"BB Union Iron Tee - Treening T-s\u00e4rk - Kiire Tarne - Fit360\" \/>\n<meta property=\"og:description\" content=\"Uinon Iron Tee on valmistatud hingavast puuvillase pol\u00fcestri segust.\u00a0See kangas hoiab h\u00e4sti oma kuju ja v\u00e4rvi paljude treeningute ja pesukordade ajal ning..\" \/>\n<meta property=\"og:url\" content=\"https:\/\/fit360.ee\/en\/pood\/training-equipment-en\/fitness-clothing-en\/bb-union-iron-tee\/\" \/>\n<meta property=\"og:site_name\" content=\"Fit360\" \/>\n<meta property=\"article:modified_time\" content=\"2026-03-16T16:32:08+00:00\" \/>\n<meta property=\"og:image\" content=\"https:\/\/fit360.ee\/wp-content\/uploads\/2023\/05\/union-iron-tee-fit360.ee_.jpg\" \/>\n\t<meta property=\"og:image:width\" content=\"1000\" \/>\n\t<meta property=\"og:image:height\" content=\"1000\" \/>\n\t<meta property=\"og:image:type\" content=\"image\/jpeg\" \/>\n<meta name=\"twitter:card\" content=\"summary_large_image\" \/>\n<meta name=\"twitter:label1\" content=\"Est. reading time\" \/>\n\t<meta name=\"twitter:data1\" content=\"2 minutes\" \/>\n<script type=\"application\/ld+json\" class=\"yoast-schema-graph\">{\"@context\":\"https:\\\/\\\/schema.org\",\"@graph\":[{\"@type\":\"WebPage\",\"@id\":\"https:\\\/\\\/fit360.ee\\\/en\\\/pood\\\/training-equipment-en\\\/fitness-clothing-en\\\/bb-union-iron-tee\\\/\",\"url\":\"https:\\\/\\\/fit360.ee\\\/en\\\/pood\\\/training-equipment-en\\\/fitness-clothing-en\\\/bb-union-iron-tee\\\/\",\"name\":\"BB Union Iron Tee - Treening T-s\u00e4rk - Kiire Tarne - Fit360\",\"isPartOf\":{\"@id\":\"https:\\\/\\\/fit360.ee\\\/en\\\/#website\"},\"primaryImageOfPage\":{\"@id\":\"https:\\\/\\\/fit360.ee\\\/en\\\/pood\\\/training-equipment-en\\\/fitness-clothing-en\\\/bb-union-iron-tee\\\/#primaryimage\"},\"image\":{\"@id\":\"https:\\\/\\\/fit360.ee\\\/en\\\/pood\\\/training-equipment-en\\\/fitness-clothing-en\\\/bb-union-iron-tee\\\/#primaryimage\"},\"thumbnailUrl\":\"https:\\\/\\\/fit360.ee\\\/wp-content\\\/uploads\\\/2023\\\/05\\\/union-iron-tee-fit360.ee_.jpg\",\"datePublished\":\"2023-05-27T12:51:06+00:00\",\"dateModified\":\"2026-03-16T16:32:08+00:00\",\"description\":\"Uinon Iron Tee on valmistatud hingavast puuvillase pol\u00fcestri segust.\u00a0See kangas hoiab h\u00e4sti oma kuju ja v\u00e4rvi paljude treeningute ja pesukordade ajal ning..\",\"breadcrumb\":{\"@id\":\"https:\\\/\\\/fit360.ee\\\/en\\\/pood\\\/training-equipment-en\\\/fitness-clothing-en\\\/bb-union-iron-tee\\\/#breadcrumb\"},\"inLanguage\":\"en-US\",\"potentialAction\":[{\"@type\":\"ReadAction\",\"target\":[\"https:\\\/\\\/fit360.ee\\\/en\\\/pood\\\/training-equipment-en\\\/fitness-clothing-en\\\/bb-union-iron-tee\\\/\"]}]},{\"@type\":\"ImageObject\",\"inLanguage\":\"en-US\",\"@id\":\"https:\\\/\\\/fit360.ee\\\/en\\\/pood\\\/training-equipment-en\\\/fitness-clothing-en\\\/bb-union-iron-tee\\\/#primaryimage\",\"url\":\"https:\\\/\\\/fit360.ee\\\/wp-content\\\/uploads\\\/2023\\\/05\\\/union-iron-tee-fit360.ee_.jpg\",\"contentUrl\":\"https:\\\/\\\/fit360.ee\\\/wp-content\\\/uploads\\\/2023\\\/05\\\/union-iron-tee-fit360.ee_.jpg\",\"width\":1000,\"height\":1000,\"caption\":\"union iron tee - fit360.ee\"},{\"@type\":\"BreadcrumbList\",\"@id\":\"https:\\\/\\\/fit360.ee\\\/en\\\/pood\\\/training-equipment-en\\\/fitness-clothing-en\\\/bb-union-iron-tee\\\/#breadcrumb\",\"itemListElement\":[{\"@type\":\"ListItem\",\"position\":1,\"name\":\"Home\",\"item\":\"https:\\\/\\\/fit360.ee\\\/en\\\/\"},{\"@type\":\"ListItem\",\"position\":2,\"name\":\"Shop\",\"item\":\"https:\\\/\\\/fit360.ee\\\/en\\\/shop\\\/\"},{\"@type\":\"ListItem\",\"position\":3,\"name\":\"BB Union Iron Tee\"}]},{\"@type\":\"WebSite\",\"@id\":\"https:\\\/\\\/fit360.ee\\\/en\\\/#website\",\"url\":\"https:\\\/\\\/fit360.ee\\\/en\\\/\",\"name\":\"Fit360\",\"description\":\"\",\"publisher\":{\"@id\":\"https:\\\/\\\/fit360.ee\\\/en\\\/#organization\"},\"potentialAction\":[{\"@type\":\"SearchAction\",\"target\":{\"@type\":\"EntryPoint\",\"urlTemplate\":\"https:\\\/\\\/fit360.ee\\\/en\\\/?s={search_term_string}\"},\"query-input\":{\"@type\":\"PropertyValueSpecification\",\"valueRequired\":true,\"valueName\":\"search_term_string\"}}],\"inLanguage\":\"en-US\"},{\"@type\":\"Organization\",\"@id\":\"https:\\\/\\\/fit360.ee\\\/en\\\/#organization\",\"name\":\"Fit360\",\"url\":\"https:\\\/\\\/fit360.ee\\\/en\\\/\",\"logo\":{\"@type\":\"ImageObject\",\"inLanguage\":\"en-US\",\"@id\":\"https:\\\/\\\/fit360.ee\\\/en\\\/#\\\/schema\\\/logo\\\/image\\\/\",\"url\":\"https:\\\/\\\/fit360.ee\\\/wp-content\\\/uploads\\\/2017\\\/01\\\/logo-fit360.png\",\"contentUrl\":\"https:\\\/\\\/fit360.ee\\\/wp-content\\\/uploads\\\/2017\\\/01\\\/logo-fit360.png\",\"width\":180,\"height\":66,\"caption\":\"Fit360\"},\"image\":{\"@id\":\"https:\\\/\\\/fit360.ee\\\/en\\\/#\\\/schema\\\/logo\\\/image\\\/\"}}]}<\/script>\n<!-- \/ Yoast SEO plugin. -->","yoast_head_json":{"title":"BB Union Iron Tee - Treening T-s\u00e4rk - Kiire Tarne - Fit360","description":"Uinon Iron Tee on valmistatud hingavast puuvillase pol\u00fcestri segust.\u00a0See kangas hoiab h\u00e4sti oma kuju ja v\u00e4rvi paljude treeningute ja pesukordade ajal ning..","robots":{"index":"index","follow":"follow","max-snippet":"max-snippet:-1","max-image-preview":"max-image-preview:large","max-video-preview":"max-video-preview:-1"},"canonical":"https:\/\/fit360.ee\/en\/pood\/training-equipment-en\/fitness-clothing-en\/bb-union-iron-tee\/","og_locale":"en_US","og_type":"article","og_title":"BB Union Iron Tee - Treening T-s\u00e4rk - Kiire Tarne - Fit360","og_description":"Uinon Iron Tee on valmistatud hingavast puuvillase pol\u00fcestri segust.\u00a0See kangas hoiab h\u00e4sti oma kuju ja v\u00e4rvi paljude treeningute ja pesukordade ajal ning..","og_url":"https:\/\/fit360.ee\/en\/pood\/training-equipment-en\/fitness-clothing-en\/bb-union-iron-tee\/","og_site_name":"Fit360","article_modified_time":"2026-03-16T16:32:08+00:00","og_image":[{"width":1000,"height":1000,"url":"https:\/\/fit360.ee\/wp-content\/uploads\/2023\/05\/union-iron-tee-fit360.ee_.jpg","type":"image\/jpeg"}],"twitter_card":"summary_large_image","twitter_misc":{"Est. reading time":"2 minutes"},"schema":{"@context":"https:\/\/schema.org","@graph":[{"@type":"WebPage","@id":"https:\/\/fit360.ee\/en\/pood\/training-equipment-en\/fitness-clothing-en\/bb-union-iron-tee\/","url":"https:\/\/fit360.ee\/en\/pood\/training-equipment-en\/fitness-clothing-en\/bb-union-iron-tee\/","name":"BB Union Iron Tee - Treening T-s\u00e4rk - Kiire Tarne - Fit360","isPartOf":{"@id":"https:\/\/fit360.ee\/en\/#website"},"primaryImageOfPage":{"@id":"https:\/\/fit360.ee\/en\/pood\/training-equipment-en\/fitness-clothing-en\/bb-union-iron-tee\/#primaryimage"},"image":{"@id":"https:\/\/fit360.ee\/en\/pood\/training-equipment-en\/fitness-clothing-en\/bb-union-iron-tee\/#primaryimage"},"thumbnailUrl":"https:\/\/fit360.ee\/wp-content\/uploads\/2023\/05\/union-iron-tee-fit360.ee_.jpg","datePublished":"2023-05-27T12:51:06+00:00","dateModified":"2026-03-16T16:32:08+00:00","description":"Uinon Iron Tee on valmistatud hingavast puuvillase pol\u00fcestri segust.\u00a0See kangas hoiab h\u00e4sti oma kuju ja v\u00e4rvi paljude treeningute ja pesukordade ajal ning..","breadcrumb":{"@id":"https:\/\/fit360.ee\/en\/pood\/training-equipment-en\/fitness-clothing-en\/bb-union-iron-tee\/#breadcrumb"},"inLanguage":"en-US","potentialAction":[{"@type":"ReadAction","target":["https:\/\/fit360.ee\/en\/pood\/training-equipment-en\/fitness-clothing-en\/bb-union-iron-tee\/"]}]},{"@type":"ImageObject","inLanguage":"en-US","@id":"https:\/\/fit360.ee\/en\/pood\/training-equipment-en\/fitness-clothing-en\/bb-union-iron-tee\/#primaryimage","url":"https:\/\/fit360.ee\/wp-content\/uploads\/2023\/05\/union-iron-tee-fit360.ee_.jpg","contentUrl":"https:\/\/fit360.ee\/wp-content\/uploads\/2023\/05\/union-iron-tee-fit360.ee_.jpg","width":1000,"height":1000,"caption":"union iron tee - fit360.ee"},{"@type":"BreadcrumbList","@id":"https:\/\/fit360.ee\/en\/pood\/training-equipment-en\/fitness-clothing-en\/bb-union-iron-tee\/#breadcrumb","itemListElement":[{"@type":"ListItem","position":1,"name":"Home","item":"https:\/\/fit360.ee\/en\/"},{"@type":"ListItem","position":2,"name":"Shop","item":"https:\/\/fit360.ee\/en\/shop\/"},{"@type":"ListItem","position":3,"name":"BB Union Iron Tee"}]},{"@type":"WebSite","@id":"https:\/\/fit360.ee\/en\/#website","url":"https:\/\/fit360.ee\/en\/","name":"Fit360","description":"","publisher":{"@id":"https:\/\/fit360.ee\/en\/#organization"},"potentialAction":[{"@type":"SearchAction","target":{"@type":"EntryPoint","urlTemplate":"https:\/\/fit360.ee\/en\/?s={search_term_string}"},"query-input":{"@type":"PropertyValueSpecification","valueRequired":true,"valueName":"search_term_string"}}],"inLanguage":"en-US"},{"@type":"Organization","@id":"https:\/\/fit360.ee\/en\/#organization","name":"Fit360","url":"https:\/\/fit360.ee\/en\/","logo":{"@type":"ImageObject","inLanguage":"en-US","@id":"https:\/\/fit360.ee\/en\/#\/schema\/logo\/image\/","url":"https:\/\/fit360.ee\/wp-content\/uploads\/2017\/01\/logo-fit360.png","contentUrl":"https:\/\/fit360.ee\/wp-content\/uploads\/2017\/01\/logo-fit360.png","width":180,"height":66,"caption":"Fit360"},"image":{"@id":"https:\/\/fit360.ee\/en\/#\/schema\/logo\/image\/"}}]}},"_links":{"self":[{"href":"https:\/\/fit360.ee\/en\/wp-json\/wp\/v2\/product\/70706","targetHints":{"allow":["GET"]}}],"collection":[{"href":"https:\/\/fit360.ee\/en\/wp-json\/wp\/v2\/product"}],"about":[{"href":"https:\/\/fit360.ee\/en\/wp-json\/wp\/v2\/types\/product"}],"replies":[{"embeddable":true,"href":"https:\/\/fit360.ee\/en\/wp-json\/wp\/v2\/comments?post=70706"}],"wp:featuredmedia":[{"embeddable":true,"href":"https:\/\/fit360.ee\/en\/wp-json\/wp\/v2\/media\/70689"}],"wp:attachment":[{"href":"https:\/\/fit360.ee\/en\/wp-json\/wp\/v2\/media?parent=70706"}],"wp:term":[{"taxonomy":"product_brand","embeddable":true,"href":"https:\/\/fit360.ee\/en\/wp-json\/wp\/v2\/product_brand?post=70706"},{"taxonomy":"product_cat","embeddable":true,"href":"https:\/\/fit360.ee\/en\/wp-json\/wp\/v2\/product_cat?post=70706"},{"taxonomy":"product_tag","embeddable":true,"href":"https:\/\/fit360.ee\/en\/wp-json\/wp\/v2\/product_tag?post=70706"},{"taxonomy":"giftcard-category","embeddable":true,"href":"https:\/\/fit360.ee\/en\/wp-json\/wp\/v2\/giftcard-category?post=70706"}],"curies":[{"name":"wp","href":"https:\/\/api.w.org\/{rel}","templated":true}]}}