{"id":70723,"date":"2023-05-28T14:00:02","date_gmt":"2023-05-28T12:00:02","guid":{"rendered":"https:\/\/fit360.ee\/pood\/uncategorized\/gasp-baseball-cap\/"},"modified":"2025-08-13T07:38:06","modified_gmt":"2025-08-13T05:38:06","slug":"gasp-baseball-cap","status":"publish","type":"product","link":"https:\/\/fit360.ee\/en\/pood\/training-equipment-en\/hats-en\/gasp-baseball-cap\/","title":{"rendered":"Gasp Baseball Cap"},"content":{"rendered":"<h2><strong>Baseball Cap<\/strong><\/h2>\n<p><strong><span>Sobivus:<\/span><\/strong><span> Reguleeritava pandlaga\u00a0<\/span><br \/>\n<strong><span>Stiil:<\/span><\/strong><span> Pesapall<\/span><br \/>\n<strong><span>Materjal:<\/span><\/strong><span>\u00a0100% puuvill<br \/>\n<strong>V\u00e4rvus<\/strong>: Must<br \/>\n<\/span><strong><span>Omadused:<\/span><\/strong><span>\u00a0Traditsiooniline reguleeritava pandlaga pesapallim\u00fcts, GASP logo ees ja k\u00fcljel, puuvillane riba \u00fcmber sees<\/span><\/p>\n<p><span>Traditsiooniline Gasp Baseball Cap! GASP pesapallim\u00fctsi sisek\u00fcljel on pehme puuvillane higipael, mis tagab hea niiskuse imamise ja mugavuse.\u00a0Reguleeritav lukk tagak\u00fcljel muudab suuruse ja sobivuse kohandamise vastavalt oma eelistustele lihtsaks.\u00a0Esik\u00fcljele on paigutatud GASP-logo ja vasakule k\u00fcljele v\u00e4iksem GASP-tr\u00fckk.<\/span><\/p>\n<p><a href=\"https:\/\/fit360.ee\/wp-content\/uploads\/2023\/05\/pesapalli-muts-fit360.ee_-800x800.jpg\"><img loading=\"lazy\" decoding=\"async\" class=\"size-medium wp-image-70715\" src=\"https:\/\/fit360.ee\/wp-content\/uploads\/2023\/05\/pesapalli-muts-fit360.ee_-800x800.jpg\" alt=\"pesapalli m\u00fcts - fit360.ee\" width=\"800\" height=\"800\" srcset=\"https:\/\/fit360.ee\/wp-content\/uploads\/2023\/05\/pesapalli-muts-fit360.ee_-800x800.jpg 800w, https:\/\/fit360.ee\/wp-content\/uploads\/2023\/05\/pesapalli-muts-fit360.ee_-247x247.jpg 247w, https:\/\/fit360.ee\/wp-content\/uploads\/2023\/05\/pesapalli-muts-fit360.ee_-100x100.jpg 100w, https:\/\/fit360.ee\/wp-content\/uploads\/2023\/05\/pesapalli-muts-fit360.ee_-510x510.jpg 510w, https:\/\/fit360.ee\/wp-content\/uploads\/2023\/05\/pesapalli-muts-fit360.ee_-340x340.jpg 340w, https:\/\/fit360.ee\/wp-content\/uploads\/2023\/05\/pesapalli-muts-fit360.ee_-768x768.jpg 768w, https:\/\/fit360.ee\/wp-content\/uploads\/2023\/05\/pesapalli-muts-fit360.ee_.jpg 1000w\" sizes=\"auto, (max-width: 800px) 100vw, 800px\" \/><\/a><\/p>\n<p><a href=\"https:\/\/fit360.ee\/wp-content\/uploads\/2023\/05\/baseball-cap-fit360.ee_-800x800.jpg\"><img loading=\"lazy\" decoding=\"async\" class=\"size-medium wp-image-70717\" src=\"https:\/\/fit360.ee\/wp-content\/uploads\/2023\/05\/baseball-cap-fit360.ee_-800x800.jpg\" alt=\"baseball cap - fit360.ee\" width=\"800\" height=\"800\" srcset=\"https:\/\/fit360.ee\/wp-content\/uploads\/2023\/05\/baseball-cap-fit360.ee_-800x800.jpg 800w, https:\/\/fit360.ee\/wp-content\/uploads\/2023\/05\/baseball-cap-fit360.ee_-247x247.jpg 247w, https:\/\/fit360.ee\/wp-content\/uploads\/2023\/05\/baseball-cap-fit360.ee_-100x100.jpg 100w, https:\/\/fit360.ee\/wp-content\/uploads\/2023\/05\/baseball-cap-fit360.ee_-510x510.jpg 510w, https:\/\/fit360.ee\/wp-content\/uploads\/2023\/05\/baseball-cap-fit360.ee_-340x340.jpg 340w, https:\/\/fit360.ee\/wp-content\/uploads\/2023\/05\/baseball-cap-fit360.ee_-768x768.jpg 768w, https:\/\/fit360.ee\/wp-content\/uploads\/2023\/05\/baseball-cap-fit360.ee_.jpg 1000w\" sizes=\"auto, (max-width: 800px) 100vw, 800px\" \/><\/a><\/p>\n<p><a href=\"https:\/\/fit360.ee\/wp-content\/uploads\/2023\/05\/gasp-baseball-cap-fit360.ee_-800x800.jpg\"><img loading=\"lazy\" decoding=\"async\" class=\"size-medium wp-image-70719\" src=\"https:\/\/fit360.ee\/wp-content\/uploads\/2023\/05\/gasp-baseball-cap-fit360.ee_-800x800.jpg\" alt=\"gasp baseball cap - fit360.ee\" width=\"800\" height=\"800\" srcset=\"https:\/\/fit360.ee\/wp-content\/uploads\/2023\/05\/gasp-baseball-cap-fit360.ee_-800x800.jpg 800w, https:\/\/fit360.ee\/wp-content\/uploads\/2023\/05\/gasp-baseball-cap-fit360.ee_-247x247.jpg 247w, https:\/\/fit360.ee\/wp-content\/uploads\/2023\/05\/gasp-baseball-cap-fit360.ee_-100x100.jpg 100w, https:\/\/fit360.ee\/wp-content\/uploads\/2023\/05\/gasp-baseball-cap-fit360.ee_-510x510.jpg 510w, https:\/\/fit360.ee\/wp-content\/uploads\/2023\/05\/gasp-baseball-cap-fit360.ee_-340x340.jpg 340w, https:\/\/fit360.ee\/wp-content\/uploads\/2023\/05\/gasp-baseball-cap-fit360.ee_-768x768.jpg 768w, https:\/\/fit360.ee\/wp-content\/uploads\/2023\/05\/gasp-baseball-cap-fit360.ee_.jpg 1000w\" sizes=\"auto, (max-width: 800px) 100vw, 800px\" \/><\/a><\/p>\n","protected":false},"excerpt":{"rendered":"<p><strong>Sobivus:<\/strong> Reguleeritava pandlaga<br \/>\n<strong>Stiil:<\/strong> Pesapall<br \/>\n<strong>Materjal:<\/strong>\u00a0100% puuvill<br \/>\n<strong>V\u00e4rvus<\/strong>: Must<br \/>\n<strong>Omadused:<\/strong>\u00a0Traditsiooniline reguleeritava pandlaga pesapallim\u00fcts, GASP logo ees ja k\u00fcljel, puuvillane riba \u00fcmber sees<\/p>\n","protected":false},"featured_media":70720,"comment_status":"closed","ping_status":"closed","template":"","meta":[],"product_brand":[],"product_cat":[543,538],"product_tag":[4374,2515,4375],"giftcard-category":[],"class_list":{"0":"post-70723","1":"product","2":"type-product","3":"status-publish","4":"has-post-thumbnail","6":"product_cat-hats-en","7":"product_cat-training-equipment-en","8":"product_tag-baseball-cap-en","9":"product_tag-gasp-en","10":"product_tag-gasp-baseball-cap-en","11":"pa_suurus-l-xl","12":"pa_suurus-s-m","14":"first","15":"instock","16":"taxable","17":"shipping-taxable","18":"purchasable","19":"product-type-variable"},"yoast_head":"<!-- This site is optimized with the Yoast SEO plugin v27.3 - https:\/\/yoast.com\/product\/yoast-seo-wordpress\/ -->\n<title>Gasp Baseball Cap - Pesapalli m\u00fcts - Kiire Tarne - Fit360<\/title>\n<meta name=\"description\" content=\"GASP Baseball Cap sisek\u00fcljel on pehme puuvillane higipael, mis tagab hea niiskuse imamise ja mugavuse.\u00a0Reguleeritav lukk tagak\u00fcljel muudab suuruse ja ...\" \/>\n<meta name=\"robots\" content=\"index, follow, max-snippet:-1, max-image-preview:large, max-video-preview:-1\" \/>\n<link rel=\"canonical\" href=\"https:\/\/fit360.ee\/en\/pood\/training-equipment-en\/hats-en\/gasp-baseball-cap\/\" \/>\n<meta property=\"og:locale\" content=\"en_US\" \/>\n<meta property=\"og:type\" content=\"article\" \/>\n<meta property=\"og:title\" content=\"Gasp Baseball Cap - Pesapalli m\u00fcts - Kiire Tarne - Fit360\" \/>\n<meta property=\"og:description\" content=\"GASP Baseball Cap sisek\u00fcljel on pehme puuvillane higipael, mis tagab hea niiskuse imamise ja mugavuse.\u00a0Reguleeritav lukk tagak\u00fcljel muudab suuruse ja ...\" \/>\n<meta property=\"og:url\" content=\"https:\/\/fit360.ee\/en\/pood\/training-equipment-en\/hats-en\/gasp-baseball-cap\/\" \/>\n<meta property=\"og:site_name\" content=\"Fit360\" \/>\n<meta property=\"article:modified_time\" content=\"2025-08-13T05:38:06+00:00\" \/>\n<meta property=\"og:image\" content=\"https:\/\/fit360.ee\/wp-content\/uploads\/2023\/05\/gasp-baseball-cap-fit360.ee_.jpg\" \/>\n\t<meta property=\"og:image:width\" content=\"1000\" \/>\n\t<meta property=\"og:image:height\" content=\"1000\" \/>\n\t<meta property=\"og:image:type\" content=\"image\/jpeg\" \/>\n<meta name=\"twitter:card\" content=\"summary_large_image\" \/>\n<meta name=\"twitter:label1\" content=\"Est. reading time\" \/>\n\t<meta name=\"twitter:data1\" content=\"1 minute\" \/>\n<script type=\"application\/ld+json\" class=\"yoast-schema-graph\">{\"@context\":\"https:\\\/\\\/schema.org\",\"@graph\":[{\"@type\":\"WebPage\",\"@id\":\"https:\\\/\\\/fit360.ee\\\/en\\\/pood\\\/training-equipment-en\\\/hats-en\\\/gasp-baseball-cap\\\/\",\"url\":\"https:\\\/\\\/fit360.ee\\\/en\\\/pood\\\/training-equipment-en\\\/hats-en\\\/gasp-baseball-cap\\\/\",\"name\":\"Gasp Baseball Cap - Pesapalli m\u00fcts - Kiire Tarne - Fit360\",\"isPartOf\":{\"@id\":\"https:\\\/\\\/fit360.ee\\\/en\\\/#website\"},\"primaryImageOfPage\":{\"@id\":\"https:\\\/\\\/fit360.ee\\\/en\\\/pood\\\/training-equipment-en\\\/hats-en\\\/gasp-baseball-cap\\\/#primaryimage\"},\"image\":{\"@id\":\"https:\\\/\\\/fit360.ee\\\/en\\\/pood\\\/training-equipment-en\\\/hats-en\\\/gasp-baseball-cap\\\/#primaryimage\"},\"thumbnailUrl\":\"https:\\\/\\\/fit360.ee\\\/wp-content\\\/uploads\\\/2023\\\/05\\\/gasp-baseball-cap-fit360.ee_.jpg\",\"datePublished\":\"2023-05-28T12:00:02+00:00\",\"dateModified\":\"2025-08-13T05:38:06+00:00\",\"description\":\"GASP Baseball Cap sisek\u00fcljel on pehme puuvillane higipael, mis tagab hea niiskuse imamise ja mugavuse.\u00a0Reguleeritav lukk tagak\u00fcljel muudab suuruse ja ...\",\"breadcrumb\":{\"@id\":\"https:\\\/\\\/fit360.ee\\\/en\\\/pood\\\/training-equipment-en\\\/hats-en\\\/gasp-baseball-cap\\\/#breadcrumb\"},\"inLanguage\":\"en-US\",\"potentialAction\":[{\"@type\":\"ReadAction\",\"target\":[\"https:\\\/\\\/fit360.ee\\\/en\\\/pood\\\/training-equipment-en\\\/hats-en\\\/gasp-baseball-cap\\\/\"]}]},{\"@type\":\"ImageObject\",\"inLanguage\":\"en-US\",\"@id\":\"https:\\\/\\\/fit360.ee\\\/en\\\/pood\\\/training-equipment-en\\\/hats-en\\\/gasp-baseball-cap\\\/#primaryimage\",\"url\":\"https:\\\/\\\/fit360.ee\\\/wp-content\\\/uploads\\\/2023\\\/05\\\/gasp-baseball-cap-fit360.ee_.jpg\",\"contentUrl\":\"https:\\\/\\\/fit360.ee\\\/wp-content\\\/uploads\\\/2023\\\/05\\\/gasp-baseball-cap-fit360.ee_.jpg\",\"width\":1000,\"height\":1000,\"caption\":\"gasp baseball cap - fit360.ee\"},{\"@type\":\"BreadcrumbList\",\"@id\":\"https:\\\/\\\/fit360.ee\\\/en\\\/pood\\\/training-equipment-en\\\/hats-en\\\/gasp-baseball-cap\\\/#breadcrumb\",\"itemListElement\":[{\"@type\":\"ListItem\",\"position\":1,\"name\":\"Home\",\"item\":\"https:\\\/\\\/fit360.ee\\\/en\\\/\"},{\"@type\":\"ListItem\",\"position\":2,\"name\":\"Shop\",\"item\":\"https:\\\/\\\/fit360.ee\\\/en\\\/shop\\\/\"},{\"@type\":\"ListItem\",\"position\":3,\"name\":\"Gasp Baseball Cap\"}]},{\"@type\":\"WebSite\",\"@id\":\"https:\\\/\\\/fit360.ee\\\/en\\\/#website\",\"url\":\"https:\\\/\\\/fit360.ee\\\/en\\\/\",\"name\":\"Fit360\",\"description\":\"\",\"publisher\":{\"@id\":\"https:\\\/\\\/fit360.ee\\\/en\\\/#organization\"},\"potentialAction\":[{\"@type\":\"SearchAction\",\"target\":{\"@type\":\"EntryPoint\",\"urlTemplate\":\"https:\\\/\\\/fit360.ee\\\/en\\\/?s={search_term_string}\"},\"query-input\":{\"@type\":\"PropertyValueSpecification\",\"valueRequired\":true,\"valueName\":\"search_term_string\"}}],\"inLanguage\":\"en-US\"},{\"@type\":\"Organization\",\"@id\":\"https:\\\/\\\/fit360.ee\\\/en\\\/#organization\",\"name\":\"Fit360\",\"url\":\"https:\\\/\\\/fit360.ee\\\/en\\\/\",\"logo\":{\"@type\":\"ImageObject\",\"inLanguage\":\"en-US\",\"@id\":\"https:\\\/\\\/fit360.ee\\\/en\\\/#\\\/schema\\\/logo\\\/image\\\/\",\"url\":\"https:\\\/\\\/fit360.ee\\\/wp-content\\\/uploads\\\/2017\\\/01\\\/logo-fit360.png\",\"contentUrl\":\"https:\\\/\\\/fit360.ee\\\/wp-content\\\/uploads\\\/2017\\\/01\\\/logo-fit360.png\",\"width\":180,\"height\":66,\"caption\":\"Fit360\"},\"image\":{\"@id\":\"https:\\\/\\\/fit360.ee\\\/en\\\/#\\\/schema\\\/logo\\\/image\\\/\"}}]}<\/script>\n<!-- \/ Yoast SEO plugin. -->","yoast_head_json":{"title":"Gasp Baseball Cap - Pesapalli m\u00fcts - Kiire Tarne - Fit360","description":"GASP Baseball Cap sisek\u00fcljel on pehme puuvillane higipael, mis tagab hea niiskuse imamise ja mugavuse.\u00a0Reguleeritav lukk tagak\u00fcljel muudab suuruse ja ...","robots":{"index":"index","follow":"follow","max-snippet":"max-snippet:-1","max-image-preview":"max-image-preview:large","max-video-preview":"max-video-preview:-1"},"canonical":"https:\/\/fit360.ee\/en\/pood\/training-equipment-en\/hats-en\/gasp-baseball-cap\/","og_locale":"en_US","og_type":"article","og_title":"Gasp Baseball Cap - Pesapalli m\u00fcts - Kiire Tarne - Fit360","og_description":"GASP Baseball Cap sisek\u00fcljel on pehme puuvillane higipael, mis tagab hea niiskuse imamise ja mugavuse.\u00a0Reguleeritav lukk tagak\u00fcljel muudab suuruse ja ...","og_url":"https:\/\/fit360.ee\/en\/pood\/training-equipment-en\/hats-en\/gasp-baseball-cap\/","og_site_name":"Fit360","article_modified_time":"2025-08-13T05:38:06+00:00","og_image":[{"width":1000,"height":1000,"url":"https:\/\/fit360.ee\/wp-content\/uploads\/2023\/05\/gasp-baseball-cap-fit360.ee_.jpg","type":"image\/jpeg"}],"twitter_card":"summary_large_image","twitter_misc":{"Est. reading time":"1 minute"},"schema":{"@context":"https:\/\/schema.org","@graph":[{"@type":"WebPage","@id":"https:\/\/fit360.ee\/en\/pood\/training-equipment-en\/hats-en\/gasp-baseball-cap\/","url":"https:\/\/fit360.ee\/en\/pood\/training-equipment-en\/hats-en\/gasp-baseball-cap\/","name":"Gasp Baseball Cap - Pesapalli m\u00fcts - Kiire Tarne - Fit360","isPartOf":{"@id":"https:\/\/fit360.ee\/en\/#website"},"primaryImageOfPage":{"@id":"https:\/\/fit360.ee\/en\/pood\/training-equipment-en\/hats-en\/gasp-baseball-cap\/#primaryimage"},"image":{"@id":"https:\/\/fit360.ee\/en\/pood\/training-equipment-en\/hats-en\/gasp-baseball-cap\/#primaryimage"},"thumbnailUrl":"https:\/\/fit360.ee\/wp-content\/uploads\/2023\/05\/gasp-baseball-cap-fit360.ee_.jpg","datePublished":"2023-05-28T12:00:02+00:00","dateModified":"2025-08-13T05:38:06+00:00","description":"GASP Baseball Cap sisek\u00fcljel on pehme puuvillane higipael, mis tagab hea niiskuse imamise ja mugavuse.\u00a0Reguleeritav lukk tagak\u00fcljel muudab suuruse ja ...","breadcrumb":{"@id":"https:\/\/fit360.ee\/en\/pood\/training-equipment-en\/hats-en\/gasp-baseball-cap\/#breadcrumb"},"inLanguage":"en-US","potentialAction":[{"@type":"ReadAction","target":["https:\/\/fit360.ee\/en\/pood\/training-equipment-en\/hats-en\/gasp-baseball-cap\/"]}]},{"@type":"ImageObject","inLanguage":"en-US","@id":"https:\/\/fit360.ee\/en\/pood\/training-equipment-en\/hats-en\/gasp-baseball-cap\/#primaryimage","url":"https:\/\/fit360.ee\/wp-content\/uploads\/2023\/05\/gasp-baseball-cap-fit360.ee_.jpg","contentUrl":"https:\/\/fit360.ee\/wp-content\/uploads\/2023\/05\/gasp-baseball-cap-fit360.ee_.jpg","width":1000,"height":1000,"caption":"gasp baseball cap - fit360.ee"},{"@type":"BreadcrumbList","@id":"https:\/\/fit360.ee\/en\/pood\/training-equipment-en\/hats-en\/gasp-baseball-cap\/#breadcrumb","itemListElement":[{"@type":"ListItem","position":1,"name":"Home","item":"https:\/\/fit360.ee\/en\/"},{"@type":"ListItem","position":2,"name":"Shop","item":"https:\/\/fit360.ee\/en\/shop\/"},{"@type":"ListItem","position":3,"name":"Gasp Baseball Cap"}]},{"@type":"WebSite","@id":"https:\/\/fit360.ee\/en\/#website","url":"https:\/\/fit360.ee\/en\/","name":"Fit360","description":"","publisher":{"@id":"https:\/\/fit360.ee\/en\/#organization"},"potentialAction":[{"@type":"SearchAction","target":{"@type":"EntryPoint","urlTemplate":"https:\/\/fit360.ee\/en\/?s={search_term_string}"},"query-input":{"@type":"PropertyValueSpecification","valueRequired":true,"valueName":"search_term_string"}}],"inLanguage":"en-US"},{"@type":"Organization","@id":"https:\/\/fit360.ee\/en\/#organization","name":"Fit360","url":"https:\/\/fit360.ee\/en\/","logo":{"@type":"ImageObject","inLanguage":"en-US","@id":"https:\/\/fit360.ee\/en\/#\/schema\/logo\/image\/","url":"https:\/\/fit360.ee\/wp-content\/uploads\/2017\/01\/logo-fit360.png","contentUrl":"https:\/\/fit360.ee\/wp-content\/uploads\/2017\/01\/logo-fit360.png","width":180,"height":66,"caption":"Fit360"},"image":{"@id":"https:\/\/fit360.ee\/en\/#\/schema\/logo\/image\/"}}]}},"_links":{"self":[{"href":"https:\/\/fit360.ee\/en\/wp-json\/wp\/v2\/product\/70723","targetHints":{"allow":["GET"]}}],"collection":[{"href":"https:\/\/fit360.ee\/en\/wp-json\/wp\/v2\/product"}],"about":[{"href":"https:\/\/fit360.ee\/en\/wp-json\/wp\/v2\/types\/product"}],"replies":[{"embeddable":true,"href":"https:\/\/fit360.ee\/en\/wp-json\/wp\/v2\/comments?post=70723"}],"wp:featuredmedia":[{"embeddable":true,"href":"https:\/\/fit360.ee\/en\/wp-json\/wp\/v2\/media\/70720"}],"wp:attachment":[{"href":"https:\/\/fit360.ee\/en\/wp-json\/wp\/v2\/media?parent=70723"}],"wp:term":[{"taxonomy":"product_brand","embeddable":true,"href":"https:\/\/fit360.ee\/en\/wp-json\/wp\/v2\/product_brand?post=70723"},{"taxonomy":"product_cat","embeddable":true,"href":"https:\/\/fit360.ee\/en\/wp-json\/wp\/v2\/product_cat?post=70723"},{"taxonomy":"product_tag","embeddable":true,"href":"https:\/\/fit360.ee\/en\/wp-json\/wp\/v2\/product_tag?post=70723"},{"taxonomy":"giftcard-category","embeddable":true,"href":"https:\/\/fit360.ee\/en\/wp-json\/wp\/v2\/giftcard-category?post=70723"}],"curies":[{"name":"wp","href":"https:\/\/api.w.org\/{rel}","templated":true}]}}