{"id":70826,"date":"2023-06-02T20:03:32","date_gmt":"2023-06-02T18:03:32","guid":{"rendered":"https:\/\/fit360.ee\/pood\/uncategorized\/abe-jug-water-bottle-25l\/"},"modified":"2026-04-09T15:12:43","modified_gmt":"2026-04-09T13:12:43","slug":"abe-jug-water-bottle-25l","status":"publish","type":"product","link":"https:\/\/fit360.ee\/en\/pood\/training-equipment-en\/drinking-bottles-en\/abe-jug-water-bottle-25l\/","title":{"rendered":"ABE Jug Water Bottle (2,5L)"},"content":{"rendered":"<h2><strong>ABE Jug<\/strong><\/h2>\n<p>Tagage optimaalne veega varustatus kogu p\u00e4evaks ABE 2,5-liitrise veekannuga. H\u00fcdratsioon m\u00e4ngib optimaalse j\u00f5udluse tagamisel v\u00f5tmerolli, seega on see ideaalne ja mugav viis veevajaduste rahuldamiseks. ABE Jug on kerge ja mitmek\u00fclgne, nii et saate seda endaga kaasas hoida p\u00e4eval, reisidel, kontoris v\u00f5i j\u00f5usaalis treenides. Neile, kellele meeterm\u00f5\u00f5dustik ei meeldi, on see 0,66 gallonit \/ 88 untsi.<\/p>\n<p>Kannul on plastikust keeratav plastist sisekeermega kork, mis takistab lekete tekkimist, ja eraldi juurdep\u00e4\u00e4susakk joomiseks, mis hoiab \u00e4ra ebamugavused, mis tekivad vedeliku v\u00f5tmiseks korgi eemaldamisel. See hoiab \u00e4ra korgi kaotamise, ABE Jugi k\u00fcljel on plastikust k\u00e4epide, mida joomise ajal hoida, ja suur tila t\u00e4hendab, et sellest on kiire ja lihtne juua.<\/p>\n<p>Pudelis kasutatav plast on PETG\/BPA vaba. See on vastupidav ja ilusa disainiga.<\/p>\n<p>Pange t\u00e4hele, et ABE Jug ei sobi kuumade vedelike jaoks.<\/p>\n<p><a href=\"https:\/\/fit360.ee\/wp-content\/uploads\/2023\/06\/ABE-Jug-Water-Bottle-fit360.ee_-800x800.jpg\"><img loading=\"lazy\" decoding=\"async\" class=\"size-medium wp-image-70824\" src=\"https:\/\/fit360.ee\/wp-content\/uploads\/2023\/06\/ABE-Jug-Water-Bottle-fit360.ee_-800x800.jpg\" alt=\"ABE Jug Water Bottle - fit360.ee\" width=\"800\" height=\"800\" srcset=\"https:\/\/fit360.ee\/wp-content\/uploads\/2023\/06\/ABE-Jug-Water-Bottle-fit360.ee_-800x800.jpg 800w, https:\/\/fit360.ee\/wp-content\/uploads\/2023\/06\/ABE-Jug-Water-Bottle-fit360.ee_-247x247.jpg 247w, https:\/\/fit360.ee\/wp-content\/uploads\/2023\/06\/ABE-Jug-Water-Bottle-fit360.ee_-100x100.jpg 100w, https:\/\/fit360.ee\/wp-content\/uploads\/2023\/06\/ABE-Jug-Water-Bottle-fit360.ee_-510x510.jpg 510w, https:\/\/fit360.ee\/wp-content\/uploads\/2023\/06\/ABE-Jug-Water-Bottle-fit360.ee_-340x340.jpg 340w, https:\/\/fit360.ee\/wp-content\/uploads\/2023\/06\/ABE-Jug-Water-Bottle-fit360.ee_-768x768.jpg 768w, https:\/\/fit360.ee\/wp-content\/uploads\/2023\/06\/ABE-Jug-Water-Bottle-fit360.ee_.jpg 1000w\" sizes=\"auto, (max-width: 800px) 100vw, 800px\" \/><\/a><\/p>\n<p>Vaata ka meie teisi Joogipudeleid <a href=\"https:\/\/fit360.ee\/en\/product-category\/training-equipment-en\/drinking-bottles-en\/\"><strong>SIIT<\/strong><\/a> v\u00f5i Shakereid <a href=\"https:\/\/fit360.ee\/en\/product-category\/training-equipment-en\/shakers-en\/\"><strong>SIIT<\/strong><\/a>!<\/p>\n<p>Soovid kaupa osta suuremas koguses? Vaata antud toodet ka meie HULGI poest\u00a0<a href=\"https:\/\/toidulisandidhulgi.ee\/product\/abe-jug-water-bottle-25l\/\"><strong>SIIT<\/strong><\/a>!<\/p>\n","protected":false},"excerpt":{"rendered":"<ul>\n<li>2,5L mahutavus<\/li>\n<li>Ilus disain<\/li>\n<li>Mugav kasutada<\/li>\n<li>K\u00e4epide paremaks kasutamiseks<\/li>\n<\/ul>\n","protected":false},"featured_media":70825,"comment_status":"closed","ping_status":"closed","template":"","meta":[],"product_brand":[],"product_cat":[540,538],"product_tag":[4381,3730],"giftcard-category":[],"class_list":{"0":"post-70826","1":"product","2":"type-product","3":"status-publish","4":"has-post-thumbnail","6":"product_cat-drinking-bottles-en","7":"product_cat-training-equipment-en","8":"product_tag-abe-jug-water-bottle-en","9":"product_tag-applied-nutrition-en","10":"pa_brand-applied-nutrition-en","11":"pa_varustus-drinking-bottles","12":"pa_varvus-black","14":"first","15":"outofstock","16":"sale","17":"taxable","18":"shipping-taxable","19":"purchasable","20":"product-type-simple"},"yoast_head":"<!-- This site is optimized with the Yoast SEO plugin v27.5 - https:\/\/yoast.com\/product\/yoast-seo-wordpress\/ -->\n<title>ABE Jug Water Bottle (2,5L) - Suur joogipudel - Kiire Tarne - Fit360<\/title>\n<meta name=\"description\" content=\"ABE Jug on kerge ja mitmek\u00fclgne, nii et saate seda endaga kaasas hoida p\u00e4eval, reisidel, kontoris v\u00f5i j\u00f5usaalis treenides. Kannul on plastikust keeratav ...\" \/>\n<meta name=\"robots\" content=\"index, follow, max-snippet:-1, max-image-preview:large, max-video-preview:-1\" \/>\n<link rel=\"canonical\" href=\"https:\/\/fit360.ee\/en\/pood\/training-equipment-en\/drinking-bottles-en\/abe-jug-water-bottle-25l\/\" \/>\n<meta property=\"og:locale\" content=\"en_US\" \/>\n<meta property=\"og:type\" content=\"article\" \/>\n<meta property=\"og:title\" content=\"ABE Jug Water Bottle (2,5L) - Suur joogipudel - Kiire Tarne - Fit360\" \/>\n<meta property=\"og:description\" content=\"ABE Jug on kerge ja mitmek\u00fclgne, nii et saate seda endaga kaasas hoida p\u00e4eval, reisidel, kontoris v\u00f5i j\u00f5usaalis treenides. Kannul on plastikust keeratav ...\" \/>\n<meta property=\"og:url\" content=\"https:\/\/fit360.ee\/en\/pood\/training-equipment-en\/drinking-bottles-en\/abe-jug-water-bottle-25l\/\" \/>\n<meta property=\"og:site_name\" content=\"Fit360\" \/>\n<meta property=\"article:modified_time\" content=\"2026-04-09T13:12:43+00:00\" \/>\n<meta property=\"og:image\" content=\"https:\/\/fit360.ee\/wp-content\/uploads\/2023\/06\/ABE-Jug-Water-Bottle-fit360.ee_.jpg\" \/>\n\t<meta property=\"og:image:width\" content=\"1000\" \/>\n\t<meta property=\"og:image:height\" content=\"1000\" \/>\n\t<meta property=\"og:image:type\" content=\"image\/jpeg\" \/>\n<meta name=\"twitter:card\" content=\"summary_large_image\" \/>\n<meta name=\"twitter:label1\" content=\"Est. reading time\" \/>\n\t<meta name=\"twitter:data1\" content=\"1 minute\" \/>\n<script type=\"application\/ld+json\" class=\"yoast-schema-graph\">{\"@context\":\"https:\\\/\\\/schema.org\",\"@graph\":[{\"@type\":\"WebPage\",\"@id\":\"https:\\\/\\\/fit360.ee\\\/en\\\/pood\\\/training-equipment-en\\\/drinking-bottles-en\\\/abe-jug-water-bottle-25l\\\/\",\"url\":\"https:\\\/\\\/fit360.ee\\\/en\\\/pood\\\/training-equipment-en\\\/drinking-bottles-en\\\/abe-jug-water-bottle-25l\\\/\",\"name\":\"ABE Jug Water Bottle (2,5L) - Suur joogipudel - Kiire Tarne - Fit360\",\"isPartOf\":{\"@id\":\"https:\\\/\\\/fit360.ee\\\/en\\\/#website\"},\"primaryImageOfPage\":{\"@id\":\"https:\\\/\\\/fit360.ee\\\/en\\\/pood\\\/training-equipment-en\\\/drinking-bottles-en\\\/abe-jug-water-bottle-25l\\\/#primaryimage\"},\"image\":{\"@id\":\"https:\\\/\\\/fit360.ee\\\/en\\\/pood\\\/training-equipment-en\\\/drinking-bottles-en\\\/abe-jug-water-bottle-25l\\\/#primaryimage\"},\"thumbnailUrl\":\"https:\\\/\\\/fit360.ee\\\/wp-content\\\/uploads\\\/2023\\\/06\\\/ABE-Jug-Water-Bottle-fit360.ee_.jpg\",\"datePublished\":\"2023-06-02T18:03:32+00:00\",\"dateModified\":\"2026-04-09T13:12:43+00:00\",\"description\":\"ABE Jug on kerge ja mitmek\u00fclgne, nii et saate seda endaga kaasas hoida p\u00e4eval, reisidel, kontoris v\u00f5i j\u00f5usaalis treenides. Kannul on plastikust keeratav ...\",\"breadcrumb\":{\"@id\":\"https:\\\/\\\/fit360.ee\\\/en\\\/pood\\\/training-equipment-en\\\/drinking-bottles-en\\\/abe-jug-water-bottle-25l\\\/#breadcrumb\"},\"inLanguage\":\"en-US\",\"potentialAction\":[{\"@type\":\"ReadAction\",\"target\":[\"https:\\\/\\\/fit360.ee\\\/en\\\/pood\\\/training-equipment-en\\\/drinking-bottles-en\\\/abe-jug-water-bottle-25l\\\/\"]}]},{\"@type\":\"ImageObject\",\"inLanguage\":\"en-US\",\"@id\":\"https:\\\/\\\/fit360.ee\\\/en\\\/pood\\\/training-equipment-en\\\/drinking-bottles-en\\\/abe-jug-water-bottle-25l\\\/#primaryimage\",\"url\":\"https:\\\/\\\/fit360.ee\\\/wp-content\\\/uploads\\\/2023\\\/06\\\/ABE-Jug-Water-Bottle-fit360.ee_.jpg\",\"contentUrl\":\"https:\\\/\\\/fit360.ee\\\/wp-content\\\/uploads\\\/2023\\\/06\\\/ABE-Jug-Water-Bottle-fit360.ee_.jpg\",\"width\":1000,\"height\":1000,\"caption\":\"ABE Jug Water Bottle - fit360.ee\"},{\"@type\":\"BreadcrumbList\",\"@id\":\"https:\\\/\\\/fit360.ee\\\/en\\\/pood\\\/training-equipment-en\\\/drinking-bottles-en\\\/abe-jug-water-bottle-25l\\\/#breadcrumb\",\"itemListElement\":[{\"@type\":\"ListItem\",\"position\":1,\"name\":\"Home\",\"item\":\"https:\\\/\\\/fit360.ee\\\/en\\\/\"},{\"@type\":\"ListItem\",\"position\":2,\"name\":\"Shop\",\"item\":\"https:\\\/\\\/fit360.ee\\\/en\\\/shop\\\/\"},{\"@type\":\"ListItem\",\"position\":3,\"name\":\"ABE Jug Water Bottle (2,5L)\"}]},{\"@type\":\"WebSite\",\"@id\":\"https:\\\/\\\/fit360.ee\\\/en\\\/#website\",\"url\":\"https:\\\/\\\/fit360.ee\\\/en\\\/\",\"name\":\"Fit360\",\"description\":\"\",\"publisher\":{\"@id\":\"https:\\\/\\\/fit360.ee\\\/en\\\/#organization\"},\"potentialAction\":[{\"@type\":\"SearchAction\",\"target\":{\"@type\":\"EntryPoint\",\"urlTemplate\":\"https:\\\/\\\/fit360.ee\\\/en\\\/?s={search_term_string}\"},\"query-input\":{\"@type\":\"PropertyValueSpecification\",\"valueRequired\":true,\"valueName\":\"search_term_string\"}}],\"inLanguage\":\"en-US\"},{\"@type\":\"Organization\",\"@id\":\"https:\\\/\\\/fit360.ee\\\/en\\\/#organization\",\"name\":\"Fit360\",\"url\":\"https:\\\/\\\/fit360.ee\\\/en\\\/\",\"logo\":{\"@type\":\"ImageObject\",\"inLanguage\":\"en-US\",\"@id\":\"https:\\\/\\\/fit360.ee\\\/en\\\/#\\\/schema\\\/logo\\\/image\\\/\",\"url\":\"https:\\\/\\\/fit360.ee\\\/wp-content\\\/uploads\\\/2017\\\/01\\\/logo-fit360.png\",\"contentUrl\":\"https:\\\/\\\/fit360.ee\\\/wp-content\\\/uploads\\\/2017\\\/01\\\/logo-fit360.png\",\"width\":180,\"height\":66,\"caption\":\"Fit360\"},\"image\":{\"@id\":\"https:\\\/\\\/fit360.ee\\\/en\\\/#\\\/schema\\\/logo\\\/image\\\/\"}}]}<\/script>\n<!-- \/ Yoast SEO plugin. -->","yoast_head_json":{"title":"ABE Jug Water Bottle (2,5L) - Suur joogipudel - Kiire Tarne - Fit360","description":"ABE Jug on kerge ja mitmek\u00fclgne, nii et saate seda endaga kaasas hoida p\u00e4eval, reisidel, kontoris v\u00f5i j\u00f5usaalis treenides. Kannul on plastikust keeratav ...","robots":{"index":"index","follow":"follow","max-snippet":"max-snippet:-1","max-image-preview":"max-image-preview:large","max-video-preview":"max-video-preview:-1"},"canonical":"https:\/\/fit360.ee\/en\/pood\/training-equipment-en\/drinking-bottles-en\/abe-jug-water-bottle-25l\/","og_locale":"en_US","og_type":"article","og_title":"ABE Jug Water Bottle (2,5L) - Suur joogipudel - Kiire Tarne - Fit360","og_description":"ABE Jug on kerge ja mitmek\u00fclgne, nii et saate seda endaga kaasas hoida p\u00e4eval, reisidel, kontoris v\u00f5i j\u00f5usaalis treenides. Kannul on plastikust keeratav ...","og_url":"https:\/\/fit360.ee\/en\/pood\/training-equipment-en\/drinking-bottles-en\/abe-jug-water-bottle-25l\/","og_site_name":"Fit360","article_modified_time":"2026-04-09T13:12:43+00:00","og_image":[{"width":1000,"height":1000,"url":"https:\/\/fit360.ee\/wp-content\/uploads\/2023\/06\/ABE-Jug-Water-Bottle-fit360.ee_.jpg","type":"image\/jpeg"}],"twitter_card":"summary_large_image","twitter_misc":{"Est. reading time":"1 minute"},"schema":{"@context":"https:\/\/schema.org","@graph":[{"@type":"WebPage","@id":"https:\/\/fit360.ee\/en\/pood\/training-equipment-en\/drinking-bottles-en\/abe-jug-water-bottle-25l\/","url":"https:\/\/fit360.ee\/en\/pood\/training-equipment-en\/drinking-bottles-en\/abe-jug-water-bottle-25l\/","name":"ABE Jug Water Bottle (2,5L) - Suur joogipudel - Kiire Tarne - Fit360","isPartOf":{"@id":"https:\/\/fit360.ee\/en\/#website"},"primaryImageOfPage":{"@id":"https:\/\/fit360.ee\/en\/pood\/training-equipment-en\/drinking-bottles-en\/abe-jug-water-bottle-25l\/#primaryimage"},"image":{"@id":"https:\/\/fit360.ee\/en\/pood\/training-equipment-en\/drinking-bottles-en\/abe-jug-water-bottle-25l\/#primaryimage"},"thumbnailUrl":"https:\/\/fit360.ee\/wp-content\/uploads\/2023\/06\/ABE-Jug-Water-Bottle-fit360.ee_.jpg","datePublished":"2023-06-02T18:03:32+00:00","dateModified":"2026-04-09T13:12:43+00:00","description":"ABE Jug on kerge ja mitmek\u00fclgne, nii et saate seda endaga kaasas hoida p\u00e4eval, reisidel, kontoris v\u00f5i j\u00f5usaalis treenides. Kannul on plastikust keeratav ...","breadcrumb":{"@id":"https:\/\/fit360.ee\/en\/pood\/training-equipment-en\/drinking-bottles-en\/abe-jug-water-bottle-25l\/#breadcrumb"},"inLanguage":"en-US","potentialAction":[{"@type":"ReadAction","target":["https:\/\/fit360.ee\/en\/pood\/training-equipment-en\/drinking-bottles-en\/abe-jug-water-bottle-25l\/"]}]},{"@type":"ImageObject","inLanguage":"en-US","@id":"https:\/\/fit360.ee\/en\/pood\/training-equipment-en\/drinking-bottles-en\/abe-jug-water-bottle-25l\/#primaryimage","url":"https:\/\/fit360.ee\/wp-content\/uploads\/2023\/06\/ABE-Jug-Water-Bottle-fit360.ee_.jpg","contentUrl":"https:\/\/fit360.ee\/wp-content\/uploads\/2023\/06\/ABE-Jug-Water-Bottle-fit360.ee_.jpg","width":1000,"height":1000,"caption":"ABE Jug Water Bottle - fit360.ee"},{"@type":"BreadcrumbList","@id":"https:\/\/fit360.ee\/en\/pood\/training-equipment-en\/drinking-bottles-en\/abe-jug-water-bottle-25l\/#breadcrumb","itemListElement":[{"@type":"ListItem","position":1,"name":"Home","item":"https:\/\/fit360.ee\/en\/"},{"@type":"ListItem","position":2,"name":"Shop","item":"https:\/\/fit360.ee\/en\/shop\/"},{"@type":"ListItem","position":3,"name":"ABE Jug Water Bottle (2,5L)"}]},{"@type":"WebSite","@id":"https:\/\/fit360.ee\/en\/#website","url":"https:\/\/fit360.ee\/en\/","name":"Fit360","description":"","publisher":{"@id":"https:\/\/fit360.ee\/en\/#organization"},"potentialAction":[{"@type":"SearchAction","target":{"@type":"EntryPoint","urlTemplate":"https:\/\/fit360.ee\/en\/?s={search_term_string}"},"query-input":{"@type":"PropertyValueSpecification","valueRequired":true,"valueName":"search_term_string"}}],"inLanguage":"en-US"},{"@type":"Organization","@id":"https:\/\/fit360.ee\/en\/#organization","name":"Fit360","url":"https:\/\/fit360.ee\/en\/","logo":{"@type":"ImageObject","inLanguage":"en-US","@id":"https:\/\/fit360.ee\/en\/#\/schema\/logo\/image\/","url":"https:\/\/fit360.ee\/wp-content\/uploads\/2017\/01\/logo-fit360.png","contentUrl":"https:\/\/fit360.ee\/wp-content\/uploads\/2017\/01\/logo-fit360.png","width":180,"height":66,"caption":"Fit360"},"image":{"@id":"https:\/\/fit360.ee\/en\/#\/schema\/logo\/image\/"}}]}},"_links":{"self":[{"href":"https:\/\/fit360.ee\/en\/wp-json\/wp\/v2\/product\/70826","targetHints":{"allow":["GET"]}}],"collection":[{"href":"https:\/\/fit360.ee\/en\/wp-json\/wp\/v2\/product"}],"about":[{"href":"https:\/\/fit360.ee\/en\/wp-json\/wp\/v2\/types\/product"}],"replies":[{"embeddable":true,"href":"https:\/\/fit360.ee\/en\/wp-json\/wp\/v2\/comments?post=70826"}],"wp:featuredmedia":[{"embeddable":true,"href":"https:\/\/fit360.ee\/en\/wp-json\/wp\/v2\/media\/70825"}],"wp:attachment":[{"href":"https:\/\/fit360.ee\/en\/wp-json\/wp\/v2\/media?parent=70826"}],"wp:term":[{"taxonomy":"product_brand","embeddable":true,"href":"https:\/\/fit360.ee\/en\/wp-json\/wp\/v2\/product_brand?post=70826"},{"taxonomy":"product_cat","embeddable":true,"href":"https:\/\/fit360.ee\/en\/wp-json\/wp\/v2\/product_cat?post=70826"},{"taxonomy":"product_tag","embeddable":true,"href":"https:\/\/fit360.ee\/en\/wp-json\/wp\/v2\/product_tag?post=70826"},{"taxonomy":"giftcard-category","embeddable":true,"href":"https:\/\/fit360.ee\/en\/wp-json\/wp\/v2\/giftcard-category?post=70826"}],"curies":[{"name":"wp","href":"https:\/\/api.w.org\/{rel}","templated":true}]}}