{"id":70881,"date":"2023-06-06T19:32:27","date_gmt":"2023-06-06T17:32:27","guid":{"rendered":"https:\/\/fit360.ee\/pood\/uncategorized\/iconfit-liigeste-kapslid-90caps\/"},"modified":"2026-04-10T14:56:38","modified_gmt":"2026-04-10T12:56:38","slug":"iconfit-liigeste-kapslid-90caps","status":"publish","type":"product","link":"https:\/\/fit360.ee\/en\/pood\/product-groups\/superfoods-health-foods-en\/glucosamine-en\/iconfit-liigeste-kapslid-90caps\/","title":{"rendered":"ICONFIT Liigeste kapslid (90caps)"},"content":{"rendered":"<h2><strong>ICONFIT Liigeste kapslid<\/strong><\/h2>\n<p><strong>ICONFIT Liigeste kapslid<\/strong>\u00a0on kompleksne toode, mis on v\u00e4lja t\u00f6\u00f6tatud liigeste tervise, luude, sidekoe ja k\u00f5hrede toetamiseks. Toode on m\u00f5eldud inimestele, keda vaevavad liigeseprobleemid v\u00f5i k\u00f5igile, kes vajavad oma liigeste jaoks lisatoetust.<\/p>\n<p>Luud, lihased ja liigesed koos k\u00f5hrede, k\u00f5\u00f5luste, ligamentide ja sidekoega moodustavad luu- ja lihaskonna s\u00fcsteemi. See s\u00fcsteem loob meie kehale tugipinnase ning laseb meil ringi liikuda. On paratamatu, et k\u00f5ik, mis liigub, kulub. Samuti kuluvad mingil m\u00e4\u00e4ral ka luud ja liigesed \u2013 selle p\u00f5hjuseks v\u00f5ib olla nii organismi vananemine, vigastused ning ka m\u00f5ned haigused.<\/p>\n<p><strong>Gl\u00fckoosamiin<\/strong>\u00a0ja\u00a0<strong>kondroitiin<\/strong>\u00a0on k\u00f5hrede ehitusmaterjalid ning liigeseid pehmendava koe struktuursed komponendid.<br \/>\n<strong>H\u00fcaluroonhape<\/strong>\u00a0on organismis looduslikult esinev aine, mida leidub suurtes kontsentratsioonides liigestes. See toimib liigeste m\u00e4\u00e4rdeaine ja amortisaatorina ning m\u00e4ngib v\u00f5tmerolli liigesekoe tervise s\u00e4ilitamisel.<br \/>\n<strong>Boswellia<\/strong>, mida tuntakse ka kui India viirukipuud, on\u00a0<em>Boswellia serrata<\/em>\u00a0puust saadud taimne ekstrakt. Boswelliat kasutatakse Ayurveda&#8217;s laialdaselt valuvaigistina ja p\u00f5letikuliste protsesside leevendajana. Boswellia ekstrakti aktiivne osa on boswelliinhapped, millel on p\u00f5letikuvastane ja valuvaigistav toime. Boswelliinhappe sisaldus meie tootes on 65%.<br \/>\n<strong>Mangaan<\/strong>\u00a0ja\u00a0<strong>tsink<\/strong>\u00a0aitavad hoida luid normaalsena. Mangaan aitab kaasa ka sidekoe normaalsele moodustumisele.<br \/>\n<strong>C-vitamiin<\/strong>\u00a0aitab kaasa kollageeni normaalsele moodustumisele luude ja k\u00f5hre normaalseks toimimiseks.<br \/>\n<strong>MSM<\/strong>\u00a0on orgaaniline v\u00e4\u00e4vli\u00fchend (mitte segi ajada MMS-iga!) met\u00fc\u00fclsulfon\u00fc\u00fclmetaan, mida leidub looduslikult taimedes, loomades ja inimkehas.<\/p>\n<p><strong>ICONFIT LIIGESTE KAPSLID<\/strong> sisaldab kokku 9 t\u00f5husat koostisosa ja on m\u00f5eldud inimestele, keda vaevavad liigeseprobleemid v\u00f5i k\u00f5igile, kes vajavad oma liigeste jaoks lisatoetust. Toodetud kasutades ainult k\u00f5rgeima kvaliteediga koostisosi.<\/p>\n<p><strong>Koostisosad:<\/strong>\u00a0Gl\u00fckosamiinsulfaat 2KCl (\u00a0<strong>koorikloomadest<\/strong>), h\u00fcdrol\u00fc\u00fcsitud kollageen, kondroitiinsulfaat, MSM (met\u00fc\u00fclsulfon\u00fc\u00fclmetaan), Boswellia\u00a0<em>(Boswellia Serrata<\/em>) vaigu ekstrakt, h\u00fcaluroonhape (naatriumh\u00fcaluronaat), C-vitamiin (L-askorbiinhape), tsink (tsinkbisgl\u00fctsinaat), mangaan (mangaangl\u00fckonaat), taimsed pullulaan kapslid.<\/p>\n<p><strong>Kasutamine<\/strong>: 4 kapslit p\u00e4evas koos toidu ja klaasi veega. Mitte kasutada toidulisandit mitmekesise toitumise asendajana. Oluline on toituda mitmek\u00fclgselt ja tasakaalustatult ning harrastada tervislikku elustiili. \u00c4rge \u00fcletage soovitatavat \u00f6\u00f6p\u00e4evast annust. Hoida lastele k\u00e4ttesaamatus kohas. \u00c4rge kasutage, kui olete \u00fclitundlik m\u00f5ne komponendi suhtes. Ei sobi kasutamiseks raseduse ja rinnaga toitmise ajal. Veresuhkru probleemide, s\u00fcdame-veresoonkonna haiguste ja verevedeldajate kasutamise korral konsulteerige arstiga. HOIUSTAMINE: Hoida originaalpakendis temperatuuril 5-25\u00b0C, niiskuse ja otsese p\u00e4ikesevalguse eest kaitstult.<\/p>\n<table width=\"100%\">\n<thead>\n<tr>\n<th align=\"left\"><strong>P\u00c4EVANE ANNUS:<\/strong><\/th>\n<th align=\"left\">4 kapslit<\/th>\n<th align=\"left\">%NRV*<\/th>\n<\/tr>\n<\/thead>\n<tbody>\n<tr>\n<td align=\"left\">Gl\u00fckoosamiinsulfaat 2KCl<\/td>\n<td align=\"left\">600mg<\/td>\n<td align=\"left\">&#8211;<\/td>\n<\/tr>\n<tr>\n<td align=\"left\">H\u00fcdrol\u00fc\u00fcsitud kollageen<\/td>\n<td align=\"left\">465mg<\/td>\n<td align=\"left\">&#8211;<\/td>\n<\/tr>\n<tr>\n<td align=\"left\">Kondroitiinsulfaat<\/td>\n<td align=\"left\">400mg<\/td>\n<td align=\"left\">&#8211;<\/td>\n<\/tr>\n<tr>\n<td align=\"left\">MSM (met\u00fc\u00fclsulfon\u00fc\u00fclmetaan)<\/td>\n<td align=\"left\">200mg<\/td>\n<td align=\"left\">&#8211;<\/td>\n<\/tr>\n<tr>\n<td align=\"left\">Boswellia<em>(Boswellia serrata<\/em>) vaigu ekstrakt 6-10:1 (65% boswelliinhapet)<\/td>\n<td align=\"left\">100mg (65mg)<\/td>\n<td align=\"left\">&#8211;<\/td>\n<\/tr>\n<tr>\n<td align=\"left\">H\u00fcaluroonhape<\/td>\n<td align=\"left\">40mg<\/td>\n<td align=\"left\">&#8211;<\/td>\n<\/tr>\n<tr>\n<td align=\"left\">C-vitamiin<\/td>\n<td align=\"left\">40mg<\/td>\n<td align=\"left\">50%<\/td>\n<\/tr>\n<tr>\n<td align=\"left\">Tsink<\/td>\n<td align=\"left\">5,6mg<\/td>\n<td align=\"left\">56%<\/td>\n<\/tr>\n<tr>\n<td align=\"left\">Mangaan<\/td>\n<td align=\"left\">1mg<\/td>\n<td align=\"left\">50%<\/td>\n<\/tr>\n<\/tbody>\n<\/table>\n<p>Vaata ka meie teisi tooteid Liigestele <a href=\"https:\/\/fit360.ee\/en\/product-category\/product-groups\/joint-support-en\/\"><strong>SIIT<\/strong><\/a> v\u00f5i Gl\u00fckosamiine <a href=\"https:\/\/fit360.ee\/en\/product-category\/product-groups\/superfoods-health-foods-en\/glucosamine-en\/\"><strong>SIIT<\/strong><\/a>!<\/p>\n<p>Soovid kaupa osta suuremas koguses? Vaata antud toodet ka meie HULGI poest\u00a0<a href=\"https:\/\/toidulisandidhulgi.ee\/product\/iconfit-liigeste-kapslid-90caps\/\"><strong>SIIT<\/strong><\/a>!<\/p>\n","protected":false},"excerpt":{"rendered":"<ul>\n<li><strong>Sisaldab gl\u00fckoosamiini ja kondroitiini<\/strong>, millest moodustuvad k\u00f5\u00f5lused, k\u00f5hred ja liigesevedelik.<\/li>\n<li>India viirukipuu\u00a0<em>(Boswellia serrata<\/em>) ekstrakt toetab liigeste tervist, painduvust ja elastsust.<\/li>\n<li><strong>Tsink<\/strong>\u00a0ja\u00a0<strong>mangaan<\/strong>\u00a0aitavad hoida luid normaalsena. Mangaan aitab kaasa ka sidekoe normaalsele moodustumisele.<\/li>\n<li><strong>C-vitamiin<\/strong>\u00a0aitab kaasa kollageeni normaalsele moodustumisele luude ja k\u00f5hrkoe normaalseks talitluseks.<\/li>\n<li><strong>H\u00fcaluroonhape<\/strong>\u00a0toimib liigeste m\u00e4\u00e4rdeainena ja kaitsepehmendusena.<\/li>\n<li><strong>MSM<\/strong>\u00a0on orgaaniline v\u00e4\u00e4vel\u00fchend, mis on tuntud koostisosa liigeste toetamiseks.<\/li>\n<li><strong>\u00dcks purk sisaldab 90 kapslit.\u00a0<\/strong><\/li>\n<\/ul>\n","protected":false},"featured_media":70879,"comment_status":"closed","ping_status":"closed","template":"","meta":[],"product_brand":[],"product_cat":[1636,2341,5317,1318,527,2342,1454],"product_tag":[1681,4383],"giftcard-category":[],"class_list":{"0":"post-70881","1":"product","2":"type-product","3":"status-publish","4":"has-post-thumbnail","6":"product_cat-collagen-en","7":"product_cat-glucosamine-en","8":"product_cat-hyaluronic-acid-en","9":"product_cat-iconfit-en","10":"product_cat-joint-support-en","11":"product_cat-msm-en","12":"product_cat-superfoods-health-foods-en","13":"product_tag-iconfit-en","14":"product_tag-liigeste-kapslid-en","15":"pa_kogus-90-vcaps-en","16":"pa_toidulisand-branddd-iconfit","17":"pa_tootegruppp-for-joints","18":"pa_tootegruppp-glukosamiin-en","19":"pa_tootegruppp-hualuroonhape-en","20":"pa_tootegruppp-kollageenid-en","21":"pa_tootegruppp-msm-en","22":"pa_tootegruppp-supertoit-tervisetoit-en","24":"first","25":"instock","26":"sale","27":"taxable","28":"shipping-taxable","29":"purchasable","30":"product-type-simple"},"yoast_head":"<!-- This site is optimized with the Yoast SEO plugin v27.3 - https:\/\/yoast.com\/product\/yoast-seo-wordpress\/ -->\n<title>ICONFIT Liigeste kapslid (90caps) - Gl\u00fckosamiin - MSM - Fit360<\/title>\n<meta name=\"description\" content=\"ICONFIT Liigeste kapslid\u00a0on kompleksne toode, mis on v\u00e4lja t\u00f6\u00f6tatud liigeste tervise, luude, sidekoe ja k\u00f5hrede toetamiseks. Kiire Tarne!\" \/>\n<meta name=\"robots\" content=\"index, follow, max-snippet:-1, max-image-preview:large, max-video-preview:-1\" \/>\n<link rel=\"canonical\" href=\"https:\/\/fit360.ee\/en\/pood\/product-groups\/superfoods-health-foods-en\/glucosamine-en\/iconfit-liigeste-kapslid-90caps\/\" \/>\n<meta property=\"og:locale\" content=\"en_US\" \/>\n<meta property=\"og:type\" content=\"article\" \/>\n<meta property=\"og:title\" content=\"ICONFIT Liigeste kapslid (90caps) - Gl\u00fckosamiin - MSM - Fit360\" \/>\n<meta property=\"og:description\" content=\"ICONFIT Liigeste kapslid\u00a0on kompleksne toode, mis on v\u00e4lja t\u00f6\u00f6tatud liigeste tervise, luude, sidekoe ja k\u00f5hrede toetamiseks. Kiire Tarne!\" \/>\n<meta property=\"og:url\" content=\"https:\/\/fit360.ee\/en\/pood\/product-groups\/superfoods-health-foods-en\/glucosamine-en\/iconfit-liigeste-kapslid-90caps\/\" \/>\n<meta property=\"og:site_name\" content=\"Fit360\" \/>\n<meta property=\"article:modified_time\" content=\"2026-04-10T12:56:38+00:00\" \/>\n<meta property=\"og:image\" content=\"https:\/\/fit360.ee\/wp-content\/uploads\/2023\/06\/iconfit-liigeste-kapslid-fit360.ee_.jpg\" \/>\n\t<meta property=\"og:image:width\" content=\"695\" \/>\n\t<meta property=\"og:image:height\" content=\"695\" \/>\n\t<meta property=\"og:image:type\" content=\"image\/jpeg\" \/>\n<meta name=\"twitter:card\" content=\"summary_large_image\" \/>\n<meta name=\"twitter:label1\" content=\"Est. reading time\" \/>\n\t<meta name=\"twitter:data1\" content=\"3 minutes\" \/>\n<script type=\"application\/ld+json\" class=\"yoast-schema-graph\">{\"@context\":\"https:\\\/\\\/schema.org\",\"@graph\":[{\"@type\":\"WebPage\",\"@id\":\"https:\\\/\\\/fit360.ee\\\/en\\\/pood\\\/product-groups\\\/superfoods-health-foods-en\\\/glucosamine-en\\\/iconfit-liigeste-kapslid-90caps\\\/\",\"url\":\"https:\\\/\\\/fit360.ee\\\/en\\\/pood\\\/product-groups\\\/superfoods-health-foods-en\\\/glucosamine-en\\\/iconfit-liigeste-kapslid-90caps\\\/\",\"name\":\"ICONFIT Liigeste kapslid (90caps) - Gl\u00fckosamiin - MSM - Fit360\",\"isPartOf\":{\"@id\":\"https:\\\/\\\/fit360.ee\\\/en\\\/#website\"},\"primaryImageOfPage\":{\"@id\":\"https:\\\/\\\/fit360.ee\\\/en\\\/pood\\\/product-groups\\\/superfoods-health-foods-en\\\/glucosamine-en\\\/iconfit-liigeste-kapslid-90caps\\\/#primaryimage\"},\"image\":{\"@id\":\"https:\\\/\\\/fit360.ee\\\/en\\\/pood\\\/product-groups\\\/superfoods-health-foods-en\\\/glucosamine-en\\\/iconfit-liigeste-kapslid-90caps\\\/#primaryimage\"},\"thumbnailUrl\":\"https:\\\/\\\/fit360.ee\\\/wp-content\\\/uploads\\\/2023\\\/06\\\/iconfit-liigeste-kapslid-fit360.ee_.jpg\",\"datePublished\":\"2023-06-06T17:32:27+00:00\",\"dateModified\":\"2026-04-10T12:56:38+00:00\",\"description\":\"ICONFIT Liigeste kapslid\u00a0on kompleksne toode, mis on v\u00e4lja t\u00f6\u00f6tatud liigeste tervise, luude, sidekoe ja k\u00f5hrede toetamiseks. Kiire Tarne!\",\"breadcrumb\":{\"@id\":\"https:\\\/\\\/fit360.ee\\\/en\\\/pood\\\/product-groups\\\/superfoods-health-foods-en\\\/glucosamine-en\\\/iconfit-liigeste-kapslid-90caps\\\/#breadcrumb\"},\"inLanguage\":\"en-US\",\"potentialAction\":[{\"@type\":\"ReadAction\",\"target\":[\"https:\\\/\\\/fit360.ee\\\/en\\\/pood\\\/product-groups\\\/superfoods-health-foods-en\\\/glucosamine-en\\\/iconfit-liigeste-kapslid-90caps\\\/\"]}]},{\"@type\":\"ImageObject\",\"inLanguage\":\"en-US\",\"@id\":\"https:\\\/\\\/fit360.ee\\\/en\\\/pood\\\/product-groups\\\/superfoods-health-foods-en\\\/glucosamine-en\\\/iconfit-liigeste-kapslid-90caps\\\/#primaryimage\",\"url\":\"https:\\\/\\\/fit360.ee\\\/wp-content\\\/uploads\\\/2023\\\/06\\\/iconfit-liigeste-kapslid-fit360.ee_.jpg\",\"contentUrl\":\"https:\\\/\\\/fit360.ee\\\/wp-content\\\/uploads\\\/2023\\\/06\\\/iconfit-liigeste-kapslid-fit360.ee_.jpg\",\"width\":695,\"height\":695,\"caption\":\"iconfit liigeste kapslid - fit360.ee\"},{\"@type\":\"BreadcrumbList\",\"@id\":\"https:\\\/\\\/fit360.ee\\\/en\\\/pood\\\/product-groups\\\/superfoods-health-foods-en\\\/glucosamine-en\\\/iconfit-liigeste-kapslid-90caps\\\/#breadcrumb\",\"itemListElement\":[{\"@type\":\"ListItem\",\"position\":1,\"name\":\"Home\",\"item\":\"https:\\\/\\\/fit360.ee\\\/en\\\/\"},{\"@type\":\"ListItem\",\"position\":2,\"name\":\"Shop\",\"item\":\"https:\\\/\\\/fit360.ee\\\/en\\\/shop\\\/\"},{\"@type\":\"ListItem\",\"position\":3,\"name\":\"ICONFIT Liigeste kapslid (90caps)\"}]},{\"@type\":\"WebSite\",\"@id\":\"https:\\\/\\\/fit360.ee\\\/en\\\/#website\",\"url\":\"https:\\\/\\\/fit360.ee\\\/en\\\/\",\"name\":\"Fit360\",\"description\":\"\",\"publisher\":{\"@id\":\"https:\\\/\\\/fit360.ee\\\/en\\\/#organization\"},\"potentialAction\":[{\"@type\":\"SearchAction\",\"target\":{\"@type\":\"EntryPoint\",\"urlTemplate\":\"https:\\\/\\\/fit360.ee\\\/en\\\/?s={search_term_string}\"},\"query-input\":{\"@type\":\"PropertyValueSpecification\",\"valueRequired\":true,\"valueName\":\"search_term_string\"}}],\"inLanguage\":\"en-US\"},{\"@type\":\"Organization\",\"@id\":\"https:\\\/\\\/fit360.ee\\\/en\\\/#organization\",\"name\":\"Fit360\",\"url\":\"https:\\\/\\\/fit360.ee\\\/en\\\/\",\"logo\":{\"@type\":\"ImageObject\",\"inLanguage\":\"en-US\",\"@id\":\"https:\\\/\\\/fit360.ee\\\/en\\\/#\\\/schema\\\/logo\\\/image\\\/\",\"url\":\"https:\\\/\\\/fit360.ee\\\/wp-content\\\/uploads\\\/2017\\\/01\\\/logo-fit360.png\",\"contentUrl\":\"https:\\\/\\\/fit360.ee\\\/wp-content\\\/uploads\\\/2017\\\/01\\\/logo-fit360.png\",\"width\":180,\"height\":66,\"caption\":\"Fit360\"},\"image\":{\"@id\":\"https:\\\/\\\/fit360.ee\\\/en\\\/#\\\/schema\\\/logo\\\/image\\\/\"}}]}<\/script>\n<!-- \/ Yoast SEO plugin. -->","yoast_head_json":{"title":"ICONFIT Liigeste kapslid (90caps) - Gl\u00fckosamiin - MSM - Fit360","description":"ICONFIT Liigeste kapslid\u00a0on kompleksne toode, mis on v\u00e4lja t\u00f6\u00f6tatud liigeste tervise, luude, sidekoe ja k\u00f5hrede toetamiseks. Kiire Tarne!","robots":{"index":"index","follow":"follow","max-snippet":"max-snippet:-1","max-image-preview":"max-image-preview:large","max-video-preview":"max-video-preview:-1"},"canonical":"https:\/\/fit360.ee\/en\/pood\/product-groups\/superfoods-health-foods-en\/glucosamine-en\/iconfit-liigeste-kapslid-90caps\/","og_locale":"en_US","og_type":"article","og_title":"ICONFIT Liigeste kapslid (90caps) - Gl\u00fckosamiin - MSM - Fit360","og_description":"ICONFIT Liigeste kapslid\u00a0on kompleksne toode, mis on v\u00e4lja t\u00f6\u00f6tatud liigeste tervise, luude, sidekoe ja k\u00f5hrede toetamiseks. Kiire Tarne!","og_url":"https:\/\/fit360.ee\/en\/pood\/product-groups\/superfoods-health-foods-en\/glucosamine-en\/iconfit-liigeste-kapslid-90caps\/","og_site_name":"Fit360","article_modified_time":"2026-04-10T12:56:38+00:00","og_image":[{"width":695,"height":695,"url":"https:\/\/fit360.ee\/wp-content\/uploads\/2023\/06\/iconfit-liigeste-kapslid-fit360.ee_.jpg","type":"image\/jpeg"}],"twitter_card":"summary_large_image","twitter_misc":{"Est. reading time":"3 minutes"},"schema":{"@context":"https:\/\/schema.org","@graph":[{"@type":"WebPage","@id":"https:\/\/fit360.ee\/en\/pood\/product-groups\/superfoods-health-foods-en\/glucosamine-en\/iconfit-liigeste-kapslid-90caps\/","url":"https:\/\/fit360.ee\/en\/pood\/product-groups\/superfoods-health-foods-en\/glucosamine-en\/iconfit-liigeste-kapslid-90caps\/","name":"ICONFIT Liigeste kapslid (90caps) - Gl\u00fckosamiin - MSM - Fit360","isPartOf":{"@id":"https:\/\/fit360.ee\/en\/#website"},"primaryImageOfPage":{"@id":"https:\/\/fit360.ee\/en\/pood\/product-groups\/superfoods-health-foods-en\/glucosamine-en\/iconfit-liigeste-kapslid-90caps\/#primaryimage"},"image":{"@id":"https:\/\/fit360.ee\/en\/pood\/product-groups\/superfoods-health-foods-en\/glucosamine-en\/iconfit-liigeste-kapslid-90caps\/#primaryimage"},"thumbnailUrl":"https:\/\/fit360.ee\/wp-content\/uploads\/2023\/06\/iconfit-liigeste-kapslid-fit360.ee_.jpg","datePublished":"2023-06-06T17:32:27+00:00","dateModified":"2026-04-10T12:56:38+00:00","description":"ICONFIT Liigeste kapslid\u00a0on kompleksne toode, mis on v\u00e4lja t\u00f6\u00f6tatud liigeste tervise, luude, sidekoe ja k\u00f5hrede toetamiseks. Kiire Tarne!","breadcrumb":{"@id":"https:\/\/fit360.ee\/en\/pood\/product-groups\/superfoods-health-foods-en\/glucosamine-en\/iconfit-liigeste-kapslid-90caps\/#breadcrumb"},"inLanguage":"en-US","potentialAction":[{"@type":"ReadAction","target":["https:\/\/fit360.ee\/en\/pood\/product-groups\/superfoods-health-foods-en\/glucosamine-en\/iconfit-liigeste-kapslid-90caps\/"]}]},{"@type":"ImageObject","inLanguage":"en-US","@id":"https:\/\/fit360.ee\/en\/pood\/product-groups\/superfoods-health-foods-en\/glucosamine-en\/iconfit-liigeste-kapslid-90caps\/#primaryimage","url":"https:\/\/fit360.ee\/wp-content\/uploads\/2023\/06\/iconfit-liigeste-kapslid-fit360.ee_.jpg","contentUrl":"https:\/\/fit360.ee\/wp-content\/uploads\/2023\/06\/iconfit-liigeste-kapslid-fit360.ee_.jpg","width":695,"height":695,"caption":"iconfit liigeste kapslid - fit360.ee"},{"@type":"BreadcrumbList","@id":"https:\/\/fit360.ee\/en\/pood\/product-groups\/superfoods-health-foods-en\/glucosamine-en\/iconfit-liigeste-kapslid-90caps\/#breadcrumb","itemListElement":[{"@type":"ListItem","position":1,"name":"Home","item":"https:\/\/fit360.ee\/en\/"},{"@type":"ListItem","position":2,"name":"Shop","item":"https:\/\/fit360.ee\/en\/shop\/"},{"@type":"ListItem","position":3,"name":"ICONFIT Liigeste kapslid (90caps)"}]},{"@type":"WebSite","@id":"https:\/\/fit360.ee\/en\/#website","url":"https:\/\/fit360.ee\/en\/","name":"Fit360","description":"","publisher":{"@id":"https:\/\/fit360.ee\/en\/#organization"},"potentialAction":[{"@type":"SearchAction","target":{"@type":"EntryPoint","urlTemplate":"https:\/\/fit360.ee\/en\/?s={search_term_string}"},"query-input":{"@type":"PropertyValueSpecification","valueRequired":true,"valueName":"search_term_string"}}],"inLanguage":"en-US"},{"@type":"Organization","@id":"https:\/\/fit360.ee\/en\/#organization","name":"Fit360","url":"https:\/\/fit360.ee\/en\/","logo":{"@type":"ImageObject","inLanguage":"en-US","@id":"https:\/\/fit360.ee\/en\/#\/schema\/logo\/image\/","url":"https:\/\/fit360.ee\/wp-content\/uploads\/2017\/01\/logo-fit360.png","contentUrl":"https:\/\/fit360.ee\/wp-content\/uploads\/2017\/01\/logo-fit360.png","width":180,"height":66,"caption":"Fit360"},"image":{"@id":"https:\/\/fit360.ee\/en\/#\/schema\/logo\/image\/"}}]}},"_links":{"self":[{"href":"https:\/\/fit360.ee\/en\/wp-json\/wp\/v2\/product\/70881","targetHints":{"allow":["GET"]}}],"collection":[{"href":"https:\/\/fit360.ee\/en\/wp-json\/wp\/v2\/product"}],"about":[{"href":"https:\/\/fit360.ee\/en\/wp-json\/wp\/v2\/types\/product"}],"replies":[{"embeddable":true,"href":"https:\/\/fit360.ee\/en\/wp-json\/wp\/v2\/comments?post=70881"}],"wp:featuredmedia":[{"embeddable":true,"href":"https:\/\/fit360.ee\/en\/wp-json\/wp\/v2\/media\/70879"}],"wp:attachment":[{"href":"https:\/\/fit360.ee\/en\/wp-json\/wp\/v2\/media?parent=70881"}],"wp:term":[{"taxonomy":"product_brand","embeddable":true,"href":"https:\/\/fit360.ee\/en\/wp-json\/wp\/v2\/product_brand?post=70881"},{"taxonomy":"product_cat","embeddable":true,"href":"https:\/\/fit360.ee\/en\/wp-json\/wp\/v2\/product_cat?post=70881"},{"taxonomy":"product_tag","embeddable":true,"href":"https:\/\/fit360.ee\/en\/wp-json\/wp\/v2\/product_tag?post=70881"},{"taxonomy":"giftcard-category","embeddable":true,"href":"https:\/\/fit360.ee\/en\/wp-json\/wp\/v2\/giftcard-category?post=70881"}],"curies":[{"name":"wp","href":"https:\/\/api.w.org\/{rel}","templated":true}]}}