{"id":70883,"date":"2023-06-06T19:46:42","date_gmt":"2023-06-06T17:46:42","guid":{"rendered":"https:\/\/fit360.ee\/?post_type=product&#038;p=70883"},"modified":"2026-01-21T16:49:21","modified_gmt":"2026-01-21T14:49:21","slug":"melatonin-300tabs","status":"publish","type":"product","link":"https:\/\/fit360.ee\/en\/pood\/product-groups\/sleep-enhancers-en\/melatonin-en\/melatonin-300tabs\/","title":{"rendered":"Melatonin (300tabs)"},"content":{"rendered":"<h2><strong>Melatoniin<\/strong><\/h2>\n<p>OstroVit Melatoniin on toidulisand melatoniini sisaldavates tablettides. Toode on eriti soovitatav inimestele, kes v\u00f5itlevad uinumisega, t\u00f6\u00f6tavad vahetusre\u017eiimis, reisivad ja vahetavad sageli ajav\u00f6\u00f6ndeid.<\/p>\n<p><a href=\"https:\/\/fit360.ee\/wp-content\/uploads\/2023\/06\/ostrovit-melatoniin-300tabs-fit360.ee-1-800x312.jpg\"><img loading=\"lazy\" decoding=\"async\" class=\"size-medium wp-image-70884\" src=\"https:\/\/fit360.ee\/wp-content\/uploads\/2023\/06\/ostrovit-melatoniin-300tabs-fit360.ee-1-800x312.jpg\" alt=\"ostrovit melatoniin 300tabs - fit360.ee\" width=\"800\" height=\"312\" srcset=\"https:\/\/fit360.ee\/wp-content\/uploads\/2023\/06\/ostrovit-melatoniin-300tabs-fit360.ee-1-800x312.jpg 800w, https:\/\/fit360.ee\/wp-content\/uploads\/2023\/06\/ostrovit-melatoniin-300tabs-fit360.ee-1-510x199.jpg 510w, https:\/\/fit360.ee\/wp-content\/uploads\/2023\/06\/ostrovit-melatoniin-300tabs-fit360.ee-1-768x300.jpg 768w, https:\/\/fit360.ee\/wp-content\/uploads\/2023\/06\/ostrovit-melatoniin-300tabs-fit360.ee-1.jpg 922w\" sizes=\"auto, (max-width: 800px) 100vw, 800px\" \/><\/a><\/p>\n<ul class=\"cm__list\">\n<li>Pakendis on 300 portsjonit<\/li>\n<li>1 portsjon = 1 tablett<\/li>\n<li>Parandab une kvaliteeti<\/li>\n<li>Looduslik hormoon<\/li>\n<\/ul>\n<p class=\"cm__heading\"><strong>Melatoniin &#8211; mis see on?<\/strong><\/p>\n<p class=\"cm__text\">See on tr\u00fcptofaani derivaat.\u00a0See esineb meie kehas k\u00e4bin\u00e4\u00e4re poolt toodetud hormoonina.\u00a0V\u00e4iksemas koguses toodab melatoniini seedes\u00fcsteem, leukots\u00fc\u00fcdid v\u00f5i luu\u00fcdi.\u00a0Seda nimetatakse unehormooniks, kuna see m\u00e4ngib olulist rolli nii uneaja reguleerimisel kui ka kogu p\u00e4eva k\u00f5ndimisel.\u00a0See vastutab unisuse ja \u00f6ise temperatuuri ja verer\u00f5hu alandamise eest.<\/p>\n<p class=\"cm__text\">Oluliseks probleemiks on ajav\u00f6\u00f6ndi j\u00e4rsk muutus, nn &#8220;<em>Jet-lag<\/em>&#8220;.\u00a0S\u00fcmptomid on p\u00f5hjustatud bioloogilise kella h\u00e4irest.\u00a0Bioloogilise kella n\u00f5uetekohane toimimine s\u00f5ltub melatoniini ja kortisooli tootmisest. Ostrovit Melatoniin aitab l\u00fchendada uinumiseks vajalikku aega ja leevendada subjektiivset ajav\u00f6\u00f6ndi muutuse s\u00fcndroomi tunnet.\u00a0Lisaks aitab melatoniin v\u00e4hendada oks\u00fcdatiivset stressi.<\/p>\n<p class=\"cm__heading\"><strong>OstroVit Melatoniin&#8217;is sisalduvate koostisosade omadused<\/strong>:<\/p>\n<ul class=\"cm__list\">\n<li>Abi uinumiseks vajaliku aja l\u00fchendamisel<\/li>\n<li>Aitab parandada \u00fcldist une kvaliteeti<\/li>\n<li>Aitab leevendada ajav\u00f6\u00f6ndi j\u00e4rsu muutumise s\u00fcndroomi subjektiivset tunnet<\/li>\n<li>V\u00f5ib olla p\u00f5letikuvastane toime<\/li>\n<li>Omab antioks\u00fcdantset toimet<\/li>\n<\/ul>\n<div class=\"cm__heading\"><strong>Laboratoorselt t\u00f5estatud kvaliteet<\/strong><\/div>\n<p class=\"cm__text --bold\">Klientide tervise huvides testitakse meie toodetud tooteid regulaarselt s\u00f5ltumatus akrediteeritud laboris, et tagada ja s\u00e4ilitada k\u00f5rgeim kvaliteet.<\/p>\n<p><strong>Koostisosad<\/strong>: T\u00e4iteained: mikrokristalne tselluloos;\u00a0t\u00e4rklis;\u00a0paakumisvastased ained: rasvhapete magneesiumisoolad, r\u00e4nidioksiid;\u00a0melatoniin.<\/p>\n<p><strong>Kasutamine<\/strong>: Tarbi 1 portsjon (1 tablett) p\u00e4evas 30 minutit enne magamaminekut.\u00a0Kasulik toime avaldub siis, kui esimesel reisip\u00e4eval ja j\u00e4rgmistel p\u00e4evadel p\u00e4rast sihtkohta j\u00f5udmist tarbitakse 1 mg melatoniini vahetult enne magamaminekut v\u00f5i 0,5 mg vahetult enne uinumist.<\/p>\n<p><strong>Suurus<\/strong>: 300 tabletti.<\/p>\n<section class=\"projector__description--nutritional row\" data-selector=\".--nutritional\">\n<div class=\"col-12 col-md-10 col-lg-8\">\n<div class=\"--nutrit\">\n<div class=\"nutrition_table_wrapper\">\n<div class=\"table_wrapper\">\n<table>\n<tbody>\n<tr>\n<th>Aktiivsed koostisosad<\/th>\n<th>1 tablett<\/th>\n<\/tr>\n<tr>\n<td>Melatoniin<\/td>\n<td>\u00a01 mg<\/td>\n<\/tr>\n<\/tbody>\n<\/table>\n<p>Vaata ka meie teisi UND soodustavaid toidulisandeid <a href=\"https:\/\/fit360.ee\/en\/product-category\/product-groups\/sleep-enhancers-en\/\"><strong>SIIT<\/strong><\/a> v\u00f5i Melatoniine <a href=\"https:\/\/fit360.ee\/en\/product-category\/product-groups\/sleep-enhancers-en\/melatonin-en\/\"><strong>SIIT<\/strong><\/a>!<\/p>\n<\/div>\n<\/div>\n<\/div>\n<\/div>\n<\/section>\n<div class=\"--label col-12\">Soovid kaupa osta suuremas koguses? Vaata antud toodet ka meie HULGI poest\u00a0<a href=\"https:\/\/toidulisandidhulgi.ee\/product\/melatonin-300tabs\/\"><strong>SIIT<\/strong><\/a>!<\/div>\n","protected":false},"excerpt":{"rendered":"<ul class=\"cm__list\">\n<li>Abi uinumiseks vajaliku aja l\u00fchendamisel<\/li>\n<li>Aitab parandada \u00fcldist une kvaliteeti<\/li>\n<li>Aitab leevendada ajav\u00f6\u00f6ndi j\u00e4rsu muutumise s\u00fcndroomi subjektiivset tunnet<\/li>\n<li>V\u00f5ib olla p\u00f5letikuvastane toime<\/li>\n<li>Omab antioks\u00fcdantset toimet<\/li>\n<\/ul>\n","protected":false},"featured_media":76625,"comment_status":"closed","ping_status":"closed","template":"","meta":[],"product_brand":[],"product_cat":[2480,1329,2476],"product_tag":[2992,1924],"giftcard-category":[],"class_list":{"0":"post-70883","1":"product","2":"type-product","3":"status-publish","4":"has-post-thumbnail","6":"product_cat-melatonin-en","7":"product_cat-ostrovit-en","8":"product_cat-sleep-enhancers-en","9":"product_tag-melatoniin-en","10":"product_tag-ostrovit-en","11":"pa_kogus-300-tabs","12":"pa_toidulisand-branddd-ostrovit","13":"pa_tootegruppp-melatoniin-en","14":"pa_tootegruppp-uni-en","16":"first","17":"outofstock","18":"sale","19":"taxable","20":"shipping-taxable","21":"purchasable","22":"product-type-simple"},"yoast_head":"<!-- This site is optimized with the Yoast SEO plugin v27.3 - https:\/\/yoast.com\/product\/yoast-seo-wordpress\/ -->\n<title>Melatonin (300tabs) - Toidulisand unele - Kiire Tarne - Fit360<\/title>\n<meta name=\"description\" content=\"Ostrovit melatoniin on eriti soovitatav inimestele, kes v\u00f5itlevad uinumisega, t\u00f6\u00f6tavad vahetusre\u017eiimis, reisivad ja vahetavad sageli ajav\u00f6\u00f6ndeid.\" \/>\n<meta name=\"robots\" content=\"index, follow, max-snippet:-1, max-image-preview:large, max-video-preview:-1\" \/>\n<link rel=\"canonical\" href=\"https:\/\/fit360.ee\/en\/pood\/product-groups\/sleep-enhancers-en\/melatonin-en\/melatonin-300tabs\/\" \/>\n<meta property=\"og:locale\" content=\"en_US\" \/>\n<meta property=\"og:type\" content=\"article\" \/>\n<meta property=\"og:title\" content=\"Melatonin (300tabs) - Toidulisand unele - Kiire Tarne - Fit360\" \/>\n<meta property=\"og:description\" content=\"Ostrovit melatoniin on eriti soovitatav inimestele, kes v\u00f5itlevad uinumisega, t\u00f6\u00f6tavad vahetusre\u017eiimis, reisivad ja vahetavad sageli ajav\u00f6\u00f6ndeid.\" \/>\n<meta property=\"og:url\" content=\"https:\/\/fit360.ee\/en\/pood\/product-groups\/sleep-enhancers-en\/melatonin-en\/melatonin-300tabs\/\" \/>\n<meta property=\"og:site_name\" content=\"Fit360\" \/>\n<meta property=\"article:modified_time\" content=\"2026-01-21T14:49:21+00:00\" \/>\n<meta property=\"og:image\" content=\"https:\/\/fit360.ee\/wp-content\/uploads\/2023\/06\/ostrovit-melatoniin-300-tabs-fit360.ee-1.png\" \/>\n\t<meta property=\"og:image:width\" content=\"450\" \/>\n\t<meta property=\"og:image:height\" content=\"450\" \/>\n\t<meta property=\"og:image:type\" content=\"image\/png\" \/>\n<meta name=\"twitter:card\" content=\"summary_large_image\" \/>\n<meta name=\"twitter:label1\" content=\"Est. reading time\" \/>\n\t<meta name=\"twitter:data1\" content=\"2 minutes\" \/>\n<script type=\"application\/ld+json\" class=\"yoast-schema-graph\">{\"@context\":\"https:\\\/\\\/schema.org\",\"@graph\":[{\"@type\":\"WebPage\",\"@id\":\"https:\\\/\\\/fit360.ee\\\/en\\\/pood\\\/product-groups\\\/sleep-enhancers-en\\\/melatonin-en\\\/melatonin-300tabs\\\/\",\"url\":\"https:\\\/\\\/fit360.ee\\\/en\\\/pood\\\/product-groups\\\/sleep-enhancers-en\\\/melatonin-en\\\/melatonin-300tabs\\\/\",\"name\":\"Melatonin (300tabs) - Toidulisand unele - Kiire Tarne - Fit360\",\"isPartOf\":{\"@id\":\"https:\\\/\\\/fit360.ee\\\/en\\\/#website\"},\"primaryImageOfPage\":{\"@id\":\"https:\\\/\\\/fit360.ee\\\/en\\\/pood\\\/product-groups\\\/sleep-enhancers-en\\\/melatonin-en\\\/melatonin-300tabs\\\/#primaryimage\"},\"image\":{\"@id\":\"https:\\\/\\\/fit360.ee\\\/en\\\/pood\\\/product-groups\\\/sleep-enhancers-en\\\/melatonin-en\\\/melatonin-300tabs\\\/#primaryimage\"},\"thumbnailUrl\":\"https:\\\/\\\/fit360.ee\\\/wp-content\\\/uploads\\\/2023\\\/06\\\/ostrovit-melatoniin-300-tabs-fit360.ee-1.png\",\"datePublished\":\"2023-06-06T17:46:42+00:00\",\"dateModified\":\"2026-01-21T14:49:21+00:00\",\"description\":\"Ostrovit melatoniin on eriti soovitatav inimestele, kes v\u00f5itlevad uinumisega, t\u00f6\u00f6tavad vahetusre\u017eiimis, reisivad ja vahetavad sageli ajav\u00f6\u00f6ndeid.\",\"breadcrumb\":{\"@id\":\"https:\\\/\\\/fit360.ee\\\/en\\\/pood\\\/product-groups\\\/sleep-enhancers-en\\\/melatonin-en\\\/melatonin-300tabs\\\/#breadcrumb\"},\"inLanguage\":\"en-US\",\"potentialAction\":[{\"@type\":\"ReadAction\",\"target\":[\"https:\\\/\\\/fit360.ee\\\/en\\\/pood\\\/product-groups\\\/sleep-enhancers-en\\\/melatonin-en\\\/melatonin-300tabs\\\/\"]}]},{\"@type\":\"ImageObject\",\"inLanguage\":\"en-US\",\"@id\":\"https:\\\/\\\/fit360.ee\\\/en\\\/pood\\\/product-groups\\\/sleep-enhancers-en\\\/melatonin-en\\\/melatonin-300tabs\\\/#primaryimage\",\"url\":\"https:\\\/\\\/fit360.ee\\\/wp-content\\\/uploads\\\/2023\\\/06\\\/ostrovit-melatoniin-300-tabs-fit360.ee-1.png\",\"contentUrl\":\"https:\\\/\\\/fit360.ee\\\/wp-content\\\/uploads\\\/2023\\\/06\\\/ostrovit-melatoniin-300-tabs-fit360.ee-1.png\",\"width\":450,\"height\":450,\"caption\":\"ostrovit melatoniin 300 tabs - fit360.ee\"},{\"@type\":\"BreadcrumbList\",\"@id\":\"https:\\\/\\\/fit360.ee\\\/en\\\/pood\\\/product-groups\\\/sleep-enhancers-en\\\/melatonin-en\\\/melatonin-300tabs\\\/#breadcrumb\",\"itemListElement\":[{\"@type\":\"ListItem\",\"position\":1,\"name\":\"Home\",\"item\":\"https:\\\/\\\/fit360.ee\\\/en\\\/\"},{\"@type\":\"ListItem\",\"position\":2,\"name\":\"Shop\",\"item\":\"https:\\\/\\\/fit360.ee\\\/en\\\/shop\\\/\"},{\"@type\":\"ListItem\",\"position\":3,\"name\":\"Melatonin (300tabs)\"}]},{\"@type\":\"WebSite\",\"@id\":\"https:\\\/\\\/fit360.ee\\\/en\\\/#website\",\"url\":\"https:\\\/\\\/fit360.ee\\\/en\\\/\",\"name\":\"Fit360\",\"description\":\"\",\"publisher\":{\"@id\":\"https:\\\/\\\/fit360.ee\\\/en\\\/#organization\"},\"potentialAction\":[{\"@type\":\"SearchAction\",\"target\":{\"@type\":\"EntryPoint\",\"urlTemplate\":\"https:\\\/\\\/fit360.ee\\\/en\\\/?s={search_term_string}\"},\"query-input\":{\"@type\":\"PropertyValueSpecification\",\"valueRequired\":true,\"valueName\":\"search_term_string\"}}],\"inLanguage\":\"en-US\"},{\"@type\":\"Organization\",\"@id\":\"https:\\\/\\\/fit360.ee\\\/en\\\/#organization\",\"name\":\"Fit360\",\"url\":\"https:\\\/\\\/fit360.ee\\\/en\\\/\",\"logo\":{\"@type\":\"ImageObject\",\"inLanguage\":\"en-US\",\"@id\":\"https:\\\/\\\/fit360.ee\\\/en\\\/#\\\/schema\\\/logo\\\/image\\\/\",\"url\":\"https:\\\/\\\/fit360.ee\\\/wp-content\\\/uploads\\\/2017\\\/01\\\/logo-fit360.png\",\"contentUrl\":\"https:\\\/\\\/fit360.ee\\\/wp-content\\\/uploads\\\/2017\\\/01\\\/logo-fit360.png\",\"width\":180,\"height\":66,\"caption\":\"Fit360\"},\"image\":{\"@id\":\"https:\\\/\\\/fit360.ee\\\/en\\\/#\\\/schema\\\/logo\\\/image\\\/\"}}]}<\/script>\n<!-- \/ Yoast SEO plugin. -->","yoast_head_json":{"title":"Melatonin (300tabs) - Toidulisand unele - Kiire Tarne - Fit360","description":"Ostrovit melatoniin on eriti soovitatav inimestele, kes v\u00f5itlevad uinumisega, t\u00f6\u00f6tavad vahetusre\u017eiimis, reisivad ja vahetavad sageli ajav\u00f6\u00f6ndeid.","robots":{"index":"index","follow":"follow","max-snippet":"max-snippet:-1","max-image-preview":"max-image-preview:large","max-video-preview":"max-video-preview:-1"},"canonical":"https:\/\/fit360.ee\/en\/pood\/product-groups\/sleep-enhancers-en\/melatonin-en\/melatonin-300tabs\/","og_locale":"en_US","og_type":"article","og_title":"Melatonin (300tabs) - Toidulisand unele - Kiire Tarne - Fit360","og_description":"Ostrovit melatoniin on eriti soovitatav inimestele, kes v\u00f5itlevad uinumisega, t\u00f6\u00f6tavad vahetusre\u017eiimis, reisivad ja vahetavad sageli ajav\u00f6\u00f6ndeid.","og_url":"https:\/\/fit360.ee\/en\/pood\/product-groups\/sleep-enhancers-en\/melatonin-en\/melatonin-300tabs\/","og_site_name":"Fit360","article_modified_time":"2026-01-21T14:49:21+00:00","og_image":[{"width":450,"height":450,"url":"https:\/\/fit360.ee\/wp-content\/uploads\/2023\/06\/ostrovit-melatoniin-300-tabs-fit360.ee-1.png","type":"image\/png"}],"twitter_card":"summary_large_image","twitter_misc":{"Est. reading time":"2 minutes"},"schema":{"@context":"https:\/\/schema.org","@graph":[{"@type":"WebPage","@id":"https:\/\/fit360.ee\/en\/pood\/product-groups\/sleep-enhancers-en\/melatonin-en\/melatonin-300tabs\/","url":"https:\/\/fit360.ee\/en\/pood\/product-groups\/sleep-enhancers-en\/melatonin-en\/melatonin-300tabs\/","name":"Melatonin (300tabs) - Toidulisand unele - Kiire Tarne - Fit360","isPartOf":{"@id":"https:\/\/fit360.ee\/en\/#website"},"primaryImageOfPage":{"@id":"https:\/\/fit360.ee\/en\/pood\/product-groups\/sleep-enhancers-en\/melatonin-en\/melatonin-300tabs\/#primaryimage"},"image":{"@id":"https:\/\/fit360.ee\/en\/pood\/product-groups\/sleep-enhancers-en\/melatonin-en\/melatonin-300tabs\/#primaryimage"},"thumbnailUrl":"https:\/\/fit360.ee\/wp-content\/uploads\/2023\/06\/ostrovit-melatoniin-300-tabs-fit360.ee-1.png","datePublished":"2023-06-06T17:46:42+00:00","dateModified":"2026-01-21T14:49:21+00:00","description":"Ostrovit melatoniin on eriti soovitatav inimestele, kes v\u00f5itlevad uinumisega, t\u00f6\u00f6tavad vahetusre\u017eiimis, reisivad ja vahetavad sageli ajav\u00f6\u00f6ndeid.","breadcrumb":{"@id":"https:\/\/fit360.ee\/en\/pood\/product-groups\/sleep-enhancers-en\/melatonin-en\/melatonin-300tabs\/#breadcrumb"},"inLanguage":"en-US","potentialAction":[{"@type":"ReadAction","target":["https:\/\/fit360.ee\/en\/pood\/product-groups\/sleep-enhancers-en\/melatonin-en\/melatonin-300tabs\/"]}]},{"@type":"ImageObject","inLanguage":"en-US","@id":"https:\/\/fit360.ee\/en\/pood\/product-groups\/sleep-enhancers-en\/melatonin-en\/melatonin-300tabs\/#primaryimage","url":"https:\/\/fit360.ee\/wp-content\/uploads\/2023\/06\/ostrovit-melatoniin-300-tabs-fit360.ee-1.png","contentUrl":"https:\/\/fit360.ee\/wp-content\/uploads\/2023\/06\/ostrovit-melatoniin-300-tabs-fit360.ee-1.png","width":450,"height":450,"caption":"ostrovit melatoniin 300 tabs - fit360.ee"},{"@type":"BreadcrumbList","@id":"https:\/\/fit360.ee\/en\/pood\/product-groups\/sleep-enhancers-en\/melatonin-en\/melatonin-300tabs\/#breadcrumb","itemListElement":[{"@type":"ListItem","position":1,"name":"Home","item":"https:\/\/fit360.ee\/en\/"},{"@type":"ListItem","position":2,"name":"Shop","item":"https:\/\/fit360.ee\/en\/shop\/"},{"@type":"ListItem","position":3,"name":"Melatonin (300tabs)"}]},{"@type":"WebSite","@id":"https:\/\/fit360.ee\/en\/#website","url":"https:\/\/fit360.ee\/en\/","name":"Fit360","description":"","publisher":{"@id":"https:\/\/fit360.ee\/en\/#organization"},"potentialAction":[{"@type":"SearchAction","target":{"@type":"EntryPoint","urlTemplate":"https:\/\/fit360.ee\/en\/?s={search_term_string}"},"query-input":{"@type":"PropertyValueSpecification","valueRequired":true,"valueName":"search_term_string"}}],"inLanguage":"en-US"},{"@type":"Organization","@id":"https:\/\/fit360.ee\/en\/#organization","name":"Fit360","url":"https:\/\/fit360.ee\/en\/","logo":{"@type":"ImageObject","inLanguage":"en-US","@id":"https:\/\/fit360.ee\/en\/#\/schema\/logo\/image\/","url":"https:\/\/fit360.ee\/wp-content\/uploads\/2017\/01\/logo-fit360.png","contentUrl":"https:\/\/fit360.ee\/wp-content\/uploads\/2017\/01\/logo-fit360.png","width":180,"height":66,"caption":"Fit360"},"image":{"@id":"https:\/\/fit360.ee\/en\/#\/schema\/logo\/image\/"}}]}},"_links":{"self":[{"href":"https:\/\/fit360.ee\/en\/wp-json\/wp\/v2\/product\/70883","targetHints":{"allow":["GET"]}}],"collection":[{"href":"https:\/\/fit360.ee\/en\/wp-json\/wp\/v2\/product"}],"about":[{"href":"https:\/\/fit360.ee\/en\/wp-json\/wp\/v2\/types\/product"}],"replies":[{"embeddable":true,"href":"https:\/\/fit360.ee\/en\/wp-json\/wp\/v2\/comments?post=70883"}],"wp:featuredmedia":[{"embeddable":true,"href":"https:\/\/fit360.ee\/en\/wp-json\/wp\/v2\/media\/76625"}],"wp:attachment":[{"href":"https:\/\/fit360.ee\/en\/wp-json\/wp\/v2\/media?parent=70883"}],"wp:term":[{"taxonomy":"product_brand","embeddable":true,"href":"https:\/\/fit360.ee\/en\/wp-json\/wp\/v2\/product_brand?post=70883"},{"taxonomy":"product_cat","embeddable":true,"href":"https:\/\/fit360.ee\/en\/wp-json\/wp\/v2\/product_cat?post=70883"},{"taxonomy":"product_tag","embeddable":true,"href":"https:\/\/fit360.ee\/en\/wp-json\/wp\/v2\/product_tag?post=70883"},{"taxonomy":"giftcard-category","embeddable":true,"href":"https:\/\/fit360.ee\/en\/wp-json\/wp\/v2\/giftcard-category?post=70883"}],"curies":[{"name":"wp","href":"https:\/\/api.w.org\/{rel}","templated":true}]}}