{"id":70894,"date":"2023-06-06T19:56:09","date_gmt":"2023-06-06T17:56:09","guid":{"rendered":"https:\/\/fit360.ee\/pood\/uncategorized\/tribulus-terrestris-90-360tabs\/"},"modified":"2025-08-19T09:02:59","modified_gmt":"2025-08-19T07:02:59","slug":"tribulus-terrestris-90-360tabs","status":"publish","type":"product","link":"https:\/\/fit360.ee\/en\/pood\/product-groups\/%d0%b2%d0%b5%d0%b3%d0%b0%d0%bd\/vegan-capsules-en\/tribulus-terrestris-90-360tabs\/","title":{"rendered":"Tribulus Terrestris 90 (360tabs)"},"content":{"rendered":"<h2><strong>Tribulus Terrestris 90\u00a0<\/strong><\/h2>\n<p class=\"cm__text --bold\">See on esmaklassiline toidulisand, mis sisaldab Tribulus terrestris&#8217;e (<em>Tribulus terrestris L<\/em>.) t\u00e4istaimeekstrakti, mille saponiine on kokku 90%.\u00a0Toidulisand on taimetoidu tablettide kujul ja sobib ideaalselt inimestele, kes hindavad sellisel kujul toidulisandit.\u00a0Tribulus terrestris on peamiselt saponiinide \u2013 v\u00e4\u00e4rtuslike gl\u00fckosiidide \u2013 allikas.\u00a0Seega, kui otsite minimaalse koostisega, kuid maksimaalse annusega Tribulus terrestris ekstrakti preparaati \u2013 sirutage meie OstroVit Tribulus Terrestrise j\u00e4rele!<\/p>\n<p><a href=\"https:\/\/fit360.ee\/wp-content\/uploads\/2023\/06\/tribulus-terrestris-90-ostrovit-fit360.ee_-800x312.jpg\"><img loading=\"lazy\" decoding=\"async\" class=\"size-medium wp-image-70889\" src=\"https:\/\/fit360.ee\/wp-content\/uploads\/2023\/06\/tribulus-terrestris-90-ostrovit-fit360.ee_-800x312.jpg\" alt=\"tribulus terrestris 90 ostrovit - fit360.ee\" width=\"800\" height=\"312\" srcset=\"https:\/\/fit360.ee\/wp-content\/uploads\/2023\/06\/tribulus-terrestris-90-ostrovit-fit360.ee_-800x312.jpg 800w, https:\/\/fit360.ee\/wp-content\/uploads\/2023\/06\/tribulus-terrestris-90-ostrovit-fit360.ee_-510x199.jpg 510w, https:\/\/fit360.ee\/wp-content\/uploads\/2023\/06\/tribulus-terrestris-90-ostrovit-fit360.ee_-768x300.jpg 768w, https:\/\/fit360.ee\/wp-content\/uploads\/2023\/06\/tribulus-terrestris-90-ostrovit-fit360.ee_.jpg 922w\" sizes=\"auto, (max-width: 800px) 100vw, 800px\" \/><\/a><\/p>\n<ul class=\"cm__list\">\n<li>200 mg saponiine \u00fches tabletis<\/li>\n<li>360 portsjonit pakendis<\/li>\n<li>1 tablett p\u00e4evas = 1 portsjon<\/li>\n<\/ul>\n<h4 class=\"cm__heading\"><strong>Tribulus Terrestris &#8211; mis see on?<\/strong><\/h4>\n<p class=\"cm__text\">Tribulus terrestris parole perekonnast on taim, mis on ajurveeda (India) ja Hiina meditsiinis juba ammu tuntud ja hinnatud v\u00e4\u00e4rtuslike saponiinide \u2013 gl\u00fckosiidide r\u00fchma kuuluvate keemiliste \u00fchendite (peamiselt tribulosiini) poolest.<\/p>\n<h4 class=\"cm__heading\"><strong>OstroVit Tribulus Terrestrise omadused<\/strong>:<\/h4>\n<ul class=\"cm__list\">\n<li><strong>LOODUSE J\u00d5UD JA MINIMAALNE KOOSTIS<\/strong>\u00a0\u2013 Ainus meie toidulisandi koostisosa on puhas Tribulus terrestris\u2019e ekstrakt \u2013 222 mg tableti kohta.<\/li>\n<li><strong>IDEAALNE TOODE VEGANILE JA TAIMETOITTELE<\/strong>\u00a0\u2013 OstroVit Tribulus Terrestris\u2019e tabletid ei sisalda loomseid koostisosi.<\/li>\n<li><strong>SAPONIINE SUUR DOOS<\/strong>\u00a0\u2013 \u00dcks meie ekstrakti p\u00e4evane annus VEGE tablettides on tervelt 200 mg saponiine.<\/li>\n<\/ul>\n<p><strong>Koostisosad<\/strong>: Tribulus terrestris (Tribulus terrestris L.) ekstrakt, mis on standardiseeritud 90% saponiinide, mikrokristallilise tselluloosi, t\u00e4rklise, paakumisvastaste ainete: rasvhapete magneesiumisoolade, r\u00e4nidioksiidiga. Toode v\u00f5ib sisaldada piima (sh laktoosi), soja, maap\u00e4hkleid, muid p\u00e4hkleid, seesamiseemneid, gluteeni sisaldavaid teravilju, mune, v\u00e4hilaadseid, kala.<\/p>\n<p><strong>Kasutamine<\/strong>: V\u00f5tke 1 portsjon (1 tablett) p\u00e4evas.<\/p>\n<p><strong>Suurus<\/strong>: 360 tabletti.<\/p>\n<table>\n<tbody>\n<tr>\n<th>Aktiivsed koostisosad<\/th>\n<th>1 tablett<\/th>\n<\/tr>\n<tr>\n<td>Tribulus terrestris ekstrakt<\/td>\n<td>222 mg<\/td>\n<\/tr>\n<tr class=\"sub\">\n<td>&#8211; <em>millest<\/em> saponiinid (90%)<\/td>\n<td>200 mg<\/td>\n<\/tr>\n<\/tbody>\n<\/table>\n<p>Vaata ka meie teisi Testosterooni T\u00f5stjaid <a href=\"https:\/\/fit360.ee\/en\/product-category\/product-groups\/testosterone-boosters-en\/\"><strong>SIIT<\/strong><\/a> v\u00f5i Tribulusi <a href=\"https:\/\/fit360.ee\/en\/product-category\/product-groups\/testosterone-boosters-en\/tribulus-en\/\"><strong>SIIT<\/strong><\/a>!<\/p>\n<p>Soovid kaupa osta suuremas koguses? Vaata antud toodet ka meie HULGI poest\u00a0<a href=\"https:\/\/toidulisandidhulgi.ee\/product\/tribulus-terrestris-90-360tabs\/\"><strong>SIIT<\/strong><\/a>!<\/p>\n","protected":false},"excerpt":{"rendered":"<ul>\n<li>T\u00f5stab testosteroonitaset.<\/li>\n<li>Muudab seksuaalselt aktiivsemaks ja parandab seksuaalv\u00f5imekust.<\/li>\n<li>Soodustab lihasmassi kasvu.<\/li>\n<li>Aitab parandada meeleolu<\/li>\n<\/ul>\n","protected":false},"featured_media":70893,"comment_status":"closed","ping_status":"closed","template":"","meta":[],"product_brand":[],"product_cat":[1329,532,2450,2664,1201],"product_tag":[1924,2167,2168],"giftcard-category":[],"class_list":{"0":"post-70894","1":"product","2":"type-product","3":"status-publish","4":"has-post-thumbnail","6":"product_cat-ostrovit-en","7":"product_cat-testosterone-boosters-en","8":"product_cat-tribulus-en","9":"product_cat-vegan-capsules-en","10":"product_cat-1201","11":"product_tag-ostrovit-en","12":"product_tag-tribulus-en","13":"product_tag-tribulus-terrestris-en","14":"pa_kogus-360-tabletti-en","15":"pa_toidulisand-branddd-ostrovit","16":"pa_tootegruppp-testosterone-enhancers","17":"pa_tootegruppp-tribulus-en","18":"pa_tootegruppp-vcaps-vegan-kapslid-en","19":"pa_tootegruppp-vegan-en","21":"first","22":"outofstock","23":"sale","24":"taxable","25":"shipping-taxable","26":"purchasable","27":"product-type-simple"},"yoast_head":"<!-- This site is optimized with the Yoast SEO plugin v27.3 - https:\/\/yoast.com\/product\/yoast-seo-wordpress\/ -->\n<title>Tribulus Terrestris 90 (360tabs) - Testosterooni T\u00f5stja - Fit360<\/title>\n<meta name=\"description\" content=\"Tribulus Terrestris aitab T\u00f5stab testosteroonitaset, muudab seksuaalselt aktiivsemaks ning soodustab lihasmassi kasvu. Kiire tarne!\" \/>\n<meta name=\"robots\" content=\"index, follow, max-snippet:-1, max-image-preview:large, max-video-preview:-1\" \/>\n<link rel=\"canonical\" href=\"https:\/\/fit360.ee\/en\/pood\/product-groups\/\u0432\u0435\u0433\u0430\u043d\/vegan-capsules-en\/tribulus-terrestris-90-360tabs\/\" \/>\n<meta property=\"og:locale\" content=\"en_US\" \/>\n<meta property=\"og:type\" content=\"article\" \/>\n<meta property=\"og:title\" content=\"Tribulus Terrestris 90 (360tabs) - Testosterooni T\u00f5stja - Fit360\" \/>\n<meta property=\"og:description\" content=\"Tribulus Terrestris aitab T\u00f5stab testosteroonitaset, muudab seksuaalselt aktiivsemaks ning soodustab lihasmassi kasvu. Kiire tarne!\" \/>\n<meta property=\"og:url\" content=\"https:\/\/fit360.ee\/en\/pood\/product-groups\/\u0432\u0435\u0433\u0430\u043d\/vegan-capsules-en\/tribulus-terrestris-90-360tabs\/\" \/>\n<meta property=\"og:site_name\" content=\"Fit360\" \/>\n<meta property=\"article:modified_time\" content=\"2025-08-19T07:02:59+00:00\" \/>\n<meta property=\"og:image\" content=\"https:\/\/fit360.ee\/wp-content\/uploads\/2023\/06\/tribulus-terrestris-fit360.ee-1.png\" \/>\n\t<meta property=\"og:image:width\" content=\"450\" \/>\n\t<meta property=\"og:image:height\" content=\"450\" \/>\n\t<meta property=\"og:image:type\" content=\"image\/png\" \/>\n<meta name=\"twitter:card\" content=\"summary_large_image\" \/>\n<meta name=\"twitter:label1\" content=\"Est. reading time\" \/>\n\t<meta name=\"twitter:data1\" content=\"2 minutes\" \/>\n<script type=\"application\/ld+json\" class=\"yoast-schema-graph\">{\"@context\":\"https:\\\/\\\/schema.org\",\"@graph\":[{\"@type\":\"WebPage\",\"@id\":\"https:\\\/\\\/fit360.ee\\\/en\\\/pood\\\/product-groups\\\/%d0%b2%d0%b5%d0%b3%d0%b0%d0%bd\\\/vegan-capsules-en\\\/tribulus-terrestris-90-360tabs\\\/\",\"url\":\"https:\\\/\\\/fit360.ee\\\/en\\\/pood\\\/product-groups\\\/%d0%b2%d0%b5%d0%b3%d0%b0%d0%bd\\\/vegan-capsules-en\\\/tribulus-terrestris-90-360tabs\\\/\",\"name\":\"Tribulus Terrestris 90 (360tabs) - Testosterooni T\u00f5stja - Fit360\",\"isPartOf\":{\"@id\":\"https:\\\/\\\/fit360.ee\\\/en\\\/#website\"},\"primaryImageOfPage\":{\"@id\":\"https:\\\/\\\/fit360.ee\\\/en\\\/pood\\\/product-groups\\\/%d0%b2%d0%b5%d0%b3%d0%b0%d0%bd\\\/vegan-capsules-en\\\/tribulus-terrestris-90-360tabs\\\/#primaryimage\"},\"image\":{\"@id\":\"https:\\\/\\\/fit360.ee\\\/en\\\/pood\\\/product-groups\\\/%d0%b2%d0%b5%d0%b3%d0%b0%d0%bd\\\/vegan-capsules-en\\\/tribulus-terrestris-90-360tabs\\\/#primaryimage\"},\"thumbnailUrl\":\"https:\\\/\\\/fit360.ee\\\/wp-content\\\/uploads\\\/2023\\\/06\\\/tribulus-terrestris-fit360.ee-1.png\",\"datePublished\":\"2023-06-06T17:56:09+00:00\",\"dateModified\":\"2025-08-19T07:02:59+00:00\",\"description\":\"Tribulus Terrestris aitab T\u00f5stab testosteroonitaset, muudab seksuaalselt aktiivsemaks ning soodustab lihasmassi kasvu. Kiire tarne!\",\"breadcrumb\":{\"@id\":\"https:\\\/\\\/fit360.ee\\\/en\\\/pood\\\/product-groups\\\/%d0%b2%d0%b5%d0%b3%d0%b0%d0%bd\\\/vegan-capsules-en\\\/tribulus-terrestris-90-360tabs\\\/#breadcrumb\"},\"inLanguage\":\"en-US\",\"potentialAction\":[{\"@type\":\"ReadAction\",\"target\":[\"https:\\\/\\\/fit360.ee\\\/en\\\/pood\\\/product-groups\\\/%d0%b2%d0%b5%d0%b3%d0%b0%d0%bd\\\/vegan-capsules-en\\\/tribulus-terrestris-90-360tabs\\\/\"]}]},{\"@type\":\"ImageObject\",\"inLanguage\":\"en-US\",\"@id\":\"https:\\\/\\\/fit360.ee\\\/en\\\/pood\\\/product-groups\\\/%d0%b2%d0%b5%d0%b3%d0%b0%d0%bd\\\/vegan-capsules-en\\\/tribulus-terrestris-90-360tabs\\\/#primaryimage\",\"url\":\"https:\\\/\\\/fit360.ee\\\/wp-content\\\/uploads\\\/2023\\\/06\\\/tribulus-terrestris-fit360.ee-1.png\",\"contentUrl\":\"https:\\\/\\\/fit360.ee\\\/wp-content\\\/uploads\\\/2023\\\/06\\\/tribulus-terrestris-fit360.ee-1.png\",\"width\":450,\"height\":450,\"caption\":\"tribulus terrestris - fit360.ee\"},{\"@type\":\"BreadcrumbList\",\"@id\":\"https:\\\/\\\/fit360.ee\\\/en\\\/pood\\\/product-groups\\\/%d0%b2%d0%b5%d0%b3%d0%b0%d0%bd\\\/vegan-capsules-en\\\/tribulus-terrestris-90-360tabs\\\/#breadcrumb\",\"itemListElement\":[{\"@type\":\"ListItem\",\"position\":1,\"name\":\"Home\",\"item\":\"https:\\\/\\\/fit360.ee\\\/en\\\/\"},{\"@type\":\"ListItem\",\"position\":2,\"name\":\"Shop\",\"item\":\"https:\\\/\\\/fit360.ee\\\/en\\\/shop\\\/\"},{\"@type\":\"ListItem\",\"position\":3,\"name\":\"Tribulus Terrestris 90 (360tabs)\"}]},{\"@type\":\"WebSite\",\"@id\":\"https:\\\/\\\/fit360.ee\\\/en\\\/#website\",\"url\":\"https:\\\/\\\/fit360.ee\\\/en\\\/\",\"name\":\"Fit360\",\"description\":\"\",\"publisher\":{\"@id\":\"https:\\\/\\\/fit360.ee\\\/en\\\/#organization\"},\"potentialAction\":[{\"@type\":\"SearchAction\",\"target\":{\"@type\":\"EntryPoint\",\"urlTemplate\":\"https:\\\/\\\/fit360.ee\\\/en\\\/?s={search_term_string}\"},\"query-input\":{\"@type\":\"PropertyValueSpecification\",\"valueRequired\":true,\"valueName\":\"search_term_string\"}}],\"inLanguage\":\"en-US\"},{\"@type\":\"Organization\",\"@id\":\"https:\\\/\\\/fit360.ee\\\/en\\\/#organization\",\"name\":\"Fit360\",\"url\":\"https:\\\/\\\/fit360.ee\\\/en\\\/\",\"logo\":{\"@type\":\"ImageObject\",\"inLanguage\":\"en-US\",\"@id\":\"https:\\\/\\\/fit360.ee\\\/en\\\/#\\\/schema\\\/logo\\\/image\\\/\",\"url\":\"https:\\\/\\\/fit360.ee\\\/wp-content\\\/uploads\\\/2017\\\/01\\\/logo-fit360.png\",\"contentUrl\":\"https:\\\/\\\/fit360.ee\\\/wp-content\\\/uploads\\\/2017\\\/01\\\/logo-fit360.png\",\"width\":180,\"height\":66,\"caption\":\"Fit360\"},\"image\":{\"@id\":\"https:\\\/\\\/fit360.ee\\\/en\\\/#\\\/schema\\\/logo\\\/image\\\/\"}}]}<\/script>\n<!-- \/ Yoast SEO plugin. -->","yoast_head_json":{"title":"Tribulus Terrestris 90 (360tabs) - Testosterooni T\u00f5stja - Fit360","description":"Tribulus Terrestris aitab T\u00f5stab testosteroonitaset, muudab seksuaalselt aktiivsemaks ning soodustab lihasmassi kasvu. Kiire tarne!","robots":{"index":"index","follow":"follow","max-snippet":"max-snippet:-1","max-image-preview":"max-image-preview:large","max-video-preview":"max-video-preview:-1"},"canonical":"https:\/\/fit360.ee\/en\/pood\/product-groups\/\u0432\u0435\u0433\u0430\u043d\/vegan-capsules-en\/tribulus-terrestris-90-360tabs\/","og_locale":"en_US","og_type":"article","og_title":"Tribulus Terrestris 90 (360tabs) - Testosterooni T\u00f5stja - Fit360","og_description":"Tribulus Terrestris aitab T\u00f5stab testosteroonitaset, muudab seksuaalselt aktiivsemaks ning soodustab lihasmassi kasvu. Kiire tarne!","og_url":"https:\/\/fit360.ee\/en\/pood\/product-groups\/\u0432\u0435\u0433\u0430\u043d\/vegan-capsules-en\/tribulus-terrestris-90-360tabs\/","og_site_name":"Fit360","article_modified_time":"2025-08-19T07:02:59+00:00","og_image":[{"width":450,"height":450,"url":"https:\/\/fit360.ee\/wp-content\/uploads\/2023\/06\/tribulus-terrestris-fit360.ee-1.png","type":"image\/png"}],"twitter_card":"summary_large_image","twitter_misc":{"Est. reading time":"2 minutes"},"schema":{"@context":"https:\/\/schema.org","@graph":[{"@type":"WebPage","@id":"https:\/\/fit360.ee\/en\/pood\/product-groups\/%d0%b2%d0%b5%d0%b3%d0%b0%d0%bd\/vegan-capsules-en\/tribulus-terrestris-90-360tabs\/","url":"https:\/\/fit360.ee\/en\/pood\/product-groups\/%d0%b2%d0%b5%d0%b3%d0%b0%d0%bd\/vegan-capsules-en\/tribulus-terrestris-90-360tabs\/","name":"Tribulus Terrestris 90 (360tabs) - Testosterooni T\u00f5stja - Fit360","isPartOf":{"@id":"https:\/\/fit360.ee\/en\/#website"},"primaryImageOfPage":{"@id":"https:\/\/fit360.ee\/en\/pood\/product-groups\/%d0%b2%d0%b5%d0%b3%d0%b0%d0%bd\/vegan-capsules-en\/tribulus-terrestris-90-360tabs\/#primaryimage"},"image":{"@id":"https:\/\/fit360.ee\/en\/pood\/product-groups\/%d0%b2%d0%b5%d0%b3%d0%b0%d0%bd\/vegan-capsules-en\/tribulus-terrestris-90-360tabs\/#primaryimage"},"thumbnailUrl":"https:\/\/fit360.ee\/wp-content\/uploads\/2023\/06\/tribulus-terrestris-fit360.ee-1.png","datePublished":"2023-06-06T17:56:09+00:00","dateModified":"2025-08-19T07:02:59+00:00","description":"Tribulus Terrestris aitab T\u00f5stab testosteroonitaset, muudab seksuaalselt aktiivsemaks ning soodustab lihasmassi kasvu. Kiire tarne!","breadcrumb":{"@id":"https:\/\/fit360.ee\/en\/pood\/product-groups\/%d0%b2%d0%b5%d0%b3%d0%b0%d0%bd\/vegan-capsules-en\/tribulus-terrestris-90-360tabs\/#breadcrumb"},"inLanguage":"en-US","potentialAction":[{"@type":"ReadAction","target":["https:\/\/fit360.ee\/en\/pood\/product-groups\/%d0%b2%d0%b5%d0%b3%d0%b0%d0%bd\/vegan-capsules-en\/tribulus-terrestris-90-360tabs\/"]}]},{"@type":"ImageObject","inLanguage":"en-US","@id":"https:\/\/fit360.ee\/en\/pood\/product-groups\/%d0%b2%d0%b5%d0%b3%d0%b0%d0%bd\/vegan-capsules-en\/tribulus-terrestris-90-360tabs\/#primaryimage","url":"https:\/\/fit360.ee\/wp-content\/uploads\/2023\/06\/tribulus-terrestris-fit360.ee-1.png","contentUrl":"https:\/\/fit360.ee\/wp-content\/uploads\/2023\/06\/tribulus-terrestris-fit360.ee-1.png","width":450,"height":450,"caption":"tribulus terrestris - fit360.ee"},{"@type":"BreadcrumbList","@id":"https:\/\/fit360.ee\/en\/pood\/product-groups\/%d0%b2%d0%b5%d0%b3%d0%b0%d0%bd\/vegan-capsules-en\/tribulus-terrestris-90-360tabs\/#breadcrumb","itemListElement":[{"@type":"ListItem","position":1,"name":"Home","item":"https:\/\/fit360.ee\/en\/"},{"@type":"ListItem","position":2,"name":"Shop","item":"https:\/\/fit360.ee\/en\/shop\/"},{"@type":"ListItem","position":3,"name":"Tribulus Terrestris 90 (360tabs)"}]},{"@type":"WebSite","@id":"https:\/\/fit360.ee\/en\/#website","url":"https:\/\/fit360.ee\/en\/","name":"Fit360","description":"","publisher":{"@id":"https:\/\/fit360.ee\/en\/#organization"},"potentialAction":[{"@type":"SearchAction","target":{"@type":"EntryPoint","urlTemplate":"https:\/\/fit360.ee\/en\/?s={search_term_string}"},"query-input":{"@type":"PropertyValueSpecification","valueRequired":true,"valueName":"search_term_string"}}],"inLanguage":"en-US"},{"@type":"Organization","@id":"https:\/\/fit360.ee\/en\/#organization","name":"Fit360","url":"https:\/\/fit360.ee\/en\/","logo":{"@type":"ImageObject","inLanguage":"en-US","@id":"https:\/\/fit360.ee\/en\/#\/schema\/logo\/image\/","url":"https:\/\/fit360.ee\/wp-content\/uploads\/2017\/01\/logo-fit360.png","contentUrl":"https:\/\/fit360.ee\/wp-content\/uploads\/2017\/01\/logo-fit360.png","width":180,"height":66,"caption":"Fit360"},"image":{"@id":"https:\/\/fit360.ee\/en\/#\/schema\/logo\/image\/"}}]}},"_links":{"self":[{"href":"https:\/\/fit360.ee\/en\/wp-json\/wp\/v2\/product\/70894","targetHints":{"allow":["GET"]}}],"collection":[{"href":"https:\/\/fit360.ee\/en\/wp-json\/wp\/v2\/product"}],"about":[{"href":"https:\/\/fit360.ee\/en\/wp-json\/wp\/v2\/types\/product"}],"replies":[{"embeddable":true,"href":"https:\/\/fit360.ee\/en\/wp-json\/wp\/v2\/comments?post=70894"}],"wp:featuredmedia":[{"embeddable":true,"href":"https:\/\/fit360.ee\/en\/wp-json\/wp\/v2\/media\/70893"}],"wp:attachment":[{"href":"https:\/\/fit360.ee\/en\/wp-json\/wp\/v2\/media?parent=70894"}],"wp:term":[{"taxonomy":"product_brand","embeddable":true,"href":"https:\/\/fit360.ee\/en\/wp-json\/wp\/v2\/product_brand?post=70894"},{"taxonomy":"product_cat","embeddable":true,"href":"https:\/\/fit360.ee\/en\/wp-json\/wp\/v2\/product_cat?post=70894"},{"taxonomy":"product_tag","embeddable":true,"href":"https:\/\/fit360.ee\/en\/wp-json\/wp\/v2\/product_tag?post=70894"},{"taxonomy":"giftcard-category","embeddable":true,"href":"https:\/\/fit360.ee\/en\/wp-json\/wp\/v2\/giftcard-category?post=70894"}],"curies":[{"name":"wp","href":"https:\/\/api.w.org\/{rel}","templated":true}]}}