{"id":70898,"date":"2023-06-06T20:13:18","date_gmt":"2023-06-06T18:13:18","guid":{"rendered":"https:\/\/fit360.ee\/pood\/uncategorized\/cgt-600g\/"},"modified":"2025-08-13T07:37:02","modified_gmt":"2025-08-13T05:37:02","slug":"cgt-600g","status":"publish","type":"product","link":"https:\/\/fit360.ee\/en\/pood\/product-groups\/creatine-en\/creatine-monohydrate-en\/cgt-600g\/","title":{"rendered":"CGT &#8211; Creatine + Glutamine + Taurine (600g)"},"content":{"rendered":"<section class=\"cm__section\">\n<h2 class=\"cm__heading\"><strong>OstroVit CGT 600 g<\/strong><\/h2>\n<p class=\"cm__text --bold\">OstroVit CGT on kaasaegne pulbertoidulisand, mis t\u00e4iendab teie dieeti ja vajadust kolme toimeaine j\u00e4rele, milleks on kreatiinmonoh\u00fcdraat (kreatiin), glutamiin ja tauriin.\u00a0OstroVit CGT on optimaalne kombinatsioon \u00fchenditest, mis on aastaid domineerinud nii amat\u00f6\u00f6ride kui ka professionaalide seas vastupidavus- ja j\u00f5uspordialadel. Tunnetage ja kogege oma keha t\u00f5elist anaboolset reaktsiooni ja t\u00f5husat energiatoimet igal treeningul.\u00a0Tunneta seda, mida oled kaua oodanud.\u00a0Tundke OstroVit CGT-d.<\/p>\n<ul class=\"cm__list\">\n<li>600 g pakendis<\/li>\n<li>Suurep\u00e4rane virsiku maitse<\/li>\n<li>30 portsjonit toodet \u00fches purgis<\/li>\n<li>Kolme toimeaine kombinatsioon<\/li>\n<li>T\u00e4iuslik tauriin ja glutamiin ning l\u00f5vi toidulisanditest toetavb \u2013 kreatiin!<\/li>\n<\/ul>\n<h4 class=\"cm__heading\"><strong>OstroVit CGT &#8211; kreatiin + glutamiin + tauriin<\/strong><\/h4>\n<p class=\"cm__text\"><strong>Kreatiin<\/strong>\u00a0on orgaaniline keemiline \u00fchend, mis esineb looduslikult inimkehas.\u00a0Tavaliselt tarnitakse seda loomsete saadustega, nagu liha, munad v\u00f5i kala.\u00a0Selle kasulik toime seisneb lihtsas mehhanismis, mis fosfokreatiini lagundamisel lihastes vabastab energiat k\u00f5rge energiaga ATP molekulide (adenosiintrifosfaadi) kujul.\u00a0Hoolimata asjaolust, et kreatiini sisaldab ka toit, on meie lihaste 100% kreatiiniga k\u00fcllastamiseks ainsaks v\u00f5imaluseks selle pidev t\u00e4iendamine.<\/p>\n<p class=\"cm__text\"><strong>L-glutamiin<\/strong>\u00a0on orgaaniline keemiline \u00fchend endogeensete aminohapete r\u00fchmast.\u00a0Seda iseloomustavad paljud bioloogilised funktsioonid, mis on l\u00e4mmastiku transporter v\u00f5i glutatiooni ja nukleotiidide s\u00fcnteesi eelk\u00e4ija.\u00a0See on gl\u00fckoneogeneesi protsessi \u00fcks substraate.<\/p>\n<p class=\"cm__text\"><strong>Tauriini<\/strong>\u00a0leidub ajus, s\u00fcdames, neerudes ja lihaskoes.\u00a0Vaatamata v\u00e4ikesele kogusele m\u00e4ngib see nende organite \u00f5iges toimimises v\u00e4ga olulist rolli.\u00a0See toimib ka ajus neurotransmitterina, rakumembraanide stabilisaatorina ja h\u00f5lbustab ioonide, nagu kaalium, naatrium, magneesium v\u00f5i kaltsium, transporti.<\/p>\n<h4 class=\"cm__heading\"><strong>OstroVit CGT-s sisalduvate koostisosade omadused<\/strong>:<\/h4>\n<ul class=\"cm__list\">\n<li>Suurendage oma keha anaboolset reaktsiooni<\/li>\n<li>Omavad antikataboolset toimet<\/li>\n<li>V\u00f5ib toetada organismi taastumisprotsesse<\/li>\n<li>Suurendage v\u00f5imsust treeningu ajal<\/li>\n<li>V\u00f5ib parandada soolestiku parameetreid<\/li>\n<li>Parem keskendumine ja parem keskendumine treeningule<\/li>\n<li>V\u00f5ib avaldada keskn\u00e4rvis\u00fcsteemi t\u00f6\u00f6d toetavat toimet<\/li>\n<\/ul>\n<\/section>\n<section class=\"cm__section\">\n<h4 class=\"cm__heading\"><strong>Laboratoorselt t\u00f5estatud kvaliteet<\/strong><\/h4>\n<p class=\"cm__text --bold\">Klientide tervise huvides testitakse meie toodetud tooteid regulaarselt s\u00f5ltumatus akrediteeritud laboris, et tagada ja s\u00e4ilitada k\u00f5rgeim kvaliteet.<\/p>\n<p><strong>Koostisosad<\/strong>: Kreatiin monoh\u00fcdraat, L-glutamiin, tauriin, dekstroos, happesuse regulaator: sidrunhape;\u00a0peedimahla kontsentraat, maitsed, v\u00e4rvus: karoteenid;\u00a0magusained: sukraloos, atsesulfaam K. Toidulisand.\u00a0Sisaldab magusaineid.<\/p>\n<p><strong>Kasutamine<\/strong>: Lahusta \u00fcks portsjon toodet 20 g (3 lusikat\u00e4it) 200 ml vees v\u00f5i mahlas \u0161eikeris.\u00a0Tarbi 1 portsjon tund enne treeningut.<\/p>\n<p><strong>Suurus<\/strong>: 600g &#8211; 30 serveeringut.<\/p>\n<table>\n<tbody>\n<tr>\n<th>Aktiivsed koostisosad<\/th>\n<th>100 g kohta<\/th>\n<th>portsjoni kohta<\/th>\n<\/tr>\n<tr>\n<td>Kreatiin monoh\u00fcdraat<\/td>\n<td>25 g<\/td>\n<td>5000 mg<\/td>\n<\/tr>\n<tr>\n<td>L-glutamiin<\/td>\n<td>15 g<\/td>\n<td>3000 mg<\/td>\n<\/tr>\n<tr>\n<td>Tauriin<\/td>\n<td>10 g<\/td>\n<td>2000 mg<\/td>\n<\/tr>\n<\/tbody>\n<\/table>\n<p>Vaata ka meie teisi Kreatiine <a href=\"https:\/\/fit360.ee\/en\/product-category\/product-groups\/creatine-en\/\"><strong>SIIT<\/strong><\/a> v\u00f5i Glutamiine <a href=\"https:\/\/fit360.ee\/en\/product-category\/product-groups\/amino-acids-bcaa\/l-glutamine-en\/\"><strong>SIIT<\/strong><\/a>!<\/p>\n<p>Soovid kaupa osta suuremas koguses? Vaata antud toodet ka meie HULGI poest\u00a0<a href=\"https:\/\/toidulisandidhulgi.ee\/product\/cgt-600g\/\"><strong>SIIT<\/strong><\/a>!<\/p>\n<\/section>\n","protected":false},"excerpt":{"rendered":"<ul class=\"cm__list\">\n<li>600 g pakendis<\/li>\n<li>Suurep\u00e4rane virsiku maitse<\/li>\n<li>30 portsjonit toodet \u00fches purgis<\/li>\n<li>Kolme toimeaine kombinatsioon<\/li>\n<li>T\u00e4iuslik tauriin ja glutamiin ning l\u00f5vi toidulisanditest toetavb \u2013 kreatiin!<\/li>\n<\/ul>\n","protected":false},"featured_media":70897,"comment_status":"closed","ping_status":"closed","template":"","meta":[],"product_brand":[],"product_cat":[520,526,2412,2307,1329],"product_tag":[4389,4390,4391,1924],"giftcard-category":[],"class_list":{"0":"post-70898","1":"product","2":"type-product","3":"status-publish","4":"has-post-thumbnail","6":"product_cat-amino-acids-bcaa","7":"product_cat-creatine-en","8":"product_cat-creatine-monohydrate-en","9":"product_cat-l-glutamine-en","10":"product_cat-ostrovit-en","11":"product_tag-cgt-en","12":"product_tag-creatine-glutamine-taurine-en","13":"product_tag-kreatiin-glutamiin-tauriin-en","14":"product_tag-ostrovit-en","15":"pa_kogus-600g-en","16":"pa_maitse-peach","17":"pa_toidulisand-branddd-ostrovit","18":"pa_tootegruppp-amino-acidsbcaa","19":"pa_tootegruppp-creatine","20":"pa_tootegruppp-kreatiin-monohudraat-en","21":"pa_tootegruppp-l-glutamiin-en","23":"first","24":"instock","25":"sale","26":"taxable","27":"shipping-taxable","28":"purchasable","29":"product-type-simple"},"yoast_head":"<!-- This site is optimized with the Yoast SEO plugin v27.3 - https:\/\/yoast.com\/product\/yoast-seo-wordpress\/ -->\n<title>CGT - Creatine + Glutamine + Taurine (600g) - Kiire Tarne - Fit360<\/title>\n<meta name=\"description\" content=\"CGT on kaasaegne pulbertoidulisand, mis sisaldab kreatiinmonoh\u00fcdraati (kreatiin), glutamiini ja tauriini.\u00a0OstroVit CGT on optimaalne kombinatsioon ....\" \/>\n<meta name=\"robots\" content=\"index, follow, max-snippet:-1, max-image-preview:large, max-video-preview:-1\" \/>\n<link rel=\"canonical\" href=\"https:\/\/fit360.ee\/en\/pood\/product-groups\/creatine-en\/creatine-monohydrate-en\/cgt-600g\/\" \/>\n<meta property=\"og:locale\" content=\"en_US\" \/>\n<meta property=\"og:type\" content=\"article\" \/>\n<meta property=\"og:title\" content=\"CGT - Creatine + Glutamine + Taurine (600g) - Kiire Tarne - Fit360\" \/>\n<meta property=\"og:description\" content=\"CGT on kaasaegne pulbertoidulisand, mis sisaldab kreatiinmonoh\u00fcdraati (kreatiin), glutamiini ja tauriini.\u00a0OstroVit CGT on optimaalne kombinatsioon ....\" \/>\n<meta property=\"og:url\" content=\"https:\/\/fit360.ee\/en\/pood\/product-groups\/creatine-en\/creatine-monohydrate-en\/cgt-600g\/\" \/>\n<meta property=\"og:site_name\" content=\"Fit360\" \/>\n<meta property=\"article:modified_time\" content=\"2025-08-13T05:37:02+00:00\" \/>\n<meta property=\"og:image\" content=\"https:\/\/fit360.ee\/wp-content\/uploads\/2023\/06\/CGT-fit360.ee-1.png\" \/>\n\t<meta property=\"og:image:width\" content=\"450\" \/>\n\t<meta property=\"og:image:height\" content=\"450\" \/>\n\t<meta property=\"og:image:type\" content=\"image\/png\" \/>\n<meta name=\"twitter:card\" content=\"summary_large_image\" \/>\n<meta name=\"twitter:label1\" content=\"Est. reading time\" \/>\n\t<meta name=\"twitter:data1\" content=\"2 minutes\" \/>\n<script type=\"application\/ld+json\" class=\"yoast-schema-graph\">{\"@context\":\"https:\\\/\\\/schema.org\",\"@graph\":[{\"@type\":\"WebPage\",\"@id\":\"https:\\\/\\\/fit360.ee\\\/en\\\/pood\\\/product-groups\\\/creatine-en\\\/creatine-monohydrate-en\\\/cgt-600g\\\/\",\"url\":\"https:\\\/\\\/fit360.ee\\\/en\\\/pood\\\/product-groups\\\/creatine-en\\\/creatine-monohydrate-en\\\/cgt-600g\\\/\",\"name\":\"CGT - Creatine + Glutamine + Taurine (600g) - Kiire Tarne - Fit360\",\"isPartOf\":{\"@id\":\"https:\\\/\\\/fit360.ee\\\/en\\\/#website\"},\"primaryImageOfPage\":{\"@id\":\"https:\\\/\\\/fit360.ee\\\/en\\\/pood\\\/product-groups\\\/creatine-en\\\/creatine-monohydrate-en\\\/cgt-600g\\\/#primaryimage\"},\"image\":{\"@id\":\"https:\\\/\\\/fit360.ee\\\/en\\\/pood\\\/product-groups\\\/creatine-en\\\/creatine-monohydrate-en\\\/cgt-600g\\\/#primaryimage\"},\"thumbnailUrl\":\"https:\\\/\\\/fit360.ee\\\/wp-content\\\/uploads\\\/2023\\\/06\\\/CGT-fit360.ee-1.png\",\"datePublished\":\"2023-06-06T18:13:18+00:00\",\"dateModified\":\"2025-08-13T05:37:02+00:00\",\"description\":\"CGT on kaasaegne pulbertoidulisand, mis sisaldab kreatiinmonoh\u00fcdraati (kreatiin), glutamiini ja tauriini.\u00a0OstroVit CGT on optimaalne kombinatsioon ....\",\"breadcrumb\":{\"@id\":\"https:\\\/\\\/fit360.ee\\\/en\\\/pood\\\/product-groups\\\/creatine-en\\\/creatine-monohydrate-en\\\/cgt-600g\\\/#breadcrumb\"},\"inLanguage\":\"en-US\",\"potentialAction\":[{\"@type\":\"ReadAction\",\"target\":[\"https:\\\/\\\/fit360.ee\\\/en\\\/pood\\\/product-groups\\\/creatine-en\\\/creatine-monohydrate-en\\\/cgt-600g\\\/\"]}]},{\"@type\":\"ImageObject\",\"inLanguage\":\"en-US\",\"@id\":\"https:\\\/\\\/fit360.ee\\\/en\\\/pood\\\/product-groups\\\/creatine-en\\\/creatine-monohydrate-en\\\/cgt-600g\\\/#primaryimage\",\"url\":\"https:\\\/\\\/fit360.ee\\\/wp-content\\\/uploads\\\/2023\\\/06\\\/CGT-fit360.ee-1.png\",\"contentUrl\":\"https:\\\/\\\/fit360.ee\\\/wp-content\\\/uploads\\\/2023\\\/06\\\/CGT-fit360.ee-1.png\",\"width\":450,\"height\":450,\"caption\":\"CGT - fit360.ee\"},{\"@type\":\"BreadcrumbList\",\"@id\":\"https:\\\/\\\/fit360.ee\\\/en\\\/pood\\\/product-groups\\\/creatine-en\\\/creatine-monohydrate-en\\\/cgt-600g\\\/#breadcrumb\",\"itemListElement\":[{\"@type\":\"ListItem\",\"position\":1,\"name\":\"Home\",\"item\":\"https:\\\/\\\/fit360.ee\\\/en\\\/\"},{\"@type\":\"ListItem\",\"position\":2,\"name\":\"Shop\",\"item\":\"https:\\\/\\\/fit360.ee\\\/en\\\/shop\\\/\"},{\"@type\":\"ListItem\",\"position\":3,\"name\":\"CGT &#8211; Creatine + Glutamine + Taurine (600g)\"}]},{\"@type\":\"WebSite\",\"@id\":\"https:\\\/\\\/fit360.ee\\\/en\\\/#website\",\"url\":\"https:\\\/\\\/fit360.ee\\\/en\\\/\",\"name\":\"Fit360\",\"description\":\"\",\"publisher\":{\"@id\":\"https:\\\/\\\/fit360.ee\\\/en\\\/#organization\"},\"potentialAction\":[{\"@type\":\"SearchAction\",\"target\":{\"@type\":\"EntryPoint\",\"urlTemplate\":\"https:\\\/\\\/fit360.ee\\\/en\\\/?s={search_term_string}\"},\"query-input\":{\"@type\":\"PropertyValueSpecification\",\"valueRequired\":true,\"valueName\":\"search_term_string\"}}],\"inLanguage\":\"en-US\"},{\"@type\":\"Organization\",\"@id\":\"https:\\\/\\\/fit360.ee\\\/en\\\/#organization\",\"name\":\"Fit360\",\"url\":\"https:\\\/\\\/fit360.ee\\\/en\\\/\",\"logo\":{\"@type\":\"ImageObject\",\"inLanguage\":\"en-US\",\"@id\":\"https:\\\/\\\/fit360.ee\\\/en\\\/#\\\/schema\\\/logo\\\/image\\\/\",\"url\":\"https:\\\/\\\/fit360.ee\\\/wp-content\\\/uploads\\\/2017\\\/01\\\/logo-fit360.png\",\"contentUrl\":\"https:\\\/\\\/fit360.ee\\\/wp-content\\\/uploads\\\/2017\\\/01\\\/logo-fit360.png\",\"width\":180,\"height\":66,\"caption\":\"Fit360\"},\"image\":{\"@id\":\"https:\\\/\\\/fit360.ee\\\/en\\\/#\\\/schema\\\/logo\\\/image\\\/\"}}]}<\/script>\n<!-- \/ Yoast SEO plugin. -->","yoast_head_json":{"title":"CGT - Creatine + Glutamine + Taurine (600g) - Kiire Tarne - Fit360","description":"CGT on kaasaegne pulbertoidulisand, mis sisaldab kreatiinmonoh\u00fcdraati (kreatiin), glutamiini ja tauriini.\u00a0OstroVit CGT on optimaalne kombinatsioon ....","robots":{"index":"index","follow":"follow","max-snippet":"max-snippet:-1","max-image-preview":"max-image-preview:large","max-video-preview":"max-video-preview:-1"},"canonical":"https:\/\/fit360.ee\/en\/pood\/product-groups\/creatine-en\/creatine-monohydrate-en\/cgt-600g\/","og_locale":"en_US","og_type":"article","og_title":"CGT - Creatine + Glutamine + Taurine (600g) - Kiire Tarne - Fit360","og_description":"CGT on kaasaegne pulbertoidulisand, mis sisaldab kreatiinmonoh\u00fcdraati (kreatiin), glutamiini ja tauriini.\u00a0OstroVit CGT on optimaalne kombinatsioon ....","og_url":"https:\/\/fit360.ee\/en\/pood\/product-groups\/creatine-en\/creatine-monohydrate-en\/cgt-600g\/","og_site_name":"Fit360","article_modified_time":"2025-08-13T05:37:02+00:00","og_image":[{"width":450,"height":450,"url":"https:\/\/fit360.ee\/wp-content\/uploads\/2023\/06\/CGT-fit360.ee-1.png","type":"image\/png"}],"twitter_card":"summary_large_image","twitter_misc":{"Est. reading time":"2 minutes"},"schema":{"@context":"https:\/\/schema.org","@graph":[{"@type":"WebPage","@id":"https:\/\/fit360.ee\/en\/pood\/product-groups\/creatine-en\/creatine-monohydrate-en\/cgt-600g\/","url":"https:\/\/fit360.ee\/en\/pood\/product-groups\/creatine-en\/creatine-monohydrate-en\/cgt-600g\/","name":"CGT - Creatine + Glutamine + Taurine (600g) - Kiire Tarne - Fit360","isPartOf":{"@id":"https:\/\/fit360.ee\/en\/#website"},"primaryImageOfPage":{"@id":"https:\/\/fit360.ee\/en\/pood\/product-groups\/creatine-en\/creatine-monohydrate-en\/cgt-600g\/#primaryimage"},"image":{"@id":"https:\/\/fit360.ee\/en\/pood\/product-groups\/creatine-en\/creatine-monohydrate-en\/cgt-600g\/#primaryimage"},"thumbnailUrl":"https:\/\/fit360.ee\/wp-content\/uploads\/2023\/06\/CGT-fit360.ee-1.png","datePublished":"2023-06-06T18:13:18+00:00","dateModified":"2025-08-13T05:37:02+00:00","description":"CGT on kaasaegne pulbertoidulisand, mis sisaldab kreatiinmonoh\u00fcdraati (kreatiin), glutamiini ja tauriini.\u00a0OstroVit CGT on optimaalne kombinatsioon ....","breadcrumb":{"@id":"https:\/\/fit360.ee\/en\/pood\/product-groups\/creatine-en\/creatine-monohydrate-en\/cgt-600g\/#breadcrumb"},"inLanguage":"en-US","potentialAction":[{"@type":"ReadAction","target":["https:\/\/fit360.ee\/en\/pood\/product-groups\/creatine-en\/creatine-monohydrate-en\/cgt-600g\/"]}]},{"@type":"ImageObject","inLanguage":"en-US","@id":"https:\/\/fit360.ee\/en\/pood\/product-groups\/creatine-en\/creatine-monohydrate-en\/cgt-600g\/#primaryimage","url":"https:\/\/fit360.ee\/wp-content\/uploads\/2023\/06\/CGT-fit360.ee-1.png","contentUrl":"https:\/\/fit360.ee\/wp-content\/uploads\/2023\/06\/CGT-fit360.ee-1.png","width":450,"height":450,"caption":"CGT - fit360.ee"},{"@type":"BreadcrumbList","@id":"https:\/\/fit360.ee\/en\/pood\/product-groups\/creatine-en\/creatine-monohydrate-en\/cgt-600g\/#breadcrumb","itemListElement":[{"@type":"ListItem","position":1,"name":"Home","item":"https:\/\/fit360.ee\/en\/"},{"@type":"ListItem","position":2,"name":"Shop","item":"https:\/\/fit360.ee\/en\/shop\/"},{"@type":"ListItem","position":3,"name":"CGT &#8211; Creatine + Glutamine + Taurine (600g)"}]},{"@type":"WebSite","@id":"https:\/\/fit360.ee\/en\/#website","url":"https:\/\/fit360.ee\/en\/","name":"Fit360","description":"","publisher":{"@id":"https:\/\/fit360.ee\/en\/#organization"},"potentialAction":[{"@type":"SearchAction","target":{"@type":"EntryPoint","urlTemplate":"https:\/\/fit360.ee\/en\/?s={search_term_string}"},"query-input":{"@type":"PropertyValueSpecification","valueRequired":true,"valueName":"search_term_string"}}],"inLanguage":"en-US"},{"@type":"Organization","@id":"https:\/\/fit360.ee\/en\/#organization","name":"Fit360","url":"https:\/\/fit360.ee\/en\/","logo":{"@type":"ImageObject","inLanguage":"en-US","@id":"https:\/\/fit360.ee\/en\/#\/schema\/logo\/image\/","url":"https:\/\/fit360.ee\/wp-content\/uploads\/2017\/01\/logo-fit360.png","contentUrl":"https:\/\/fit360.ee\/wp-content\/uploads\/2017\/01\/logo-fit360.png","width":180,"height":66,"caption":"Fit360"},"image":{"@id":"https:\/\/fit360.ee\/en\/#\/schema\/logo\/image\/"}}]}},"_links":{"self":[{"href":"https:\/\/fit360.ee\/en\/wp-json\/wp\/v2\/product\/70898","targetHints":{"allow":["GET"]}}],"collection":[{"href":"https:\/\/fit360.ee\/en\/wp-json\/wp\/v2\/product"}],"about":[{"href":"https:\/\/fit360.ee\/en\/wp-json\/wp\/v2\/types\/product"}],"replies":[{"embeddable":true,"href":"https:\/\/fit360.ee\/en\/wp-json\/wp\/v2\/comments?post=70898"}],"wp:featuredmedia":[{"embeddable":true,"href":"https:\/\/fit360.ee\/en\/wp-json\/wp\/v2\/media\/70897"}],"wp:attachment":[{"href":"https:\/\/fit360.ee\/en\/wp-json\/wp\/v2\/media?parent=70898"}],"wp:term":[{"taxonomy":"product_brand","embeddable":true,"href":"https:\/\/fit360.ee\/en\/wp-json\/wp\/v2\/product_brand?post=70898"},{"taxonomy":"product_cat","embeddable":true,"href":"https:\/\/fit360.ee\/en\/wp-json\/wp\/v2\/product_cat?post=70898"},{"taxonomy":"product_tag","embeddable":true,"href":"https:\/\/fit360.ee\/en\/wp-json\/wp\/v2\/product_tag?post=70898"},{"taxonomy":"giftcard-category","embeddable":true,"href":"https:\/\/fit360.ee\/en\/wp-json\/wp\/v2\/giftcard-category?post=70898"}],"curies":[{"name":"wp","href":"https:\/\/api.w.org\/{rel}","templated":true}]}}