{"id":70967,"date":"2023-06-09T16:22:16","date_gmt":"2023-06-09T14:22:16","guid":{"rendered":"https:\/\/fit360.ee\/pood\/uncategorized\/marine-collagen-with-hyaluronic-acid-vitamin-c-120caps\/"},"modified":"2026-04-10T16:41:31","modified_gmt":"2026-04-10T14:41:31","slug":"marine-collagen-with-hyaluronic-acid-vitamin-c-120caps","status":"publish","type":"product","link":"https:\/\/fit360.ee\/en\/pood\/product-groups\/vitamins-and-minerals-en\/c-vitamin-en\/marine-collagen-with-hyaluronic-acid-vitamin-c-120caps\/","title":{"rendered":"Marine Collagen with Hyaluronic Acid &amp; Vitamin C (120caps)"},"content":{"rendered":"<h2 class=\"cm__heading\"><strong>OstroVit Marine Collagen with Hyaluronic Acid and Vitamin C<\/strong><\/h2>\n<p>OstroVit Marine Collagen h\u00fcaluroonhappe ja C-vitamiiniga on merekala kollageeni, h\u00fcaluroonhapet ja C-vitamiini sisaldav toidulisand kapslites. Toode on loodud k\u00f5igile inimestele, kes hoolivad ilusast ja tervest naha v\u00e4limusest, aga ka praktiseerivatele inimestele. Sportimine p\u00e4rast spordivigastusi v\u00f5i intensiivset f\u00fc\u00fcsilist aktiivsust, luumurdude taastumise ajal ja kahjustatud liigeste taastamiseks. Kollageeni \u00f5ige s\u00fcntees eeldab C-vitamiini olemasolu. Tootes sisalduv C-vitamiin aitab kaasa kollageeni \u00f5igele tootmisele, et tagada k\u00f5hre, igemete, naha ja hammaste funktsioneerimine.<\/p>\n<p><a href=\"https:\/\/fit360.ee\/wp-content\/uploads\/2023\/06\/marine-collagen-hualuroonhape-fit360.ee-1-800x312.jpg\"><img loading=\"lazy\" decoding=\"async\" class=\"size-medium wp-image-70961\" src=\"https:\/\/fit360.ee\/wp-content\/uploads\/2023\/06\/marine-collagen-hualuroonhape-fit360.ee-1-800x312.jpg\" alt=\"marine collagen + h\u00fcaluroonhape - fit360.ee\" width=\"800\" height=\"312\" srcset=\"https:\/\/fit360.ee\/wp-content\/uploads\/2023\/06\/marine-collagen-hualuroonhape-fit360.ee-1-800x312.jpg 800w, https:\/\/fit360.ee\/wp-content\/uploads\/2023\/06\/marine-collagen-hualuroonhape-fit360.ee-1-510x199.jpg 510w, https:\/\/fit360.ee\/wp-content\/uploads\/2023\/06\/marine-collagen-hualuroonhape-fit360.ee-1-768x300.jpg 768w, https:\/\/fit360.ee\/wp-content\/uploads\/2023\/06\/marine-collagen-hualuroonhape-fit360.ee-1.jpg 922w\" sizes=\"auto, (max-width: 800px) 100vw, 800px\" \/><\/a><\/p>\n<h4 class=\"cm__heading\"><strong>Miks tasub valida OstroVit Marine Collagen<\/strong>?<\/h4>\n<ul class=\"cm__list\">\n<li>Pakendis 120 kapslit<\/li>\n<li>1 portsjon = 4 kapslit<\/li>\n<li>Pakendist j\u00e4tkub toidulisandina kuuks ajaks<\/li>\n<li>2200 mg kollageeni \u00fches portsjonis<\/li>\n<li>Korralik toetus liigeste, k\u00f5\u00f5luste ja k\u00f5hrede jaoks<\/li>\n<\/ul>\n<h2 class=\"cm__heading\">Merekollageen<\/h2>\n<ul class=\"cm__list\">\n<li><a href=\"https:\/\/fit360.ee\/en\/product-category\/product-groups\/collagen-en\/\"><strong>Kollageen<\/strong><\/a>\u00a0\u2013 on \u00fcks t\u00e4htsamaid valke, mida inimkehas leidub.\u00a0Seda leidub peaaegu k\u00f5igis inimese kudedes.\u00a0See on peamine ehituselement, sealhulgas nahk, k\u00f5\u00f5lused, luud, liigesed, silma sarvkesta.\u00a0Vastutab s\u00fcnoviaalvedeliku tootmise, k\u00f5hre elastsuse ja kareduse, naha niisutamise ja korraliku naha uuenemise eest.\u00a0See m\u00f5jutab sidekoe \u00fchtekuuluvust, tugevust ja elastsust.\u00a0Sellel on ka ainulaadne v\u00f5ime siduda vett, t\u00e4nu millele s\u00e4ilitab nahk \u00f5ige tugevuse, elastsuse ja pinge.<\/li>\n<\/ul>\n<p>P\u00e4rast 26. eluaastat kollageenikiudude hulk loomulikult v\u00e4heneb ja kehal kaob v\u00f5ime neid uuesti \u00fcles ehitada.\u00a0Suurenenud f\u00fc\u00fcsiline aktiivsus intensiivistab lisaks kollageeni h\u00e4vitamise protsessi, mist\u00f5ttu on selle t\u00e4iendamine intensiivse treeningu ja treeningu ajal v\u00e4ga oluline.\u00a0Merekalade nahkade kollageenipuudus on liikumish\u00e4irete, liigeste j\u00e4ikuse ja seljavalu p\u00f5hjuseks, tekivad kortsud, tselluliit, v\u00e4heneb naha niisutus ja pinguldus.<\/p>\n<ul class=\"cm__list\">\n<li><strong>H\u00fcaluroonhape<\/strong>&#8211; seostatakse meiega k\u00f5ige sagedamini kehahoolduskosmeetika koostisosana, noorendavas kosmeetikas ja vananemisvastases vahendis.\u00a0H\u00fcaluroonhape v\u00f5ib t\u00e4nu oma omadustele suurendada naha elastsust, mis v\u00f5ib kaitsta meid soovimatute venitusarmide eest, rikkudes meie figuuri visuaalset efekti.\u00a0Suukaudne h\u00fcaluroonhappe lisamine t\u00f5stab selle taset meie nahas, t\u00e4nu millele v\u00f5ib see kiirendada taastumist p\u00e4rast vigastusi, l\u00f5ikeid, marrastusi v\u00f5i pehmete kudede kahjustusi.\u00a0\u00dcks ihaldusv\u00e4\u00e4rsemaid h\u00fcaluroonhappe eeliseid selle lisamisel on positiivne m\u00f5ju luude, liigeste ja sidekoe talitlusele.\u00a0Meie keha on rikas h\u00fcaluroonhappe poolest just motoorsete organite \u00fcmber.\u00a0T\u00e4iendamisel on selged eelised k\u00f5igile, kes treenivad k\u00f5vasti, jooksevad ja \u00fcritavad iga p\u00e4ev aktiivselt elada.\u00a0Kui sa oled \u00fcks neist inimestest,<\/li>\n<\/ul>\n<ul class=\"cm__list\">\n<li><a href=\"https:\/\/fit360.ee\/en\/product-category\/product-groups\/vitamins-and-minerals-en\/c-vitamin-en\/\"><strong>C-vitamiin<\/strong><\/a>\u00a0\u2013 on, nagu nimigi \u00fctleb, oluline orgaaniline kemikaal.\u00a0See on inimese toidus leiduv eksogeenne toitaine, mis vastutab peamiselt sidekoe ja luude n\u00f5uetekohase toimimise eest.\u00a0Selle bioloogiliselt aktiivne vorm &#8211; C-vitamiin, toimib redutseeriva ainena ja koens\u00fc\u00fcmina mitmetes inimkeha metaboolsetes radades.\u00a0C-vitamiini peetakse \u00fcheks peamiseks antioks\u00fcdandiks.\u00a0Tootes sisalduv C-vitamiin aitab kaasa kollageeni \u00f5igele tootmisele, et tagada k\u00f5hre, igemete, naha ja hammaste n\u00f5uetekohane toimimine.<\/li>\n<\/ul>\n<h4 class=\"cm__heading\"><strong>Omadused &#8211; miks tasub\u00a0liigeste jaoks kollageeniga\u00a0t\u00e4iendada ?<\/strong><\/h4>\n<ul class=\"cm__list\">\n<li>Kollageen tugevdab kollageenikiudude s\u00fcnteesi<\/li>\n<li>Kollageen tugevdab luid ja liigeseid<\/li>\n<li>Kollageen s\u00e4ilitab \u00f5ige tugevuse, elastsuse ja nahatooni<\/li>\n<li>Kollageen p\u00e4rsib kortsude ja tselluliidi teket<\/li>\n<li>H\u00fcaluroonhape t\u00e4idab ehitusfunktsioone ja t\u00e4idab rakkudevahelised ruumid<\/li>\n<li>H\u00fcaluroonhape v\u00f5ib aidata aeglustada naha vananemist<\/li>\n<li>H\u00fcaluroonhape v\u00f5ib aidata kaasa liigeste, luude ja sidekoe korralikule toimimisele<\/li>\n<\/ul>\n<section class=\"cm__section\">\n<div class=\"cm__heading\"><strong>Laboratoorselt t\u00f5estatud kvaliteet<\/strong><\/div>\n<p class=\"cm__text --bold\">Klientide tervise huvides testitakse meie toodetud tooteid regulaarselt s\u00f5ltumatus akrediteeritud laboris, et tagada ja s\u00e4ilitada k\u00f5rgeim kvaliteet.<\/p>\n<p><strong>Koostisosad<\/strong>: Kala\u00a0kollageeni peptiidid h\u00fcdrol\u00fc\u00fcsitud, h\u00fcaluroonhape (naatriumh\u00fcaluronaat), L-askorbiinhape (C-vitamiin), katte koostis (mahuaine: h\u00fcdroks\u00fcprop\u00fc\u00fclmet\u00fc\u00fcltselluloos).<\/p>\n<p><strong>Kasutamine<\/strong>: V\u00f5tke 1 portsjon (4 kapslit) p\u00e4evas.<\/p>\n<p><strong>Suurus<\/strong>: 120 kapslit &#8211; 30 serveeringut.<\/p>\n<table>\n<tbody>\n<tr>\n<th>Aktiivsed koostisosad<\/th>\n<th>portsjoni kohta<\/th>\n<th>% SPK*<\/th>\n<\/tr>\n<tr>\n<td>Kala kollageen<\/td>\n<td>2200 mg<\/td>\n<td>&#8211;<\/td>\n<\/tr>\n<tr>\n<td>H\u00fcaluroonhape (naatriumh\u00fcaluronaat)<\/td>\n<td>120 mg<\/td>\n<td>&#8211;<\/td>\n<\/tr>\n<tr>\n<td>C-vitamiin<\/td>\n<td>80 mg<\/td>\n<td>100<\/td>\n<\/tr>\n<\/tbody>\n<\/table>\n<p>*SPK \u2013 Soovitatud p\u00e4evane kogus.<\/p>\n<p>Vaata ka meie teisi Kollageene <a href=\"https:\/\/fit360.ee\/en\/product-category\/product-groups\/collagen-en\/\"><strong>SIIT<\/strong><\/a> v\u00f5i toidulisandeid liigestele <a href=\"https:\/\/fit360.ee\/en\/product-category\/product-groups\/joint-support-en\/\"><strong>SIIT<\/strong><\/a>!<\/p>\n<p>Soovid kaupa osta suuremas koguses? Vaata antud toodet ka meie HULGI poest\u00a0<a href=\"https:\/\/toidulisandidhulgi.ee\/product\/marine-collagen-with-hyaluronic-acid-vitamin-c-120caps\/\"><strong>SIIT<\/strong><\/a>!<\/p>\n<\/section>\n","protected":false},"excerpt":{"rendered":"<ul class=\"cm__list\">\n<li>Pakendis 120 kapslit<\/li>\n<li>1 portsjon = 4 kapslit<\/li>\n<li>Pakendist j\u00e4tkub toidulisandina kuuks ajaks<\/li>\n<li>2200 mg kollageeni \u00fches portsjonis<\/li>\n<li>Korralik toetus liigeste, k\u00f5\u00f5luste ja k\u00f5hrede jaoks<\/li>\n<\/ul>\n","protected":false},"featured_media":84606,"comment_status":"closed","ping_status":"closed","template":"","meta":[],"product_brand":[],"product_cat":[5311,1911,1636,5320,5317,527,1329,1454],"product_tag":[3923,4395,1924],"giftcard-category":[],"class_list":{"0":"post-70967","1":"product","2":"type-product","3":"status-publish","4":"has-post-thumbnail","6":"product_cat-antioxidants-en","7":"product_cat-c-vitamin-en","8":"product_cat-collagen-en","9":"product_cat-for-immunity-en","10":"product_cat-hyaluronic-acid-en","11":"product_cat-joint-support-en","12":"product_cat-ostrovit-en","13":"product_cat-superfoods-health-foods-en","14":"product_tag-marine-collagen-en","15":"product_tag-marine-collagen-with-hyaluronic-acid-and-vitamin-c-en","16":"product_tag-ostrovit-en","17":"pa_kogus-120-capsules","18":"pa_toidulisand-branddd-ostrovit","19":"pa_tootegruppp-antioksudandid-en","20":"pa_tootegruppp-c-vitamiin-en","21":"pa_tootegruppp-for-joints","22":"pa_tootegruppp-hualuroonhape-en","23":"pa_tootegruppp-immuunsusteem-en","24":"pa_tootegruppp-kollageenid-en","25":"pa_tootegruppp-supertoit-tervisetoit-en","27":"first","28":"instock","29":"sale","30":"taxable","31":"shipping-taxable","32":"purchasable","33":"product-type-simple"},"yoast_head":"<!-- This site is optimized with the Yoast SEO plugin v27.3 - https:\/\/yoast.com\/product\/yoast-seo-wordpress\/ -->\n<title>Marine Collagen with Hyaluronic Acid &amp; Vitamin C (120caps)<\/title>\n<meta name=\"description\" content=\"Toode on loodud k\u00f5igile inimestele, kes hoolivad ilusast ja tervest naha v\u00e4limusest, aga ka praktiseerivatele inimestele. Sportimine p\u00e4rast spordivigastus..\" \/>\n<meta name=\"robots\" content=\"index, follow, max-snippet:-1, max-image-preview:large, max-video-preview:-1\" \/>\n<link rel=\"canonical\" href=\"https:\/\/fit360.ee\/en\/pood\/product-groups\/vitamins-and-minerals-en\/c-vitamin-en\/marine-collagen-with-hyaluronic-acid-vitamin-c-120caps\/\" \/>\n<meta property=\"og:locale\" content=\"en_US\" \/>\n<meta property=\"og:type\" content=\"article\" \/>\n<meta property=\"og:title\" content=\"Marine Collagen with Hyaluronic Acid &amp; Vitamin C (120caps)\" \/>\n<meta property=\"og:description\" content=\"Toode on loodud k\u00f5igile inimestele, kes hoolivad ilusast ja tervest naha v\u00e4limusest, aga ka praktiseerivatele inimestele. Sportimine p\u00e4rast spordivigastus..\" \/>\n<meta property=\"og:url\" content=\"https:\/\/fit360.ee\/en\/pood\/product-groups\/vitamins-and-minerals-en\/c-vitamin-en\/marine-collagen-with-hyaluronic-acid-vitamin-c-120caps\/\" \/>\n<meta property=\"og:site_name\" content=\"Fit360\" \/>\n<meta property=\"article:modified_time\" content=\"2026-04-10T14:41:31+00:00\" \/>\n<meta property=\"og:image\" content=\"https:\/\/fit360.ee\/wp-content\/uploads\/2023\/06\/Marine-Collagen-with-Hyaluronic-Acid-and-Vitamin-C-fit360.ee_.jpg\" \/>\n\t<meta property=\"og:image:width\" content=\"450\" \/>\n\t<meta property=\"og:image:height\" content=\"450\" \/>\n\t<meta property=\"og:image:type\" content=\"image\/jpeg\" \/>\n<meta name=\"twitter:card\" content=\"summary_large_image\" \/>\n<meta name=\"twitter:label1\" content=\"Est. reading time\" \/>\n\t<meta name=\"twitter:data1\" content=\"3 minutes\" \/>\n<script type=\"application\/ld+json\" class=\"yoast-schema-graph\">{\"@context\":\"https:\\\/\\\/schema.org\",\"@graph\":[{\"@type\":\"WebPage\",\"@id\":\"https:\\\/\\\/fit360.ee\\\/en\\\/pood\\\/product-groups\\\/vitamins-and-minerals-en\\\/c-vitamin-en\\\/marine-collagen-with-hyaluronic-acid-vitamin-c-120caps\\\/\",\"url\":\"https:\\\/\\\/fit360.ee\\\/en\\\/pood\\\/product-groups\\\/vitamins-and-minerals-en\\\/c-vitamin-en\\\/marine-collagen-with-hyaluronic-acid-vitamin-c-120caps\\\/\",\"name\":\"Marine Collagen with Hyaluronic Acid &amp; Vitamin C (120caps)\",\"isPartOf\":{\"@id\":\"https:\\\/\\\/fit360.ee\\\/en\\\/#website\"},\"primaryImageOfPage\":{\"@id\":\"https:\\\/\\\/fit360.ee\\\/en\\\/pood\\\/product-groups\\\/vitamins-and-minerals-en\\\/c-vitamin-en\\\/marine-collagen-with-hyaluronic-acid-vitamin-c-120caps\\\/#primaryimage\"},\"image\":{\"@id\":\"https:\\\/\\\/fit360.ee\\\/en\\\/pood\\\/product-groups\\\/vitamins-and-minerals-en\\\/c-vitamin-en\\\/marine-collagen-with-hyaluronic-acid-vitamin-c-120caps\\\/#primaryimage\"},\"thumbnailUrl\":\"https:\\\/\\\/fit360.ee\\\/wp-content\\\/uploads\\\/2023\\\/06\\\/Marine-Collagen-with-Hyaluronic-Acid-and-Vitamin-C-fit360.ee_.jpg\",\"datePublished\":\"2023-06-09T14:22:16+00:00\",\"dateModified\":\"2026-04-10T14:41:31+00:00\",\"description\":\"Toode on loodud k\u00f5igile inimestele, kes hoolivad ilusast ja tervest naha v\u00e4limusest, aga ka praktiseerivatele inimestele. Sportimine p\u00e4rast spordivigastus..\",\"breadcrumb\":{\"@id\":\"https:\\\/\\\/fit360.ee\\\/en\\\/pood\\\/product-groups\\\/vitamins-and-minerals-en\\\/c-vitamin-en\\\/marine-collagen-with-hyaluronic-acid-vitamin-c-120caps\\\/#breadcrumb\"},\"inLanguage\":\"en-US\",\"potentialAction\":[{\"@type\":\"ReadAction\",\"target\":[\"https:\\\/\\\/fit360.ee\\\/en\\\/pood\\\/product-groups\\\/vitamins-and-minerals-en\\\/c-vitamin-en\\\/marine-collagen-with-hyaluronic-acid-vitamin-c-120caps\\\/\"]}]},{\"@type\":\"ImageObject\",\"inLanguage\":\"en-US\",\"@id\":\"https:\\\/\\\/fit360.ee\\\/en\\\/pood\\\/product-groups\\\/vitamins-and-minerals-en\\\/c-vitamin-en\\\/marine-collagen-with-hyaluronic-acid-vitamin-c-120caps\\\/#primaryimage\",\"url\":\"https:\\\/\\\/fit360.ee\\\/wp-content\\\/uploads\\\/2023\\\/06\\\/Marine-Collagen-with-Hyaluronic-Acid-and-Vitamin-C-fit360.ee_.jpg\",\"contentUrl\":\"https:\\\/\\\/fit360.ee\\\/wp-content\\\/uploads\\\/2023\\\/06\\\/Marine-Collagen-with-Hyaluronic-Acid-and-Vitamin-C-fit360.ee_.jpg\",\"width\":450,\"height\":450,\"caption\":\"Marine Collagen with Hyaluronic Acid and Vitamin C - toidulisandidhulgi.ee\"},{\"@type\":\"BreadcrumbList\",\"@id\":\"https:\\\/\\\/fit360.ee\\\/en\\\/pood\\\/product-groups\\\/vitamins-and-minerals-en\\\/c-vitamin-en\\\/marine-collagen-with-hyaluronic-acid-vitamin-c-120caps\\\/#breadcrumb\",\"itemListElement\":[{\"@type\":\"ListItem\",\"position\":1,\"name\":\"Home\",\"item\":\"https:\\\/\\\/fit360.ee\\\/en\\\/\"},{\"@type\":\"ListItem\",\"position\":2,\"name\":\"Shop\",\"item\":\"https:\\\/\\\/fit360.ee\\\/en\\\/shop\\\/\"},{\"@type\":\"ListItem\",\"position\":3,\"name\":\"Marine Collagen with Hyaluronic Acid &amp; Vitamin C (120caps)\"}]},{\"@type\":\"WebSite\",\"@id\":\"https:\\\/\\\/fit360.ee\\\/en\\\/#website\",\"url\":\"https:\\\/\\\/fit360.ee\\\/en\\\/\",\"name\":\"Fit360\",\"description\":\"\",\"publisher\":{\"@id\":\"https:\\\/\\\/fit360.ee\\\/en\\\/#organization\"},\"potentialAction\":[{\"@type\":\"SearchAction\",\"target\":{\"@type\":\"EntryPoint\",\"urlTemplate\":\"https:\\\/\\\/fit360.ee\\\/en\\\/?s={search_term_string}\"},\"query-input\":{\"@type\":\"PropertyValueSpecification\",\"valueRequired\":true,\"valueName\":\"search_term_string\"}}],\"inLanguage\":\"en-US\"},{\"@type\":\"Organization\",\"@id\":\"https:\\\/\\\/fit360.ee\\\/en\\\/#organization\",\"name\":\"Fit360\",\"url\":\"https:\\\/\\\/fit360.ee\\\/en\\\/\",\"logo\":{\"@type\":\"ImageObject\",\"inLanguage\":\"en-US\",\"@id\":\"https:\\\/\\\/fit360.ee\\\/en\\\/#\\\/schema\\\/logo\\\/image\\\/\",\"url\":\"https:\\\/\\\/fit360.ee\\\/wp-content\\\/uploads\\\/2017\\\/01\\\/logo-fit360.png\",\"contentUrl\":\"https:\\\/\\\/fit360.ee\\\/wp-content\\\/uploads\\\/2017\\\/01\\\/logo-fit360.png\",\"width\":180,\"height\":66,\"caption\":\"Fit360\"},\"image\":{\"@id\":\"https:\\\/\\\/fit360.ee\\\/en\\\/#\\\/schema\\\/logo\\\/image\\\/\"}}]}<\/script>\n<!-- \/ Yoast SEO plugin. -->","yoast_head_json":{"title":"Marine Collagen with Hyaluronic Acid &amp; Vitamin C (120caps)","description":"Toode on loodud k\u00f5igile inimestele, kes hoolivad ilusast ja tervest naha v\u00e4limusest, aga ka praktiseerivatele inimestele. Sportimine p\u00e4rast spordivigastus..","robots":{"index":"index","follow":"follow","max-snippet":"max-snippet:-1","max-image-preview":"max-image-preview:large","max-video-preview":"max-video-preview:-1"},"canonical":"https:\/\/fit360.ee\/en\/pood\/product-groups\/vitamins-and-minerals-en\/c-vitamin-en\/marine-collagen-with-hyaluronic-acid-vitamin-c-120caps\/","og_locale":"en_US","og_type":"article","og_title":"Marine Collagen with Hyaluronic Acid &amp; Vitamin C (120caps)","og_description":"Toode on loodud k\u00f5igile inimestele, kes hoolivad ilusast ja tervest naha v\u00e4limusest, aga ka praktiseerivatele inimestele. Sportimine p\u00e4rast spordivigastus..","og_url":"https:\/\/fit360.ee\/en\/pood\/product-groups\/vitamins-and-minerals-en\/c-vitamin-en\/marine-collagen-with-hyaluronic-acid-vitamin-c-120caps\/","og_site_name":"Fit360","article_modified_time":"2026-04-10T14:41:31+00:00","og_image":[{"width":450,"height":450,"url":"https:\/\/fit360.ee\/wp-content\/uploads\/2023\/06\/Marine-Collagen-with-Hyaluronic-Acid-and-Vitamin-C-fit360.ee_.jpg","type":"image\/jpeg"}],"twitter_card":"summary_large_image","twitter_misc":{"Est. reading time":"3 minutes"},"schema":{"@context":"https:\/\/schema.org","@graph":[{"@type":"WebPage","@id":"https:\/\/fit360.ee\/en\/pood\/product-groups\/vitamins-and-minerals-en\/c-vitamin-en\/marine-collagen-with-hyaluronic-acid-vitamin-c-120caps\/","url":"https:\/\/fit360.ee\/en\/pood\/product-groups\/vitamins-and-minerals-en\/c-vitamin-en\/marine-collagen-with-hyaluronic-acid-vitamin-c-120caps\/","name":"Marine Collagen with Hyaluronic Acid &amp; Vitamin C (120caps)","isPartOf":{"@id":"https:\/\/fit360.ee\/en\/#website"},"primaryImageOfPage":{"@id":"https:\/\/fit360.ee\/en\/pood\/product-groups\/vitamins-and-minerals-en\/c-vitamin-en\/marine-collagen-with-hyaluronic-acid-vitamin-c-120caps\/#primaryimage"},"image":{"@id":"https:\/\/fit360.ee\/en\/pood\/product-groups\/vitamins-and-minerals-en\/c-vitamin-en\/marine-collagen-with-hyaluronic-acid-vitamin-c-120caps\/#primaryimage"},"thumbnailUrl":"https:\/\/fit360.ee\/wp-content\/uploads\/2023\/06\/Marine-Collagen-with-Hyaluronic-Acid-and-Vitamin-C-fit360.ee_.jpg","datePublished":"2023-06-09T14:22:16+00:00","dateModified":"2026-04-10T14:41:31+00:00","description":"Toode on loodud k\u00f5igile inimestele, kes hoolivad ilusast ja tervest naha v\u00e4limusest, aga ka praktiseerivatele inimestele. Sportimine p\u00e4rast spordivigastus..","breadcrumb":{"@id":"https:\/\/fit360.ee\/en\/pood\/product-groups\/vitamins-and-minerals-en\/c-vitamin-en\/marine-collagen-with-hyaluronic-acid-vitamin-c-120caps\/#breadcrumb"},"inLanguage":"en-US","potentialAction":[{"@type":"ReadAction","target":["https:\/\/fit360.ee\/en\/pood\/product-groups\/vitamins-and-minerals-en\/c-vitamin-en\/marine-collagen-with-hyaluronic-acid-vitamin-c-120caps\/"]}]},{"@type":"ImageObject","inLanguage":"en-US","@id":"https:\/\/fit360.ee\/en\/pood\/product-groups\/vitamins-and-minerals-en\/c-vitamin-en\/marine-collagen-with-hyaluronic-acid-vitamin-c-120caps\/#primaryimage","url":"https:\/\/fit360.ee\/wp-content\/uploads\/2023\/06\/Marine-Collagen-with-Hyaluronic-Acid-and-Vitamin-C-fit360.ee_.jpg","contentUrl":"https:\/\/fit360.ee\/wp-content\/uploads\/2023\/06\/Marine-Collagen-with-Hyaluronic-Acid-and-Vitamin-C-fit360.ee_.jpg","width":450,"height":450,"caption":"Marine Collagen with Hyaluronic Acid and Vitamin C - toidulisandidhulgi.ee"},{"@type":"BreadcrumbList","@id":"https:\/\/fit360.ee\/en\/pood\/product-groups\/vitamins-and-minerals-en\/c-vitamin-en\/marine-collagen-with-hyaluronic-acid-vitamin-c-120caps\/#breadcrumb","itemListElement":[{"@type":"ListItem","position":1,"name":"Home","item":"https:\/\/fit360.ee\/en\/"},{"@type":"ListItem","position":2,"name":"Shop","item":"https:\/\/fit360.ee\/en\/shop\/"},{"@type":"ListItem","position":3,"name":"Marine Collagen with Hyaluronic Acid &amp; Vitamin C (120caps)"}]},{"@type":"WebSite","@id":"https:\/\/fit360.ee\/en\/#website","url":"https:\/\/fit360.ee\/en\/","name":"Fit360","description":"","publisher":{"@id":"https:\/\/fit360.ee\/en\/#organization"},"potentialAction":[{"@type":"SearchAction","target":{"@type":"EntryPoint","urlTemplate":"https:\/\/fit360.ee\/en\/?s={search_term_string}"},"query-input":{"@type":"PropertyValueSpecification","valueRequired":true,"valueName":"search_term_string"}}],"inLanguage":"en-US"},{"@type":"Organization","@id":"https:\/\/fit360.ee\/en\/#organization","name":"Fit360","url":"https:\/\/fit360.ee\/en\/","logo":{"@type":"ImageObject","inLanguage":"en-US","@id":"https:\/\/fit360.ee\/en\/#\/schema\/logo\/image\/","url":"https:\/\/fit360.ee\/wp-content\/uploads\/2017\/01\/logo-fit360.png","contentUrl":"https:\/\/fit360.ee\/wp-content\/uploads\/2017\/01\/logo-fit360.png","width":180,"height":66,"caption":"Fit360"},"image":{"@id":"https:\/\/fit360.ee\/en\/#\/schema\/logo\/image\/"}}]}},"_links":{"self":[{"href":"https:\/\/fit360.ee\/en\/wp-json\/wp\/v2\/product\/70967","targetHints":{"allow":["GET"]}}],"collection":[{"href":"https:\/\/fit360.ee\/en\/wp-json\/wp\/v2\/product"}],"about":[{"href":"https:\/\/fit360.ee\/en\/wp-json\/wp\/v2\/types\/product"}],"replies":[{"embeddable":true,"href":"https:\/\/fit360.ee\/en\/wp-json\/wp\/v2\/comments?post=70967"}],"wp:featuredmedia":[{"embeddable":true,"href":"https:\/\/fit360.ee\/en\/wp-json\/wp\/v2\/media\/84606"}],"wp:attachment":[{"href":"https:\/\/fit360.ee\/en\/wp-json\/wp\/v2\/media?parent=70967"}],"wp:term":[{"taxonomy":"product_brand","embeddable":true,"href":"https:\/\/fit360.ee\/en\/wp-json\/wp\/v2\/product_brand?post=70967"},{"taxonomy":"product_cat","embeddable":true,"href":"https:\/\/fit360.ee\/en\/wp-json\/wp\/v2\/product_cat?post=70967"},{"taxonomy":"product_tag","embeddable":true,"href":"https:\/\/fit360.ee\/en\/wp-json\/wp\/v2\/product_tag?post=70967"},{"taxonomy":"giftcard-category","embeddable":true,"href":"https:\/\/fit360.ee\/en\/wp-json\/wp\/v2\/giftcard-category?post=70967"}],"curies":[{"name":"wp","href":"https:\/\/api.w.org\/{rel}","templated":true}]}}