{"id":70984,"date":"2023-06-09T16:42:11","date_gmt":"2023-06-09T14:42:11","guid":{"rendered":"https:\/\/fit360.ee\/pood\/uncategorized\/citrulline-210g\/"},"modified":"2025-12-12T11:19:11","modified_gmt":"2025-12-12T09:19:11","slug":"citrulline-210g","status":"publish","type":"product","link":"https:\/\/fit360.ee\/en\/pood\/product-groups\/amino-acids-bcaa\/citrulline-en\/citrulline-210g\/","title":{"rendered":"Citrulline (210g)"},"content":{"rendered":"<h2><strong>Citrulline<\/strong><\/h2>\n<p>OstroVit Citrulline True Taste on tippklassi t\u00e4iuslikult killustatud tsitrulliinmalaat.\u00a0See kaitseb lihaseid v\u00e4simuse eest ja aitab taastada t\u00e4isj\u00f5u p\u00e4rast rasket ja intensiivset treeningut.\u00a0Suurenenud l\u00e4mmastikoksiidi s\u00fcntees tagab parema verevoolu ning oluliselt parema hapniku ja toitainete transpordi rakkudesse.<\/p>\n<p><a href=\"https:\/\/fit360.ee\/wp-content\/uploads\/2023\/06\/citrulline-tsistruliinmalaat-fit360.ee-1-800x312.jpg\"><img loading=\"lazy\" decoding=\"async\" class=\"size-medium wp-image-70970\" src=\"https:\/\/fit360.ee\/wp-content\/uploads\/2023\/06\/citrulline-tsistruliinmalaat-fit360.ee-1-800x312.jpg\" alt=\"citrulline tsistruliinmalaat - fit360.ee\" width=\"800\" height=\"312\" srcset=\"https:\/\/fit360.ee\/wp-content\/uploads\/2023\/06\/citrulline-tsistruliinmalaat-fit360.ee-1-800x312.jpg 800w, https:\/\/fit360.ee\/wp-content\/uploads\/2023\/06\/citrulline-tsistruliinmalaat-fit360.ee-1-510x199.jpg 510w, https:\/\/fit360.ee\/wp-content\/uploads\/2023\/06\/citrulline-tsistruliinmalaat-fit360.ee-1-768x300.jpg 768w, https:\/\/fit360.ee\/wp-content\/uploads\/2023\/06\/citrulline-tsistruliinmalaat-fit360.ee-1.jpg 922w\" sizes=\"auto, (max-width: 800px) 100vw, 800px\" \/><\/a><\/p>\n<ul class=\"cm__list\">\n<li>Pakendis 210g tsitrulliinmalaati<\/li>\n<li>70 portsjonit<\/li>\n<li>1\/2 lusikat\u00e4it enne treeningut<\/li>\n<li>Suurep\u00e4rased maitsed<\/li>\n<\/ul>\n<h4 class=\"cm__heading\"><strong>Tsitrulliinmalaat<\/strong><\/h4>\n<p class=\"cm__text\">Tsitrulliin on orgaaniline keemiline \u00fchend, mis kuulub mittevalguliste aminohapete r\u00fchma.\u00a0See on \u00fcks kolmest aminohappest, mis L-arginiini ja L-ornitiini k\u00f5rval osalevad uurea ts\u00fcklis.\u00a0Koos \u00f5unhappega parandab see selle biosaadavust ja ergogeensust.\u00a0See p\u00f5hjustab meie kehas loomuliku energiakulu suurenemise, mille tulemuseks on kindlasti rasked ja intensiivsed treeningud.<\/p>\n<h4 class=\"cm__heading\"><strong>OstroVit Citrulline&#8217;is sisalduvate koostisosade omadused<\/strong>:<\/h4>\n<p>Tsitrulliin ja \u00f5unhape koos moodustavad t\u00e4iusliku toidulisandi.\u00a0Selle t\u00f5husust kinnitavad arvukad uuringud, mida on hinnanud paljud professionaalsed sportlased.\u00a0Sobib ideaalselt j\u00f5uspordi, vastupidavusala (kanuus\u00f5it, s\u00f5udmine) v\u00f5i vastupidavus-j\u00f5u (triatlon, pikamaaujumine jne) treeninguid toetavaks lisandiks.\u00a0Siin on m\u00f5ned tsitrulliinmalaadi eelised:<\/p>\n<ul class=\"cm__list\">\n<li>V\u00e4hendab v\u00e4simustunnet f\u00fc\u00fcsilise koormuse ajal<\/li>\n<li>Taastub suurep\u00e4raselt ja v\u00e4hendab lihasvalu isegi paar p\u00e4eva p\u00e4rast treeningut<\/li>\n<li>Suurendab lihaste pumpamist t\u00e4nu l\u00e4mmastikoksiidi s\u00fcnteesi intensiivistumisele<\/li>\n<li>See on ideaalne keharasva v\u00e4hendamiseks, toimides antikataboolsena (v\u00e4hendab lihaskoe lagunemist)<\/li>\n<li>Parandab verevoolu.<\/li>\n<li>See parandab meeste seksuaalset v\u00f5imekust, toetades erektsiooniefekti.<\/li>\n<\/ul>\n<p><strong>Koostisosad*<\/strong>: Tsitrulliinmalaat, aroom, tauriin, magusained: sukraloos, atsesulfaam K;\u00a0p\u00fcridoksiinvesinikkloriid (vitamiin B6).Toidulisand.\u00a0Sisaldab magusaineid.<\/p>\n<p>*- t\u00f5lgitud on apelisnimaitseline tsitrulliin. Kui soovite informatsiooni teiste maitsete koostise kohta, siis palun kirjutage: info@fit360.ee<\/p>\n<p><strong>Kasutamine<\/strong>: Lisage 3 g (1\/2 lusikat\u00e4it) 100-150 ml veele v\u00f5i mahlale.\u00a0Treeningup\u00e4evadel s\u00f6\u00f6 \u00fcks portsjon p\u00e4evas 30 minutit enne treeningut.<\/p>\n<p><strong>Suurus<\/strong>: 210g &#8211; 70 serveeringut.<\/p>\n<table>\n<tbody>\n<tr>\n<th>Aktiivsed koostisosad<\/th>\n<th>100 g kohta<\/th>\n<th>Portsjoni jaoks<\/th>\n<th>% SPK*<\/th>\n<\/tr>\n<tr>\n<td>Tsitruliinmalaat<\/td>\n<td>95,25 g<\/td>\n<td>2858 mg<\/td>\n<td>&#8211;<\/td>\n<\/tr>\n<tr class=\"sub\">\n<td>&#8211; sealhulgas l-tsitrulliin<\/td>\n<td>61,91 g<\/td>\n<td>1857 mg<\/td>\n<td>&#8211;<\/td>\n<\/tr>\n<tr>\n<td>Tauriin<\/td>\n<td>1 g<\/td>\n<td>30 mg<\/td>\n<td>&#8211;<\/td>\n<\/tr>\n<tr>\n<td>Vitamiin B6<\/td>\n<td>100 mg<\/td>\n<td>3 mg<\/td>\n<td>214<\/td>\n<\/tr>\n<\/tbody>\n<\/table>\n<p>*SPK \u2013 Soovitatud p\u00e4evane kogus.<\/p>\n<p>Vaata ka meie teisi Tsitrulliine <a href=\"https:\/\/fit360.ee\/en\/product-category\/product-groups\/amino-acids-bcaa\/citrulline-en\/\"><strong>SIIT<\/strong><\/a> v\u00f5i Aminohappeid <a href=\"https:\/\/fit360.ee\/en\/product-category\/product-groups\/amino-acids-bcaa\/\"><strong>SIIT<\/strong><\/a>!<\/p>\n<p>Soovid kaupa osta suuremas koguses? Vaata antud toodet ka meie HULGI poest\u00a0<a href=\"https:\/\/toidulisandidhulgi.ee\/product\/citrulline-210g\/\"><strong>SIIT<\/strong><\/a>!<\/p>\n","protected":false},"excerpt":{"rendered":"<ul class=\"cm__list\">\n<li>Aitab v\u00e4hendada v\u00e4simustunnet f\u00fc\u00fcsilise koormuse ajal<\/li>\n<li>Aitab taastada suurep\u00e4raselt ja v\u00e4hendab lihasvalu isegi paar p\u00e4eva p\u00e4rast treeningut<\/li>\n<li>Aitab suurendada lihaste pumpamist t\u00e4nu l\u00e4mmastikoksiidi s\u00fcnteesi intensiivistumisele<\/li>\n<li>See on ideaalne keharasva v\u00e4hendamiseks, toimides antikataboolsena (v\u00e4hendab lihaskoe lagunemist)<\/li>\n<li>Aitab parandada verevoolu.<\/li>\n<li>See aitab parandab meeste seksuaalset v\u00f5imekust, toetades erektsiooniefekti.<\/li>\n<\/ul>\n","protected":false},"featured_media":84608,"comment_status":"closed","ping_status":"closed","template":"","meta":[],"product_brand":[],"product_cat":[520,2314,1329],"product_tag":[4100,1924,4397],"giftcard-category":[],"class_list":{"0":"post-70984","1":"product","2":"type-product","3":"status-publish","4":"has-post-thumbnail","6":"product_cat-amino-acids-bcaa","7":"product_cat-citrulline-en","8":"product_cat-ostrovit-en","9":"product_tag-citrulline-en","10":"product_tag-ostrovit-en","11":"product_tag-tsistruliinmalaat-en","12":"pa_maitse-bubble-gum-en","13":"pa_maitse-lemon","14":"pa_maitse-natural","15":"pa_maitse-orange","17":"first","18":"instock","19":"sale","20":"taxable","21":"shipping-taxable","22":"purchasable","23":"product-type-variable"},"yoast_head":"<!-- This site is optimized with the Yoast SEO plugin v27.3 - https:\/\/yoast.com\/product\/yoast-seo-wordpress\/ -->\n<title>Citrulline (210g) - Tsitrulliinmalaat - Kiire Tarne - Fit360<\/title>\n<meta name=\"description\" content=\"Citrulline True Taste on tippklassi t\u00e4iuslikult killustatud tsitrulliinmalaat.\u00a0See kaitseb lihaseid v\u00e4simuse eest ja aitab taastada t\u00e4isj\u00f5u p\u00e4rast rasket ..\" \/>\n<meta name=\"robots\" content=\"index, follow, max-snippet:-1, max-image-preview:large, max-video-preview:-1\" \/>\n<link rel=\"canonical\" href=\"https:\/\/fit360.ee\/en\/pood\/product-groups\/amino-acids-bcaa\/citrulline-en\/citrulline-210g\/\" \/>\n<meta property=\"og:locale\" content=\"en_US\" \/>\n<meta property=\"og:type\" content=\"article\" \/>\n<meta property=\"og:title\" content=\"Citrulline (210g) - Tsitrulliinmalaat - Kiire Tarne - Fit360\" \/>\n<meta property=\"og:description\" content=\"Citrulline True Taste on tippklassi t\u00e4iuslikult killustatud tsitrulliinmalaat.\u00a0See kaitseb lihaseid v\u00e4simuse eest ja aitab taastada t\u00e4isj\u00f5u p\u00e4rast rasket ..\" \/>\n<meta property=\"og:url\" content=\"https:\/\/fit360.ee\/en\/pood\/product-groups\/amino-acids-bcaa\/citrulline-en\/citrulline-210g\/\" \/>\n<meta property=\"og:site_name\" content=\"Fit360\" \/>\n<meta property=\"article:modified_time\" content=\"2025-12-12T09:19:11+00:00\" \/>\n<meta property=\"og:image\" content=\"https:\/\/fit360.ee\/wp-content\/uploads\/2023\/06\/Citrulline-tsitruliini-pulber-fit360.ee-1.png\" \/>\n\t<meta property=\"og:image:width\" content=\"450\" \/>\n\t<meta property=\"og:image:height\" content=\"450\" \/>\n\t<meta property=\"og:image:type\" content=\"image\/png\" \/>\n<meta name=\"twitter:card\" content=\"summary_large_image\" \/>\n<meta name=\"twitter:label1\" content=\"Est. reading time\" \/>\n\t<meta name=\"twitter:data1\" content=\"2 minutes\" \/>\n<script type=\"application\/ld+json\" class=\"yoast-schema-graph\">{\"@context\":\"https:\\\/\\\/schema.org\",\"@graph\":[{\"@type\":\"WebPage\",\"@id\":\"https:\\\/\\\/fit360.ee\\\/en\\\/pood\\\/product-groups\\\/amino-acids-bcaa\\\/citrulline-en\\\/citrulline-210g\\\/\",\"url\":\"https:\\\/\\\/fit360.ee\\\/en\\\/pood\\\/product-groups\\\/amino-acids-bcaa\\\/citrulline-en\\\/citrulline-210g\\\/\",\"name\":\"Citrulline (210g) - Tsitrulliinmalaat - Kiire Tarne - Fit360\",\"isPartOf\":{\"@id\":\"https:\\\/\\\/fit360.ee\\\/en\\\/#website\"},\"primaryImageOfPage\":{\"@id\":\"https:\\\/\\\/fit360.ee\\\/en\\\/pood\\\/product-groups\\\/amino-acids-bcaa\\\/citrulline-en\\\/citrulline-210g\\\/#primaryimage\"},\"image\":{\"@id\":\"https:\\\/\\\/fit360.ee\\\/en\\\/pood\\\/product-groups\\\/amino-acids-bcaa\\\/citrulline-en\\\/citrulline-210g\\\/#primaryimage\"},\"thumbnailUrl\":\"https:\\\/\\\/fit360.ee\\\/wp-content\\\/uploads\\\/2023\\\/06\\\/Citrulline-tsitruliini-pulber-fit360.ee-1.png\",\"datePublished\":\"2023-06-09T14:42:11+00:00\",\"dateModified\":\"2025-12-12T09:19:11+00:00\",\"description\":\"Citrulline True Taste on tippklassi t\u00e4iuslikult killustatud tsitrulliinmalaat.\u00a0See kaitseb lihaseid v\u00e4simuse eest ja aitab taastada t\u00e4isj\u00f5u p\u00e4rast rasket ..\",\"breadcrumb\":{\"@id\":\"https:\\\/\\\/fit360.ee\\\/en\\\/pood\\\/product-groups\\\/amino-acids-bcaa\\\/citrulline-en\\\/citrulline-210g\\\/#breadcrumb\"},\"inLanguage\":\"en-US\",\"potentialAction\":[{\"@type\":\"ReadAction\",\"target\":[\"https:\\\/\\\/fit360.ee\\\/en\\\/pood\\\/product-groups\\\/amino-acids-bcaa\\\/citrulline-en\\\/citrulline-210g\\\/\"]}]},{\"@type\":\"ImageObject\",\"inLanguage\":\"en-US\",\"@id\":\"https:\\\/\\\/fit360.ee\\\/en\\\/pood\\\/product-groups\\\/amino-acids-bcaa\\\/citrulline-en\\\/citrulline-210g\\\/#primaryimage\",\"url\":\"https:\\\/\\\/fit360.ee\\\/wp-content\\\/uploads\\\/2023\\\/06\\\/Citrulline-tsitruliini-pulber-fit360.ee-1.png\",\"contentUrl\":\"https:\\\/\\\/fit360.ee\\\/wp-content\\\/uploads\\\/2023\\\/06\\\/Citrulline-tsitruliini-pulber-fit360.ee-1.png\",\"width\":450,\"height\":450,\"caption\":\"Citrulline tsitruliini pulber - fit360.ee\"},{\"@type\":\"BreadcrumbList\",\"@id\":\"https:\\\/\\\/fit360.ee\\\/en\\\/pood\\\/product-groups\\\/amino-acids-bcaa\\\/citrulline-en\\\/citrulline-210g\\\/#breadcrumb\",\"itemListElement\":[{\"@type\":\"ListItem\",\"position\":1,\"name\":\"Home\",\"item\":\"https:\\\/\\\/fit360.ee\\\/en\\\/\"},{\"@type\":\"ListItem\",\"position\":2,\"name\":\"Shop\",\"item\":\"https:\\\/\\\/fit360.ee\\\/en\\\/shop\\\/\"},{\"@type\":\"ListItem\",\"position\":3,\"name\":\"Citrulline (210g)\"}]},{\"@type\":\"WebSite\",\"@id\":\"https:\\\/\\\/fit360.ee\\\/en\\\/#website\",\"url\":\"https:\\\/\\\/fit360.ee\\\/en\\\/\",\"name\":\"Fit360\",\"description\":\"\",\"publisher\":{\"@id\":\"https:\\\/\\\/fit360.ee\\\/en\\\/#organization\"},\"potentialAction\":[{\"@type\":\"SearchAction\",\"target\":{\"@type\":\"EntryPoint\",\"urlTemplate\":\"https:\\\/\\\/fit360.ee\\\/en\\\/?s={search_term_string}\"},\"query-input\":{\"@type\":\"PropertyValueSpecification\",\"valueRequired\":true,\"valueName\":\"search_term_string\"}}],\"inLanguage\":\"en-US\"},{\"@type\":\"Organization\",\"@id\":\"https:\\\/\\\/fit360.ee\\\/en\\\/#organization\",\"name\":\"Fit360\",\"url\":\"https:\\\/\\\/fit360.ee\\\/en\\\/\",\"logo\":{\"@type\":\"ImageObject\",\"inLanguage\":\"en-US\",\"@id\":\"https:\\\/\\\/fit360.ee\\\/en\\\/#\\\/schema\\\/logo\\\/image\\\/\",\"url\":\"https:\\\/\\\/fit360.ee\\\/wp-content\\\/uploads\\\/2017\\\/01\\\/logo-fit360.png\",\"contentUrl\":\"https:\\\/\\\/fit360.ee\\\/wp-content\\\/uploads\\\/2017\\\/01\\\/logo-fit360.png\",\"width\":180,\"height\":66,\"caption\":\"Fit360\"},\"image\":{\"@id\":\"https:\\\/\\\/fit360.ee\\\/en\\\/#\\\/schema\\\/logo\\\/image\\\/\"}}]}<\/script>\n<!-- \/ Yoast SEO plugin. -->","yoast_head_json":{"title":"Citrulline (210g) - Tsitrulliinmalaat - Kiire Tarne - Fit360","description":"Citrulline True Taste on tippklassi t\u00e4iuslikult killustatud tsitrulliinmalaat.\u00a0See kaitseb lihaseid v\u00e4simuse eest ja aitab taastada t\u00e4isj\u00f5u p\u00e4rast rasket ..","robots":{"index":"index","follow":"follow","max-snippet":"max-snippet:-1","max-image-preview":"max-image-preview:large","max-video-preview":"max-video-preview:-1"},"canonical":"https:\/\/fit360.ee\/en\/pood\/product-groups\/amino-acids-bcaa\/citrulline-en\/citrulline-210g\/","og_locale":"en_US","og_type":"article","og_title":"Citrulline (210g) - Tsitrulliinmalaat - Kiire Tarne - Fit360","og_description":"Citrulline True Taste on tippklassi t\u00e4iuslikult killustatud tsitrulliinmalaat.\u00a0See kaitseb lihaseid v\u00e4simuse eest ja aitab taastada t\u00e4isj\u00f5u p\u00e4rast rasket ..","og_url":"https:\/\/fit360.ee\/en\/pood\/product-groups\/amino-acids-bcaa\/citrulline-en\/citrulline-210g\/","og_site_name":"Fit360","article_modified_time":"2025-12-12T09:19:11+00:00","og_image":[{"width":450,"height":450,"url":"https:\/\/fit360.ee\/wp-content\/uploads\/2023\/06\/Citrulline-tsitruliini-pulber-fit360.ee-1.png","type":"image\/png"}],"twitter_card":"summary_large_image","twitter_misc":{"Est. reading time":"2 minutes"},"schema":{"@context":"https:\/\/schema.org","@graph":[{"@type":"WebPage","@id":"https:\/\/fit360.ee\/en\/pood\/product-groups\/amino-acids-bcaa\/citrulline-en\/citrulline-210g\/","url":"https:\/\/fit360.ee\/en\/pood\/product-groups\/amino-acids-bcaa\/citrulline-en\/citrulline-210g\/","name":"Citrulline (210g) - Tsitrulliinmalaat - Kiire Tarne - Fit360","isPartOf":{"@id":"https:\/\/fit360.ee\/en\/#website"},"primaryImageOfPage":{"@id":"https:\/\/fit360.ee\/en\/pood\/product-groups\/amino-acids-bcaa\/citrulline-en\/citrulline-210g\/#primaryimage"},"image":{"@id":"https:\/\/fit360.ee\/en\/pood\/product-groups\/amino-acids-bcaa\/citrulline-en\/citrulline-210g\/#primaryimage"},"thumbnailUrl":"https:\/\/fit360.ee\/wp-content\/uploads\/2023\/06\/Citrulline-tsitruliini-pulber-fit360.ee-1.png","datePublished":"2023-06-09T14:42:11+00:00","dateModified":"2025-12-12T09:19:11+00:00","description":"Citrulline True Taste on tippklassi t\u00e4iuslikult killustatud tsitrulliinmalaat.\u00a0See kaitseb lihaseid v\u00e4simuse eest ja aitab taastada t\u00e4isj\u00f5u p\u00e4rast rasket ..","breadcrumb":{"@id":"https:\/\/fit360.ee\/en\/pood\/product-groups\/amino-acids-bcaa\/citrulline-en\/citrulline-210g\/#breadcrumb"},"inLanguage":"en-US","potentialAction":[{"@type":"ReadAction","target":["https:\/\/fit360.ee\/en\/pood\/product-groups\/amino-acids-bcaa\/citrulline-en\/citrulline-210g\/"]}]},{"@type":"ImageObject","inLanguage":"en-US","@id":"https:\/\/fit360.ee\/en\/pood\/product-groups\/amino-acids-bcaa\/citrulline-en\/citrulline-210g\/#primaryimage","url":"https:\/\/fit360.ee\/wp-content\/uploads\/2023\/06\/Citrulline-tsitruliini-pulber-fit360.ee-1.png","contentUrl":"https:\/\/fit360.ee\/wp-content\/uploads\/2023\/06\/Citrulline-tsitruliini-pulber-fit360.ee-1.png","width":450,"height":450,"caption":"Citrulline tsitruliini pulber - fit360.ee"},{"@type":"BreadcrumbList","@id":"https:\/\/fit360.ee\/en\/pood\/product-groups\/amino-acids-bcaa\/citrulline-en\/citrulline-210g\/#breadcrumb","itemListElement":[{"@type":"ListItem","position":1,"name":"Home","item":"https:\/\/fit360.ee\/en\/"},{"@type":"ListItem","position":2,"name":"Shop","item":"https:\/\/fit360.ee\/en\/shop\/"},{"@type":"ListItem","position":3,"name":"Citrulline (210g)"}]},{"@type":"WebSite","@id":"https:\/\/fit360.ee\/en\/#website","url":"https:\/\/fit360.ee\/en\/","name":"Fit360","description":"","publisher":{"@id":"https:\/\/fit360.ee\/en\/#organization"},"potentialAction":[{"@type":"SearchAction","target":{"@type":"EntryPoint","urlTemplate":"https:\/\/fit360.ee\/en\/?s={search_term_string}"},"query-input":{"@type":"PropertyValueSpecification","valueRequired":true,"valueName":"search_term_string"}}],"inLanguage":"en-US"},{"@type":"Organization","@id":"https:\/\/fit360.ee\/en\/#organization","name":"Fit360","url":"https:\/\/fit360.ee\/en\/","logo":{"@type":"ImageObject","inLanguage":"en-US","@id":"https:\/\/fit360.ee\/en\/#\/schema\/logo\/image\/","url":"https:\/\/fit360.ee\/wp-content\/uploads\/2017\/01\/logo-fit360.png","contentUrl":"https:\/\/fit360.ee\/wp-content\/uploads\/2017\/01\/logo-fit360.png","width":180,"height":66,"caption":"Fit360"},"image":{"@id":"https:\/\/fit360.ee\/en\/#\/schema\/logo\/image\/"}}]}},"_links":{"self":[{"href":"https:\/\/fit360.ee\/en\/wp-json\/wp\/v2\/product\/70984","targetHints":{"allow":["GET"]}}],"collection":[{"href":"https:\/\/fit360.ee\/en\/wp-json\/wp\/v2\/product"}],"about":[{"href":"https:\/\/fit360.ee\/en\/wp-json\/wp\/v2\/types\/product"}],"replies":[{"embeddable":true,"href":"https:\/\/fit360.ee\/en\/wp-json\/wp\/v2\/comments?post=70984"}],"wp:featuredmedia":[{"embeddable":true,"href":"https:\/\/fit360.ee\/en\/wp-json\/wp\/v2\/media\/84608"}],"wp:attachment":[{"href":"https:\/\/fit360.ee\/en\/wp-json\/wp\/v2\/media?parent=70984"}],"wp:term":[{"taxonomy":"product_brand","embeddable":true,"href":"https:\/\/fit360.ee\/en\/wp-json\/wp\/v2\/product_brand?post=70984"},{"taxonomy":"product_cat","embeddable":true,"href":"https:\/\/fit360.ee\/en\/wp-json\/wp\/v2\/product_cat?post=70984"},{"taxonomy":"product_tag","embeddable":true,"href":"https:\/\/fit360.ee\/en\/wp-json\/wp\/v2\/product_tag?post=70984"},{"taxonomy":"giftcard-category","embeddable":true,"href":"https:\/\/fit360.ee\/en\/wp-json\/wp\/v2\/giftcard-category?post=70984"}],"curies":[{"name":"wp","href":"https:\/\/api.w.org\/{rel}","templated":true}]}}