{"id":70995,"date":"2023-06-09T16:58:27","date_gmt":"2023-06-09T14:58:27","guid":{"rendered":"https:\/\/fit360.ee\/pood\/uncategorized\/omega-3-ultra-90caps\/"},"modified":"2026-02-25T01:09:15","modified_gmt":"2026-02-24T23:09:15","slug":"omega-3-ultra-90caps","status":"publish","type":"product","link":"https:\/\/fit360.ee\/en\/pood\/product-groups\/vitamins-and-minerals-en\/e-vitamin-en\/omega-3-ultra-90caps\/","title":{"rendered":"Omega 3 Ultra (90caps)"},"content":{"rendered":"<h2><strong>Omega 3 Ultra<\/strong><\/h2>\n<p>OstroVit Omega 3 ULTRA on kala\u00f5lil p\u00f5hinev tervist edendav toidulisand.\u00a0See sisaldab oomega-3 rasvhappeid, mis toetavad s\u00fcdame ja aju t\u00f6\u00f6d ning tugevdavad veresooni.<\/p>\n<p><a href=\"https:\/\/fit360.ee\/wp-content\/uploads\/2023\/06\/omega-3-ultra-kalaoli-fit360.ee_-800x312.jpg\"><img loading=\"lazy\" decoding=\"async\" class=\"size-medium wp-image-70991\" src=\"https:\/\/fit360.ee\/wp-content\/uploads\/2023\/06\/omega-3-ultra-kalaoli-fit360.ee_-800x312.jpg\" alt=\"omega 3 ultra kala\u00f5li - fit360.ee\" width=\"800\" height=\"312\" srcset=\"https:\/\/fit360.ee\/wp-content\/uploads\/2023\/06\/omega-3-ultra-kalaoli-fit360.ee_-800x312.jpg 800w, https:\/\/fit360.ee\/wp-content\/uploads\/2023\/06\/omega-3-ultra-kalaoli-fit360.ee_-510x199.jpg 510w, https:\/\/fit360.ee\/wp-content\/uploads\/2023\/06\/omega-3-ultra-kalaoli-fit360.ee_-768x300.jpg 768w, https:\/\/fit360.ee\/wp-content\/uploads\/2023\/06\/omega-3-ultra-kalaoli-fit360.ee_.jpg 922w\" sizes=\"auto, (max-width: 800px) 100vw, 800px\" \/><\/a><\/p>\n<ul class=\"cm__list\">\n<li>1 portsjon = 1 kapsel<\/li>\n<li>Portsjonite arv pakendis: 90<\/li>\n<li>K\u00f5rge rasvhapete EPA ja DHA sisaldus<\/li>\n<li>1000 mg kala\u00f5li igas portsjonis<\/li>\n<\/ul>\n<section class=\"cm__section\">\n<h4 class=\"cm__heading\"><strong>Omega 3 \u2013 EPA ja DHA rasvhapete allikas<\/strong><\/h4>\n<p class=\"cm__text\">Omega-3 rasvhapped on vajalikud optimaalse heaolu ja tervise s\u00e4ilitamiseks.\u00a0Neid leidub k\u00fclmaveekalade ja koorikloomade rasvakihtides, taime\u00f5lides ja p\u00e4hklites.\u00a0Need pakuvad v\u00e4\u00e4rtuslikku eikosapentaeenhapet (EPA) ja dokosaheksaeenhapet (DHA), mida k\u00f5ige sagedamini soodustatakse normaalse s\u00fcdamefunktsiooni toetamiseks.\u00a0Toode avaldab soodsat m\u00f5ju s\u00fcdamele, ajule ja veresoontele.\u00a0Omega 3 toetab igak\u00fclgselt organismi t\u00f6\u00f6d.\u00a0K\u00f5rge kontsentratsiooniga kala\u00f5li sisaldub geelkapslites, mida on mugav kasutada.<\/p>\n<h4 class=\"cm__heading\"><strong>OstroVit Omega 3 koostisainete omadused<\/strong>:<\/h4>\n<ul class=\"cm__list\">\n<li>M\u00f5jub positiivselt s\u00fcdame-veresoonkonna s\u00fcsteemi toimimisele<\/li>\n<li>V\u00f5ib alandada homots\u00fcsteiini taset<\/li>\n<li>Meie rakumembraanide peamine ehitusmaterjal<\/li>\n<li>Varustab rakumembraane hapniku ja toitainetega<\/li>\n<\/ul>\n<p><strong>T\u00c4HELEPANU!\u00a0T\u00e4nu suurele kala\u00f5li sisaldusele on tootel kalal\u00f5hn.<\/strong><\/p>\n<\/section>\n<section class=\"cm__section\">\n<div class=\"cm__heading\"><strong>Laboratoorselt t\u00f5estatud kvaliteet<\/strong><\/div>\n<p class=\"cm__text --bold\">Klientide tervise huvides testitakse meie toodetud tooteid regulaarselt s\u00f5ltumatus akrediteeritud laboris, et tagada ja s\u00e4ilitada k\u00f5rgeim kvaliteet.<\/p>\n<p><strong>Koostisosad<\/strong>: Kala\u00f5li , katte koostis (\u017eelatiin, niiskuses\u00e4ilitaja: gl\u00fctserool; puhastatud vesi), DL-alfa-tokofer\u00fc\u00fclatsetaat (E-vitamiin).\u00a0Toode v\u00f5ib sisaldada piima (sh laktoosi), sojaube, maap\u00e4hkleid, muid p\u00e4hkleid, seesamiseemneid, gluteeni sisaldavaid teravilju, mune, v\u00e4hilaadseid.<\/p>\n<p><strong>Kasutamine<\/strong>: V\u00f5tke 1 portsjon (1 kapsel) p\u00e4evas, eelistatavalt p\u00e4rast s\u00f6\u00f6ki.\u00a0Joo \u00f5ige koguse veega.<\/p>\n<p><strong>Suurus<\/strong>: 90 kapslit &#8211; 90 serveeringut.<\/p>\n<table>\n<tbody>\n<tr>\n<th>Aktiivsed koostisosad<\/th>\n<th>Portsjoni jaoks<\/th>\n<th>% SPK*<\/th>\n<\/tr>\n<tr>\n<td>Kala\u00f5li:<\/td>\n<td>\u00a01000 mg<\/td>\n<td>&#8211;<\/td>\n<\/tr>\n<tr class=\"sub\">\n<td>&#8211; EPA eikosapentaeenhape<\/td>\n<td>\u00a0330 mg<\/td>\n<td>&#8211;<\/td>\n<\/tr>\n<tr class=\"sub\">\n<td>&#8211; Dokosaheksaeenhape DHA<\/td>\n<td>\u00a0220 mg<\/td>\n<td>&#8211;<\/td>\n<\/tr>\n<tr class=\"sub\">\n<td>E-vitamiin<\/td>\n<td>\u00a02 mg<\/td>\n<td>17%*<\/td>\n<\/tr>\n<\/tbody>\n<\/table>\n<p>*SPK \u2013 Soovitatud p\u00e4evane kogus.<\/p>\n<p>Vaata ka meie teisi Omega 3 rasvhappeid <a href=\"https:\/\/fit360.ee\/en\/product-category\/product-groups\/essential-fats-en\/omega-3-en\/\"><strong>SIIT<\/strong><\/a> v\u00f5i Kasulikke Rasvhappeid <a href=\"https:\/\/fit360.ee\/en\/product-category\/product-groups\/essential-fats-en\/\"><strong>SIIT<\/strong><\/a>!<\/p>\n<p>Soovid kaupa osta suuremas koguses? Vaata antud toodet ka meie HULGI poest\u00a0<a href=\"https:\/\/toidulisandidhulgi.ee\/product\/omega-3-ultra-90caps\/\"><strong>SIIT<\/strong><\/a>!<\/p>\n<\/section>\n","protected":false},"excerpt":{"rendered":"<ul class=\"cm__list\">\n<li>M\u00f5jub positiivselt s\u00fcdame-veresoonkonna s\u00fcsteemi toimimisele<\/li>\n<li>V\u00f5ib alandada homots\u00fcsteiini taset<\/li>\n<li>Meie rakumembraanide peamine ehitusmaterjal<\/li>\n<li>Varustab rakumembraane hapniku ja toitainetega<\/li>\n<\/ul>\n","protected":false},"featured_media":76623,"comment_status":"closed","ping_status":"closed","template":"","meta":[],"product_brand":[],"product_cat":[2283,525,2438,1329],"product_tag":[1775,4399,1924],"giftcard-category":[],"class_list":{"0":"post-70995","1":"product","2":"type-product","3":"status-publish","4":"has-post-thumbnail","6":"product_cat-e-vitamin-en","7":"product_cat-essential-fats-en","8":"product_cat-omega-3-en","9":"product_cat-ostrovit-en","10":"product_tag-omega-3-en","11":"product_tag-omega-3-ultra-en","12":"product_tag-ostrovit-en","13":"pa_kogus-90-capsules","14":"pa_toidulisand-branddd-ostrovit","15":"pa_tootegruppp-e-vitamiin-en","16":"pa_tootegruppp-omega-3-en","17":"pa_tootegruppp-useful-fatty-acids","19":"first","20":"outofstock","21":"sale","22":"taxable","23":"shipping-taxable","24":"purchasable","25":"product-type-simple"},"yoast_head":"<!-- This site is optimized with the Yoast SEO plugin v27.3 - https:\/\/yoast.com\/product\/yoast-seo-wordpress\/ -->\n<title>Omega 3 Ultra (90caps) - Oomega Rasvhapped - Fit360<\/title>\n<meta name=\"description\" content=\"Omega 3 ULTRA on kala\u00f5lil p\u00f5hinev tervist edendav toidulisand.\u00a0See sisaldab oomega-3 rasvhappeid, mis toetavad s\u00fcdame ja aju t\u00f6\u00f6d ning tugevdavad veresooni.\" \/>\n<meta name=\"robots\" content=\"index, follow, max-snippet:-1, max-image-preview:large, max-video-preview:-1\" \/>\n<link rel=\"canonical\" href=\"https:\/\/fit360.ee\/en\/pood\/product-groups\/vitamins-and-minerals-en\/e-vitamin-en\/omega-3-ultra-90caps\/\" \/>\n<meta property=\"og:locale\" content=\"en_US\" \/>\n<meta property=\"og:type\" content=\"article\" \/>\n<meta property=\"og:title\" content=\"Omega 3 Ultra (90caps) - Oomega Rasvhapped - Fit360\" \/>\n<meta property=\"og:description\" content=\"Omega 3 ULTRA on kala\u00f5lil p\u00f5hinev tervist edendav toidulisand.\u00a0See sisaldab oomega-3 rasvhappeid, mis toetavad s\u00fcdame ja aju t\u00f6\u00f6d ning tugevdavad veresooni.\" \/>\n<meta property=\"og:url\" content=\"https:\/\/fit360.ee\/en\/pood\/product-groups\/vitamins-and-minerals-en\/e-vitamin-en\/omega-3-ultra-90caps\/\" \/>\n<meta property=\"og:site_name\" content=\"Fit360\" \/>\n<meta property=\"article:modified_time\" content=\"2026-02-24T23:09:15+00:00\" \/>\n<meta property=\"og:image\" content=\"https:\/\/fit360.ee\/wp-content\/uploads\/2023\/06\/ostrovit-omega-3-ultra-fit360.ee-1.png\" \/>\n\t<meta property=\"og:image:width\" content=\"450\" \/>\n\t<meta property=\"og:image:height\" content=\"450\" \/>\n\t<meta property=\"og:image:type\" content=\"image\/png\" \/>\n<meta name=\"twitter:card\" content=\"summary_large_image\" \/>\n<meta name=\"twitter:label1\" content=\"Est. reading time\" \/>\n\t<meta name=\"twitter:data1\" content=\"2 minutes\" \/>\n<script type=\"application\/ld+json\" class=\"yoast-schema-graph\">{\"@context\":\"https:\\\/\\\/schema.org\",\"@graph\":[{\"@type\":\"WebPage\",\"@id\":\"https:\\\/\\\/fit360.ee\\\/en\\\/pood\\\/product-groups\\\/vitamins-and-minerals-en\\\/e-vitamin-en\\\/omega-3-ultra-90caps\\\/\",\"url\":\"https:\\\/\\\/fit360.ee\\\/en\\\/pood\\\/product-groups\\\/vitamins-and-minerals-en\\\/e-vitamin-en\\\/omega-3-ultra-90caps\\\/\",\"name\":\"Omega 3 Ultra (90caps) - Oomega Rasvhapped - Fit360\",\"isPartOf\":{\"@id\":\"https:\\\/\\\/fit360.ee\\\/en\\\/#website\"},\"primaryImageOfPage\":{\"@id\":\"https:\\\/\\\/fit360.ee\\\/en\\\/pood\\\/product-groups\\\/vitamins-and-minerals-en\\\/e-vitamin-en\\\/omega-3-ultra-90caps\\\/#primaryimage\"},\"image\":{\"@id\":\"https:\\\/\\\/fit360.ee\\\/en\\\/pood\\\/product-groups\\\/vitamins-and-minerals-en\\\/e-vitamin-en\\\/omega-3-ultra-90caps\\\/#primaryimage\"},\"thumbnailUrl\":\"https:\\\/\\\/fit360.ee\\\/wp-content\\\/uploads\\\/2023\\\/06\\\/ostrovit-omega-3-ultra-fit360.ee-1.png\",\"datePublished\":\"2023-06-09T14:58:27+00:00\",\"dateModified\":\"2026-02-24T23:09:15+00:00\",\"description\":\"Omega 3 ULTRA on kala\u00f5lil p\u00f5hinev tervist edendav toidulisand.\u00a0See sisaldab oomega-3 rasvhappeid, mis toetavad s\u00fcdame ja aju t\u00f6\u00f6d ning tugevdavad veresooni.\",\"breadcrumb\":{\"@id\":\"https:\\\/\\\/fit360.ee\\\/en\\\/pood\\\/product-groups\\\/vitamins-and-minerals-en\\\/e-vitamin-en\\\/omega-3-ultra-90caps\\\/#breadcrumb\"},\"inLanguage\":\"en-US\",\"potentialAction\":[{\"@type\":\"ReadAction\",\"target\":[\"https:\\\/\\\/fit360.ee\\\/en\\\/pood\\\/product-groups\\\/vitamins-and-minerals-en\\\/e-vitamin-en\\\/omega-3-ultra-90caps\\\/\"]}]},{\"@type\":\"ImageObject\",\"inLanguage\":\"en-US\",\"@id\":\"https:\\\/\\\/fit360.ee\\\/en\\\/pood\\\/product-groups\\\/vitamins-and-minerals-en\\\/e-vitamin-en\\\/omega-3-ultra-90caps\\\/#primaryimage\",\"url\":\"https:\\\/\\\/fit360.ee\\\/wp-content\\\/uploads\\\/2023\\\/06\\\/ostrovit-omega-3-ultra-fit360.ee-1.png\",\"contentUrl\":\"https:\\\/\\\/fit360.ee\\\/wp-content\\\/uploads\\\/2023\\\/06\\\/ostrovit-omega-3-ultra-fit360.ee-1.png\",\"width\":450,\"height\":450,\"caption\":\"ostrovit omega 3 ultra - fit360.ee\"},{\"@type\":\"BreadcrumbList\",\"@id\":\"https:\\\/\\\/fit360.ee\\\/en\\\/pood\\\/product-groups\\\/vitamins-and-minerals-en\\\/e-vitamin-en\\\/omega-3-ultra-90caps\\\/#breadcrumb\",\"itemListElement\":[{\"@type\":\"ListItem\",\"position\":1,\"name\":\"Home\",\"item\":\"https:\\\/\\\/fit360.ee\\\/en\\\/\"},{\"@type\":\"ListItem\",\"position\":2,\"name\":\"Shop\",\"item\":\"https:\\\/\\\/fit360.ee\\\/en\\\/shop\\\/\"},{\"@type\":\"ListItem\",\"position\":3,\"name\":\"Omega 3 Ultra (90caps)\"}]},{\"@type\":\"WebSite\",\"@id\":\"https:\\\/\\\/fit360.ee\\\/en\\\/#website\",\"url\":\"https:\\\/\\\/fit360.ee\\\/en\\\/\",\"name\":\"Fit360\",\"description\":\"\",\"publisher\":{\"@id\":\"https:\\\/\\\/fit360.ee\\\/en\\\/#organization\"},\"potentialAction\":[{\"@type\":\"SearchAction\",\"target\":{\"@type\":\"EntryPoint\",\"urlTemplate\":\"https:\\\/\\\/fit360.ee\\\/en\\\/?s={search_term_string}\"},\"query-input\":{\"@type\":\"PropertyValueSpecification\",\"valueRequired\":true,\"valueName\":\"search_term_string\"}}],\"inLanguage\":\"en-US\"},{\"@type\":\"Organization\",\"@id\":\"https:\\\/\\\/fit360.ee\\\/en\\\/#organization\",\"name\":\"Fit360\",\"url\":\"https:\\\/\\\/fit360.ee\\\/en\\\/\",\"logo\":{\"@type\":\"ImageObject\",\"inLanguage\":\"en-US\",\"@id\":\"https:\\\/\\\/fit360.ee\\\/en\\\/#\\\/schema\\\/logo\\\/image\\\/\",\"url\":\"https:\\\/\\\/fit360.ee\\\/wp-content\\\/uploads\\\/2017\\\/01\\\/logo-fit360.png\",\"contentUrl\":\"https:\\\/\\\/fit360.ee\\\/wp-content\\\/uploads\\\/2017\\\/01\\\/logo-fit360.png\",\"width\":180,\"height\":66,\"caption\":\"Fit360\"},\"image\":{\"@id\":\"https:\\\/\\\/fit360.ee\\\/en\\\/#\\\/schema\\\/logo\\\/image\\\/\"}}]}<\/script>\n<!-- \/ Yoast SEO plugin. -->","yoast_head_json":{"title":"Omega 3 Ultra (90caps) - Oomega Rasvhapped - Fit360","description":"Omega 3 ULTRA on kala\u00f5lil p\u00f5hinev tervist edendav toidulisand.\u00a0See sisaldab oomega-3 rasvhappeid, mis toetavad s\u00fcdame ja aju t\u00f6\u00f6d ning tugevdavad veresooni.","robots":{"index":"index","follow":"follow","max-snippet":"max-snippet:-1","max-image-preview":"max-image-preview:large","max-video-preview":"max-video-preview:-1"},"canonical":"https:\/\/fit360.ee\/en\/pood\/product-groups\/vitamins-and-minerals-en\/e-vitamin-en\/omega-3-ultra-90caps\/","og_locale":"en_US","og_type":"article","og_title":"Omega 3 Ultra (90caps) - Oomega Rasvhapped - Fit360","og_description":"Omega 3 ULTRA on kala\u00f5lil p\u00f5hinev tervist edendav toidulisand.\u00a0See sisaldab oomega-3 rasvhappeid, mis toetavad s\u00fcdame ja aju t\u00f6\u00f6d ning tugevdavad veresooni.","og_url":"https:\/\/fit360.ee\/en\/pood\/product-groups\/vitamins-and-minerals-en\/e-vitamin-en\/omega-3-ultra-90caps\/","og_site_name":"Fit360","article_modified_time":"2026-02-24T23:09:15+00:00","og_image":[{"width":450,"height":450,"url":"https:\/\/fit360.ee\/wp-content\/uploads\/2023\/06\/ostrovit-omega-3-ultra-fit360.ee-1.png","type":"image\/png"}],"twitter_card":"summary_large_image","twitter_misc":{"Est. reading time":"2 minutes"},"schema":{"@context":"https:\/\/schema.org","@graph":[{"@type":"WebPage","@id":"https:\/\/fit360.ee\/en\/pood\/product-groups\/vitamins-and-minerals-en\/e-vitamin-en\/omega-3-ultra-90caps\/","url":"https:\/\/fit360.ee\/en\/pood\/product-groups\/vitamins-and-minerals-en\/e-vitamin-en\/omega-3-ultra-90caps\/","name":"Omega 3 Ultra (90caps) - Oomega Rasvhapped - Fit360","isPartOf":{"@id":"https:\/\/fit360.ee\/en\/#website"},"primaryImageOfPage":{"@id":"https:\/\/fit360.ee\/en\/pood\/product-groups\/vitamins-and-minerals-en\/e-vitamin-en\/omega-3-ultra-90caps\/#primaryimage"},"image":{"@id":"https:\/\/fit360.ee\/en\/pood\/product-groups\/vitamins-and-minerals-en\/e-vitamin-en\/omega-3-ultra-90caps\/#primaryimage"},"thumbnailUrl":"https:\/\/fit360.ee\/wp-content\/uploads\/2023\/06\/ostrovit-omega-3-ultra-fit360.ee-1.png","datePublished":"2023-06-09T14:58:27+00:00","dateModified":"2026-02-24T23:09:15+00:00","description":"Omega 3 ULTRA on kala\u00f5lil p\u00f5hinev tervist edendav toidulisand.\u00a0See sisaldab oomega-3 rasvhappeid, mis toetavad s\u00fcdame ja aju t\u00f6\u00f6d ning tugevdavad veresooni.","breadcrumb":{"@id":"https:\/\/fit360.ee\/en\/pood\/product-groups\/vitamins-and-minerals-en\/e-vitamin-en\/omega-3-ultra-90caps\/#breadcrumb"},"inLanguage":"en-US","potentialAction":[{"@type":"ReadAction","target":["https:\/\/fit360.ee\/en\/pood\/product-groups\/vitamins-and-minerals-en\/e-vitamin-en\/omega-3-ultra-90caps\/"]}]},{"@type":"ImageObject","inLanguage":"en-US","@id":"https:\/\/fit360.ee\/en\/pood\/product-groups\/vitamins-and-minerals-en\/e-vitamin-en\/omega-3-ultra-90caps\/#primaryimage","url":"https:\/\/fit360.ee\/wp-content\/uploads\/2023\/06\/ostrovit-omega-3-ultra-fit360.ee-1.png","contentUrl":"https:\/\/fit360.ee\/wp-content\/uploads\/2023\/06\/ostrovit-omega-3-ultra-fit360.ee-1.png","width":450,"height":450,"caption":"ostrovit omega 3 ultra - fit360.ee"},{"@type":"BreadcrumbList","@id":"https:\/\/fit360.ee\/en\/pood\/product-groups\/vitamins-and-minerals-en\/e-vitamin-en\/omega-3-ultra-90caps\/#breadcrumb","itemListElement":[{"@type":"ListItem","position":1,"name":"Home","item":"https:\/\/fit360.ee\/en\/"},{"@type":"ListItem","position":2,"name":"Shop","item":"https:\/\/fit360.ee\/en\/shop\/"},{"@type":"ListItem","position":3,"name":"Omega 3 Ultra (90caps)"}]},{"@type":"WebSite","@id":"https:\/\/fit360.ee\/en\/#website","url":"https:\/\/fit360.ee\/en\/","name":"Fit360","description":"","publisher":{"@id":"https:\/\/fit360.ee\/en\/#organization"},"potentialAction":[{"@type":"SearchAction","target":{"@type":"EntryPoint","urlTemplate":"https:\/\/fit360.ee\/en\/?s={search_term_string}"},"query-input":{"@type":"PropertyValueSpecification","valueRequired":true,"valueName":"search_term_string"}}],"inLanguage":"en-US"},{"@type":"Organization","@id":"https:\/\/fit360.ee\/en\/#organization","name":"Fit360","url":"https:\/\/fit360.ee\/en\/","logo":{"@type":"ImageObject","inLanguage":"en-US","@id":"https:\/\/fit360.ee\/en\/#\/schema\/logo\/image\/","url":"https:\/\/fit360.ee\/wp-content\/uploads\/2017\/01\/logo-fit360.png","contentUrl":"https:\/\/fit360.ee\/wp-content\/uploads\/2017\/01\/logo-fit360.png","width":180,"height":66,"caption":"Fit360"},"image":{"@id":"https:\/\/fit360.ee\/en\/#\/schema\/logo\/image\/"}}]}},"_links":{"self":[{"href":"https:\/\/fit360.ee\/en\/wp-json\/wp\/v2\/product\/70995","targetHints":{"allow":["GET"]}}],"collection":[{"href":"https:\/\/fit360.ee\/en\/wp-json\/wp\/v2\/product"}],"about":[{"href":"https:\/\/fit360.ee\/en\/wp-json\/wp\/v2\/types\/product"}],"replies":[{"embeddable":true,"href":"https:\/\/fit360.ee\/en\/wp-json\/wp\/v2\/comments?post=70995"}],"wp:featuredmedia":[{"embeddable":true,"href":"https:\/\/fit360.ee\/en\/wp-json\/wp\/v2\/media\/76623"}],"wp:attachment":[{"href":"https:\/\/fit360.ee\/en\/wp-json\/wp\/v2\/media?parent=70995"}],"wp:term":[{"taxonomy":"product_brand","embeddable":true,"href":"https:\/\/fit360.ee\/en\/wp-json\/wp\/v2\/product_brand?post=70995"},{"taxonomy":"product_cat","embeddable":true,"href":"https:\/\/fit360.ee\/en\/wp-json\/wp\/v2\/product_cat?post=70995"},{"taxonomy":"product_tag","embeddable":true,"href":"https:\/\/fit360.ee\/en\/wp-json\/wp\/v2\/product_tag?post=70995"},{"taxonomy":"giftcard-category","embeddable":true,"href":"https:\/\/fit360.ee\/en\/wp-json\/wp\/v2\/giftcard-category?post=70995"}],"curies":[{"name":"wp","href":"https:\/\/api.w.org\/{rel}","templated":true}]}}