{"id":71008,"date":"2023-06-09T17:44:42","date_gmt":"2023-06-09T15:44:42","guid":{"rendered":"https:\/\/fit360.ee\/pood\/uncategorized\/omega-3-extreme-500-epa-250-dha\/"},"modified":"2026-01-07T13:49:11","modified_gmt":"2026-01-07T11:49:11","slug":"omega-3-extreme-500-epa-250-dha","status":"publish","type":"product","link":"https:\/\/fit360.ee\/en\/pood\/product-groups\/essential-fats-en\/omega-3-en\/omega-3-extreme-500-epa-250-dha\/","title":{"rendered":"Omega 3 Extreme 500 EPA \/ 250 DHA (90caps)"},"content":{"rendered":"<h2><strong>Omega 3 Extreme<\/strong><\/h2>\n<p><span>OstroVit Omega 3 Extreme on toidulisand, mis varustab keha \u00fche tooteportsjoniga kuni 1000 mg kala\u00f5li. <\/span><span>Samal ajal on preparaat m\u00e4rkimisv\u00e4\u00e4rses koguses v\u00e4\u00e4rtuslike k\u00fcllastumata rasvhapete, nagu eikosapentaeenhape (EPA) ja dokosaheksaeenhape (DHA) allikas.\u00a0<\/span><span>OstroVit Omega 3 Extreme on toode, mis on saadaval kergesti neelatavate pehmete geelkapslite kujul, millest j\u00e4tkub regulaarsel toidulisandil kuni kuueks kuuks.<\/span><\/p>\n<p><a href=\"https:\/\/fit360.ee\/wp-content\/uploads\/2023\/06\/omega-3-extreme-oomega-rasvhapped-fit360.ee-1-800x312.jpg\"><img loading=\"lazy\" decoding=\"async\" class=\"size-medium wp-image-71004\" src=\"https:\/\/fit360.ee\/wp-content\/uploads\/2023\/06\/omega-3-extreme-oomega-rasvhapped-fit360.ee-1-800x312.jpg\" alt=\"omega 3 extreme oomega rasvhapped - fit360.ee\" width=\"800\" height=\"312\" srcset=\"https:\/\/fit360.ee\/wp-content\/uploads\/2023\/06\/omega-3-extreme-oomega-rasvhapped-fit360.ee-1-800x312.jpg 800w, https:\/\/fit360.ee\/wp-content\/uploads\/2023\/06\/omega-3-extreme-oomega-rasvhapped-fit360.ee-1-510x199.jpg 510w, https:\/\/fit360.ee\/wp-content\/uploads\/2023\/06\/omega-3-extreme-oomega-rasvhapped-fit360.ee-1-768x300.jpg 768w, https:\/\/fit360.ee\/wp-content\/uploads\/2023\/06\/omega-3-extreme-oomega-rasvhapped-fit360.ee-1.jpg 922w\" sizes=\"auto, (max-width: 800px) 100vw, 800px\" \/><\/a><\/p>\n<section class=\"cm__section\">\n<ul class=\"cm__list\">\n<li>1 portsjon = 1 kapsel<\/li>\n<li>Portsjonid pakendi kohta: 90<\/li>\n<li>K\u00f5rge rasvhapete EPA ja DHA sisaldus<\/li>\n<li>1000 mg kala\u00f5li igas portsjonis<\/li>\n<\/ul>\n<h4 class=\"cm__heading\"><strong>Omega 3 \u2013 EPA ja DHA rasvhapete allikas<\/strong><\/h4>\n<p class=\"cm__text\">Omega-3 rasvhapped on vajalikud optimaalse heaolu ja tervise s\u00e4ilitamiseks.\u00a0Omega-3 rasvhapped on vajalikud optimaalse heaolu ja tervise s\u00e4ilitamiseks.\u00a0Neid leidub rasvaste k\u00fclmaveekalade ja koorikloomade, taime\u00f5lide ja p\u00e4hklite kihtides.\u00a0Need pakuvad v\u00e4\u00e4rtuslikku eikosapentaeenhapet (EPA) ja dokosaheksaeenhapet (DHA), mida k\u00f5ige sagedamini soodustatakse normaalse s\u00fcdamefunktsiooni toetamiseks.\u00a0Sellel on positiivne m\u00f5ju s\u00fcdamele, ajule ja veresoontele.\u00a0Omega 3 toetab igak\u00fclgselt organismi t\u00f6\u00f6d.\u00a0V\u00e4ga kontsentreeritud kala\u00f5li leidub mugavates geelkapslites.<\/p>\n<h4 class=\"cm__heading\"><strong>OstroVit Omega-3 koostisainete omadused<\/strong>:<\/h4>\n<ul class=\"cm__list\">\n<li>Positiivne m\u00f5ju s\u00fcdame-veresoonkonna s\u00fcsteemi toimimisele<\/li>\n<li>V\u00f5ib alandada homots\u00fcsteiini taset<\/li>\n<li>Meie rakumembraanide peamine ehitusmaterjal<\/li>\n<li>Varustage rakumembraane hapniku ja toitainetega<\/li>\n<\/ul>\n<p><strong>T\u00c4HELEPANU!\u00a0T\u00e4nu suurele kala\u00f5li sisaldusele on tootel kalal\u00f5hn.<\/strong><\/p>\n<\/section>\n<section class=\"cm__section\">\n<div class=\"cm__heading\"><strong>Laboratoorselt t\u00f5estatud kvaliteet<\/strong><\/div>\n<p class=\"cm__text --bold\">Klientide tervise huvides testitakse meie toodetud tooteid regulaarselt s\u00f5ltumatus akrediteeritud laboris, et tagada ja s\u00e4ilitada k\u00f5rgeim kvaliteet.<\/p>\n<p><strong>Koostisosad<\/strong>: Kala\u00f5li, katte koostis (\u017eelatiin, niiskuses\u00e4ilitaja: gl\u00fctserool; puhastatud vesi). Toode v\u00f5ib sisaldada piima (sh laktoosi), sojaube, maap\u00e4hkleid, muid p\u00e4hkleid, seesamiseemneid, kaera, mune, v\u00e4hilaadseid.<\/p>\n<p><strong>Kasutamine<\/strong>: V\u00f5tke 1 portsjon (1 kapsel) p\u00e4evas, eelistatavalt p\u00e4rast s\u00f6\u00f6ki.\u00a0Joo piisavas koguses vett.<\/p>\n<p><strong>Suurus<\/strong>: 90 kapslit &#8211; 90 serveeringut.<\/p>\n<section class=\"projector__description--nutritional row\" data-selector=\".--nutritional\">\n<div class=\"col-12 col-md-10 col-lg-8\">\n<div class=\"--nutrit\">\n<div class=\"nutrition_table_wrapper\">\n<div class=\"table_wrapper\">\n<table>\n<tbody>\n<tr>\n<th>Aktiivsed koostisosad<\/th>\n<th>1 portsjon<\/th>\n<\/tr>\n<tr>\n<td>Kala\u00f5li<\/td>\n<td>1000 mg<\/td>\n<\/tr>\n<tr class=\"sub\">\n<td>&#8211; sealhulgas eikosapentaeenhappe EPA<\/td>\n<td>500 mg<\/td>\n<\/tr>\n<tr class=\"sub\">\n<td>&#8211; sealhulgas dokosaheksaeenhape DHA<\/td>\n<td>250 mg<\/td>\n<\/tr>\n<\/tbody>\n<\/table>\n<\/div>\n<\/div>\n<p>Vaata ka meie teisi Omega 3 rasvhappeid\u00a0<a href=\"https:\/\/fit360.ee\/en\/product-category\/product-groups\/essential-fats-en\/omega-3-en\/\"><strong>SIIT<\/strong><\/a>\u00a0v\u00f5i Kasulikke Rasvhappeid\u00a0<a href=\"https:\/\/fit360.ee\/en\/product-category\/product-groups\/essential-fats-en\/\"><strong>SIIT<\/strong><\/a>!<\/p>\n<\/div>\n<\/div>\n<\/section>\n<\/section>\n<div class=\"--label col-12\">Soovid kaupa osta suuremas koguses? Vaata antud toodet ka meie HULGI poest\u00a0<a href=\"https:\/\/toidulisandidhulgi.ee\/product\/omega-3-extreme-500-epa-250-dha\/\"><strong>SIIT<\/strong><\/a>!<\/div>\n","protected":false},"excerpt":{"rendered":"<ul class=\"cm__list\">\n<li>Positiivne m\u00f5ju s\u00fcdame-veresoonkonna s\u00fcsteemi toimimisele<\/li>\n<li>V\u00f5ib alandada homots\u00fcsteiini taset<\/li>\n<li>Meie rakumembraanide peamine ehitusmaterjal<\/li>\n<li>Varustage rakumembraane hapniku ja toitainetega<\/li>\n<\/ul>\n","protected":false},"featured_media":76621,"comment_status":"closed","ping_status":"closed","template":"","meta":[],"product_brand":[],"product_cat":[525,2438,1329],"product_tag":[1775,4401,1924],"giftcard-category":[],"class_list":{"0":"post-71008","1":"product","2":"type-product","3":"status-publish","4":"has-post-thumbnail","6":"product_cat-essential-fats-en","7":"product_cat-omega-3-en","8":"product_cat-ostrovit-en","9":"product_tag-omega-3-en","10":"product_tag-omega-3-extreme-en","11":"product_tag-ostrovit-en","12":"pa_kogus-90-capsules","13":"pa_toidulisand-branddd-ostrovit","14":"pa_tootegruppp-omega-3-en","15":"pa_tootegruppp-useful-fatty-acids","17":"first","18":"outofstock","19":"sale","20":"taxable","21":"shipping-taxable","22":"purchasable","23":"product-type-simple"},"yoast_head":"<!-- This site is optimized with the Yoast SEO plugin v27.3 - https:\/\/yoast.com\/product\/yoast-seo-wordpress\/ -->\n<title>Omega 3 Extreme 500 EPA \/ 250 DHA (90caps) - Kiire Tarne<\/title>\n<meta name=\"description\" content=\"Omega 3 Extreme 90 caps on kala\u00f5lil p\u00f5hinev tervislik toidulisand.\u00a0See sisaldab oomega-3 rasvhappeid, mis toetavad s\u00fcdame ja aju t\u00f6\u00f6d ning tugevdavad ....\" \/>\n<meta name=\"robots\" content=\"index, follow, max-snippet:-1, max-image-preview:large, max-video-preview:-1\" \/>\n<link rel=\"canonical\" href=\"https:\/\/fit360.ee\/en\/pood\/product-groups\/essential-fats-en\/omega-3-en\/omega-3-extreme-500-epa-250-dha\/\" \/>\n<meta property=\"og:locale\" content=\"en_US\" \/>\n<meta property=\"og:type\" content=\"article\" \/>\n<meta property=\"og:title\" content=\"Omega 3 Extreme 500 EPA \/ 250 DHA (90caps) - Kiire Tarne\" \/>\n<meta property=\"og:description\" content=\"Omega 3 Extreme 90 caps on kala\u00f5lil p\u00f5hinev tervislik toidulisand.\u00a0See sisaldab oomega-3 rasvhappeid, mis toetavad s\u00fcdame ja aju t\u00f6\u00f6d ning tugevdavad ....\" \/>\n<meta property=\"og:url\" content=\"https:\/\/fit360.ee\/en\/pood\/product-groups\/essential-fats-en\/omega-3-en\/omega-3-extreme-500-epa-250-dha\/\" \/>\n<meta property=\"og:site_name\" content=\"Fit360\" \/>\n<meta property=\"article:modified_time\" content=\"2026-01-07T11:49:11+00:00\" \/>\n<meta property=\"og:image\" content=\"https:\/\/fit360.ee\/wp-content\/uploads\/2023\/06\/ostrovit-omega-3-extreme-fit360.ee-1.png\" \/>\n\t<meta property=\"og:image:width\" content=\"450\" \/>\n\t<meta property=\"og:image:height\" content=\"450\" \/>\n\t<meta property=\"og:image:type\" content=\"image\/png\" \/>\n<meta name=\"twitter:card\" content=\"summary_large_image\" \/>\n<meta name=\"twitter:label1\" content=\"Est. reading time\" \/>\n\t<meta name=\"twitter:data1\" content=\"2 minutes\" \/>\n<script type=\"application\/ld+json\" class=\"yoast-schema-graph\">{\"@context\":\"https:\\\/\\\/schema.org\",\"@graph\":[{\"@type\":\"WebPage\",\"@id\":\"https:\\\/\\\/fit360.ee\\\/en\\\/pood\\\/product-groups\\\/essential-fats-en\\\/omega-3-en\\\/omega-3-extreme-500-epa-250-dha\\\/\",\"url\":\"https:\\\/\\\/fit360.ee\\\/en\\\/pood\\\/product-groups\\\/essential-fats-en\\\/omega-3-en\\\/omega-3-extreme-500-epa-250-dha\\\/\",\"name\":\"Omega 3 Extreme 500 EPA \\\/ 250 DHA (90caps) - Kiire Tarne\",\"isPartOf\":{\"@id\":\"https:\\\/\\\/fit360.ee\\\/en\\\/#website\"},\"primaryImageOfPage\":{\"@id\":\"https:\\\/\\\/fit360.ee\\\/en\\\/pood\\\/product-groups\\\/essential-fats-en\\\/omega-3-en\\\/omega-3-extreme-500-epa-250-dha\\\/#primaryimage\"},\"image\":{\"@id\":\"https:\\\/\\\/fit360.ee\\\/en\\\/pood\\\/product-groups\\\/essential-fats-en\\\/omega-3-en\\\/omega-3-extreme-500-epa-250-dha\\\/#primaryimage\"},\"thumbnailUrl\":\"https:\\\/\\\/fit360.ee\\\/wp-content\\\/uploads\\\/2023\\\/06\\\/ostrovit-omega-3-extreme-fit360.ee-1.png\",\"datePublished\":\"2023-06-09T15:44:42+00:00\",\"dateModified\":\"2026-01-07T11:49:11+00:00\",\"description\":\"Omega 3 Extreme 90 caps on kala\u00f5lil p\u00f5hinev tervislik toidulisand.\u00a0See sisaldab oomega-3 rasvhappeid, mis toetavad s\u00fcdame ja aju t\u00f6\u00f6d ning tugevdavad ....\",\"breadcrumb\":{\"@id\":\"https:\\\/\\\/fit360.ee\\\/en\\\/pood\\\/product-groups\\\/essential-fats-en\\\/omega-3-en\\\/omega-3-extreme-500-epa-250-dha\\\/#breadcrumb\"},\"inLanguage\":\"en-US\",\"potentialAction\":[{\"@type\":\"ReadAction\",\"target\":[\"https:\\\/\\\/fit360.ee\\\/en\\\/pood\\\/product-groups\\\/essential-fats-en\\\/omega-3-en\\\/omega-3-extreme-500-epa-250-dha\\\/\"]}]},{\"@type\":\"ImageObject\",\"inLanguage\":\"en-US\",\"@id\":\"https:\\\/\\\/fit360.ee\\\/en\\\/pood\\\/product-groups\\\/essential-fats-en\\\/omega-3-en\\\/omega-3-extreme-500-epa-250-dha\\\/#primaryimage\",\"url\":\"https:\\\/\\\/fit360.ee\\\/wp-content\\\/uploads\\\/2023\\\/06\\\/ostrovit-omega-3-extreme-fit360.ee-1.png\",\"contentUrl\":\"https:\\\/\\\/fit360.ee\\\/wp-content\\\/uploads\\\/2023\\\/06\\\/ostrovit-omega-3-extreme-fit360.ee-1.png\",\"width\":450,\"height\":450,\"caption\":\"ostrovit omega 3 extreme - fit360.ee\"},{\"@type\":\"BreadcrumbList\",\"@id\":\"https:\\\/\\\/fit360.ee\\\/en\\\/pood\\\/product-groups\\\/essential-fats-en\\\/omega-3-en\\\/omega-3-extreme-500-epa-250-dha\\\/#breadcrumb\",\"itemListElement\":[{\"@type\":\"ListItem\",\"position\":1,\"name\":\"Home\",\"item\":\"https:\\\/\\\/fit360.ee\\\/en\\\/\"},{\"@type\":\"ListItem\",\"position\":2,\"name\":\"Shop\",\"item\":\"https:\\\/\\\/fit360.ee\\\/en\\\/shop\\\/\"},{\"@type\":\"ListItem\",\"position\":3,\"name\":\"Omega 3 Extreme 500 EPA \\\/ 250 DHA (90caps)\"}]},{\"@type\":\"WebSite\",\"@id\":\"https:\\\/\\\/fit360.ee\\\/en\\\/#website\",\"url\":\"https:\\\/\\\/fit360.ee\\\/en\\\/\",\"name\":\"Fit360\",\"description\":\"\",\"publisher\":{\"@id\":\"https:\\\/\\\/fit360.ee\\\/en\\\/#organization\"},\"potentialAction\":[{\"@type\":\"SearchAction\",\"target\":{\"@type\":\"EntryPoint\",\"urlTemplate\":\"https:\\\/\\\/fit360.ee\\\/en\\\/?s={search_term_string}\"},\"query-input\":{\"@type\":\"PropertyValueSpecification\",\"valueRequired\":true,\"valueName\":\"search_term_string\"}}],\"inLanguage\":\"en-US\"},{\"@type\":\"Organization\",\"@id\":\"https:\\\/\\\/fit360.ee\\\/en\\\/#organization\",\"name\":\"Fit360\",\"url\":\"https:\\\/\\\/fit360.ee\\\/en\\\/\",\"logo\":{\"@type\":\"ImageObject\",\"inLanguage\":\"en-US\",\"@id\":\"https:\\\/\\\/fit360.ee\\\/en\\\/#\\\/schema\\\/logo\\\/image\\\/\",\"url\":\"https:\\\/\\\/fit360.ee\\\/wp-content\\\/uploads\\\/2017\\\/01\\\/logo-fit360.png\",\"contentUrl\":\"https:\\\/\\\/fit360.ee\\\/wp-content\\\/uploads\\\/2017\\\/01\\\/logo-fit360.png\",\"width\":180,\"height\":66,\"caption\":\"Fit360\"},\"image\":{\"@id\":\"https:\\\/\\\/fit360.ee\\\/en\\\/#\\\/schema\\\/logo\\\/image\\\/\"}}]}<\/script>\n<!-- \/ Yoast SEO plugin. -->","yoast_head_json":{"title":"Omega 3 Extreme 500 EPA \/ 250 DHA (90caps) - Kiire Tarne","description":"Omega 3 Extreme 90 caps on kala\u00f5lil p\u00f5hinev tervislik toidulisand.\u00a0See sisaldab oomega-3 rasvhappeid, mis toetavad s\u00fcdame ja aju t\u00f6\u00f6d ning tugevdavad ....","robots":{"index":"index","follow":"follow","max-snippet":"max-snippet:-1","max-image-preview":"max-image-preview:large","max-video-preview":"max-video-preview:-1"},"canonical":"https:\/\/fit360.ee\/en\/pood\/product-groups\/essential-fats-en\/omega-3-en\/omega-3-extreme-500-epa-250-dha\/","og_locale":"en_US","og_type":"article","og_title":"Omega 3 Extreme 500 EPA \/ 250 DHA (90caps) - Kiire Tarne","og_description":"Omega 3 Extreme 90 caps on kala\u00f5lil p\u00f5hinev tervislik toidulisand.\u00a0See sisaldab oomega-3 rasvhappeid, mis toetavad s\u00fcdame ja aju t\u00f6\u00f6d ning tugevdavad ....","og_url":"https:\/\/fit360.ee\/en\/pood\/product-groups\/essential-fats-en\/omega-3-en\/omega-3-extreme-500-epa-250-dha\/","og_site_name":"Fit360","article_modified_time":"2026-01-07T11:49:11+00:00","og_image":[{"width":450,"height":450,"url":"https:\/\/fit360.ee\/wp-content\/uploads\/2023\/06\/ostrovit-omega-3-extreme-fit360.ee-1.png","type":"image\/png"}],"twitter_card":"summary_large_image","twitter_misc":{"Est. reading time":"2 minutes"},"schema":{"@context":"https:\/\/schema.org","@graph":[{"@type":"WebPage","@id":"https:\/\/fit360.ee\/en\/pood\/product-groups\/essential-fats-en\/omega-3-en\/omega-3-extreme-500-epa-250-dha\/","url":"https:\/\/fit360.ee\/en\/pood\/product-groups\/essential-fats-en\/omega-3-en\/omega-3-extreme-500-epa-250-dha\/","name":"Omega 3 Extreme 500 EPA \/ 250 DHA (90caps) - Kiire Tarne","isPartOf":{"@id":"https:\/\/fit360.ee\/en\/#website"},"primaryImageOfPage":{"@id":"https:\/\/fit360.ee\/en\/pood\/product-groups\/essential-fats-en\/omega-3-en\/omega-3-extreme-500-epa-250-dha\/#primaryimage"},"image":{"@id":"https:\/\/fit360.ee\/en\/pood\/product-groups\/essential-fats-en\/omega-3-en\/omega-3-extreme-500-epa-250-dha\/#primaryimage"},"thumbnailUrl":"https:\/\/fit360.ee\/wp-content\/uploads\/2023\/06\/ostrovit-omega-3-extreme-fit360.ee-1.png","datePublished":"2023-06-09T15:44:42+00:00","dateModified":"2026-01-07T11:49:11+00:00","description":"Omega 3 Extreme 90 caps on kala\u00f5lil p\u00f5hinev tervislik toidulisand.\u00a0See sisaldab oomega-3 rasvhappeid, mis toetavad s\u00fcdame ja aju t\u00f6\u00f6d ning tugevdavad ....","breadcrumb":{"@id":"https:\/\/fit360.ee\/en\/pood\/product-groups\/essential-fats-en\/omega-3-en\/omega-3-extreme-500-epa-250-dha\/#breadcrumb"},"inLanguage":"en-US","potentialAction":[{"@type":"ReadAction","target":["https:\/\/fit360.ee\/en\/pood\/product-groups\/essential-fats-en\/omega-3-en\/omega-3-extreme-500-epa-250-dha\/"]}]},{"@type":"ImageObject","inLanguage":"en-US","@id":"https:\/\/fit360.ee\/en\/pood\/product-groups\/essential-fats-en\/omega-3-en\/omega-3-extreme-500-epa-250-dha\/#primaryimage","url":"https:\/\/fit360.ee\/wp-content\/uploads\/2023\/06\/ostrovit-omega-3-extreme-fit360.ee-1.png","contentUrl":"https:\/\/fit360.ee\/wp-content\/uploads\/2023\/06\/ostrovit-omega-3-extreme-fit360.ee-1.png","width":450,"height":450,"caption":"ostrovit omega 3 extreme - fit360.ee"},{"@type":"BreadcrumbList","@id":"https:\/\/fit360.ee\/en\/pood\/product-groups\/essential-fats-en\/omega-3-en\/omega-3-extreme-500-epa-250-dha\/#breadcrumb","itemListElement":[{"@type":"ListItem","position":1,"name":"Home","item":"https:\/\/fit360.ee\/en\/"},{"@type":"ListItem","position":2,"name":"Shop","item":"https:\/\/fit360.ee\/en\/shop\/"},{"@type":"ListItem","position":3,"name":"Omega 3 Extreme 500 EPA \/ 250 DHA (90caps)"}]},{"@type":"WebSite","@id":"https:\/\/fit360.ee\/en\/#website","url":"https:\/\/fit360.ee\/en\/","name":"Fit360","description":"","publisher":{"@id":"https:\/\/fit360.ee\/en\/#organization"},"potentialAction":[{"@type":"SearchAction","target":{"@type":"EntryPoint","urlTemplate":"https:\/\/fit360.ee\/en\/?s={search_term_string}"},"query-input":{"@type":"PropertyValueSpecification","valueRequired":true,"valueName":"search_term_string"}}],"inLanguage":"en-US"},{"@type":"Organization","@id":"https:\/\/fit360.ee\/en\/#organization","name":"Fit360","url":"https:\/\/fit360.ee\/en\/","logo":{"@type":"ImageObject","inLanguage":"en-US","@id":"https:\/\/fit360.ee\/en\/#\/schema\/logo\/image\/","url":"https:\/\/fit360.ee\/wp-content\/uploads\/2017\/01\/logo-fit360.png","contentUrl":"https:\/\/fit360.ee\/wp-content\/uploads\/2017\/01\/logo-fit360.png","width":180,"height":66,"caption":"Fit360"},"image":{"@id":"https:\/\/fit360.ee\/en\/#\/schema\/logo\/image\/"}}]}},"_links":{"self":[{"href":"https:\/\/fit360.ee\/en\/wp-json\/wp\/v2\/product\/71008","targetHints":{"allow":["GET"]}}],"collection":[{"href":"https:\/\/fit360.ee\/en\/wp-json\/wp\/v2\/product"}],"about":[{"href":"https:\/\/fit360.ee\/en\/wp-json\/wp\/v2\/types\/product"}],"replies":[{"embeddable":true,"href":"https:\/\/fit360.ee\/en\/wp-json\/wp\/v2\/comments?post=71008"}],"wp:featuredmedia":[{"embeddable":true,"href":"https:\/\/fit360.ee\/en\/wp-json\/wp\/v2\/media\/76621"}],"wp:attachment":[{"href":"https:\/\/fit360.ee\/en\/wp-json\/wp\/v2\/media?parent=71008"}],"wp:term":[{"taxonomy":"product_brand","embeddable":true,"href":"https:\/\/fit360.ee\/en\/wp-json\/wp\/v2\/product_brand?post=71008"},{"taxonomy":"product_cat","embeddable":true,"href":"https:\/\/fit360.ee\/en\/wp-json\/wp\/v2\/product_cat?post=71008"},{"taxonomy":"product_tag","embeddable":true,"href":"https:\/\/fit360.ee\/en\/wp-json\/wp\/v2\/product_tag?post=71008"},{"taxonomy":"giftcard-category","embeddable":true,"href":"https:\/\/fit360.ee\/en\/wp-json\/wp\/v2\/giftcard-category?post=71008"}],"curies":[{"name":"wp","href":"https:\/\/api.w.org\/{rel}","templated":true}]}}