{"id":71073,"date":"2023-06-13T09:48:06","date_gmt":"2023-06-13T07:48:06","guid":{"rendered":"https:\/\/fit360.ee\/pood\/uncategorized\/melatoniin-4000-mcg-100-tabletti\/"},"modified":"2025-08-13T07:38:31","modified_gmt":"2025-08-13T05:38:31","slug":"melatoniin-4000-mcg-100-tabletti","status":"publish","type":"product","link":"https:\/\/fit360.ee\/en\/pood\/product-groups\/sleep-enhancers-en\/melatonin-en\/melatoniin-4000-mcg-100-tabletti\/","title":{"rendered":"Melatoniin 4000 mcg (100 tabletti)"},"content":{"rendered":"<h2><strong>Melatoniin 4000<\/strong><\/h2>\n<p>OstroVit Melatoniin 4000 mcg on tablettide kujul toidulisand, mille koostisained toetavad uinumist ja parandavad une kvaliteeti.<\/p>\n<h4><strong>Mis on melatoniin ja kes peaksid seda kasutama?<\/strong><\/h4>\n<p>Melatoniin on inimorganismis loomulik hormoon. See m\u00e4ngib olulist rolli \u00f6\u00f6p\u00e4evar\u00fctmi reguleerimisel ja tagab hea une. Tekkiva melatoniini kogus s\u00f5ltub kellaajast, samal ajal kui selle tipptase registreeritakse \u00f6\u00f6sel. Vanusega melatoniini hulk langeb, mist\u00f5ttu eakad puutuvad sagedamini kokku uneh\u00e4iretega.<\/p>\n<p><a href=\"https:\/\/fit360.ee\/wp-content\/uploads\/2023\/06\/melatonin-4000-ostrovit-fit360.ee_-800x312.jpg\"><img loading=\"lazy\" decoding=\"async\" class=\"wp-image-71069 size-medium\" src=\"https:\/\/fit360.ee\/wp-content\/uploads\/2023\/06\/melatonin-4000-ostrovit-fit360.ee_-800x312.jpg\" alt=\"melatoniin 4000 ostrovit - fit360.ee\" width=\"800\" height=\"312\" srcset=\"https:\/\/fit360.ee\/wp-content\/uploads\/2023\/06\/melatonin-4000-ostrovit-fit360.ee_-800x312.jpg 800w, https:\/\/fit360.ee\/wp-content\/uploads\/2023\/06\/melatonin-4000-ostrovit-fit360.ee_-510x199.jpg 510w, https:\/\/fit360.ee\/wp-content\/uploads\/2023\/06\/melatonin-4000-ostrovit-fit360.ee_-768x300.jpg 768w, https:\/\/fit360.ee\/wp-content\/uploads\/2023\/06\/melatonin-4000-ostrovit-fit360.ee_.jpg 922w\" sizes=\"auto, (max-width: 800px) 100vw, 800px\" \/><\/a><\/p>\n<p>OstroVit Melatonin&#8217;is sisalduvate koostisosade omadused:<\/p>\n<ul>\n<li><strong>\u00d6\u00d6p\u00e4evar\u00fctmi REGULEERIMINE<\/strong> &#8211; OstroVit Melatoniin 4000 mcg toidulisand on asendamatu v\u00f5itluses uneh\u00e4iretega. T\u00e4nu nendeletablettidele v\u00f5ite unustada magamata \u00f6\u00f6d ja hakata paremini magama.<\/li>\n<li><strong>ANTIOKS\u00dcDANDITE OMADUSED<\/strong>\u00a0\u2013 Lisaks bioloogilisele kella reguleerimisele on melatoniinil antioks\u00fcdantsed omadused. See v\u00e4hendab vabade radikaalide hulka, kaitstes seega organismi.<\/li>\n<li><strong>K\u00d5RGE MELATONIINI SISALDUS<\/strong> \u2013 \u00dcks tablett sisaldab koguni 4 mg melatoniini.<\/li>\n<li><strong>MUGAV VORM<\/strong>\u00a0\u2013 OstroViti Melatonin 4000 on lihtne alla neelata. T\u00e4nu k\u00f5rgele toimeainesisaldusele ei pea te n\u00fc\u00fcdsest v\u00f5tma mitut melatoniini tabletti p\u00e4evas.<\/li>\n<\/ul>\n<p>\u00d5nneks saab melatoniini puuduse h\u00f5lpsasti k\u00f5rvaldada t\u00e4nu OstroVit Melatoniin 4000 mcg tablettidele, mis mitte ainult ei reguleeri teie bioloogilist kella, vaid n\u00e4itavad ka antioks\u00fcdatiivseid omadusi. Valige meie toode, kui:<\/p>\n<ul>\n<li>on probleeme uinumisega<\/li>\n<li>\u00e4rkate hommikul v\u00e4ga vara<\/li>\n<li>\u00e4rkate \u00f6\u00f6sel mitu korda<\/li>\n<li>tunnete kogu p\u00e4eva jooksul v\u00e4simust ja n\u00e4rvilisust<\/li>\n<li>kannatate ajav\u00f6\u00f6ndi muutumise ehk jet lag-i all<\/li>\n<li>vahetustega t\u00f6\u00f6 takistab \u00f6\u00f6p\u00e4evar\u00fctmi hoidmist<\/li>\n<\/ul>\n<p><strong>Koostisosad<\/strong>: mikrokristalne tselluloos; t\u00e4rklis, paakumisvastased ained: rasvhapete magneesiumisoolad, r\u00e4nidioksiid; melatoniin.<\/p>\n<p><strong>Kasutamine: <\/strong>V\u00f5tke 1 portsjon (1\/4 tabletti) p\u00e4evas, 30 minutit enne magamaminekut.<\/p>\n<p>\u00c4rge \u00fcletage soovitatavat \u00f6\u00f6p\u00e4evast annust. \u00c4rge kasutage toodet mitmekesise toitumise asendajana (asendajana). Soovitatavad on tasakaalustatud toitumine ja tervislik eluviis. \u00c4rge neelake alla, kui olete m\u00f5ne koostisosa suhtes allergiline. Lapsed, rasedad v\u00f5i imetavad naised ei tohi toodet v\u00f5tta. Hoida lastele k\u00e4ttesaamatus kohas.<\/p>\n<p>\u00c4rge kasutage autojuhtimise v\u00f5i masinate k\u00e4sitsemise ajal, \u00e4rge kombineerige alkoholi tarbimise ja teiste ravimitega, sealhulgas taimsete ravimitega.<\/p>\n<p><strong>Suurus<\/strong>: 100 tabletti<\/p>\n<table>\n<tbody>\n<tr>\n<td width=\"189\"><strong><b>Aktiivsed koostisosad<\/b><\/strong><\/td>\n<td width=\"189\"><strong><b>1\/4 tabletti<\/b><\/strong><\/td>\n<td width=\"189\"><strong><b>1 tablett<\/b><\/strong><\/td>\n<\/tr>\n<tr>\n<td width=\"189\">Melatoniin<\/td>\n<td width=\"189\">1 mcg<\/td>\n<td width=\"189\">4 mcg<\/td>\n<\/tr>\n<\/tbody>\n<\/table>\n<p>Vaata ka meie teisi UND soodustavaid toidulisandeid\u00a0<a href=\"https:\/\/fit360.ee\/en\/product-category\/product-groups\/sleep-enhancers-en\/\"><strong>SIIT<\/strong><\/a>\u00a0v\u00f5i Melatoniine\u00a0<a href=\"https:\/\/fit360.ee\/en\/product-category\/product-groups\/sleep-enhancers-en\/melatonin-en\/\"><strong>SIIT<\/strong><\/a>!<\/p>\n<p>Soovid kaupa osta suuremas koguses? Vaata antud toodet ka meie HULGI poest\u00a0<a href=\"https:\/\/toidulisandidhulgi.ee\/product\/melatoniin-4000-mcg-100-tabletti\/\"><strong>SIIT<\/strong><\/a>!<\/p>\n","protected":false},"excerpt":{"rendered":"<ul class=\"cm__list\">\n<li>Abi uinumiseks vajaliku aja l\u00fchendamisel<\/li>\n<li>Aitab parandada \u00fcldist une kvaliteeti<\/li>\n<li>Aitab leevendada ajav\u00f6\u00f6ndi j\u00e4rsu muutumise s\u00fcndroomi subjektiivset tunnet<\/li>\n<li>V\u00f5ib olla p\u00f5letikuvastane toime<\/li>\n<li>Omab antioks\u00fcdantset toimet<\/li>\n<\/ul>\n","protected":false},"featured_media":84610,"comment_status":"closed","ping_status":"closed","template":"","meta":[],"product_brand":[],"product_cat":[2480,1329,2476],"product_tag":[2992,2007,1924],"giftcard-category":[],"class_list":{"0":"post-71073","1":"product","2":"type-product","3":"status-publish","4":"has-post-thumbnail","6":"product_cat-melatonin-en","7":"product_cat-ostrovit-en","8":"product_cat-sleep-enhancers-en","9":"product_tag-melatoniin-en","10":"product_tag-melatonin-en","11":"product_tag-ostrovit-en","12":"pa_kogus-100-tablets","13":"pa_toidulisand-branddd-ostrovit","14":"pa_tootegruppp-melatoniin-en","15":"pa_tootegruppp-uni-en","17":"first","18":"outofstock","19":"sale","20":"taxable","21":"shipping-taxable","22":"purchasable","23":"product-type-simple"},"yoast_head":"<!-- This site is optimized with the Yoast SEO plugin v27.3 - https:\/\/yoast.com\/product\/yoast-seo-wordpress\/ -->\n<title>Melatoniin 4000 mcg (100 tabletti) - Toidulisand Unele - Fit360<\/title>\n<meta name=\"description\" content=\"Melatoniin 4000 mcg on tablettide kujul toidulisand, mille koostisained toetavad uinumist ja parandavad une kvaliteeti. Kiire Tarne!\" \/>\n<meta name=\"robots\" content=\"index, follow, max-snippet:-1, max-image-preview:large, max-video-preview:-1\" \/>\n<link rel=\"canonical\" href=\"https:\/\/fit360.ee\/en\/pood\/product-groups\/sleep-enhancers-en\/melatonin-en\/melatoniin-4000-mcg-100-tabletti\/\" \/>\n<meta property=\"og:locale\" content=\"en_US\" \/>\n<meta property=\"og:type\" content=\"article\" \/>\n<meta property=\"og:title\" content=\"Melatoniin 4000 mcg (100 tabletti) - Toidulisand Unele - Fit360\" \/>\n<meta property=\"og:description\" content=\"Melatoniin 4000 mcg on tablettide kujul toidulisand, mille koostisained toetavad uinumist ja parandavad une kvaliteeti. Kiire Tarne!\" \/>\n<meta property=\"og:url\" content=\"https:\/\/fit360.ee\/en\/pood\/product-groups\/sleep-enhancers-en\/melatonin-en\/melatoniin-4000-mcg-100-tabletti\/\" \/>\n<meta property=\"og:site_name\" content=\"Fit360\" \/>\n<meta property=\"article:modified_time\" content=\"2025-08-13T05:38:31+00:00\" \/>\n<meta property=\"og:image\" content=\"https:\/\/fit360.ee\/wp-content\/uploads\/2023\/06\/Melatoniin-4000mcg-fit360.ee_.jpg\" \/>\n\t<meta property=\"og:image:width\" content=\"1100\" \/>\n\t<meta property=\"og:image:height\" content=\"1422\" \/>\n\t<meta property=\"og:image:type\" content=\"image\/jpeg\" \/>\n<meta name=\"twitter:card\" content=\"summary_large_image\" \/>\n<meta name=\"twitter:label1\" content=\"Est. reading time\" \/>\n\t<meta name=\"twitter:data1\" content=\"2 minutes\" \/>\n<script type=\"application\/ld+json\" class=\"yoast-schema-graph\">{\"@context\":\"https:\\\/\\\/schema.org\",\"@graph\":[{\"@type\":\"WebPage\",\"@id\":\"https:\\\/\\\/fit360.ee\\\/en\\\/pood\\\/product-groups\\\/sleep-enhancers-en\\\/melatonin-en\\\/melatoniin-4000-mcg-100-tabletti\\\/\",\"url\":\"https:\\\/\\\/fit360.ee\\\/en\\\/pood\\\/product-groups\\\/sleep-enhancers-en\\\/melatonin-en\\\/melatoniin-4000-mcg-100-tabletti\\\/\",\"name\":\"Melatoniin 4000 mcg (100 tabletti) - Toidulisand Unele - Fit360\",\"isPartOf\":{\"@id\":\"https:\\\/\\\/fit360.ee\\\/en\\\/#website\"},\"primaryImageOfPage\":{\"@id\":\"https:\\\/\\\/fit360.ee\\\/en\\\/pood\\\/product-groups\\\/sleep-enhancers-en\\\/melatonin-en\\\/melatoniin-4000-mcg-100-tabletti\\\/#primaryimage\"},\"image\":{\"@id\":\"https:\\\/\\\/fit360.ee\\\/en\\\/pood\\\/product-groups\\\/sleep-enhancers-en\\\/melatonin-en\\\/melatoniin-4000-mcg-100-tabletti\\\/#primaryimage\"},\"thumbnailUrl\":\"https:\\\/\\\/fit360.ee\\\/wp-content\\\/uploads\\\/2023\\\/06\\\/Melatoniin-4000mcg-fit360.ee_.jpg\",\"datePublished\":\"2023-06-13T07:48:06+00:00\",\"dateModified\":\"2025-08-13T05:38:31+00:00\",\"description\":\"Melatoniin 4000 mcg on tablettide kujul toidulisand, mille koostisained toetavad uinumist ja parandavad une kvaliteeti. Kiire Tarne!\",\"breadcrumb\":{\"@id\":\"https:\\\/\\\/fit360.ee\\\/en\\\/pood\\\/product-groups\\\/sleep-enhancers-en\\\/melatonin-en\\\/melatoniin-4000-mcg-100-tabletti\\\/#breadcrumb\"},\"inLanguage\":\"en-US\",\"potentialAction\":[{\"@type\":\"ReadAction\",\"target\":[\"https:\\\/\\\/fit360.ee\\\/en\\\/pood\\\/product-groups\\\/sleep-enhancers-en\\\/melatonin-en\\\/melatoniin-4000-mcg-100-tabletti\\\/\"]}]},{\"@type\":\"ImageObject\",\"inLanguage\":\"en-US\",\"@id\":\"https:\\\/\\\/fit360.ee\\\/en\\\/pood\\\/product-groups\\\/sleep-enhancers-en\\\/melatonin-en\\\/melatoniin-4000-mcg-100-tabletti\\\/#primaryimage\",\"url\":\"https:\\\/\\\/fit360.ee\\\/wp-content\\\/uploads\\\/2023\\\/06\\\/Melatoniin-4000mcg-fit360.ee_.jpg\",\"contentUrl\":\"https:\\\/\\\/fit360.ee\\\/wp-content\\\/uploads\\\/2023\\\/06\\\/Melatoniin-4000mcg-fit360.ee_.jpg\",\"width\":1100,\"height\":1422,\"caption\":\"Melatoniin 4000mcg - fit360.ee\"},{\"@type\":\"BreadcrumbList\",\"@id\":\"https:\\\/\\\/fit360.ee\\\/en\\\/pood\\\/product-groups\\\/sleep-enhancers-en\\\/melatonin-en\\\/melatoniin-4000-mcg-100-tabletti\\\/#breadcrumb\",\"itemListElement\":[{\"@type\":\"ListItem\",\"position\":1,\"name\":\"Home\",\"item\":\"https:\\\/\\\/fit360.ee\\\/en\\\/\"},{\"@type\":\"ListItem\",\"position\":2,\"name\":\"Shop\",\"item\":\"https:\\\/\\\/fit360.ee\\\/en\\\/shop\\\/\"},{\"@type\":\"ListItem\",\"position\":3,\"name\":\"Melatoniin 4000 mcg (100 tabletti)\"}]},{\"@type\":\"WebSite\",\"@id\":\"https:\\\/\\\/fit360.ee\\\/en\\\/#website\",\"url\":\"https:\\\/\\\/fit360.ee\\\/en\\\/\",\"name\":\"Fit360\",\"description\":\"\",\"publisher\":{\"@id\":\"https:\\\/\\\/fit360.ee\\\/en\\\/#organization\"},\"potentialAction\":[{\"@type\":\"SearchAction\",\"target\":{\"@type\":\"EntryPoint\",\"urlTemplate\":\"https:\\\/\\\/fit360.ee\\\/en\\\/?s={search_term_string}\"},\"query-input\":{\"@type\":\"PropertyValueSpecification\",\"valueRequired\":true,\"valueName\":\"search_term_string\"}}],\"inLanguage\":\"en-US\"},{\"@type\":\"Organization\",\"@id\":\"https:\\\/\\\/fit360.ee\\\/en\\\/#organization\",\"name\":\"Fit360\",\"url\":\"https:\\\/\\\/fit360.ee\\\/en\\\/\",\"logo\":{\"@type\":\"ImageObject\",\"inLanguage\":\"en-US\",\"@id\":\"https:\\\/\\\/fit360.ee\\\/en\\\/#\\\/schema\\\/logo\\\/image\\\/\",\"url\":\"https:\\\/\\\/fit360.ee\\\/wp-content\\\/uploads\\\/2017\\\/01\\\/logo-fit360.png\",\"contentUrl\":\"https:\\\/\\\/fit360.ee\\\/wp-content\\\/uploads\\\/2017\\\/01\\\/logo-fit360.png\",\"width\":180,\"height\":66,\"caption\":\"Fit360\"},\"image\":{\"@id\":\"https:\\\/\\\/fit360.ee\\\/en\\\/#\\\/schema\\\/logo\\\/image\\\/\"}}]}<\/script>\n<!-- \/ Yoast SEO plugin. -->","yoast_head_json":{"title":"Melatoniin 4000 mcg (100 tabletti) - Toidulisand Unele - Fit360","description":"Melatoniin 4000 mcg on tablettide kujul toidulisand, mille koostisained toetavad uinumist ja parandavad une kvaliteeti. Kiire Tarne!","robots":{"index":"index","follow":"follow","max-snippet":"max-snippet:-1","max-image-preview":"max-image-preview:large","max-video-preview":"max-video-preview:-1"},"canonical":"https:\/\/fit360.ee\/en\/pood\/product-groups\/sleep-enhancers-en\/melatonin-en\/melatoniin-4000-mcg-100-tabletti\/","og_locale":"en_US","og_type":"article","og_title":"Melatoniin 4000 mcg (100 tabletti) - Toidulisand Unele - Fit360","og_description":"Melatoniin 4000 mcg on tablettide kujul toidulisand, mille koostisained toetavad uinumist ja parandavad une kvaliteeti. Kiire Tarne!","og_url":"https:\/\/fit360.ee\/en\/pood\/product-groups\/sleep-enhancers-en\/melatonin-en\/melatoniin-4000-mcg-100-tabletti\/","og_site_name":"Fit360","article_modified_time":"2025-08-13T05:38:31+00:00","og_image":[{"width":1100,"height":1422,"url":"https:\/\/fit360.ee\/wp-content\/uploads\/2023\/06\/Melatoniin-4000mcg-fit360.ee_.jpg","type":"image\/jpeg"}],"twitter_card":"summary_large_image","twitter_misc":{"Est. reading time":"2 minutes"},"schema":{"@context":"https:\/\/schema.org","@graph":[{"@type":"WebPage","@id":"https:\/\/fit360.ee\/en\/pood\/product-groups\/sleep-enhancers-en\/melatonin-en\/melatoniin-4000-mcg-100-tabletti\/","url":"https:\/\/fit360.ee\/en\/pood\/product-groups\/sleep-enhancers-en\/melatonin-en\/melatoniin-4000-mcg-100-tabletti\/","name":"Melatoniin 4000 mcg (100 tabletti) - Toidulisand Unele - Fit360","isPartOf":{"@id":"https:\/\/fit360.ee\/en\/#website"},"primaryImageOfPage":{"@id":"https:\/\/fit360.ee\/en\/pood\/product-groups\/sleep-enhancers-en\/melatonin-en\/melatoniin-4000-mcg-100-tabletti\/#primaryimage"},"image":{"@id":"https:\/\/fit360.ee\/en\/pood\/product-groups\/sleep-enhancers-en\/melatonin-en\/melatoniin-4000-mcg-100-tabletti\/#primaryimage"},"thumbnailUrl":"https:\/\/fit360.ee\/wp-content\/uploads\/2023\/06\/Melatoniin-4000mcg-fit360.ee_.jpg","datePublished":"2023-06-13T07:48:06+00:00","dateModified":"2025-08-13T05:38:31+00:00","description":"Melatoniin 4000 mcg on tablettide kujul toidulisand, mille koostisained toetavad uinumist ja parandavad une kvaliteeti. Kiire Tarne!","breadcrumb":{"@id":"https:\/\/fit360.ee\/en\/pood\/product-groups\/sleep-enhancers-en\/melatonin-en\/melatoniin-4000-mcg-100-tabletti\/#breadcrumb"},"inLanguage":"en-US","potentialAction":[{"@type":"ReadAction","target":["https:\/\/fit360.ee\/en\/pood\/product-groups\/sleep-enhancers-en\/melatonin-en\/melatoniin-4000-mcg-100-tabletti\/"]}]},{"@type":"ImageObject","inLanguage":"en-US","@id":"https:\/\/fit360.ee\/en\/pood\/product-groups\/sleep-enhancers-en\/melatonin-en\/melatoniin-4000-mcg-100-tabletti\/#primaryimage","url":"https:\/\/fit360.ee\/wp-content\/uploads\/2023\/06\/Melatoniin-4000mcg-fit360.ee_.jpg","contentUrl":"https:\/\/fit360.ee\/wp-content\/uploads\/2023\/06\/Melatoniin-4000mcg-fit360.ee_.jpg","width":1100,"height":1422,"caption":"Melatoniin 4000mcg - fit360.ee"},{"@type":"BreadcrumbList","@id":"https:\/\/fit360.ee\/en\/pood\/product-groups\/sleep-enhancers-en\/melatonin-en\/melatoniin-4000-mcg-100-tabletti\/#breadcrumb","itemListElement":[{"@type":"ListItem","position":1,"name":"Home","item":"https:\/\/fit360.ee\/en\/"},{"@type":"ListItem","position":2,"name":"Shop","item":"https:\/\/fit360.ee\/en\/shop\/"},{"@type":"ListItem","position":3,"name":"Melatoniin 4000 mcg (100 tabletti)"}]},{"@type":"WebSite","@id":"https:\/\/fit360.ee\/en\/#website","url":"https:\/\/fit360.ee\/en\/","name":"Fit360","description":"","publisher":{"@id":"https:\/\/fit360.ee\/en\/#organization"},"potentialAction":[{"@type":"SearchAction","target":{"@type":"EntryPoint","urlTemplate":"https:\/\/fit360.ee\/en\/?s={search_term_string}"},"query-input":{"@type":"PropertyValueSpecification","valueRequired":true,"valueName":"search_term_string"}}],"inLanguage":"en-US"},{"@type":"Organization","@id":"https:\/\/fit360.ee\/en\/#organization","name":"Fit360","url":"https:\/\/fit360.ee\/en\/","logo":{"@type":"ImageObject","inLanguage":"en-US","@id":"https:\/\/fit360.ee\/en\/#\/schema\/logo\/image\/","url":"https:\/\/fit360.ee\/wp-content\/uploads\/2017\/01\/logo-fit360.png","contentUrl":"https:\/\/fit360.ee\/wp-content\/uploads\/2017\/01\/logo-fit360.png","width":180,"height":66,"caption":"Fit360"},"image":{"@id":"https:\/\/fit360.ee\/en\/#\/schema\/logo\/image\/"}}]}},"_links":{"self":[{"href":"https:\/\/fit360.ee\/en\/wp-json\/wp\/v2\/product\/71073","targetHints":{"allow":["GET"]}}],"collection":[{"href":"https:\/\/fit360.ee\/en\/wp-json\/wp\/v2\/product"}],"about":[{"href":"https:\/\/fit360.ee\/en\/wp-json\/wp\/v2\/types\/product"}],"replies":[{"embeddable":true,"href":"https:\/\/fit360.ee\/en\/wp-json\/wp\/v2\/comments?post=71073"}],"wp:featuredmedia":[{"embeddable":true,"href":"https:\/\/fit360.ee\/en\/wp-json\/wp\/v2\/media\/84610"}],"wp:attachment":[{"href":"https:\/\/fit360.ee\/en\/wp-json\/wp\/v2\/media?parent=71073"}],"wp:term":[{"taxonomy":"product_brand","embeddable":true,"href":"https:\/\/fit360.ee\/en\/wp-json\/wp\/v2\/product_brand?post=71073"},{"taxonomy":"product_cat","embeddable":true,"href":"https:\/\/fit360.ee\/en\/wp-json\/wp\/v2\/product_cat?post=71073"},{"taxonomy":"product_tag","embeddable":true,"href":"https:\/\/fit360.ee\/en\/wp-json\/wp\/v2\/product_tag?post=71073"},{"taxonomy":"giftcard-category","embeddable":true,"href":"https:\/\/fit360.ee\/en\/wp-json\/wp\/v2\/giftcard-category?post=71073"}],"curies":[{"name":"wp","href":"https:\/\/api.w.org\/{rel}","templated":true}]}}