{"id":71082,"date":"2023-06-13T10:49:21","date_gmt":"2023-06-13T08:49:21","guid":{"rendered":"https:\/\/fit360.ee\/pood\/uncategorized\/braintus-focus-shot-100ml\/"},"modified":"2025-08-13T07:35:56","modified_gmt":"2025-08-13T05:35:56","slug":"braintus-focus-shot-100ml","status":"publish","type":"product","link":"https:\/\/fit360.ee\/en\/pood\/product-groups\/drinks-shots\/braintus-focus-shot-100ml\/","title":{"rendered":"Braintus Focus Shot (100ml) Parim enne: 12\/2024"},"content":{"rendered":"<h2><strong>OstroVit Braintus Focus Shot<\/strong><\/h2>\n<p class=\"cm__text --bold\">OstroVit Braintus Focus Shot on ainulaadne vedel toidulisand, mis on m\u00f5eldud k\u00f5igile neile, kes soovivad oma aju stimuleerida.\u00a0Algne koostis toimeainetest \u2013 kofeiin, L-teaniin, koliini bitartraat, vitamiin B6 ja ashwagandha ekstrakt \u2013 toetab mitmeid n\u00e4rvis\u00fcsteemi protsesse.\u00a0Kas soovite kiiremini \u00f5ppida ja paremini meelde j\u00e4tta?\u00a0Kas teil on juhtumisi keskendumisprobleeme?\u00a0Kas tegelete unetusega?\u00a0Proovi OstroVit Braintus Focus Short \u2013 puuviljase mustikamaitselist vedelat toidulisandit.<\/p>\n<p><a href=\"https:\/\/fit360.ee\/wp-content\/uploads\/2023\/06\/ostrovit-braintus-focus-shot-fit360.ee_-800x312.jpg\"><img loading=\"lazy\" decoding=\"async\" class=\"size-medium wp-image-71076\" src=\"https:\/\/fit360.ee\/wp-content\/uploads\/2023\/06\/ostrovit-braintus-focus-shot-fit360.ee_-800x312.jpg\" alt=\"ostrovit braintus focus shot - fit360.ee\" width=\"800\" height=\"312\" srcset=\"https:\/\/fit360.ee\/wp-content\/uploads\/2023\/06\/ostrovit-braintus-focus-shot-fit360.ee_-800x312.jpg 800w, https:\/\/fit360.ee\/wp-content\/uploads\/2023\/06\/ostrovit-braintus-focus-shot-fit360.ee_-510x199.jpg 510w, https:\/\/fit360.ee\/wp-content\/uploads\/2023\/06\/ostrovit-braintus-focus-shot-fit360.ee_-768x300.jpg 768w, https:\/\/fit360.ee\/wp-content\/uploads\/2023\/06\/ostrovit-braintus-focus-shot-fit360.ee_.jpg 922w\" sizes=\"auto, (max-width: 800px) 100vw, 800px\" \/><\/a><\/p>\n<section class=\"cm__section\">\n<h4 class=\"cm__heading\"><strong>OstroVit Braintus Focus Shot \u2013 kellele?<\/strong><\/h4>\n<p class=\"cm__text\">Vedel toidulisand OstroVit Braintus Focus Shot p\u00f5hineb ainulaadsel koostisainetel, mis aitavad toetada Teie aju tegevust. Toode toimib h\u00e4sti k\u00f5ikidel inimestel, kes soovivad oma kognitiivseid funktsioone toetada.\u00a0Eelk\u00f5ige soovitatakse seda \u00f5pilastele v\u00f5i vaimut\u00f6\u00f6listele.\u00a0T\u00e4nu n\u00e4rvis\u00fcsteemi protsesside reguleerimisele v\u00f5ib toidulisand leevendada pingeid ja \u00e4revust ning aidata teil uinuda.<\/p>\n<p class=\"cm__text\">Meie puuviljase mustikamaitseline amps stimuleerib teie aju tegutsema ning toetab \u00f5igeid kognitiivseid funktsioone, nagu m\u00e4lu, keskendumisv\u00f5ime ja kujutlusv\u00f5ime.\u00a0Valige Braintus Focus Shot, kui:<\/p>\n<ul class=\"cm__list\">\n<li>tahate rohkem ja kiiremini p\u00e4he \u00f5ppida<\/li>\n<li>on keskendumis- ja t\u00e4helepanuprobleemid<\/li>\n<li>soovite \u00f5pitulemusi parandada<\/li>\n<li>vaimset t\u00f6\u00f6d teha<\/li>\n<li>olete halvas tujus<\/li>\n<li>juhtite stressirohket elustiili<\/li>\n<\/ul>\n<p class=\"cm__text\">OstroVit Braintus Focus Shot on mitmest koostisosast koosnev toidulisand vedelikus.\u00a0Pudelijook on maitsev, mahlakas ja lihtsalt kasutatav \u2013 tuleb vaid \u00e4ra juua.<\/p>\n<p class=\"cm__text\">Toidulisandi peamised omadused:<\/p>\n<ul class=\"cm__list\">\n<li><strong>AJU TOETUS<\/strong>\u00a0\u2013 toidulisand stimuleerib n\u00e4rvis\u00fcsteemi tegutsema.\u00a0See suurendab m\u00e4lu, keskendumisv\u00f5imet, t\u00e4helepanu.\u00a0See aitab teil stressirohketes olukordades rahulikuks j\u00e4\u00e4da.<\/li>\n<li><strong>ENERGIADOOS<\/strong>\u00a0\u2013 T\u00e4nu veevaba kofeiini kasutamisele v\u00f5ib toidulisand suurendada teie valvsust ja anda teile energiat, et saaksite rohkem j\u00f5udu ja tegutsemistahet.<\/li>\n<li><strong>T\u00c4IUSLIK H\u00c4IRIGA INIMESELE<\/strong>\u00a0\u2013 v\u00f5ite meie toidulisandi alati kaasa v\u00f5tta \u2013 ja hoida seda seljakotis, spordikotis v\u00f5i kodus.\u00a0Kas olete kaotamas v\u00f5imu?\u00a0OstroVit Braintus Focus Shot on probleemi kiire lahendus.<\/li>\n<li><strong>JOOKS VALMIS<\/strong>\u00a0\u2013 toidulisand ei n\u00f5ua selle eelnevat valmistamist.\u00a0Samuti pole vaja vett juua.\u00a0Lihtsalt avage pudel ja jooge meie mustikamaitselist jooki.<\/li>\n<\/ul>\n<h4 class=\"cm__heading\"><strong>OstroVit Braintus Focus Shoti toimeained<\/strong><\/h4>\n<ul class=\"cm__list\">\n<li><strong>Veevaba kofeiin<\/strong> -See stimuleerib n\u00e4rvis\u00fcsteemi, suurendab keskendumisv\u00f5imet ja t\u00e4helepanu.\u00a0See annab energiat tegutsemiseks.\u00a0See v\u00e4hendab uimasust<\/li>\n<li><strong>L-teaniin<\/strong> &#8211; See toetab teie organismi kognitiivseid funktsioone.\u00a0Sellel v\u00f5ib olla l\u00f5\u00f5gastavaid ja anksiol\u00fc\u00fctilisi omadusi ning see v\u00f5ib parandada une kvaliteeti.<\/li>\n<li><strong>Ashwagandha juure ekstrakt<\/strong> &#8211; See pakub teie n\u00e4rvis\u00fcsteemile igak\u00fclgset tuge.\u00a0See v\u00f5ib leevendada pingeid ja \u00e4revust<\/li>\n<li><strong>Koliini bitartraat<\/strong> &#8211; See julgustab n\u00e4rvis\u00fcsteemi tegutsema.\u00a0See v\u00f5ib aidata teil asju meelde j\u00e4tta.\u00a0See v\u00f5ib maksa detoksifitseerida.<\/li>\n<li><strong>Vitamiin B6<\/strong> &#8211; See reguleerib ainevahetust ja n\u00e4rvis\u00fcsteemi.\u00a0See v\u00f5ib ka teie tuju parandada.<\/li>\n<\/ul>\n<\/section>\n<section class=\"cm__section\">\n<div class=\"cm__heading\"><strong>Laboratoorselt kinnitatud kvaliteet<\/strong><\/div>\n<p class=\"cm__text --bold\">Klientide tervise huvides testitakse meie toodetud tooteid regulaarselt s\u00f5ltumatus akrediteeritud laboris, et tagada ja s\u00e4ilitada k\u00f5rgeim kvaliteet.<\/p>\n<p><strong>Koostisosad<\/strong>: Vesi, \u00f5unamahl \u00f5unamahla kontsentraadist 20%, happesuse regulaator: sidrunhape;\u00a0L-teaniin, veevaba kofeiin, ashwagandha juure ekstrakt (7,2% withanoliide, 1% alkaloide ja 0,25% vitaferiin A), koliini bitartraat, magusained: atsesulfaam K, sukraloos;\u00a0s\u00e4ilitusained: naatriumbensoaat, kaaliumsorbaat;\u00a0vitamiin B6 (p\u00fcridoksaal-5&#8242;-fosfaat P-5-P), maitse.<\/p>\n<p>Toode v\u00f5ib sisaldada piima (sh laktoosi), sojaube, maap\u00e4hkleid, muid p\u00e4hkleid, seesamiseemneid, gluteeni sisaldavaid teravilju, mune, karpe, kala.<\/p>\n<p><strong>Kasutamine<\/strong>: \u00dcks portsjon 1 pudel (100 ml) tarbida \u00fcks kord p\u00e4evas.\u00a0\u00c4rge tarbige rohkem kui 1 portsjon p\u00e4evas.\u00a0Toode on m\u00f5eldud t\u00e4iskasvanutele.\u00a0Sete on loodusn\u00e4htus.\u00a0Enne kasutamist loksutada.\u00a0P\u00e4rast avamist hoida k\u00fclmkapis, tarbida 24 tunni jooksul.<\/p>\n<p><strong>Suurus<\/strong>: 100ml<\/p>\n<p><strong>Maitse<\/strong>: mustikas<\/p>\n<table>\n<tbody>\n<tr>\n<th>Aktiivsed koostisosad<\/th>\n<th>Portsjoni kohta<\/th>\n<th>%SPK*<\/th>\n<\/tr>\n<tr>\n<td>Veevaba kofeiin<\/td>\n<td>150 mg<\/td>\n<td>&#8211;<\/td>\n<\/tr>\n<tr>\n<td>L-teaniin<\/td>\n<td>200 mg<\/td>\n<td>&#8211;<\/td>\n<\/tr>\n<tr>\n<td>Ashwagandha juure ekstrakt (7,2% witanoliide, 1% alkaloide ja 0,25% vitaferiin A)<\/td>\n<td>130 mg<\/td>\n<td>&#8211;<\/td>\n<\/tr>\n<tr>\n<td>Koliini bitartraat<\/td>\n<td>100 mg<\/td>\n<td>&#8211;<\/td>\n<\/tr>\n<tr>\n<td>B6-vitamiin (piridoksaal-5&#8242;-fosfaat P-5-P)<\/td>\n<td>18 mg<\/td>\n<td>1286<\/td>\n<\/tr>\n<\/tbody>\n<\/table>\n<p>*SPK \u2013 Soovitatud p\u00e4evane kogus<\/p>\n<p>Vaata ka teisi Shotte <a href=\"https:\/\/fit360.ee\/en\/product-category\/product-groups\/drinks-shots\/\"><strong>SIIT<\/strong><\/a> v\u00f5i Aju Tegevust toetavaid toidulisandeid <a href=\"https:\/\/fit360.ee\/en\/product-category\/product-groups\/brain-support-nootropics-en\/\"><strong>SIIT<\/strong><\/a>!<\/p>\n<\/section>\n","protected":false},"excerpt":{"rendered":"<p class=\"cm__text\">Valige <strong>Braintus Focus Shot<\/strong>, kui:<\/p>\n<ul class=\"cm__list\">\n<li>tahate rohkem ja kiiremini p\u00e4he \u00f5ppida<\/li>\n<li>on keskendumis- ja t\u00e4helepanuprobleemid<\/li>\n<li>soovite \u00f5pitulemusi parandada<\/li>\n<li>vaimset t\u00f6\u00f6d teha<\/li>\n<li>olete halvas tujus<\/li>\n<li>juhtite stressirohket elustiili<\/li>\n<\/ul>\n","protected":false},"featured_media":71081,"comment_status":"closed","ping_status":"closed","template":"","meta":[],"product_brand":[],"product_cat":[2485,523,1329],"product_tag":[2719,4403,1924],"giftcard-category":[],"class_list":{"0":"post-71082","1":"product","2":"type-product","3":"status-publish","4":"has-post-thumbnail","6":"product_cat-brain-support-nootropics-en","7":"product_cat-drinks-shots","8":"product_cat-ostrovit-en","9":"product_tag-braintus-focus-en","10":"product_tag-braintus-focus-shot-en","11":"product_tag-ostrovit-en","12":"pa_kogus-100ml-en","13":"pa_toidulisand-branddd-ostrovit","14":"pa_tootegruppp-aju-tegevus-nootropics-en","15":"pa_tootegruppp-drinksshots","17":"first","18":"instock","19":"sale","20":"taxable","21":"shipping-taxable","22":"purchasable","23":"product-type-simple"},"yoast_head":"<!-- This site is optimized with the Yoast SEO plugin v27.3 - https:\/\/yoast.com\/product\/yoast-seo-wordpress\/ -->\n<title>Braintus Focus Shot (100ml) Parim enne: 12\/2024 - Aju stimuleerimine - Fit360<\/title>\n<meta name=\"description\" content=\"Braintus Focus Shot on ainulaadne vedel toidulisand, mis on m\u00f5eldud k\u00f5igile neile, kes soovivad oma aju stimuleerida.\u00a0Algne koostis toimeainetest \u2013 ...\" \/>\n<meta name=\"robots\" content=\"index, follow, max-snippet:-1, max-image-preview:large, max-video-preview:-1\" \/>\n<link rel=\"canonical\" href=\"https:\/\/fit360.ee\/en\/pood\/product-groups\/drinks-shots\/braintus-focus-shot-100ml\/\" \/>\n<meta property=\"og:locale\" content=\"en_US\" \/>\n<meta property=\"og:type\" content=\"article\" \/>\n<meta property=\"og:title\" content=\"Braintus Focus Shot (100ml) Parim enne: 12\/2024 - Aju stimuleerimine - Fit360\" \/>\n<meta property=\"og:description\" content=\"Braintus Focus Shot on ainulaadne vedel toidulisand, mis on m\u00f5eldud k\u00f5igile neile, kes soovivad oma aju stimuleerida.\u00a0Algne koostis toimeainetest \u2013 ...\" \/>\n<meta property=\"og:url\" content=\"https:\/\/fit360.ee\/en\/pood\/product-groups\/drinks-shots\/braintus-focus-shot-100ml\/\" \/>\n<meta property=\"og:site_name\" content=\"Fit360\" \/>\n<meta property=\"article:modified_time\" content=\"2025-08-13T05:35:56+00:00\" \/>\n<meta property=\"og:image\" content=\"https:\/\/fit360.ee\/wp-content\/uploads\/2023\/06\/braintus-focus-shot-fit360.ee_.png\" \/>\n\t<meta property=\"og:image:width\" content=\"450\" \/>\n\t<meta property=\"og:image:height\" content=\"450\" \/>\n\t<meta property=\"og:image:type\" content=\"image\/png\" \/>\n<meta name=\"twitter:card\" content=\"summary_large_image\" \/>\n<meta name=\"twitter:label1\" content=\"Est. reading time\" \/>\n\t<meta name=\"twitter:data1\" content=\"4 minutes\" \/>\n<script type=\"application\/ld+json\" class=\"yoast-schema-graph\">{\"@context\":\"https:\\\/\\\/schema.org\",\"@graph\":[{\"@type\":\"WebPage\",\"@id\":\"https:\\\/\\\/fit360.ee\\\/en\\\/pood\\\/product-groups\\\/drinks-shots\\\/braintus-focus-shot-100ml\\\/\",\"url\":\"https:\\\/\\\/fit360.ee\\\/en\\\/pood\\\/product-groups\\\/drinks-shots\\\/braintus-focus-shot-100ml\\\/\",\"name\":\"Braintus Focus Shot (100ml) Parim enne: 12\\\/2024 - Aju stimuleerimine - Fit360\",\"isPartOf\":{\"@id\":\"https:\\\/\\\/fit360.ee\\\/en\\\/#website\"},\"primaryImageOfPage\":{\"@id\":\"https:\\\/\\\/fit360.ee\\\/en\\\/pood\\\/product-groups\\\/drinks-shots\\\/braintus-focus-shot-100ml\\\/#primaryimage\"},\"image\":{\"@id\":\"https:\\\/\\\/fit360.ee\\\/en\\\/pood\\\/product-groups\\\/drinks-shots\\\/braintus-focus-shot-100ml\\\/#primaryimage\"},\"thumbnailUrl\":\"https:\\\/\\\/fit360.ee\\\/wp-content\\\/uploads\\\/2023\\\/06\\\/braintus-focus-shot-fit360.ee_.png\",\"datePublished\":\"2023-06-13T08:49:21+00:00\",\"dateModified\":\"2025-08-13T05:35:56+00:00\",\"description\":\"Braintus Focus Shot on ainulaadne vedel toidulisand, mis on m\u00f5eldud k\u00f5igile neile, kes soovivad oma aju stimuleerida.\u00a0Algne koostis toimeainetest \u2013 ...\",\"breadcrumb\":{\"@id\":\"https:\\\/\\\/fit360.ee\\\/en\\\/pood\\\/product-groups\\\/drinks-shots\\\/braintus-focus-shot-100ml\\\/#breadcrumb\"},\"inLanguage\":\"en-US\",\"potentialAction\":[{\"@type\":\"ReadAction\",\"target\":[\"https:\\\/\\\/fit360.ee\\\/en\\\/pood\\\/product-groups\\\/drinks-shots\\\/braintus-focus-shot-100ml\\\/\"]}]},{\"@type\":\"ImageObject\",\"inLanguage\":\"en-US\",\"@id\":\"https:\\\/\\\/fit360.ee\\\/en\\\/pood\\\/product-groups\\\/drinks-shots\\\/braintus-focus-shot-100ml\\\/#primaryimage\",\"url\":\"https:\\\/\\\/fit360.ee\\\/wp-content\\\/uploads\\\/2023\\\/06\\\/braintus-focus-shot-fit360.ee_.png\",\"contentUrl\":\"https:\\\/\\\/fit360.ee\\\/wp-content\\\/uploads\\\/2023\\\/06\\\/braintus-focus-shot-fit360.ee_.png\",\"width\":450,\"height\":450,\"caption\":\"braintus focus shot - fit360.ee\"},{\"@type\":\"BreadcrumbList\",\"@id\":\"https:\\\/\\\/fit360.ee\\\/en\\\/pood\\\/product-groups\\\/drinks-shots\\\/braintus-focus-shot-100ml\\\/#breadcrumb\",\"itemListElement\":[{\"@type\":\"ListItem\",\"position\":1,\"name\":\"Home\",\"item\":\"https:\\\/\\\/fit360.ee\\\/en\\\/\"},{\"@type\":\"ListItem\",\"position\":2,\"name\":\"Shop\",\"item\":\"https:\\\/\\\/fit360.ee\\\/en\\\/shop\\\/\"},{\"@type\":\"ListItem\",\"position\":3,\"name\":\"Braintus Focus Shot (100ml) Parim enne: 12\\\/2024\"}]},{\"@type\":\"WebSite\",\"@id\":\"https:\\\/\\\/fit360.ee\\\/en\\\/#website\",\"url\":\"https:\\\/\\\/fit360.ee\\\/en\\\/\",\"name\":\"Fit360\",\"description\":\"\",\"publisher\":{\"@id\":\"https:\\\/\\\/fit360.ee\\\/en\\\/#organization\"},\"potentialAction\":[{\"@type\":\"SearchAction\",\"target\":{\"@type\":\"EntryPoint\",\"urlTemplate\":\"https:\\\/\\\/fit360.ee\\\/en\\\/?s={search_term_string}\"},\"query-input\":{\"@type\":\"PropertyValueSpecification\",\"valueRequired\":true,\"valueName\":\"search_term_string\"}}],\"inLanguage\":\"en-US\"},{\"@type\":\"Organization\",\"@id\":\"https:\\\/\\\/fit360.ee\\\/en\\\/#organization\",\"name\":\"Fit360\",\"url\":\"https:\\\/\\\/fit360.ee\\\/en\\\/\",\"logo\":{\"@type\":\"ImageObject\",\"inLanguage\":\"en-US\",\"@id\":\"https:\\\/\\\/fit360.ee\\\/en\\\/#\\\/schema\\\/logo\\\/image\\\/\",\"url\":\"https:\\\/\\\/fit360.ee\\\/wp-content\\\/uploads\\\/2017\\\/01\\\/logo-fit360.png\",\"contentUrl\":\"https:\\\/\\\/fit360.ee\\\/wp-content\\\/uploads\\\/2017\\\/01\\\/logo-fit360.png\",\"width\":180,\"height\":66,\"caption\":\"Fit360\"},\"image\":{\"@id\":\"https:\\\/\\\/fit360.ee\\\/en\\\/#\\\/schema\\\/logo\\\/image\\\/\"}}]}<\/script>\n<!-- \/ Yoast SEO plugin. -->","yoast_head_json":{"title":"Braintus Focus Shot (100ml) Parim enne: 12\/2024 - Aju stimuleerimine - Fit360","description":"Braintus Focus Shot on ainulaadne vedel toidulisand, mis on m\u00f5eldud k\u00f5igile neile, kes soovivad oma aju stimuleerida.\u00a0Algne koostis toimeainetest \u2013 ...","robots":{"index":"index","follow":"follow","max-snippet":"max-snippet:-1","max-image-preview":"max-image-preview:large","max-video-preview":"max-video-preview:-1"},"canonical":"https:\/\/fit360.ee\/en\/pood\/product-groups\/drinks-shots\/braintus-focus-shot-100ml\/","og_locale":"en_US","og_type":"article","og_title":"Braintus Focus Shot (100ml) Parim enne: 12\/2024 - Aju stimuleerimine - Fit360","og_description":"Braintus Focus Shot on ainulaadne vedel toidulisand, mis on m\u00f5eldud k\u00f5igile neile, kes soovivad oma aju stimuleerida.\u00a0Algne koostis toimeainetest \u2013 ...","og_url":"https:\/\/fit360.ee\/en\/pood\/product-groups\/drinks-shots\/braintus-focus-shot-100ml\/","og_site_name":"Fit360","article_modified_time":"2025-08-13T05:35:56+00:00","og_image":[{"width":450,"height":450,"url":"https:\/\/fit360.ee\/wp-content\/uploads\/2023\/06\/braintus-focus-shot-fit360.ee_.png","type":"image\/png"}],"twitter_card":"summary_large_image","twitter_misc":{"Est. reading time":"4 minutes"},"schema":{"@context":"https:\/\/schema.org","@graph":[{"@type":"WebPage","@id":"https:\/\/fit360.ee\/en\/pood\/product-groups\/drinks-shots\/braintus-focus-shot-100ml\/","url":"https:\/\/fit360.ee\/en\/pood\/product-groups\/drinks-shots\/braintus-focus-shot-100ml\/","name":"Braintus Focus Shot (100ml) Parim enne: 12\/2024 - Aju stimuleerimine - Fit360","isPartOf":{"@id":"https:\/\/fit360.ee\/en\/#website"},"primaryImageOfPage":{"@id":"https:\/\/fit360.ee\/en\/pood\/product-groups\/drinks-shots\/braintus-focus-shot-100ml\/#primaryimage"},"image":{"@id":"https:\/\/fit360.ee\/en\/pood\/product-groups\/drinks-shots\/braintus-focus-shot-100ml\/#primaryimage"},"thumbnailUrl":"https:\/\/fit360.ee\/wp-content\/uploads\/2023\/06\/braintus-focus-shot-fit360.ee_.png","datePublished":"2023-06-13T08:49:21+00:00","dateModified":"2025-08-13T05:35:56+00:00","description":"Braintus Focus Shot on ainulaadne vedel toidulisand, mis on m\u00f5eldud k\u00f5igile neile, kes soovivad oma aju stimuleerida.\u00a0Algne koostis toimeainetest \u2013 ...","breadcrumb":{"@id":"https:\/\/fit360.ee\/en\/pood\/product-groups\/drinks-shots\/braintus-focus-shot-100ml\/#breadcrumb"},"inLanguage":"en-US","potentialAction":[{"@type":"ReadAction","target":["https:\/\/fit360.ee\/en\/pood\/product-groups\/drinks-shots\/braintus-focus-shot-100ml\/"]}]},{"@type":"ImageObject","inLanguage":"en-US","@id":"https:\/\/fit360.ee\/en\/pood\/product-groups\/drinks-shots\/braintus-focus-shot-100ml\/#primaryimage","url":"https:\/\/fit360.ee\/wp-content\/uploads\/2023\/06\/braintus-focus-shot-fit360.ee_.png","contentUrl":"https:\/\/fit360.ee\/wp-content\/uploads\/2023\/06\/braintus-focus-shot-fit360.ee_.png","width":450,"height":450,"caption":"braintus focus shot - fit360.ee"},{"@type":"BreadcrumbList","@id":"https:\/\/fit360.ee\/en\/pood\/product-groups\/drinks-shots\/braintus-focus-shot-100ml\/#breadcrumb","itemListElement":[{"@type":"ListItem","position":1,"name":"Home","item":"https:\/\/fit360.ee\/en\/"},{"@type":"ListItem","position":2,"name":"Shop","item":"https:\/\/fit360.ee\/en\/shop\/"},{"@type":"ListItem","position":3,"name":"Braintus Focus Shot (100ml) Parim enne: 12\/2024"}]},{"@type":"WebSite","@id":"https:\/\/fit360.ee\/en\/#website","url":"https:\/\/fit360.ee\/en\/","name":"Fit360","description":"","publisher":{"@id":"https:\/\/fit360.ee\/en\/#organization"},"potentialAction":[{"@type":"SearchAction","target":{"@type":"EntryPoint","urlTemplate":"https:\/\/fit360.ee\/en\/?s={search_term_string}"},"query-input":{"@type":"PropertyValueSpecification","valueRequired":true,"valueName":"search_term_string"}}],"inLanguage":"en-US"},{"@type":"Organization","@id":"https:\/\/fit360.ee\/en\/#organization","name":"Fit360","url":"https:\/\/fit360.ee\/en\/","logo":{"@type":"ImageObject","inLanguage":"en-US","@id":"https:\/\/fit360.ee\/en\/#\/schema\/logo\/image\/","url":"https:\/\/fit360.ee\/wp-content\/uploads\/2017\/01\/logo-fit360.png","contentUrl":"https:\/\/fit360.ee\/wp-content\/uploads\/2017\/01\/logo-fit360.png","width":180,"height":66,"caption":"Fit360"},"image":{"@id":"https:\/\/fit360.ee\/en\/#\/schema\/logo\/image\/"}}]}},"_links":{"self":[{"href":"https:\/\/fit360.ee\/en\/wp-json\/wp\/v2\/product\/71082","targetHints":{"allow":["GET"]}}],"collection":[{"href":"https:\/\/fit360.ee\/en\/wp-json\/wp\/v2\/product"}],"about":[{"href":"https:\/\/fit360.ee\/en\/wp-json\/wp\/v2\/types\/product"}],"replies":[{"embeddable":true,"href":"https:\/\/fit360.ee\/en\/wp-json\/wp\/v2\/comments?post=71082"}],"wp:featuredmedia":[{"embeddable":true,"href":"https:\/\/fit360.ee\/en\/wp-json\/wp\/v2\/media\/71081"}],"wp:attachment":[{"href":"https:\/\/fit360.ee\/en\/wp-json\/wp\/v2\/media?parent=71082"}],"wp:term":[{"taxonomy":"product_brand","embeddable":true,"href":"https:\/\/fit360.ee\/en\/wp-json\/wp\/v2\/product_brand?post=71082"},{"taxonomy":"product_cat","embeddable":true,"href":"https:\/\/fit360.ee\/en\/wp-json\/wp\/v2\/product_cat?post=71082"},{"taxonomy":"product_tag","embeddable":true,"href":"https:\/\/fit360.ee\/en\/wp-json\/wp\/v2\/product_tag?post=71082"},{"taxonomy":"giftcard-category","embeddable":true,"href":"https:\/\/fit360.ee\/en\/wp-json\/wp\/v2\/giftcard-category?post=71082"}],"curies":[{"name":"wp","href":"https:\/\/api.w.org\/{rel}","templated":true}]}}