{"id":71351,"date":"2023-07-01T10:20:54","date_gmt":"2023-07-01T08:20:54","guid":{"rendered":"https:\/\/fit360.ee\/pood\/uncategorized\/guarana-22-caffeine-100caps\/"},"modified":"2025-08-13T07:37:05","modified_gmt":"2025-08-13T05:37:05","slug":"guarana-22-caffeine-100caps","status":"publish","type":"product","link":"https:\/\/fit360.ee\/en\/pood\/product-groups\/fat-burners-en\/stimulant-free-fat-burners-en\/guarana-22-caffeine-100caps\/","title":{"rendered":"Guarana 22% Caffeine (100caps)"},"content":{"rendered":"<h2><strong>Evolite Guarana 22% Caffeine<\/strong><\/h2>\n<p>Guarana positiivsed omadused:<\/p>\n<ul>\n<li>Suurendab keha v\u00f5imeid f\u00fc\u00fcsilise koormuse ajal<\/li>\n<li>See v\u00e4hendab v\u00e4simuse s\u00fcmptomeid<\/li>\n<li>See toetab kognitiivseid v\u00f5imeid, keskendumisv\u00f5imet ja m\u00e4lu<\/li>\n<li>See soodustab heaolu<\/li>\n<li>See stimuleerib ainevahetust<\/li>\n<li>Mugav kapslite vorm!<\/li>\n<\/ul>\n<p><strong>Guaraanat<\/strong>\u00a0\u00a0kasutasid teadlaste m\u00e4rkmete kohaselt algselt indiaanlased, kui neil j\u00f5udu nappis.\u00a0T\u00e4nap\u00e4eval kasutatakse seda sageli tavalise kohvi asendajana ja seda kasutatakse tavaliselt stimulantides.\u00a0Selle p\u00f5hjuseks on\u00a0\u00a0<strong>teadaolevate taimede k\u00f5rgeim kofeiinisisaldus<\/strong>.\u00a0Kofeiini sisaldus guaranas j\u00e4\u00e4b vahemikku 3-6%, samas kui kohvis vaid 1-2,5%.\u00a0P\u00f5hiline erinevus tavalise kohvi ja guaraana vahel on guaraana\u00a0<strong>pikem ja \u00fchtlasem toimeaeg .<\/strong><\/p>\n<p><strong>Koostisosad:<\/strong> Guaraana seemne ekstrakt (Paullina Cupana L.; sh 22% kofeiini), mikrokristalliline tselluloosi t\u00e4iteaine, kapsli koostisosad; h\u00fcpromelloos, v\u00e4rvained: kollane raudoksiid, must raudoksiid, lakksinine V<\/p>\n<p><strong>Soovitatav p\u00e4evane kogus:\u00a0<\/strong>\u00a01 kapsel kuni 2 korda p\u00e4evas.<\/p>\n<p>Toidulisandit ei saa kasutada mitmek\u00fclgse toitumise asendajana (asendajana).\u00a0\u00c4rge \u00fcletage soovitatavat \u00f6\u00f6p\u00e4evast kogust!<\/p>\n<p><strong>M\u00e4rkus: <\/strong>Sisaldab kofeiini;\u00a0ei soovitata lastele ja rasedatele naistele;\u00a0\u00e4ra tarbi koos teiste toodetega, mis on kofeiini v\u00f5i muude sarnase toimega koostisainete allikaks.\u00a0Mitte kasutada inimestel, kellel on eelsoodumus neerukivide tekkeks v\u00f5i kellel on neerukivid.\u00a0Toode on m\u00f5eldud suurenenud f\u00fc\u00fcsilise aktiivsusega inimestele.<\/p>\n<p><strong>NB! Toode ei asenda mitmek\u00fclgset toitumist. Hoida lastele k\u00e4ttesaamatus kohas.<\/strong><\/p>\n<p><strong>Parim enne l\u00f5pp<\/strong>\u00a0\u00a0(kuu\/aasta)\u00a0\u00a0<strong>ja partii nr<\/strong>\u00a0: vt pakendi p\u00f5hja.<\/p>\n<p><strong>S\u00e4ilitamistingimused:<\/strong>\u00a0\u00a0Hoida tihedalt suletuna temperatuuril 5 kuni 30 kraadi Celsiuse j\u00e4rgi.\u00a0Kaitsta otseste soojusallikate, p\u00e4ikesevalguse ja niiskuse eest!\u00a0Hoida v\u00e4ikelastele k\u00e4ttesaamatus kohas!<\/p>\n<table width=\"926\">\n<tbody>\n<tr>\n<td><strong>Guarana Aktiivsed koostisosad<\/strong><\/td>\n<td><strong>1 kapsel<\/strong><\/td>\n<td><strong>2 kapslit<\/strong><\/td>\n<\/tr>\n<tr>\n<td>Guaraana ekstrakt<\/td>\n<td>455 mg<\/td>\n<td>910 mg<\/td>\n<\/tr>\n<tr>\n<td>sealhulgas kofeiin<\/td>\n<td>100 mg<\/td>\n<td>200 mg<\/td>\n<\/tr>\n<\/tbody>\n<\/table>\n<p>Vaata ka meie teisi Erguteid v\u00f5i Pre-Workoute <a href=\"https:\/\/fit360.ee\/en\/product-category\/product-groups\/pre-workout-en\/\"><strong>SIIT<\/strong><\/a>!<\/p>\n<p>Soovid teha suuremat tellimust? Vaata antud toodet meie HULGI lehelt\u00a0<a href=\"https:\/\/toidulisandidhulgi.ee\/product\/guarana-22-caffeine-100caps\/\"><strong>SIIT<\/strong><\/a>!<\/p>\n","protected":false},"excerpt":{"rendered":"<ul>\n<li>Suurendab keha v\u00f5imeid f\u00fc\u00fcsilise koormuse ajal<\/li>\n<li>See v\u00e4hendab v\u00e4simuse s\u00fcmptomeid<\/li>\n<li>See toetab kognitiivseid v\u00f5imeid, keskendumisv\u00f5imet ja m\u00e4lu<\/li>\n<li>See soodustab heaolu<\/li>\n<li>See stimuleerib ainevahetust<\/li>\n<li>Mugav kapslite vorm!<\/li>\n<\/ul>\n","protected":false},"featured_media":71350,"comment_status":"closed","ping_status":"closed","template":"","meta":[],"product_brand":[],"product_cat":[2485,5324,1618,530,533,2408],"product_tag":[2193,1773,4407],"giftcard-category":[],"class_list":{"0":"post-71351","1":"product","2":"type-product","3":"status-publish","4":"has-post-thumbnail","6":"product_cat-brain-support-nootropics-en","7":"product_cat-caffeine-en","8":"product_cat-evolite-en","9":"product_cat-fat-burners-en","10":"product_cat-pre-workout-en","11":"product_cat-stimulant-free-fat-burners-en","12":"product_tag-caffeine-en","13":"product_tag-evolite-en","14":"product_tag-guarana-en","15":"pa_kogus-100-capsules","16":"pa_toidulisand-branddd-evolite","17":"pa_tootegruppp-aju-tegevus-nootropics-en","18":"pa_tootegruppp-kofeiin-en","19":"pa_tootegruppp-pre-workout","20":"pa_tootegruppp-stimulandivaba-en","21":"pa_tootegruppp-weight-loss","23":"first","24":"instock","25":"sale","26":"taxable","27":"shipping-taxable","28":"purchasable","29":"product-type-simple"},"yoast_head":"<!-- This site is optimized with the Yoast SEO plugin v27.3 - https:\/\/yoast.com\/product\/yoast-seo-wordpress\/ -->\n<title>Guarana 22% Caffeine (100caps) - Guaraana - Energia - Fit360<\/title>\n<meta name=\"description\" content=\"Guarana suurendab keha v\u00f5imeid f\u00fc\u00fcsilise koormuse ajalSee v\u00e4hendab v\u00e4simuse s\u00fcmptomeid. Samuti toetab kognitiivseid v\u00f5imeid, keskendumisv\u00f5imet ja m\u00e4lu.\" \/>\n<meta name=\"robots\" content=\"index, follow, max-snippet:-1, max-image-preview:large, max-video-preview:-1\" \/>\n<link rel=\"canonical\" href=\"https:\/\/fit360.ee\/en\/pood\/product-groups\/fat-burners-en\/stimulant-free-fat-burners-en\/guarana-22-caffeine-100caps\/\" \/>\n<meta property=\"og:locale\" content=\"en_US\" \/>\n<meta property=\"og:type\" content=\"article\" \/>\n<meta property=\"og:title\" content=\"Guarana 22% Caffeine (100caps) - Guaraana - Energia - Fit360\" \/>\n<meta property=\"og:description\" content=\"Guarana suurendab keha v\u00f5imeid f\u00fc\u00fcsilise koormuse ajalSee v\u00e4hendab v\u00e4simuse s\u00fcmptomeid. Samuti toetab kognitiivseid v\u00f5imeid, keskendumisv\u00f5imet ja m\u00e4lu.\" \/>\n<meta property=\"og:url\" content=\"https:\/\/fit360.ee\/en\/pood\/product-groups\/fat-burners-en\/stimulant-free-fat-burners-en\/guarana-22-caffeine-100caps\/\" \/>\n<meta property=\"og:site_name\" content=\"Fit360\" \/>\n<meta property=\"article:modified_time\" content=\"2025-08-13T05:37:05+00:00\" \/>\n<meta property=\"og:image\" content=\"https:\/\/fit360.ee\/wp-content\/uploads\/2023\/07\/guarana-fit360.ee_.jpg\" \/>\n\t<meta property=\"og:image:width\" content=\"225\" \/>\n\t<meta property=\"og:image:height\" content=\"225\" \/>\n\t<meta property=\"og:image:type\" content=\"image\/jpeg\" \/>\n<meta name=\"twitter:card\" content=\"summary_large_image\" \/>\n<meta name=\"twitter:label1\" content=\"Est. reading time\" \/>\n\t<meta name=\"twitter:data1\" content=\"2 minutes\" \/>\n<script type=\"application\/ld+json\" class=\"yoast-schema-graph\">{\"@context\":\"https:\\\/\\\/schema.org\",\"@graph\":[{\"@type\":\"WebPage\",\"@id\":\"https:\\\/\\\/fit360.ee\\\/en\\\/pood\\\/product-groups\\\/fat-burners-en\\\/stimulant-free-fat-burners-en\\\/guarana-22-caffeine-100caps\\\/\",\"url\":\"https:\\\/\\\/fit360.ee\\\/en\\\/pood\\\/product-groups\\\/fat-burners-en\\\/stimulant-free-fat-burners-en\\\/guarana-22-caffeine-100caps\\\/\",\"name\":\"Guarana 22% Caffeine (100caps) - Guaraana - Energia - Fit360\",\"isPartOf\":{\"@id\":\"https:\\\/\\\/fit360.ee\\\/en\\\/#website\"},\"primaryImageOfPage\":{\"@id\":\"https:\\\/\\\/fit360.ee\\\/en\\\/pood\\\/product-groups\\\/fat-burners-en\\\/stimulant-free-fat-burners-en\\\/guarana-22-caffeine-100caps\\\/#primaryimage\"},\"image\":{\"@id\":\"https:\\\/\\\/fit360.ee\\\/en\\\/pood\\\/product-groups\\\/fat-burners-en\\\/stimulant-free-fat-burners-en\\\/guarana-22-caffeine-100caps\\\/#primaryimage\"},\"thumbnailUrl\":\"https:\\\/\\\/fit360.ee\\\/wp-content\\\/uploads\\\/2023\\\/07\\\/guarana-fit360.ee_.jpg\",\"datePublished\":\"2023-07-01T08:20:54+00:00\",\"dateModified\":\"2025-08-13T05:37:05+00:00\",\"description\":\"Guarana suurendab keha v\u00f5imeid f\u00fc\u00fcsilise koormuse ajalSee v\u00e4hendab v\u00e4simuse s\u00fcmptomeid. Samuti toetab kognitiivseid v\u00f5imeid, keskendumisv\u00f5imet ja m\u00e4lu.\",\"breadcrumb\":{\"@id\":\"https:\\\/\\\/fit360.ee\\\/en\\\/pood\\\/product-groups\\\/fat-burners-en\\\/stimulant-free-fat-burners-en\\\/guarana-22-caffeine-100caps\\\/#breadcrumb\"},\"inLanguage\":\"en-US\",\"potentialAction\":[{\"@type\":\"ReadAction\",\"target\":[\"https:\\\/\\\/fit360.ee\\\/en\\\/pood\\\/product-groups\\\/fat-burners-en\\\/stimulant-free-fat-burners-en\\\/guarana-22-caffeine-100caps\\\/\"]}]},{\"@type\":\"ImageObject\",\"inLanguage\":\"en-US\",\"@id\":\"https:\\\/\\\/fit360.ee\\\/en\\\/pood\\\/product-groups\\\/fat-burners-en\\\/stimulant-free-fat-burners-en\\\/guarana-22-caffeine-100caps\\\/#primaryimage\",\"url\":\"https:\\\/\\\/fit360.ee\\\/wp-content\\\/uploads\\\/2023\\\/07\\\/guarana-fit360.ee_.jpg\",\"contentUrl\":\"https:\\\/\\\/fit360.ee\\\/wp-content\\\/uploads\\\/2023\\\/07\\\/guarana-fit360.ee_.jpg\",\"width\":225,\"height\":225,\"caption\":\"guarana - fit360.ee\"},{\"@type\":\"BreadcrumbList\",\"@id\":\"https:\\\/\\\/fit360.ee\\\/en\\\/pood\\\/product-groups\\\/fat-burners-en\\\/stimulant-free-fat-burners-en\\\/guarana-22-caffeine-100caps\\\/#breadcrumb\",\"itemListElement\":[{\"@type\":\"ListItem\",\"position\":1,\"name\":\"Home\",\"item\":\"https:\\\/\\\/fit360.ee\\\/en\\\/\"},{\"@type\":\"ListItem\",\"position\":2,\"name\":\"Shop\",\"item\":\"https:\\\/\\\/fit360.ee\\\/en\\\/shop\\\/\"},{\"@type\":\"ListItem\",\"position\":3,\"name\":\"Guarana 22% Caffeine (100caps)\"}]},{\"@type\":\"WebSite\",\"@id\":\"https:\\\/\\\/fit360.ee\\\/en\\\/#website\",\"url\":\"https:\\\/\\\/fit360.ee\\\/en\\\/\",\"name\":\"Fit360\",\"description\":\"\",\"publisher\":{\"@id\":\"https:\\\/\\\/fit360.ee\\\/en\\\/#organization\"},\"potentialAction\":[{\"@type\":\"SearchAction\",\"target\":{\"@type\":\"EntryPoint\",\"urlTemplate\":\"https:\\\/\\\/fit360.ee\\\/en\\\/?s={search_term_string}\"},\"query-input\":{\"@type\":\"PropertyValueSpecification\",\"valueRequired\":true,\"valueName\":\"search_term_string\"}}],\"inLanguage\":\"en-US\"},{\"@type\":\"Organization\",\"@id\":\"https:\\\/\\\/fit360.ee\\\/en\\\/#organization\",\"name\":\"Fit360\",\"url\":\"https:\\\/\\\/fit360.ee\\\/en\\\/\",\"logo\":{\"@type\":\"ImageObject\",\"inLanguage\":\"en-US\",\"@id\":\"https:\\\/\\\/fit360.ee\\\/en\\\/#\\\/schema\\\/logo\\\/image\\\/\",\"url\":\"https:\\\/\\\/fit360.ee\\\/wp-content\\\/uploads\\\/2017\\\/01\\\/logo-fit360.png\",\"contentUrl\":\"https:\\\/\\\/fit360.ee\\\/wp-content\\\/uploads\\\/2017\\\/01\\\/logo-fit360.png\",\"width\":180,\"height\":66,\"caption\":\"Fit360\"},\"image\":{\"@id\":\"https:\\\/\\\/fit360.ee\\\/en\\\/#\\\/schema\\\/logo\\\/image\\\/\"}}]}<\/script>\n<!-- \/ Yoast SEO plugin. -->","yoast_head_json":{"title":"Guarana 22% Caffeine (100caps) - Guaraana - Energia - Fit360","description":"Guarana suurendab keha v\u00f5imeid f\u00fc\u00fcsilise koormuse ajalSee v\u00e4hendab v\u00e4simuse s\u00fcmptomeid. Samuti toetab kognitiivseid v\u00f5imeid, keskendumisv\u00f5imet ja m\u00e4lu.","robots":{"index":"index","follow":"follow","max-snippet":"max-snippet:-1","max-image-preview":"max-image-preview:large","max-video-preview":"max-video-preview:-1"},"canonical":"https:\/\/fit360.ee\/en\/pood\/product-groups\/fat-burners-en\/stimulant-free-fat-burners-en\/guarana-22-caffeine-100caps\/","og_locale":"en_US","og_type":"article","og_title":"Guarana 22% Caffeine (100caps) - Guaraana - Energia - Fit360","og_description":"Guarana suurendab keha v\u00f5imeid f\u00fc\u00fcsilise koormuse ajalSee v\u00e4hendab v\u00e4simuse s\u00fcmptomeid. Samuti toetab kognitiivseid v\u00f5imeid, keskendumisv\u00f5imet ja m\u00e4lu.","og_url":"https:\/\/fit360.ee\/en\/pood\/product-groups\/fat-burners-en\/stimulant-free-fat-burners-en\/guarana-22-caffeine-100caps\/","og_site_name":"Fit360","article_modified_time":"2025-08-13T05:37:05+00:00","og_image":[{"width":225,"height":225,"url":"https:\/\/fit360.ee\/wp-content\/uploads\/2023\/07\/guarana-fit360.ee_.jpg","type":"image\/jpeg"}],"twitter_card":"summary_large_image","twitter_misc":{"Est. reading time":"2 minutes"},"schema":{"@context":"https:\/\/schema.org","@graph":[{"@type":"WebPage","@id":"https:\/\/fit360.ee\/en\/pood\/product-groups\/fat-burners-en\/stimulant-free-fat-burners-en\/guarana-22-caffeine-100caps\/","url":"https:\/\/fit360.ee\/en\/pood\/product-groups\/fat-burners-en\/stimulant-free-fat-burners-en\/guarana-22-caffeine-100caps\/","name":"Guarana 22% Caffeine (100caps) - Guaraana - Energia - Fit360","isPartOf":{"@id":"https:\/\/fit360.ee\/en\/#website"},"primaryImageOfPage":{"@id":"https:\/\/fit360.ee\/en\/pood\/product-groups\/fat-burners-en\/stimulant-free-fat-burners-en\/guarana-22-caffeine-100caps\/#primaryimage"},"image":{"@id":"https:\/\/fit360.ee\/en\/pood\/product-groups\/fat-burners-en\/stimulant-free-fat-burners-en\/guarana-22-caffeine-100caps\/#primaryimage"},"thumbnailUrl":"https:\/\/fit360.ee\/wp-content\/uploads\/2023\/07\/guarana-fit360.ee_.jpg","datePublished":"2023-07-01T08:20:54+00:00","dateModified":"2025-08-13T05:37:05+00:00","description":"Guarana suurendab keha v\u00f5imeid f\u00fc\u00fcsilise koormuse ajalSee v\u00e4hendab v\u00e4simuse s\u00fcmptomeid. Samuti toetab kognitiivseid v\u00f5imeid, keskendumisv\u00f5imet ja m\u00e4lu.","breadcrumb":{"@id":"https:\/\/fit360.ee\/en\/pood\/product-groups\/fat-burners-en\/stimulant-free-fat-burners-en\/guarana-22-caffeine-100caps\/#breadcrumb"},"inLanguage":"en-US","potentialAction":[{"@type":"ReadAction","target":["https:\/\/fit360.ee\/en\/pood\/product-groups\/fat-burners-en\/stimulant-free-fat-burners-en\/guarana-22-caffeine-100caps\/"]}]},{"@type":"ImageObject","inLanguage":"en-US","@id":"https:\/\/fit360.ee\/en\/pood\/product-groups\/fat-burners-en\/stimulant-free-fat-burners-en\/guarana-22-caffeine-100caps\/#primaryimage","url":"https:\/\/fit360.ee\/wp-content\/uploads\/2023\/07\/guarana-fit360.ee_.jpg","contentUrl":"https:\/\/fit360.ee\/wp-content\/uploads\/2023\/07\/guarana-fit360.ee_.jpg","width":225,"height":225,"caption":"guarana - fit360.ee"},{"@type":"BreadcrumbList","@id":"https:\/\/fit360.ee\/en\/pood\/product-groups\/fat-burners-en\/stimulant-free-fat-burners-en\/guarana-22-caffeine-100caps\/#breadcrumb","itemListElement":[{"@type":"ListItem","position":1,"name":"Home","item":"https:\/\/fit360.ee\/en\/"},{"@type":"ListItem","position":2,"name":"Shop","item":"https:\/\/fit360.ee\/en\/shop\/"},{"@type":"ListItem","position":3,"name":"Guarana 22% Caffeine (100caps)"}]},{"@type":"WebSite","@id":"https:\/\/fit360.ee\/en\/#website","url":"https:\/\/fit360.ee\/en\/","name":"Fit360","description":"","publisher":{"@id":"https:\/\/fit360.ee\/en\/#organization"},"potentialAction":[{"@type":"SearchAction","target":{"@type":"EntryPoint","urlTemplate":"https:\/\/fit360.ee\/en\/?s={search_term_string}"},"query-input":{"@type":"PropertyValueSpecification","valueRequired":true,"valueName":"search_term_string"}}],"inLanguage":"en-US"},{"@type":"Organization","@id":"https:\/\/fit360.ee\/en\/#organization","name":"Fit360","url":"https:\/\/fit360.ee\/en\/","logo":{"@type":"ImageObject","inLanguage":"en-US","@id":"https:\/\/fit360.ee\/en\/#\/schema\/logo\/image\/","url":"https:\/\/fit360.ee\/wp-content\/uploads\/2017\/01\/logo-fit360.png","contentUrl":"https:\/\/fit360.ee\/wp-content\/uploads\/2017\/01\/logo-fit360.png","width":180,"height":66,"caption":"Fit360"},"image":{"@id":"https:\/\/fit360.ee\/en\/#\/schema\/logo\/image\/"}}]}},"_links":{"self":[{"href":"https:\/\/fit360.ee\/en\/wp-json\/wp\/v2\/product\/71351","targetHints":{"allow":["GET"]}}],"collection":[{"href":"https:\/\/fit360.ee\/en\/wp-json\/wp\/v2\/product"}],"about":[{"href":"https:\/\/fit360.ee\/en\/wp-json\/wp\/v2\/types\/product"}],"replies":[{"embeddable":true,"href":"https:\/\/fit360.ee\/en\/wp-json\/wp\/v2\/comments?post=71351"}],"wp:featuredmedia":[{"embeddable":true,"href":"https:\/\/fit360.ee\/en\/wp-json\/wp\/v2\/media\/71350"}],"wp:attachment":[{"href":"https:\/\/fit360.ee\/en\/wp-json\/wp\/v2\/media?parent=71351"}],"wp:term":[{"taxonomy":"product_brand","embeddable":true,"href":"https:\/\/fit360.ee\/en\/wp-json\/wp\/v2\/product_brand?post=71351"},{"taxonomy":"product_cat","embeddable":true,"href":"https:\/\/fit360.ee\/en\/wp-json\/wp\/v2\/product_cat?post=71351"},{"taxonomy":"product_tag","embeddable":true,"href":"https:\/\/fit360.ee\/en\/wp-json\/wp\/v2\/product_tag?post=71351"},{"taxonomy":"giftcard-category","embeddable":true,"href":"https:\/\/fit360.ee\/en\/wp-json\/wp\/v2\/giftcard-category?post=71351"}],"curies":[{"name":"wp","href":"https:\/\/api.w.org\/{rel}","templated":true}]}}