{"id":71740,"date":"2023-07-18T12:53:40","date_gmt":"2023-07-18T10:53:40","guid":{"rendered":"https:\/\/fit360.ee\/pood\/uncategorized\/mgzb-ultra-120tabs\/"},"modified":"2026-01-21T16:49:20","modified_gmt":"2026-01-21T14:49:20","slug":"mgzb-ultra-120tabs","status":"publish","type":"product","link":"https:\/\/fit360.ee\/en\/pood\/product-groups\/vitamins-and-minerals-en\/magnesium-en\/mgzb-ultra-120tabs\/","title":{"rendered":"MgZB Ultra (120tabs)"},"content":{"rendered":"<h2 class=\"cm__heading\"><strong>MgZB Ultra<\/strong><\/h2>\n<p class=\"cm__text --bold\">OstroVit MgZB Ultra on kvaliteetne toidulisand, mis koosneb kolmest inimorganismile vajalikust \u00fchendist ehk magneesiumist, tsingist ja vitamiinist B6 (pirodoksiin). Toidulisand on m\u00f5eldud f\u00fc\u00fcsiliselt aktiivsetele t\u00e4iskasvanutele.<\/p>\n<p><a href=\"https:\/\/fit360.ee\/wp-content\/uploads\/2023\/07\/mgzb-ultra-ostrovit-fit360.ee-1-800x312.jpg\"><img loading=\"lazy\" decoding=\"async\" class=\"size-medium wp-image-71735\" src=\"https:\/\/fit360.ee\/wp-content\/uploads\/2023\/07\/mgzb-ultra-ostrovit-fit360.ee-1-800x312.jpg\" alt=\"mgzb ultra ostrovit - fit360.ee\" width=\"800\" height=\"312\" srcset=\"https:\/\/fit360.ee\/wp-content\/uploads\/2023\/07\/mgzb-ultra-ostrovit-fit360.ee-1-800x312.jpg 800w, https:\/\/fit360.ee\/wp-content\/uploads\/2023\/07\/mgzb-ultra-ostrovit-fit360.ee-1-510x199.jpg 510w, https:\/\/fit360.ee\/wp-content\/uploads\/2023\/07\/mgzb-ultra-ostrovit-fit360.ee-1-768x300.jpg 768w, https:\/\/fit360.ee\/wp-content\/uploads\/2023\/07\/mgzb-ultra-ostrovit-fit360.ee-1.jpg 922w\" sizes=\"auto, (max-width: 800px) 100vw, 800px\" \/><\/a><\/p>\n<section class=\"cm__section\">\n<ul class=\"cm__list\">\n<li>\u00dches pakendis on 120 tabletti<\/li>\n<li>V\u00e4ga biosaadavad vormid<\/li>\n<li>Uus t\u00e4iustatud koostis<\/li>\n<\/ul>\n<h2 class=\"cm__heading\">Magneesium, Tsink ja VitamiinB6 (MgZB)<\/h2>\n<p class=\"cm__text\"><strong>Magneesium<\/strong> &#8211; Preparaadis sisalduv magneesium aitab kaasa lihaste korralikule talitlusele ja elektrol\u00fc\u00fctide tasakaalu s\u00e4ilitamisele, samuti aitab hoida luid ja hambaid tervena. Magneesium ja vitamiin B6 aitavad s\u00e4ilitada \u00f5iget energiavahetust ja aitavad kaasa n\u00e4rvis\u00fcsteemi n\u00f5uetekohasele toimimisele.\u00a0Lisaks aitavad need koostisosad v\u00e4hendada v\u00e4simust ja kurnatust.<\/p>\n<p class=\"cm__text\"><strong>OstroVit MgZB ULTRA koostises leiduv tsink<\/strong>\u00a0aitab s\u00e4ilitada \u00f5iget happe-aluse tasakaalu ning aitab s\u00e4ilitada terveid juukseid, nahka ja k\u00fc\u00fcsi.\u00a0Lisaks aitab tsink kaasa rasvhapete ja A-vitamiini normaalse ainevahetuse s\u00e4ilitamisele. Tsink ja vitamiin B6 aitavad kaasa immuuns\u00fcsteemi \u00f5igele talitlusele.<\/p>\n<p class=\"cm__text\"><strong>Vitamiin B6<\/strong>\u00a0aitab kaasa ts\u00fcsteiini \u00f5igele s\u00fcnteesile ja homots\u00fcsteiini \u00f5ige metabolismi s\u00e4ilitamisele.\u00a0Vitamiin B6 aitab kaasa normaalse valkude ja gl\u00fckogeeni metabolismi s\u00e4ilitamisele ning aitab kaasa hormonaalse aktiivsuse reguleerimisele.<\/p>\n<p class=\"cm__text\">Toidulisand on m\u00f5eldud f\u00fc\u00fcsiliselt aktiivsetele t\u00e4iskasvanutele, eriti sportlastele.\u00a0Toodet soovitatakse kasutada suurema pingutuse perioodidel.<\/p>\n<h4 class=\"cm__heading\"><strong>OstroVit MGZB Ultra koostisainete omadused<\/strong>:<\/h4>\n<ul class=\"cm__list\">\n<li>Toote komponendid aitavad s\u00e4ilitada terveid luid<\/li>\n<li>Toetab anabolismi protsessi<\/li>\n<li>Parandab taastumist p\u00e4rast treenimist<\/li>\n<li>Aitab v\u00e4hendada v\u00e4simust ja kognitiivsete funktsioonide n\u00f5uetekohast toimimist<\/li>\n<li>Positiivne m\u00f5ju n\u00e4rvis\u00fcsteemile<\/li>\n<li>Pakub s\u00fcgavat, taastavat und<\/li>\n<\/ul>\n<\/section>\n<section class=\"cm__section\">\n<div class=\"cm__heading\"><strong>Laboratoorselt t\u00f5estatud kvaliteet<\/strong><\/div>\n<p class=\"cm__text --bold\">Klientide tervise huvides testitakse meie toodetud tooteid regulaarselt s\u00f5ltumatus akrediteeritud laboris, et tagada ja s\u00e4ilitada k\u00f5rgeim kvaliteet.<\/p>\n<p><strong>Koostisosad<\/strong>: Mahuaine: mikrokristalne tselluloos; magneesiumtsitraat (magneesium), mahuaine: t\u00e4rklis;\u00a0paakumisvastased ained: rasvhapete magneesiumisoolad, r\u00e4nidioksiid;\u00a0tsinkpikolinaat (tsink), p\u00fcridoksiinvesinikkloriid (vit. B6).<\/p>\n<p><strong>Kasutamine<\/strong>: Tarbi 1 portsjon (3 tabletti) p\u00e4evas enne magamaminekut.<\/p>\n<p><strong>Suurus<\/strong>: 120 tabletti &#8211; 40 serveeringut.<\/p>\n<table>\n<tbody>\n<tr>\n<th>Aktiivsed koostisosad<\/th>\n<th>Portsjoni jaoks<\/th>\n<th>% SPK*<\/th>\n<\/tr>\n<tr>\n<td>Magneesium<\/td>\n<td>375 mg<\/td>\n<td>100<\/td>\n<\/tr>\n<tr>\n<td>Tsink<\/td>\n<td>15 mg<\/td>\n<td>150<\/td>\n<\/tr>\n<tr>\n<td>Vitamiin B6<\/td>\n<td>2 mg<\/td>\n<td>143<\/td>\n<\/tr>\n<\/tbody>\n<\/table>\n<p>*SPK \u2013 Soovitatud p\u00e4evane kogus.<\/p>\n<p>Vaata ka meie teisi ZMA tooteid\u00a0<a href=\"https:\/\/fit360.ee\/en\/product-category\/product-groups\/vitamins-and-minerals-en\/zma-en\/\"><strong>SIIT<\/strong><\/a>!<\/p>\n<p>Soovid kaupa osta suuremas koguses? Vaata antud toodet ka meie HULGI poest\u00a0<a href=\"https:\/\/toidulisandidhulgi.ee\/product\/mgzb-ultra-120tabs\/\"><strong>SIIT<\/strong><\/a>!<\/p>\n<\/section>\n","protected":false},"excerpt":{"rendered":"<ul class=\"cm__list\">\n<li>Toote komponendid aitavad s\u00e4ilitada terveid luid<\/li>\n<li>Toetab anabolismi protsessi<\/li>\n<li>Parandab taastumist p\u00e4rast treenimist<\/li>\n<li>Aitab v\u00e4hendada v\u00e4simust ja kognitiivsete funktsioonide n\u00f5uetekohast toimimist<\/li>\n<li>Positiivne m\u00f5ju n\u00e4rvis\u00fcsteemile<\/li>\n<li>Pakub s\u00fcgavat, taastavat und<\/li>\n<\/ul>\n","protected":false},"featured_media":84612,"comment_status":"closed","ping_status":"closed","template":"","meta":[],"product_brand":[],"product_cat":[2251,5320,1915,1329,536,2275,2295],"product_tag":[4321,4419,1924],"giftcard-category":[],"class_list":{"0":"post-71740","1":"product","2":"type-product","3":"status-publish","4":"has-post-thumbnail","6":"product_cat-b-vitamin-en","7":"product_cat-for-immunity-en","8":"product_cat-magnesium-en","9":"product_cat-ostrovit-en","10":"product_cat-vitamins-and-minerals-en","11":"product_cat-zinc-en","12":"product_cat-zma-en","13":"product_tag-mgzb-en","14":"product_tag-mgzb-ultra-en","15":"product_tag-ostrovit-en","16":"pa_kogus-120-tablets","17":"pa_toidulisand-branddd-ostrovit","18":"pa_tootegruppp-b-vitamiin-en","19":"pa_tootegruppp-immuunsusteem-en","20":"pa_tootegruppp-magneesium-en","21":"pa_tootegruppp-tsink-en","22":"pa_tootegruppp-vitamins-and-minerals","23":"pa_tootegruppp-zma-en","25":"first","26":"outofstock","27":"sale","28":"taxable","29":"shipping-taxable","30":"purchasable","31":"product-type-simple"},"yoast_head":"<!-- This site is optimized with the Yoast SEO plugin v27.3 - https:\/\/yoast.com\/product\/yoast-seo-wordpress\/ -->\n<title>MgZB Ultra (120tabs) - ZMA kompleks - Parim Hind - Kiire Tarne - Fit360<\/title>\n<meta name=\"description\" content=\"MgZB Ultra toote komponendid aitavad s\u00e4ilitada terveid luid, parandavad taastumist p\u00e4rast treenimist ning aitava v\u00e4hendada v\u00e4simust ja kognitiivsete fun...\" \/>\n<meta name=\"robots\" content=\"index, follow, max-snippet:-1, max-image-preview:large, max-video-preview:-1\" \/>\n<link rel=\"canonical\" href=\"https:\/\/fit360.ee\/en\/pood\/product-groups\/vitamins-and-minerals-en\/magnesium-en\/mgzb-ultra-120tabs\/\" \/>\n<meta property=\"og:locale\" content=\"en_US\" \/>\n<meta property=\"og:type\" content=\"article\" \/>\n<meta property=\"og:title\" content=\"MgZB Ultra (120tabs) - ZMA kompleks - Parim Hind - Kiire Tarne - Fit360\" \/>\n<meta property=\"og:description\" content=\"MgZB Ultra toote komponendid aitavad s\u00e4ilitada terveid luid, parandavad taastumist p\u00e4rast treenimist ning aitava v\u00e4hendada v\u00e4simust ja kognitiivsete fun...\" \/>\n<meta property=\"og:url\" content=\"https:\/\/fit360.ee\/en\/pood\/product-groups\/vitamins-and-minerals-en\/magnesium-en\/mgzb-ultra-120tabs\/\" \/>\n<meta property=\"og:site_name\" content=\"Fit360\" \/>\n<meta property=\"article:modified_time\" content=\"2026-01-21T14:49:20+00:00\" \/>\n<meta property=\"og:image\" content=\"https:\/\/fit360.ee\/wp-content\/uploads\/2023\/07\/mgzb-ultra-zma-fit360.ee_.png\" \/>\n\t<meta property=\"og:image:width\" content=\"450\" \/>\n\t<meta property=\"og:image:height\" content=\"450\" \/>\n\t<meta property=\"og:image:type\" content=\"image\/png\" \/>\n<meta name=\"twitter:card\" content=\"summary_large_image\" \/>\n<meta name=\"twitter:label1\" content=\"Est. reading time\" \/>\n\t<meta name=\"twitter:data1\" content=\"2 minutes\" \/>\n<script type=\"application\/ld+json\" class=\"yoast-schema-graph\">{\"@context\":\"https:\\\/\\\/schema.org\",\"@graph\":[{\"@type\":\"WebPage\",\"@id\":\"https:\\\/\\\/fit360.ee\\\/en\\\/pood\\\/product-groups\\\/vitamins-and-minerals-en\\\/magnesium-en\\\/mgzb-ultra-120tabs\\\/\",\"url\":\"https:\\\/\\\/fit360.ee\\\/en\\\/pood\\\/product-groups\\\/vitamins-and-minerals-en\\\/magnesium-en\\\/mgzb-ultra-120tabs\\\/\",\"name\":\"MgZB Ultra (120tabs) - ZMA kompleks - Parim Hind - Kiire Tarne - Fit360\",\"isPartOf\":{\"@id\":\"https:\\\/\\\/fit360.ee\\\/en\\\/#website\"},\"primaryImageOfPage\":{\"@id\":\"https:\\\/\\\/fit360.ee\\\/en\\\/pood\\\/product-groups\\\/vitamins-and-minerals-en\\\/magnesium-en\\\/mgzb-ultra-120tabs\\\/#primaryimage\"},\"image\":{\"@id\":\"https:\\\/\\\/fit360.ee\\\/en\\\/pood\\\/product-groups\\\/vitamins-and-minerals-en\\\/magnesium-en\\\/mgzb-ultra-120tabs\\\/#primaryimage\"},\"thumbnailUrl\":\"https:\\\/\\\/fit360.ee\\\/wp-content\\\/uploads\\\/2023\\\/07\\\/mgzb-ultra-zma-fit360.ee_.png\",\"datePublished\":\"2023-07-18T10:53:40+00:00\",\"dateModified\":\"2026-01-21T14:49:20+00:00\",\"description\":\"MgZB Ultra toote komponendid aitavad s\u00e4ilitada terveid luid, parandavad taastumist p\u00e4rast treenimist ning aitava v\u00e4hendada v\u00e4simust ja kognitiivsete fun...\",\"breadcrumb\":{\"@id\":\"https:\\\/\\\/fit360.ee\\\/en\\\/pood\\\/product-groups\\\/vitamins-and-minerals-en\\\/magnesium-en\\\/mgzb-ultra-120tabs\\\/#breadcrumb\"},\"inLanguage\":\"en-US\",\"potentialAction\":[{\"@type\":\"ReadAction\",\"target\":[\"https:\\\/\\\/fit360.ee\\\/en\\\/pood\\\/product-groups\\\/vitamins-and-minerals-en\\\/magnesium-en\\\/mgzb-ultra-120tabs\\\/\"]}]},{\"@type\":\"ImageObject\",\"inLanguage\":\"en-US\",\"@id\":\"https:\\\/\\\/fit360.ee\\\/en\\\/pood\\\/product-groups\\\/vitamins-and-minerals-en\\\/magnesium-en\\\/mgzb-ultra-120tabs\\\/#primaryimage\",\"url\":\"https:\\\/\\\/fit360.ee\\\/wp-content\\\/uploads\\\/2023\\\/07\\\/mgzb-ultra-zma-fit360.ee_.png\",\"contentUrl\":\"https:\\\/\\\/fit360.ee\\\/wp-content\\\/uploads\\\/2023\\\/07\\\/mgzb-ultra-zma-fit360.ee_.png\",\"width\":450,\"height\":450,\"caption\":\"mgzb ultra zma - fit360.ee\"},{\"@type\":\"BreadcrumbList\",\"@id\":\"https:\\\/\\\/fit360.ee\\\/en\\\/pood\\\/product-groups\\\/vitamins-and-minerals-en\\\/magnesium-en\\\/mgzb-ultra-120tabs\\\/#breadcrumb\",\"itemListElement\":[{\"@type\":\"ListItem\",\"position\":1,\"name\":\"Home\",\"item\":\"https:\\\/\\\/fit360.ee\\\/en\\\/\"},{\"@type\":\"ListItem\",\"position\":2,\"name\":\"Shop\",\"item\":\"https:\\\/\\\/fit360.ee\\\/en\\\/shop\\\/\"},{\"@type\":\"ListItem\",\"position\":3,\"name\":\"MgZB Ultra (120tabs)\"}]},{\"@type\":\"WebSite\",\"@id\":\"https:\\\/\\\/fit360.ee\\\/en\\\/#website\",\"url\":\"https:\\\/\\\/fit360.ee\\\/en\\\/\",\"name\":\"Fit360\",\"description\":\"\",\"publisher\":{\"@id\":\"https:\\\/\\\/fit360.ee\\\/en\\\/#organization\"},\"potentialAction\":[{\"@type\":\"SearchAction\",\"target\":{\"@type\":\"EntryPoint\",\"urlTemplate\":\"https:\\\/\\\/fit360.ee\\\/en\\\/?s={search_term_string}\"},\"query-input\":{\"@type\":\"PropertyValueSpecification\",\"valueRequired\":true,\"valueName\":\"search_term_string\"}}],\"inLanguage\":\"en-US\"},{\"@type\":\"Organization\",\"@id\":\"https:\\\/\\\/fit360.ee\\\/en\\\/#organization\",\"name\":\"Fit360\",\"url\":\"https:\\\/\\\/fit360.ee\\\/en\\\/\",\"logo\":{\"@type\":\"ImageObject\",\"inLanguage\":\"en-US\",\"@id\":\"https:\\\/\\\/fit360.ee\\\/en\\\/#\\\/schema\\\/logo\\\/image\\\/\",\"url\":\"https:\\\/\\\/fit360.ee\\\/wp-content\\\/uploads\\\/2017\\\/01\\\/logo-fit360.png\",\"contentUrl\":\"https:\\\/\\\/fit360.ee\\\/wp-content\\\/uploads\\\/2017\\\/01\\\/logo-fit360.png\",\"width\":180,\"height\":66,\"caption\":\"Fit360\"},\"image\":{\"@id\":\"https:\\\/\\\/fit360.ee\\\/en\\\/#\\\/schema\\\/logo\\\/image\\\/\"}}]}<\/script>\n<!-- \/ Yoast SEO plugin. -->","yoast_head_json":{"title":"MgZB Ultra (120tabs) - ZMA kompleks - Parim Hind - Kiire Tarne - Fit360","description":"MgZB Ultra toote komponendid aitavad s\u00e4ilitada terveid luid, parandavad taastumist p\u00e4rast treenimist ning aitava v\u00e4hendada v\u00e4simust ja kognitiivsete fun...","robots":{"index":"index","follow":"follow","max-snippet":"max-snippet:-1","max-image-preview":"max-image-preview:large","max-video-preview":"max-video-preview:-1"},"canonical":"https:\/\/fit360.ee\/en\/pood\/product-groups\/vitamins-and-minerals-en\/magnesium-en\/mgzb-ultra-120tabs\/","og_locale":"en_US","og_type":"article","og_title":"MgZB Ultra (120tabs) - ZMA kompleks - Parim Hind - Kiire Tarne - Fit360","og_description":"MgZB Ultra toote komponendid aitavad s\u00e4ilitada terveid luid, parandavad taastumist p\u00e4rast treenimist ning aitava v\u00e4hendada v\u00e4simust ja kognitiivsete fun...","og_url":"https:\/\/fit360.ee\/en\/pood\/product-groups\/vitamins-and-minerals-en\/magnesium-en\/mgzb-ultra-120tabs\/","og_site_name":"Fit360","article_modified_time":"2026-01-21T14:49:20+00:00","og_image":[{"width":450,"height":450,"url":"https:\/\/fit360.ee\/wp-content\/uploads\/2023\/07\/mgzb-ultra-zma-fit360.ee_.png","type":"image\/png"}],"twitter_card":"summary_large_image","twitter_misc":{"Est. reading time":"2 minutes"},"schema":{"@context":"https:\/\/schema.org","@graph":[{"@type":"WebPage","@id":"https:\/\/fit360.ee\/en\/pood\/product-groups\/vitamins-and-minerals-en\/magnesium-en\/mgzb-ultra-120tabs\/","url":"https:\/\/fit360.ee\/en\/pood\/product-groups\/vitamins-and-minerals-en\/magnesium-en\/mgzb-ultra-120tabs\/","name":"MgZB Ultra (120tabs) - ZMA kompleks - Parim Hind - Kiire Tarne - Fit360","isPartOf":{"@id":"https:\/\/fit360.ee\/en\/#website"},"primaryImageOfPage":{"@id":"https:\/\/fit360.ee\/en\/pood\/product-groups\/vitamins-and-minerals-en\/magnesium-en\/mgzb-ultra-120tabs\/#primaryimage"},"image":{"@id":"https:\/\/fit360.ee\/en\/pood\/product-groups\/vitamins-and-minerals-en\/magnesium-en\/mgzb-ultra-120tabs\/#primaryimage"},"thumbnailUrl":"https:\/\/fit360.ee\/wp-content\/uploads\/2023\/07\/mgzb-ultra-zma-fit360.ee_.png","datePublished":"2023-07-18T10:53:40+00:00","dateModified":"2026-01-21T14:49:20+00:00","description":"MgZB Ultra toote komponendid aitavad s\u00e4ilitada terveid luid, parandavad taastumist p\u00e4rast treenimist ning aitava v\u00e4hendada v\u00e4simust ja kognitiivsete fun...","breadcrumb":{"@id":"https:\/\/fit360.ee\/en\/pood\/product-groups\/vitamins-and-minerals-en\/magnesium-en\/mgzb-ultra-120tabs\/#breadcrumb"},"inLanguage":"en-US","potentialAction":[{"@type":"ReadAction","target":["https:\/\/fit360.ee\/en\/pood\/product-groups\/vitamins-and-minerals-en\/magnesium-en\/mgzb-ultra-120tabs\/"]}]},{"@type":"ImageObject","inLanguage":"en-US","@id":"https:\/\/fit360.ee\/en\/pood\/product-groups\/vitamins-and-minerals-en\/magnesium-en\/mgzb-ultra-120tabs\/#primaryimage","url":"https:\/\/fit360.ee\/wp-content\/uploads\/2023\/07\/mgzb-ultra-zma-fit360.ee_.png","contentUrl":"https:\/\/fit360.ee\/wp-content\/uploads\/2023\/07\/mgzb-ultra-zma-fit360.ee_.png","width":450,"height":450,"caption":"mgzb ultra zma - fit360.ee"},{"@type":"BreadcrumbList","@id":"https:\/\/fit360.ee\/en\/pood\/product-groups\/vitamins-and-minerals-en\/magnesium-en\/mgzb-ultra-120tabs\/#breadcrumb","itemListElement":[{"@type":"ListItem","position":1,"name":"Home","item":"https:\/\/fit360.ee\/en\/"},{"@type":"ListItem","position":2,"name":"Shop","item":"https:\/\/fit360.ee\/en\/shop\/"},{"@type":"ListItem","position":3,"name":"MgZB Ultra (120tabs)"}]},{"@type":"WebSite","@id":"https:\/\/fit360.ee\/en\/#website","url":"https:\/\/fit360.ee\/en\/","name":"Fit360","description":"","publisher":{"@id":"https:\/\/fit360.ee\/en\/#organization"},"potentialAction":[{"@type":"SearchAction","target":{"@type":"EntryPoint","urlTemplate":"https:\/\/fit360.ee\/en\/?s={search_term_string}"},"query-input":{"@type":"PropertyValueSpecification","valueRequired":true,"valueName":"search_term_string"}}],"inLanguage":"en-US"},{"@type":"Organization","@id":"https:\/\/fit360.ee\/en\/#organization","name":"Fit360","url":"https:\/\/fit360.ee\/en\/","logo":{"@type":"ImageObject","inLanguage":"en-US","@id":"https:\/\/fit360.ee\/en\/#\/schema\/logo\/image\/","url":"https:\/\/fit360.ee\/wp-content\/uploads\/2017\/01\/logo-fit360.png","contentUrl":"https:\/\/fit360.ee\/wp-content\/uploads\/2017\/01\/logo-fit360.png","width":180,"height":66,"caption":"Fit360"},"image":{"@id":"https:\/\/fit360.ee\/en\/#\/schema\/logo\/image\/"}}]}},"_links":{"self":[{"href":"https:\/\/fit360.ee\/en\/wp-json\/wp\/v2\/product\/71740","targetHints":{"allow":["GET"]}}],"collection":[{"href":"https:\/\/fit360.ee\/en\/wp-json\/wp\/v2\/product"}],"about":[{"href":"https:\/\/fit360.ee\/en\/wp-json\/wp\/v2\/types\/product"}],"replies":[{"embeddable":true,"href":"https:\/\/fit360.ee\/en\/wp-json\/wp\/v2\/comments?post=71740"}],"wp:featuredmedia":[{"embeddable":true,"href":"https:\/\/fit360.ee\/en\/wp-json\/wp\/v2\/media\/84612"}],"wp:attachment":[{"href":"https:\/\/fit360.ee\/en\/wp-json\/wp\/v2\/media?parent=71740"}],"wp:term":[{"taxonomy":"product_brand","embeddable":true,"href":"https:\/\/fit360.ee\/en\/wp-json\/wp\/v2\/product_brand?post=71740"},{"taxonomy":"product_cat","embeddable":true,"href":"https:\/\/fit360.ee\/en\/wp-json\/wp\/v2\/product_cat?post=71740"},{"taxonomy":"product_tag","embeddable":true,"href":"https:\/\/fit360.ee\/en\/wp-json\/wp\/v2\/product_tag?post=71740"},{"taxonomy":"giftcard-category","embeddable":true,"href":"https:\/\/fit360.ee\/en\/wp-json\/wp\/v2\/giftcard-category?post=71740"}],"curies":[{"name":"wp","href":"https:\/\/api.w.org\/{rel}","templated":true}]}}