{"id":71772,"date":"2023-07-19T14:29:07","date_gmt":"2023-07-19T12:29:07","guid":{"rendered":"https:\/\/fit360.ee\/pood\/uncategorized\/berberiin-500mg-90tab\/"},"modified":"2026-04-10T14:42:27","modified_gmt":"2026-04-10T12:42:27","slug":"berberiin-500mg-90tab","status":"publish","type":"product","link":"https:\/\/fit360.ee\/en\/pood\/product-groups\/superfoods-health-foods-en\/berberine-en\/berberiin-500mg-90tab\/","title":{"rendered":"Berberiin 500mg (90tab)"},"content":{"rendered":"<h2><strong>Berberiin<\/strong><\/h2>\n<p>OstroVit Berberiin on berberiini ekstrakti sisaldav toidulisand tablettidena. Berberiinil on positiivne m\u00f5ju soolte talitlusele ja soole limaskesta reguleerimisele, mis v\u00e4ljendub seedes\u00fcsteemi paremas talitluses.\u00a0Berberiini saab kasutada suhkru ja insuliini metabolismi h\u00e4irete korral organismis, kuna see suurendab insuliiniretseptorite hulka ja tundlikkust.\u00a0Lisaks aeglustab see liits\u00fcsivesikute lagunemist lihtsuhkruteks, sealhulgas reguleerides makrobiootikume, stimuleerides SFA tarbimist.\u00a0Berberiin j\u00e4ljendab insuliini toimet, suurendades gl\u00fckoosi kasutamist, muutes selle insuliini mimeetikuks.<\/p>\n<p><a href=\"https:\/\/fit360.ee\/wp-content\/uploads\/2023\/07\/ostrovit-berberiin-fit360.ee-1-800x312.jpg\"><img loading=\"lazy\" decoding=\"async\" class=\"size-medium wp-image-71766\" src=\"https:\/\/fit360.ee\/wp-content\/uploads\/2023\/07\/ostrovit-berberiin-fit360.ee-1-800x312.jpg\" alt=\"ostrovit berberiin - fit360.ee\" width=\"800\" height=\"312\" srcset=\"https:\/\/fit360.ee\/wp-content\/uploads\/2023\/07\/ostrovit-berberiin-fit360.ee-1-800x312.jpg 800w, https:\/\/fit360.ee\/wp-content\/uploads\/2023\/07\/ostrovit-berberiin-fit360.ee-1-510x199.jpg 510w, https:\/\/fit360.ee\/wp-content\/uploads\/2023\/07\/ostrovit-berberiin-fit360.ee-1-768x300.jpg 768w, https:\/\/fit360.ee\/wp-content\/uploads\/2023\/07\/ostrovit-berberiin-fit360.ee-1.jpg 922w\" sizes=\"auto, (max-width: 800px) 100vw, 800px\" \/><\/a><\/p>\n<ul class=\"cm__list\">\n<li>isaldab 90 portsjonit toodet<\/li>\n<li>1 portsjon = 1 tablett<\/li>\n<li>Standardimine 2% 10 mg berberiini kohta<\/li>\n<\/ul>\n<h4 class=\"cm__heading\"><strong>Berberine<\/strong><\/h4>\n<p class=\"cm__text\">Berberiini toimel on kasulikud omadused kehakaalu langetamisel.\u00a0See aitab t\u00f5sta adiponektiini (rasvkoe poolt eritatav hormoon, mis m\u00e4ngib rolli insuliinitundlikkuse parandamisel) aktiivsust, mist\u00f5ttu on berberiin rasvkoe v\u00e4henemist toetav toidulisand \u2013 reguleerides gl\u00fckeemilist indeksit, aga ka m\u00f5jutades. hormoonid, mida eritab rasvkude.\u00a0Lisaks m\u00f5jutab berberiin ka m\u00e4lu.\u00a0Seda saab kasutada kognitiivsete funktsioonide ja meeldej\u00e4tmise parandamise vahendina, peamiselt kolinergiliste radade m\u00f5jutamise kaudu.<\/p>\n<h4 class=\"cm__heading\"><strong>OstroVit Berberine&#8217;is sisalduvate koostisosade omadused<\/strong>:<\/h4>\n<ul class=\"cm__list\">\n<li>Aitab alandada vere gl\u00fckoosisisaldust<\/li>\n<li>M\u00f5jub positiivselt soolestiku t\u00f6\u00f6le<\/li>\n<li>Sellel on kasulik m\u00f5ju kehakaalu langetamisel<\/li>\n<li>Toetab aju t\u00f6\u00f6d (m\u00e4lu, keskendumisv\u00f5imet)<\/li>\n<\/ul>\n<p><strong>Koostisosad:<\/strong> Berberise juure ekstrakt (<em>Berberis aristata DC<\/em>.) standardiseeritud 2% berberiiniga, mahuaine: mikrokristalne tselluloos;\u00a0t\u00e4rklis, paakumisvastased ained: kaltsiumfosfaadid, r\u00e4nidioksiid, rasvhapete magneesiumisoolad.<\/p>\n<p><strong>Kasutamine<\/strong>: Tarbi 1 portsjon (1 tablett) p\u00e4evas koos toiduga.<\/p>\n<p><strong>Suurus<\/strong>: 90 tabletti &#8211; 90 serveeringut<\/p>\n<section class=\"projector__description--nutritional row\" data-selector=\".--nutritional\">\n<div class=\"col-12 col-md-10 col-lg-8\">\n<div class=\"--nutrit\">\n<div class=\"nutrition_table_wrapper\">\n<div><\/div>\n<div class=\"table_wrapper\">\n<table>\n<tbody>\n<tr>\n<th>Aktiivsed koostisosad<\/th>\n<th>Portsjoni jaoks<\/th>\n<\/tr>\n<tr>\n<td>Berberise juure ekstrakt<\/td>\n<td>\u00a0500 mg<\/td>\n<\/tr>\n<tr>\n<td>&#8211; milles berberiin 2%<\/td>\n<td>\u00a010 mg<\/td>\n<\/tr>\n<\/tbody>\n<\/table>\n<\/div>\n<\/div>\n<\/div>\n<\/div>\n<\/section>\n<p>Vaata ka meie teisi Aju tegevust toetavaid tooteid <a href=\"https:\/\/fit360.ee\/en\/product-category\/product-groups\/brain-support-nootropics-en\/\"><strong>SIIT<\/strong><\/a>!<\/p>\n<p>Soovid kaupa osta suuremas koguses? Vaata antud toodet ka meie HULGI poest\u00a0<a href=\"https:\/\/toidulisandidhulgi.ee\/product\/berberiin-500mg-90tab\/\"><strong>SIIT<\/strong><\/a>!<\/p>\n","protected":false},"excerpt":{"rendered":"<ul class=\"cm__list\">\n<li>Aitab alandada vere gl\u00fckoosisisaldust<\/li>\n<li>M\u00f5jub positiivselt soolestiku t\u00f6\u00f6le<\/li>\n<li>Sellel on kasulik m\u00f5ju kehakaalu langetamisel<\/li>\n<li>Toetab aju t\u00f6\u00f6d (m\u00e4lu, keskendumisv\u00f5imet)<\/li>\n<\/ul>\n","protected":false},"featured_media":84615,"comment_status":"closed","ping_status":"closed","template":"","meta":[],"product_brand":[],"product_cat":[5350,2485,530,1329,2408,1454,536],"product_tag":[2756,2757,1924],"giftcard-category":[],"class_list":{"0":"post-71772","1":"product","2":"type-product","3":"status-publish","4":"has-post-thumbnail","6":"product_cat-berberine-en","7":"product_cat-brain-support-nootropics-en","8":"product_cat-fat-burners-en","9":"product_cat-ostrovit-en","10":"product_cat-stimulant-free-fat-burners-en","11":"product_cat-superfoods-health-foods-en","12":"product_cat-vitamins-and-minerals-en","13":"product_tag-berberiin-en","14":"product_tag-berberine-en","15":"product_tag-ostrovit-en","16":"pa_kogus-90-tablets","17":"pa_toidulisand-branddd-ostrovit","18":"pa_tootegruppp-aju-tegevus-nootropics-en","19":"pa_tootegruppp-berberiin-en","20":"pa_tootegruppp-stimulandivaba-en","21":"pa_tootegruppp-supertoit-tervisetoit-en","22":"pa_tootegruppp-vitamins-and-minerals","23":"pa_tootegruppp-weight-loss","25":"first","26":"instock","27":"sale","28":"taxable","29":"shipping-taxable","30":"purchasable","31":"product-type-simple"},"yoast_head":"<!-- This site is optimized with the Yoast SEO plugin v27.3 - https:\/\/yoast.com\/product\/yoast-seo-wordpress\/ -->\n<title>Berberiin 500mg (90tab) - Aju Tegevuse toetamine - Kiire Tarne - Fit360<\/title>\n<meta name=\"description\" content=\"Berberiin aitab alandada vere gl\u00fckoosisisaldust, m\u00f5jub positiivselt soolestiku t\u00f6\u00f6le ning sellel on kasulik m\u00f5ju kehakaalu langetamisel. Toetab aju....\" \/>\n<meta name=\"robots\" content=\"index, follow, max-snippet:-1, max-image-preview:large, max-video-preview:-1\" \/>\n<link rel=\"canonical\" href=\"https:\/\/fit360.ee\/en\/pood\/product-groups\/superfoods-health-foods-en\/berberine-en\/berberiin-500mg-90tab\/\" \/>\n<meta property=\"og:locale\" content=\"en_US\" \/>\n<meta property=\"og:type\" content=\"article\" \/>\n<meta property=\"og:title\" content=\"Berberiin 500mg (90tab) - Aju Tegevuse toetamine - Kiire Tarne - Fit360\" \/>\n<meta property=\"og:description\" content=\"Berberiin aitab alandada vere gl\u00fckoosisisaldust, m\u00f5jub positiivselt soolestiku t\u00f6\u00f6le ning sellel on kasulik m\u00f5ju kehakaalu langetamisel. Toetab aju....\" \/>\n<meta property=\"og:url\" content=\"https:\/\/fit360.ee\/en\/pood\/product-groups\/superfoods-health-foods-en\/berberine-en\/berberiin-500mg-90tab\/\" \/>\n<meta property=\"og:site_name\" content=\"Fit360\" \/>\n<meta property=\"article:modified_time\" content=\"2026-04-10T12:42:27+00:00\" \/>\n<meta property=\"og:image\" content=\"https:\/\/fit360.ee\/wp-content\/uploads\/2023\/07\/berberiin-berberiini-tabletid-fit360.ee_.png\" \/>\n\t<meta property=\"og:image:width\" content=\"450\" \/>\n\t<meta property=\"og:image:height\" content=\"450\" \/>\n\t<meta property=\"og:image:type\" content=\"image\/png\" \/>\n<meta name=\"twitter:card\" content=\"summary_large_image\" \/>\n<meta name=\"twitter:label1\" content=\"Est. reading time\" \/>\n\t<meta name=\"twitter:data1\" content=\"2 minutes\" \/>\n<script type=\"application\/ld+json\" class=\"yoast-schema-graph\">{\"@context\":\"https:\\\/\\\/schema.org\",\"@graph\":[{\"@type\":\"WebPage\",\"@id\":\"https:\\\/\\\/fit360.ee\\\/en\\\/pood\\\/product-groups\\\/superfoods-health-foods-en\\\/berberine-en\\\/berberiin-500mg-90tab\\\/\",\"url\":\"https:\\\/\\\/fit360.ee\\\/en\\\/pood\\\/product-groups\\\/superfoods-health-foods-en\\\/berberine-en\\\/berberiin-500mg-90tab\\\/\",\"name\":\"Berberiin 500mg (90tab) - Aju Tegevuse toetamine - Kiire Tarne - Fit360\",\"isPartOf\":{\"@id\":\"https:\\\/\\\/fit360.ee\\\/en\\\/#website\"},\"primaryImageOfPage\":{\"@id\":\"https:\\\/\\\/fit360.ee\\\/en\\\/pood\\\/product-groups\\\/superfoods-health-foods-en\\\/berberine-en\\\/berberiin-500mg-90tab\\\/#primaryimage\"},\"image\":{\"@id\":\"https:\\\/\\\/fit360.ee\\\/en\\\/pood\\\/product-groups\\\/superfoods-health-foods-en\\\/berberine-en\\\/berberiin-500mg-90tab\\\/#primaryimage\"},\"thumbnailUrl\":\"https:\\\/\\\/fit360.ee\\\/wp-content\\\/uploads\\\/2023\\\/07\\\/berberiin-berberiini-tabletid-fit360.ee_.png\",\"datePublished\":\"2023-07-19T12:29:07+00:00\",\"dateModified\":\"2026-04-10T12:42:27+00:00\",\"description\":\"Berberiin aitab alandada vere gl\u00fckoosisisaldust, m\u00f5jub positiivselt soolestiku t\u00f6\u00f6le ning sellel on kasulik m\u00f5ju kehakaalu langetamisel. Toetab aju....\",\"breadcrumb\":{\"@id\":\"https:\\\/\\\/fit360.ee\\\/en\\\/pood\\\/product-groups\\\/superfoods-health-foods-en\\\/berberine-en\\\/berberiin-500mg-90tab\\\/#breadcrumb\"},\"inLanguage\":\"en-US\",\"potentialAction\":[{\"@type\":\"ReadAction\",\"target\":[\"https:\\\/\\\/fit360.ee\\\/en\\\/pood\\\/product-groups\\\/superfoods-health-foods-en\\\/berberine-en\\\/berberiin-500mg-90tab\\\/\"]}]},{\"@type\":\"ImageObject\",\"inLanguage\":\"en-US\",\"@id\":\"https:\\\/\\\/fit360.ee\\\/en\\\/pood\\\/product-groups\\\/superfoods-health-foods-en\\\/berberine-en\\\/berberiin-500mg-90tab\\\/#primaryimage\",\"url\":\"https:\\\/\\\/fit360.ee\\\/wp-content\\\/uploads\\\/2023\\\/07\\\/berberiin-berberiini-tabletid-fit360.ee_.png\",\"contentUrl\":\"https:\\\/\\\/fit360.ee\\\/wp-content\\\/uploads\\\/2023\\\/07\\\/berberiin-berberiini-tabletid-fit360.ee_.png\",\"width\":450,\"height\":450,\"caption\":\"berberiin berberiini tabletid - fit360.ee\"},{\"@type\":\"BreadcrumbList\",\"@id\":\"https:\\\/\\\/fit360.ee\\\/en\\\/pood\\\/product-groups\\\/superfoods-health-foods-en\\\/berberine-en\\\/berberiin-500mg-90tab\\\/#breadcrumb\",\"itemListElement\":[{\"@type\":\"ListItem\",\"position\":1,\"name\":\"Home\",\"item\":\"https:\\\/\\\/fit360.ee\\\/en\\\/\"},{\"@type\":\"ListItem\",\"position\":2,\"name\":\"Shop\",\"item\":\"https:\\\/\\\/fit360.ee\\\/en\\\/shop\\\/\"},{\"@type\":\"ListItem\",\"position\":3,\"name\":\"Berberiin 500mg (90tab)\"}]},{\"@type\":\"WebSite\",\"@id\":\"https:\\\/\\\/fit360.ee\\\/en\\\/#website\",\"url\":\"https:\\\/\\\/fit360.ee\\\/en\\\/\",\"name\":\"Fit360\",\"description\":\"\",\"publisher\":{\"@id\":\"https:\\\/\\\/fit360.ee\\\/en\\\/#organization\"},\"potentialAction\":[{\"@type\":\"SearchAction\",\"target\":{\"@type\":\"EntryPoint\",\"urlTemplate\":\"https:\\\/\\\/fit360.ee\\\/en\\\/?s={search_term_string}\"},\"query-input\":{\"@type\":\"PropertyValueSpecification\",\"valueRequired\":true,\"valueName\":\"search_term_string\"}}],\"inLanguage\":\"en-US\"},{\"@type\":\"Organization\",\"@id\":\"https:\\\/\\\/fit360.ee\\\/en\\\/#organization\",\"name\":\"Fit360\",\"url\":\"https:\\\/\\\/fit360.ee\\\/en\\\/\",\"logo\":{\"@type\":\"ImageObject\",\"inLanguage\":\"en-US\",\"@id\":\"https:\\\/\\\/fit360.ee\\\/en\\\/#\\\/schema\\\/logo\\\/image\\\/\",\"url\":\"https:\\\/\\\/fit360.ee\\\/wp-content\\\/uploads\\\/2017\\\/01\\\/logo-fit360.png\",\"contentUrl\":\"https:\\\/\\\/fit360.ee\\\/wp-content\\\/uploads\\\/2017\\\/01\\\/logo-fit360.png\",\"width\":180,\"height\":66,\"caption\":\"Fit360\"},\"image\":{\"@id\":\"https:\\\/\\\/fit360.ee\\\/en\\\/#\\\/schema\\\/logo\\\/image\\\/\"}}]}<\/script>\n<!-- \/ Yoast SEO plugin. -->","yoast_head_json":{"title":"Berberiin 500mg (90tab) - Aju Tegevuse toetamine - Kiire Tarne - Fit360","description":"Berberiin aitab alandada vere gl\u00fckoosisisaldust, m\u00f5jub positiivselt soolestiku t\u00f6\u00f6le ning sellel on kasulik m\u00f5ju kehakaalu langetamisel. Toetab aju....","robots":{"index":"index","follow":"follow","max-snippet":"max-snippet:-1","max-image-preview":"max-image-preview:large","max-video-preview":"max-video-preview:-1"},"canonical":"https:\/\/fit360.ee\/en\/pood\/product-groups\/superfoods-health-foods-en\/berberine-en\/berberiin-500mg-90tab\/","og_locale":"en_US","og_type":"article","og_title":"Berberiin 500mg (90tab) - Aju Tegevuse toetamine - Kiire Tarne - Fit360","og_description":"Berberiin aitab alandada vere gl\u00fckoosisisaldust, m\u00f5jub positiivselt soolestiku t\u00f6\u00f6le ning sellel on kasulik m\u00f5ju kehakaalu langetamisel. Toetab aju....","og_url":"https:\/\/fit360.ee\/en\/pood\/product-groups\/superfoods-health-foods-en\/berberine-en\/berberiin-500mg-90tab\/","og_site_name":"Fit360","article_modified_time":"2026-04-10T12:42:27+00:00","og_image":[{"width":450,"height":450,"url":"https:\/\/fit360.ee\/wp-content\/uploads\/2023\/07\/berberiin-berberiini-tabletid-fit360.ee_.png","type":"image\/png"}],"twitter_card":"summary_large_image","twitter_misc":{"Est. reading time":"2 minutes"},"schema":{"@context":"https:\/\/schema.org","@graph":[{"@type":"WebPage","@id":"https:\/\/fit360.ee\/en\/pood\/product-groups\/superfoods-health-foods-en\/berberine-en\/berberiin-500mg-90tab\/","url":"https:\/\/fit360.ee\/en\/pood\/product-groups\/superfoods-health-foods-en\/berberine-en\/berberiin-500mg-90tab\/","name":"Berberiin 500mg (90tab) - Aju Tegevuse toetamine - Kiire Tarne - Fit360","isPartOf":{"@id":"https:\/\/fit360.ee\/en\/#website"},"primaryImageOfPage":{"@id":"https:\/\/fit360.ee\/en\/pood\/product-groups\/superfoods-health-foods-en\/berberine-en\/berberiin-500mg-90tab\/#primaryimage"},"image":{"@id":"https:\/\/fit360.ee\/en\/pood\/product-groups\/superfoods-health-foods-en\/berberine-en\/berberiin-500mg-90tab\/#primaryimage"},"thumbnailUrl":"https:\/\/fit360.ee\/wp-content\/uploads\/2023\/07\/berberiin-berberiini-tabletid-fit360.ee_.png","datePublished":"2023-07-19T12:29:07+00:00","dateModified":"2026-04-10T12:42:27+00:00","description":"Berberiin aitab alandada vere gl\u00fckoosisisaldust, m\u00f5jub positiivselt soolestiku t\u00f6\u00f6le ning sellel on kasulik m\u00f5ju kehakaalu langetamisel. Toetab aju....","breadcrumb":{"@id":"https:\/\/fit360.ee\/en\/pood\/product-groups\/superfoods-health-foods-en\/berberine-en\/berberiin-500mg-90tab\/#breadcrumb"},"inLanguage":"en-US","potentialAction":[{"@type":"ReadAction","target":["https:\/\/fit360.ee\/en\/pood\/product-groups\/superfoods-health-foods-en\/berberine-en\/berberiin-500mg-90tab\/"]}]},{"@type":"ImageObject","inLanguage":"en-US","@id":"https:\/\/fit360.ee\/en\/pood\/product-groups\/superfoods-health-foods-en\/berberine-en\/berberiin-500mg-90tab\/#primaryimage","url":"https:\/\/fit360.ee\/wp-content\/uploads\/2023\/07\/berberiin-berberiini-tabletid-fit360.ee_.png","contentUrl":"https:\/\/fit360.ee\/wp-content\/uploads\/2023\/07\/berberiin-berberiini-tabletid-fit360.ee_.png","width":450,"height":450,"caption":"berberiin berberiini tabletid - fit360.ee"},{"@type":"BreadcrumbList","@id":"https:\/\/fit360.ee\/en\/pood\/product-groups\/superfoods-health-foods-en\/berberine-en\/berberiin-500mg-90tab\/#breadcrumb","itemListElement":[{"@type":"ListItem","position":1,"name":"Home","item":"https:\/\/fit360.ee\/en\/"},{"@type":"ListItem","position":2,"name":"Shop","item":"https:\/\/fit360.ee\/en\/shop\/"},{"@type":"ListItem","position":3,"name":"Berberiin 500mg (90tab)"}]},{"@type":"WebSite","@id":"https:\/\/fit360.ee\/en\/#website","url":"https:\/\/fit360.ee\/en\/","name":"Fit360","description":"","publisher":{"@id":"https:\/\/fit360.ee\/en\/#organization"},"potentialAction":[{"@type":"SearchAction","target":{"@type":"EntryPoint","urlTemplate":"https:\/\/fit360.ee\/en\/?s={search_term_string}"},"query-input":{"@type":"PropertyValueSpecification","valueRequired":true,"valueName":"search_term_string"}}],"inLanguage":"en-US"},{"@type":"Organization","@id":"https:\/\/fit360.ee\/en\/#organization","name":"Fit360","url":"https:\/\/fit360.ee\/en\/","logo":{"@type":"ImageObject","inLanguage":"en-US","@id":"https:\/\/fit360.ee\/en\/#\/schema\/logo\/image\/","url":"https:\/\/fit360.ee\/wp-content\/uploads\/2017\/01\/logo-fit360.png","contentUrl":"https:\/\/fit360.ee\/wp-content\/uploads\/2017\/01\/logo-fit360.png","width":180,"height":66,"caption":"Fit360"},"image":{"@id":"https:\/\/fit360.ee\/en\/#\/schema\/logo\/image\/"}}]}},"_links":{"self":[{"href":"https:\/\/fit360.ee\/en\/wp-json\/wp\/v2\/product\/71772","targetHints":{"allow":["GET"]}}],"collection":[{"href":"https:\/\/fit360.ee\/en\/wp-json\/wp\/v2\/product"}],"about":[{"href":"https:\/\/fit360.ee\/en\/wp-json\/wp\/v2\/types\/product"}],"replies":[{"embeddable":true,"href":"https:\/\/fit360.ee\/en\/wp-json\/wp\/v2\/comments?post=71772"}],"wp:featuredmedia":[{"embeddable":true,"href":"https:\/\/fit360.ee\/en\/wp-json\/wp\/v2\/media\/84615"}],"wp:attachment":[{"href":"https:\/\/fit360.ee\/en\/wp-json\/wp\/v2\/media?parent=71772"}],"wp:term":[{"taxonomy":"product_brand","embeddable":true,"href":"https:\/\/fit360.ee\/en\/wp-json\/wp\/v2\/product_brand?post=71772"},{"taxonomy":"product_cat","embeddable":true,"href":"https:\/\/fit360.ee\/en\/wp-json\/wp\/v2\/product_cat?post=71772"},{"taxonomy":"product_tag","embeddable":true,"href":"https:\/\/fit360.ee\/en\/wp-json\/wp\/v2\/product_tag?post=71772"},{"taxonomy":"giftcard-category","embeddable":true,"href":"https:\/\/fit360.ee\/en\/wp-json\/wp\/v2\/giftcard-category?post=71772"}],"curies":[{"name":"wp","href":"https:\/\/api.w.org\/{rel}","templated":true}]}}