{"id":71778,"date":"2023-07-19T14:51:44","date_gmt":"2023-07-19T12:51:44","guid":{"rendered":"https:\/\/fit360.ee\/pood\/uncategorized\/vitargo-1000g\/"},"modified":"2025-11-10T12:40:06","modified_gmt":"2025-11-10T10:40:06","slug":"vitargo-1000g","status":"publish","type":"product","link":"https:\/\/fit360.ee\/en\/pood\/product-groups\/energy-carbohydrates\/isotonic-en\/vitargo-1000g\/","title":{"rendered":"Vitargo (1000g)"},"content":{"rendered":"<h2><strong>Vitargo<\/strong><\/h2>\n<p class=\"cm__text --bold\">OstroVit VITARGO on spetsiaalselt k\u00f5igile f\u00fc\u00fcsiliselt aktiivsetele inimestele m\u00f5eldud s\u00fcsivesikute toidulisandite sari, mille p\u00f5hikoostisosa on VITARGO t\u00e4rklis.\u00a0Toodet iseloomustab k\u00f5rge s\u00fcsivesikute sisaldus (90%), mis on meie toitumise peamine energiaallikas.\u00a0Kui tegelete regulaarselt spordiga ja soovite lihtsat viisi oma dieeti suure molekulmassiga s\u00fcsivesikutega varustada &#8211; proovige meie OstroVit VITARGO &#8211; toitaineid, mis on saadaval kahes suuruses ja kolme maitsega!<\/p>\n<ul class=\"cm__list\">\n<li>1 pakk = 13 soovitatud portsjonit<\/li>\n<li>3 maitsevarianti, sealhulgas naturaalne<\/li>\n<li>Igas portsjonis 68 g s\u00fcsivesikuid<\/li>\n<li>Kvaliteet s\u00fcsivesiku allikas<\/li>\n<\/ul>\n<h4 class=\"cm__heading\"><strong>Millised on VITARGO t\u00e4rklist sisaldavate toidulisandite omadused?<\/strong><\/h4>\n<p class=\"cm__text\"><strong>T\u00e4rklis<\/strong>mida nimetatakse ka pol\u00fcsahhariidiks, on peamine s\u00fcsivesik, mida leidub teraviljades, kaunviljades, kartulites ja muudes mugulates ja juurtes.\u00a0VITARGO on teatud t\u00fc\u00fcpi s\u00fcsivesikud, mis on saadud just t\u00e4rklisest.\u00a0Neid iseloomustab k\u00f5rge molekulmass ja k\u00f5rge osmolaarsuse tase.\u00a0T\u00e4nu sellele on neil v\u00f5ime kiiresti t\u00e4iendada lihaste gl\u00fckogeeni ja on kergesti seeditava energia allikas.\u00a0Seet\u00f5ttu on s\u00fcsivesikute toitaine Vitargo lisamine soovitatav suurenenud kehalise aktiivsusega inimestele, kelle s\u00fcsivesikute vajadus toidus on suurenenud. T\u00e4nu mugavale pulbrivormile on seda lihtne valmistada ja v\u00f5id selle kaasa v\u00f5tta k\u00f5ikjale, kuhu soovid \u2013 see on ideaalne vahepala, mis valmib m\u00f5ne hetkega nii treeningu ajal kui ka p\u00e4rast seda.\u00a0Lihtsalt segage see veega, et saada portsjon maitsvat jooki, mis sisaldab konstantset s\u00fcsivesikute kogust, mis v\u00f5rdub 68 g-ga.\u00a0VITARGO regulaarne lisamine v\u00f5imaldab t\u00f5husalt t\u00e4iendada igap\u00e4evast dieeti oluliste s\u00fcsivesikutega, aidates seel\u00e4bi maksimeerida f\u00fc\u00fcsilist pingutust ja kiirendada treeningj\u00e4rgset taastumist<\/p>\n<p class=\"cm__text\"><strong>Koostisosad*<\/strong>: T\u00e4rklis VITARGO\u00ae.<\/p>\n<p>*- Naturaalse maitse koostisosad, teiste maitsete koostisosade saamiseks kirjuta info@fit360.ee<\/p>\n<p><strong>Kasutamine<\/strong>: Segage 75 g portsjonit (6 m\u00f5\u00f5tu) 1\u20132 minutit 200 ml veega, kuni see loksuti abil t\u00e4ielikult lahustub.\u00a0Seej\u00e4rel t\u00e4iendatakse veega mahuni 700 ml.\u00a0Tarbida kohe p\u00e4rast valmistamist.\u00a0Kasutage 2 portsjonit p\u00e4evas, eelistatavalt treeningu ajal ja vahetult p\u00e4rast seda.<\/p>\n<p>\u00c4rge \u00fcletage soovitatavat \u00f6\u00f6p\u00e4evast annust.\u00a0\u00c4rge kasutage toodet mitmekesise toitumise asendajana (asendajana).\u00a0Soovitatavad on tasakaalustatud toitumine ja tervislik eluviis.\u00a0\u00c4rge neelake alla, kui olete m\u00f5ne koostisosa suhtes allergiline.\u00a0Lapsed, rasedad v\u00f5i imetavad naised ei tohi seda toodet v\u00f5tta.\u00a0Hoida lastele k\u00e4ttesaamatus kohas.<\/p>\n<p><strong>Suurus<\/strong>: 1000g &#8211; 13 serveeringut.<\/p>\n<section class=\"projector__description--nutritional row\" data-selector=\".--nutritional\">\n<div class=\"col-12 col-md-10 col-lg-8\">\n<div class=\"--nutrit\">\n<div class=\"nutrition_table_wrapper\">\n<div class=\"table_wrapper\">\n<table>\n<tbody>\n<tr>\n<th>Toitev\u00e4\u00e4rtus<\/th>\n<th>1 portsjoni kohta 75 g<\/th>\n<th>100 g juures<\/th>\n<\/tr>\n<tr>\n<td>Energia<\/td>\n<td>1193 kJ \/ 275 kcal<\/td>\n<td>1537 kJ \/ 361 kcal<\/td>\n<\/tr>\n<tr>\n<td>Paks<\/td>\n<td>0 g<\/td>\n<td>0 g<\/td>\n<\/tr>\n<tr class=\"sub\">\n<td>&#8211; millest k\u00fcllastunud rasvhapped<\/td>\n<td>0 g<\/td>\n<td>0 g<\/td>\n<\/tr>\n<tr>\n<td>S\u00fcsivesikud<\/td>\n<td>68 g<\/td>\n<td>90 g<\/td>\n<\/tr>\n<tr class=\"sub\">\n<td>&#8211; millest suhkrud<\/td>\n<td>0 g<\/td>\n<td>0 g<\/td>\n<\/tr>\n<tr>\n<td>Valk<\/td>\n<td>0 g<\/td>\n<td>0 g<\/td>\n<\/tr>\n<tr>\n<td>soola<\/td>\n<td>0,08 g<\/td>\n<td>0,1 g<\/td>\n<\/tr>\n<\/tbody>\n<\/table>\n<\/div>\n<p>Vaata ka meie teisi S\u00fcsviesikuid <a href=\"https:\/\/fit360.ee\/en\/product-category\/product-groups\/energy-carbohydrates\/\"><strong>SIIT<\/strong><\/a> v\u00f5i Isotoonilisi spordijooke <a href=\"https:\/\/fit360.ee\/en\/product-category\/product-groups\/energy-carbohydrates\/isotonic-en\/\"><strong>SIIT<\/strong><\/a>!<\/p>\n<p>Soovid kaupa osta suuremas koguses? Vaata antud toodet ka meie HULGI poest\u00a0<a href=\"https:\/\/toidulisandidhulgi.ee\/product\/vitargo-1000g\/\"><strong>SIIT<\/strong><\/a>!<\/p>\n<\/div>\n<\/div>\n<\/div>\n<\/section>\n","protected":false},"excerpt":{"rendered":"<ul class=\"cm__list\">\n<li>1 pakk = 13 soovitatud portsjonit<\/li>\n<li>3 maitsevarianti, sealhulgas naturaalne<\/li>\n<li>Igas portsjonis 68 g s\u00fcsivesikuid<\/li>\n<li>Kvaliteet s\u00fcsivesiku allikas<\/li>\n<\/ul>\n","protected":false},"featured_media":71775,"comment_status":"closed","ping_status":"closed","template":"","meta":[],"product_brand":[],"product_cat":[522,2460,1329],"product_tag":[1924,4427],"giftcard-category":[],"class_list":{"0":"post-71778","1":"product","2":"type-product","3":"status-publish","4":"has-post-thumbnail","6":"product_cat-energy-carbohydrates","7":"product_cat-isotonic-en","8":"product_cat-ostrovit-en","9":"product_tag-ostrovit-en","10":"product_tag-vitargo-en","11":"pa_maitse-mango-en","12":"pa_maitse-natural","14":"first","15":"outofstock","16":"sale","17":"taxable","18":"shipping-taxable","19":"purchasable","20":"product-type-variable"},"yoast_head":"<!-- This site is optimized with the Yoast SEO plugin v27.3 - https:\/\/yoast.com\/product\/yoast-seo-wordpress\/ -->\n<title>Vitargo (1000g) - Kvaliteetne S\u00fcsivesiku allikas - Kiire Tarne - Fit360<\/title>\n<meta name=\"description\" content=\"Vitargo on spetsiaalselt k\u00f5igile f\u00fc\u00fcsiliselt aktiivsetele inimestele m\u00f5eldud s\u00fcsivesikute toidulisandite sari, mille p\u00f5hikoostisosa on Vitargo t\u00e4rklis.\u00a0\" \/>\n<meta name=\"robots\" content=\"index, follow, max-snippet:-1, max-image-preview:large, max-video-preview:-1\" \/>\n<link rel=\"canonical\" href=\"https:\/\/fit360.ee\/en\/pood\/product-groups\/energy-carbohydrates\/isotonic-en\/vitargo-1000g\/\" \/>\n<meta property=\"og:locale\" content=\"en_US\" \/>\n<meta property=\"og:type\" content=\"article\" \/>\n<meta property=\"og:title\" content=\"Vitargo (1000g) - Kvaliteetne S\u00fcsivesiku allikas - Kiire Tarne - Fit360\" \/>\n<meta property=\"og:description\" content=\"Vitargo on spetsiaalselt k\u00f5igile f\u00fc\u00fcsiliselt aktiivsetele inimestele m\u00f5eldud s\u00fcsivesikute toidulisandite sari, mille p\u00f5hikoostisosa on Vitargo t\u00e4rklis.\u00a0\" \/>\n<meta property=\"og:url\" content=\"https:\/\/fit360.ee\/en\/pood\/product-groups\/energy-carbohydrates\/isotonic-en\/vitargo-1000g\/\" \/>\n<meta property=\"og:site_name\" content=\"Fit360\" \/>\n<meta property=\"article:modified_time\" content=\"2025-11-10T10:40:06+00:00\" \/>\n<meta property=\"og:image\" content=\"https:\/\/fit360.ee\/wp-content\/uploads\/2023\/07\/Vitargo-fit360.ee-1.png\" \/>\n\t<meta property=\"og:image:width\" content=\"450\" \/>\n\t<meta property=\"og:image:height\" content=\"450\" \/>\n\t<meta property=\"og:image:type\" content=\"image\/png\" \/>\n<meta name=\"twitter:card\" content=\"summary_large_image\" \/>\n<meta name=\"twitter:label1\" content=\"Est. reading time\" \/>\n\t<meta name=\"twitter:data1\" content=\"3 minutes\" \/>\n<script type=\"application\/ld+json\" class=\"yoast-schema-graph\">{\"@context\":\"https:\\\/\\\/schema.org\",\"@graph\":[{\"@type\":\"WebPage\",\"@id\":\"https:\\\/\\\/fit360.ee\\\/en\\\/pood\\\/product-groups\\\/energy-carbohydrates\\\/isotonic-en\\\/vitargo-1000g\\\/\",\"url\":\"https:\\\/\\\/fit360.ee\\\/en\\\/pood\\\/product-groups\\\/energy-carbohydrates\\\/isotonic-en\\\/vitargo-1000g\\\/\",\"name\":\"Vitargo (1000g) - Kvaliteetne S\u00fcsivesiku allikas - Kiire Tarne - Fit360\",\"isPartOf\":{\"@id\":\"https:\\\/\\\/fit360.ee\\\/en\\\/#website\"},\"primaryImageOfPage\":{\"@id\":\"https:\\\/\\\/fit360.ee\\\/en\\\/pood\\\/product-groups\\\/energy-carbohydrates\\\/isotonic-en\\\/vitargo-1000g\\\/#primaryimage\"},\"image\":{\"@id\":\"https:\\\/\\\/fit360.ee\\\/en\\\/pood\\\/product-groups\\\/energy-carbohydrates\\\/isotonic-en\\\/vitargo-1000g\\\/#primaryimage\"},\"thumbnailUrl\":\"https:\\\/\\\/fit360.ee\\\/wp-content\\\/uploads\\\/2023\\\/07\\\/Vitargo-fit360.ee-1.png\",\"datePublished\":\"2023-07-19T12:51:44+00:00\",\"dateModified\":\"2025-11-10T10:40:06+00:00\",\"description\":\"Vitargo on spetsiaalselt k\u00f5igile f\u00fc\u00fcsiliselt aktiivsetele inimestele m\u00f5eldud s\u00fcsivesikute toidulisandite sari, mille p\u00f5hikoostisosa on Vitargo t\u00e4rklis.\u00a0\",\"breadcrumb\":{\"@id\":\"https:\\\/\\\/fit360.ee\\\/en\\\/pood\\\/product-groups\\\/energy-carbohydrates\\\/isotonic-en\\\/vitargo-1000g\\\/#breadcrumb\"},\"inLanguage\":\"en-US\",\"potentialAction\":[{\"@type\":\"ReadAction\",\"target\":[\"https:\\\/\\\/fit360.ee\\\/en\\\/pood\\\/product-groups\\\/energy-carbohydrates\\\/isotonic-en\\\/vitargo-1000g\\\/\"]}]},{\"@type\":\"ImageObject\",\"inLanguage\":\"en-US\",\"@id\":\"https:\\\/\\\/fit360.ee\\\/en\\\/pood\\\/product-groups\\\/energy-carbohydrates\\\/isotonic-en\\\/vitargo-1000g\\\/#primaryimage\",\"url\":\"https:\\\/\\\/fit360.ee\\\/wp-content\\\/uploads\\\/2023\\\/07\\\/Vitargo-fit360.ee-1.png\",\"contentUrl\":\"https:\\\/\\\/fit360.ee\\\/wp-content\\\/uploads\\\/2023\\\/07\\\/Vitargo-fit360.ee-1.png\",\"width\":450,\"height\":450,\"caption\":\"Vitargo - fit360.ee\"},{\"@type\":\"BreadcrumbList\",\"@id\":\"https:\\\/\\\/fit360.ee\\\/en\\\/pood\\\/product-groups\\\/energy-carbohydrates\\\/isotonic-en\\\/vitargo-1000g\\\/#breadcrumb\",\"itemListElement\":[{\"@type\":\"ListItem\",\"position\":1,\"name\":\"Home\",\"item\":\"https:\\\/\\\/fit360.ee\\\/en\\\/\"},{\"@type\":\"ListItem\",\"position\":2,\"name\":\"Shop\",\"item\":\"https:\\\/\\\/fit360.ee\\\/en\\\/shop\\\/\"},{\"@type\":\"ListItem\",\"position\":3,\"name\":\"Vitargo (1000g)\"}]},{\"@type\":\"WebSite\",\"@id\":\"https:\\\/\\\/fit360.ee\\\/en\\\/#website\",\"url\":\"https:\\\/\\\/fit360.ee\\\/en\\\/\",\"name\":\"Fit360\",\"description\":\"\",\"publisher\":{\"@id\":\"https:\\\/\\\/fit360.ee\\\/en\\\/#organization\"},\"potentialAction\":[{\"@type\":\"SearchAction\",\"target\":{\"@type\":\"EntryPoint\",\"urlTemplate\":\"https:\\\/\\\/fit360.ee\\\/en\\\/?s={search_term_string}\"},\"query-input\":{\"@type\":\"PropertyValueSpecification\",\"valueRequired\":true,\"valueName\":\"search_term_string\"}}],\"inLanguage\":\"en-US\"},{\"@type\":\"Organization\",\"@id\":\"https:\\\/\\\/fit360.ee\\\/en\\\/#organization\",\"name\":\"Fit360\",\"url\":\"https:\\\/\\\/fit360.ee\\\/en\\\/\",\"logo\":{\"@type\":\"ImageObject\",\"inLanguage\":\"en-US\",\"@id\":\"https:\\\/\\\/fit360.ee\\\/en\\\/#\\\/schema\\\/logo\\\/image\\\/\",\"url\":\"https:\\\/\\\/fit360.ee\\\/wp-content\\\/uploads\\\/2017\\\/01\\\/logo-fit360.png\",\"contentUrl\":\"https:\\\/\\\/fit360.ee\\\/wp-content\\\/uploads\\\/2017\\\/01\\\/logo-fit360.png\",\"width\":180,\"height\":66,\"caption\":\"Fit360\"},\"image\":{\"@id\":\"https:\\\/\\\/fit360.ee\\\/en\\\/#\\\/schema\\\/logo\\\/image\\\/\"}}]}<\/script>\n<!-- \/ Yoast SEO plugin. -->","yoast_head_json":{"title":"Vitargo (1000g) - Kvaliteetne S\u00fcsivesiku allikas - Kiire Tarne - Fit360","description":"Vitargo on spetsiaalselt k\u00f5igile f\u00fc\u00fcsiliselt aktiivsetele inimestele m\u00f5eldud s\u00fcsivesikute toidulisandite sari, mille p\u00f5hikoostisosa on Vitargo t\u00e4rklis.\u00a0","robots":{"index":"index","follow":"follow","max-snippet":"max-snippet:-1","max-image-preview":"max-image-preview:large","max-video-preview":"max-video-preview:-1"},"canonical":"https:\/\/fit360.ee\/en\/pood\/product-groups\/energy-carbohydrates\/isotonic-en\/vitargo-1000g\/","og_locale":"en_US","og_type":"article","og_title":"Vitargo (1000g) - Kvaliteetne S\u00fcsivesiku allikas - Kiire Tarne - Fit360","og_description":"Vitargo on spetsiaalselt k\u00f5igile f\u00fc\u00fcsiliselt aktiivsetele inimestele m\u00f5eldud s\u00fcsivesikute toidulisandite sari, mille p\u00f5hikoostisosa on Vitargo t\u00e4rklis.\u00a0","og_url":"https:\/\/fit360.ee\/en\/pood\/product-groups\/energy-carbohydrates\/isotonic-en\/vitargo-1000g\/","og_site_name":"Fit360","article_modified_time":"2025-11-10T10:40:06+00:00","og_image":[{"width":450,"height":450,"url":"https:\/\/fit360.ee\/wp-content\/uploads\/2023\/07\/Vitargo-fit360.ee-1.png","type":"image\/png"}],"twitter_card":"summary_large_image","twitter_misc":{"Est. reading time":"3 minutes"},"schema":{"@context":"https:\/\/schema.org","@graph":[{"@type":"WebPage","@id":"https:\/\/fit360.ee\/en\/pood\/product-groups\/energy-carbohydrates\/isotonic-en\/vitargo-1000g\/","url":"https:\/\/fit360.ee\/en\/pood\/product-groups\/energy-carbohydrates\/isotonic-en\/vitargo-1000g\/","name":"Vitargo (1000g) - Kvaliteetne S\u00fcsivesiku allikas - Kiire Tarne - Fit360","isPartOf":{"@id":"https:\/\/fit360.ee\/en\/#website"},"primaryImageOfPage":{"@id":"https:\/\/fit360.ee\/en\/pood\/product-groups\/energy-carbohydrates\/isotonic-en\/vitargo-1000g\/#primaryimage"},"image":{"@id":"https:\/\/fit360.ee\/en\/pood\/product-groups\/energy-carbohydrates\/isotonic-en\/vitargo-1000g\/#primaryimage"},"thumbnailUrl":"https:\/\/fit360.ee\/wp-content\/uploads\/2023\/07\/Vitargo-fit360.ee-1.png","datePublished":"2023-07-19T12:51:44+00:00","dateModified":"2025-11-10T10:40:06+00:00","description":"Vitargo on spetsiaalselt k\u00f5igile f\u00fc\u00fcsiliselt aktiivsetele inimestele m\u00f5eldud s\u00fcsivesikute toidulisandite sari, mille p\u00f5hikoostisosa on Vitargo t\u00e4rklis.\u00a0","breadcrumb":{"@id":"https:\/\/fit360.ee\/en\/pood\/product-groups\/energy-carbohydrates\/isotonic-en\/vitargo-1000g\/#breadcrumb"},"inLanguage":"en-US","potentialAction":[{"@type":"ReadAction","target":["https:\/\/fit360.ee\/en\/pood\/product-groups\/energy-carbohydrates\/isotonic-en\/vitargo-1000g\/"]}]},{"@type":"ImageObject","inLanguage":"en-US","@id":"https:\/\/fit360.ee\/en\/pood\/product-groups\/energy-carbohydrates\/isotonic-en\/vitargo-1000g\/#primaryimage","url":"https:\/\/fit360.ee\/wp-content\/uploads\/2023\/07\/Vitargo-fit360.ee-1.png","contentUrl":"https:\/\/fit360.ee\/wp-content\/uploads\/2023\/07\/Vitargo-fit360.ee-1.png","width":450,"height":450,"caption":"Vitargo - fit360.ee"},{"@type":"BreadcrumbList","@id":"https:\/\/fit360.ee\/en\/pood\/product-groups\/energy-carbohydrates\/isotonic-en\/vitargo-1000g\/#breadcrumb","itemListElement":[{"@type":"ListItem","position":1,"name":"Home","item":"https:\/\/fit360.ee\/en\/"},{"@type":"ListItem","position":2,"name":"Shop","item":"https:\/\/fit360.ee\/en\/shop\/"},{"@type":"ListItem","position":3,"name":"Vitargo (1000g)"}]},{"@type":"WebSite","@id":"https:\/\/fit360.ee\/en\/#website","url":"https:\/\/fit360.ee\/en\/","name":"Fit360","description":"","publisher":{"@id":"https:\/\/fit360.ee\/en\/#organization"},"potentialAction":[{"@type":"SearchAction","target":{"@type":"EntryPoint","urlTemplate":"https:\/\/fit360.ee\/en\/?s={search_term_string}"},"query-input":{"@type":"PropertyValueSpecification","valueRequired":true,"valueName":"search_term_string"}}],"inLanguage":"en-US"},{"@type":"Organization","@id":"https:\/\/fit360.ee\/en\/#organization","name":"Fit360","url":"https:\/\/fit360.ee\/en\/","logo":{"@type":"ImageObject","inLanguage":"en-US","@id":"https:\/\/fit360.ee\/en\/#\/schema\/logo\/image\/","url":"https:\/\/fit360.ee\/wp-content\/uploads\/2017\/01\/logo-fit360.png","contentUrl":"https:\/\/fit360.ee\/wp-content\/uploads\/2017\/01\/logo-fit360.png","width":180,"height":66,"caption":"Fit360"},"image":{"@id":"https:\/\/fit360.ee\/en\/#\/schema\/logo\/image\/"}}]}},"_links":{"self":[{"href":"https:\/\/fit360.ee\/en\/wp-json\/wp\/v2\/product\/71778","targetHints":{"allow":["GET"]}}],"collection":[{"href":"https:\/\/fit360.ee\/en\/wp-json\/wp\/v2\/product"}],"about":[{"href":"https:\/\/fit360.ee\/en\/wp-json\/wp\/v2\/types\/product"}],"replies":[{"embeddable":true,"href":"https:\/\/fit360.ee\/en\/wp-json\/wp\/v2\/comments?post=71778"}],"wp:featuredmedia":[{"embeddable":true,"href":"https:\/\/fit360.ee\/en\/wp-json\/wp\/v2\/media\/71775"}],"wp:attachment":[{"href":"https:\/\/fit360.ee\/en\/wp-json\/wp\/v2\/media?parent=71778"}],"wp:term":[{"taxonomy":"product_brand","embeddable":true,"href":"https:\/\/fit360.ee\/en\/wp-json\/wp\/v2\/product_brand?post=71778"},{"taxonomy":"product_cat","embeddable":true,"href":"https:\/\/fit360.ee\/en\/wp-json\/wp\/v2\/product_cat?post=71778"},{"taxonomy":"product_tag","embeddable":true,"href":"https:\/\/fit360.ee\/en\/wp-json\/wp\/v2\/product_tag?post=71778"},{"taxonomy":"giftcard-category","embeddable":true,"href":"https:\/\/fit360.ee\/en\/wp-json\/wp\/v2\/giftcard-category?post=71778"}],"curies":[{"name":"wp","href":"https:\/\/api.w.org\/{rel}","templated":true}]}}