{"id":71871,"date":"2023-07-25T13:17:17","date_gmt":"2023-07-25T11:17:17","guid":{"rendered":"https:\/\/fit360.ee\/pood\/uncategorized\/b-vitamiinide-kompleks-90caps\/"},"modified":"2026-04-09T17:13:15","modified_gmt":"2026-04-09T15:13:15","slug":"b-vitamiinide-kompleks-90caps","status":"publish","type":"product","link":"https:\/\/fit360.ee\/en\/pood\/product-groups\/%d0%b2%d0%b5%d0%b3%d0%b0%d0%bd\/vegan-capsules-en\/b-vitamiinide-kompleks-90caps\/","title":{"rendered":"B-Vitamiinide kompleks (90caps)"},"content":{"rendered":"<h2><strong>B Vitamiinide kompleks<\/strong><\/h2>\n<p style=\"text-align: justify;\"><strong>I<\/strong><b>CONFIT B Vitamiinide Kompleks<\/b>\u00a0on toidulisand, mis pakub v\u00e4\u00e4rtuslikku tuge sinu igap\u00e4evasele energiavahetusele ja n\u00e4rvis\u00fcsteemi talitlusele.\u00a0See eriline kompleks on hoolikalt koostatud, et pakkuda sulle just vajalikke B-grupi vitamiine, mida su keha vajab.<\/p>\n<ul>\n<li style=\"font-weight: 400;\"><b>B-Vitamiinide Kompleks<\/b>\u00a0on v\u00e4\u00e4rtuslik toidulisand, mis toetab sinu keha igap\u00e4evast energiavahetust ja n\u00e4rvis\u00fcsteemi talitlust.<\/li>\n<li style=\"font-weight: 400;\"><b><\/b>Meie hoolikalt valitud\u00a0<b>B-grupi vitamiinid<\/b>\u00a0pakuvad olulist tuge sinu \u00fcldisele tervisele ja heaolule.<\/li>\n<li style=\"font-weight: 400;\"><b><\/b>Koge\u00a0<b>B3, B5, B6, B12 ja teiste oluliste vitamiinide kasulikke omadusi<\/b>, mis aitavad kaasa energiatootmisele, v\u00e4simuse v\u00e4henemisele ja normaalsele ps\u00fchholoogilisele funktsioonile.<\/li>\n<li style=\"font-weight: 400;\"><span style=\"font-weight: 400;\"><b><\/b>T\u00f5sta oma eluj\u00f5udu ja taga enda kehale vajalikud vitamiinide tasemed\u00a0<b>ICONFIT B-Vitamiinide Kompleksiga<\/b>\u00a0tervislikuma ja energilisema elustiili jaoks.<\/span><\/li>\n<\/ul>\n<p><strong>B3 (niatsiin)<\/strong>: Niatsiin aitab kaasa normaalsele energiavahetusele ja toetab n\u00e4rvis\u00fcsteemi talitlust. Lisaks sellele v\u00f5ib niatsiin aidata v\u00e4hendada v\u00e4simust ja kurnatust ning hoida nahka tervena.<\/p>\n<p><strong>B5 (pantoteenhape)<\/strong>: Pantoteenhape aitab kaasa normaalsele energiavahetusele. Pantoteenhape aitab kaasa steroidhormoonide, D-vitamiini ja m\u00f5nede neurotransmitterite s\u00fcnteesile ja ainevahetusele. Pantoteenhape aitab v\u00e4hendada v\u00e4simust ja toetab normaalset vaimset v\u00f5imekust.<\/p>\n<p><strong>B6 (p\u00fcridoksiin)<\/strong>: B6-vitamiin on oluline n\u00e4rvis\u00fcsteemi ja ps\u00fchholoogiliste funktsioonide toetamisel. See v\u00f5ib aidata reguleerida meeleolu, v\u00e4hendada v\u00e4simust ja kurnatust. Lisaks sellele osaleb B6-vitamiin valkude ja aminohapete ainevahetuses ning toetab normaalset immuuns\u00fcsteemi funktsiooni.<\/p>\n<p><strong>B1 (tiamiin)<\/strong>: Tiamiin aitab kaasa normaalsele energiavahetusele ja n\u00e4rvis\u00fcsteemi talitlusele. Tiamiin on oluline ka s\u00fcsivesikute ainevahetuseks ning aitab hoida s\u00fcdame tervist.<\/p>\n<p><strong>B2 (riboflaviin)<\/strong>: Riboflaviin on oluline energiatootmiseks ja aitab kaasa raua normaalsele ainevahetusele. Lisaks sellele on riboflaviin seotud naha, n\u00e4gemise ja n\u00e4rvis\u00fcsteemi tervisega.<\/p>\n<p><b>B12<\/b><strong>(ts\u00fcanokobalamiin)<\/strong>:B12-vitamiin m\u00e4ngib olulist rolli punaste vereliblede moodustumisel ja aitab hoida n\u00e4rvis\u00fcsteemi tervist. Lisaks sellele toetab B12-vitamiin energiatootmist ning aitab v\u00e4hendada v\u00e4simust ja kurnatust.<\/p>\n<p><a href=\"https:\/\/fit360.ee\/en\/product-category\/product-groups\/vitamins-and-minerals-en\/folic-acid-en\/\"><b>B9<\/b><strong>(foolhape)<\/strong><\/a>:Foolhape m\u00e4ngib rolli rakkude jagunemise protsessis. Eriliselt oluline on foolhape rasedatele naistele. Foolhape toetab ka immuuns\u00fcsteemi ning v\u00e4hendab v\u00e4simust.<\/p>\n<p><a href=\"https:\/\/fit360.ee\/en\/product-category\/product-groups\/vitamins-and-minerals-en\/biotin-en\/\"><strong>B7 (biotiin)<\/strong><\/a>: Biotiin aitab kaasa normaalsete limaskestade s\u00e4ilitamisele. Biotiin toetab n\u00e4rvis\u00fcsteemi normaalset funktsioneerimist.<\/p>\n<p>&nbsp;<\/p>\n<p><strong>Koostisosad<\/strong>: Riisijahu, B vitamiinide kompleks (B3 (nikotiinamiid), B5 (D-kaltsiumpantotenaat), B6 (p\u00fcridoksiinvesinikkloriid), B1 (tiamiinmononitraat), B2 (riboflaviin), B12 (ts\u00fcanokobalamiin), B9 (ptero\u00fc\u00fclmonoglutamiinhape), B7 (D-biotiin)), taimne kapsel (glaseeraine pullulaan).<\/p>\n<p><strong>Kasutamine<\/strong>: T\u00e4iskasvanud peaksid tarbima 1 kapsli p\u00e4evas koos klaasi veega.\u00a0Kasuta kuurina kuni 3 kuu jooksul, vajadusel korrata.<\/p>\n<p><strong>Suurus<\/strong>: 90 kapslit &#8211; 90 serveeringut.<\/p>\n<table style=\"font-size: 0.875rem;\" width=\"503\">\n<thead>\n<tr style=\"height: 38px;\">\n<th style=\"height: 38px; width: 424.688px;\" align=\"left\"><strong>P\u00c4EVANE ANNUS SISALDAB:<\/strong><\/th>\n<th style=\"height: 38px; width: 64.3125px;\" align=\"left\">1 kapsel<\/th>\n<th style=\"height: 38px; width: 64.3125px;\" align=\"left\"><strong>%SPK*<\/strong><\/th>\n<\/tr>\n<\/thead>\n<tbody>\n<tr style=\"height: 19px;\">\n<td style=\"height: 19px; width: 424.688px;\" align=\"left\"><span style=\"font-weight: 400;\">Niatsiin<\/span><\/td>\n<td style=\"height: 19px; width: 64.3125px;\" align=\"left\"><span style=\"font-weight: 400;\">50 mg NE<\/span><\/td>\n<td style=\"height: 19px; width: 64.3125px;\" align=\"left\"><span style=\"font-weight: 400;\">313%<\/span><\/td>\n<\/tr>\n<tr style=\"height: 38px;\">\n<td style=\"height: 38px; width: 424.688px;\" align=\"left\"><span style=\"font-weight: 400;\">Pantoteenhape<\/span><\/td>\n<td style=\"height: 38px; width: 64.3125px;\" align=\"left\"><span style=\"font-weight: 400;\">40 mg<\/span><\/td>\n<td style=\"height: 38px; width: 64.3125px;\" align=\"left\"><span style=\"font-weight: 400;\">667%<\/span><\/td>\n<\/tr>\n<tr style=\"height: 7.375px;\">\n<td style=\"height: 7.375px; width: 424.688px;\" align=\"left\"><span style=\"font-weight: 400;\">B6-vitamiin<\/span><\/td>\n<td style=\"height: 7.375px; width: 64.3125px;\" align=\"left\"><span style=\"font-weight: 400;\">10 mg<\/span><\/td>\n<td style=\"height: 7.375px; width: 64.3125px;\" align=\"left\"><span style=\"font-weight: 400;\">714%<\/span><\/td>\n<\/tr>\n<tr style=\"height: 7.375px;\">\n<td style=\"height: 7.375px; width: 424.688px;\" align=\"left\"><span style=\"font-weight: 400;\">Tiamiin<\/span><\/td>\n<td style=\"height: 7.375px; width: 64.3125px;\" align=\"left\"><span style=\"font-weight: 400;\">10 mg<\/span><\/td>\n<td style=\"height: 7.375px; width: 64.3125px;\" align=\"left\"><span style=\"font-weight: 400;\">909%<\/span><\/td>\n<\/tr>\n<tr style=\"height: 7.375px;\">\n<td style=\"height: 7.375px; width: 424.688px;\" align=\"left\"><span style=\"font-weight: 400;\">Riboflaviin<\/span><\/td>\n<td style=\"height: 7.375px; width: 64.3125px;\" align=\"left\"><span style=\"font-weight: 400;\">10 mg<\/span><\/td>\n<td style=\"height: 7.375px; width: 64.3125px;\" align=\"left\"><span style=\"font-weight: 400;\">714%<\/span><\/td>\n<\/tr>\n<tr style=\"height: 7.375px;\">\n<td style=\"height: 7.375px; width: 424.688px;\" align=\"left\"><span style=\"font-weight: 400;\">Foolhape<\/span><\/td>\n<td style=\"height: 7.375px; width: 64.3125px;\" align=\"left\"><span style=\"font-weight: 400;\">200 \u03bcg<\/span><\/td>\n<td style=\"height: 7.375px; width: 64.3125px;\" align=\"left\"><span style=\"font-weight: 400;\">100%<\/span><\/td>\n<\/tr>\n<tr style=\"height: 7.375px;\">\n<td style=\"height: 7.375px; width: 424.688px;\" align=\"left\"><span style=\"font-weight: 400;\">Biotiin<\/span><\/td>\n<td style=\"height: 7.375px; width: 64.3125px;\" align=\"left\"><span style=\"font-weight: 400;\">100 \u03bcg<\/span><\/td>\n<td style=\"height: 7.375px; width: 64.3125px;\" align=\"left\"><span style=\"font-weight: 400;\">200%<\/span><\/td>\n<\/tr>\n<tr style=\"height: 7.375px;\">\n<td style=\"height: 7.375px; width: 424.688px;\" align=\"left\"><span style=\"font-weight: 400;\">B12-vitamiin<\/span><\/td>\n<td style=\"height: 7.375px; width: 64.3125px;\" align=\"left\"><span style=\"font-weight: 400;\">10 \u03bcg<\/span><\/td>\n<td style=\"height: 7.375px; width: 64.3125px;\" align=\"left\"><span style=\"font-weight: 400;\">400%<\/span><\/td>\n<\/tr>\n<\/tbody>\n<\/table>\n<p><span style=\"font-weight: 400;\">*SPK &#8211; Soovitatud P\u00e4evane Kogus (protsent p\u00e4evasest v\u00f5rdluskogusest t\u00e4iskasvanutele)<\/span><\/p>\n<p>Vaata ka meie teisi B-r\u00fchma Vitamiine <a href=\"https:\/\/fit360.ee\/en\/product-category\/product-groups\/vitamins-and-minerals-en\/b-vitamin-en\/\"><strong>SIIT<\/strong><\/a>!<\/p>\n<p>Soovid teha suuremat tellimust? Vaata antud toodet meie HULGI lehelt\u00a0<a href=\"https:\/\/toidulisandidhulgi.ee\/product\/b-vitamiinide-kompleks-90caps\/\"><strong>SIIT<\/strong><\/a>!<\/p>\n","protected":false},"excerpt":{"rendered":"<ul>\n<li style=\"font-weight: 400;\"><b>B-Vitamiinide Kompleks<\/b>\u00a0on v\u00e4\u00e4rtuslik toidulisand, mis toetab sinu keha igap\u00e4evast energiavahetust ja n\u00e4rvis\u00fcsteemi talitlust.<\/li>\n<li style=\"font-weight: 400;\"><b><\/b>Meie hoolikalt valitud\u00a0<b>B-grupi vitamiinid<\/b>\u00a0pakuvad olulist tuge sinu \u00fcldisele tervisele ja heaolule.<\/li>\n<li style=\"font-weight: 400;\"><b><\/b>Koge\u00a0<b>B3, B5, B6, B12 ja teiste oluliste vitamiinide kasulikke omadusi<\/b>, mis aitavad kaasa energiatootmisele, v\u00e4simuse v\u00e4henemisele ja normaalsele ps\u00fchholoogilisele funktsioonile.<\/li>\n<li style=\"font-weight: 400;\"><span style=\"font-weight: 400;\"><b><\/b>T\u00f5sta oma eluj\u00f5udu ja taga enda kehale vajalikud vitamiinide tasemed\u00a0<b>ICONFIT B-Vitamiinide Kompleksiga<\/b>\u00a0tervislikuma ja energilisema elustiili jaoks.<br \/>\n<\/span><\/li>\n<\/ul>\n","protected":false},"featured_media":71870,"comment_status":"closed","ping_status":"closed","template":"","meta":[],"product_brand":[],"product_cat":[2251,2255,2259,5320,1318,2664,536,1201],"product_tag":[3249,4441,1681,3251],"giftcard-category":[],"class_list":{"0":"post-71871","1":"product","2":"type-product","3":"status-publish","4":"has-post-thumbnail","6":"product_cat-b-vitamin-en","7":"product_cat-biotin-en","8":"product_cat-folic-acid-en","9":"product_cat-for-immunity-en","10":"product_cat-iconfit-en","11":"product_cat-vegan-capsules-en","12":"product_cat-vitamins-and-minerals-en","13":"product_cat-1201","14":"product_tag-b-vitamiin-en","15":"product_tag-b-vitamiinide-kompleks-en","16":"product_tag-iconfit-en","17":"product_tag-vitamiin-b-en","18":"pa_kogus-90-capsules","19":"pa_toidulisand-branddd-iconfit","20":"pa_tootegruppp-b-vitamiin-en","21":"pa_tootegruppp-biotiin-en","22":"pa_tootegruppp-foolhape-en","23":"pa_tootegruppp-immuunsusteem-en","24":"pa_tootegruppp-vcaps-vegan-kapslid-en","25":"pa_tootegruppp-vegan-en","26":"pa_tootegruppp-vitamins-and-minerals","28":"first","29":"instock","30":"sale","31":"taxable","32":"shipping-taxable","33":"purchasable","34":"product-type-simple"},"yoast_head":"<!-- This site is optimized with the Yoast SEO plugin v27.3 - https:\/\/yoast.com\/product\/yoast-seo-wordpress\/ -->\n<title>B-Vitamiinide kompleks (90caps) - T\u00f5hus Toode - Kiire Tarne - Fit360<\/title>\n<meta name=\"description\" content=\"B Vitamiinide Kompleks\u00a0on toidulisand, mis pakub v\u00e4\u00e4rtuslikku tuge sinu igap\u00e4evasele energiavahetusele ja n\u00e4rvis\u00fcsteemi talitlusele.\u00a0See eriline kompleks...\" \/>\n<meta name=\"robots\" content=\"index, follow, max-snippet:-1, max-image-preview:large, max-video-preview:-1\" \/>\n<link rel=\"canonical\" href=\"https:\/\/fit360.ee\/en\/pood\/product-groups\/\u0432\u0435\u0433\u0430\u043d\/vegan-capsules-en\/b-vitamiinide-kompleks-90caps\/\" \/>\n<meta property=\"og:locale\" content=\"en_US\" \/>\n<meta property=\"og:type\" content=\"article\" \/>\n<meta property=\"og:title\" content=\"B-Vitamiinide kompleks (90caps) - T\u00f5hus Toode - Kiire Tarne - Fit360\" \/>\n<meta property=\"og:description\" content=\"B Vitamiinide Kompleks\u00a0on toidulisand, mis pakub v\u00e4\u00e4rtuslikku tuge sinu igap\u00e4evasele energiavahetusele ja n\u00e4rvis\u00fcsteemi talitlusele.\u00a0See eriline kompleks...\" \/>\n<meta property=\"og:url\" content=\"https:\/\/fit360.ee\/en\/pood\/product-groups\/\u0432\u0435\u0433\u0430\u043d\/vegan-capsules-en\/b-vitamiinide-kompleks-90caps\/\" \/>\n<meta property=\"og:site_name\" content=\"Fit360\" \/>\n<meta property=\"article:modified_time\" content=\"2026-04-09T15:13:15+00:00\" \/>\n<meta property=\"og:image\" content=\"https:\/\/fit360.ee\/wp-content\/uploads\/2023\/07\/b-vitamiinide-kompleks-fit360.ee_.jpg\" \/>\n\t<meta property=\"og:image:width\" content=\"695\" \/>\n\t<meta property=\"og:image:height\" content=\"695\" \/>\n\t<meta property=\"og:image:type\" content=\"image\/jpeg\" \/>\n<meta name=\"twitter:card\" content=\"summary_large_image\" \/>\n<meta name=\"twitter:label1\" content=\"Est. reading time\" \/>\n\t<meta name=\"twitter:data1\" content=\"3 minutes\" \/>\n<script type=\"application\/ld+json\" class=\"yoast-schema-graph\">{\"@context\":\"https:\\\/\\\/schema.org\",\"@graph\":[{\"@type\":\"WebPage\",\"@id\":\"https:\\\/\\\/fit360.ee\\\/en\\\/pood\\\/product-groups\\\/%d0%b2%d0%b5%d0%b3%d0%b0%d0%bd\\\/vegan-capsules-en\\\/b-vitamiinide-kompleks-90caps\\\/\",\"url\":\"https:\\\/\\\/fit360.ee\\\/en\\\/pood\\\/product-groups\\\/%d0%b2%d0%b5%d0%b3%d0%b0%d0%bd\\\/vegan-capsules-en\\\/b-vitamiinide-kompleks-90caps\\\/\",\"name\":\"B-Vitamiinide kompleks (90caps) - T\u00f5hus Toode - Kiire Tarne - Fit360\",\"isPartOf\":{\"@id\":\"https:\\\/\\\/fit360.ee\\\/en\\\/#website\"},\"primaryImageOfPage\":{\"@id\":\"https:\\\/\\\/fit360.ee\\\/en\\\/pood\\\/product-groups\\\/%d0%b2%d0%b5%d0%b3%d0%b0%d0%bd\\\/vegan-capsules-en\\\/b-vitamiinide-kompleks-90caps\\\/#primaryimage\"},\"image\":{\"@id\":\"https:\\\/\\\/fit360.ee\\\/en\\\/pood\\\/product-groups\\\/%d0%b2%d0%b5%d0%b3%d0%b0%d0%bd\\\/vegan-capsules-en\\\/b-vitamiinide-kompleks-90caps\\\/#primaryimage\"},\"thumbnailUrl\":\"https:\\\/\\\/fit360.ee\\\/wp-content\\\/uploads\\\/2023\\\/07\\\/b-vitamiinide-kompleks-fit360.ee_.jpg\",\"datePublished\":\"2023-07-25T11:17:17+00:00\",\"dateModified\":\"2026-04-09T15:13:15+00:00\",\"description\":\"B Vitamiinide Kompleks\u00a0on toidulisand, mis pakub v\u00e4\u00e4rtuslikku tuge sinu igap\u00e4evasele energiavahetusele ja n\u00e4rvis\u00fcsteemi talitlusele.\u00a0See eriline kompleks...\",\"breadcrumb\":{\"@id\":\"https:\\\/\\\/fit360.ee\\\/en\\\/pood\\\/product-groups\\\/%d0%b2%d0%b5%d0%b3%d0%b0%d0%bd\\\/vegan-capsules-en\\\/b-vitamiinide-kompleks-90caps\\\/#breadcrumb\"},\"inLanguage\":\"en-US\",\"potentialAction\":[{\"@type\":\"ReadAction\",\"target\":[\"https:\\\/\\\/fit360.ee\\\/en\\\/pood\\\/product-groups\\\/%d0%b2%d0%b5%d0%b3%d0%b0%d0%bd\\\/vegan-capsules-en\\\/b-vitamiinide-kompleks-90caps\\\/\"]}]},{\"@type\":\"ImageObject\",\"inLanguage\":\"en-US\",\"@id\":\"https:\\\/\\\/fit360.ee\\\/en\\\/pood\\\/product-groups\\\/%d0%b2%d0%b5%d0%b3%d0%b0%d0%bd\\\/vegan-capsules-en\\\/b-vitamiinide-kompleks-90caps\\\/#primaryimage\",\"url\":\"https:\\\/\\\/fit360.ee\\\/wp-content\\\/uploads\\\/2023\\\/07\\\/b-vitamiinide-kompleks-fit360.ee_.jpg\",\"contentUrl\":\"https:\\\/\\\/fit360.ee\\\/wp-content\\\/uploads\\\/2023\\\/07\\\/b-vitamiinide-kompleks-fit360.ee_.jpg\",\"width\":695,\"height\":695,\"caption\":\"b vitamiinide kompleks - fit360.ee\"},{\"@type\":\"BreadcrumbList\",\"@id\":\"https:\\\/\\\/fit360.ee\\\/en\\\/pood\\\/product-groups\\\/%d0%b2%d0%b5%d0%b3%d0%b0%d0%bd\\\/vegan-capsules-en\\\/b-vitamiinide-kompleks-90caps\\\/#breadcrumb\",\"itemListElement\":[{\"@type\":\"ListItem\",\"position\":1,\"name\":\"Home\",\"item\":\"https:\\\/\\\/fit360.ee\\\/en\\\/\"},{\"@type\":\"ListItem\",\"position\":2,\"name\":\"Shop\",\"item\":\"https:\\\/\\\/fit360.ee\\\/en\\\/shop\\\/\"},{\"@type\":\"ListItem\",\"position\":3,\"name\":\"B-Vitamiinide kompleks (90caps)\"}]},{\"@type\":\"WebSite\",\"@id\":\"https:\\\/\\\/fit360.ee\\\/en\\\/#website\",\"url\":\"https:\\\/\\\/fit360.ee\\\/en\\\/\",\"name\":\"Fit360\",\"description\":\"\",\"publisher\":{\"@id\":\"https:\\\/\\\/fit360.ee\\\/en\\\/#organization\"},\"potentialAction\":[{\"@type\":\"SearchAction\",\"target\":{\"@type\":\"EntryPoint\",\"urlTemplate\":\"https:\\\/\\\/fit360.ee\\\/en\\\/?s={search_term_string}\"},\"query-input\":{\"@type\":\"PropertyValueSpecification\",\"valueRequired\":true,\"valueName\":\"search_term_string\"}}],\"inLanguage\":\"en-US\"},{\"@type\":\"Organization\",\"@id\":\"https:\\\/\\\/fit360.ee\\\/en\\\/#organization\",\"name\":\"Fit360\",\"url\":\"https:\\\/\\\/fit360.ee\\\/en\\\/\",\"logo\":{\"@type\":\"ImageObject\",\"inLanguage\":\"en-US\",\"@id\":\"https:\\\/\\\/fit360.ee\\\/en\\\/#\\\/schema\\\/logo\\\/image\\\/\",\"url\":\"https:\\\/\\\/fit360.ee\\\/wp-content\\\/uploads\\\/2017\\\/01\\\/logo-fit360.png\",\"contentUrl\":\"https:\\\/\\\/fit360.ee\\\/wp-content\\\/uploads\\\/2017\\\/01\\\/logo-fit360.png\",\"width\":180,\"height\":66,\"caption\":\"Fit360\"},\"image\":{\"@id\":\"https:\\\/\\\/fit360.ee\\\/en\\\/#\\\/schema\\\/logo\\\/image\\\/\"}}]}<\/script>\n<!-- \/ Yoast SEO plugin. -->","yoast_head_json":{"title":"B-Vitamiinide kompleks (90caps) - T\u00f5hus Toode - Kiire Tarne - Fit360","description":"B Vitamiinide Kompleks\u00a0on toidulisand, mis pakub v\u00e4\u00e4rtuslikku tuge sinu igap\u00e4evasele energiavahetusele ja n\u00e4rvis\u00fcsteemi talitlusele.\u00a0See eriline kompleks...","robots":{"index":"index","follow":"follow","max-snippet":"max-snippet:-1","max-image-preview":"max-image-preview:large","max-video-preview":"max-video-preview:-1"},"canonical":"https:\/\/fit360.ee\/en\/pood\/product-groups\/\u0432\u0435\u0433\u0430\u043d\/vegan-capsules-en\/b-vitamiinide-kompleks-90caps\/","og_locale":"en_US","og_type":"article","og_title":"B-Vitamiinide kompleks (90caps) - T\u00f5hus Toode - Kiire Tarne - Fit360","og_description":"B Vitamiinide Kompleks\u00a0on toidulisand, mis pakub v\u00e4\u00e4rtuslikku tuge sinu igap\u00e4evasele energiavahetusele ja n\u00e4rvis\u00fcsteemi talitlusele.\u00a0See eriline kompleks...","og_url":"https:\/\/fit360.ee\/en\/pood\/product-groups\/\u0432\u0435\u0433\u0430\u043d\/vegan-capsules-en\/b-vitamiinide-kompleks-90caps\/","og_site_name":"Fit360","article_modified_time":"2026-04-09T15:13:15+00:00","og_image":[{"width":695,"height":695,"url":"https:\/\/fit360.ee\/wp-content\/uploads\/2023\/07\/b-vitamiinide-kompleks-fit360.ee_.jpg","type":"image\/jpeg"}],"twitter_card":"summary_large_image","twitter_misc":{"Est. reading time":"3 minutes"},"schema":{"@context":"https:\/\/schema.org","@graph":[{"@type":"WebPage","@id":"https:\/\/fit360.ee\/en\/pood\/product-groups\/%d0%b2%d0%b5%d0%b3%d0%b0%d0%bd\/vegan-capsules-en\/b-vitamiinide-kompleks-90caps\/","url":"https:\/\/fit360.ee\/en\/pood\/product-groups\/%d0%b2%d0%b5%d0%b3%d0%b0%d0%bd\/vegan-capsules-en\/b-vitamiinide-kompleks-90caps\/","name":"B-Vitamiinide kompleks (90caps) - T\u00f5hus Toode - Kiire Tarne - Fit360","isPartOf":{"@id":"https:\/\/fit360.ee\/en\/#website"},"primaryImageOfPage":{"@id":"https:\/\/fit360.ee\/en\/pood\/product-groups\/%d0%b2%d0%b5%d0%b3%d0%b0%d0%bd\/vegan-capsules-en\/b-vitamiinide-kompleks-90caps\/#primaryimage"},"image":{"@id":"https:\/\/fit360.ee\/en\/pood\/product-groups\/%d0%b2%d0%b5%d0%b3%d0%b0%d0%bd\/vegan-capsules-en\/b-vitamiinide-kompleks-90caps\/#primaryimage"},"thumbnailUrl":"https:\/\/fit360.ee\/wp-content\/uploads\/2023\/07\/b-vitamiinide-kompleks-fit360.ee_.jpg","datePublished":"2023-07-25T11:17:17+00:00","dateModified":"2026-04-09T15:13:15+00:00","description":"B Vitamiinide Kompleks\u00a0on toidulisand, mis pakub v\u00e4\u00e4rtuslikku tuge sinu igap\u00e4evasele energiavahetusele ja n\u00e4rvis\u00fcsteemi talitlusele.\u00a0See eriline kompleks...","breadcrumb":{"@id":"https:\/\/fit360.ee\/en\/pood\/product-groups\/%d0%b2%d0%b5%d0%b3%d0%b0%d0%bd\/vegan-capsules-en\/b-vitamiinide-kompleks-90caps\/#breadcrumb"},"inLanguage":"en-US","potentialAction":[{"@type":"ReadAction","target":["https:\/\/fit360.ee\/en\/pood\/product-groups\/%d0%b2%d0%b5%d0%b3%d0%b0%d0%bd\/vegan-capsules-en\/b-vitamiinide-kompleks-90caps\/"]}]},{"@type":"ImageObject","inLanguage":"en-US","@id":"https:\/\/fit360.ee\/en\/pood\/product-groups\/%d0%b2%d0%b5%d0%b3%d0%b0%d0%bd\/vegan-capsules-en\/b-vitamiinide-kompleks-90caps\/#primaryimage","url":"https:\/\/fit360.ee\/wp-content\/uploads\/2023\/07\/b-vitamiinide-kompleks-fit360.ee_.jpg","contentUrl":"https:\/\/fit360.ee\/wp-content\/uploads\/2023\/07\/b-vitamiinide-kompleks-fit360.ee_.jpg","width":695,"height":695,"caption":"b vitamiinide kompleks - fit360.ee"},{"@type":"BreadcrumbList","@id":"https:\/\/fit360.ee\/en\/pood\/product-groups\/%d0%b2%d0%b5%d0%b3%d0%b0%d0%bd\/vegan-capsules-en\/b-vitamiinide-kompleks-90caps\/#breadcrumb","itemListElement":[{"@type":"ListItem","position":1,"name":"Home","item":"https:\/\/fit360.ee\/en\/"},{"@type":"ListItem","position":2,"name":"Shop","item":"https:\/\/fit360.ee\/en\/shop\/"},{"@type":"ListItem","position":3,"name":"B-Vitamiinide kompleks (90caps)"}]},{"@type":"WebSite","@id":"https:\/\/fit360.ee\/en\/#website","url":"https:\/\/fit360.ee\/en\/","name":"Fit360","description":"","publisher":{"@id":"https:\/\/fit360.ee\/en\/#organization"},"potentialAction":[{"@type":"SearchAction","target":{"@type":"EntryPoint","urlTemplate":"https:\/\/fit360.ee\/en\/?s={search_term_string}"},"query-input":{"@type":"PropertyValueSpecification","valueRequired":true,"valueName":"search_term_string"}}],"inLanguage":"en-US"},{"@type":"Organization","@id":"https:\/\/fit360.ee\/en\/#organization","name":"Fit360","url":"https:\/\/fit360.ee\/en\/","logo":{"@type":"ImageObject","inLanguage":"en-US","@id":"https:\/\/fit360.ee\/en\/#\/schema\/logo\/image\/","url":"https:\/\/fit360.ee\/wp-content\/uploads\/2017\/01\/logo-fit360.png","contentUrl":"https:\/\/fit360.ee\/wp-content\/uploads\/2017\/01\/logo-fit360.png","width":180,"height":66,"caption":"Fit360"},"image":{"@id":"https:\/\/fit360.ee\/en\/#\/schema\/logo\/image\/"}}]}},"_links":{"self":[{"href":"https:\/\/fit360.ee\/en\/wp-json\/wp\/v2\/product\/71871","targetHints":{"allow":["GET"]}}],"collection":[{"href":"https:\/\/fit360.ee\/en\/wp-json\/wp\/v2\/product"}],"about":[{"href":"https:\/\/fit360.ee\/en\/wp-json\/wp\/v2\/types\/product"}],"replies":[{"embeddable":true,"href":"https:\/\/fit360.ee\/en\/wp-json\/wp\/v2\/comments?post=71871"}],"wp:featuredmedia":[{"embeddable":true,"href":"https:\/\/fit360.ee\/en\/wp-json\/wp\/v2\/media\/71870"}],"wp:attachment":[{"href":"https:\/\/fit360.ee\/en\/wp-json\/wp\/v2\/media?parent=71871"}],"wp:term":[{"taxonomy":"product_brand","embeddable":true,"href":"https:\/\/fit360.ee\/en\/wp-json\/wp\/v2\/product_brand?post=71871"},{"taxonomy":"product_cat","embeddable":true,"href":"https:\/\/fit360.ee\/en\/wp-json\/wp\/v2\/product_cat?post=71871"},{"taxonomy":"product_tag","embeddable":true,"href":"https:\/\/fit360.ee\/en\/wp-json\/wp\/v2\/product_tag?post=71871"},{"taxonomy":"giftcard-category","embeddable":true,"href":"https:\/\/fit360.ee\/en\/wp-json\/wp\/v2\/giftcard-category?post=71871"}],"curies":[{"name":"wp","href":"https:\/\/api.w.org\/{rel}","templated":true}]}}