{"id":71875,"date":"2023-07-25T13:35:09","date_gmt":"2023-07-25T11:35:09","guid":{"rendered":"https:\/\/fit360.ee\/pood\/uncategorized\/boulardii-60caps\/"},"modified":"2026-03-24T14:39:23","modified_gmt":"2026-03-24T12:39:23","slug":"boulardii-60caps","status":"publish","type":"product","link":"https:\/\/fit360.ee\/en\/pood\/product-groups\/superfoods-health-foods-en\/probiotics-en\/boulardii-60caps\/","title":{"rendered":"Boulardii (60caps)"},"content":{"rendered":"<h2><strong>Boulardii<\/strong><\/h2>\n<p><strong><i>Saccharomyces boulardii<\/i>\u00a0<\/strong>on kasulik p\u00e4rmiliik, mida tavaliselt kasutatakse probiootilise toidulisandina. See on tuntud oma v\u00f5ime poolest toetada seedetrakti tervist ja taastada soolestiku mikrobiootide loomulikku tasakaalu. Saccharomyces boulardii, mille k\u00f5rge kontsentratsioon on\u00a0<strong>5 x 10^9 kolooniaid moodustavat \u00fchikut (CFU<\/strong>), v\u00f5ib aidata edendada tervislikku seedimist, tugevdades soolebarj\u00e4\u00e4ri ja p\u00e4rssides kahjulike mikroorganismide kasvu. Seda probiootilist p\u00e4rmi on p\u00f5hjalikult uuritud ja see on n\u00e4idanud paljulubavaid tulemusi erinevate\u00a0<strong>seedetrakti haiguste<\/strong>, n\u00e4iteks antibiootikumidega seotud k\u00f5hulahtisuse, reisimisest tekkiva k\u00f5hulahtisuse ja p\u00f5letikulise soolehaiguse ravimisel. Kui lisate\u00a0<i><b>Saccharomyces<\/b>\u00a0<strong>boulardii<\/strong><\/i>\u00a0oma igap\u00e4evarutiini, saate toetada oma soolestiku tervist ja potentsiaalselt parandada oma \u00fcldist heaolu.<\/p>\n<ul>\n<li>Seedetrakti tervise toetamine<strong>:<\/strong>\u00a0Boulardii, probiootiline p\u00e4rm, aitab toetada tervislikku seedes\u00fcsteemi, edendades tasakaalustatud soolestiku mikrobiootat.<\/li>\n<li>Seedetrakti vaevuste korral:\u00a0On t\u00f5estatud, et Boulardii pakub leevendust erinevatele seedetrakti vaevustele, nagu k\u00f5hulahtisus, puhitus ja gaaside teke.<\/li>\n<li>Immuuns\u00fcsteemi tugevdamine<strong>:<\/strong>\u00a0Boulardii v\u00f5ib m\u00e4ngida rolli tugeva immuuns\u00fcsteemi toetamisel. Terve soolestik on tihedalt seotud immuuns\u00fcsteemi toimimisega ja Boulardii aitab s\u00e4ilitada soolebarj\u00e4\u00e4ri terviklikkust.<\/li>\n<li>K\u00f5rge kontsentratsiooniga 5 x 10^9 kolooniat moodustavat \u00fchikut (CFU).<\/li>\n<li>\u00dcks purk kestab 60 p\u00e4eva. V\u00f5tke 1 kapsel p\u00e4evas koos veega.<\/li>\n<\/ul>\n<p><strong>Koostisosad<\/strong>: <em>Saccharomyces Boulardii<\/em>, riisijahu, pullulaanikapslid.<\/p>\n<p><strong>Kasutamine<\/strong>: T\u00e4iskasvanud peaksid v\u00f5tma 1 kapsli p\u00e4evas enne s\u00f6\u00f6ki koos klaasi veega.<\/p>\n<p><strong>Suurus<\/strong>: 60 kapslit &#8211; 60 serveeringut.<\/p>\n<table width=\"100%\">\n<thead>\n<tr>\n<th align=\"left\">P\u00c4EVANE ANNUS SISALDAB:<\/th>\n<th align=\"left\">1 kapsel<\/th>\n<\/tr>\n<\/thead>\n<tbody>\n<tr>\n<td align=\"left\">Saccharomyces boulardii 5 x 10^9 CFU*.<\/td>\n<td align=\"left\">250 mg<\/td>\n<\/tr>\n<\/tbody>\n<\/table>\n<p>* kolooniaid moodustav \u00fchik<\/p>\n<p>Vaata ka meie teisi Probiootikume <a href=\"https:\/\/fit360.ee\/en\/product-category\/product-groups\/superfoods-health-foods-en\/probiotics-en\/\"><strong>SIIT<\/strong><\/a>!<\/p>\n<p>Soovid teha suuremat tellimust? Vaata antud toodet meie HULGI lehelt <strong><a href=\"https:\/\/toidulisandidhulgi.ee\/product\/boulardii-60caps\/\">SIIT<\/a>!<\/strong><\/p>\n","protected":false},"excerpt":{"rendered":"<ul>\n<li><strong>Seedetrakti tervise toetamine:<\/strong>\u00a0Boulardii, probiootiline p\u00e4rm, aitab toetada tervislikku seedes\u00fcsteemi, edendades tasakaalustatud soolestiku mikrobiootat.<\/li>\n<li><strong>Seedetrakti vaevuste korral:<\/strong>\u00a0On t\u00f5estatud, et Boulardii pakub leevendust erinevatele seedetrakti vaevustele, nagu k\u00f5hulahtisus, puhitus ja gaaside teke.<\/li>\n<li><strong>Immuuns\u00fcsteemi tugevdamine:<\/strong>\u00a0Boulardii v\u00f5ib m\u00e4ngida rolli tugeva immuuns\u00fcsteemi toetamisel. Terve soolestik on tihedalt seotud immuuns\u00fcsteemi toimimisega ja Boulardii aitab s\u00e4ilitada soolebarj\u00e4\u00e4ri terviklikkust.<\/li>\n<li><strong>K\u00f5rge kontsentratsiooniga 5 x 10^9 kolooniat moodustavat \u00fchikut (CFU).<\/strong><\/li>\n<li>\u00dcks purk kestab 60 p\u00e4eva. V\u00f5tke 1 kapsel p\u00e4evas koos veega.<\/li>\n<\/ul>\n","protected":false},"featured_media":71874,"comment_status":"closed","ping_status":"closed","template":"","meta":[],"product_brand":[],"product_cat":[1318,2363,536],"product_tag":[4443,1681],"giftcard-category":[],"class_list":{"0":"post-71875","1":"product","2":"type-product","3":"status-publish","4":"has-post-thumbnail","6":"product_cat-iconfit-en","7":"product_cat-probiotics-en","8":"product_cat-vitamins-and-minerals-en","9":"product_tag-boulardii-en","10":"product_tag-iconfit-en","11":"pa_kogus-60-capsules","12":"pa_toidulisand-branddd-iconfit","13":"pa_tootegruppp-probiootikumid-en","14":"pa_tootegruppp-vitamins-and-minerals","16":"first","17":"instock","18":"sale","19":"taxable","20":"shipping-taxable","21":"purchasable","22":"product-type-simple"},"yoast_head":"<!-- This site is optimized with the Yoast SEO plugin v27.3 - https:\/\/yoast.com\/product\/yoast-seo-wordpress\/ -->\n<title>Boulardii (60caps) - Probiootikumite kompleks - Kiire Tarne - Fit360<\/title>\n<meta name=\"description\" content=\"Saccharomyces boulardii\u00a0on kasulik p\u00e4rmiliik, mida tavaliselt kasutatakse probiootilise toidulisandina. See on tuntud oma v\u00f5ime poolest toetada seede...\" \/>\n<meta name=\"robots\" content=\"index, follow, max-snippet:-1, max-image-preview:large, max-video-preview:-1\" \/>\n<link rel=\"canonical\" href=\"https:\/\/fit360.ee\/en\/pood\/product-groups\/superfoods-health-foods-en\/probiotics-en\/boulardii-60caps\/\" \/>\n<meta property=\"og:locale\" content=\"en_US\" \/>\n<meta property=\"og:type\" content=\"article\" \/>\n<meta property=\"og:title\" content=\"Boulardii (60caps) - Probiootikumite kompleks - Kiire Tarne - Fit360\" \/>\n<meta property=\"og:description\" content=\"Saccharomyces boulardii\u00a0on kasulik p\u00e4rmiliik, mida tavaliselt kasutatakse probiootilise toidulisandina. See on tuntud oma v\u00f5ime poolest toetada seede...\" \/>\n<meta property=\"og:url\" content=\"https:\/\/fit360.ee\/en\/pood\/product-groups\/superfoods-health-foods-en\/probiotics-en\/boulardii-60caps\/\" \/>\n<meta property=\"og:site_name\" content=\"Fit360\" \/>\n<meta property=\"article:modified_time\" content=\"2026-03-24T12:39:23+00:00\" \/>\n<meta property=\"og:image\" content=\"https:\/\/fit360.ee\/wp-content\/uploads\/2023\/07\/boulardii-fit360.ee_.jpg\" \/>\n\t<meta property=\"og:image:width\" content=\"695\" \/>\n\t<meta property=\"og:image:height\" content=\"695\" \/>\n\t<meta property=\"og:image:type\" content=\"image\/jpeg\" \/>\n<meta name=\"twitter:card\" content=\"summary_large_image\" \/>\n<meta name=\"twitter:label1\" content=\"Est. reading time\" \/>\n\t<meta name=\"twitter:data1\" content=\"2 minutes\" \/>\n<script type=\"application\/ld+json\" class=\"yoast-schema-graph\">{\"@context\":\"https:\\\/\\\/schema.org\",\"@graph\":[{\"@type\":\"WebPage\",\"@id\":\"https:\\\/\\\/fit360.ee\\\/en\\\/pood\\\/product-groups\\\/superfoods-health-foods-en\\\/probiotics-en\\\/boulardii-60caps\\\/\",\"url\":\"https:\\\/\\\/fit360.ee\\\/en\\\/pood\\\/product-groups\\\/superfoods-health-foods-en\\\/probiotics-en\\\/boulardii-60caps\\\/\",\"name\":\"Boulardii (60caps) - Probiootikumite kompleks - Kiire Tarne - Fit360\",\"isPartOf\":{\"@id\":\"https:\\\/\\\/fit360.ee\\\/en\\\/#website\"},\"primaryImageOfPage\":{\"@id\":\"https:\\\/\\\/fit360.ee\\\/en\\\/pood\\\/product-groups\\\/superfoods-health-foods-en\\\/probiotics-en\\\/boulardii-60caps\\\/#primaryimage\"},\"image\":{\"@id\":\"https:\\\/\\\/fit360.ee\\\/en\\\/pood\\\/product-groups\\\/superfoods-health-foods-en\\\/probiotics-en\\\/boulardii-60caps\\\/#primaryimage\"},\"thumbnailUrl\":\"https:\\\/\\\/fit360.ee\\\/wp-content\\\/uploads\\\/2023\\\/07\\\/boulardii-fit360.ee_.jpg\",\"datePublished\":\"2023-07-25T11:35:09+00:00\",\"dateModified\":\"2026-03-24T12:39:23+00:00\",\"description\":\"Saccharomyces boulardii\u00a0on kasulik p\u00e4rmiliik, mida tavaliselt kasutatakse probiootilise toidulisandina. See on tuntud oma v\u00f5ime poolest toetada seede...\",\"breadcrumb\":{\"@id\":\"https:\\\/\\\/fit360.ee\\\/en\\\/pood\\\/product-groups\\\/superfoods-health-foods-en\\\/probiotics-en\\\/boulardii-60caps\\\/#breadcrumb\"},\"inLanguage\":\"en-US\",\"potentialAction\":[{\"@type\":\"ReadAction\",\"target\":[\"https:\\\/\\\/fit360.ee\\\/en\\\/pood\\\/product-groups\\\/superfoods-health-foods-en\\\/probiotics-en\\\/boulardii-60caps\\\/\"]}]},{\"@type\":\"ImageObject\",\"inLanguage\":\"en-US\",\"@id\":\"https:\\\/\\\/fit360.ee\\\/en\\\/pood\\\/product-groups\\\/superfoods-health-foods-en\\\/probiotics-en\\\/boulardii-60caps\\\/#primaryimage\",\"url\":\"https:\\\/\\\/fit360.ee\\\/wp-content\\\/uploads\\\/2023\\\/07\\\/boulardii-fit360.ee_.jpg\",\"contentUrl\":\"https:\\\/\\\/fit360.ee\\\/wp-content\\\/uploads\\\/2023\\\/07\\\/boulardii-fit360.ee_.jpg\",\"width\":695,\"height\":695,\"caption\":\"boulardii - fit360.ee\"},{\"@type\":\"BreadcrumbList\",\"@id\":\"https:\\\/\\\/fit360.ee\\\/en\\\/pood\\\/product-groups\\\/superfoods-health-foods-en\\\/probiotics-en\\\/boulardii-60caps\\\/#breadcrumb\",\"itemListElement\":[{\"@type\":\"ListItem\",\"position\":1,\"name\":\"Home\",\"item\":\"https:\\\/\\\/fit360.ee\\\/en\\\/\"},{\"@type\":\"ListItem\",\"position\":2,\"name\":\"Shop\",\"item\":\"https:\\\/\\\/fit360.ee\\\/en\\\/shop\\\/\"},{\"@type\":\"ListItem\",\"position\":3,\"name\":\"Boulardii (60caps)\"}]},{\"@type\":\"WebSite\",\"@id\":\"https:\\\/\\\/fit360.ee\\\/en\\\/#website\",\"url\":\"https:\\\/\\\/fit360.ee\\\/en\\\/\",\"name\":\"Fit360\",\"description\":\"\",\"publisher\":{\"@id\":\"https:\\\/\\\/fit360.ee\\\/en\\\/#organization\"},\"potentialAction\":[{\"@type\":\"SearchAction\",\"target\":{\"@type\":\"EntryPoint\",\"urlTemplate\":\"https:\\\/\\\/fit360.ee\\\/en\\\/?s={search_term_string}\"},\"query-input\":{\"@type\":\"PropertyValueSpecification\",\"valueRequired\":true,\"valueName\":\"search_term_string\"}}],\"inLanguage\":\"en-US\"},{\"@type\":\"Organization\",\"@id\":\"https:\\\/\\\/fit360.ee\\\/en\\\/#organization\",\"name\":\"Fit360\",\"url\":\"https:\\\/\\\/fit360.ee\\\/en\\\/\",\"logo\":{\"@type\":\"ImageObject\",\"inLanguage\":\"en-US\",\"@id\":\"https:\\\/\\\/fit360.ee\\\/en\\\/#\\\/schema\\\/logo\\\/image\\\/\",\"url\":\"https:\\\/\\\/fit360.ee\\\/wp-content\\\/uploads\\\/2017\\\/01\\\/logo-fit360.png\",\"contentUrl\":\"https:\\\/\\\/fit360.ee\\\/wp-content\\\/uploads\\\/2017\\\/01\\\/logo-fit360.png\",\"width\":180,\"height\":66,\"caption\":\"Fit360\"},\"image\":{\"@id\":\"https:\\\/\\\/fit360.ee\\\/en\\\/#\\\/schema\\\/logo\\\/image\\\/\"}}]}<\/script>\n<!-- \/ Yoast SEO plugin. -->","yoast_head_json":{"title":"Boulardii (60caps) - Probiootikumite kompleks - Kiire Tarne - Fit360","description":"Saccharomyces boulardii\u00a0on kasulik p\u00e4rmiliik, mida tavaliselt kasutatakse probiootilise toidulisandina. See on tuntud oma v\u00f5ime poolest toetada seede...","robots":{"index":"index","follow":"follow","max-snippet":"max-snippet:-1","max-image-preview":"max-image-preview:large","max-video-preview":"max-video-preview:-1"},"canonical":"https:\/\/fit360.ee\/en\/pood\/product-groups\/superfoods-health-foods-en\/probiotics-en\/boulardii-60caps\/","og_locale":"en_US","og_type":"article","og_title":"Boulardii (60caps) - Probiootikumite kompleks - Kiire Tarne - Fit360","og_description":"Saccharomyces boulardii\u00a0on kasulik p\u00e4rmiliik, mida tavaliselt kasutatakse probiootilise toidulisandina. See on tuntud oma v\u00f5ime poolest toetada seede...","og_url":"https:\/\/fit360.ee\/en\/pood\/product-groups\/superfoods-health-foods-en\/probiotics-en\/boulardii-60caps\/","og_site_name":"Fit360","article_modified_time":"2026-03-24T12:39:23+00:00","og_image":[{"width":695,"height":695,"url":"https:\/\/fit360.ee\/wp-content\/uploads\/2023\/07\/boulardii-fit360.ee_.jpg","type":"image\/jpeg"}],"twitter_card":"summary_large_image","twitter_misc":{"Est. reading time":"2 minutes"},"schema":{"@context":"https:\/\/schema.org","@graph":[{"@type":"WebPage","@id":"https:\/\/fit360.ee\/en\/pood\/product-groups\/superfoods-health-foods-en\/probiotics-en\/boulardii-60caps\/","url":"https:\/\/fit360.ee\/en\/pood\/product-groups\/superfoods-health-foods-en\/probiotics-en\/boulardii-60caps\/","name":"Boulardii (60caps) - Probiootikumite kompleks - Kiire Tarne - Fit360","isPartOf":{"@id":"https:\/\/fit360.ee\/en\/#website"},"primaryImageOfPage":{"@id":"https:\/\/fit360.ee\/en\/pood\/product-groups\/superfoods-health-foods-en\/probiotics-en\/boulardii-60caps\/#primaryimage"},"image":{"@id":"https:\/\/fit360.ee\/en\/pood\/product-groups\/superfoods-health-foods-en\/probiotics-en\/boulardii-60caps\/#primaryimage"},"thumbnailUrl":"https:\/\/fit360.ee\/wp-content\/uploads\/2023\/07\/boulardii-fit360.ee_.jpg","datePublished":"2023-07-25T11:35:09+00:00","dateModified":"2026-03-24T12:39:23+00:00","description":"Saccharomyces boulardii\u00a0on kasulik p\u00e4rmiliik, mida tavaliselt kasutatakse probiootilise toidulisandina. See on tuntud oma v\u00f5ime poolest toetada seede...","breadcrumb":{"@id":"https:\/\/fit360.ee\/en\/pood\/product-groups\/superfoods-health-foods-en\/probiotics-en\/boulardii-60caps\/#breadcrumb"},"inLanguage":"en-US","potentialAction":[{"@type":"ReadAction","target":["https:\/\/fit360.ee\/en\/pood\/product-groups\/superfoods-health-foods-en\/probiotics-en\/boulardii-60caps\/"]}]},{"@type":"ImageObject","inLanguage":"en-US","@id":"https:\/\/fit360.ee\/en\/pood\/product-groups\/superfoods-health-foods-en\/probiotics-en\/boulardii-60caps\/#primaryimage","url":"https:\/\/fit360.ee\/wp-content\/uploads\/2023\/07\/boulardii-fit360.ee_.jpg","contentUrl":"https:\/\/fit360.ee\/wp-content\/uploads\/2023\/07\/boulardii-fit360.ee_.jpg","width":695,"height":695,"caption":"boulardii - fit360.ee"},{"@type":"BreadcrumbList","@id":"https:\/\/fit360.ee\/en\/pood\/product-groups\/superfoods-health-foods-en\/probiotics-en\/boulardii-60caps\/#breadcrumb","itemListElement":[{"@type":"ListItem","position":1,"name":"Home","item":"https:\/\/fit360.ee\/en\/"},{"@type":"ListItem","position":2,"name":"Shop","item":"https:\/\/fit360.ee\/en\/shop\/"},{"@type":"ListItem","position":3,"name":"Boulardii (60caps)"}]},{"@type":"WebSite","@id":"https:\/\/fit360.ee\/en\/#website","url":"https:\/\/fit360.ee\/en\/","name":"Fit360","description":"","publisher":{"@id":"https:\/\/fit360.ee\/en\/#organization"},"potentialAction":[{"@type":"SearchAction","target":{"@type":"EntryPoint","urlTemplate":"https:\/\/fit360.ee\/en\/?s={search_term_string}"},"query-input":{"@type":"PropertyValueSpecification","valueRequired":true,"valueName":"search_term_string"}}],"inLanguage":"en-US"},{"@type":"Organization","@id":"https:\/\/fit360.ee\/en\/#organization","name":"Fit360","url":"https:\/\/fit360.ee\/en\/","logo":{"@type":"ImageObject","inLanguage":"en-US","@id":"https:\/\/fit360.ee\/en\/#\/schema\/logo\/image\/","url":"https:\/\/fit360.ee\/wp-content\/uploads\/2017\/01\/logo-fit360.png","contentUrl":"https:\/\/fit360.ee\/wp-content\/uploads\/2017\/01\/logo-fit360.png","width":180,"height":66,"caption":"Fit360"},"image":{"@id":"https:\/\/fit360.ee\/en\/#\/schema\/logo\/image\/"}}]}},"_links":{"self":[{"href":"https:\/\/fit360.ee\/en\/wp-json\/wp\/v2\/product\/71875","targetHints":{"allow":["GET"]}}],"collection":[{"href":"https:\/\/fit360.ee\/en\/wp-json\/wp\/v2\/product"}],"about":[{"href":"https:\/\/fit360.ee\/en\/wp-json\/wp\/v2\/types\/product"}],"replies":[{"embeddable":true,"href":"https:\/\/fit360.ee\/en\/wp-json\/wp\/v2\/comments?post=71875"}],"wp:featuredmedia":[{"embeddable":true,"href":"https:\/\/fit360.ee\/en\/wp-json\/wp\/v2\/media\/71874"}],"wp:attachment":[{"href":"https:\/\/fit360.ee\/en\/wp-json\/wp\/v2\/media?parent=71875"}],"wp:term":[{"taxonomy":"product_brand","embeddable":true,"href":"https:\/\/fit360.ee\/en\/wp-json\/wp\/v2\/product_brand?post=71875"},{"taxonomy":"product_cat","embeddable":true,"href":"https:\/\/fit360.ee\/en\/wp-json\/wp\/v2\/product_cat?post=71875"},{"taxonomy":"product_tag","embeddable":true,"href":"https:\/\/fit360.ee\/en\/wp-json\/wp\/v2\/product_tag?post=71875"},{"taxonomy":"giftcard-category","embeddable":true,"href":"https:\/\/fit360.ee\/en\/wp-json\/wp\/v2\/giftcard-category?post=71875"}],"curies":[{"name":"wp","href":"https:\/\/api.w.org\/{rel}","templated":true}]}}