{"id":71924,"date":"2023-07-29T12:55:54","date_gmt":"2023-07-29T10:55:54","guid":{"rendered":"https:\/\/fit360.ee\/pood\/uncategorized\/supreme-bcaa-1000mg-150caps\/"},"modified":"2025-10-31T13:23:48","modified_gmt":"2025-10-31T11:23:48","slug":"supreme-bcaa-1000mg-150caps","status":"publish","type":"product","link":"https:\/\/fit360.ee\/en\/pood\/product-groups\/amino-acids-bcaa\/bcaa-en\/supreme-bcaa-1000mg-150caps\/","title":{"rendered":"Supreme BCAA 1000mg (150caps)"},"content":{"rendered":"<h2><strong>Supreme BCAA<\/strong><\/h2>\n<p>OstroVit Supreme BCAA 1000mg on toidulisand, mis sisaldab k\u00f5rgeima kvaliteediga hargnenud ahelaga aminohappeid BCAA, parimas vahekorras 2:1:1. Nende aminohapete hulka kuuluvad: leutsiin, isoleutsiin, valiin. Neid tuleks organismi viia, sest need kuuluvad nn eksogeensete aminohapete hulka \u2013 aminohapete hulka, mida inimkeha ise toota ei suuda.<\/p>\n<p><a href=\"https:\/\/fit360.ee\/wp-content\/uploads\/2023\/07\/ostrovit-bcaa-supreme-fit360.ee-1-800x312.jpg\"><img loading=\"lazy\" decoding=\"async\" class=\"size-medium wp-image-71920\" src=\"https:\/\/fit360.ee\/wp-content\/uploads\/2023\/07\/ostrovit-bcaa-supreme-fit360.ee-1-800x312.jpg\" alt=\"ostrovit bcaa supreme - fit360.ee\" width=\"800\" height=\"312\" srcset=\"https:\/\/fit360.ee\/wp-content\/uploads\/2023\/07\/ostrovit-bcaa-supreme-fit360.ee-1-800x312.jpg 800w, https:\/\/fit360.ee\/wp-content\/uploads\/2023\/07\/ostrovit-bcaa-supreme-fit360.ee-1-510x199.jpg 510w, https:\/\/fit360.ee\/wp-content\/uploads\/2023\/07\/ostrovit-bcaa-supreme-fit360.ee-1-768x300.jpg 768w, https:\/\/fit360.ee\/wp-content\/uploads\/2023\/07\/ostrovit-bcaa-supreme-fit360.ee-1.jpg 922w\" sizes=\"auto, (max-width: 800px) 100vw, 800px\" \/><\/a><\/p>\n<ul class=\"cm__list\">\n<li>Pakendis 150 BCAA kapslit<\/li>\n<li>30 portsjonit pakendi kohta<\/li>\n<li>Supreme Kapslite sari<\/li>\n<li>Aminohapete suhe 2:1:1 (leutsiin, valiin, isoleutsiin)<\/li>\n<\/ul>\n<h4 class=\"cm__heading\"><strong>BCAA \u2013 hargnenud ahelaga aminohapped<\/strong><\/h4>\n<p class=\"cm__text\">BCAA (Branched Chains Amino Acids) on hargnenud ahelaga aminohapped: leutsiin, valiin ja isoleutsiin.\u00a0Neid \u00fchendeid nimetatakse nii nende keemilise struktuuri ulatusliku k\u00f5rvalahela t\u00f5ttu.\u00a0Need kuuluvad eksogeensete aminohapete r\u00fchma ehk meie toidus h\u00e4davajalikud, sest meie keha ei suuda neid ise toota.\u00a0Need on enamiku valkude s\u00fcnteesi lahutamatud elemendid ja \u00fcle 30% meie lihastest koosneb BCAA-dest.<\/p>\n<p class=\"cm__text\">Kahtlemata on BCAA-d meie dieedis \u00fclimalt olulised mitte ainult tervise seisukohalt, vaid ka lihaste \u00fclesehitamiseks, taastumiseks p\u00e4rast rasket treeningut ja rasva v\u00e4hendamiseks.\u00a0BCAA-de pakkumist tuleks suurendada, eriti raskelt treenivatel inimestel.\u00a0F\u00fc\u00fcsilise aktiivsuse suurenedes suureneb vajadus asendamatute aminohapete j\u00e4rele.<\/p>\n<h4 class=\"cm__heading\"><strong>OstroVit BCAA koostisainete omadused<\/strong>:<\/h4>\n<ul class=\"cm__list\">\n<li>Need aitavad suurendada lihaste vastupidavust<\/li>\n<li>BCAA kasutamisel t\u00e4heldatakse lipol\u00fc\u00fcsi suurenemist ehk rasvhapete oks\u00fcdatsiooni suurenemist \u2013 ideaalne lisand keharasva v\u00e4hendamiseks<\/li>\n<li>BCAA lisand v\u00e4hendab treeningj\u00e4rgset f\u00fc\u00fcsilist ja vaimset v\u00e4simust<\/li>\n<li>Paljud uuringud n\u00e4itavad \u00fcksmeelselt antikataboolset toimet (see on takistanud valkude lagunemist lihaskoes)<\/li>\n<li>BCAA kasutamine energiaallikana \u2013 v\u00f5imaldab s\u00e4\u00e4sta lihaste gl\u00fckogeeni<\/li>\n<li>T\u00f5estatud j\u00f5udlus, mis reguleerib neurotransmitterite t\u00f6\u00f6d<\/li>\n<\/ul>\n<p><strong>Koostisosad<\/strong>: L-leutsiin, L-isoleutsiin, L-valiin, kapsli kest (\u017eelatiin, puhastatud vesi).<\/p>\n<p><strong>Kasutamine<\/strong>: 1 portsjon: 5 kapslit. Treeningup\u00e4evadel v\u00f5tke \u00fcks portsjon p\u00e4evas p\u00e4rast \u00e4rkamist v\u00f5i p\u00e4rast treeningut.\u00a0Treeninguvabadel p\u00e4evadel \u00fcks portsjon peale \u00e4rkamist.<\/p>\n<p><strong>Suurus<\/strong>: 150 kapslit &#8211; 30 serveeringut.<\/p>\n<section class=\"projector__description--nutritional row\" data-selector=\".--nutritional\">\n<div class=\"col-12 col-md-10 col-lg-8\">\n<div class=\"--nutrit\">\n<div class=\"nutrition_table_wrapper\">\n<div class=\"table_wrapper\">\n<table>\n<tbody>\n<tr>\n<th>Aktiivsed koostisosad<\/th>\n<th>5 kapslit (1 portsjon)<\/th>\n<th>10 kapslit (2 portsjonit)<\/th>\n<\/tr>\n<tr>\n<td>L-leutsiin<\/td>\n<td>2500 mg<\/td>\n<td>5000 mg<\/td>\n<\/tr>\n<tr>\n<td>L-isoleutsiin<\/td>\n<td>1250 mg<\/td>\n<td>2500 mg<\/td>\n<\/tr>\n<tr>\n<td>L-valiin<\/td>\n<td>1250 mg<\/td>\n<td>2500 mg<\/td>\n<\/tr>\n<\/tbody>\n<\/table>\n<\/div>\n<p>Vaata ka meie teisi BCAA tooteid <a href=\"https:\/\/fit360.ee\/en\/product-category\/product-groups\/amino-acids-bcaa\/bcaa-en\/\"><strong>SIIT<\/strong><\/a> v\u00f5i Aminohappeid <a href=\"https:\/\/fit360.ee\/en\/product-category\/product-groups\/amino-acids-bcaa\/\"><strong>SIIT<\/strong><\/a>!<\/p>\n<\/div>\n<\/div>\n<\/div>\n<\/section>\n<section class=\"projector__comments comments row\" data-selector=\".--comments\">\n<div class=\"--label col-12\">Soovid teha suuremat tellimust? Vaata antud toodet meie HULGI lehelt\u00a0<a href=\"https:\/\/toidulisandidhulgi.ee\/product\/supreme-bcaa-1000mg-150caps\/\"><strong>SIIT<\/strong><\/a>!<\/div>\n<\/section>\n","protected":false},"excerpt":{"rendered":"<ul class=\"cm__list\">\n<li>Need aitavad suurendada lihaste vastupidavust<\/li>\n<li>BCAA kasutamisel t\u00e4heldatakse lipol\u00fc\u00fcsi suurenemist ehk rasvhapete oks\u00fcdatsiooni suurenemist \u2013 ideaalne lisand keharasva v\u00e4hendamiseks<\/li>\n<li>BCAA lisand v\u00e4hendab treeningj\u00e4rgset f\u00fc\u00fcsilist ja vaimset v\u00e4simust<\/li>\n<li>Paljud uuringud n\u00e4itavad \u00fcksmeelselt antikataboolset toimet (see on takistanud valkude lagunemist lihaskoes)<\/li>\n<li>BCAA kasutamine energiaallikana \u2013 v\u00f5imaldab s\u00e4\u00e4sta lihaste gl\u00fckogeeni<\/li>\n<li>T\u00f5estatud j\u00f5udlus, mis reguleerib neurotransmitterite t\u00f6\u00f6d<\/li>\n<\/ul>\n","protected":false},"featured_media":84617,"comment_status":"closed","ping_status":"closed","template":"","meta":[],"product_brand":[],"product_cat":[520,2299,1329],"product_tag":[1791,1924,4445],"giftcard-category":[],"class_list":{"0":"post-71924","1":"product","2":"type-product","3":"status-publish","4":"has-post-thumbnail","6":"product_cat-amino-acids-bcaa","7":"product_cat-bcaa-en","8":"product_cat-ostrovit-en","9":"product_tag-bcaa-en","10":"product_tag-ostrovit-en","11":"product_tag-supreme-bcaa-en","12":"pa_kogus-150-capsules","13":"pa_toidulisand-branddd-ostrovit","14":"pa_tootegruppp-amino-acidsbcaa","15":"pa_tootegruppp-bcaa-en","17":"first","18":"outofstock","19":"sale","20":"taxable","21":"shipping-taxable","22":"purchasable","23":"product-type-simple"},"yoast_head":"<!-- This site is optimized with the Yoast SEO plugin v27.3 - https:\/\/yoast.com\/product\/yoast-seo-wordpress\/ -->\n<title>Supreme BCAA 1000mg (150caps) - BCAA kapslid - Kiire Tarne - Fit360<\/title>\n<meta name=\"description\" content=\"Supreme BCAA 1000mg on toidulisand, mis sisaldab k\u00f5rgeima kvaliteediga hargnenud ahelaga aminohappeid BCAA, parimas vahekorras 2:1:1.\" \/>\n<meta name=\"robots\" content=\"index, follow, max-snippet:-1, max-image-preview:large, max-video-preview:-1\" \/>\n<link rel=\"canonical\" href=\"https:\/\/fit360.ee\/en\/pood\/product-groups\/amino-acids-bcaa\/bcaa-en\/supreme-bcaa-1000mg-150caps\/\" \/>\n<meta property=\"og:locale\" content=\"en_US\" \/>\n<meta property=\"og:type\" content=\"article\" \/>\n<meta property=\"og:title\" content=\"Supreme BCAA 1000mg (150caps) - BCAA kapslid - Kiire Tarne - Fit360\" \/>\n<meta property=\"og:description\" content=\"Supreme BCAA 1000mg on toidulisand, mis sisaldab k\u00f5rgeima kvaliteediga hargnenud ahelaga aminohappeid BCAA, parimas vahekorras 2:1:1.\" \/>\n<meta property=\"og:url\" content=\"https:\/\/fit360.ee\/en\/pood\/product-groups\/amino-acids-bcaa\/bcaa-en\/supreme-bcaa-1000mg-150caps\/\" \/>\n<meta property=\"og:site_name\" content=\"Fit360\" \/>\n<meta property=\"article:modified_time\" content=\"2025-10-31T11:23:48+00:00\" \/>\n<meta property=\"og:image\" content=\"https:\/\/fit360.ee\/wp-content\/uploads\/2023\/07\/supreme-bcaa-ostrovit-fit360.ee-1.png\" \/>\n\t<meta property=\"og:image:width\" content=\"450\" \/>\n\t<meta property=\"og:image:height\" content=\"450\" \/>\n\t<meta property=\"og:image:type\" content=\"image\/png\" \/>\n<meta name=\"twitter:card\" content=\"summary_large_image\" \/>\n<meta name=\"twitter:label1\" content=\"Est. reading time\" \/>\n\t<meta name=\"twitter:data1\" content=\"2 minutes\" \/>\n<script type=\"application\/ld+json\" class=\"yoast-schema-graph\">{\"@context\":\"https:\\\/\\\/schema.org\",\"@graph\":[{\"@type\":\"WebPage\",\"@id\":\"https:\\\/\\\/fit360.ee\\\/en\\\/pood\\\/product-groups\\\/amino-acids-bcaa\\\/bcaa-en\\\/supreme-bcaa-1000mg-150caps\\\/\",\"url\":\"https:\\\/\\\/fit360.ee\\\/en\\\/pood\\\/product-groups\\\/amino-acids-bcaa\\\/bcaa-en\\\/supreme-bcaa-1000mg-150caps\\\/\",\"name\":\"Supreme BCAA 1000mg (150caps) - BCAA kapslid - Kiire Tarne - Fit360\",\"isPartOf\":{\"@id\":\"https:\\\/\\\/fit360.ee\\\/en\\\/#website\"},\"primaryImageOfPage\":{\"@id\":\"https:\\\/\\\/fit360.ee\\\/en\\\/pood\\\/product-groups\\\/amino-acids-bcaa\\\/bcaa-en\\\/supreme-bcaa-1000mg-150caps\\\/#primaryimage\"},\"image\":{\"@id\":\"https:\\\/\\\/fit360.ee\\\/en\\\/pood\\\/product-groups\\\/amino-acids-bcaa\\\/bcaa-en\\\/supreme-bcaa-1000mg-150caps\\\/#primaryimage\"},\"thumbnailUrl\":\"https:\\\/\\\/fit360.ee\\\/wp-content\\\/uploads\\\/2023\\\/07\\\/supreme-bcaa-ostrovit-fit360.ee-1.png\",\"datePublished\":\"2023-07-29T10:55:54+00:00\",\"dateModified\":\"2025-10-31T11:23:48+00:00\",\"description\":\"Supreme BCAA 1000mg on toidulisand, mis sisaldab k\u00f5rgeima kvaliteediga hargnenud ahelaga aminohappeid BCAA, parimas vahekorras 2:1:1.\",\"breadcrumb\":{\"@id\":\"https:\\\/\\\/fit360.ee\\\/en\\\/pood\\\/product-groups\\\/amino-acids-bcaa\\\/bcaa-en\\\/supreme-bcaa-1000mg-150caps\\\/#breadcrumb\"},\"inLanguage\":\"en-US\",\"potentialAction\":[{\"@type\":\"ReadAction\",\"target\":[\"https:\\\/\\\/fit360.ee\\\/en\\\/pood\\\/product-groups\\\/amino-acids-bcaa\\\/bcaa-en\\\/supreme-bcaa-1000mg-150caps\\\/\"]}]},{\"@type\":\"ImageObject\",\"inLanguage\":\"en-US\",\"@id\":\"https:\\\/\\\/fit360.ee\\\/en\\\/pood\\\/product-groups\\\/amino-acids-bcaa\\\/bcaa-en\\\/supreme-bcaa-1000mg-150caps\\\/#primaryimage\",\"url\":\"https:\\\/\\\/fit360.ee\\\/wp-content\\\/uploads\\\/2023\\\/07\\\/supreme-bcaa-ostrovit-fit360.ee-1.png\",\"contentUrl\":\"https:\\\/\\\/fit360.ee\\\/wp-content\\\/uploads\\\/2023\\\/07\\\/supreme-bcaa-ostrovit-fit360.ee-1.png\",\"width\":450,\"height\":450,\"caption\":\"supreme bcaa ostrovit - fit360.ee\"},{\"@type\":\"BreadcrumbList\",\"@id\":\"https:\\\/\\\/fit360.ee\\\/en\\\/pood\\\/product-groups\\\/amino-acids-bcaa\\\/bcaa-en\\\/supreme-bcaa-1000mg-150caps\\\/#breadcrumb\",\"itemListElement\":[{\"@type\":\"ListItem\",\"position\":1,\"name\":\"Home\",\"item\":\"https:\\\/\\\/fit360.ee\\\/en\\\/\"},{\"@type\":\"ListItem\",\"position\":2,\"name\":\"Shop\",\"item\":\"https:\\\/\\\/fit360.ee\\\/en\\\/shop\\\/\"},{\"@type\":\"ListItem\",\"position\":3,\"name\":\"Supreme BCAA 1000mg (150caps)\"}]},{\"@type\":\"WebSite\",\"@id\":\"https:\\\/\\\/fit360.ee\\\/en\\\/#website\",\"url\":\"https:\\\/\\\/fit360.ee\\\/en\\\/\",\"name\":\"Fit360\",\"description\":\"\",\"publisher\":{\"@id\":\"https:\\\/\\\/fit360.ee\\\/en\\\/#organization\"},\"potentialAction\":[{\"@type\":\"SearchAction\",\"target\":{\"@type\":\"EntryPoint\",\"urlTemplate\":\"https:\\\/\\\/fit360.ee\\\/en\\\/?s={search_term_string}\"},\"query-input\":{\"@type\":\"PropertyValueSpecification\",\"valueRequired\":true,\"valueName\":\"search_term_string\"}}],\"inLanguage\":\"en-US\"},{\"@type\":\"Organization\",\"@id\":\"https:\\\/\\\/fit360.ee\\\/en\\\/#organization\",\"name\":\"Fit360\",\"url\":\"https:\\\/\\\/fit360.ee\\\/en\\\/\",\"logo\":{\"@type\":\"ImageObject\",\"inLanguage\":\"en-US\",\"@id\":\"https:\\\/\\\/fit360.ee\\\/en\\\/#\\\/schema\\\/logo\\\/image\\\/\",\"url\":\"https:\\\/\\\/fit360.ee\\\/wp-content\\\/uploads\\\/2017\\\/01\\\/logo-fit360.png\",\"contentUrl\":\"https:\\\/\\\/fit360.ee\\\/wp-content\\\/uploads\\\/2017\\\/01\\\/logo-fit360.png\",\"width\":180,\"height\":66,\"caption\":\"Fit360\"},\"image\":{\"@id\":\"https:\\\/\\\/fit360.ee\\\/en\\\/#\\\/schema\\\/logo\\\/image\\\/\"}}]}<\/script>\n<!-- \/ Yoast SEO plugin. -->","yoast_head_json":{"title":"Supreme BCAA 1000mg (150caps) - BCAA kapslid - Kiire Tarne - Fit360","description":"Supreme BCAA 1000mg on toidulisand, mis sisaldab k\u00f5rgeima kvaliteediga hargnenud ahelaga aminohappeid BCAA, parimas vahekorras 2:1:1.","robots":{"index":"index","follow":"follow","max-snippet":"max-snippet:-1","max-image-preview":"max-image-preview:large","max-video-preview":"max-video-preview:-1"},"canonical":"https:\/\/fit360.ee\/en\/pood\/product-groups\/amino-acids-bcaa\/bcaa-en\/supreme-bcaa-1000mg-150caps\/","og_locale":"en_US","og_type":"article","og_title":"Supreme BCAA 1000mg (150caps) - BCAA kapslid - Kiire Tarne - Fit360","og_description":"Supreme BCAA 1000mg on toidulisand, mis sisaldab k\u00f5rgeima kvaliteediga hargnenud ahelaga aminohappeid BCAA, parimas vahekorras 2:1:1.","og_url":"https:\/\/fit360.ee\/en\/pood\/product-groups\/amino-acids-bcaa\/bcaa-en\/supreme-bcaa-1000mg-150caps\/","og_site_name":"Fit360","article_modified_time":"2025-10-31T11:23:48+00:00","og_image":[{"width":450,"height":450,"url":"https:\/\/fit360.ee\/wp-content\/uploads\/2023\/07\/supreme-bcaa-ostrovit-fit360.ee-1.png","type":"image\/png"}],"twitter_card":"summary_large_image","twitter_misc":{"Est. reading time":"2 minutes"},"schema":{"@context":"https:\/\/schema.org","@graph":[{"@type":"WebPage","@id":"https:\/\/fit360.ee\/en\/pood\/product-groups\/amino-acids-bcaa\/bcaa-en\/supreme-bcaa-1000mg-150caps\/","url":"https:\/\/fit360.ee\/en\/pood\/product-groups\/amino-acids-bcaa\/bcaa-en\/supreme-bcaa-1000mg-150caps\/","name":"Supreme BCAA 1000mg (150caps) - BCAA kapslid - Kiire Tarne - Fit360","isPartOf":{"@id":"https:\/\/fit360.ee\/en\/#website"},"primaryImageOfPage":{"@id":"https:\/\/fit360.ee\/en\/pood\/product-groups\/amino-acids-bcaa\/bcaa-en\/supreme-bcaa-1000mg-150caps\/#primaryimage"},"image":{"@id":"https:\/\/fit360.ee\/en\/pood\/product-groups\/amino-acids-bcaa\/bcaa-en\/supreme-bcaa-1000mg-150caps\/#primaryimage"},"thumbnailUrl":"https:\/\/fit360.ee\/wp-content\/uploads\/2023\/07\/supreme-bcaa-ostrovit-fit360.ee-1.png","datePublished":"2023-07-29T10:55:54+00:00","dateModified":"2025-10-31T11:23:48+00:00","description":"Supreme BCAA 1000mg on toidulisand, mis sisaldab k\u00f5rgeima kvaliteediga hargnenud ahelaga aminohappeid BCAA, parimas vahekorras 2:1:1.","breadcrumb":{"@id":"https:\/\/fit360.ee\/en\/pood\/product-groups\/amino-acids-bcaa\/bcaa-en\/supreme-bcaa-1000mg-150caps\/#breadcrumb"},"inLanguage":"en-US","potentialAction":[{"@type":"ReadAction","target":["https:\/\/fit360.ee\/en\/pood\/product-groups\/amino-acids-bcaa\/bcaa-en\/supreme-bcaa-1000mg-150caps\/"]}]},{"@type":"ImageObject","inLanguage":"en-US","@id":"https:\/\/fit360.ee\/en\/pood\/product-groups\/amino-acids-bcaa\/bcaa-en\/supreme-bcaa-1000mg-150caps\/#primaryimage","url":"https:\/\/fit360.ee\/wp-content\/uploads\/2023\/07\/supreme-bcaa-ostrovit-fit360.ee-1.png","contentUrl":"https:\/\/fit360.ee\/wp-content\/uploads\/2023\/07\/supreme-bcaa-ostrovit-fit360.ee-1.png","width":450,"height":450,"caption":"supreme bcaa ostrovit - fit360.ee"},{"@type":"BreadcrumbList","@id":"https:\/\/fit360.ee\/en\/pood\/product-groups\/amino-acids-bcaa\/bcaa-en\/supreme-bcaa-1000mg-150caps\/#breadcrumb","itemListElement":[{"@type":"ListItem","position":1,"name":"Home","item":"https:\/\/fit360.ee\/en\/"},{"@type":"ListItem","position":2,"name":"Shop","item":"https:\/\/fit360.ee\/en\/shop\/"},{"@type":"ListItem","position":3,"name":"Supreme BCAA 1000mg (150caps)"}]},{"@type":"WebSite","@id":"https:\/\/fit360.ee\/en\/#website","url":"https:\/\/fit360.ee\/en\/","name":"Fit360","description":"","publisher":{"@id":"https:\/\/fit360.ee\/en\/#organization"},"potentialAction":[{"@type":"SearchAction","target":{"@type":"EntryPoint","urlTemplate":"https:\/\/fit360.ee\/en\/?s={search_term_string}"},"query-input":{"@type":"PropertyValueSpecification","valueRequired":true,"valueName":"search_term_string"}}],"inLanguage":"en-US"},{"@type":"Organization","@id":"https:\/\/fit360.ee\/en\/#organization","name":"Fit360","url":"https:\/\/fit360.ee\/en\/","logo":{"@type":"ImageObject","inLanguage":"en-US","@id":"https:\/\/fit360.ee\/en\/#\/schema\/logo\/image\/","url":"https:\/\/fit360.ee\/wp-content\/uploads\/2017\/01\/logo-fit360.png","contentUrl":"https:\/\/fit360.ee\/wp-content\/uploads\/2017\/01\/logo-fit360.png","width":180,"height":66,"caption":"Fit360"},"image":{"@id":"https:\/\/fit360.ee\/en\/#\/schema\/logo\/image\/"}}]}},"_links":{"self":[{"href":"https:\/\/fit360.ee\/en\/wp-json\/wp\/v2\/product\/71924","targetHints":{"allow":["GET"]}}],"collection":[{"href":"https:\/\/fit360.ee\/en\/wp-json\/wp\/v2\/product"}],"about":[{"href":"https:\/\/fit360.ee\/en\/wp-json\/wp\/v2\/types\/product"}],"replies":[{"embeddable":true,"href":"https:\/\/fit360.ee\/en\/wp-json\/wp\/v2\/comments?post=71924"}],"wp:featuredmedia":[{"embeddable":true,"href":"https:\/\/fit360.ee\/en\/wp-json\/wp\/v2\/media\/84617"}],"wp:attachment":[{"href":"https:\/\/fit360.ee\/en\/wp-json\/wp\/v2\/media?parent=71924"}],"wp:term":[{"taxonomy":"product_brand","embeddable":true,"href":"https:\/\/fit360.ee\/en\/wp-json\/wp\/v2\/product_brand?post=71924"},{"taxonomy":"product_cat","embeddable":true,"href":"https:\/\/fit360.ee\/en\/wp-json\/wp\/v2\/product_cat?post=71924"},{"taxonomy":"product_tag","embeddable":true,"href":"https:\/\/fit360.ee\/en\/wp-json\/wp\/v2\/product_tag?post=71924"},{"taxonomy":"giftcard-category","embeddable":true,"href":"https:\/\/fit360.ee\/en\/wp-json\/wp\/v2\/giftcard-category?post=71924"}],"curies":[{"name":"wp","href":"https:\/\/api.w.org\/{rel}","templated":true}]}}