{"id":71928,"date":"2023-07-29T13:47:00","date_gmt":"2023-07-29T11:47:00","guid":{"rendered":"https:\/\/fit360.ee\/?post_type=product&#038;p=71928"},"modified":"2026-04-11T13:27:16","modified_gmt":"2026-04-11T11:27:16","slug":"glucosamine-1400mg-90caps","status":"publish","type":"product","link":"https:\/\/fit360.ee\/en\/pood\/product-groups\/superfoods-health-foods-en\/glucosamine-en\/glucosamine-1400mg-90caps\/","title":{"rendered":"Glucosamine 1400mg (90caps)"},"content":{"rendered":"<h1><strong>Glucosamine<\/strong><\/h1>\n<p>OstroVit Glucosamine ehk Gl\u00fckosamiin 1400mg on k\u00f5rgeima kvaliteediga toidulisand, mis on gl\u00fckoosamiini allikas. Toode on m\u00f5eldud f\u00fc\u00fcsiliselt aktiivsetele inimestele, kes on kokku puutunud liigse koormusega liigestele. Gl\u00fckoosamiin on aine, mis aitab kaasa liigesek\u00f5hre taastamisele. See aitab hoida liigesed, k\u00f5hred ja k\u00f5\u00f5lused heas seisukorras.<\/p>\n<ul>\n<li>90 portsjonit = 90 kapslit \u00fches pakendis!<\/li>\n<li>1400mg gl\u00fckoosamiini \u00fches kapslis<\/li>\n<li>Aidake oma liigeseid vapustava 1400mg portsjoniga kapsli kohta!<\/li>\n<\/ul>\n<h4><strong>OstroVit Gl\u00fckoosamiin 1400mg<\/strong><\/h4>\n<p>Gl\u00fckoosamiin on orgaaniline keemiline \u00fchend, mis esineb looduslikult paljudes meie keha kudedes. See kuulub \u00fchendite klassi, mida nimetatakse gl\u00fckoosaminogl\u00fckaanideks. Gl\u00fckoosamiinsulfaadi vormi peetakse k\u00f5igist turul saadaolevatest vormidest biosaadavaks. Selle hankimise peamiseks allikaks on mereannid v\u00f5i pigem nende kitiinsed soomused. Gl\u00fckoosamiini kasutab keha oluliste kemikaalide tootmiseks, mis on seotud k\u00f5\u00f5luste, sidemete v\u00f5i k\u00f5hrede loomise ja tugevdamisega. Gl\u00fckoosamiin on aine, mida kasutatakse peamiselt luuprobleemidega inimestel. Leevendab ideaalselt liigesevalu ja toetab traumaj\u00e4rgset taastumist. Samuti stimuleerib see sidekoe uuenemist ning tugevdab ja kaitseb liigeseid erinevate kahjustuste eest.<\/p>\n<p><strong>Glucosamine 1400mg omadused<\/strong>:<\/p>\n<ul>\n<li>Sellel on p\u00f5letikuvastane ja valuvaigistav toime luus\u00fcsteemile<\/li>\n<li>Toetab liigesek\u00f5hre ja sidekoe taastamist<\/li>\n<li>See aitab kaitsta meie liigeseid erinevate vigastuste eest<\/li>\n<li>T\u00f5estatud taastav toime<\/li>\n<li>See hoiab \u00e4ra meie luude katlakivi eemaldamise<\/li>\n<li>Aitab parandada meie luustiku talitlust (suurendab liigeste paindlikkust)<\/li>\n<\/ul>\n<p><strong>Koostisosad<\/strong>: Gl\u00fckoosamiinsulfaat (p\u00e4ritolu koorikloomadest), kapsli kest (\u017eelatiin, puhastatud vesi).<span style=\"font-size: 14.4px;\">Toode v\u00f5ib sisaldada piima (sh laktoosi), soja, maap\u00e4hkleid, muid p\u00e4hkleid, seesamiseemneid, kaera, mune, kala.<\/span><\/p>\n<p><strong>Kasutamine<\/strong>: V\u00f5tke 1 portsjon (1 kapsel) p\u00e4evas.<\/p>\n<p><strong>Suurus<\/strong>: 90 kapslit &#8211; 90 serveeringut<\/p>\n<section class=\"projector__description--nutritional row\" data-selector=\".--nutritional\">\n<div class=\"col-12 col-md-10 col-lg-8\">\n<div class=\"--nutrit\">\n<div class=\"nutrition_table_wrapper\">\n<div class=\"table_wrapper\">\n<table>\n<tbody>\n<tr>\n<th>Aktiivsed toimeained<\/th>\n<th>1 kapsel &#8211; 1 serveering<\/th>\n<\/tr>\n<tr>\n<td>Gl\u00fckosamiin<\/td>\n<td>1400mg<\/td>\n<\/tr>\n<\/tbody>\n<\/table>\n<\/div>\n<\/div>\n<\/div>\n<\/div>\n<\/section>\n<div class=\"--label col-12\"><\/div>\n<div>Vaata ka meie teisi Gl\u00fckosamiine <a href=\"https:\/\/fit360.ee\/en\/product-category\/product-groups\/superfoods-health-foods-en\/glucosamine-en\/\"><strong>SIIT<\/strong><\/a> v\u00f5i Liigestele m\u00f5eldud toidulisandeid <a href=\"https:\/\/fit360.ee\/en\/product-category\/product-groups\/joint-support-en\/\"><strong>SIIT<\/strong><\/a>!<\/div>\n<div><\/div>\n<div>Soovid kaupa osta suuremas koguses? Vaata antud toodet ka meie HULGI poest\u00a0<a href=\"https:\/\/toidulisandidhulgi.ee\/product\/glucosamine-1400mg-90caps\/\"><strong>SIIT<\/strong><\/a>!<\/div>\n","protected":false},"excerpt":{"rendered":"<ul>\n<li>Gl\u00fckosamiinil on p\u00f5letikuvastane ja valuvaigistav toime luus\u00fcsteemile<\/li>\n<li>Toetab liigesek\u00f5hre ja sidekoe taastamist<\/li>\n<li>Gl\u00fckosamiin aitab kaitsta meie liigeseid erinevate vigastuste eest<\/li>\n<li>T\u00f5estatud taastav toime<\/li>\n<li>See hoiab \u00e4ra meie luude katlakivi eemaldamise<\/li>\n<li>Aitab parandada meie luustiku talitlust (suurendab liigeste paindlikkust)<\/li>\n<\/ul>\n","protected":false},"featured_media":71930,"comment_status":"closed","ping_status":"closed","template":"","meta":[],"product_brand":[],"product_cat":[2341,527,1329,1454],"product_tag":[2706,2707,3682,1924],"giftcard-category":[],"class_list":{"0":"post-71928","1":"product","2":"type-product","3":"status-publish","4":"has-post-thumbnail","6":"product_cat-glucosamine-en","7":"product_cat-joint-support-en","8":"product_cat-ostrovit-en","9":"product_cat-superfoods-health-foods-en","10":"product_tag-glucosamine-en","11":"product_tag-glukosamiin-en","12":"product_tag-glukosamiini-kapslid-en","13":"product_tag-ostrovit-en","14":"pa_kogus-90-capsules","15":"pa_toidulisand-branddd-ostrovit","16":"pa_tootegruppp-for-joints","17":"pa_tootegruppp-glukosamiin-en","18":"pa_tootegruppp-supertoit-tervisetoit-en","20":"first","21":"outofstock","22":"sale","23":"taxable","24":"shipping-taxable","25":"purchasable","26":"product-type-simple"},"yoast_head":"<!-- This site is optimized with the Yoast SEO plugin v27.3 - https:\/\/yoast.com\/product\/yoast-seo-wordpress\/ -->\n<title>Glucosamine 1400mg (90caps) - Gl\u00fckosamiin - Kiire Tarne - Fit360<\/title>\n<meta name=\"description\" content=\"Glucosamine ehk Gl\u00fckosamiin 1400mg on k\u00f5rgeima kvaliteediga toidulisand. Toetab liigesek\u00f5hre ja sidekoe taastamist. See aitab kaitsta ...\" \/>\n<meta name=\"robots\" content=\"index, follow, max-snippet:-1, max-image-preview:large, max-video-preview:-1\" \/>\n<link rel=\"canonical\" href=\"https:\/\/fit360.ee\/en\/pood\/product-groups\/superfoods-health-foods-en\/glucosamine-en\/glucosamine-1400mg-90caps\/\" \/>\n<meta property=\"og:locale\" content=\"en_US\" \/>\n<meta property=\"og:type\" content=\"article\" \/>\n<meta property=\"og:title\" content=\"Glucosamine 1400mg (90caps) - Gl\u00fckosamiin - Kiire Tarne - Fit360\" \/>\n<meta property=\"og:description\" content=\"Glucosamine ehk Gl\u00fckosamiin 1400mg on k\u00f5rgeima kvaliteediga toidulisand. Toetab liigesek\u00f5hre ja sidekoe taastamist. See aitab kaitsta ...\" \/>\n<meta property=\"og:url\" content=\"https:\/\/fit360.ee\/en\/pood\/product-groups\/superfoods-health-foods-en\/glucosamine-en\/glucosamine-1400mg-90caps\/\" \/>\n<meta property=\"og:site_name\" content=\"Fit360\" \/>\n<meta property=\"article:modified_time\" content=\"2026-04-11T11:27:16+00:00\" \/>\n<meta property=\"og:image\" content=\"https:\/\/fit360.ee\/wp-content\/uploads\/2023\/07\/glucosamine-1400mg-fit360.ee-1.png\" \/>\n\t<meta property=\"og:image:width\" content=\"450\" \/>\n\t<meta property=\"og:image:height\" content=\"450\" \/>\n\t<meta property=\"og:image:type\" content=\"image\/png\" \/>\n<meta name=\"twitter:card\" content=\"summary_large_image\" \/>\n<meta name=\"twitter:label1\" content=\"Est. reading time\" \/>\n\t<meta name=\"twitter:data1\" content=\"2 minutes\" \/>\n<script type=\"application\/ld+json\" class=\"yoast-schema-graph\">{\"@context\":\"https:\\\/\\\/schema.org\",\"@graph\":[{\"@type\":\"WebPage\",\"@id\":\"https:\\\/\\\/fit360.ee\\\/en\\\/pood\\\/product-groups\\\/superfoods-health-foods-en\\\/glucosamine-en\\\/glucosamine-1400mg-90caps\\\/\",\"url\":\"https:\\\/\\\/fit360.ee\\\/en\\\/pood\\\/product-groups\\\/superfoods-health-foods-en\\\/glucosamine-en\\\/glucosamine-1400mg-90caps\\\/\",\"name\":\"Glucosamine 1400mg (90caps) - Gl\u00fckosamiin - Kiire Tarne - Fit360\",\"isPartOf\":{\"@id\":\"https:\\\/\\\/fit360.ee\\\/en\\\/#website\"},\"primaryImageOfPage\":{\"@id\":\"https:\\\/\\\/fit360.ee\\\/en\\\/pood\\\/product-groups\\\/superfoods-health-foods-en\\\/glucosamine-en\\\/glucosamine-1400mg-90caps\\\/#primaryimage\"},\"image\":{\"@id\":\"https:\\\/\\\/fit360.ee\\\/en\\\/pood\\\/product-groups\\\/superfoods-health-foods-en\\\/glucosamine-en\\\/glucosamine-1400mg-90caps\\\/#primaryimage\"},\"thumbnailUrl\":\"https:\\\/\\\/fit360.ee\\\/wp-content\\\/uploads\\\/2023\\\/07\\\/glucosamine-1400mg-fit360.ee-1.png\",\"datePublished\":\"2023-07-29T11:47:00+00:00\",\"dateModified\":\"2026-04-11T11:27:16+00:00\",\"description\":\"Glucosamine ehk Gl\u00fckosamiin 1400mg on k\u00f5rgeima kvaliteediga toidulisand. Toetab liigesek\u00f5hre ja sidekoe taastamist. See aitab kaitsta ...\",\"breadcrumb\":{\"@id\":\"https:\\\/\\\/fit360.ee\\\/en\\\/pood\\\/product-groups\\\/superfoods-health-foods-en\\\/glucosamine-en\\\/glucosamine-1400mg-90caps\\\/#breadcrumb\"},\"inLanguage\":\"en-US\",\"potentialAction\":[{\"@type\":\"ReadAction\",\"target\":[\"https:\\\/\\\/fit360.ee\\\/en\\\/pood\\\/product-groups\\\/superfoods-health-foods-en\\\/glucosamine-en\\\/glucosamine-1400mg-90caps\\\/\"]}]},{\"@type\":\"ImageObject\",\"inLanguage\":\"en-US\",\"@id\":\"https:\\\/\\\/fit360.ee\\\/en\\\/pood\\\/product-groups\\\/superfoods-health-foods-en\\\/glucosamine-en\\\/glucosamine-1400mg-90caps\\\/#primaryimage\",\"url\":\"https:\\\/\\\/fit360.ee\\\/wp-content\\\/uploads\\\/2023\\\/07\\\/glucosamine-1400mg-fit360.ee-1.png\",\"contentUrl\":\"https:\\\/\\\/fit360.ee\\\/wp-content\\\/uploads\\\/2023\\\/07\\\/glucosamine-1400mg-fit360.ee-1.png\",\"width\":450,\"height\":450,\"caption\":\"glucosamine 1400mg - fit360.ee\"},{\"@type\":\"BreadcrumbList\",\"@id\":\"https:\\\/\\\/fit360.ee\\\/en\\\/pood\\\/product-groups\\\/superfoods-health-foods-en\\\/glucosamine-en\\\/glucosamine-1400mg-90caps\\\/#breadcrumb\",\"itemListElement\":[{\"@type\":\"ListItem\",\"position\":1,\"name\":\"Home\",\"item\":\"https:\\\/\\\/fit360.ee\\\/en\\\/\"},{\"@type\":\"ListItem\",\"position\":2,\"name\":\"Shop\",\"item\":\"https:\\\/\\\/fit360.ee\\\/en\\\/shop\\\/\"},{\"@type\":\"ListItem\",\"position\":3,\"name\":\"Glucosamine 1400mg (90caps)\"}]},{\"@type\":\"WebSite\",\"@id\":\"https:\\\/\\\/fit360.ee\\\/en\\\/#website\",\"url\":\"https:\\\/\\\/fit360.ee\\\/en\\\/\",\"name\":\"Fit360\",\"description\":\"\",\"publisher\":{\"@id\":\"https:\\\/\\\/fit360.ee\\\/en\\\/#organization\"},\"potentialAction\":[{\"@type\":\"SearchAction\",\"target\":{\"@type\":\"EntryPoint\",\"urlTemplate\":\"https:\\\/\\\/fit360.ee\\\/en\\\/?s={search_term_string}\"},\"query-input\":{\"@type\":\"PropertyValueSpecification\",\"valueRequired\":true,\"valueName\":\"search_term_string\"}}],\"inLanguage\":\"en-US\"},{\"@type\":\"Organization\",\"@id\":\"https:\\\/\\\/fit360.ee\\\/en\\\/#organization\",\"name\":\"Fit360\",\"url\":\"https:\\\/\\\/fit360.ee\\\/en\\\/\",\"logo\":{\"@type\":\"ImageObject\",\"inLanguage\":\"en-US\",\"@id\":\"https:\\\/\\\/fit360.ee\\\/en\\\/#\\\/schema\\\/logo\\\/image\\\/\",\"url\":\"https:\\\/\\\/fit360.ee\\\/wp-content\\\/uploads\\\/2017\\\/01\\\/logo-fit360.png\",\"contentUrl\":\"https:\\\/\\\/fit360.ee\\\/wp-content\\\/uploads\\\/2017\\\/01\\\/logo-fit360.png\",\"width\":180,\"height\":66,\"caption\":\"Fit360\"},\"image\":{\"@id\":\"https:\\\/\\\/fit360.ee\\\/en\\\/#\\\/schema\\\/logo\\\/image\\\/\"}}]}<\/script>\n<!-- \/ Yoast SEO plugin. -->","yoast_head_json":{"title":"Glucosamine 1400mg (90caps) - Gl\u00fckosamiin - Kiire Tarne - Fit360","description":"Glucosamine ehk Gl\u00fckosamiin 1400mg on k\u00f5rgeima kvaliteediga toidulisand. Toetab liigesek\u00f5hre ja sidekoe taastamist. See aitab kaitsta ...","robots":{"index":"index","follow":"follow","max-snippet":"max-snippet:-1","max-image-preview":"max-image-preview:large","max-video-preview":"max-video-preview:-1"},"canonical":"https:\/\/fit360.ee\/en\/pood\/product-groups\/superfoods-health-foods-en\/glucosamine-en\/glucosamine-1400mg-90caps\/","og_locale":"en_US","og_type":"article","og_title":"Glucosamine 1400mg (90caps) - Gl\u00fckosamiin - Kiire Tarne - Fit360","og_description":"Glucosamine ehk Gl\u00fckosamiin 1400mg on k\u00f5rgeima kvaliteediga toidulisand. Toetab liigesek\u00f5hre ja sidekoe taastamist. See aitab kaitsta ...","og_url":"https:\/\/fit360.ee\/en\/pood\/product-groups\/superfoods-health-foods-en\/glucosamine-en\/glucosamine-1400mg-90caps\/","og_site_name":"Fit360","article_modified_time":"2026-04-11T11:27:16+00:00","og_image":[{"width":450,"height":450,"url":"https:\/\/fit360.ee\/wp-content\/uploads\/2023\/07\/glucosamine-1400mg-fit360.ee-1.png","type":"image\/png"}],"twitter_card":"summary_large_image","twitter_misc":{"Est. reading time":"2 minutes"},"schema":{"@context":"https:\/\/schema.org","@graph":[{"@type":"WebPage","@id":"https:\/\/fit360.ee\/en\/pood\/product-groups\/superfoods-health-foods-en\/glucosamine-en\/glucosamine-1400mg-90caps\/","url":"https:\/\/fit360.ee\/en\/pood\/product-groups\/superfoods-health-foods-en\/glucosamine-en\/glucosamine-1400mg-90caps\/","name":"Glucosamine 1400mg (90caps) - Gl\u00fckosamiin - Kiire Tarne - Fit360","isPartOf":{"@id":"https:\/\/fit360.ee\/en\/#website"},"primaryImageOfPage":{"@id":"https:\/\/fit360.ee\/en\/pood\/product-groups\/superfoods-health-foods-en\/glucosamine-en\/glucosamine-1400mg-90caps\/#primaryimage"},"image":{"@id":"https:\/\/fit360.ee\/en\/pood\/product-groups\/superfoods-health-foods-en\/glucosamine-en\/glucosamine-1400mg-90caps\/#primaryimage"},"thumbnailUrl":"https:\/\/fit360.ee\/wp-content\/uploads\/2023\/07\/glucosamine-1400mg-fit360.ee-1.png","datePublished":"2023-07-29T11:47:00+00:00","dateModified":"2026-04-11T11:27:16+00:00","description":"Glucosamine ehk Gl\u00fckosamiin 1400mg on k\u00f5rgeima kvaliteediga toidulisand. Toetab liigesek\u00f5hre ja sidekoe taastamist. See aitab kaitsta ...","breadcrumb":{"@id":"https:\/\/fit360.ee\/en\/pood\/product-groups\/superfoods-health-foods-en\/glucosamine-en\/glucosamine-1400mg-90caps\/#breadcrumb"},"inLanguage":"en-US","potentialAction":[{"@type":"ReadAction","target":["https:\/\/fit360.ee\/en\/pood\/product-groups\/superfoods-health-foods-en\/glucosamine-en\/glucosamine-1400mg-90caps\/"]}]},{"@type":"ImageObject","inLanguage":"en-US","@id":"https:\/\/fit360.ee\/en\/pood\/product-groups\/superfoods-health-foods-en\/glucosamine-en\/glucosamine-1400mg-90caps\/#primaryimage","url":"https:\/\/fit360.ee\/wp-content\/uploads\/2023\/07\/glucosamine-1400mg-fit360.ee-1.png","contentUrl":"https:\/\/fit360.ee\/wp-content\/uploads\/2023\/07\/glucosamine-1400mg-fit360.ee-1.png","width":450,"height":450,"caption":"glucosamine 1400mg - fit360.ee"},{"@type":"BreadcrumbList","@id":"https:\/\/fit360.ee\/en\/pood\/product-groups\/superfoods-health-foods-en\/glucosamine-en\/glucosamine-1400mg-90caps\/#breadcrumb","itemListElement":[{"@type":"ListItem","position":1,"name":"Home","item":"https:\/\/fit360.ee\/en\/"},{"@type":"ListItem","position":2,"name":"Shop","item":"https:\/\/fit360.ee\/en\/shop\/"},{"@type":"ListItem","position":3,"name":"Glucosamine 1400mg (90caps)"}]},{"@type":"WebSite","@id":"https:\/\/fit360.ee\/en\/#website","url":"https:\/\/fit360.ee\/en\/","name":"Fit360","description":"","publisher":{"@id":"https:\/\/fit360.ee\/en\/#organization"},"potentialAction":[{"@type":"SearchAction","target":{"@type":"EntryPoint","urlTemplate":"https:\/\/fit360.ee\/en\/?s={search_term_string}"},"query-input":{"@type":"PropertyValueSpecification","valueRequired":true,"valueName":"search_term_string"}}],"inLanguage":"en-US"},{"@type":"Organization","@id":"https:\/\/fit360.ee\/en\/#organization","name":"Fit360","url":"https:\/\/fit360.ee\/en\/","logo":{"@type":"ImageObject","inLanguage":"en-US","@id":"https:\/\/fit360.ee\/en\/#\/schema\/logo\/image\/","url":"https:\/\/fit360.ee\/wp-content\/uploads\/2017\/01\/logo-fit360.png","contentUrl":"https:\/\/fit360.ee\/wp-content\/uploads\/2017\/01\/logo-fit360.png","width":180,"height":66,"caption":"Fit360"},"image":{"@id":"https:\/\/fit360.ee\/en\/#\/schema\/logo\/image\/"}}]}},"_links":{"self":[{"href":"https:\/\/fit360.ee\/en\/wp-json\/wp\/v2\/product\/71928","targetHints":{"allow":["GET"]}}],"collection":[{"href":"https:\/\/fit360.ee\/en\/wp-json\/wp\/v2\/product"}],"about":[{"href":"https:\/\/fit360.ee\/en\/wp-json\/wp\/v2\/types\/product"}],"replies":[{"embeddable":true,"href":"https:\/\/fit360.ee\/en\/wp-json\/wp\/v2\/comments?post=71928"}],"wp:featuredmedia":[{"embeddable":true,"href":"https:\/\/fit360.ee\/en\/wp-json\/wp\/v2\/media\/71930"}],"wp:attachment":[{"href":"https:\/\/fit360.ee\/en\/wp-json\/wp\/v2\/media?parent=71928"}],"wp:term":[{"taxonomy":"product_brand","embeddable":true,"href":"https:\/\/fit360.ee\/en\/wp-json\/wp\/v2\/product_brand?post=71928"},{"taxonomy":"product_cat","embeddable":true,"href":"https:\/\/fit360.ee\/en\/wp-json\/wp\/v2\/product_cat?post=71928"},{"taxonomy":"product_tag","embeddable":true,"href":"https:\/\/fit360.ee\/en\/wp-json\/wp\/v2\/product_tag?post=71928"},{"taxonomy":"giftcard-category","embeddable":true,"href":"https:\/\/fit360.ee\/en\/wp-json\/wp\/v2\/giftcard-category?post=71928"}],"curies":[{"name":"wp","href":"https:\/\/api.w.org\/{rel}","templated":true}]}}