{"id":72263,"date":"2023-08-12T07:02:32","date_gmt":"2023-08-12T05:02:32","guid":{"rendered":"https:\/\/fit360.ee\/pood\/uncategorized\/100-peanut-powder-500g\/"},"modified":"2026-04-09T14:42:12","modified_gmt":"2026-04-09T12:42:12","slug":"100-peanut-powder-500g","status":"publish","type":"product","link":"https:\/\/fit360.ee\/en\/pood\/product-groups\/peanut-butters-en\/peanut-butter-en\/100-peanut-powder-500g\/","title":{"rendered":"100% Peanut Powder (500g)"},"content":{"rendered":"<h2><strong>100% Peanut Powder<\/strong><\/h2>\n<p class=\"cm__text --bold\">OstroVit 100% Peanut Powder on puhas maap\u00e4hklisisaldus jahvatatud lahtiseks pulbriks.\u00a0See on t\u00e4iesti looduslik toode ja ei sisalda lisatud aineid, suhkrut ega soola.\u00a0Koostises sisalduv suhkur ja sool esinevad looduslikult maap\u00e4hklites.\u00a0See on paljude vitamiinide ja mineraalainete ning eelk\u00f5ige k\u00fcllastumata rasvhapete allikas.\u00a0Puhas, p\u00e4hkline jahu maitse sobib suurep\u00e4raselt lisandiks leiva-, kookide ja omlettide k\u00fcpsetamiseks.\u00a0Sobib h\u00e4sti lisandiks nii magusatele kui ka soolastele roogadele ning leiab t\u00e4nu sellele laialdast kasutamist igap\u00e4evases toiduvalmistamises.<\/p>\n<ul class=\"cm__list\">\n<li>See ei sisalda lisatud v\u00e4rvaineid, s\u00e4ilitusaineid, suhkrut ega soola<\/li>\n<li>Suurep\u00e4rane jahu alternatiiv neile, kes peavad gluteenivaba dieeti<\/li>\n<li>\u00d6konoomne 500 g pakend<\/li>\n<\/ul>\n<h4 class=\"cm__heading\"><strong>OstroVit 100% maap\u00e4hklipulber<\/strong><\/h4>\n<p class=\"cm__text\">Maap\u00e4hklijahu on 100 protsenti r\u00f6stitud maap\u00e4hklite p\u00e4ritolu t\u00f5ttu eelk\u00f5ige rikkalik k\u00fcllastumata rasvhapete, vitamiinide ja mineraalainete allikas.\u00a0Eriti soovitatav on see gluteenivaba dieediga inimestele, kes otsivad toitvat ja v\u00e4\u00e4rtuslikku alternatiivi traditsioonilisele teraviljateradest saadud jahule.\u00a0See on ka suurep\u00e4rane valkude ja kiudainete allikas.\u00a0Seda kasutatakse igasugustes kookides ja k\u00fcpsetistes.<\/p>\n<p><strong>Koostisosad<\/strong>: R\u00f6stitud maap\u00e4hklid 100%.\u00a0Toode v\u00f5ib sisaldada muid p\u00e4hkleid, piima (sh laktoosi), soja, seesamiseemneid, gluteeni sisaldavaid teravilju, mune, v\u00e4hilaadseid, kala.<\/p>\n<p><strong>Kasutamine<\/strong>: Tarbi vastavalt vajadusele. Hoida temperatuuril 15-25\u00b0C, suletud anumas, kuivas kohas.\u00a0Kaitsta otsese p\u00e4ikesevalguse eest.<\/p>\n<table>\n<tbody>\n<tr>\n<th>Toitev\u00e4\u00e4rtus<\/th>\n<th>100 g juures<\/th>\n<th>1 portsjon 25 g<\/th>\n<th>% SPK*<\/th>\n<\/tr>\n<tr>\n<td>Energia<\/td>\n<td>2671 kJ\/644 kcal<\/td>\n<td>668 kJ\/161 kcal<\/td>\n<td>8%*<\/td>\n<\/tr>\n<tr>\n<td>Rasvad<\/td>\n<td>50 g<\/td>\n<td>13 g<\/td>\n<td>19%*<\/td>\n<\/tr>\n<tr class=\"sub\">\n<td>&#8211; millest k\u00fcllastunud rasvhapped<\/td>\n<td>6,9 g<\/td>\n<td>1,7 g<\/td>\n<td>9 %*<\/td>\n<\/tr>\n<tr>\n<td>S\u00fcsivesikud<\/td>\n<td>22 g<\/td>\n<td>5,5 g<\/td>\n<td>2 %*<\/td>\n<\/tr>\n<tr class=\"sub\">\n<td>&#8211; millest suhkrud<\/td>\n<td>4,2 g<\/td>\n<td>1,1 g<\/td>\n<td>1 %*<\/td>\n<\/tr>\n<tr>\n<td>Fiber<\/td>\n<td>8 g<\/td>\n<td>2 g<\/td>\n<td>&#8211;<\/td>\n<\/tr>\n<tr>\n<td>Valk<\/td>\n<td>24 g<\/td>\n<td>6 g<\/td>\n<td>12%*<\/td>\n<\/tr>\n<tr>\n<td>soola<\/td>\n<td>0,02 g<\/td>\n<td>&lt;0,01 g<\/td>\n<td>&#8211;<\/td>\n<\/tr>\n<\/tbody>\n<\/table>\n<p>*SPK \u2013\u00a0 Soovitatud p\u00e4evane kogus. V\u00f5rdluskogus keskmise t\u00e4iskasvanu kohta (8 400 kJ\/2 000 kcal).<\/p>\n<p>Vaata ka meie teisi P\u00e4hkliv\u00f5isid <a href=\"https:\/\/fit360.ee\/en\/product-category\/product-groups\/peanut-butters-en\/\"><strong>SIIT<\/strong><\/a> v\u00f5i Kasulikke Rasvhappeid <a href=\"https:\/\/fit360.ee\/en\/product-category\/product-groups\/essential-fats-en\/\"><strong>SIIT<\/strong><\/a>!<\/p>\n<p>Soovid teha suuremat tellimust? Vaata antud toodet meie HULGI lehelt\u00a0<a href=\"https:\/\/toidulisandidhulgi.ee\/tooted\/100-peanut-powder-500g\/\"><strong>SIIT<\/strong><\/a>!<\/p>\n","protected":false},"excerpt":{"rendered":"<ul class=\"cm__list\">\n<li>Ei sisalda lisatud v\u00e4rvaineid, s\u00e4ilitusaineid, suhkrut ega soola<\/li>\n<li>Suurep\u00e4rane jahu alternatiiv neile, kes peavad gluteenivaba dieeti<\/li>\n<li>\u00d6konoomne 500 g pakend<\/li>\n<\/ul>\n","protected":false},"featured_media":72262,"comment_status":"closed","ping_status":"closed","template":"","meta":[],"product_brand":[],"product_cat":[524,1329,2472,529],"product_tag":[4466,1924,4467],"giftcard-category":[],"class_list":{"0":"post-72263","1":"product","2":"type-product","3":"status-publish","4":"has-post-thumbnail","6":"product_cat-calorie-free-sauces","7":"product_cat-ostrovit-en","8":"product_cat-peanut-butter-en","9":"product_cat-peanut-butters-en","10":"product_tag-maapahkli-pulber-en","11":"product_tag-ostrovit-en","12":"product_tag-peanut-powder-en","13":"pa_kogus-500g-en","14":"pa_toidulisand-branddd-ostrovit","15":"pa_tootegruppp-maapahklivoi-en","16":"pa_tootegruppp-peanut-butters","17":"pa_tootegruppp-useful-fatty-acids","19":"first","20":"outofstock","21":"sale","22":"taxable","23":"shipping-taxable","24":"purchasable","25":"product-type-simple"},"yoast_head":"<!-- This site is optimized with the Yoast SEO plugin v27.3 - https:\/\/yoast.com\/product\/yoast-seo-wordpress\/ -->\n<title>100% Peanut Powder (500g) - Maap\u00e4hklipulber - Kiire Tarne - Fit360<\/title>\n<meta name=\"description\" content=\"Peanut Powder on puhas maap\u00e4hklisisaldus jahvatatud lahtiseks pulbriks.\u00a0See on t\u00e4iesti looduslik toode ja ei sisalda lisatud aineid, suhkrut ega soola.\u00a0\" \/>\n<meta name=\"robots\" content=\"index, follow, max-snippet:-1, max-image-preview:large, max-video-preview:-1\" \/>\n<link rel=\"canonical\" href=\"https:\/\/fit360.ee\/en\/pood\/product-groups\/peanut-butters-en\/peanut-butter-en\/100-peanut-powder-500g\/\" \/>\n<meta property=\"og:locale\" content=\"en_US\" \/>\n<meta property=\"og:type\" content=\"article\" \/>\n<meta property=\"og:title\" content=\"100% Peanut Powder (500g) - Maap\u00e4hklipulber - Kiire Tarne - Fit360\" \/>\n<meta property=\"og:description\" content=\"Peanut Powder on puhas maap\u00e4hklisisaldus jahvatatud lahtiseks pulbriks.\u00a0See on t\u00e4iesti looduslik toode ja ei sisalda lisatud aineid, suhkrut ega soola.\u00a0\" \/>\n<meta property=\"og:url\" content=\"https:\/\/fit360.ee\/en\/pood\/product-groups\/peanut-butters-en\/peanut-butter-en\/100-peanut-powder-500g\/\" \/>\n<meta property=\"og:site_name\" content=\"Fit360\" \/>\n<meta property=\"article:modified_time\" content=\"2026-04-09T12:42:12+00:00\" \/>\n<meta property=\"og:image\" content=\"https:\/\/fit360.ee\/wp-content\/uploads\/2023\/08\/peanut-powder-fit360.ee-1.png\" \/>\n\t<meta property=\"og:image:width\" content=\"450\" \/>\n\t<meta property=\"og:image:height\" content=\"450\" \/>\n\t<meta property=\"og:image:type\" content=\"image\/png\" \/>\n<meta name=\"twitter:card\" content=\"summary_large_image\" \/>\n<meta name=\"twitter:label1\" content=\"Est. reading time\" \/>\n\t<meta name=\"twitter:data1\" content=\"2 minutes\" \/>\n<script type=\"application\/ld+json\" class=\"yoast-schema-graph\">{\"@context\":\"https:\\\/\\\/schema.org\",\"@graph\":[{\"@type\":\"WebPage\",\"@id\":\"https:\\\/\\\/fit360.ee\\\/en\\\/pood\\\/product-groups\\\/peanut-butters-en\\\/peanut-butter-en\\\/100-peanut-powder-500g\\\/\",\"url\":\"https:\\\/\\\/fit360.ee\\\/en\\\/pood\\\/product-groups\\\/peanut-butters-en\\\/peanut-butter-en\\\/100-peanut-powder-500g\\\/\",\"name\":\"100% Peanut Powder (500g) - Maap\u00e4hklipulber - Kiire Tarne - Fit360\",\"isPartOf\":{\"@id\":\"https:\\\/\\\/fit360.ee\\\/en\\\/#website\"},\"primaryImageOfPage\":{\"@id\":\"https:\\\/\\\/fit360.ee\\\/en\\\/pood\\\/product-groups\\\/peanut-butters-en\\\/peanut-butter-en\\\/100-peanut-powder-500g\\\/#primaryimage\"},\"image\":{\"@id\":\"https:\\\/\\\/fit360.ee\\\/en\\\/pood\\\/product-groups\\\/peanut-butters-en\\\/peanut-butter-en\\\/100-peanut-powder-500g\\\/#primaryimage\"},\"thumbnailUrl\":\"https:\\\/\\\/fit360.ee\\\/wp-content\\\/uploads\\\/2023\\\/08\\\/peanut-powder-fit360.ee-1.png\",\"datePublished\":\"2023-08-12T05:02:32+00:00\",\"dateModified\":\"2026-04-09T12:42:12+00:00\",\"description\":\"Peanut Powder on puhas maap\u00e4hklisisaldus jahvatatud lahtiseks pulbriks.\u00a0See on t\u00e4iesti looduslik toode ja ei sisalda lisatud aineid, suhkrut ega soola.\u00a0\",\"breadcrumb\":{\"@id\":\"https:\\\/\\\/fit360.ee\\\/en\\\/pood\\\/product-groups\\\/peanut-butters-en\\\/peanut-butter-en\\\/100-peanut-powder-500g\\\/#breadcrumb\"},\"inLanguage\":\"en-US\",\"potentialAction\":[{\"@type\":\"ReadAction\",\"target\":[\"https:\\\/\\\/fit360.ee\\\/en\\\/pood\\\/product-groups\\\/peanut-butters-en\\\/peanut-butter-en\\\/100-peanut-powder-500g\\\/\"]}]},{\"@type\":\"ImageObject\",\"inLanguage\":\"en-US\",\"@id\":\"https:\\\/\\\/fit360.ee\\\/en\\\/pood\\\/product-groups\\\/peanut-butters-en\\\/peanut-butter-en\\\/100-peanut-powder-500g\\\/#primaryimage\",\"url\":\"https:\\\/\\\/fit360.ee\\\/wp-content\\\/uploads\\\/2023\\\/08\\\/peanut-powder-fit360.ee-1.png\",\"contentUrl\":\"https:\\\/\\\/fit360.ee\\\/wp-content\\\/uploads\\\/2023\\\/08\\\/peanut-powder-fit360.ee-1.png\",\"width\":450,\"height\":450,\"caption\":\"peanut powder - fit360.ee\"},{\"@type\":\"BreadcrumbList\",\"@id\":\"https:\\\/\\\/fit360.ee\\\/en\\\/pood\\\/product-groups\\\/peanut-butters-en\\\/peanut-butter-en\\\/100-peanut-powder-500g\\\/#breadcrumb\",\"itemListElement\":[{\"@type\":\"ListItem\",\"position\":1,\"name\":\"Home\",\"item\":\"https:\\\/\\\/fit360.ee\\\/en\\\/\"},{\"@type\":\"ListItem\",\"position\":2,\"name\":\"Shop\",\"item\":\"https:\\\/\\\/fit360.ee\\\/en\\\/shop\\\/\"},{\"@type\":\"ListItem\",\"position\":3,\"name\":\"100% Peanut Powder (500g)\"}]},{\"@type\":\"WebSite\",\"@id\":\"https:\\\/\\\/fit360.ee\\\/en\\\/#website\",\"url\":\"https:\\\/\\\/fit360.ee\\\/en\\\/\",\"name\":\"Fit360\",\"description\":\"\",\"publisher\":{\"@id\":\"https:\\\/\\\/fit360.ee\\\/en\\\/#organization\"},\"potentialAction\":[{\"@type\":\"SearchAction\",\"target\":{\"@type\":\"EntryPoint\",\"urlTemplate\":\"https:\\\/\\\/fit360.ee\\\/en\\\/?s={search_term_string}\"},\"query-input\":{\"@type\":\"PropertyValueSpecification\",\"valueRequired\":true,\"valueName\":\"search_term_string\"}}],\"inLanguage\":\"en-US\"},{\"@type\":\"Organization\",\"@id\":\"https:\\\/\\\/fit360.ee\\\/en\\\/#organization\",\"name\":\"Fit360\",\"url\":\"https:\\\/\\\/fit360.ee\\\/en\\\/\",\"logo\":{\"@type\":\"ImageObject\",\"inLanguage\":\"en-US\",\"@id\":\"https:\\\/\\\/fit360.ee\\\/en\\\/#\\\/schema\\\/logo\\\/image\\\/\",\"url\":\"https:\\\/\\\/fit360.ee\\\/wp-content\\\/uploads\\\/2017\\\/01\\\/logo-fit360.png\",\"contentUrl\":\"https:\\\/\\\/fit360.ee\\\/wp-content\\\/uploads\\\/2017\\\/01\\\/logo-fit360.png\",\"width\":180,\"height\":66,\"caption\":\"Fit360\"},\"image\":{\"@id\":\"https:\\\/\\\/fit360.ee\\\/en\\\/#\\\/schema\\\/logo\\\/image\\\/\"}}]}<\/script>\n<!-- \/ Yoast SEO plugin. -->","yoast_head_json":{"title":"100% Peanut Powder (500g) - Maap\u00e4hklipulber - Kiire Tarne - Fit360","description":"Peanut Powder on puhas maap\u00e4hklisisaldus jahvatatud lahtiseks pulbriks.\u00a0See on t\u00e4iesti looduslik toode ja ei sisalda lisatud aineid, suhkrut ega soola.\u00a0","robots":{"index":"index","follow":"follow","max-snippet":"max-snippet:-1","max-image-preview":"max-image-preview:large","max-video-preview":"max-video-preview:-1"},"canonical":"https:\/\/fit360.ee\/en\/pood\/product-groups\/peanut-butters-en\/peanut-butter-en\/100-peanut-powder-500g\/","og_locale":"en_US","og_type":"article","og_title":"100% Peanut Powder (500g) - Maap\u00e4hklipulber - Kiire Tarne - Fit360","og_description":"Peanut Powder on puhas maap\u00e4hklisisaldus jahvatatud lahtiseks pulbriks.\u00a0See on t\u00e4iesti looduslik toode ja ei sisalda lisatud aineid, suhkrut ega soola.\u00a0","og_url":"https:\/\/fit360.ee\/en\/pood\/product-groups\/peanut-butters-en\/peanut-butter-en\/100-peanut-powder-500g\/","og_site_name":"Fit360","article_modified_time":"2026-04-09T12:42:12+00:00","og_image":[{"width":450,"height":450,"url":"https:\/\/fit360.ee\/wp-content\/uploads\/2023\/08\/peanut-powder-fit360.ee-1.png","type":"image\/png"}],"twitter_card":"summary_large_image","twitter_misc":{"Est. reading time":"2 minutes"},"schema":{"@context":"https:\/\/schema.org","@graph":[{"@type":"WebPage","@id":"https:\/\/fit360.ee\/en\/pood\/product-groups\/peanut-butters-en\/peanut-butter-en\/100-peanut-powder-500g\/","url":"https:\/\/fit360.ee\/en\/pood\/product-groups\/peanut-butters-en\/peanut-butter-en\/100-peanut-powder-500g\/","name":"100% Peanut Powder (500g) - Maap\u00e4hklipulber - Kiire Tarne - Fit360","isPartOf":{"@id":"https:\/\/fit360.ee\/en\/#website"},"primaryImageOfPage":{"@id":"https:\/\/fit360.ee\/en\/pood\/product-groups\/peanut-butters-en\/peanut-butter-en\/100-peanut-powder-500g\/#primaryimage"},"image":{"@id":"https:\/\/fit360.ee\/en\/pood\/product-groups\/peanut-butters-en\/peanut-butter-en\/100-peanut-powder-500g\/#primaryimage"},"thumbnailUrl":"https:\/\/fit360.ee\/wp-content\/uploads\/2023\/08\/peanut-powder-fit360.ee-1.png","datePublished":"2023-08-12T05:02:32+00:00","dateModified":"2026-04-09T12:42:12+00:00","description":"Peanut Powder on puhas maap\u00e4hklisisaldus jahvatatud lahtiseks pulbriks.\u00a0See on t\u00e4iesti looduslik toode ja ei sisalda lisatud aineid, suhkrut ega soola.\u00a0","breadcrumb":{"@id":"https:\/\/fit360.ee\/en\/pood\/product-groups\/peanut-butters-en\/peanut-butter-en\/100-peanut-powder-500g\/#breadcrumb"},"inLanguage":"en-US","potentialAction":[{"@type":"ReadAction","target":["https:\/\/fit360.ee\/en\/pood\/product-groups\/peanut-butters-en\/peanut-butter-en\/100-peanut-powder-500g\/"]}]},{"@type":"ImageObject","inLanguage":"en-US","@id":"https:\/\/fit360.ee\/en\/pood\/product-groups\/peanut-butters-en\/peanut-butter-en\/100-peanut-powder-500g\/#primaryimage","url":"https:\/\/fit360.ee\/wp-content\/uploads\/2023\/08\/peanut-powder-fit360.ee-1.png","contentUrl":"https:\/\/fit360.ee\/wp-content\/uploads\/2023\/08\/peanut-powder-fit360.ee-1.png","width":450,"height":450,"caption":"peanut powder - fit360.ee"},{"@type":"BreadcrumbList","@id":"https:\/\/fit360.ee\/en\/pood\/product-groups\/peanut-butters-en\/peanut-butter-en\/100-peanut-powder-500g\/#breadcrumb","itemListElement":[{"@type":"ListItem","position":1,"name":"Home","item":"https:\/\/fit360.ee\/en\/"},{"@type":"ListItem","position":2,"name":"Shop","item":"https:\/\/fit360.ee\/en\/shop\/"},{"@type":"ListItem","position":3,"name":"100% Peanut Powder (500g)"}]},{"@type":"WebSite","@id":"https:\/\/fit360.ee\/en\/#website","url":"https:\/\/fit360.ee\/en\/","name":"Fit360","description":"","publisher":{"@id":"https:\/\/fit360.ee\/en\/#organization"},"potentialAction":[{"@type":"SearchAction","target":{"@type":"EntryPoint","urlTemplate":"https:\/\/fit360.ee\/en\/?s={search_term_string}"},"query-input":{"@type":"PropertyValueSpecification","valueRequired":true,"valueName":"search_term_string"}}],"inLanguage":"en-US"},{"@type":"Organization","@id":"https:\/\/fit360.ee\/en\/#organization","name":"Fit360","url":"https:\/\/fit360.ee\/en\/","logo":{"@type":"ImageObject","inLanguage":"en-US","@id":"https:\/\/fit360.ee\/en\/#\/schema\/logo\/image\/","url":"https:\/\/fit360.ee\/wp-content\/uploads\/2017\/01\/logo-fit360.png","contentUrl":"https:\/\/fit360.ee\/wp-content\/uploads\/2017\/01\/logo-fit360.png","width":180,"height":66,"caption":"Fit360"},"image":{"@id":"https:\/\/fit360.ee\/en\/#\/schema\/logo\/image\/"}}]}},"_links":{"self":[{"href":"https:\/\/fit360.ee\/en\/wp-json\/wp\/v2\/product\/72263","targetHints":{"allow":["GET"]}}],"collection":[{"href":"https:\/\/fit360.ee\/en\/wp-json\/wp\/v2\/product"}],"about":[{"href":"https:\/\/fit360.ee\/en\/wp-json\/wp\/v2\/types\/product"}],"replies":[{"embeddable":true,"href":"https:\/\/fit360.ee\/en\/wp-json\/wp\/v2\/comments?post=72263"}],"wp:featuredmedia":[{"embeddable":true,"href":"https:\/\/fit360.ee\/en\/wp-json\/wp\/v2\/media\/72262"}],"wp:attachment":[{"href":"https:\/\/fit360.ee\/en\/wp-json\/wp\/v2\/media?parent=72263"}],"wp:term":[{"taxonomy":"product_brand","embeddable":true,"href":"https:\/\/fit360.ee\/en\/wp-json\/wp\/v2\/product_brand?post=72263"},{"taxonomy":"product_cat","embeddable":true,"href":"https:\/\/fit360.ee\/en\/wp-json\/wp\/v2\/product_cat?post=72263"},{"taxonomy":"product_tag","embeddable":true,"href":"https:\/\/fit360.ee\/en\/wp-json\/wp\/v2\/product_tag?post=72263"},{"taxonomy":"giftcard-category","embeddable":true,"href":"https:\/\/fit360.ee\/en\/wp-json\/wp\/v2\/giftcard-category?post=72263"}],"curies":[{"name":"wp","href":"https:\/\/api.w.org\/{rel}","templated":true}]}}