{"id":72267,"date":"2023-08-12T07:38:10","date_gmt":"2023-08-12T05:38:10","guid":{"rendered":"https:\/\/fit360.ee\/pood\/uncategorized\/digezyme-digestive-enzymes-90tab\/"},"modified":"2026-04-11T09:42:07","modified_gmt":"2026-04-11T07:42:07","slug":"digezyme-digestive-enzymes-90tab","status":"publish","type":"product","link":"https:\/\/fit360.ee\/en\/pood\/product-groups\/superfoods-health-foods-en\/probiotics-en\/digezyme-digestive-enzymes-90tab\/","title":{"rendered":"Digezyme Digestive Enzymes (90tab)"},"content":{"rendered":"<h2 class=\"projector__name\"><strong>Digezyme Digestive Enzymes<\/strong><\/h2>\n<p>OstroVit Digezyme Digestive Enzymes on kvaliteetne toidulisand suukaudsete tablettidena.\u00a0Preparaat on kompleks viiest toimeainest \u2013 seedeens\u00fc\u00fcmidest.\u00a0See on v\u00e4lja t\u00f6\u00f6tatud k\u00f5rgeima kvaliteediga ainetest, k\u00f5igile inimestele, kes soovivad igak\u00fclgselt hoolitseda \u00f5ige ainevahetuse eest ja toetada seedimisprotsessi.<\/p>\n<ul class=\"cm__list\">\n<li>\u03b1-am\u00fclaas, neutraalne proteaas, laktaas, lipaas ja tsellulaas igas tabletis<\/li>\n<li>1 tablett = 1 portsjon toidulisandit p\u00e4evas<\/li>\n<li>igak\u00fclgne toetus seedes\u00fcsteemile<\/li>\n<\/ul>\n<h2 class=\"cm__heading\">Mis on seedeens\u00fc\u00fcmid?<\/h2>\n<p>Seedeens\u00fc\u00fcmid on \u00fcldnimetus kehas leiduvate ainete r\u00fchma kohta, ilma milleta oleks seedimine v\u00f5imatu.\u00a0Nad osalevad erinevate komponentide seedimise protsessides, millest meie s\u00f6\u00f6davad toidud koosnevad.\u00a0Need keemilised muundumised v\u00f5imaldavad toidus leiduvate komplekssete ainete \u00f5iget lagunemist lihtsateks keemilisteks \u00fchenditeks.\u00a0See tagab, et k\u00f5ik seedimise ja oluliste toitainete imendumise etapid seedetraktist saavad korralikult toimuda.\u00a0Tasakaalustatud seedeprotsessi s\u00e4ilitamine on hea tervise ja k\u00f5igi f\u00fcsioloogiliste funktsioonide jaoks h\u00e4davajalik.\u00a0<strong>OstroVit Digezyme Digestive Enzymes<\/strong>\u00a0toidulisand v\u00f5imaldab teil igak\u00fclgselt t\u00e4iendada oma igap\u00e4evast dieeti:<\/p>\n<ul class=\"cm__list\">\n<li><strong>\u03b1-am\u00fclaas<\/strong>\u00a0\u2013 see on ens\u00fc\u00fcm, mis lagundab pol\u00fcsahhariidid (nt t\u00e4rklis) lihtsuhkruteks, mis seej\u00e4rel imenduvad seedekulglast sellisel lihtsustatud kujul.\u00a0Seda toodavad peamiselt s\u00fcljen\u00e4\u00e4rmed ja k\u00f5hun\u00e4\u00e4re, lisaks soole limaskesta ja piiman\u00e4\u00e4rmed.<\/li>\n<li><strong>Neutraalne proteaas<\/strong>\u00a0\u2013 see on peptidaasi r\u00fchma kuuluv ens\u00fc\u00fcm, mida fermenteerib Bacillus Subtilis.\u00a0Seda kasutatakse peamiselt valkude (nii taimsete kui ka loomsete) h\u00fcdrol\u00fc\u00fcsil \u2013 v\u00f5i lagundamisel \u2013 nende v\u00e4hem keerukateks vormideks, nimelt peptiidideks ja aminohapeteks.<\/li>\n<li><strong>Laktaas<\/strong>\u00a0\u2013 see on ens\u00fc\u00fcm, mis on muuhulgas vajalik piima ja sellest valmistatud toodete seedimiseks.\u00a0Selle toimemehhanism seisneb selles, et see lagundab laktoosi \u2013 piimasuhkru \u2013 gl\u00fckoosiks ja galaktoosiks, mida saab seej\u00e4rel kasutada energiaallikana.\u00a0Seda toodavad loomad, taimed, seened, bakterid ja p\u00e4rm.<\/li>\n<li><strong>Lipaas<\/strong>\u00a0&#8211; see on peamiselt k\u00f5hun\u00e4\u00e4rmes toodetud ens\u00fc\u00fcmide r\u00fchm, mis eritub seedetrakti luumenisse.\u00a0Nad vastutavad seedimisprotsessis rasvade lagunemise eest \u2013 muudavad trigl\u00fctseriidid rasvhapeteks ja gl\u00fctserooliks.<\/li>\n<li><strong>Tsellulaas<\/strong>\u00a0\u2013 see on h\u00fcdrolaasi r\u00fchma kuuluv ens\u00fc\u00fcm, mis katal\u00fc\u00fcsib tselluloosis sisalduvate gl\u00fckoosimolekulide vahelisi sidemeid.\u00a0Tselluloosi tuntakse muidu kiudainetena.\u00a0Selle reaktsiooni tulemuseks on l\u00f5pptootena lihtsuhkru gl\u00fckoos.<\/li>\n<\/ul>\n<p><strong>Koostisosad<\/strong>: T\u00e4iteaine: mikrokristalne tselluloos;\u00a0DigeZyme\u00ae multiens\u00fc\u00fcmide kompleks, t\u00e4rklis, paakumisvastased ained: rasvhapete magneesiumisoolad, r\u00e4nidioksiid.<\/p>\n<p><strong>Kasutamine<\/strong>: V\u00f5tke 1 portsjon (1 tablett) p\u00e4evas.<\/p>\n<p><strong>Suurus<\/strong>: 90 tabletti,<\/p>\n<table>\n<tbody>\n<tr>\n<th>Aktiivsed koostisosad<\/th>\n<th>1 portsjoni kohta (1 tablett)<\/th>\n<\/tr>\n<tr>\n<td>DigeZyme\u00ae, millest:<\/td>\n<td>150 mg<\/td>\n<\/tr>\n<tr class=\"sub\">\n<td>&#8211; \u03b1-am\u00fclaas<\/td>\n<td>3600 DU<\/td>\n<\/tr>\n<tr class=\"sub\">\n<td>&#8211; Neutraalne proteaas<\/td>\n<td>900 PC<\/td>\n<\/tr>\n<tr class=\"sub\">\n<td>&#8211; Laktaas<\/td>\n<td>600 ALU<\/td>\n<\/tr>\n<tr class=\"sub\">\n<td>&#8211; Lipaas<\/td>\n<td>30 FIP<\/td>\n<\/tr>\n<tr class=\"sub\">\n<td>&#8211; Tsellulaas<\/td>\n<td>165 CU<\/td>\n<\/tr>\n<\/tbody>\n<\/table>\n<p>Vaata ka meie Teisi Vitamiine\/Mineraale <a href=\"https:\/\/fit360.ee\/en\/product-category\/product-groups\/vitamins-and-minerals-en\/\"><strong>SIIT<\/strong><\/a>\u00a0ja Probiootikume <a href=\"https:\/\/fit360.ee\/en\/product-category\/product-groups\/superfoods-health-foods-en\/probiotics-en\/\"><strong>SIIT<\/strong><\/a>!<\/p>\n<p>Soovid teha suuremat tellimust? Vaata antud toodet meie HULGI lehelt\u00a0<a href=\"https:\/\/toidulisandidhulgi.ee\/tooted\/digezyme-digestive-enzymes-90tab\/\"><strong>SIIT<\/strong><\/a>!<\/p>\n","protected":false},"excerpt":{"rendered":"<p><strong>Digezyme Digestive Enzymes<\/strong> on kvaliteetne toidulisand suukaudsete tablettidena.\u00a0Preparaat on kompleks viiest toimeainest \u2013 seedeens\u00fc\u00fcmidest.\u00a0See on v\u00e4lja t\u00f6\u00f6tatud k\u00f5rgeima kvaliteediga ainetest, k\u00f5igile inimestele, kes soovivad igak\u00fclgselt hoolitseda \u00f5ige ainevahetuse eest ja toetada seedimisprotsessi.<\/p>\n<ul class=\"cm__list\">\n<li>\u03b1-am\u00fclaas, neutraalne proteaas, laktaas, lipaas ja tsellulaas igas tabletis<\/li>\n<li>1 tablett = 1 portsjon toidulisandit p\u00e4evas<\/li>\n<li>igak\u00fclgne toetus seedes\u00fcsteemile<\/li>\n<\/ul>\n","protected":false},"featured_media":72266,"comment_status":"closed","ping_status":"closed","template":"","meta":[],"product_brand":[],"product_cat":[1329,2363,1454,536],"product_tag":[4356,1924,4469],"giftcard-category":[],"class_list":{"0":"post-72267","1":"product","2":"type-product","3":"status-publish","4":"has-post-thumbnail","6":"product_cat-ostrovit-en","7":"product_cat-probiotics-en","8":"product_cat-superfoods-health-foods-en","9":"product_cat-vitamins-and-minerals-en","10":"product_tag-digestive-enzymes-en","11":"product_tag-ostrovit-en","12":"product_tag-seedeensuumid-en","13":"pa_kogus-90-tablets","14":"pa_toidulisand-branddd-ostrovit","15":"pa_tootegruppp-probiootikumid-en","16":"pa_tootegruppp-supertoit-tervisetoit-en","17":"pa_tootegruppp-vitamins-and-minerals","19":"first","20":"instock","21":"sale","22":"taxable","23":"shipping-taxable","24":"purchasable","25":"product-type-simple"},"yoast_head":"<!-- This site is optimized with the Yoast SEO plugin v27.3 - https:\/\/yoast.com\/product\/yoast-seo-wordpress\/ -->\n<title>Digezyme Digestive Enzymes (90tab) - Seedeens\u00fc\u00fcmid - Kiire Tarne - Fit360<\/title>\n<meta name=\"description\" content=\"Seedeens\u00fc\u00fcmid on \u00fcldnimetus kehas leiduvate ainete r\u00fchma kohta, ilma milleta oleks seedimine v\u00f5imatu.\u00a0Nad osalevad erinevate komponentide seedimise...\" \/>\n<meta name=\"robots\" content=\"index, follow, max-snippet:-1, max-image-preview:large, max-video-preview:-1\" \/>\n<link rel=\"canonical\" href=\"https:\/\/fit360.ee\/en\/pood\/product-groups\/superfoods-health-foods-en\/probiotics-en\/digezyme-digestive-enzymes-90tab\/\" \/>\n<meta property=\"og:locale\" content=\"en_US\" \/>\n<meta property=\"og:type\" content=\"article\" \/>\n<meta property=\"og:title\" content=\"Digezyme Digestive Enzymes (90tab) - Seedeens\u00fc\u00fcmid - Kiire Tarne - Fit360\" \/>\n<meta property=\"og:description\" content=\"Seedeens\u00fc\u00fcmid on \u00fcldnimetus kehas leiduvate ainete r\u00fchma kohta, ilma milleta oleks seedimine v\u00f5imatu.\u00a0Nad osalevad erinevate komponentide seedimise...\" \/>\n<meta property=\"og:url\" content=\"https:\/\/fit360.ee\/en\/pood\/product-groups\/superfoods-health-foods-en\/probiotics-en\/digezyme-digestive-enzymes-90tab\/\" \/>\n<meta property=\"og:site_name\" content=\"Fit360\" \/>\n<meta property=\"article:modified_time\" content=\"2026-04-11T07:42:07+00:00\" \/>\n<meta property=\"og:image\" content=\"https:\/\/fit360.ee\/wp-content\/uploads\/2023\/08\/Digezyme-Digestive-Enzymes-fit360.ee-1.png\" \/>\n\t<meta property=\"og:image:width\" content=\"450\" \/>\n\t<meta property=\"og:image:height\" content=\"450\" \/>\n\t<meta property=\"og:image:type\" content=\"image\/png\" \/>\n<meta name=\"twitter:card\" content=\"summary_large_image\" \/>\n<meta name=\"twitter:label1\" content=\"Est. reading time\" \/>\n\t<meta name=\"twitter:data1\" content=\"2 minutes\" \/>\n<script type=\"application\/ld+json\" class=\"yoast-schema-graph\">{\"@context\":\"https:\\\/\\\/schema.org\",\"@graph\":[{\"@type\":\"WebPage\",\"@id\":\"https:\\\/\\\/fit360.ee\\\/en\\\/pood\\\/product-groups\\\/superfoods-health-foods-en\\\/probiotics-en\\\/digezyme-digestive-enzymes-90tab\\\/\",\"url\":\"https:\\\/\\\/fit360.ee\\\/en\\\/pood\\\/product-groups\\\/superfoods-health-foods-en\\\/probiotics-en\\\/digezyme-digestive-enzymes-90tab\\\/\",\"name\":\"Digezyme Digestive Enzymes (90tab) - Seedeens\u00fc\u00fcmid - Kiire Tarne - Fit360\",\"isPartOf\":{\"@id\":\"https:\\\/\\\/fit360.ee\\\/en\\\/#website\"},\"primaryImageOfPage\":{\"@id\":\"https:\\\/\\\/fit360.ee\\\/en\\\/pood\\\/product-groups\\\/superfoods-health-foods-en\\\/probiotics-en\\\/digezyme-digestive-enzymes-90tab\\\/#primaryimage\"},\"image\":{\"@id\":\"https:\\\/\\\/fit360.ee\\\/en\\\/pood\\\/product-groups\\\/superfoods-health-foods-en\\\/probiotics-en\\\/digezyme-digestive-enzymes-90tab\\\/#primaryimage\"},\"thumbnailUrl\":\"https:\\\/\\\/fit360.ee\\\/wp-content\\\/uploads\\\/2023\\\/08\\\/Digezyme-Digestive-Enzymes-fit360.ee-1.png\",\"datePublished\":\"2023-08-12T05:38:10+00:00\",\"dateModified\":\"2026-04-11T07:42:07+00:00\",\"description\":\"Seedeens\u00fc\u00fcmid on \u00fcldnimetus kehas leiduvate ainete r\u00fchma kohta, ilma milleta oleks seedimine v\u00f5imatu.\u00a0Nad osalevad erinevate komponentide seedimise...\",\"breadcrumb\":{\"@id\":\"https:\\\/\\\/fit360.ee\\\/en\\\/pood\\\/product-groups\\\/superfoods-health-foods-en\\\/probiotics-en\\\/digezyme-digestive-enzymes-90tab\\\/#breadcrumb\"},\"inLanguage\":\"en-US\",\"potentialAction\":[{\"@type\":\"ReadAction\",\"target\":[\"https:\\\/\\\/fit360.ee\\\/en\\\/pood\\\/product-groups\\\/superfoods-health-foods-en\\\/probiotics-en\\\/digezyme-digestive-enzymes-90tab\\\/\"]}]},{\"@type\":\"ImageObject\",\"inLanguage\":\"en-US\",\"@id\":\"https:\\\/\\\/fit360.ee\\\/en\\\/pood\\\/product-groups\\\/superfoods-health-foods-en\\\/probiotics-en\\\/digezyme-digestive-enzymes-90tab\\\/#primaryimage\",\"url\":\"https:\\\/\\\/fit360.ee\\\/wp-content\\\/uploads\\\/2023\\\/08\\\/Digezyme-Digestive-Enzymes-fit360.ee-1.png\",\"contentUrl\":\"https:\\\/\\\/fit360.ee\\\/wp-content\\\/uploads\\\/2023\\\/08\\\/Digezyme-Digestive-Enzymes-fit360.ee-1.png\",\"width\":450,\"height\":450,\"caption\":\"Digezyme Digestive Enzymes - fit360.ee\"},{\"@type\":\"BreadcrumbList\",\"@id\":\"https:\\\/\\\/fit360.ee\\\/en\\\/pood\\\/product-groups\\\/superfoods-health-foods-en\\\/probiotics-en\\\/digezyme-digestive-enzymes-90tab\\\/#breadcrumb\",\"itemListElement\":[{\"@type\":\"ListItem\",\"position\":1,\"name\":\"Home\",\"item\":\"https:\\\/\\\/fit360.ee\\\/en\\\/\"},{\"@type\":\"ListItem\",\"position\":2,\"name\":\"Shop\",\"item\":\"https:\\\/\\\/fit360.ee\\\/en\\\/shop\\\/\"},{\"@type\":\"ListItem\",\"position\":3,\"name\":\"Digezyme Digestive Enzymes (90tab)\"}]},{\"@type\":\"WebSite\",\"@id\":\"https:\\\/\\\/fit360.ee\\\/en\\\/#website\",\"url\":\"https:\\\/\\\/fit360.ee\\\/en\\\/\",\"name\":\"Fit360\",\"description\":\"\",\"publisher\":{\"@id\":\"https:\\\/\\\/fit360.ee\\\/en\\\/#organization\"},\"potentialAction\":[{\"@type\":\"SearchAction\",\"target\":{\"@type\":\"EntryPoint\",\"urlTemplate\":\"https:\\\/\\\/fit360.ee\\\/en\\\/?s={search_term_string}\"},\"query-input\":{\"@type\":\"PropertyValueSpecification\",\"valueRequired\":true,\"valueName\":\"search_term_string\"}}],\"inLanguage\":\"en-US\"},{\"@type\":\"Organization\",\"@id\":\"https:\\\/\\\/fit360.ee\\\/en\\\/#organization\",\"name\":\"Fit360\",\"url\":\"https:\\\/\\\/fit360.ee\\\/en\\\/\",\"logo\":{\"@type\":\"ImageObject\",\"inLanguage\":\"en-US\",\"@id\":\"https:\\\/\\\/fit360.ee\\\/en\\\/#\\\/schema\\\/logo\\\/image\\\/\",\"url\":\"https:\\\/\\\/fit360.ee\\\/wp-content\\\/uploads\\\/2017\\\/01\\\/logo-fit360.png\",\"contentUrl\":\"https:\\\/\\\/fit360.ee\\\/wp-content\\\/uploads\\\/2017\\\/01\\\/logo-fit360.png\",\"width\":180,\"height\":66,\"caption\":\"Fit360\"},\"image\":{\"@id\":\"https:\\\/\\\/fit360.ee\\\/en\\\/#\\\/schema\\\/logo\\\/image\\\/\"}}]}<\/script>\n<!-- \/ Yoast SEO plugin. -->","yoast_head_json":{"title":"Digezyme Digestive Enzymes (90tab) - Seedeens\u00fc\u00fcmid - Kiire Tarne - Fit360","description":"Seedeens\u00fc\u00fcmid on \u00fcldnimetus kehas leiduvate ainete r\u00fchma kohta, ilma milleta oleks seedimine v\u00f5imatu.\u00a0Nad osalevad erinevate komponentide seedimise...","robots":{"index":"index","follow":"follow","max-snippet":"max-snippet:-1","max-image-preview":"max-image-preview:large","max-video-preview":"max-video-preview:-1"},"canonical":"https:\/\/fit360.ee\/en\/pood\/product-groups\/superfoods-health-foods-en\/probiotics-en\/digezyme-digestive-enzymes-90tab\/","og_locale":"en_US","og_type":"article","og_title":"Digezyme Digestive Enzymes (90tab) - Seedeens\u00fc\u00fcmid - Kiire Tarne - Fit360","og_description":"Seedeens\u00fc\u00fcmid on \u00fcldnimetus kehas leiduvate ainete r\u00fchma kohta, ilma milleta oleks seedimine v\u00f5imatu.\u00a0Nad osalevad erinevate komponentide seedimise...","og_url":"https:\/\/fit360.ee\/en\/pood\/product-groups\/superfoods-health-foods-en\/probiotics-en\/digezyme-digestive-enzymes-90tab\/","og_site_name":"Fit360","article_modified_time":"2026-04-11T07:42:07+00:00","og_image":[{"width":450,"height":450,"url":"https:\/\/fit360.ee\/wp-content\/uploads\/2023\/08\/Digezyme-Digestive-Enzymes-fit360.ee-1.png","type":"image\/png"}],"twitter_card":"summary_large_image","twitter_misc":{"Est. reading time":"2 minutes"},"schema":{"@context":"https:\/\/schema.org","@graph":[{"@type":"WebPage","@id":"https:\/\/fit360.ee\/en\/pood\/product-groups\/superfoods-health-foods-en\/probiotics-en\/digezyme-digestive-enzymes-90tab\/","url":"https:\/\/fit360.ee\/en\/pood\/product-groups\/superfoods-health-foods-en\/probiotics-en\/digezyme-digestive-enzymes-90tab\/","name":"Digezyme Digestive Enzymes (90tab) - Seedeens\u00fc\u00fcmid - Kiire Tarne - Fit360","isPartOf":{"@id":"https:\/\/fit360.ee\/en\/#website"},"primaryImageOfPage":{"@id":"https:\/\/fit360.ee\/en\/pood\/product-groups\/superfoods-health-foods-en\/probiotics-en\/digezyme-digestive-enzymes-90tab\/#primaryimage"},"image":{"@id":"https:\/\/fit360.ee\/en\/pood\/product-groups\/superfoods-health-foods-en\/probiotics-en\/digezyme-digestive-enzymes-90tab\/#primaryimage"},"thumbnailUrl":"https:\/\/fit360.ee\/wp-content\/uploads\/2023\/08\/Digezyme-Digestive-Enzymes-fit360.ee-1.png","datePublished":"2023-08-12T05:38:10+00:00","dateModified":"2026-04-11T07:42:07+00:00","description":"Seedeens\u00fc\u00fcmid on \u00fcldnimetus kehas leiduvate ainete r\u00fchma kohta, ilma milleta oleks seedimine v\u00f5imatu.\u00a0Nad osalevad erinevate komponentide seedimise...","breadcrumb":{"@id":"https:\/\/fit360.ee\/en\/pood\/product-groups\/superfoods-health-foods-en\/probiotics-en\/digezyme-digestive-enzymes-90tab\/#breadcrumb"},"inLanguage":"en-US","potentialAction":[{"@type":"ReadAction","target":["https:\/\/fit360.ee\/en\/pood\/product-groups\/superfoods-health-foods-en\/probiotics-en\/digezyme-digestive-enzymes-90tab\/"]}]},{"@type":"ImageObject","inLanguage":"en-US","@id":"https:\/\/fit360.ee\/en\/pood\/product-groups\/superfoods-health-foods-en\/probiotics-en\/digezyme-digestive-enzymes-90tab\/#primaryimage","url":"https:\/\/fit360.ee\/wp-content\/uploads\/2023\/08\/Digezyme-Digestive-Enzymes-fit360.ee-1.png","contentUrl":"https:\/\/fit360.ee\/wp-content\/uploads\/2023\/08\/Digezyme-Digestive-Enzymes-fit360.ee-1.png","width":450,"height":450,"caption":"Digezyme Digestive Enzymes - fit360.ee"},{"@type":"BreadcrumbList","@id":"https:\/\/fit360.ee\/en\/pood\/product-groups\/superfoods-health-foods-en\/probiotics-en\/digezyme-digestive-enzymes-90tab\/#breadcrumb","itemListElement":[{"@type":"ListItem","position":1,"name":"Home","item":"https:\/\/fit360.ee\/en\/"},{"@type":"ListItem","position":2,"name":"Shop","item":"https:\/\/fit360.ee\/en\/shop\/"},{"@type":"ListItem","position":3,"name":"Digezyme Digestive Enzymes (90tab)"}]},{"@type":"WebSite","@id":"https:\/\/fit360.ee\/en\/#website","url":"https:\/\/fit360.ee\/en\/","name":"Fit360","description":"","publisher":{"@id":"https:\/\/fit360.ee\/en\/#organization"},"potentialAction":[{"@type":"SearchAction","target":{"@type":"EntryPoint","urlTemplate":"https:\/\/fit360.ee\/en\/?s={search_term_string}"},"query-input":{"@type":"PropertyValueSpecification","valueRequired":true,"valueName":"search_term_string"}}],"inLanguage":"en-US"},{"@type":"Organization","@id":"https:\/\/fit360.ee\/en\/#organization","name":"Fit360","url":"https:\/\/fit360.ee\/en\/","logo":{"@type":"ImageObject","inLanguage":"en-US","@id":"https:\/\/fit360.ee\/en\/#\/schema\/logo\/image\/","url":"https:\/\/fit360.ee\/wp-content\/uploads\/2017\/01\/logo-fit360.png","contentUrl":"https:\/\/fit360.ee\/wp-content\/uploads\/2017\/01\/logo-fit360.png","width":180,"height":66,"caption":"Fit360"},"image":{"@id":"https:\/\/fit360.ee\/en\/#\/schema\/logo\/image\/"}}]}},"_links":{"self":[{"href":"https:\/\/fit360.ee\/en\/wp-json\/wp\/v2\/product\/72267","targetHints":{"allow":["GET"]}}],"collection":[{"href":"https:\/\/fit360.ee\/en\/wp-json\/wp\/v2\/product"}],"about":[{"href":"https:\/\/fit360.ee\/en\/wp-json\/wp\/v2\/types\/product"}],"replies":[{"embeddable":true,"href":"https:\/\/fit360.ee\/en\/wp-json\/wp\/v2\/comments?post=72267"}],"wp:featuredmedia":[{"embeddable":true,"href":"https:\/\/fit360.ee\/en\/wp-json\/wp\/v2\/media\/72266"}],"wp:attachment":[{"href":"https:\/\/fit360.ee\/en\/wp-json\/wp\/v2\/media?parent=72267"}],"wp:term":[{"taxonomy":"product_brand","embeddable":true,"href":"https:\/\/fit360.ee\/en\/wp-json\/wp\/v2\/product_brand?post=72267"},{"taxonomy":"product_cat","embeddable":true,"href":"https:\/\/fit360.ee\/en\/wp-json\/wp\/v2\/product_cat?post=72267"},{"taxonomy":"product_tag","embeddable":true,"href":"https:\/\/fit360.ee\/en\/wp-json\/wp\/v2\/product_tag?post=72267"},{"taxonomy":"giftcard-category","embeddable":true,"href":"https:\/\/fit360.ee\/en\/wp-json\/wp\/v2\/giftcard-category?post=72267"}],"curies":[{"name":"wp","href":"https:\/\/api.w.org\/{rel}","templated":true}]}}