{"id":72642,"date":"2023-08-28T12:54:48","date_gmt":"2023-08-28T10:54:48","guid":{"rendered":"https:\/\/fit360.ee\/pood\/uncategorized\/bb-scrunch-leggings\/"},"modified":"2026-04-10T12:42:44","modified_gmt":"2026-04-10T10:42:44","slug":"bb-scrunch-leggings","status":"publish","type":"product","link":"https:\/\/fit360.ee\/en\/pood\/training-equipment-en\/fitness-clothing-en\/bb-scrunch-leggings\/","title":{"rendered":"BB Scrunch Leggings"},"content":{"rendered":"<h2><strong>Scrunch Leggings<\/strong><\/h2>\n<p><strong>Sobivus:<\/strong>\u00a0Tihe<br \/>\n<strong>Pikkus:<\/strong> T\u00e4ismaterjal<strong>:<\/strong>\u00a051% pol\u00fcamiid 38% pol\u00fcester 11% elastaan<br \/>\n<strong>\u200b\u200bOmadused:<\/strong>\u00a0\u00f5mblusteta, pehme k\u00e4ega tunne, soonik v\u00f6\u00f6kohal, kriimustus taga<\/p>\n<p>Scrunch Leggings on \u00f5mblusteta retuusid, mis on valmistatud k\u00e4snast ja pehme k\u00e4etundega. Koormus\u00f5mblus ja kootud kanga erinevused on lisatud, et teie kumerused esile tuua. T\u00e4ieliku v\u00e4limuse saamiseks vaadake sobivat Scrunchi spordirinnahoidjat.<\/p>\n<p>K\u00e4sna kanga t\u00f5ttu v\u00f5ib teil tekkida kiusatus suurust v\u00e4hendada, kuid optimaalse sobivuse ja kriimustuse saavutamiseks valige tavaline suurus.<\/p>\n<p><strong>M\u00c4RKUS<\/strong>: Scrunch Leggings on hea kvaliteedi tagamiseks testitud surve all. Olge t\u00e4helepanelik, kui paned need \u00fcle reite ja \u00fclaosa \u00fcles, enne kui t\u00f5mbad p\u00fcksid t\u00e4iesti l\u00f5puni \u00fcles.<\/p>\n<p><a href=\"https:\/\/fit360.ee\/wp-content\/uploads\/2023\/08\/bb-scrunch-leggings-purple-fit360.ee_-800x800.jpg\"><img loading=\"lazy\" decoding=\"async\" class=\"size-medium wp-image-72612\" src=\"https:\/\/fit360.ee\/wp-content\/uploads\/2023\/08\/bb-scrunch-leggings-purple-fit360.ee_-800x800.jpg\" alt=\"bb scrunch leggings purple - fit360.ee\" width=\"800\" height=\"800\" srcset=\"https:\/\/fit360.ee\/wp-content\/uploads\/2023\/08\/bb-scrunch-leggings-purple-fit360.ee_-800x800.jpg 800w, https:\/\/fit360.ee\/wp-content\/uploads\/2023\/08\/bb-scrunch-leggings-purple-fit360.ee_-247x247.jpg 247w, https:\/\/fit360.ee\/wp-content\/uploads\/2023\/08\/bb-scrunch-leggings-purple-fit360.ee_-100x100.jpg 100w, https:\/\/fit360.ee\/wp-content\/uploads\/2023\/08\/bb-scrunch-leggings-purple-fit360.ee_-510x510.jpg 510w, https:\/\/fit360.ee\/wp-content\/uploads\/2023\/08\/bb-scrunch-leggings-purple-fit360.ee_-340x340.jpg 340w, https:\/\/fit360.ee\/wp-content\/uploads\/2023\/08\/bb-scrunch-leggings-purple-fit360.ee_-768x768.jpg 768w, https:\/\/fit360.ee\/wp-content\/uploads\/2023\/08\/bb-scrunch-leggings-purple-fit360.ee_.jpg 1000w\" sizes=\"auto, (max-width: 800px) 100vw, 800px\" \/><\/a><\/p>\n<p><a href=\"https:\/\/fit360.ee\/wp-content\/uploads\/2023\/08\/bb-scrunch-leggings-blue-fit360.ee_-800x800.jpg\"><img loading=\"lazy\" decoding=\"async\" class=\"size-medium wp-image-72614\" src=\"https:\/\/fit360.ee\/wp-content\/uploads\/2023\/08\/bb-scrunch-leggings-blue-fit360.ee_-800x800.jpg\" alt=\"bb scrunch leggings blue - fit360.ee\" width=\"800\" height=\"800\" srcset=\"https:\/\/fit360.ee\/wp-content\/uploads\/2023\/08\/bb-scrunch-leggings-blue-fit360.ee_-800x800.jpg 800w, https:\/\/fit360.ee\/wp-content\/uploads\/2023\/08\/bb-scrunch-leggings-blue-fit360.ee_-247x247.jpg 247w, https:\/\/fit360.ee\/wp-content\/uploads\/2023\/08\/bb-scrunch-leggings-blue-fit360.ee_-100x100.jpg 100w, https:\/\/fit360.ee\/wp-content\/uploads\/2023\/08\/bb-scrunch-leggings-blue-fit360.ee_-510x510.jpg 510w, https:\/\/fit360.ee\/wp-content\/uploads\/2023\/08\/bb-scrunch-leggings-blue-fit360.ee_-340x340.jpg 340w, https:\/\/fit360.ee\/wp-content\/uploads\/2023\/08\/bb-scrunch-leggings-blue-fit360.ee_-768x768.jpg 768w, https:\/\/fit360.ee\/wp-content\/uploads\/2023\/08\/bb-scrunch-leggings-blue-fit360.ee_.jpg 1000w\" sizes=\"auto, (max-width: 800px) 100vw, 800px\" \/><\/a><\/p>\n<p><a href=\"https:\/\/fit360.ee\/wp-content\/uploads\/2023\/08\/BB-scrunch-leggings-fit360.ee_-800x800.jpg\"><img loading=\"lazy\" decoding=\"async\" class=\"alignnone size-medium wp-image-72616\" src=\"https:\/\/fit360.ee\/wp-content\/uploads\/2023\/08\/BB-scrunch-leggings-fit360.ee_-800x800.jpg\" alt=\"\" width=\"800\" height=\"800\" srcset=\"https:\/\/fit360.ee\/wp-content\/uploads\/2023\/08\/BB-scrunch-leggings-fit360.ee_-800x800.jpg 800w, https:\/\/fit360.ee\/wp-content\/uploads\/2023\/08\/BB-scrunch-leggings-fit360.ee_-247x247.jpg 247w, https:\/\/fit360.ee\/wp-content\/uploads\/2023\/08\/BB-scrunch-leggings-fit360.ee_-100x100.jpg 100w, https:\/\/fit360.ee\/wp-content\/uploads\/2023\/08\/BB-scrunch-leggings-fit360.ee_-510x510.jpg 510w, https:\/\/fit360.ee\/wp-content\/uploads\/2023\/08\/BB-scrunch-leggings-fit360.ee_-340x340.jpg 340w, https:\/\/fit360.ee\/wp-content\/uploads\/2023\/08\/BB-scrunch-leggings-fit360.ee_-768x768.jpg 768w, https:\/\/fit360.ee\/wp-content\/uploads\/2023\/08\/BB-scrunch-leggings-fit360.ee_.jpg 1000w\" sizes=\"auto, (max-width: 800px) 100vw, 800px\" \/><\/a><\/p>\n<p><a href=\"https:\/\/fit360.ee\/wp-content\/uploads\/2023\/08\/scrunch-leggings-punane-fit360.ee_-800x800.jpg\"><img loading=\"lazy\" decoding=\"async\" class=\"size-medium wp-image-72618\" src=\"https:\/\/fit360.ee\/wp-content\/uploads\/2023\/08\/scrunch-leggings-punane-fit360.ee_-800x800.jpg\" alt=\"scrunch leggings punane - fit360.ee\" width=\"800\" height=\"800\" srcset=\"https:\/\/fit360.ee\/wp-content\/uploads\/2023\/08\/scrunch-leggings-punane-fit360.ee_-800x800.jpg 800w, https:\/\/fit360.ee\/wp-content\/uploads\/2023\/08\/scrunch-leggings-punane-fit360.ee_-247x247.jpg 247w, https:\/\/fit360.ee\/wp-content\/uploads\/2023\/08\/scrunch-leggings-punane-fit360.ee_-100x100.jpg 100w, https:\/\/fit360.ee\/wp-content\/uploads\/2023\/08\/scrunch-leggings-punane-fit360.ee_-510x510.jpg 510w, https:\/\/fit360.ee\/wp-content\/uploads\/2023\/08\/scrunch-leggings-punane-fit360.ee_-340x340.jpg 340w, https:\/\/fit360.ee\/wp-content\/uploads\/2023\/08\/scrunch-leggings-punane-fit360.ee_-768x768.jpg 768w, https:\/\/fit360.ee\/wp-content\/uploads\/2023\/08\/scrunch-leggings-punane-fit360.ee_.jpg 1000w\" sizes=\"auto, (max-width: 800px) 100vw, 800px\" \/><\/a><\/p>\n<p><a href=\"https:\/\/fit360.ee\/wp-content\/uploads\/2023\/08\/scrunch-leggings-kollane-fit360.ee-1-800x800.png\"><img loading=\"lazy\" decoding=\"async\" class=\"size-medium wp-image-92526\" src=\"https:\/\/fit360.ee\/wp-content\/uploads\/2023\/08\/scrunch-leggings-kollane-fit360.ee-1-800x800.png\" alt=\"scrunch leggings kollane - fit360.ee\" width=\"800\" height=\"800\" srcset=\"https:\/\/fit360.ee\/wp-content\/uploads\/2023\/08\/scrunch-leggings-kollane-fit360.ee-1-800x800.png 800w, https:\/\/fit360.ee\/wp-content\/uploads\/2023\/08\/scrunch-leggings-kollane-fit360.ee-1-340x340.png 340w, https:\/\/fit360.ee\/wp-content\/uploads\/2023\/08\/scrunch-leggings-kollane-fit360.ee-1-768x768.png 768w, https:\/\/fit360.ee\/wp-content\/uploads\/2023\/08\/scrunch-leggings-kollane-fit360.ee-1-247x247.png 247w, https:\/\/fit360.ee\/wp-content\/uploads\/2023\/08\/scrunch-leggings-kollane-fit360.ee-1-510x510.png 510w, https:\/\/fit360.ee\/wp-content\/uploads\/2023\/08\/scrunch-leggings-kollane-fit360.ee-1-100x100.png 100w, https:\/\/fit360.ee\/wp-content\/uploads\/2023\/08\/scrunch-leggings-kollane-fit360.ee-1.png 1000w\" sizes=\"auto, (max-width: 800px) 100vw, 800px\" \/><\/a><\/p>\n<p>&nbsp;<\/p>\n<p><a href=\"https:\/\/fit360.ee\/wp-content\/uploads\/2023\/08\/scrunch-leggings-washed-green-fit360.ee-1-800x800.png\"><img loading=\"lazy\" decoding=\"async\" class=\"size-medium wp-image-92528\" src=\"https:\/\/fit360.ee\/wp-content\/uploads\/2023\/08\/scrunch-leggings-washed-green-fit360.ee-1-800x800.png\" alt=\"scrunch leggings washed green - fit360.ee\" width=\"800\" height=\"800\" srcset=\"https:\/\/fit360.ee\/wp-content\/uploads\/2023\/08\/scrunch-leggings-washed-green-fit360.ee-1-800x800.png 800w, https:\/\/fit360.ee\/wp-content\/uploads\/2023\/08\/scrunch-leggings-washed-green-fit360.ee-1-340x340.png 340w, https:\/\/fit360.ee\/wp-content\/uploads\/2023\/08\/scrunch-leggings-washed-green-fit360.ee-1-768x768.png 768w, https:\/\/fit360.ee\/wp-content\/uploads\/2023\/08\/scrunch-leggings-washed-green-fit360.ee-1-247x247.png 247w, https:\/\/fit360.ee\/wp-content\/uploads\/2023\/08\/scrunch-leggings-washed-green-fit360.ee-1-510x510.png 510w, https:\/\/fit360.ee\/wp-content\/uploads\/2023\/08\/scrunch-leggings-washed-green-fit360.ee-1-100x100.png 100w, https:\/\/fit360.ee\/wp-content\/uploads\/2023\/08\/scrunch-leggings-washed-green-fit360.ee-1.png 1000w\" sizes=\"auto, (max-width: 800px) 100vw, 800px\" \/><\/a><\/p>\n<figure id=\"attachment_92530\" aria-describedby=\"caption-attachment-92530\" style=\"width: 800px\" class=\"wp-caption alignnone\"><a href=\"https:\/\/fit360.ee\/wp-content\/uploads\/2023\/08\/scrunch-leggings-emerald-green-fit360.ee-1-800x800.png\"><img loading=\"lazy\" decoding=\"async\" class=\"size-medium wp-image-92530\" src=\"https:\/\/fit360.ee\/wp-content\/uploads\/2023\/08\/scrunch-leggings-emerald-green-fit360.ee-1-800x800.png\" alt=\"scrunch leggings emerald green - fit360.ee\" width=\"800\" height=\"800\" srcset=\"https:\/\/fit360.ee\/wp-content\/uploads\/2023\/08\/scrunch-leggings-emerald-green-fit360.ee-1-800x800.png 800w, https:\/\/fit360.ee\/wp-content\/uploads\/2023\/08\/scrunch-leggings-emerald-green-fit360.ee-1-340x340.png 340w, https:\/\/fit360.ee\/wp-content\/uploads\/2023\/08\/scrunch-leggings-emerald-green-fit360.ee-1-768x768.png 768w, https:\/\/fit360.ee\/wp-content\/uploads\/2023\/08\/scrunch-leggings-emerald-green-fit360.ee-1-247x247.png 247w, https:\/\/fit360.ee\/wp-content\/uploads\/2023\/08\/scrunch-leggings-emerald-green-fit360.ee-1-510x510.png 510w, https:\/\/fit360.ee\/wp-content\/uploads\/2023\/08\/scrunch-leggings-emerald-green-fit360.ee-1-100x100.png 100w, https:\/\/fit360.ee\/wp-content\/uploads\/2023\/08\/scrunch-leggings-emerald-green-fit360.ee-1.png 1000w\" sizes=\"auto, (max-width: 800px) 100vw, 800px\" \/><\/a><figcaption id=\"caption-attachment-92530\" class=\"wp-caption-text\">scrunch leggings emerald green &#8211; fit360.ee<\/figcaption><\/figure>\n","protected":false},"excerpt":{"rendered":"<p><strong>Sobivus:<\/strong>\u00a0Tihe<br \/>\n<strong>Pikkus:<\/strong> T\u00e4ismaterjal<strong>:<\/strong>\u00a051% pol\u00fcamiid 38% pol\u00fcester 11% elastaan<br \/>\n<strong>\u200b\u200bOmadused:<\/strong>\u00a0\u00f5mblusteta, pehme k\u00e4ega tunne, soonik v\u00f6\u00f6kohal, kriimustus taga<\/p>\n","protected":false},"featured_media":72617,"comment_status":"closed","ping_status":"closed","template":"","meta":[],"product_brand":[],"product_cat":[547],"product_tag":[4490,2522,4491],"giftcard-category":[],"class_list":{"0":"post-72642","1":"product","2":"type-product","3":"status-publish","4":"has-post-thumbnail","6":"product_cat-fitness-clothing-en","7":"product_tag-bb-scrunch-leggings-en","8":"product_tag-better-bodies-en","9":"product_tag-scrunch-leggings-en","10":"pa_suurus-l","11":"pa_suurus-m","12":"pa_suurus-s","13":"pa_suurus-xs","14":"pa_varvus-black","15":"pa_varvus-blue","16":"pa_varvus-cobalt-blue-en","17":"pa_varvus-emerald-green","18":"pa_varvus-maroon-en","19":"pa_varvus-purple","20":"pa_varvus-red","21":"pa_varvus-timber-en","22":"pa_varvus-washed-green","23":"pa_varvus-washed-yellow","25":"first","26":"instock","27":"sale","28":"taxable","29":"shipping-taxable","30":"purchasable","31":"product-type-variable"},"yoast_head":"<!-- This site is optimized with the Yoast SEO plugin v27.3 - https:\/\/yoast.com\/product\/yoast-seo-wordpress\/ -->\n<title>BB Scrunch Leggings - Toob kumerused esile - Kiire Tarne - Fit360<\/title>\n<meta name=\"description\" content=\"Scrunch Leggings on \u00f5mblusteta retuusid, mis on valmistatud k\u00e4snast ja pehme k\u00e4etundega. Koormus\u00f5mblus ja kootud kanga erinevused on lisatud, et ...\" \/>\n<meta name=\"robots\" content=\"index, follow, max-snippet:-1, max-image-preview:large, max-video-preview:-1\" \/>\n<link rel=\"canonical\" href=\"https:\/\/fit360.ee\/en\/pood\/training-equipment-en\/fitness-clothing-en\/bb-scrunch-leggings\/\" \/>\n<meta property=\"og:locale\" content=\"en_US\" \/>\n<meta property=\"og:type\" content=\"article\" \/>\n<meta property=\"og:title\" content=\"BB Scrunch Leggings - Toob kumerused esile - Kiire Tarne - Fit360\" \/>\n<meta property=\"og:description\" content=\"Scrunch Leggings on \u00f5mblusteta retuusid, mis on valmistatud k\u00e4snast ja pehme k\u00e4etundega. Koormus\u00f5mblus ja kootud kanga erinevused on lisatud, et ...\" \/>\n<meta property=\"og:url\" content=\"https:\/\/fit360.ee\/en\/pood\/training-equipment-en\/fitness-clothing-en\/bb-scrunch-leggings\/\" \/>\n<meta property=\"og:site_name\" content=\"Fit360\" \/>\n<meta property=\"article:modified_time\" content=\"2026-04-10T10:42:44+00:00\" \/>\n<meta property=\"og:image\" content=\"https:\/\/fit360.ee\/wp-content\/uploads\/2023\/08\/BB-scrunch-leggings-fit360.ee_.jpg\" \/>\n\t<meta property=\"og:image:width\" content=\"1000\" \/>\n\t<meta property=\"og:image:height\" content=\"1000\" \/>\n\t<meta property=\"og:image:type\" content=\"image\/jpeg\" \/>\n<meta name=\"twitter:card\" content=\"summary_large_image\" \/>\n<meta name=\"twitter:label1\" content=\"Est. reading time\" \/>\n\t<meta name=\"twitter:data1\" content=\"2 minutes\" \/>\n<script type=\"application\/ld+json\" class=\"yoast-schema-graph\">{\"@context\":\"https:\\\/\\\/schema.org\",\"@graph\":[{\"@type\":\"WebPage\",\"@id\":\"https:\\\/\\\/fit360.ee\\\/en\\\/pood\\\/training-equipment-en\\\/fitness-clothing-en\\\/bb-scrunch-leggings\\\/\",\"url\":\"https:\\\/\\\/fit360.ee\\\/en\\\/pood\\\/training-equipment-en\\\/fitness-clothing-en\\\/bb-scrunch-leggings\\\/\",\"name\":\"BB Scrunch Leggings - Toob kumerused esile - Kiire Tarne - Fit360\",\"isPartOf\":{\"@id\":\"https:\\\/\\\/fit360.ee\\\/en\\\/#website\"},\"primaryImageOfPage\":{\"@id\":\"https:\\\/\\\/fit360.ee\\\/en\\\/pood\\\/training-equipment-en\\\/fitness-clothing-en\\\/bb-scrunch-leggings\\\/#primaryimage\"},\"image\":{\"@id\":\"https:\\\/\\\/fit360.ee\\\/en\\\/pood\\\/training-equipment-en\\\/fitness-clothing-en\\\/bb-scrunch-leggings\\\/#primaryimage\"},\"thumbnailUrl\":\"https:\\\/\\\/fit360.ee\\\/wp-content\\\/uploads\\\/2023\\\/08\\\/BB-scrunch-leggings-fit360.ee_.jpg\",\"datePublished\":\"2023-08-28T10:54:48+00:00\",\"dateModified\":\"2026-04-10T10:42:44+00:00\",\"description\":\"Scrunch Leggings on \u00f5mblusteta retuusid, mis on valmistatud k\u00e4snast ja pehme k\u00e4etundega. Koormus\u00f5mblus ja kootud kanga erinevused on lisatud, et ...\",\"breadcrumb\":{\"@id\":\"https:\\\/\\\/fit360.ee\\\/en\\\/pood\\\/training-equipment-en\\\/fitness-clothing-en\\\/bb-scrunch-leggings\\\/#breadcrumb\"},\"inLanguage\":\"en-US\",\"potentialAction\":[{\"@type\":\"ReadAction\",\"target\":[\"https:\\\/\\\/fit360.ee\\\/en\\\/pood\\\/training-equipment-en\\\/fitness-clothing-en\\\/bb-scrunch-leggings\\\/\"]}]},{\"@type\":\"ImageObject\",\"inLanguage\":\"en-US\",\"@id\":\"https:\\\/\\\/fit360.ee\\\/en\\\/pood\\\/training-equipment-en\\\/fitness-clothing-en\\\/bb-scrunch-leggings\\\/#primaryimage\",\"url\":\"https:\\\/\\\/fit360.ee\\\/wp-content\\\/uploads\\\/2023\\\/08\\\/BB-scrunch-leggings-fit360.ee_.jpg\",\"contentUrl\":\"https:\\\/\\\/fit360.ee\\\/wp-content\\\/uploads\\\/2023\\\/08\\\/BB-scrunch-leggings-fit360.ee_.jpg\",\"width\":1000,\"height\":1000,\"caption\":\"BB scrunch leggings - fit360.ee\"},{\"@type\":\"BreadcrumbList\",\"@id\":\"https:\\\/\\\/fit360.ee\\\/en\\\/pood\\\/training-equipment-en\\\/fitness-clothing-en\\\/bb-scrunch-leggings\\\/#breadcrumb\",\"itemListElement\":[{\"@type\":\"ListItem\",\"position\":1,\"name\":\"Home\",\"item\":\"https:\\\/\\\/fit360.ee\\\/en\\\/\"},{\"@type\":\"ListItem\",\"position\":2,\"name\":\"Shop\",\"item\":\"https:\\\/\\\/fit360.ee\\\/en\\\/shop\\\/\"},{\"@type\":\"ListItem\",\"position\":3,\"name\":\"BB Scrunch Leggings\"}]},{\"@type\":\"WebSite\",\"@id\":\"https:\\\/\\\/fit360.ee\\\/en\\\/#website\",\"url\":\"https:\\\/\\\/fit360.ee\\\/en\\\/\",\"name\":\"Fit360\",\"description\":\"\",\"publisher\":{\"@id\":\"https:\\\/\\\/fit360.ee\\\/en\\\/#organization\"},\"potentialAction\":[{\"@type\":\"SearchAction\",\"target\":{\"@type\":\"EntryPoint\",\"urlTemplate\":\"https:\\\/\\\/fit360.ee\\\/en\\\/?s={search_term_string}\"},\"query-input\":{\"@type\":\"PropertyValueSpecification\",\"valueRequired\":true,\"valueName\":\"search_term_string\"}}],\"inLanguage\":\"en-US\"},{\"@type\":\"Organization\",\"@id\":\"https:\\\/\\\/fit360.ee\\\/en\\\/#organization\",\"name\":\"Fit360\",\"url\":\"https:\\\/\\\/fit360.ee\\\/en\\\/\",\"logo\":{\"@type\":\"ImageObject\",\"inLanguage\":\"en-US\",\"@id\":\"https:\\\/\\\/fit360.ee\\\/en\\\/#\\\/schema\\\/logo\\\/image\\\/\",\"url\":\"https:\\\/\\\/fit360.ee\\\/wp-content\\\/uploads\\\/2017\\\/01\\\/logo-fit360.png\",\"contentUrl\":\"https:\\\/\\\/fit360.ee\\\/wp-content\\\/uploads\\\/2017\\\/01\\\/logo-fit360.png\",\"width\":180,\"height\":66,\"caption\":\"Fit360\"},\"image\":{\"@id\":\"https:\\\/\\\/fit360.ee\\\/en\\\/#\\\/schema\\\/logo\\\/image\\\/\"}}]}<\/script>\n<!-- \/ Yoast SEO plugin. -->","yoast_head_json":{"title":"BB Scrunch Leggings - Toob kumerused esile - Kiire Tarne - Fit360","description":"Scrunch Leggings on \u00f5mblusteta retuusid, mis on valmistatud k\u00e4snast ja pehme k\u00e4etundega. Koormus\u00f5mblus ja kootud kanga erinevused on lisatud, et ...","robots":{"index":"index","follow":"follow","max-snippet":"max-snippet:-1","max-image-preview":"max-image-preview:large","max-video-preview":"max-video-preview:-1"},"canonical":"https:\/\/fit360.ee\/en\/pood\/training-equipment-en\/fitness-clothing-en\/bb-scrunch-leggings\/","og_locale":"en_US","og_type":"article","og_title":"BB Scrunch Leggings - Toob kumerused esile - Kiire Tarne - Fit360","og_description":"Scrunch Leggings on \u00f5mblusteta retuusid, mis on valmistatud k\u00e4snast ja pehme k\u00e4etundega. Koormus\u00f5mblus ja kootud kanga erinevused on lisatud, et ...","og_url":"https:\/\/fit360.ee\/en\/pood\/training-equipment-en\/fitness-clothing-en\/bb-scrunch-leggings\/","og_site_name":"Fit360","article_modified_time":"2026-04-10T10:42:44+00:00","og_image":[{"width":1000,"height":1000,"url":"https:\/\/fit360.ee\/wp-content\/uploads\/2023\/08\/BB-scrunch-leggings-fit360.ee_.jpg","type":"image\/jpeg"}],"twitter_card":"summary_large_image","twitter_misc":{"Est. reading time":"2 minutes"},"schema":{"@context":"https:\/\/schema.org","@graph":[{"@type":"WebPage","@id":"https:\/\/fit360.ee\/en\/pood\/training-equipment-en\/fitness-clothing-en\/bb-scrunch-leggings\/","url":"https:\/\/fit360.ee\/en\/pood\/training-equipment-en\/fitness-clothing-en\/bb-scrunch-leggings\/","name":"BB Scrunch Leggings - Toob kumerused esile - Kiire Tarne - Fit360","isPartOf":{"@id":"https:\/\/fit360.ee\/en\/#website"},"primaryImageOfPage":{"@id":"https:\/\/fit360.ee\/en\/pood\/training-equipment-en\/fitness-clothing-en\/bb-scrunch-leggings\/#primaryimage"},"image":{"@id":"https:\/\/fit360.ee\/en\/pood\/training-equipment-en\/fitness-clothing-en\/bb-scrunch-leggings\/#primaryimage"},"thumbnailUrl":"https:\/\/fit360.ee\/wp-content\/uploads\/2023\/08\/BB-scrunch-leggings-fit360.ee_.jpg","datePublished":"2023-08-28T10:54:48+00:00","dateModified":"2026-04-10T10:42:44+00:00","description":"Scrunch Leggings on \u00f5mblusteta retuusid, mis on valmistatud k\u00e4snast ja pehme k\u00e4etundega. Koormus\u00f5mblus ja kootud kanga erinevused on lisatud, et ...","breadcrumb":{"@id":"https:\/\/fit360.ee\/en\/pood\/training-equipment-en\/fitness-clothing-en\/bb-scrunch-leggings\/#breadcrumb"},"inLanguage":"en-US","potentialAction":[{"@type":"ReadAction","target":["https:\/\/fit360.ee\/en\/pood\/training-equipment-en\/fitness-clothing-en\/bb-scrunch-leggings\/"]}]},{"@type":"ImageObject","inLanguage":"en-US","@id":"https:\/\/fit360.ee\/en\/pood\/training-equipment-en\/fitness-clothing-en\/bb-scrunch-leggings\/#primaryimage","url":"https:\/\/fit360.ee\/wp-content\/uploads\/2023\/08\/BB-scrunch-leggings-fit360.ee_.jpg","contentUrl":"https:\/\/fit360.ee\/wp-content\/uploads\/2023\/08\/BB-scrunch-leggings-fit360.ee_.jpg","width":1000,"height":1000,"caption":"BB scrunch leggings - fit360.ee"},{"@type":"BreadcrumbList","@id":"https:\/\/fit360.ee\/en\/pood\/training-equipment-en\/fitness-clothing-en\/bb-scrunch-leggings\/#breadcrumb","itemListElement":[{"@type":"ListItem","position":1,"name":"Home","item":"https:\/\/fit360.ee\/en\/"},{"@type":"ListItem","position":2,"name":"Shop","item":"https:\/\/fit360.ee\/en\/shop\/"},{"@type":"ListItem","position":3,"name":"BB Scrunch Leggings"}]},{"@type":"WebSite","@id":"https:\/\/fit360.ee\/en\/#website","url":"https:\/\/fit360.ee\/en\/","name":"Fit360","description":"","publisher":{"@id":"https:\/\/fit360.ee\/en\/#organization"},"potentialAction":[{"@type":"SearchAction","target":{"@type":"EntryPoint","urlTemplate":"https:\/\/fit360.ee\/en\/?s={search_term_string}"},"query-input":{"@type":"PropertyValueSpecification","valueRequired":true,"valueName":"search_term_string"}}],"inLanguage":"en-US"},{"@type":"Organization","@id":"https:\/\/fit360.ee\/en\/#organization","name":"Fit360","url":"https:\/\/fit360.ee\/en\/","logo":{"@type":"ImageObject","inLanguage":"en-US","@id":"https:\/\/fit360.ee\/en\/#\/schema\/logo\/image\/","url":"https:\/\/fit360.ee\/wp-content\/uploads\/2017\/01\/logo-fit360.png","contentUrl":"https:\/\/fit360.ee\/wp-content\/uploads\/2017\/01\/logo-fit360.png","width":180,"height":66,"caption":"Fit360"},"image":{"@id":"https:\/\/fit360.ee\/en\/#\/schema\/logo\/image\/"}}]}},"_links":{"self":[{"href":"https:\/\/fit360.ee\/en\/wp-json\/wp\/v2\/product\/72642","targetHints":{"allow":["GET"]}}],"collection":[{"href":"https:\/\/fit360.ee\/en\/wp-json\/wp\/v2\/product"}],"about":[{"href":"https:\/\/fit360.ee\/en\/wp-json\/wp\/v2\/types\/product"}],"replies":[{"embeddable":true,"href":"https:\/\/fit360.ee\/en\/wp-json\/wp\/v2\/comments?post=72642"}],"wp:featuredmedia":[{"embeddable":true,"href":"https:\/\/fit360.ee\/en\/wp-json\/wp\/v2\/media\/72617"}],"wp:attachment":[{"href":"https:\/\/fit360.ee\/en\/wp-json\/wp\/v2\/media?parent=72642"}],"wp:term":[{"taxonomy":"product_brand","embeddable":true,"href":"https:\/\/fit360.ee\/en\/wp-json\/wp\/v2\/product_brand?post=72642"},{"taxonomy":"product_cat","embeddable":true,"href":"https:\/\/fit360.ee\/en\/wp-json\/wp\/v2\/product_cat?post=72642"},{"taxonomy":"product_tag","embeddable":true,"href":"https:\/\/fit360.ee\/en\/wp-json\/wp\/v2\/product_tag?post=72642"},{"taxonomy":"giftcard-category","embeddable":true,"href":"https:\/\/fit360.ee\/en\/wp-json\/wp\/v2\/giftcard-category?post=72642"}],"curies":[{"name":"wp","href":"https:\/\/api.w.org\/{rel}","templated":true}]}}