{"id":72669,"date":"2023-08-28T13:29:49","date_gmt":"2023-08-28T11:29:49","guid":{"rendered":"https:\/\/fit360.ee\/pood\/uncategorized\/bb-scrunch-shorts\/"},"modified":"2026-03-20T11:38:37","modified_gmt":"2026-03-20T09:38:37","slug":"bb-scrunch-shorts","status":"publish","type":"product","link":"https:\/\/fit360.ee\/en\/pood\/training-equipment-en\/fitness-clothing-en\/bb-scrunch-shorts\/","title":{"rendered":"BB Scrunch Shorts"},"content":{"rendered":"<h2><strong>BB Scrunch Shorts<\/strong><\/h2>\n<p><strong>Sobivus:<\/strong>\u00a0Tihe<br \/>\n<strong>Pikkus:<\/strong>\u00a04-tolline sise\u00f5mblus<br \/>\n<strong>Materjal:<\/strong>\u00a051% pol\u00fcamiid 38% pol\u00fcester 11% elastaan<br \/>\n<strong>\u200b\u200bOmadused:<\/strong>\u00a0\u00f5mblusteta, pehme k\u00e4epidemega, v\u00f6\u00f6kohal soonik, seljaosa kriimustus, 4-tolline sise\u00f5mblus<\/p>\n<p>Scrunch Shorts on \u00f5mblusteta l\u00fchikesed p\u00fcksid, mille sise\u00f5mblus on 4 tolli.\u00a0Need on valmistatud k\u00e4snjas kangast, mis on pehme k\u00e4etundega.\u00a0Koormus\u00f5mblus ja kootud kanga erinevused on lisatud, et teie kumerused esile tuua. T\u00e4ieliku v\u00e4limuse saamiseks vaadake sobivat Scrunchi spordirinnahoidjat.<br \/>\nK\u00e4sna kanga t\u00f5ttu v\u00f5ib teil tekkida kiusatus suurust v\u00e4hendada, kuid optimaalse sobivuse ja kriimustuse saavutamiseks valige oma tavaline suurus.<\/p>\n<p><strong>M\u00c4RKUS<\/strong>: Scrunch Shorts on hea kvaliteedi tagamiseks testitud surve all. Olge t\u00e4helepanelik, kui paned need \u00fcle reite ja \u00fclaosa \u00fcles, enne kui t\u00f5mbate p\u00fcksid t\u00e4iesti \u00fcles. Parima v\u00e4ljan\u00e4gemise saavutamiseks ja \u00f5mblusele avaldatava surve v\u00e4hendamiseks peaks kriips minema tuharate vahele.<\/p>\n<p><a href=\"https:\/\/fit360.ee\/wp-content\/uploads\/2023\/08\/scrunch-shorts-lilla-fit360.ee_-800x800.jpg\"><img loading=\"lazy\" decoding=\"async\" class=\"size-medium wp-image-72652\" src=\"https:\/\/fit360.ee\/wp-content\/uploads\/2023\/08\/scrunch-shorts-lilla-fit360.ee_-800x800.jpg\" alt=\"scrunch shorts lilla - fit360.ee\" width=\"800\" height=\"800\" srcset=\"https:\/\/fit360.ee\/wp-content\/uploads\/2023\/08\/scrunch-shorts-lilla-fit360.ee_-800x800.jpg 800w, https:\/\/fit360.ee\/wp-content\/uploads\/2023\/08\/scrunch-shorts-lilla-fit360.ee_-247x247.jpg 247w, https:\/\/fit360.ee\/wp-content\/uploads\/2023\/08\/scrunch-shorts-lilla-fit360.ee_-100x100.jpg 100w, https:\/\/fit360.ee\/wp-content\/uploads\/2023\/08\/scrunch-shorts-lilla-fit360.ee_-510x510.jpg 510w, https:\/\/fit360.ee\/wp-content\/uploads\/2023\/08\/scrunch-shorts-lilla-fit360.ee_-340x340.jpg 340w, https:\/\/fit360.ee\/wp-content\/uploads\/2023\/08\/scrunch-shorts-lilla-fit360.ee_-768x768.jpg 768w, https:\/\/fit360.ee\/wp-content\/uploads\/2023\/08\/scrunch-shorts-lilla-fit360.ee_.jpg 1000w\" sizes=\"auto, (max-width: 800px) 100vw, 800px\" \/><\/a><\/p>\n<p><a href=\"https:\/\/fit360.ee\/wp-content\/uploads\/2023\/08\/bb-scrunch-shorts-purple-fit360.ee_-800x800.jpg\"><img loading=\"lazy\" decoding=\"async\" class=\"size-medium wp-image-72654\" src=\"https:\/\/fit360.ee\/wp-content\/uploads\/2023\/08\/bb-scrunch-shorts-purple-fit360.ee_-800x800.jpg\" alt=\"bb scrunch shorts purple - fit360.ee\" width=\"800\" height=\"800\" srcset=\"https:\/\/fit360.ee\/wp-content\/uploads\/2023\/08\/bb-scrunch-shorts-purple-fit360.ee_-800x800.jpg 800w, https:\/\/fit360.ee\/wp-content\/uploads\/2023\/08\/bb-scrunch-shorts-purple-fit360.ee_-247x247.jpg 247w, https:\/\/fit360.ee\/wp-content\/uploads\/2023\/08\/bb-scrunch-shorts-purple-fit360.ee_-100x100.jpg 100w, https:\/\/fit360.ee\/wp-content\/uploads\/2023\/08\/bb-scrunch-shorts-purple-fit360.ee_-510x510.jpg 510w, https:\/\/fit360.ee\/wp-content\/uploads\/2023\/08\/bb-scrunch-shorts-purple-fit360.ee_-340x340.jpg 340w, https:\/\/fit360.ee\/wp-content\/uploads\/2023\/08\/bb-scrunch-shorts-purple-fit360.ee_-768x768.jpg 768w, https:\/\/fit360.ee\/wp-content\/uploads\/2023\/08\/bb-scrunch-shorts-purple-fit360.ee_.jpg 1000w\" sizes=\"auto, (max-width: 800px) 100vw, 800px\" \/><\/a><\/p>\n<p><a href=\"https:\/\/fit360.ee\/wp-content\/uploads\/2023\/08\/bb-scrunch-shorts-blue-fit360.ee_-800x800.jpg\"><img loading=\"lazy\" decoding=\"async\" class=\"size-medium wp-image-72656\" src=\"https:\/\/fit360.ee\/wp-content\/uploads\/2023\/08\/bb-scrunch-shorts-blue-fit360.ee_-800x800.jpg\" alt=\"bb scrunch shorts blue - fit360.ee\" width=\"800\" height=\"800\" srcset=\"https:\/\/fit360.ee\/wp-content\/uploads\/2023\/08\/bb-scrunch-shorts-blue-fit360.ee_-800x800.jpg 800w, https:\/\/fit360.ee\/wp-content\/uploads\/2023\/08\/bb-scrunch-shorts-blue-fit360.ee_-247x247.jpg 247w, https:\/\/fit360.ee\/wp-content\/uploads\/2023\/08\/bb-scrunch-shorts-blue-fit360.ee_-100x100.jpg 100w, https:\/\/fit360.ee\/wp-content\/uploads\/2023\/08\/bb-scrunch-shorts-blue-fit360.ee_-510x510.jpg 510w, https:\/\/fit360.ee\/wp-content\/uploads\/2023\/08\/bb-scrunch-shorts-blue-fit360.ee_-340x340.jpg 340w, https:\/\/fit360.ee\/wp-content\/uploads\/2023\/08\/bb-scrunch-shorts-blue-fit360.ee_-768x768.jpg 768w, https:\/\/fit360.ee\/wp-content\/uploads\/2023\/08\/bb-scrunch-shorts-blue-fit360.ee_.jpg 1000w\" sizes=\"auto, (max-width: 800px) 100vw, 800px\" \/><\/a><\/p>\n<p><a href=\"https:\/\/fit360.ee\/wp-content\/uploads\/2023\/08\/scrunch-shorts-sinine-fit360.ee_-800x800.jpg\"><img loading=\"lazy\" decoding=\"async\" class=\"size-medium wp-image-72658\" src=\"https:\/\/fit360.ee\/wp-content\/uploads\/2023\/08\/scrunch-shorts-sinine-fit360.ee_-800x800.jpg\" alt=\"scrunch shorts sinine - fit360.ee\" width=\"800\" height=\"800\" srcset=\"https:\/\/fit360.ee\/wp-content\/uploads\/2023\/08\/scrunch-shorts-sinine-fit360.ee_-800x800.jpg 800w, https:\/\/fit360.ee\/wp-content\/uploads\/2023\/08\/scrunch-shorts-sinine-fit360.ee_-247x247.jpg 247w, https:\/\/fit360.ee\/wp-content\/uploads\/2023\/08\/scrunch-shorts-sinine-fit360.ee_-100x100.jpg 100w, https:\/\/fit360.ee\/wp-content\/uploads\/2023\/08\/scrunch-shorts-sinine-fit360.ee_-510x510.jpg 510w, https:\/\/fit360.ee\/wp-content\/uploads\/2023\/08\/scrunch-shorts-sinine-fit360.ee_-340x340.jpg 340w, https:\/\/fit360.ee\/wp-content\/uploads\/2023\/08\/scrunch-shorts-sinine-fit360.ee_-768x768.jpg 768w, https:\/\/fit360.ee\/wp-content\/uploads\/2023\/08\/scrunch-shorts-sinine-fit360.ee_.jpg 1000w\" sizes=\"auto, (max-width: 800px) 100vw, 800px\" \/><\/a><\/p>\n","protected":false},"excerpt":{"rendered":"<p><strong>Sobivus:<\/strong>\u00a0Tihe<br \/>\n<strong>Pikkus:<\/strong>\u00a04-tolline sise\u00f5mblus<br \/>\n<strong>Materjal:<\/strong>\u00a051% pol\u00fcamiid 38% pol\u00fcester 11% elastaan<br \/>\n<strong>\u200b\u200bOmadused:<\/strong>\u00a0\u00f5mblusteta, pehme k\u00e4epidemega, v\u00f6\u00f6kohal soonik, seljaosa kriimustus, 4-tolline sise\u00f5mblus<\/p>\n","protected":false},"featured_media":72655,"comment_status":"closed","ping_status":"closed","template":"","meta":[],"product_brand":[],"product_cat":[547],"product_tag":[4498,2522,4499],"giftcard-category":[],"class_list":{"0":"post-72669","1":"product","2":"type-product","3":"status-publish","4":"has-post-thumbnail","6":"product_cat-fitness-clothing-en","7":"product_tag-bb-scrunch-shorts-en","8":"product_tag-better-bodies-en","9":"product_tag-scrunch-shorts-en","10":"pa_suurus-l","11":"pa_suurus-m","12":"pa_suurus-s","13":"pa_suurus-xs","14":"pa_varvus-black","15":"pa_varvus-blue","16":"pa_varvus-cobalt-blue-en","17":"pa_varvus-purple","18":"pa_varvus-red","19":"pa_varvus-wash-green-en","21":"first","22":"instock","23":"sale","24":"taxable","25":"shipping-taxable","26":"purchasable","27":"product-type-variable"},"yoast_head":"<!-- This site is optimized with the Yoast SEO plugin v27.3 - https:\/\/yoast.com\/product\/yoast-seo-wordpress\/ -->\n<title>BB Scrunch Shorts - Toob kurvid esile - Kiire Tarne - Fit360<\/title>\n<meta name=\"description\" content=\"Scrunch Shorts on \u00f5mblusteta l\u00fchikesed p\u00fcksid, mille sise\u00f5mblus on 4 tolli.\u00a0Need on valmistatud k\u00e4snjas kangast, mis on pehme k\u00e4etundega. Kiire Tarne!\" \/>\n<meta name=\"robots\" content=\"index, follow, max-snippet:-1, max-image-preview:large, max-video-preview:-1\" \/>\n<link rel=\"canonical\" href=\"https:\/\/fit360.ee\/en\/pood\/training-equipment-en\/fitness-clothing-en\/bb-scrunch-shorts\/\" \/>\n<meta property=\"og:locale\" content=\"en_US\" \/>\n<meta property=\"og:type\" content=\"article\" \/>\n<meta property=\"og:title\" content=\"BB Scrunch Shorts - Toob kurvid esile - Kiire Tarne - Fit360\" \/>\n<meta property=\"og:description\" content=\"Scrunch Shorts on \u00f5mblusteta l\u00fchikesed p\u00fcksid, mille sise\u00f5mblus on 4 tolli.\u00a0Need on valmistatud k\u00e4snjas kangast, mis on pehme k\u00e4etundega. Kiire Tarne!\" \/>\n<meta property=\"og:url\" content=\"https:\/\/fit360.ee\/en\/pood\/training-equipment-en\/fitness-clothing-en\/bb-scrunch-shorts\/\" \/>\n<meta property=\"og:site_name\" content=\"Fit360\" \/>\n<meta property=\"article:modified_time\" content=\"2026-03-20T09:38:37+00:00\" \/>\n<meta property=\"og:image\" content=\"https:\/\/fit360.ee\/wp-content\/uploads\/2023\/08\/bb-scrunch-shorts-purple-fit360.ee_.jpg\" \/>\n\t<meta property=\"og:image:width\" content=\"1000\" \/>\n\t<meta property=\"og:image:height\" content=\"1000\" \/>\n\t<meta property=\"og:image:type\" content=\"image\/jpeg\" \/>\n<meta name=\"twitter:card\" content=\"summary_large_image\" \/>\n<meta name=\"twitter:label1\" content=\"Est. reading time\" \/>\n\t<meta name=\"twitter:data1\" content=\"2 minutes\" \/>\n<script type=\"application\/ld+json\" class=\"yoast-schema-graph\">{\"@context\":\"https:\\\/\\\/schema.org\",\"@graph\":[{\"@type\":\"WebPage\",\"@id\":\"https:\\\/\\\/fit360.ee\\\/en\\\/pood\\\/training-equipment-en\\\/fitness-clothing-en\\\/bb-scrunch-shorts\\\/\",\"url\":\"https:\\\/\\\/fit360.ee\\\/en\\\/pood\\\/training-equipment-en\\\/fitness-clothing-en\\\/bb-scrunch-shorts\\\/\",\"name\":\"BB Scrunch Shorts - Toob kurvid esile - Kiire Tarne - Fit360\",\"isPartOf\":{\"@id\":\"https:\\\/\\\/fit360.ee\\\/en\\\/#website\"},\"primaryImageOfPage\":{\"@id\":\"https:\\\/\\\/fit360.ee\\\/en\\\/pood\\\/training-equipment-en\\\/fitness-clothing-en\\\/bb-scrunch-shorts\\\/#primaryimage\"},\"image\":{\"@id\":\"https:\\\/\\\/fit360.ee\\\/en\\\/pood\\\/training-equipment-en\\\/fitness-clothing-en\\\/bb-scrunch-shorts\\\/#primaryimage\"},\"thumbnailUrl\":\"https:\\\/\\\/fit360.ee\\\/wp-content\\\/uploads\\\/2023\\\/08\\\/bb-scrunch-shorts-purple-fit360.ee_.jpg\",\"datePublished\":\"2023-08-28T11:29:49+00:00\",\"dateModified\":\"2026-03-20T09:38:37+00:00\",\"description\":\"Scrunch Shorts on \u00f5mblusteta l\u00fchikesed p\u00fcksid, mille sise\u00f5mblus on 4 tolli.\u00a0Need on valmistatud k\u00e4snjas kangast, mis on pehme k\u00e4etundega. Kiire Tarne!\",\"breadcrumb\":{\"@id\":\"https:\\\/\\\/fit360.ee\\\/en\\\/pood\\\/training-equipment-en\\\/fitness-clothing-en\\\/bb-scrunch-shorts\\\/#breadcrumb\"},\"inLanguage\":\"en-US\",\"potentialAction\":[{\"@type\":\"ReadAction\",\"target\":[\"https:\\\/\\\/fit360.ee\\\/en\\\/pood\\\/training-equipment-en\\\/fitness-clothing-en\\\/bb-scrunch-shorts\\\/\"]}]},{\"@type\":\"ImageObject\",\"inLanguage\":\"en-US\",\"@id\":\"https:\\\/\\\/fit360.ee\\\/en\\\/pood\\\/training-equipment-en\\\/fitness-clothing-en\\\/bb-scrunch-shorts\\\/#primaryimage\",\"url\":\"https:\\\/\\\/fit360.ee\\\/wp-content\\\/uploads\\\/2023\\\/08\\\/bb-scrunch-shorts-purple-fit360.ee_.jpg\",\"contentUrl\":\"https:\\\/\\\/fit360.ee\\\/wp-content\\\/uploads\\\/2023\\\/08\\\/bb-scrunch-shorts-purple-fit360.ee_.jpg\",\"width\":1000,\"height\":1000,\"caption\":\"bb scrunch shorts purple - fit360.ee\"},{\"@type\":\"BreadcrumbList\",\"@id\":\"https:\\\/\\\/fit360.ee\\\/en\\\/pood\\\/training-equipment-en\\\/fitness-clothing-en\\\/bb-scrunch-shorts\\\/#breadcrumb\",\"itemListElement\":[{\"@type\":\"ListItem\",\"position\":1,\"name\":\"Home\",\"item\":\"https:\\\/\\\/fit360.ee\\\/en\\\/\"},{\"@type\":\"ListItem\",\"position\":2,\"name\":\"Shop\",\"item\":\"https:\\\/\\\/fit360.ee\\\/en\\\/shop\\\/\"},{\"@type\":\"ListItem\",\"position\":3,\"name\":\"BB Scrunch Shorts\"}]},{\"@type\":\"WebSite\",\"@id\":\"https:\\\/\\\/fit360.ee\\\/en\\\/#website\",\"url\":\"https:\\\/\\\/fit360.ee\\\/en\\\/\",\"name\":\"Fit360\",\"description\":\"\",\"publisher\":{\"@id\":\"https:\\\/\\\/fit360.ee\\\/en\\\/#organization\"},\"potentialAction\":[{\"@type\":\"SearchAction\",\"target\":{\"@type\":\"EntryPoint\",\"urlTemplate\":\"https:\\\/\\\/fit360.ee\\\/en\\\/?s={search_term_string}\"},\"query-input\":{\"@type\":\"PropertyValueSpecification\",\"valueRequired\":true,\"valueName\":\"search_term_string\"}}],\"inLanguage\":\"en-US\"},{\"@type\":\"Organization\",\"@id\":\"https:\\\/\\\/fit360.ee\\\/en\\\/#organization\",\"name\":\"Fit360\",\"url\":\"https:\\\/\\\/fit360.ee\\\/en\\\/\",\"logo\":{\"@type\":\"ImageObject\",\"inLanguage\":\"en-US\",\"@id\":\"https:\\\/\\\/fit360.ee\\\/en\\\/#\\\/schema\\\/logo\\\/image\\\/\",\"url\":\"https:\\\/\\\/fit360.ee\\\/wp-content\\\/uploads\\\/2017\\\/01\\\/logo-fit360.png\",\"contentUrl\":\"https:\\\/\\\/fit360.ee\\\/wp-content\\\/uploads\\\/2017\\\/01\\\/logo-fit360.png\",\"width\":180,\"height\":66,\"caption\":\"Fit360\"},\"image\":{\"@id\":\"https:\\\/\\\/fit360.ee\\\/en\\\/#\\\/schema\\\/logo\\\/image\\\/\"}}]}<\/script>\n<!-- \/ Yoast SEO plugin. -->","yoast_head_json":{"title":"BB Scrunch Shorts - Toob kurvid esile - Kiire Tarne - Fit360","description":"Scrunch Shorts on \u00f5mblusteta l\u00fchikesed p\u00fcksid, mille sise\u00f5mblus on 4 tolli.\u00a0Need on valmistatud k\u00e4snjas kangast, mis on pehme k\u00e4etundega. Kiire Tarne!","robots":{"index":"index","follow":"follow","max-snippet":"max-snippet:-1","max-image-preview":"max-image-preview:large","max-video-preview":"max-video-preview:-1"},"canonical":"https:\/\/fit360.ee\/en\/pood\/training-equipment-en\/fitness-clothing-en\/bb-scrunch-shorts\/","og_locale":"en_US","og_type":"article","og_title":"BB Scrunch Shorts - Toob kurvid esile - Kiire Tarne - Fit360","og_description":"Scrunch Shorts on \u00f5mblusteta l\u00fchikesed p\u00fcksid, mille sise\u00f5mblus on 4 tolli.\u00a0Need on valmistatud k\u00e4snjas kangast, mis on pehme k\u00e4etundega. Kiire Tarne!","og_url":"https:\/\/fit360.ee\/en\/pood\/training-equipment-en\/fitness-clothing-en\/bb-scrunch-shorts\/","og_site_name":"Fit360","article_modified_time":"2026-03-20T09:38:37+00:00","og_image":[{"width":1000,"height":1000,"url":"https:\/\/fit360.ee\/wp-content\/uploads\/2023\/08\/bb-scrunch-shorts-purple-fit360.ee_.jpg","type":"image\/jpeg"}],"twitter_card":"summary_large_image","twitter_misc":{"Est. reading time":"2 minutes"},"schema":{"@context":"https:\/\/schema.org","@graph":[{"@type":"WebPage","@id":"https:\/\/fit360.ee\/en\/pood\/training-equipment-en\/fitness-clothing-en\/bb-scrunch-shorts\/","url":"https:\/\/fit360.ee\/en\/pood\/training-equipment-en\/fitness-clothing-en\/bb-scrunch-shorts\/","name":"BB Scrunch Shorts - Toob kurvid esile - Kiire Tarne - Fit360","isPartOf":{"@id":"https:\/\/fit360.ee\/en\/#website"},"primaryImageOfPage":{"@id":"https:\/\/fit360.ee\/en\/pood\/training-equipment-en\/fitness-clothing-en\/bb-scrunch-shorts\/#primaryimage"},"image":{"@id":"https:\/\/fit360.ee\/en\/pood\/training-equipment-en\/fitness-clothing-en\/bb-scrunch-shorts\/#primaryimage"},"thumbnailUrl":"https:\/\/fit360.ee\/wp-content\/uploads\/2023\/08\/bb-scrunch-shorts-purple-fit360.ee_.jpg","datePublished":"2023-08-28T11:29:49+00:00","dateModified":"2026-03-20T09:38:37+00:00","description":"Scrunch Shorts on \u00f5mblusteta l\u00fchikesed p\u00fcksid, mille sise\u00f5mblus on 4 tolli.\u00a0Need on valmistatud k\u00e4snjas kangast, mis on pehme k\u00e4etundega. Kiire Tarne!","breadcrumb":{"@id":"https:\/\/fit360.ee\/en\/pood\/training-equipment-en\/fitness-clothing-en\/bb-scrunch-shorts\/#breadcrumb"},"inLanguage":"en-US","potentialAction":[{"@type":"ReadAction","target":["https:\/\/fit360.ee\/en\/pood\/training-equipment-en\/fitness-clothing-en\/bb-scrunch-shorts\/"]}]},{"@type":"ImageObject","inLanguage":"en-US","@id":"https:\/\/fit360.ee\/en\/pood\/training-equipment-en\/fitness-clothing-en\/bb-scrunch-shorts\/#primaryimage","url":"https:\/\/fit360.ee\/wp-content\/uploads\/2023\/08\/bb-scrunch-shorts-purple-fit360.ee_.jpg","contentUrl":"https:\/\/fit360.ee\/wp-content\/uploads\/2023\/08\/bb-scrunch-shorts-purple-fit360.ee_.jpg","width":1000,"height":1000,"caption":"bb scrunch shorts purple - fit360.ee"},{"@type":"BreadcrumbList","@id":"https:\/\/fit360.ee\/en\/pood\/training-equipment-en\/fitness-clothing-en\/bb-scrunch-shorts\/#breadcrumb","itemListElement":[{"@type":"ListItem","position":1,"name":"Home","item":"https:\/\/fit360.ee\/en\/"},{"@type":"ListItem","position":2,"name":"Shop","item":"https:\/\/fit360.ee\/en\/shop\/"},{"@type":"ListItem","position":3,"name":"BB Scrunch Shorts"}]},{"@type":"WebSite","@id":"https:\/\/fit360.ee\/en\/#website","url":"https:\/\/fit360.ee\/en\/","name":"Fit360","description":"","publisher":{"@id":"https:\/\/fit360.ee\/en\/#organization"},"potentialAction":[{"@type":"SearchAction","target":{"@type":"EntryPoint","urlTemplate":"https:\/\/fit360.ee\/en\/?s={search_term_string}"},"query-input":{"@type":"PropertyValueSpecification","valueRequired":true,"valueName":"search_term_string"}}],"inLanguage":"en-US"},{"@type":"Organization","@id":"https:\/\/fit360.ee\/en\/#organization","name":"Fit360","url":"https:\/\/fit360.ee\/en\/","logo":{"@type":"ImageObject","inLanguage":"en-US","@id":"https:\/\/fit360.ee\/en\/#\/schema\/logo\/image\/","url":"https:\/\/fit360.ee\/wp-content\/uploads\/2017\/01\/logo-fit360.png","contentUrl":"https:\/\/fit360.ee\/wp-content\/uploads\/2017\/01\/logo-fit360.png","width":180,"height":66,"caption":"Fit360"},"image":{"@id":"https:\/\/fit360.ee\/en\/#\/schema\/logo\/image\/"}}]}},"_links":{"self":[{"href":"https:\/\/fit360.ee\/en\/wp-json\/wp\/v2\/product\/72669","targetHints":{"allow":["GET"]}}],"collection":[{"href":"https:\/\/fit360.ee\/en\/wp-json\/wp\/v2\/product"}],"about":[{"href":"https:\/\/fit360.ee\/en\/wp-json\/wp\/v2\/types\/product"}],"replies":[{"embeddable":true,"href":"https:\/\/fit360.ee\/en\/wp-json\/wp\/v2\/comments?post=72669"}],"wp:featuredmedia":[{"embeddable":true,"href":"https:\/\/fit360.ee\/en\/wp-json\/wp\/v2\/media\/72655"}],"wp:attachment":[{"href":"https:\/\/fit360.ee\/en\/wp-json\/wp\/v2\/media?parent=72669"}],"wp:term":[{"taxonomy":"product_brand","embeddable":true,"href":"https:\/\/fit360.ee\/en\/wp-json\/wp\/v2\/product_brand?post=72669"},{"taxonomy":"product_cat","embeddable":true,"href":"https:\/\/fit360.ee\/en\/wp-json\/wp\/v2\/product_cat?post=72669"},{"taxonomy":"product_tag","embeddable":true,"href":"https:\/\/fit360.ee\/en\/wp-json\/wp\/v2\/product_tag?post=72669"},{"taxonomy":"giftcard-category","embeddable":true,"href":"https:\/\/fit360.ee\/en\/wp-json\/wp\/v2\/giftcard-category?post=72669"}],"curies":[{"name":"wp","href":"https:\/\/api.w.org\/{rel}","templated":true}]}}