{"id":73044,"date":"2023-09-13T16:39:40","date_gmt":"2023-09-13T14:39:40","guid":{"rendered":"https:\/\/fit360.ee\/pood\/uncategorized\/ostrovit-100-whey-protein-2000g\/"},"modified":"2025-08-13T07:36:19","modified_gmt":"2025-08-13T05:36:19","slug":"ostrovit-100-whey-protein-2000g","status":"publish","type":"product","link":"https:\/\/fit360.ee\/en\/pood\/product-groups\/protein-poweders-en\/whey-protein-en\/ostrovit-100-whey-protein-2000g\/","title":{"rendered":"OstroVit 100% Whey Protein (2000g)"},"content":{"rendered":"<h2 class=\"cm__heading\"><strong>OstroVit 100% Whey Protein<\/strong><\/h2>\n<p>OstroVit 100% Whey Protein on esmaklassiline valgulisand, mis sisaldab 70% valku.\u00a0See toidulisand sobib k\u00f5igile sportlastele, olenemata nende spordialast.\u00a0See on eriti soovitatav lihasmassi suurendamise ja rasvkoe v\u00e4hendamise perioodil.\u00a0Seda saab kasutada edasij\u00f5udnute treeningute ajal, aga ka igap\u00e4evase dieedi komponendina toitev\u00e4\u00e4rtuste t\u00e4iendamiseks.<\/p>\n<p><a href=\"https:\/\/fit360.ee\/wp-content\/uploads\/2023\/09\/whey-protein-fit360.ee_-800x312.jpg\"><img loading=\"lazy\" decoding=\"async\" class=\"size-medium wp-image-73036\" src=\"https:\/\/fit360.ee\/wp-content\/uploads\/2023\/09\/whey-protein-fit360.ee_-800x312.jpg\" alt=\"whey protein - fit360.ee\" width=\"800\" height=\"312\" srcset=\"https:\/\/fit360.ee\/wp-content\/uploads\/2023\/09\/whey-protein-fit360.ee_-800x312.jpg 800w, https:\/\/fit360.ee\/wp-content\/uploads\/2023\/09\/whey-protein-fit360.ee_-510x199.jpg 510w, https:\/\/fit360.ee\/wp-content\/uploads\/2023\/09\/whey-protein-fit360.ee_-768x300.jpg 768w, https:\/\/fit360.ee\/wp-content\/uploads\/2023\/09\/whey-protein-fit360.ee_.jpg 922w\" sizes=\"auto, (max-width: 800px) 100vw, 800px\" \/><\/a><\/p>\n<p>&nbsp;<\/p>\n<section class=\"cm__section\">\n<ul class=\"cm__list\">\n<li>2000 g valku pakis<\/li>\n<li>\u00dcks portsjon on 30g toodet<\/li>\n<li>Maitsev<\/li>\n<li>V\u00e4ga hea lahustuvus<\/li>\n<li>K\u00f5rge vadakuvalgu kontsentratsioon (70%)<\/li>\n<\/ul>\n<h4 class=\"cm__heading\"><strong>OstroVit 100% vadakuproteiin<\/strong><\/h4>\n<p class=\"cm__text\">See on vadakuvalgu kontsentraadil p\u00f5hinev valgulisand, millele on lisatud maltodekstriini komplekssete s\u00fcsivesikute allikana.\u00a0Vadakuvalk on t\u00e4isv\u00e4\u00e4rtuslik loomne valk, mis sisaldab laialdaselt lihaskiudude ehitamiseks vajalikke aminohappeid.<\/p>\n<p class=\"cm__text\">Maltodekstriini saadakse t\u00e4rklise osalise h\u00fcdrol\u00fc\u00fcsi teel.\u00a0Seda iseloomustab kiire imendumine ja kerge seeditavus ning see ei setti maos.\u00a0See on kehas kergesti omastatav energiaallikas, mist\u00f5ttu on see ideaalne koostisosa toidulisandites, mida v\u00f5etakse enne, treeningu ajal ja p\u00e4rast treeningut.\u00a0See on suurep\u00e4rane komponent treeningu toetamiseks ja treeninguj\u00e4rgseks taastumiseks, taastab kiiresti lihaste gl\u00fckogeeni ning suurendab kreatiini ja aminohapete transporti lihasrakkudesse.<\/p>\n<p class=\"cm__text\"><a href=\"https:\/\/fit360.ee\/en\/product-category\/product-groups\/protein-poweders-en\/whey-protein-en\/\">Vadakuvalk<\/a>\u00a0toetab intensiivselt lihaste kasvu protsessi ja v\u00f5imaldab lihaskiude taastada.\u00a0Omab anaboolset ja antikataboolset toimet \u2013 takistab lihaskoe lagunemist.\u00a0V\u00e4hendab v\u00e4simustunnet ja kiirendab lihaste taastumist p\u00e4rast treeningut.<\/p>\n<h4 class=\"cm__heading\"><strong>OstroVit 100% vadakuvalgu omadused<\/strong>:<\/h4>\n<ul class=\"cm__list\">\n<li>K\u00f5rge valgusisaldus<\/li>\n<li>Hargnenud ahelaga aminohapete BCAA allikas<\/li>\n<li>Omab anaboolset toimet \u2013 aitab kasvatada puhast lihasmassi&lt;<\/li>\n<li>Omab antikataboolset toimet \u2013 hoiab \u00e4ra lihaste lagunemise<\/li>\n<li>Kergesti k\u00e4ttesaadava energia allikas<\/li>\n<li>Toetus taastumiseks<\/li>\n<li>Eriti soovitatav lihasmassi kasvatamise perioodil<\/li>\n<\/ul>\n<\/section>\n<section class=\"cm__section\">\n<div class=\"cm__heading\">Laboratoorselt kinnitatud kvaliteet<\/div>\n<p class=\"cm__text --bold\">Klientide tervise huvides testitakse meie toodetud tooteid regulaarselt s\u00f5ltumatus akrediteeritud laboris, et tagada ja s\u00e4ilitada k\u00f5rgeim kvaliteet.<\/p>\n<p><strong>Koostisosad<\/strong>: Vadakuvalgu kontsentraat piimast (sisaldab letsitiine), maltodekstriin, kakao 3%, l\u00f5hna- ja maitseaine, magusaine: sukraloos.<\/p>\n<p><strong>Kasutamine<\/strong>: Lahustage \u00fcks portsjon toodet 30 g (2,5 lusikat\u00e4it) 200 ml piimas v\u00f5i vees.\u00a0S\u00f5ltuvalt teie vajadustest v\u00f5tke 1-2 portsjonit p\u00e4evas.<\/p>\n<p><strong>Suurus<\/strong>: 2000g<\/p>\n<section class=\"projector__description--nutritional row\" data-selector=\".--nutritional\">\n<div class=\"col-12 col-md-10 col-lg-8\">\n<div class=\"--nutrit\">\n<div class=\"nutrition_table_wrapper\">\n<div class=\"table_wrapper\">\n<table>\n<tbody>\n<tr>\n<th>Toitumisalane teave<\/th>\n<th>30 g portsjoni kohta<\/th>\n<th>Portsjoni kohta 60 g<\/th>\n<th>100 g juures<\/th>\n<\/tr>\n<tr>\n<td>Energia<\/td>\n<td>479 kJ \/ 113 kcal<\/td>\n<td>957 kJ \/ 226 kcal<\/td>\n<td>1595 kJ \/ 377 kcal<\/td>\n<\/tr>\n<tr>\n<td>Paks<\/td>\n<td>0,7 g<\/td>\n<td>1,3 g<\/td>\n<td>2,2 g<\/td>\n<\/tr>\n<tr class=\"sub\">\n<td>&#8211; millest k\u00fcllastunud rasvhapped<\/td>\n<td>0,4 g<\/td>\n<td>0,8 g<\/td>\n<td>1,3 g<\/td>\n<\/tr>\n<tr>\n<td>S\u00fcsivesikud<\/td>\n<td>4,5 g<\/td>\n<td>9,0 g<\/td>\n<td>15 g<\/td>\n<\/tr>\n<tr class=\"sub\">\n<td>&#8211; millest suhkrud<\/td>\n<td>1,9 g<\/td>\n<td>3,8 g<\/td>\n<td>6,4 g<\/td>\n<\/tr>\n<tr>\n<td>Valk<\/td>\n<td>21 g<\/td>\n<td>42 g<\/td>\n<td>70 g<\/td>\n<\/tr>\n<tr>\n<td>soola<\/td>\n<td>0,13 g<\/td>\n<td>0,25 g<\/td>\n<td>0,42 g<\/td>\n<\/tr>\n<\/tbody>\n<\/table>\n<\/div>\n<\/div>\n<\/div>\n<\/div>\n<\/section>\n<section class=\"projector__comments comments row\" data-selector=\".--comments\">\n<div class=\"--label col-12\">\n<div><\/div>\n<\/div>\n<\/section>\n<p>Vaata ka meie Teisi Valke <a href=\"https:\/\/fit360.ee\/en\/product-category\/product-groups\/protein-poweders-en\/\"><strong>SIIT<\/strong><\/a> v\u00f5i Vadakuvalke <a href=\"https:\/\/fit360.ee\/en\/product-category\/product-groups\/protein-poweders-en\/whey-protein-en\/\"><strong>SIIT<\/strong><\/a>!<\/p>\n<p>Soovid kaupa osta suuremas koguses? Vaata antud toodet ka meie HULGI poest\u00a0<a href=\"https:\/\/toidulisandidhulgi.ee\/tooted\/ostrovit-100-whey-protein-2000g\/\"><strong>SIIT<\/strong><\/a>!<\/p>\n<\/section>\n","protected":false},"excerpt":{"rendered":"<ul class=\"cm__list\">\n<li>K\u00f5rge valgusisaldus<\/li>\n<li>Hargnenud ahelaga aminohapete BCAA allikas<\/li>\n<li>Omab anaboolset toimet \u2013 aitab kasvatada puhast lihasmassi&lt;<\/li>\n<li>Omab antikataboolset toimet \u2013 hoiab \u00e4ra lihaste lagunemise<\/li>\n<li>Kergesti k\u00e4ttesaadava energia allikas<\/li>\n<li>Toetus taastumiseks<\/li>\n<li>Eriti soovitatav lihasmassi kasvatamise perioodil<\/li>\n<\/ul>\n","protected":false},"featured_media":73039,"comment_status":"closed","ping_status":"closed","template":"","meta":[],"product_brand":[],"product_cat":[1329,535,2420],"product_tag":[4504,1924,3718],"giftcard-category":[],"class_list":{"0":"post-73044","1":"product","2":"type-product","3":"status-publish","4":"has-post-thumbnail","6":"product_cat-ostrovit-en","7":"product_cat-protein-poweders-en","8":"product_cat-whey-protein-en","9":"product_tag-100-whey-protein-en","10":"product_tag-ostrovit-en","11":"product_tag-whey-protein-en","12":"pa_maitse-chocolate","13":"pa_maitse-peanut-butter-en","14":"pa_maitse-tiramisu-en","16":"first","17":"outofstock","18":"sale","19":"taxable","20":"shipping-taxable","21":"purchasable","22":"product-type-variable"},"yoast_head":"<!-- This site is optimized with the Yoast SEO plugin v27.3 - https:\/\/yoast.com\/product\/yoast-seo-wordpress\/ -->\n<title>OstroVit 100% Whey Protein (2000g) - Vadakuvalk - Parim Hind - Fit360<\/title>\n<meta name=\"description\" content=\"OstroVit 100% Whey Protein on esmaklassiline valgulisand, mis sisaldab 70% valku.\u00a0See toidulisand sobib k\u00f5igile sportlastele, olenemata nende spordialast.\" \/>\n<meta name=\"robots\" content=\"index, follow, max-snippet:-1, max-image-preview:large, max-video-preview:-1\" \/>\n<link rel=\"canonical\" href=\"https:\/\/fit360.ee\/en\/pood\/product-groups\/protein-poweders-en\/whey-protein-en\/ostrovit-100-whey-protein-2000g\/\" \/>\n<meta property=\"og:locale\" content=\"en_US\" \/>\n<meta property=\"og:type\" content=\"article\" \/>\n<meta property=\"og:title\" content=\"OstroVit 100% Whey Protein (2000g) - Vadakuvalk - Parim Hind - Fit360\" \/>\n<meta property=\"og:description\" content=\"OstroVit 100% Whey Protein on esmaklassiline valgulisand, mis sisaldab 70% valku.\u00a0See toidulisand sobib k\u00f5igile sportlastele, olenemata nende spordialast.\" \/>\n<meta property=\"og:url\" content=\"https:\/\/fit360.ee\/en\/pood\/product-groups\/protein-poweders-en\/whey-protein-en\/ostrovit-100-whey-protein-2000g\/\" \/>\n<meta property=\"og:site_name\" content=\"Fit360\" \/>\n<meta property=\"article:modified_time\" content=\"2025-08-13T05:36:19+00:00\" \/>\n<meta property=\"og:image\" content=\"https:\/\/fit360.ee\/wp-content\/uploads\/2023\/09\/100-whey-protein-fit360.ee-1.png\" \/>\n\t<meta property=\"og:image:width\" content=\"600\" \/>\n\t<meta property=\"og:image:height\" content=\"600\" \/>\n\t<meta property=\"og:image:type\" content=\"image\/png\" \/>\n<meta name=\"twitter:card\" content=\"summary_large_image\" \/>\n<meta name=\"twitter:label1\" content=\"Est. reading time\" \/>\n\t<meta name=\"twitter:data1\" content=\"3 minutes\" \/>\n<script type=\"application\/ld+json\" class=\"yoast-schema-graph\">{\"@context\":\"https:\\\/\\\/schema.org\",\"@graph\":[{\"@type\":\"WebPage\",\"@id\":\"https:\\\/\\\/fit360.ee\\\/en\\\/pood\\\/product-groups\\\/protein-poweders-en\\\/whey-protein-en\\\/ostrovit-100-whey-protein-2000g\\\/\",\"url\":\"https:\\\/\\\/fit360.ee\\\/en\\\/pood\\\/product-groups\\\/protein-poweders-en\\\/whey-protein-en\\\/ostrovit-100-whey-protein-2000g\\\/\",\"name\":\"OstroVit 100% Whey Protein (2000g) - Vadakuvalk - Parim Hind - Fit360\",\"isPartOf\":{\"@id\":\"https:\\\/\\\/fit360.ee\\\/en\\\/#website\"},\"primaryImageOfPage\":{\"@id\":\"https:\\\/\\\/fit360.ee\\\/en\\\/pood\\\/product-groups\\\/protein-poweders-en\\\/whey-protein-en\\\/ostrovit-100-whey-protein-2000g\\\/#primaryimage\"},\"image\":{\"@id\":\"https:\\\/\\\/fit360.ee\\\/en\\\/pood\\\/product-groups\\\/protein-poweders-en\\\/whey-protein-en\\\/ostrovit-100-whey-protein-2000g\\\/#primaryimage\"},\"thumbnailUrl\":\"https:\\\/\\\/fit360.ee\\\/wp-content\\\/uploads\\\/2023\\\/09\\\/100-whey-protein-fit360.ee-1.png\",\"datePublished\":\"2023-09-13T14:39:40+00:00\",\"dateModified\":\"2025-08-13T05:36:19+00:00\",\"description\":\"OstroVit 100% Whey Protein on esmaklassiline valgulisand, mis sisaldab 70% valku.\u00a0See toidulisand sobib k\u00f5igile sportlastele, olenemata nende spordialast.\",\"breadcrumb\":{\"@id\":\"https:\\\/\\\/fit360.ee\\\/en\\\/pood\\\/product-groups\\\/protein-poweders-en\\\/whey-protein-en\\\/ostrovit-100-whey-protein-2000g\\\/#breadcrumb\"},\"inLanguage\":\"en-US\",\"potentialAction\":[{\"@type\":\"ReadAction\",\"target\":[\"https:\\\/\\\/fit360.ee\\\/en\\\/pood\\\/product-groups\\\/protein-poweders-en\\\/whey-protein-en\\\/ostrovit-100-whey-protein-2000g\\\/\"]}]},{\"@type\":\"ImageObject\",\"inLanguage\":\"en-US\",\"@id\":\"https:\\\/\\\/fit360.ee\\\/en\\\/pood\\\/product-groups\\\/protein-poweders-en\\\/whey-protein-en\\\/ostrovit-100-whey-protein-2000g\\\/#primaryimage\",\"url\":\"https:\\\/\\\/fit360.ee\\\/wp-content\\\/uploads\\\/2023\\\/09\\\/100-whey-protein-fit360.ee-1.png\",\"contentUrl\":\"https:\\\/\\\/fit360.ee\\\/wp-content\\\/uploads\\\/2023\\\/09\\\/100-whey-protein-fit360.ee-1.png\",\"width\":600,\"height\":600,\"caption\":\"100% whey protein - fit360.ee\"},{\"@type\":\"BreadcrumbList\",\"@id\":\"https:\\\/\\\/fit360.ee\\\/en\\\/pood\\\/product-groups\\\/protein-poweders-en\\\/whey-protein-en\\\/ostrovit-100-whey-protein-2000g\\\/#breadcrumb\",\"itemListElement\":[{\"@type\":\"ListItem\",\"position\":1,\"name\":\"Home\",\"item\":\"https:\\\/\\\/fit360.ee\\\/en\\\/\"},{\"@type\":\"ListItem\",\"position\":2,\"name\":\"Shop\",\"item\":\"https:\\\/\\\/fit360.ee\\\/en\\\/shop\\\/\"},{\"@type\":\"ListItem\",\"position\":3,\"name\":\"OstroVit 100% Whey Protein (2000g)\"}]},{\"@type\":\"WebSite\",\"@id\":\"https:\\\/\\\/fit360.ee\\\/en\\\/#website\",\"url\":\"https:\\\/\\\/fit360.ee\\\/en\\\/\",\"name\":\"Fit360\",\"description\":\"\",\"publisher\":{\"@id\":\"https:\\\/\\\/fit360.ee\\\/en\\\/#organization\"},\"potentialAction\":[{\"@type\":\"SearchAction\",\"target\":{\"@type\":\"EntryPoint\",\"urlTemplate\":\"https:\\\/\\\/fit360.ee\\\/en\\\/?s={search_term_string}\"},\"query-input\":{\"@type\":\"PropertyValueSpecification\",\"valueRequired\":true,\"valueName\":\"search_term_string\"}}],\"inLanguage\":\"en-US\"},{\"@type\":\"Organization\",\"@id\":\"https:\\\/\\\/fit360.ee\\\/en\\\/#organization\",\"name\":\"Fit360\",\"url\":\"https:\\\/\\\/fit360.ee\\\/en\\\/\",\"logo\":{\"@type\":\"ImageObject\",\"inLanguage\":\"en-US\",\"@id\":\"https:\\\/\\\/fit360.ee\\\/en\\\/#\\\/schema\\\/logo\\\/image\\\/\",\"url\":\"https:\\\/\\\/fit360.ee\\\/wp-content\\\/uploads\\\/2017\\\/01\\\/logo-fit360.png\",\"contentUrl\":\"https:\\\/\\\/fit360.ee\\\/wp-content\\\/uploads\\\/2017\\\/01\\\/logo-fit360.png\",\"width\":180,\"height\":66,\"caption\":\"Fit360\"},\"image\":{\"@id\":\"https:\\\/\\\/fit360.ee\\\/en\\\/#\\\/schema\\\/logo\\\/image\\\/\"}}]}<\/script>\n<!-- \/ Yoast SEO plugin. -->","yoast_head_json":{"title":"OstroVit 100% Whey Protein (2000g) - Vadakuvalk - Parim Hind - Fit360","description":"OstroVit 100% Whey Protein on esmaklassiline valgulisand, mis sisaldab 70% valku.\u00a0See toidulisand sobib k\u00f5igile sportlastele, olenemata nende spordialast.","robots":{"index":"index","follow":"follow","max-snippet":"max-snippet:-1","max-image-preview":"max-image-preview:large","max-video-preview":"max-video-preview:-1"},"canonical":"https:\/\/fit360.ee\/en\/pood\/product-groups\/protein-poweders-en\/whey-protein-en\/ostrovit-100-whey-protein-2000g\/","og_locale":"en_US","og_type":"article","og_title":"OstroVit 100% Whey Protein (2000g) - Vadakuvalk - Parim Hind - Fit360","og_description":"OstroVit 100% Whey Protein on esmaklassiline valgulisand, mis sisaldab 70% valku.\u00a0See toidulisand sobib k\u00f5igile sportlastele, olenemata nende spordialast.","og_url":"https:\/\/fit360.ee\/en\/pood\/product-groups\/protein-poweders-en\/whey-protein-en\/ostrovit-100-whey-protein-2000g\/","og_site_name":"Fit360","article_modified_time":"2025-08-13T05:36:19+00:00","og_image":[{"width":600,"height":600,"url":"https:\/\/fit360.ee\/wp-content\/uploads\/2023\/09\/100-whey-protein-fit360.ee-1.png","type":"image\/png"}],"twitter_card":"summary_large_image","twitter_misc":{"Est. reading time":"3 minutes"},"schema":{"@context":"https:\/\/schema.org","@graph":[{"@type":"WebPage","@id":"https:\/\/fit360.ee\/en\/pood\/product-groups\/protein-poweders-en\/whey-protein-en\/ostrovit-100-whey-protein-2000g\/","url":"https:\/\/fit360.ee\/en\/pood\/product-groups\/protein-poweders-en\/whey-protein-en\/ostrovit-100-whey-protein-2000g\/","name":"OstroVit 100% Whey Protein (2000g) - Vadakuvalk - Parim Hind - Fit360","isPartOf":{"@id":"https:\/\/fit360.ee\/en\/#website"},"primaryImageOfPage":{"@id":"https:\/\/fit360.ee\/en\/pood\/product-groups\/protein-poweders-en\/whey-protein-en\/ostrovit-100-whey-protein-2000g\/#primaryimage"},"image":{"@id":"https:\/\/fit360.ee\/en\/pood\/product-groups\/protein-poweders-en\/whey-protein-en\/ostrovit-100-whey-protein-2000g\/#primaryimage"},"thumbnailUrl":"https:\/\/fit360.ee\/wp-content\/uploads\/2023\/09\/100-whey-protein-fit360.ee-1.png","datePublished":"2023-09-13T14:39:40+00:00","dateModified":"2025-08-13T05:36:19+00:00","description":"OstroVit 100% Whey Protein on esmaklassiline valgulisand, mis sisaldab 70% valku.\u00a0See toidulisand sobib k\u00f5igile sportlastele, olenemata nende spordialast.","breadcrumb":{"@id":"https:\/\/fit360.ee\/en\/pood\/product-groups\/protein-poweders-en\/whey-protein-en\/ostrovit-100-whey-protein-2000g\/#breadcrumb"},"inLanguage":"en-US","potentialAction":[{"@type":"ReadAction","target":["https:\/\/fit360.ee\/en\/pood\/product-groups\/protein-poweders-en\/whey-protein-en\/ostrovit-100-whey-protein-2000g\/"]}]},{"@type":"ImageObject","inLanguage":"en-US","@id":"https:\/\/fit360.ee\/en\/pood\/product-groups\/protein-poweders-en\/whey-protein-en\/ostrovit-100-whey-protein-2000g\/#primaryimage","url":"https:\/\/fit360.ee\/wp-content\/uploads\/2023\/09\/100-whey-protein-fit360.ee-1.png","contentUrl":"https:\/\/fit360.ee\/wp-content\/uploads\/2023\/09\/100-whey-protein-fit360.ee-1.png","width":600,"height":600,"caption":"100% whey protein - fit360.ee"},{"@type":"BreadcrumbList","@id":"https:\/\/fit360.ee\/en\/pood\/product-groups\/protein-poweders-en\/whey-protein-en\/ostrovit-100-whey-protein-2000g\/#breadcrumb","itemListElement":[{"@type":"ListItem","position":1,"name":"Home","item":"https:\/\/fit360.ee\/en\/"},{"@type":"ListItem","position":2,"name":"Shop","item":"https:\/\/fit360.ee\/en\/shop\/"},{"@type":"ListItem","position":3,"name":"OstroVit 100% Whey Protein (2000g)"}]},{"@type":"WebSite","@id":"https:\/\/fit360.ee\/en\/#website","url":"https:\/\/fit360.ee\/en\/","name":"Fit360","description":"","publisher":{"@id":"https:\/\/fit360.ee\/en\/#organization"},"potentialAction":[{"@type":"SearchAction","target":{"@type":"EntryPoint","urlTemplate":"https:\/\/fit360.ee\/en\/?s={search_term_string}"},"query-input":{"@type":"PropertyValueSpecification","valueRequired":true,"valueName":"search_term_string"}}],"inLanguage":"en-US"},{"@type":"Organization","@id":"https:\/\/fit360.ee\/en\/#organization","name":"Fit360","url":"https:\/\/fit360.ee\/en\/","logo":{"@type":"ImageObject","inLanguage":"en-US","@id":"https:\/\/fit360.ee\/en\/#\/schema\/logo\/image\/","url":"https:\/\/fit360.ee\/wp-content\/uploads\/2017\/01\/logo-fit360.png","contentUrl":"https:\/\/fit360.ee\/wp-content\/uploads\/2017\/01\/logo-fit360.png","width":180,"height":66,"caption":"Fit360"},"image":{"@id":"https:\/\/fit360.ee\/en\/#\/schema\/logo\/image\/"}}]}},"_links":{"self":[{"href":"https:\/\/fit360.ee\/en\/wp-json\/wp\/v2\/product\/73044","targetHints":{"allow":["GET"]}}],"collection":[{"href":"https:\/\/fit360.ee\/en\/wp-json\/wp\/v2\/product"}],"about":[{"href":"https:\/\/fit360.ee\/en\/wp-json\/wp\/v2\/types\/product"}],"replies":[{"embeddable":true,"href":"https:\/\/fit360.ee\/en\/wp-json\/wp\/v2\/comments?post=73044"}],"wp:featuredmedia":[{"embeddable":true,"href":"https:\/\/fit360.ee\/en\/wp-json\/wp\/v2\/media\/73039"}],"wp:attachment":[{"href":"https:\/\/fit360.ee\/en\/wp-json\/wp\/v2\/media?parent=73044"}],"wp:term":[{"taxonomy":"product_brand","embeddable":true,"href":"https:\/\/fit360.ee\/en\/wp-json\/wp\/v2\/product_brand?post=73044"},{"taxonomy":"product_cat","embeddable":true,"href":"https:\/\/fit360.ee\/en\/wp-json\/wp\/v2\/product_cat?post=73044"},{"taxonomy":"product_tag","embeddable":true,"href":"https:\/\/fit360.ee\/en\/wp-json\/wp\/v2\/product_tag?post=73044"},{"taxonomy":"giftcard-category","embeddable":true,"href":"https:\/\/fit360.ee\/en\/wp-json\/wp\/v2\/giftcard-category?post=73044"}],"curies":[{"name":"wp","href":"https:\/\/api.w.org\/{rel}","templated":true}]}}